{"id":767,"date":"2012-11-27T12:01:59","date_gmt":"2012-11-27T18:01:59","guid":{"rendered":"http:\/\/www.cmeded.com\/?page_id=767"},"modified":"2023-08-24T18:48:11","modified_gmt":"2023-08-24T23:48:11","slug":"communicating-with-your-doctor","status":"publish","type":"page","link":"https:\/\/cmeded.com\/es\/cancer-explained\/communicating-with-your-doctor\/","title":{"rendered":"C\u00f3mo comunicarse con el m\u00e9dico"},"content":{"rendered":"<h2 class=\"page-title\">C\u00f3mo comunicarse con el m\u00e9dico<\/h2>\n<div class=\"clearboth\"><\/div>\n<div class=\"divider double \" id=\"\">\n\t\n\t<\/div>\n<div class=\"printer-icon\" onClick=\"window.print()\"><span class=\"print-text\">Print<\/span><\/div>\n<h4 id=\"overview\" class=\"section-title\">Comunicaci\u00f3n entre el m\u00e9dico y el paciente<\/h4>\n<p class=\"section-content\">Una parte muy importante de la atenci\u00f3n m\u00e9dica oncol\u00f3gica supone mantener una relaci\u00f3n saludable entre el m\u00e9dico y el paciente.  Una buena comunicaci\u00f3n entre m\u00e9dicos, pacientes y cuidadores permite que todas las partes establezcan una relaci\u00f3n de confianza y que compartan abiertamente informaci\u00f3n y sensaciones.  Cuando los pacientes reciben el diagn\u00f3stico, probablemente tengan una gran cantidad de pensamientos y emociones dif\u00edciles de explicar, y tal vez les resulte complicado tomar decisiones importantes sobre el tratamiento.  Si hay una buena comunicaci\u00f3n, el paciente estar\u00e1 mejor informado y se sentir\u00e1 m\u00e1s c\u00f3modo para tomar decisiones.  Los pacientes que est\u00e1n m\u00e1s informados tienen m\u00e1s probabilidades de estar satisfechos con la atenci\u00f3n m\u00e9dica y de continuar con el tratamiento.  La comunicaci\u00f3n adquiere una importancia especial cuando deben tomarse decisiones significativas, como en el diagn\u00f3stico, o cuando cambia el objetivo principal del tratamiento.  Algunos pacientes desean obtener informaci\u00f3n detallada considerable y estar muy involucrados en las decisiones sobre el tratamiento; otros prefieren conocer menos detalles y dejar que los m\u00e9dicos decidan cu\u00e1les son las mejores opciones.  Es importante que le comunique al m\u00e9dico cu\u00e1nta informaci\u00f3n desea obtener cuando reciba el diagn\u00f3stico y que establezca una buena relaci\u00f3n de confianza desde el principio.<\/p>\n<h5 class=\"section-title\">A continuaci\u00f3n, se detallan algunas preguntas que tal vez quiera hacerle al m\u00e9dico:<\/h5>\n<div class=\"space\" style=\"clear:both; height:10px;\"><\/div>\n<div class=\"symp-pic\">\n<img decoding=\"async\" src=\"\/wp-content\/uploads\/2013\/03\/Doc-2-Patient-266x200.jpg\" alt=\"mujer hace preguntas al medico\" class=\"aligncenter size-full wp-image-256\" style=\"height:150px;\"\/><br \/>\n<img decoding=\"async\" src=\"\/wp-content\/uploads\/2021\/06\/white_doctor_giving_black_man_physical.jpg\" alt=\"hombre hace preguntas al medico\" class=\"aligncenter size-full wp-image-2426\" style=\"height:145px;\"\/>\n<\/div>\n<div class=\"risk-text-wrap\">\n<ul class=\"about-content\">\n<li>\u00bfQu\u00e9 tipo de c\u00e1ncer padezco?<\/li>\n<li>\u00bfCu\u00e1l es el estadio del c\u00e1ncer que padezco?<\/li>\n<li>\u00bfCu\u00e1les son las opciones de tratamiento?<\/li>\n<li>\u00bfDeber\u00edan acompa\u00f1arme a las consultas m\u00e9dicas y a las sesiones de tratamiento?<\/li>\n<li>\u00bfQu\u00e9 probabilidades tengo de recuperarme?<\/li>\n<li>\u00bfMe recomendar\u00eda participar en un estudio cl\u00ednico?<\/li>\n<li>\u00bfCu\u00e1les son los efectos secundarios posibles del tratamiento? \u00bfC\u00f3mo puedo prevenirlos?<\/li>\n<li>\u00bfC\u00f3mo debo prepararme para el tratamiento?<\/li>\n<li>\u00bfDe qu\u00e9 manera el diagn\u00f3stico repercutir\u00e1 en mi vida y las actividades diarias?<\/li>\n<li>\u00bfExisten grupos de apoyo o formas de obtener ayuda para lidiar con el c\u00e1ncer?<\/li>\n<li>\u00bfPuedo tomar otros medicamentos recetados?<\/li>\n<li>\u00bfPuedo tomar vitaminas u otros suplementos nutricionales?<\/li>\n<\/ul>\n<\/div>\n<div class=\"clearboth\"><\/div>\n<div class=\"divider\" id=\"\">\n\t\n\t<\/div>\n<h4 id=\"records\" class=\"section-title\">C\u00f3mo mantener actualizada la historia cl\u00ednica<\/h4>\n<p class=\"section-content\">Es importante que conserve la organizaci\u00f3n y que realice un seguimiento de la historia cl\u00ednica a lo largo de todo el tratamiento.  Si cambia de m\u00e9dico o consulta a un especialista, debe tener a disposici\u00f3n los antecedentes m\u00e9dicos, los resultados de las pruebas, la informaci\u00f3n sobre los medicamentos y los resultados del tratamiento. De esta manera, el m\u00e9dico nuevo pueda tomar decisiones fundadas y precisas en relaci\u00f3n con la atenci\u00f3n m\u00e9dica que usted debe recibir.  A continuaci\u00f3n, se detallan elementos de la historia cl\u00ednica que deber\u00eda reunir antes de hablar con un m\u00e9dico nuevo:<\/p>\n<div class=\"symp-pic\">\n<img decoding=\"async\" src=\"https:\/\/cmeded.com\/wp-content\/uploads\/sites\/4\/2015\/06\/New-Folders-es-1004x1024.jpg\" alt=\"mantener actualizada la historia cl\u00ednica\" class=\"aligncenter\" style=\"max-height:200px;\"\/>\n<\/div>\n<div class=\"risk-text-wrap\">\n<ul class=\"about-content\">\n<li>Informe de patolog\u00eda, que incluye el diagn\u00f3stico oficial y el estadio.<\/li>\n<li>Informaci\u00f3n sobre las cirug\u00edas a las que debi\u00f3 someterse<\/li>\n<li>Informaci\u00f3n sobre los medicamentos generales y los medicamentos oncol\u00f3gicos<\/li>\n<li>Informaci\u00f3n sobre todo tratamiento con radiaci\u00f3n que haya recibido, inclusive la ubicaci\u00f3n y cantidad de radiaci\u00f3n<\/li>\n<li>Copias de radiograf\u00edas o pruebas de diagn\u00f3stico por im\u00e1genes<\/li>\n<li>Informaci\u00f3n de contacto sobre el equipo de atenci\u00f3n m\u00e9dica<\/li>\n<li>Informaci\u00f3n de contacto sobre las personas que le brindan apoyo emocional o psicol\u00f3gico<\/li>\n<li>Suplementos nutricionales o medicamentos de venta libre que toma<\/li>\n<\/ul>\n<\/div>\n<div class=\"clearboth\"><\/div>\n<div class=\"divider\" id=\"\">\n\t\n\t<\/div>\n<h4 id=\"documents\" class=\"section-title\">Otros documentos importantes<\/h4>\n<p class=\"section-content\">La comunicaci\u00f3n con el m\u00e9dico tambi\u00e9n es fundamental para los pacientes que padecen una enfermedad m\u00e1s avanzada.  Conversar con el m\u00e9dico sobre la etapa final de la vida puede ayudarlo a vivir los \u00faltimos d\u00edas de manera m\u00e1s reconfortante y digna.  El m\u00e9dico deber\u00eda hablarle acerca de todos los tratamientos curativos y paliativos disponibles y dejar que usted tome una decisi\u00f3n fundada sobre el tratamiento.  El objetivo principal del m\u00e9dico es que usted sobreviva, aunque tambi\u00e9n debe respetar su voluntad e intentar que usted se sienta lo m\u00e1s c\u00f3modo posible.  A continuaci\u00f3n, se detallan otros documentos importantes que debe tener a disposici\u00f3n:<\/p>\n<div class=\"symp-pic\">\n<img decoding=\"async\" src=\"\/wp-content\/uploads\/sites\/4\/2015\/06\/File-cabinet-es.jpg\" alt=\"Otros Documentos importantes\" class=\"aligncenter\" style=\"max-height:250px;\"\/>\n<\/div>\n<div class=\"risk-text-wrap\">\n<ul class=\"about-content\">\n<li>Un <b><i><span style=\"color:#862366\">documento de voluntad anticipada<\/span><\/i><\/b> es un documento legal que describe cu\u00e1l es su voluntad con respecto al tratamiento en caso de que la enfermedad avance hasta tal punto que le impida comunicarse con el m\u00e9dico.  Un documento de voluntad anticipada puede contener informaci\u00f3n sobre si desea que se le realicen tratamientos para prolongar la vida, como reanimaci\u00f3n cardiopulmonar, colocaci\u00f3n de sondas nasog\u00e1stricas para alimentarlo o m\u00e1s cirug\u00edas.<\/li>\n<li>Un <b><i><span style=\"color:#862366\">poder notarial<\/span><\/i><\/b> es otra alternativa a un documento de voluntad anticipada.  El poder notarial le permite nombrar a una persona para que esta pueda tomar estas decisiones dif\u00edciles por usted, en lugar de describir su propia voluntad en un documento.  Esta persona debe ser de confianza, ya que deber\u00e1 hablar con los m\u00e9dicos y optar por el tratamiento m\u00e1s adecuado.<\/li>\n<li>N\u00fameros del seguro social y Medicare, certificados de nacimiento y matrimonio y pasaportes<\/li>\n<li>Informaci\u00f3n sobre el seguro primario y secundario<\/li>\n<li>Cuentas bancarias, n\u00fameros de cuentas, informaci\u00f3n de las tarjetas de cr\u00e9dito, etc.<\/li>\n<li>Registro de veh\u00edculos motorizados<\/li>\n<li>T\u00edtulos de propiedad y contratos de arrendamiento<\/li>\n<li>Declaraci\u00f3n y registros de impuestos<\/li>\n<\/ul>\n<\/div>\n","protected":false},"excerpt":{"rendered":"<p>Una parte muy importante de la atenci\u00f3n m\u00e9dica oncol\u00f3gica supone mantener una relaci\u00f3n saludable entre el m\u00e9dico y el paciente.  Una buena comunicaci\u00f3n entre m\u00e9dicos, pacientes y cuidadores permite que todas las partes establezcan una relaci\u00f3n de confianza y que compartan abiertamente informaci\u00f3n y sensaciones.  Cuando los pacientes reciben el diagn\u00f3stico, probablemente tengan una gran cantidad de pensamientos y emociones dif\u00edciles de explicar, y tal vez les resulte complicado tomar decisiones importantes sobre el tratamiento.  Si hay una buena comunicaci\u00f3n, el paciente estar\u00e1 mejor informado y se sentir\u00e1 m\u00e1s c\u00f3modo para tomar decisiones.<\/p>\n","protected":false},"author":5,"featured_media":19582,"parent":16399,"menu_order":0,"comment_status":"closed","ping_status":"open","template":"","meta":{"footnotes":""},"tags":[10],"class_list":["post-767","page","type-page","status-publish","has-post-thumbnail","hentry","tag-members-only"],"yoast_head":"<!-- This site is optimized with the Yoast SEO plugin v25.0 - https:\/\/yoast.com\/wordpress\/plugins\/seo\/ -->\n<title>CMedEd | Explicaci\u00f3n sobre el c\u00e1ncer | C\u00f3mo comunicarse con el m\u00e9dico<\/title>\n<meta name=\"description\" content=\"Una parte muy importante de la atenci\u00f3n m\u00e9dica oncol\u00f3gica supone mantener una relaci\u00f3n saludable entre el m\u00e9dico y el paciente. Una buena comunicaci\u00f3n entre m\u00e9dicos, pacientes y cuidadores permite que todas las partes establezcan una relaci\u00f3n de confianza y que compartan abiertamente informaci\u00f3n y sensaciones. Cuando los pacientes reciben el diagn\u00f3stico, probablemente tengan una gran cantidad de pensamientos y emociones dif\u00edciles de explicar, y tal vez les resulte complicado tomar decisiones importantes sobre el tratamiento. Si hay una buena comunicaci\u00f3n, el paciente estar\u00e1 mejor informado y se sentir\u00e1 m\u00e1s c\u00f3modo para tomar decisiones.\" \/>\n<meta name=\"robots\" content=\"index, follow, max-snippet:-1, max-image-preview:large, max-video-preview:-1\" \/>\n<link rel=\"canonical\" href=\"https:\/\/cmeded.com\/es\/cancer-explained\/communicating-with-your-doctor\/\" \/>\n<meta property=\"og:locale\" content=\"es_ES\" \/>\n<meta property=\"og:type\" content=\"article\" \/>\n<meta property=\"og:title\" content=\"CMedEd | Explicaci\u00f3n sobre el c\u00e1ncer | C\u00f3mo comunicarse con el m\u00e9dico\" \/>\n<meta property=\"og:description\" content=\"Una parte muy importante de la atenci\u00f3n m\u00e9dica oncol\u00f3gica supone mantener una relaci\u00f3n saludable entre el m\u00e9dico y el paciente. Una buena comunicaci\u00f3n entre m\u00e9dicos, pacientes y cuidadores permite que todas las partes establezcan una relaci\u00f3n de confianza y que compartan abiertamente informaci\u00f3n y sensaciones. Cuando los pacientes reciben el diagn\u00f3stico, probablemente tengan una gran cantidad de pensamientos y emociones dif\u00edciles de explicar, y tal vez les resulte complicado tomar decisiones importantes sobre el tratamiento. Si hay una buena comunicaci\u00f3n, el paciente estar\u00e1 mejor informado y se sentir\u00e1 m\u00e1s c\u00f3modo para tomar decisiones.\" \/>\n<meta property=\"og:url\" content=\"https:\/\/cmeded.com\/es\/cancer-explained\/communicating-with-your-doctor\/\" \/>\n<meta property=\"og:site_name\" content=\"CMedEd\" \/>\n<meta property=\"article:modified_time\" content=\"2023-08-24T23:48:11+00:00\" \/>\n<meta property=\"og:image\" content=\"https:\/\/cmeded.com\/wp-content\/uploads\/sites\/4\/2013\/08\/Doc-2-Patient-266x200.jpg\" \/>\n\t<meta property=\"og:image:width\" content=\"266\" \/>\n\t<meta property=\"og:image:height\" content=\"200\" \/>\n\t<meta property=\"og:image:type\" content=\"image\/jpeg\" \/>\n<meta name=\"twitter:card\" content=\"summary_large_image\" \/>\n<meta name=\"twitter:label1\" content=\"Tiempo de lectura\" \/>\n\t<meta name=\"twitter:data1\" content=\"5 minutos\" \/>\n<script type=\"application\/ld+json\" class=\"yoast-schema-graph\">{\"@context\":\"https:\/\/schema.org\",\"@graph\":[{\"@type\":\"WebPage\",\"@id\":\"https:\/\/cmeded.com\/es\/cancer-explained\/communicating-with-your-doctor\/\",\"url\":\"https:\/\/cmeded.com\/es\/cancer-explained\/communicating-with-your-doctor\/\",\"name\":\"CMedEd | Explicaci\u00f3n sobre el c\u00e1ncer | C\u00f3mo comunicarse con el m\u00e9dico\",\"isPartOf\":{\"@id\":\"https:\/\/cmeded.com\/es\/#website\"},\"primaryImageOfPage\":{\"@id\":\"https:\/\/cmeded.com\/es\/cancer-explained\/communicating-with-your-doctor\/#primaryimage\"},\"image\":{\"@id\":\"https:\/\/cmeded.com\/es\/cancer-explained\/communicating-with-your-doctor\/#primaryimage\"},\"thumbnailUrl\":\"https:\/\/cmeded.com\/wp-content\/uploads\/sites\/4\/2013\/08\/Doc-2-Patient-266x200.jpg\",\"datePublished\":\"2012-11-27T18:01:59+00:00\",\"dateModified\":\"2023-08-24T23:48:11+00:00\",\"description\":\"Una parte muy importante de la atenci\u00f3n m\u00e9dica oncol\u00f3gica supone mantener una relaci\u00f3n saludable entre el m\u00e9dico y el paciente. Una buena comunicaci\u00f3n entre m\u00e9dicos, pacientes y cuidadores permite que todas las partes establezcan una relaci\u00f3n de confianza y que compartan abiertamente informaci\u00f3n y sensaciones. Cuando los pacientes reciben el diagn\u00f3stico, probablemente tengan una gran cantidad de pensamientos y emociones dif\u00edciles de explicar, y tal vez les resulte complicado tomar decisiones importantes sobre el tratamiento. Si hay una buena comunicaci\u00f3n, el paciente estar\u00e1 mejor informado y se sentir\u00e1 m\u00e1s c\u00f3modo para tomar decisiones.\",\"breadcrumb\":{\"@id\":\"https:\/\/cmeded.com\/es\/cancer-explained\/communicating-with-your-doctor\/#breadcrumb\"},\"inLanguage\":\"es\",\"potentialAction\":[{\"@type\":\"ReadAction\",\"target\":[\"https:\/\/cmeded.com\/es\/cancer-explained\/communicating-with-your-doctor\/\"]}]},{\"@type\":\"ImageObject\",\"inLanguage\":\"es\",\"@id\":\"https:\/\/cmeded.com\/es\/cancer-explained\/communicating-with-your-doctor\/#primaryimage\",\"url\":\"https:\/\/cmeded.com\/wp-content\/uploads\/sites\/4\/2013\/08\/Doc-2-Patient-266x200.jpg\",\"contentUrl\":\"https:\/\/cmeded.com\/wp-content\/uploads\/sites\/4\/2013\/08\/Doc-2-Patient-266x200.jpg\",\"width\":266,\"height\":200},{\"@type\":\"BreadcrumbList\",\"@id\":\"https:\/\/cmeded.com\/es\/cancer-explained\/communicating-with-your-doctor\/#breadcrumb\",\"itemListElement\":[{\"@type\":\"ListItem\",\"position\":1,\"name\":\"Home\",\"item\":\"https:\/\/cmeded.com\/es\/\"},{\"@type\":\"ListItem\",\"position\":2,\"name\":\"Explicaci\u00f3n sobre el c\u00e1ncer\",\"item\":\"https:\/\/cmeded.com\/es\/cancer-explained\/\"},{\"@type\":\"ListItem\",\"position\":3,\"name\":\"C\u00f3mo comunicarse con el m\u00e9dico\"}]},{\"@type\":\"WebSite\",\"@id\":\"https:\/\/cmeded.com\/es\/#website\",\"url\":\"https:\/\/cmeded.com\/es\/\",\"name\":\"CMedEd\",\"description\":\"Recurso principal de informaci\u00f3n sobre el c\u00e1ncer\",\"potentialAction\":[{\"@type\":\"SearchAction\",\"target\":{\"@type\":\"EntryPoint\",\"urlTemplate\":\"https:\/\/cmeded.com\/es\/?s={search_term_string}\"},\"query-input\":{\"@type\":\"PropertyValueSpecification\",\"valueRequired\":true,\"valueName\":\"search_term_string\"}}],\"inLanguage\":\"es\"}]}<\/script>\n<!-- \/ Yoast SEO plugin. -->","yoast_head_json":{"title":"CMedEd | Explicaci\u00f3n sobre el c\u00e1ncer | C\u00f3mo comunicarse con el m\u00e9dico","description":"Una parte muy importante de la atenci\u00f3n m\u00e9dica oncol\u00f3gica supone mantener una relaci\u00f3n saludable entre el m\u00e9dico y el paciente. Una buena comunicaci\u00f3n entre m\u00e9dicos, pacientes y cuidadores permite que todas las partes establezcan una relaci\u00f3n de confianza y que compartan abiertamente informaci\u00f3n y sensaciones. Cuando los pacientes reciben el diagn\u00f3stico, probablemente tengan una gran cantidad de pensamientos y emociones dif\u00edciles de explicar, y tal vez les resulte complicado tomar decisiones importantes sobre el tratamiento. Si hay una buena comunicaci\u00f3n, el paciente estar\u00e1 mejor informado y se sentir\u00e1 m\u00e1s c\u00f3modo para tomar decisiones.","robots":{"index":"index","follow":"follow","max-snippet":"max-snippet:-1","max-image-preview":"max-image-preview:large","max-video-preview":"max-video-preview:-1"},"canonical":"https:\/\/cmeded.com\/es\/cancer-explained\/communicating-with-your-doctor\/","og_locale":"es_ES","og_type":"article","og_title":"CMedEd | Explicaci\u00f3n sobre el c\u00e1ncer | C\u00f3mo comunicarse con el m\u00e9dico","og_description":"Una parte muy importante de la atenci\u00f3n m\u00e9dica oncol\u00f3gica supone mantener una relaci\u00f3n saludable entre el m\u00e9dico y el paciente. Una buena comunicaci\u00f3n entre m\u00e9dicos, pacientes y cuidadores permite que todas las partes establezcan una relaci\u00f3n de confianza y que compartan abiertamente informaci\u00f3n y sensaciones. Cuando los pacientes reciben el diagn\u00f3stico, probablemente tengan una gran cantidad de pensamientos y emociones dif\u00edciles de explicar, y tal vez les resulte complicado tomar decisiones importantes sobre el tratamiento. Si hay una buena comunicaci\u00f3n, el paciente estar\u00e1 mejor informado y se sentir\u00e1 m\u00e1s c\u00f3modo para tomar decisiones.","og_url":"https:\/\/cmeded.com\/es\/cancer-explained\/communicating-with-your-doctor\/","og_site_name":"CMedEd","article_modified_time":"2023-08-24T23:48:11+00:00","og_image":[{"width":266,"height":200,"url":"https:\/\/cmeded.com\/wp-content\/uploads\/sites\/4\/2013\/08\/Doc-2-Patient-266x200.jpg","type":"image\/jpeg"}],"twitter_card":"summary_large_image","twitter_misc":{"Tiempo de lectura":"5 minutos"},"schema":{"@context":"https:\/\/schema.org","@graph":[{"@type":"WebPage","@id":"https:\/\/cmeded.com\/es\/cancer-explained\/communicating-with-your-doctor\/","url":"https:\/\/cmeded.com\/es\/cancer-explained\/communicating-with-your-doctor\/","name":"CMedEd | Explicaci\u00f3n sobre el c\u00e1ncer | C\u00f3mo comunicarse con el m\u00e9dico","isPartOf":{"@id":"https:\/\/cmeded.com\/es\/#website"},"primaryImageOfPage":{"@id":"https:\/\/cmeded.com\/es\/cancer-explained\/communicating-with-your-doctor\/#primaryimage"},"image":{"@id":"https:\/\/cmeded.com\/es\/cancer-explained\/communicating-with-your-doctor\/#primaryimage"},"thumbnailUrl":"https:\/\/cmeded.com\/wp-content\/uploads\/sites\/4\/2013\/08\/Doc-2-Patient-266x200.jpg","datePublished":"2012-11-27T18:01:59+00:00","dateModified":"2023-08-24T23:48:11+00:00","description":"Una parte muy importante de la atenci\u00f3n m\u00e9dica oncol\u00f3gica supone mantener una relaci\u00f3n saludable entre el m\u00e9dico y el paciente. Una buena comunicaci\u00f3n entre m\u00e9dicos, pacientes y cuidadores permite que todas las partes establezcan una relaci\u00f3n de confianza y que compartan abiertamente informaci\u00f3n y sensaciones. Cuando los pacientes reciben el diagn\u00f3stico, probablemente tengan una gran cantidad de pensamientos y emociones dif\u00edciles de explicar, y tal vez les resulte complicado tomar decisiones importantes sobre el tratamiento. Si hay una buena comunicaci\u00f3n, el paciente estar\u00e1 mejor informado y se sentir\u00e1 m\u00e1s c\u00f3modo para tomar decisiones.","breadcrumb":{"@id":"https:\/\/cmeded.com\/es\/cancer-explained\/communicating-with-your-doctor\/#breadcrumb"},"inLanguage":"es","potentialAction":[{"@type":"ReadAction","target":["https:\/\/cmeded.com\/es\/cancer-explained\/communicating-with-your-doctor\/"]}]},{"@type":"ImageObject","inLanguage":"es","@id":"https:\/\/cmeded.com\/es\/cancer-explained\/communicating-with-your-doctor\/#primaryimage","url":"https:\/\/cmeded.com\/wp-content\/uploads\/sites\/4\/2013\/08\/Doc-2-Patient-266x200.jpg","contentUrl":"https:\/\/cmeded.com\/wp-content\/uploads\/sites\/4\/2013\/08\/Doc-2-Patient-266x200.jpg","width":266,"height":200},{"@type":"BreadcrumbList","@id":"https:\/\/cmeded.com\/es\/cancer-explained\/communicating-with-your-doctor\/#breadcrumb","itemListElement":[{"@type":"ListItem","position":1,"name":"Home","item":"https:\/\/cmeded.com\/es\/"},{"@type":"ListItem","position":2,"name":"Explicaci\u00f3n sobre el c\u00e1ncer","item":"https:\/\/cmeded.com\/es\/cancer-explained\/"},{"@type":"ListItem","position":3,"name":"C\u00f3mo comunicarse con el m\u00e9dico"}]},{"@type":"WebSite","@id":"https:\/\/cmeded.com\/es\/#website","url":"https:\/\/cmeded.com\/es\/","name":"CMedEd","description":"Recurso principal de informaci\u00f3n sobre el c\u00e1ncer","potentialAction":[{"@type":"SearchAction","target":{"@type":"EntryPoint","urlTemplate":"https:\/\/cmeded.com\/es\/?s={search_term_string}"},"query-input":{"@type":"PropertyValueSpecification","valueRequired":true,"valueName":"search_term_string"}}],"inLanguage":"es"}]}},"_links":{"self":[{"href":"https:\/\/cmeded.com\/es\/wp-json\/wp\/v2\/pages\/767","targetHints":{"allow":["GET"]}}],"collection":[{"href":"https:\/\/cmeded.com\/es\/wp-json\/wp\/v2\/pages"}],"about":[{"href":"https:\/\/cmeded.com\/es\/wp-json\/wp\/v2\/types\/page"}],"author":[{"embeddable":true,"href":"https:\/\/cmeded.com\/es\/wp-json\/wp\/v2\/users\/5"}],"replies":[{"embeddable":true,"href":"https:\/\/cmeded.com\/es\/wp-json\/wp\/v2\/comments?post=767"}],"version-history":[{"count":0,"href":"https:\/\/cmeded.com\/es\/wp-json\/wp\/v2\/pages\/767\/revisions"}],"up":[{"embeddable":true,"href":"https:\/\/cmeded.com\/es\/wp-json\/wp\/v2\/pages\/16399"}],"wp:featuredmedia":[{"embeddable":true,"href":"https:\/\/cmeded.com\/es\/wp-json\/wp\/v2\/media\/19582"}],"wp:attachment":[{"href":"https:\/\/cmeded.com\/es\/wp-json\/wp\/v2\/media?parent=767"}],"wp:term":[{"taxonomy":"post_tag","embeddable":true,"href":"https:\/\/cmeded.com\/es\/wp-json\/wp\/v2\/tags?post=767"}],"curies":[{"name":"wp","href":"https:\/\/api.w.org\/{rel}","templated":true}]}}