{"id":22283,"date":"2025-09-24T12:56:04","date_gmt":"2025-09-24T17:56:04","guid":{"rendered":"https:\/\/cmeded.com\/es\/?page_id=22283"},"modified":"2025-09-26T12:57:46","modified_gmt":"2025-09-26T17:57:46","slug":"can-leukemia-come-back-after-treatment","status":"publish","type":"page","link":"https:\/\/cmeded.com\/es\/questions-and-answers\/can-leukemia-come-back-after-treatment\/","title":{"rendered":"\u00bfPuede regresar la leucemia despu\u00e9s del tratamiento?"},"content":{"rendered":"<div class=\"qa-page\">\n<h1>\u00bfPuede regresar la leucemia despu\u00e9s del tratamiento?<\/h1>\n<p>La leucemia puede regresar despu\u00e9s del tratamiento. Los m\u00e9dicos llaman a esto una <strong>reca\u00edda<\/strong>. Sucede cuando algunas c\u00e9lulas leuc\u00e9micas sobreviven a la primera fase de la terapia y comienzan a crecer nuevamente m\u00e1s adelante.<\/p>\n<p><img loading=\"lazy\" decoding=\"async\" src=\"https:\/\/cmeded.com\/wp-content\/uploads\/2013\/04\/Doc-2-Patient-232x175.jpg\" alt=\"\" width=\"232\" height=\"175\" class=\"alignnone size-full wp-image-6671\" \/><\/p>\n<h2>\u00bfCon qu\u00e9 rapidez puede ocurrir una reca\u00edda de leucemia?<\/h2>\n<p>Depende del tipo de leucemia. En las leucemias agudas, la reca\u00edda es m\u00e1s probable durante los primeros a\u00f1os tras el tratamiento, especialmente durante o poco despu\u00e9s de finalizar la quimioterapia. En las leucemias cr\u00f3nicas, la reca\u00edda puede ocurrir m\u00e1s tarde, a veces despu\u00e9s de muchos a\u00f1os de estabilidad. Por esta raz\u00f3n, los m\u00e9dicos mantienen un seguimiento a largo plazo.<\/p>\n<h2>\u00bfC\u00f3mo detectan los m\u00e9dicos una reca\u00edda de leucemia?<\/h2>\n<p>Las visitas regulares de seguimiento son una parte est\u00e1ndar de la atenci\u00f3n de la leucemia. Estas incluyen an\u00e1lisis de sangre y, en ocasiones, pruebas de m\u00e9dula \u00f3sea para detectar signos de que las c\u00e9lulas leuc\u00e9micas est\u00e1n regresando. En algunos casos, los m\u00e9dicos utilizan m\u00e9todos muy sensibles para detectar la <strong>enfermedad m\u00ednima residual (EMR)<\/strong>, lo que significa que todav\u00eda existe un n\u00famero muy peque\u00f1o de c\u00e9lulas cancerosas incluso cuando el paciente parece estar en remisi\u00f3n.<\/p>\n<h2>\u00bfC\u00f3mo se manifiesta una reca\u00edda de leucemia en la vida diaria?<\/h2>\n<p>A veces los primeros signos son los mismos que los originales: sentirse m\u00e1s cansado, presentar moretones con facilidad, infecciones o dolor \u00f3seo. En otras ocasiones, la reca\u00edda solo se observa en los an\u00e1lisis de sangre antes de que aparezcan los s\u00edntomas. Por eso se realizan seguimientos de rutina, incluso cuando alguien se siente bien.<\/p>\n<h2>\u00bfExiste tratamiento si regresa la leucemia?<\/h2>\n<p>S\u00ed. El enfoque exacto depende del tipo de leucemia, la edad y el estado de salud del paciente, y de qu\u00e9 tratamientos se utilizaron previamente. El tratamiento puede incluir diferentes f\u00e1rmacos de quimioterapia, terapias dirigidas, inmunoterapia o un <strong>trasplante de c\u00e9lulas madre<\/strong>. En algunos casos de leucemia en reca\u00edda tambi\u00e9n se emplean tratamientos m\u00e1s nuevos.<\/p>\n<p>Una reca\u00edda no significa que el tratamiento haya fracasado para siempre, pero s\u00ed que la enfermedad es m\u00e1s dif\u00edcil de tratar y requiere nuevas estrategias. Muchos pacientes responden a las <strong>terapias de segunda l\u00ednea<\/strong>, es decir, los tratamientos que se utilizan despu\u00e9s de que los primeros dejan de funcionar, que pueden incluir quimioterapia m\u00e1s intensiva, f\u00e1rmacos dirigidos, inmunoterapia o un trasplante de c\u00e9lulas madre.<\/p>\n<\/div>\n","protected":false},"excerpt":{"rendered":"<p>\u00bfPuede regresar la leucemia despu\u00e9s del tratamiento? La leucemia puede regresar despu\u00e9s del tratamiento. Los m\u00e9dicos llaman a esto una reca\u00edda. Sucede cuando algunas c\u00e9lulas leuc\u00e9micas sobreviven a la primera fase de la terapia y comienzan a crecer nuevamente m\u00e1s adelante. \u00bfCon qu\u00e9 rapidez puede ocurrir una reca\u00edda de leucemia? Depende del tipo de leucemia. [&hellip;]<\/p>\n","protected":false},"author":61,"featured_media":0,"parent":21399,"menu_order":0,"comment_status":"closed","ping_status":"closed","template":"","meta":{"footnotes":""},"tags":[],"class_list":["post-22283","page","type-page","status-publish","hentry"],"yoast_head":"<!-- This site is optimized with the Yoast SEO plugin v25.0 - https:\/\/yoast.com\/wordpress\/plugins\/seo\/ -->\n<title>CMedEd | Preguntas y Respuestas Sobre El C\u00e1ncer | \u00bfPuede regresar la leucemia despu\u00e9s del tratamiento?<\/title>\n<meta name=\"description\" content=\"\u00bfPuede regresar la leucemia despu\u00e9s del tratamiento? La leucemia puede regresar despu\u00e9s del tratamiento. Los m\u00e9dicos llaman a esto una reca\u00edda. Sucede\" \/>\n<meta name=\"robots\" content=\"index, follow, max-snippet:-1, max-image-preview:large, max-video-preview:-1\" \/>\n<link rel=\"canonical\" href=\"https:\/\/cmeded.com\/es\/questions-and-answers\/can-leukemia-come-back-after-treatment\/\" \/>\n<meta property=\"og:locale\" content=\"es_ES\" \/>\n<meta property=\"og:type\" content=\"article\" \/>\n<meta property=\"og:title\" content=\"CMedEd | Preguntas y Respuestas Sobre El C\u00e1ncer | \u00bfPuede regresar la leucemia despu\u00e9s del tratamiento?\" \/>\n<meta property=\"og:description\" content=\"\u00bfPuede regresar la leucemia despu\u00e9s del tratamiento? La leucemia puede regresar despu\u00e9s del tratamiento. Los m\u00e9dicos llaman a esto una reca\u00edda. Sucede\" \/>\n<meta property=\"og:url\" content=\"https:\/\/cmeded.com\/es\/questions-and-answers\/can-leukemia-come-back-after-treatment\/\" \/>\n<meta property=\"og:site_name\" content=\"CMedEd\" \/>\n<meta property=\"article:modified_time\" content=\"2025-09-26T17:57:46+00:00\" \/>\n<meta name=\"twitter:card\" content=\"summary_large_image\" \/>\n<meta name=\"twitter:label1\" content=\"Tiempo de lectura\" \/>\n\t<meta name=\"twitter:data1\" content=\"2 minutos\" \/>\n<script type=\"application\/ld+json\" class=\"yoast-schema-graph\">{\"@context\":\"https:\/\/schema.org\",\"@graph\":[{\"@type\":\"WebPage\",\"@id\":\"https:\/\/cmeded.com\/es\/questions-and-answers\/can-leukemia-come-back-after-treatment\/\",\"url\":\"https:\/\/cmeded.com\/es\/questions-and-answers\/can-leukemia-come-back-after-treatment\/\",\"name\":\"CMedEd | Preguntas y Respuestas Sobre El C\u00e1ncer | \u00bfPuede regresar la leucemia despu\u00e9s del tratamiento?\",\"isPartOf\":{\"@id\":\"https:\/\/cmeded.com\/es\/#website\"},\"primaryImageOfPage\":{\"@id\":\"https:\/\/cmeded.com\/es\/questions-and-answers\/can-leukemia-come-back-after-treatment\/#primaryimage\"},\"image\":{\"@id\":\"https:\/\/cmeded.com\/es\/questions-and-answers\/can-leukemia-come-back-after-treatment\/#primaryimage\"},\"thumbnailUrl\":\"https:\/\/cmeded.com\/wp-content\/uploads\/2013\/04\/Doc-2-Patient-232x175.jpg\",\"datePublished\":\"2025-09-24T17:56:04+00:00\",\"dateModified\":\"2025-09-26T17:57:46+00:00\",\"description\":\"\u00bfPuede regresar la leucemia despu\u00e9s del tratamiento? La leucemia puede regresar despu\u00e9s del tratamiento. Los m\u00e9dicos llaman a esto una reca\u00edda. Sucede\",\"breadcrumb\":{\"@id\":\"https:\/\/cmeded.com\/es\/questions-and-answers\/can-leukemia-come-back-after-treatment\/#breadcrumb\"},\"inLanguage\":\"es\",\"potentialAction\":[{\"@type\":\"ReadAction\",\"target\":[\"https:\/\/cmeded.com\/es\/questions-and-answers\/can-leukemia-come-back-after-treatment\/\"]}]},{\"@type\":\"ImageObject\",\"inLanguage\":\"es\",\"@id\":\"https:\/\/cmeded.com\/es\/questions-and-answers\/can-leukemia-come-back-after-treatment\/#primaryimage\",\"url\":\"https:\/\/cmeded.com\/wp-content\/uploads\/2013\/04\/Doc-2-Patient-232x175.jpg\",\"contentUrl\":\"https:\/\/cmeded.com\/wp-content\/uploads\/2013\/04\/Doc-2-Patient-232x175.jpg\"},{\"@type\":\"BreadcrumbList\",\"@id\":\"https:\/\/cmeded.com\/es\/questions-and-answers\/can-leukemia-come-back-after-treatment\/#breadcrumb\",\"itemListElement\":[{\"@type\":\"ListItem\",\"position\":1,\"name\":\"Home\",\"item\":\"https:\/\/cmeded.com\/es\/\"},{\"@type\":\"ListItem\",\"position\":2,\"name\":\"Preguntas y Respuestas Sobre El C\u00e1ncer\",\"item\":\"https:\/\/cmeded.com\/es\/questions-and-answers\/\"},{\"@type\":\"ListItem\",\"position\":3,\"name\":\"\u00bfPuede regresar la leucemia despu\u00e9s del tratamiento?\"}]},{\"@type\":\"WebSite\",\"@id\":\"https:\/\/cmeded.com\/es\/#website\",\"url\":\"https:\/\/cmeded.com\/es\/\",\"name\":\"CMedEd\",\"description\":\"Recurso principal de informaci\u00f3n sobre el c\u00e1ncer\",\"potentialAction\":[{\"@type\":\"SearchAction\",\"target\":{\"@type\":\"EntryPoint\",\"urlTemplate\":\"https:\/\/cmeded.com\/es\/?s={search_term_string}\"},\"query-input\":{\"@type\":\"PropertyValueSpecification\",\"valueRequired\":true,\"valueName\":\"search_term_string\"}}],\"inLanguage\":\"es\"}]}<\/script>\n<!-- \/ Yoast SEO plugin. -->","yoast_head_json":{"title":"CMedEd | Preguntas y Respuestas Sobre El C\u00e1ncer | \u00bfPuede regresar la leucemia despu\u00e9s del tratamiento?","description":"\u00bfPuede regresar la leucemia despu\u00e9s del tratamiento? La leucemia puede regresar despu\u00e9s del tratamiento. Los m\u00e9dicos llaman a esto una reca\u00edda. Sucede","robots":{"index":"index","follow":"follow","max-snippet":"max-snippet:-1","max-image-preview":"max-image-preview:large","max-video-preview":"max-video-preview:-1"},"canonical":"https:\/\/cmeded.com\/es\/questions-and-answers\/can-leukemia-come-back-after-treatment\/","og_locale":"es_ES","og_type":"article","og_title":"CMedEd | Preguntas y Respuestas Sobre El C\u00e1ncer | \u00bfPuede regresar la leucemia despu\u00e9s del tratamiento?","og_description":"\u00bfPuede regresar la leucemia despu\u00e9s del tratamiento? La leucemia puede regresar despu\u00e9s del tratamiento. Los m\u00e9dicos llaman a esto una reca\u00edda. Sucede","og_url":"https:\/\/cmeded.com\/es\/questions-and-answers\/can-leukemia-come-back-after-treatment\/","og_site_name":"CMedEd","article_modified_time":"2025-09-26T17:57:46+00:00","twitter_card":"summary_large_image","twitter_misc":{"Tiempo de lectura":"2 minutos"},"schema":{"@context":"https:\/\/schema.org","@graph":[{"@type":"WebPage","@id":"https:\/\/cmeded.com\/es\/questions-and-answers\/can-leukemia-come-back-after-treatment\/","url":"https:\/\/cmeded.com\/es\/questions-and-answers\/can-leukemia-come-back-after-treatment\/","name":"CMedEd | Preguntas y Respuestas Sobre El C\u00e1ncer | \u00bfPuede regresar la leucemia despu\u00e9s del tratamiento?","isPartOf":{"@id":"https:\/\/cmeded.com\/es\/#website"},"primaryImageOfPage":{"@id":"https:\/\/cmeded.com\/es\/questions-and-answers\/can-leukemia-come-back-after-treatment\/#primaryimage"},"image":{"@id":"https:\/\/cmeded.com\/es\/questions-and-answers\/can-leukemia-come-back-after-treatment\/#primaryimage"},"thumbnailUrl":"https:\/\/cmeded.com\/wp-content\/uploads\/2013\/04\/Doc-2-Patient-232x175.jpg","datePublished":"2025-09-24T17:56:04+00:00","dateModified":"2025-09-26T17:57:46+00:00","description":"\u00bfPuede regresar la leucemia despu\u00e9s del tratamiento? La leucemia puede regresar despu\u00e9s del tratamiento. Los m\u00e9dicos llaman a esto una reca\u00edda. Sucede","breadcrumb":{"@id":"https:\/\/cmeded.com\/es\/questions-and-answers\/can-leukemia-come-back-after-treatment\/#breadcrumb"},"inLanguage":"es","potentialAction":[{"@type":"ReadAction","target":["https:\/\/cmeded.com\/es\/questions-and-answers\/can-leukemia-come-back-after-treatment\/"]}]},{"@type":"ImageObject","inLanguage":"es","@id":"https:\/\/cmeded.com\/es\/questions-and-answers\/can-leukemia-come-back-after-treatment\/#primaryimage","url":"https:\/\/cmeded.com\/wp-content\/uploads\/2013\/04\/Doc-2-Patient-232x175.jpg","contentUrl":"https:\/\/cmeded.com\/wp-content\/uploads\/2013\/04\/Doc-2-Patient-232x175.jpg"},{"@type":"BreadcrumbList","@id":"https:\/\/cmeded.com\/es\/questions-and-answers\/can-leukemia-come-back-after-treatment\/#breadcrumb","itemListElement":[{"@type":"ListItem","position":1,"name":"Home","item":"https:\/\/cmeded.com\/es\/"},{"@type":"ListItem","position":2,"name":"Preguntas y Respuestas Sobre El C\u00e1ncer","item":"https:\/\/cmeded.com\/es\/questions-and-answers\/"},{"@type":"ListItem","position":3,"name":"\u00bfPuede regresar la leucemia despu\u00e9s del tratamiento?"}]},{"@type":"WebSite","@id":"https:\/\/cmeded.com\/es\/#website","url":"https:\/\/cmeded.com\/es\/","name":"CMedEd","description":"Recurso principal de informaci\u00f3n sobre el c\u00e1ncer","potentialAction":[{"@type":"SearchAction","target":{"@type":"EntryPoint","urlTemplate":"https:\/\/cmeded.com\/es\/?s={search_term_string}"},"query-input":{"@type":"PropertyValueSpecification","valueRequired":true,"valueName":"search_term_string"}}],"inLanguage":"es"}]}},"_links":{"self":[{"href":"https:\/\/cmeded.com\/es\/wp-json\/wp\/v2\/pages\/22283","targetHints":{"allow":["GET"]}}],"collection":[{"href":"https:\/\/cmeded.com\/es\/wp-json\/wp\/v2\/pages"}],"about":[{"href":"https:\/\/cmeded.com\/es\/wp-json\/wp\/v2\/types\/page"}],"author":[{"embeddable":true,"href":"https:\/\/cmeded.com\/es\/wp-json\/wp\/v2\/users\/61"}],"replies":[{"embeddable":true,"href":"https:\/\/cmeded.com\/es\/wp-json\/wp\/v2\/comments?post=22283"}],"version-history":[{"count":0,"href":"https:\/\/cmeded.com\/es\/wp-json\/wp\/v2\/pages\/22283\/revisions"}],"up":[{"embeddable":true,"href":"https:\/\/cmeded.com\/es\/wp-json\/wp\/v2\/pages\/21399"}],"wp:attachment":[{"href":"https:\/\/cmeded.com\/es\/wp-json\/wp\/v2\/media?parent=22283"}],"wp:term":[{"taxonomy":"post_tag","embeddable":true,"href":"https:\/\/cmeded.com\/es\/wp-json\/wp\/v2\/tags?post=22283"}],"curies":[{"name":"wp","href":"https:\/\/api.w.org\/{rel}","templated":true}]}}