{"id":21094,"date":"2021-07-22T16:16:22","date_gmt":"2021-07-22T21:16:22","guid":{"rendered":"https:\/\/cmeded.com\/es\/?page_id=21094"},"modified":"2023-08-24T18:50:56","modified_gmt":"2023-08-24T23:50:56","slug":"copy-of-preguntas","status":"publish","type":"page","link":"https:\/\/cmeded.com\/es\/endocrine\/understanding-parathyroid-cancer\/copy-of-preguntas\/","title":{"rendered":"Copy of Preguntas"},"content":{"rendered":"<h4 class=\"section-title\">Preguntas para hacerle al m\u00e9dico<\/h4>\n<p class=\"section-content\">Es importante mantener una comunicaci\u00f3n honesta y abierta con m\u00e9dicos y enfermeros. No dude en hacer preguntas, incluso si estas parecen insignificantes. Se recomienda anotar las preguntas para que pueda recordarlas durante las consultas. A continuaci\u00f3n, se detallan algunas preguntas importantes que tal vez desee hacer:<\/p>\n<ul class=\"about-content\">\n<li>\u00bfEl tumor es benigno o maligno?<\/li>\n<li>\u00bfCu\u00e1l es el alcance del tumor? \u00bfSe ha diseminado m\u00e1s all\u00e1 de la gl\u00e1ndula paratiroidea?<\/li>\n<li>\u00bfRecibir\u00e9 tratamiento para la hipercalcemia?<\/li>\n<li>\u00bfCu\u00e1l es el objetivo del tratamiento? \u00bfCu\u00e1les son mis opciones? \u00bfCu\u00e1l recomendar\u00eda usted?<\/li>\n<li>\u00bfCu\u00e1nto durar\u00e1 el tratamiento? \u00bfEl tratamiento requerir\u00e1 internaci\u00f3n?<\/li>\n<li>\u00bfCu\u00e1les son los beneficios de cada tratamiento? \u00bfCu\u00e1les son los riesgos y los efectos secundarios?<\/li>\n<li>\u00bfPuede darme recomendaciones sobre c\u00f3mo manejar los efectos secundarios? \u00bfQu\u00e9 puedo hacer para cuidarme durante el tratamiento?<\/li>\n<li>\u00bfCu\u00e1les son las probabilidades de que el tumor vuelva despu\u00e9s del tratamiento? \u00bfCu\u00e1l ser\u00e1 mi cronograma de seguimiento?<\/li>\n<\/ul>\n<div class=\"clearboth\"><\/div>\n<div class=\"divider\" id=\"\">\n\t\n\t<\/div>\n<h5 class=\"section-title\">Revisado por \u00faltima vez el <span style=\"color: #862366;\">12\/08\/21<\/span>\u00a0por:<\/h5>\n<ul class=\"about-content\">\n<li><span style=\"color: #862366;\"><strong><i>Mimi Hu, licenciada en Medicina<\/i><\/strong><\/span><br \/>\nProfesora adjunta<br \/>\nDirectora del Programa de Becas, Endocrinolog\u00eda Oncol\u00f3gica<br \/>\nDirectora m\u00e9dica adjunta del Centro Endocrino<br \/>\nDirectora, Programa de Salud \u00d3sea<br \/>\nDepartamento de Neoplasia Endocrina y Trastornos Hormonales<br \/>\nDivisi\u00f3n de Medicina Oncol\u00f3gica<br \/>\nUniversidad de Texas, centro oncol\u00f3gico MD Anderson Cancer Center<\/li>\n<\/ul>\n","protected":false},"excerpt":{"rendered":"<p>Preguntas para hacerle al m\u00e9dico Es importante mantener una comunicaci\u00f3n honesta y abierta con m\u00e9dicos y enfermeros. No dude en hacer preguntas, incluso si estas parecen insignificantes. Se recomienda anotar las preguntas para que pueda recordarlas durante las consultas. A continuaci\u00f3n, se detallan algunas preguntas importantes que tal vez desee hacer: \u00bfEl tumor es benigno [&hellip;]<\/p>\n","protected":false},"author":48,"featured_media":0,"parent":14518,"menu_order":7,"comment_status":"closed","ping_status":"open","template":"template-tumor.php","meta":{"footnotes":""},"tags":[10],"class_list":["post-21094","page","type-page","status-publish","hentry","tag-members-only"],"yoast_head":"<!-- This site is optimized with the Yoast SEO plugin v25.0 - https:\/\/yoast.com\/wordpress\/plugins\/seo\/ -->\n<title>CMedEd | Informaci\u00f3n para comprender el c\u00e1ncer paratiroideo | Copy of Preguntas<\/title>\n<meta name=\"description\" content=\"Preguntas para hacerle al m\u00e9dico Es importante mantener una comunicaci\u00f3n honesta y abierta con m\u00e9dicos y enfermeros. No dude en hacer preguntas, incluso\" \/>\n<meta name=\"robots\" content=\"index, follow, max-snippet:-1, max-image-preview:large, max-video-preview:-1\" \/>\n<link rel=\"canonical\" href=\"https:\/\/cmeded.com\/es\/endocrine\/understanding-parathyroid-cancer\/copy-of-preguntas\/\" \/>\n<meta property=\"og:locale\" content=\"es_ES\" \/>\n<meta property=\"og:type\" content=\"article\" \/>\n<meta property=\"og:title\" content=\"CMedEd | Informaci\u00f3n para comprender el c\u00e1ncer paratiroideo | Copy of Preguntas\" \/>\n<meta property=\"og:description\" content=\"Preguntas para hacerle al m\u00e9dico Es importante mantener una comunicaci\u00f3n honesta y abierta con m\u00e9dicos y enfermeros. No dude en hacer preguntas, incluso\" \/>\n<meta property=\"og:url\" content=\"https:\/\/cmeded.com\/es\/endocrine\/understanding-parathyroid-cancer\/copy-of-preguntas\/\" \/>\n<meta property=\"og:site_name\" content=\"CMedEd\" \/>\n<meta property=\"article:modified_time\" content=\"2023-08-24T23:50:56+00:00\" \/>\n<meta name=\"twitter:card\" content=\"summary_large_image\" \/>\n<meta name=\"twitter:label1\" content=\"Tiempo de lectura\" \/>\n\t<meta name=\"twitter:data1\" content=\"1 minuto\" \/>\n<script type=\"application\/ld+json\" class=\"yoast-schema-graph\">{\"@context\":\"https:\/\/schema.org\",\"@graph\":[{\"@type\":\"WebPage\",\"@id\":\"https:\/\/cmeded.com\/es\/endocrine\/understanding-parathyroid-cancer\/copy-of-preguntas\/\",\"url\":\"https:\/\/cmeded.com\/es\/endocrine\/understanding-parathyroid-cancer\/copy-of-preguntas\/\",\"name\":\"CMedEd | Informaci\u00f3n para comprender el c\u00e1ncer paratiroideo | Copy of Preguntas\",\"isPartOf\":{\"@id\":\"https:\/\/cmeded.com\/es\/#website\"},\"datePublished\":\"2021-07-22T21:16:22+00:00\",\"dateModified\":\"2023-08-24T23:50:56+00:00\",\"description\":\"Preguntas para hacerle al m\u00e9dico Es importante mantener una comunicaci\u00f3n honesta y abierta con m\u00e9dicos y enfermeros. No dude en hacer preguntas, incluso\",\"breadcrumb\":{\"@id\":\"https:\/\/cmeded.com\/es\/endocrine\/understanding-parathyroid-cancer\/copy-of-preguntas\/#breadcrumb\"},\"inLanguage\":\"es\",\"potentialAction\":[{\"@type\":\"ReadAction\",\"target\":[\"https:\/\/cmeded.com\/es\/endocrine\/understanding-parathyroid-cancer\/copy-of-preguntas\/\"]}]},{\"@type\":\"BreadcrumbList\",\"@id\":\"https:\/\/cmeded.com\/es\/endocrine\/understanding-parathyroid-cancer\/copy-of-preguntas\/#breadcrumb\",\"itemListElement\":[{\"@type\":\"ListItem\",\"position\":1,\"name\":\"Home\",\"item\":\"https:\/\/cmeded.com\/es\/\"},{\"@type\":\"ListItem\",\"position\":2,\"name\":\"Endocrino\",\"item\":\"https:\/\/cmeded.com\/es\/endocrine\/\"},{\"@type\":\"ListItem\",\"position\":3,\"name\":\"Informaci\u00f3n para comprender el c\u00e1ncer paratiroideo\",\"item\":\"https:\/\/cmeded.com\/es\/endocrine\/understanding-parathyroid-cancer\/\"},{\"@type\":\"ListItem\",\"position\":4,\"name\":\"Copy of Preguntas\"}]},{\"@type\":\"WebSite\",\"@id\":\"https:\/\/cmeded.com\/es\/#website\",\"url\":\"https:\/\/cmeded.com\/es\/\",\"name\":\"CMedEd\",\"description\":\"Recurso principal de informaci\u00f3n sobre el c\u00e1ncer\",\"potentialAction\":[{\"@type\":\"SearchAction\",\"target\":{\"@type\":\"EntryPoint\",\"urlTemplate\":\"https:\/\/cmeded.com\/es\/?s={search_term_string}\"},\"query-input\":{\"@type\":\"PropertyValueSpecification\",\"valueRequired\":true,\"valueName\":\"search_term_string\"}}],\"inLanguage\":\"es\"}]}<\/script>\n<!-- \/ Yoast SEO plugin. -->","yoast_head_json":{"title":"CMedEd | Informaci\u00f3n para comprender el c\u00e1ncer paratiroideo | Copy of Preguntas","description":"Preguntas para hacerle al m\u00e9dico Es importante mantener una comunicaci\u00f3n honesta y abierta con m\u00e9dicos y enfermeros. No dude en hacer preguntas, incluso","robots":{"index":"index","follow":"follow","max-snippet":"max-snippet:-1","max-image-preview":"max-image-preview:large","max-video-preview":"max-video-preview:-1"},"canonical":"https:\/\/cmeded.com\/es\/endocrine\/understanding-parathyroid-cancer\/copy-of-preguntas\/","og_locale":"es_ES","og_type":"article","og_title":"CMedEd | Informaci\u00f3n para comprender el c\u00e1ncer paratiroideo | Copy of Preguntas","og_description":"Preguntas para hacerle al m\u00e9dico Es importante mantener una comunicaci\u00f3n honesta y abierta con m\u00e9dicos y enfermeros. No dude en hacer preguntas, incluso","og_url":"https:\/\/cmeded.com\/es\/endocrine\/understanding-parathyroid-cancer\/copy-of-preguntas\/","og_site_name":"CMedEd","article_modified_time":"2023-08-24T23:50:56+00:00","twitter_card":"summary_large_image","twitter_misc":{"Tiempo de lectura":"1 minuto"},"schema":{"@context":"https:\/\/schema.org","@graph":[{"@type":"WebPage","@id":"https:\/\/cmeded.com\/es\/endocrine\/understanding-parathyroid-cancer\/copy-of-preguntas\/","url":"https:\/\/cmeded.com\/es\/endocrine\/understanding-parathyroid-cancer\/copy-of-preguntas\/","name":"CMedEd | Informaci\u00f3n para comprender el c\u00e1ncer paratiroideo | Copy of Preguntas","isPartOf":{"@id":"https:\/\/cmeded.com\/es\/#website"},"datePublished":"2021-07-22T21:16:22+00:00","dateModified":"2023-08-24T23:50:56+00:00","description":"Preguntas para hacerle al m\u00e9dico Es importante mantener una comunicaci\u00f3n honesta y abierta con m\u00e9dicos y enfermeros. No dude en hacer preguntas, incluso","breadcrumb":{"@id":"https:\/\/cmeded.com\/es\/endocrine\/understanding-parathyroid-cancer\/copy-of-preguntas\/#breadcrumb"},"inLanguage":"es","potentialAction":[{"@type":"ReadAction","target":["https:\/\/cmeded.com\/es\/endocrine\/understanding-parathyroid-cancer\/copy-of-preguntas\/"]}]},{"@type":"BreadcrumbList","@id":"https:\/\/cmeded.com\/es\/endocrine\/understanding-parathyroid-cancer\/copy-of-preguntas\/#breadcrumb","itemListElement":[{"@type":"ListItem","position":1,"name":"Home","item":"https:\/\/cmeded.com\/es\/"},{"@type":"ListItem","position":2,"name":"Endocrino","item":"https:\/\/cmeded.com\/es\/endocrine\/"},{"@type":"ListItem","position":3,"name":"Informaci\u00f3n para comprender el c\u00e1ncer paratiroideo","item":"https:\/\/cmeded.com\/es\/endocrine\/understanding-parathyroid-cancer\/"},{"@type":"ListItem","position":4,"name":"Copy of Preguntas"}]},{"@type":"WebSite","@id":"https:\/\/cmeded.com\/es\/#website","url":"https:\/\/cmeded.com\/es\/","name":"CMedEd","description":"Recurso principal de informaci\u00f3n sobre el c\u00e1ncer","potentialAction":[{"@type":"SearchAction","target":{"@type":"EntryPoint","urlTemplate":"https:\/\/cmeded.com\/es\/?s={search_term_string}"},"query-input":{"@type":"PropertyValueSpecification","valueRequired":true,"valueName":"search_term_string"}}],"inLanguage":"es"}]}},"_links":{"self":[{"href":"https:\/\/cmeded.com\/es\/wp-json\/wp\/v2\/pages\/21094","targetHints":{"allow":["GET"]}}],"collection":[{"href":"https:\/\/cmeded.com\/es\/wp-json\/wp\/v2\/pages"}],"about":[{"href":"https:\/\/cmeded.com\/es\/wp-json\/wp\/v2\/types\/page"}],"author":[{"embeddable":true,"href":"https:\/\/cmeded.com\/es\/wp-json\/wp\/v2\/users\/48"}],"replies":[{"embeddable":true,"href":"https:\/\/cmeded.com\/es\/wp-json\/wp\/v2\/comments?post=21094"}],"version-history":[{"count":0,"href":"https:\/\/cmeded.com\/es\/wp-json\/wp\/v2\/pages\/21094\/revisions"}],"up":[{"embeddable":true,"href":"https:\/\/cmeded.com\/es\/wp-json\/wp\/v2\/pages\/14518"}],"wp:attachment":[{"href":"https:\/\/cmeded.com\/es\/wp-json\/wp\/v2\/media?parent=21094"}],"wp:term":[{"taxonomy":"post_tag","embeddable":true,"href":"https:\/\/cmeded.com\/es\/wp-json\/wp\/v2\/tags?post=21094"}],"curies":[{"name":"wp","href":"https:\/\/api.w.org\/{rel}","templated":true}]}}