{"id":20588,"date":"2019-12-20T15:05:38","date_gmt":"2019-12-20T21:05:38","guid":{"rendered":"https:\/\/cmeded.com\/es\/?page_id=20588"},"modified":"2023-08-24T18:50:50","modified_gmt":"2023-08-24T23:50:50","slug":"risk-assessment-and-gleason-grading-system-for-prostate-cancer","status":"publish","type":"page","link":"https:\/\/cmeded.com\/es\/genitourinary\/risk-assessment-and-gleason-grading-system-for-prostate-cancer\/","title":{"rendered":"Evaluaci\u00f3n de riesgos y sistema de clasificaci\u00f3n de Gleason para el c\u00e1ncer de pr\u00f3stata"},"content":{"rendered":"<h3 class=\"page-title\" style=\"width:100%;\">Evaluaci\u00f3n de riesgos y sistema de clasificaci\u00f3n de Gleason para el c\u00e1ncer de pr\u00f3stata<\/h3>\n<div class=\"divider double \" id=\"\">\n\t\n\t<\/div>\n<div class=\"printer-icon\" onClick=\"window.print()\"><span class=\"print-text\">Print<\/span><\/div>\n<div class=\"divider\" id=\"\">\n\t\n\t<\/div>\n<h4 id=\"overview\" class=\"section-title\">Evaluaci\u00f3n de riesgos<\/h4>\n<p class=\"section-content\" style=\"margin-bottom:-25px\">Si le diagnostican c\u00e1ncer de pr\u00f3stata, su m\u00e9dico intentar\u00e1 determinar el riesgo de que su enfermedad sea perjudicial para usted en el futuro. Para estimar el riesgo, su m\u00e9dico tendr\u00e1 en cuenta su nivel de PSA, la etapa cl\u00ednica basada en su examen rectal digital y su puntaje de Gleason, que se explica a continuaci\u00f3n. Los niveles de riesgo bajo, intermedio y alto se explican a continuaci\u00f3n:<\/p>\n<div class=\"divider\" id=\"\">\n\t\n\t<\/div>\n<div class=\"risk-factor\">\n<div class=\"risk-text\">\n<h5 class=\"section-title\">Riesgo bajo<\/h5>\n<ul class=\"about-content\">\n<li>Menos del 10% de probabilidad de haberse diseminado a otras \u00e1reas del cuerpo<\/li>\n<li>Bajo riesgo de crecimiento o propagaci\u00f3n si no se trata<\/li>\n<li>PSA inferior a 10 ng \/ nL<\/li>\n<li>Puntaje de Gleason de menos de 6<\/li>\n<li>No se siente tumor en el DRE o se siente contenido dentro de la pr\u00f3stata con solo un \u00e1rea anormal peque\u00f1a<\/li>\n<\/ul>\n<\/div>\n<div class=\"clearboth\"><\/div>\n<\/div>\n<div class=\"divider\" id=\"\">\n\t\n\t<\/div>\n<div class=\"risk-factor\">\n<div class=\"risk-text\">\n<h5 class=\"section-title\">Riesgo intermedio<\/h5>\n<ul class=\"about-content\">\n<li>10% a 15% de posibilidades de propagaci\u00f3n<\/li>\n<li>Alta probabilidad (hasta 70% en 15 a\u00f1os) de crecimiento y propagaci\u00f3n si no se trata<\/li>\n<li>PSA de 10 a 20 ng \/ ml<\/li>\n<li>Puntuaci\u00f3n de Gleason de 7<\/li>\n<li>El tumor se puede sentir en uno o ambos lados en DRE, pero es probable que est\u00e9 contenido<\/li>\n<\/ul>\n<\/div>\n<div class=\"clearboth\"><\/div>\n<\/div>\n<div class=\"divider\" id=\"\">\n\t\n\t<\/div>\n<div class=\"risk-factor\">\n<div class=\"risk-text\">\n<h5 class=\"section-title\">Riesgo alto<\/h5>\n<ul class=\"about-content\">\n<li>Caracter\u00edsticas agresivas que aumentan la probabilidad de propagaci\u00f3n ahora o en el futuro.<\/li>\n<li>PSA superior a 20 ng \/ ml<\/li>\n<li>Puntaje de Gleason de 8 a 10<\/li>\n<li>El tumor se puede sentir en DRE y parece haber progresado fuera de la gl\u00e1ndula<\/li>\n<\/ul>\n<\/div>\n<div class=\"clearboth\"><\/div>\n<\/div>\n<div class=\"divider\" id=\"\">\n\t\n\t<\/div>\n<h4 class=\"section-title\" style=\"margin-bottom:-25px\">Sistema de clasificaci\u00f3n de Gleason<\/h4>\n<div class=\"divider\" id=\"\">\n\t\n\t<\/div>\n<div class=\"risk-factor\">\n<div class=\"risk-text\">\n<h5 class=\"section-title\"><\/h5>\n<p class=\"section-content\">Si su biopsia es positiva, se clasificar\u00e1 utilizando el sistema de clasificaci\u00f3n Gleason. Esto ayudar\u00e1 a los m\u00e9dicos a elegir las mejores opciones de tratamiento y a predecir qu\u00e9 tan r\u00e1pido est\u00e1 creciendo el c\u00e1ncer.<\/p>\n<p class=\"section-content\">El c\u00e1ncer de pr\u00f3stata contiene varios tipos de c\u00e9lulas. El sistema Gleason utiliza los n\u00fameros del 1 al 5 para calificar los tipos de c\u00e9lulas m\u00e1s comunes (primarios) y los siguientes m\u00e1s comunes (secundarios) que se encuentran en la muestra de biopsia. La suma de estos dos n\u00fameros es el puntaje de Gleason, que le indica qu\u00e9 tan agresivo es el tumor. Cuanto m\u00e1s alto es el puntaje de Gleason, m\u00e1s agresivo es el c\u00e1ncer.<\/p>\n<p class=\"section-content\">Raramente se ven los grados 1 y 2 de Gleason ya que estos cambios ahora se clasifican generalmente como benignos o se encuentran en el centro de la gl\u00e1ndula y permanecen sin descubrir. Eso significa que la calificaci\u00f3n m\u00e1s baja habitual es 3. Puntajes de Gleason de:<\/p>\n<ul class=\"about-content\">\n<li><strong><span style=\"color:#336699\">3+3<\/span><\/strong> son de baja calificaci\u00f3n y tienen el menor riesgo de da\u00f1o. 6 ser\u00eda su puntaje de Gleason.\n<\/li>\n<li><strong><span style=\"color:#336699\">3+4<\/span><\/strong> and <strong><span style=\"color:#336699\">4+3<\/span><\/strong> son de riesgo intermedio; este \u00faltimo es el tipo m\u00e1s agresivo. 7 ser\u00eda su puntaje de Gleason.<\/li>\n<li><strong><span style=\"color:#336699\">4+4<\/span><\/strong> through <strong><span style=\"color:#336699\">5+5<\/span><\/strong> son el mayor riesgo. 8 o 10 ser\u00eda su puntaje de Gleason.<\/li>\n<\/ul>\n<p class=\"section-content\">Si se determina que el c\u00e1ncer de pr\u00f3stata es de riesgo intermedio o alto, se pueden ordenar pruebas de imagen como esc\u00e1neres \u00f3seos y tomograf\u00edas computarizadas o resonancias magn\u00e9ticas para determinar si el c\u00e1ncer se ha diseminado.<\/p>\n<p class=\"section-content\">En conjunto, el estado de riesgo de la enfermedad y los resultados de las im\u00e1genes ayudar\u00e1n a su m\u00e9dico a planificar el mejor tratamiento.<\/p>\n<\/div>\n<div class=\"clearboth\"><\/div>\n<\/div>\n","protected":false},"excerpt":{"rendered":"<p>Evaluaci\u00f3n de riesgos y sistema de clasificaci\u00f3n de Gleason para el c\u00e1ncer de pr\u00f3stata Print Evaluaci\u00f3n de riesgos Si le diagnostican c\u00e1ncer de pr\u00f3stata, su m\u00e9dico intentar\u00e1 determinar el riesgo de que su enfermedad sea perjudicial para usted en el futuro. Para estimar el riesgo, su m\u00e9dico tendr\u00e1 en cuenta su nivel de PSA, la [&hellip;]<\/p>\n","protected":false},"author":5,"featured_media":0,"parent":15934,"menu_order":0,"comment_status":"closed","ping_status":"closed","template":"","meta":{"footnotes":""},"tags":[10],"class_list":["post-20588","page","type-page","status-publish","hentry","tag-members-only"],"yoast_head":"<!-- This site is optimized with the Yoast SEO plugin v25.0 - https:\/\/yoast.com\/wordpress\/plugins\/seo\/ -->\n<title>CMedEd | Genitourinario | Evaluaci\u00f3n de riesgos y sistema de clasificaci\u00f3n de Gleason para el c\u00e1ncer de pr\u00f3stata<\/title>\n<meta name=\"description\" content=\"Evaluaci\u00f3n de riesgos y sistema de clasificaci\u00f3n de Gleason para el c\u00e1ncer de pr\u00f3stata Print Evaluaci\u00f3n de riesgos Si le diagnostican c\u00e1ncer de pr\u00f3stata,\" \/>\n<meta name=\"robots\" content=\"index, follow, max-snippet:-1, max-image-preview:large, max-video-preview:-1\" \/>\n<link rel=\"canonical\" href=\"https:\/\/cmeded.com\/es\/genitourinary\/risk-assessment-and-gleason-grading-system-for-prostate-cancer\/\" \/>\n<meta property=\"og:locale\" content=\"es_ES\" \/>\n<meta property=\"og:type\" content=\"article\" \/>\n<meta property=\"og:title\" content=\"CMedEd | Genitourinario | Evaluaci\u00f3n de riesgos y sistema de clasificaci\u00f3n de Gleason para el c\u00e1ncer de pr\u00f3stata\" \/>\n<meta property=\"og:description\" content=\"Evaluaci\u00f3n de riesgos y sistema de clasificaci\u00f3n de Gleason para el c\u00e1ncer de pr\u00f3stata Print Evaluaci\u00f3n de riesgos Si le diagnostican c\u00e1ncer de pr\u00f3stata,\" \/>\n<meta property=\"og:url\" content=\"https:\/\/cmeded.com\/es\/genitourinary\/risk-assessment-and-gleason-grading-system-for-prostate-cancer\/\" \/>\n<meta property=\"og:site_name\" content=\"CMedEd\" \/>\n<meta property=\"article:modified_time\" content=\"2023-08-24T23:50:50+00:00\" \/>\n<meta name=\"twitter:card\" content=\"summary_large_image\" \/>\n<meta name=\"twitter:label1\" content=\"Tiempo de lectura\" \/>\n\t<meta name=\"twitter:data1\" content=\"3 minutos\" \/>\n<script type=\"application\/ld+json\" class=\"yoast-schema-graph\">{\"@context\":\"https:\/\/schema.org\",\"@graph\":[{\"@type\":\"WebPage\",\"@id\":\"https:\/\/cmeded.com\/es\/genitourinary\/risk-assessment-and-gleason-grading-system-for-prostate-cancer\/\",\"url\":\"https:\/\/cmeded.com\/es\/genitourinary\/risk-assessment-and-gleason-grading-system-for-prostate-cancer\/\",\"name\":\"CMedEd | Genitourinario | Evaluaci\u00f3n de riesgos y sistema de clasificaci\u00f3n de Gleason para el c\u00e1ncer de pr\u00f3stata\",\"isPartOf\":{\"@id\":\"https:\/\/cmeded.com\/es\/#website\"},\"datePublished\":\"2019-12-20T21:05:38+00:00\",\"dateModified\":\"2023-08-24T23:50:50+00:00\",\"description\":\"Evaluaci\u00f3n de riesgos y sistema de clasificaci\u00f3n de Gleason para el c\u00e1ncer de pr\u00f3stata Print Evaluaci\u00f3n de riesgos Si le diagnostican c\u00e1ncer de pr\u00f3stata,\",\"breadcrumb\":{\"@id\":\"https:\/\/cmeded.com\/es\/genitourinary\/risk-assessment-and-gleason-grading-system-for-prostate-cancer\/#breadcrumb\"},\"inLanguage\":\"es\",\"potentialAction\":[{\"@type\":\"ReadAction\",\"target\":[\"https:\/\/cmeded.com\/es\/genitourinary\/risk-assessment-and-gleason-grading-system-for-prostate-cancer\/\"]}]},{\"@type\":\"BreadcrumbList\",\"@id\":\"https:\/\/cmeded.com\/es\/genitourinary\/risk-assessment-and-gleason-grading-system-for-prostate-cancer\/#breadcrumb\",\"itemListElement\":[{\"@type\":\"ListItem\",\"position\":1,\"name\":\"Home\",\"item\":\"https:\/\/cmeded.com\/es\/\"},{\"@type\":\"ListItem\",\"position\":2,\"name\":\"Genitourinario\",\"item\":\"https:\/\/cmeded.com\/es\/genitourinary\/\"},{\"@type\":\"ListItem\",\"position\":3,\"name\":\"Evaluaci\u00f3n de riesgos y sistema de clasificaci\u00f3n de Gleason para el c\u00e1ncer de pr\u00f3stata\"}]},{\"@type\":\"WebSite\",\"@id\":\"https:\/\/cmeded.com\/es\/#website\",\"url\":\"https:\/\/cmeded.com\/es\/\",\"name\":\"CMedEd\",\"description\":\"Recurso principal de informaci\u00f3n sobre el c\u00e1ncer\",\"potentialAction\":[{\"@type\":\"SearchAction\",\"target\":{\"@type\":\"EntryPoint\",\"urlTemplate\":\"https:\/\/cmeded.com\/es\/?s={search_term_string}\"},\"query-input\":{\"@type\":\"PropertyValueSpecification\",\"valueRequired\":true,\"valueName\":\"search_term_string\"}}],\"inLanguage\":\"es\"}]}<\/script>\n<!-- \/ Yoast SEO plugin. -->","yoast_head_json":{"title":"CMedEd | Genitourinario | Evaluaci\u00f3n de riesgos y sistema de clasificaci\u00f3n de Gleason para el c\u00e1ncer de pr\u00f3stata","description":"Evaluaci\u00f3n de riesgos y sistema de clasificaci\u00f3n de Gleason para el c\u00e1ncer de pr\u00f3stata Print Evaluaci\u00f3n de riesgos Si le diagnostican c\u00e1ncer de pr\u00f3stata,","robots":{"index":"index","follow":"follow","max-snippet":"max-snippet:-1","max-image-preview":"max-image-preview:large","max-video-preview":"max-video-preview:-1"},"canonical":"https:\/\/cmeded.com\/es\/genitourinary\/risk-assessment-and-gleason-grading-system-for-prostate-cancer\/","og_locale":"es_ES","og_type":"article","og_title":"CMedEd | Genitourinario | Evaluaci\u00f3n de riesgos y sistema de clasificaci\u00f3n de Gleason para el c\u00e1ncer de pr\u00f3stata","og_description":"Evaluaci\u00f3n de riesgos y sistema de clasificaci\u00f3n de Gleason para el c\u00e1ncer de pr\u00f3stata Print Evaluaci\u00f3n de riesgos Si le diagnostican c\u00e1ncer de pr\u00f3stata,","og_url":"https:\/\/cmeded.com\/es\/genitourinary\/risk-assessment-and-gleason-grading-system-for-prostate-cancer\/","og_site_name":"CMedEd","article_modified_time":"2023-08-24T23:50:50+00:00","twitter_card":"summary_large_image","twitter_misc":{"Tiempo de lectura":"3 minutos"},"schema":{"@context":"https:\/\/schema.org","@graph":[{"@type":"WebPage","@id":"https:\/\/cmeded.com\/es\/genitourinary\/risk-assessment-and-gleason-grading-system-for-prostate-cancer\/","url":"https:\/\/cmeded.com\/es\/genitourinary\/risk-assessment-and-gleason-grading-system-for-prostate-cancer\/","name":"CMedEd | Genitourinario | Evaluaci\u00f3n de riesgos y sistema de clasificaci\u00f3n de Gleason para el c\u00e1ncer de pr\u00f3stata","isPartOf":{"@id":"https:\/\/cmeded.com\/es\/#website"},"datePublished":"2019-12-20T21:05:38+00:00","dateModified":"2023-08-24T23:50:50+00:00","description":"Evaluaci\u00f3n de riesgos y sistema de clasificaci\u00f3n de Gleason para el c\u00e1ncer de pr\u00f3stata Print Evaluaci\u00f3n de riesgos Si le diagnostican c\u00e1ncer de pr\u00f3stata,","breadcrumb":{"@id":"https:\/\/cmeded.com\/es\/genitourinary\/risk-assessment-and-gleason-grading-system-for-prostate-cancer\/#breadcrumb"},"inLanguage":"es","potentialAction":[{"@type":"ReadAction","target":["https:\/\/cmeded.com\/es\/genitourinary\/risk-assessment-and-gleason-grading-system-for-prostate-cancer\/"]}]},{"@type":"BreadcrumbList","@id":"https:\/\/cmeded.com\/es\/genitourinary\/risk-assessment-and-gleason-grading-system-for-prostate-cancer\/#breadcrumb","itemListElement":[{"@type":"ListItem","position":1,"name":"Home","item":"https:\/\/cmeded.com\/es\/"},{"@type":"ListItem","position":2,"name":"Genitourinario","item":"https:\/\/cmeded.com\/es\/genitourinary\/"},{"@type":"ListItem","position":3,"name":"Evaluaci\u00f3n de riesgos y sistema de clasificaci\u00f3n de Gleason para el c\u00e1ncer de pr\u00f3stata"}]},{"@type":"WebSite","@id":"https:\/\/cmeded.com\/es\/#website","url":"https:\/\/cmeded.com\/es\/","name":"CMedEd","description":"Recurso principal de informaci\u00f3n sobre el c\u00e1ncer","potentialAction":[{"@type":"SearchAction","target":{"@type":"EntryPoint","urlTemplate":"https:\/\/cmeded.com\/es\/?s={search_term_string}"},"query-input":{"@type":"PropertyValueSpecification","valueRequired":true,"valueName":"search_term_string"}}],"inLanguage":"es"}]}},"_links":{"self":[{"href":"https:\/\/cmeded.com\/es\/wp-json\/wp\/v2\/pages\/20588","targetHints":{"allow":["GET"]}}],"collection":[{"href":"https:\/\/cmeded.com\/es\/wp-json\/wp\/v2\/pages"}],"about":[{"href":"https:\/\/cmeded.com\/es\/wp-json\/wp\/v2\/types\/page"}],"author":[{"embeddable":true,"href":"https:\/\/cmeded.com\/es\/wp-json\/wp\/v2\/users\/5"}],"replies":[{"embeddable":true,"href":"https:\/\/cmeded.com\/es\/wp-json\/wp\/v2\/comments?post=20588"}],"version-history":[{"count":0,"href":"https:\/\/cmeded.com\/es\/wp-json\/wp\/v2\/pages\/20588\/revisions"}],"up":[{"embeddable":true,"href":"https:\/\/cmeded.com\/es\/wp-json\/wp\/v2\/pages\/15934"}],"wp:attachment":[{"href":"https:\/\/cmeded.com\/es\/wp-json\/wp\/v2\/media?parent=20588"}],"wp:term":[{"taxonomy":"post_tag","embeddable":true,"href":"https:\/\/cmeded.com\/es\/wp-json\/wp\/v2\/tags?post=20588"}],"curies":[{"name":"wp","href":"https:\/\/api.w.org\/{rel}","templated":true}]}}