{"id":20485,"date":"2019-06-25T15:20:14","date_gmt":"2019-06-25T20:20:14","guid":{"rendered":"https:\/\/cmeded.com\/es\/?page_id=20485"},"modified":"2023-08-24T18:47:39","modified_gmt":"2023-08-24T23:47:39","slug":"management","status":"publish","type":"page","link":"https:\/\/cmeded.com\/es\/chronic-disease\/understanding-hypertension\/management\/","title":{"rendered":"C\u00f3mo manejar la hipertensi\u00f3n"},"content":{"rendered":"<h4 class=\"section-title\">C\u00f3mo manejar la hipertensi\u00f3n<\/h4>\n<p class=\"section-content\">Si le han diagnosticado presi\u00f3n arterial alta, se pueden tomar medidas para ayudarlo a mantenerla bajo control. Colabore con su m\u00e9dico para determinar qu\u00e9 puede hacer para controlar la hipertensi\u00f3n. Su m\u00e9dico puede sugerir uno o m\u00e1s de los siguientes pasos.<\/p>\n<div class=\"divider\" id=\"\">\n\t\n\t<\/div>\n<div class=\"risk-factor\">\n<div class=\"symp-pic\"><img decoding=\"async\" src=\"\/wp-content\/uploads\/2019\/06\/Screen-Shot-2019-06-13-at-10.07.43-AM.png\" class=\"aligncenter\" alt=\"Mantenga un registro de sus lecturas de presi\u00f3n arterial\" style=\"height:150px\" \/><\/div>\n<div class=\"risk-text-wrap\">\n<h5 class=\"section-title\">Mantenga un registro de sus lecturas de presi\u00f3n arterial<\/h5>\n<p class=\"section-content\">La hipertensi\u00f3n no suele presentar s\u00edntomas a menos que se produzca una crisis hipertensiva. Por esta raz\u00f3n, es muy importante conocer las lecturas de la presi\u00f3n arterial y saber qu\u00e9 es una lectura saludable. La lectura de la presi\u00f3n arterial se parece a la mayor\u00eda de las personas desean permanecer por debajo de 130\/80 mmHg, sin embargo usted debe hablar con su m\u00e9dico acerca de su presi\u00f3n arterial espec\u00edfica.<\/p>\n<\/div>\n<div class=\"clearboth\"><\/div>\n<\/div>\n<div class=\"divider\" id=\"\">\n\t\n\t<\/div>\n<div class=\"risk-factor\">\n<div class=\"symp-pic\"><img decoding=\"async\" src=\"\/wp-content\/uploads\/2021\/06\/black_obese_legs.jpg\" class=\"aligncenter\" alt=\"Mantener un peso saludable\" style=\"height:150px\" \/><\/div>\n<div class=\"risk-text-wrap\">\n<h5 class=\"section-title\">Mantener un peso saludable<\/h5>\n<p class=\"section-content\">Cuanto m\u00e1s peso tenga su cuerpo, m\u00e1s tendr\u00e1 que trabajar su coraz\u00f3n para bombear sangre a la totalidad del cuerpo. Un coraz\u00f3n que tiene que trabajar demasiado puede fallar. Esfu\u00e9rcese por permanecer en un rango de \u00edndice de masa corporal (IMC) saludable entre 18.5 y 24.9. Si conoce su peso y altura, puede calcular su IMC en el sitio web de Acced Your Weight de los CDC.<\/p>\n<\/div>\n<div class=\"clearboth\"><\/div>\n<\/div>\n<div class=\"divider\" id=\"\">\n\t\n\t<\/div>\n<div class=\"clearboth\"><\/div>\n<h5 class=\"section-title\">Dieta saludable y nutrici\u00f3n<\/h5>\n<p class=\"section-content\">Una dieta saludable juega un papel clave en la prevenci\u00f3n y el manejo de la hipertensi\u00f3n. Comer bien es una buena manera de asegurarse de que su cuerpo reciba los nutrientes que necesita para funcionar correctamente. La siguiente es una lista de opciones de alimentos saludables que deben considerarse.<\/p>\n<div class=\"space\" style=\"clear:both; height:10px;\"><\/div>\n<div class=\"one_third mng-chemo-mob-img\">\n<div class=\"one_half\">\n  <img decoding=\"async\" src=\"\/wp-content\/uploads\/2019\/06\/eat_vegetables.jpg\" class=\"aligncenter\" alt=\"Comer muchas frutas y verduras\" \/>\n  <\/div>\n<div class=\"one_half last\">\n<img decoding=\"async\" src=\"\/wp-content\/uploads\/2019\/06\/Screen-Shot-2019-06-18-at-3.10.45-PM.png\" alt=\"Cualquier producto l\u00e1cteo consumido debe ser bajo en grasa\" class=\"aligncenter\"  \/>\n  <\/div>\n<div class=\"one_half\">\n    <img decoding=\"async\" src=\"\/wp-content\/uploads\/2013\/04\/FattyFoods100.png\" class=\"aligncenter\" style=\"max-height:100px;\" alt=\"Coma alimentos que tengan menos grasa saturada y total\"\/>\n  <\/div>\n<div class=\"one_half last\">\n<img decoding=\"async\" src=\"\/wp-content\/uploads\/2019\/06\/Screen-Shot-2019-06-18-at-3.12.23-PM.png\" class=\"aligncenter\" alt=\"Reduzca la ingesta de sodio, ya que el sodio hace que el cuerpo retenga l\u00edquidos, lo que aumenta la presi\u00f3n arterial.\" \/>\n  <\/div>\n<div class=\"one_half\">\n    <img decoding=\"async\" src=\"\/wp-content\/uploads\/2013\/04\/Bananas.png\" alt=\"Coma alimentos ricos en potasio que combatan las complicaciones que se producen debido a los altos niveles de sodio en el cuerpo. Ejemplos de alimentos ricos en potasio incluyen bananas, espinacas, frijoles blancos, papas y batatas\"\/>\n    <\/div>\n<div class=\"one_half last\">\n    <img decoding=\"async\" src=\"\/wp-content\/uploads\/2019\/06\/Screen-Shot-2019-06-18-at-3.14.19-PM.png\" class=\"aligncenter\" alt=\"Limitar el az\u00facar en su dieta puede disminuir el az\u00facar en la sangre y ayudarlo a prevenir la diabetes\"\/>\n    <\/div>\n<\/div>\n<div class=\"two_third last mng-chemo-mob-txt\">\n<ul class=\"about-content\">\n<li>Comer muchas frutas y verduras.<\/li>\n<\/ul>\n<ul class=\"about-content\">\n<li> Cualquier producto l\u00e1cteo consumido debe ser bajo en grasa.<\/li>\n<\/ul>\n<ul class=\"about-content\">\n<li>Coma alimentos que tengan menos grasa saturada y total.<\/li>\n<\/ul>\n<ul class=\"about-content\">\n<li>Reduzca la ingesta de sodio, ya que el sodio hace que el cuerpo retenga l\u00edquidos, lo que aumenta la presi\u00f3n arterial.<\/li>\n<\/ul>\n<ul class=\"about-content\">\n<li>Coma alimentos ricos en potasio que combatan las complicaciones que se producen debido a los altos niveles de sodio en el cuerpo. Ejemplos de alimentos ricos en potasio incluyen bananas, espinacas, frijoles blancos, papas y batatas.<\/li>\n<\/ul>\n<ul class=\"about-content\">\n<li>Limitar el az\u00facar en su dieta puede disminuir el az\u00facar en la sangre y ayudarlo a prevenir la diabetes.<\/li>\n<\/ul>\n<\/div>\n<div class=\"clearboth\"><\/div>\n<div class=\"divider\" id=\"\">\n\t\n\t<\/div>\n<div class=\"risk-factor\">\n<div class=\"symp-pic\"><img decoding=\"async\" src=\"\/wp-content\/uploads\/2019\/06\/Screen-Shot-2019-06-13-at-9.59.45-AM.png\" class=\"aligncenter\" alt=\"Mantenerse activo\" style=\"max-height:150px\" \/><\/div>\n<div class=\"risk-text-wrap\">\n<h5 class=\"section-title\">Mantenerse activo <\/h5>\n<p class=\"section-content\">Trate de hacer por lo menos 90 a 150 minutos de ejercicio de intensidad moderada, como caminar a paso ligero o andar en bicicleta, por semana para fortalecer su coraz\u00f3n. Un coraz\u00f3n m\u00e1s fuerte es capaz de bombear sangre de manera m\u00e1s eficiente y elimina parte de la presi\u00f3n de las arterias, disminuyendo su presi\u00f3n arterial.<\/p>\n<\/div>\n<div class=\"clearboth\"><\/div>\n<\/div>\n<div class=\"divider\" id=\"\">\n\t\n\t<\/div>\n<div class=\"risk-factor\">\n<div class=\"symp-pic\"><img decoding=\"async\" src=\"\/wp-content\/uploads\/2014\/02\/100_alcohol.jpg\" class=\"aligncenter\" alt=\"Limitar el consumo de alcohol\" style=\"height:150px\" \/><\/div>\n<div class=\"risk-text-wrap\">\n<h5 class=\"section-title\">Limitar el consumo de alcohol<\/h5>\n<p class=\"section-content\">El consumo excesivo de alcohol tiene efectos perjudiciales sobre la presi\u00f3n arterial, por lo que limita el consumo de alcohol a 1 a 2 bebidas por d\u00eda. Los hombres no deben tomar m\u00e1s de dos bebidas al d\u00eda, mientras que las mujeres no deben tomar m\u00e1s de una sola bebida al d\u00eda.<\/p>\n<\/div>\n<div class=\"clearboth\"><\/div>\n<\/div>\n<div class=\"divider\" id=\"\">\n\t\n\t<\/div>\n<div class=\"risk-factor\">\n<div class=\"symp-pic\"><img decoding=\"async\" src=\"\/wp-content\/uploads\/2013\/10\/Smoke117x175.png\" class=\"aligncenter\" alt=\"No Fumar\" style=\"height:150px\" \/><\/div>\n<div class=\"risk-text-wrap\">\n<h5 class=\"section-title\">No Fumar<\/h5>\n<p class=\"section-content\">Fumar cigarrillos aumenta enormemente el riesgo de enfermedades del coraz\u00f3n. Si fuma, dejar de fumar disminuir\u00e1 su riesgo de enfermedad card\u00edaca. Busque a su m\u00e9dico para que le sugiera formas de ayudarlo a dejar de fumar. Si actualmente no fuma, no comience o tendr\u00e1 un mayor riesgo de desarrollar una enfermedad card\u00edaca.\n<\/p>\n<\/div>\n<div class=\"clearboth\"><\/div>\n<\/div>\n<div class=\"divider\" id=\"\">\n\t\n\t<\/div>\n<div class=\"risk-factor\">\n<div class=\"symp-pic\"><img decoding=\"async\" src=\"\/wp-content\/uploads\/2013\/04\/Prescriptions-150.jpg\" class=\"aligncenter\" alt=\"Tomar medicamentos recetados\" style=\"height:125px\" \/><\/div>\n<div class=\"risk-text-wrap\">\n<h5 class=\"section-title\">Tomar medicamentos recetados<\/h5>\n<p class=\"section-content\">Si su m\u00e9dico le receta alg\u00fan tipo de medicamento, t\u00f3melo exactamente de la manera que su m\u00e9dico sugiere para controlar su hipertensi\u00f3n.<\/p>\n<\/div>\n<div class=\"clearboth\"><\/div>\n<\/div>\n","protected":false},"excerpt":{"rendered":"<p>C\u00f3mo manejar la hipertensi\u00f3n Si le han diagnosticado presi\u00f3n arterial alta, se pueden tomar medidas para ayudarlo a mantenerla bajo control. Colabore con su m\u00e9dico para determinar qu\u00e9 puede hacer para controlar la hipertensi\u00f3n. Su m\u00e9dico puede sugerir uno o m\u00e1s de los siguientes pasos. Mantenga un registro de sus lecturas de presi\u00f3n arterial La [&hellip;]<\/p>\n","protected":false},"author":5,"featured_media":0,"parent":20477,"menu_order":5,"comment_status":"closed","ping_status":"closed","template":"template-tumor.php","meta":{"footnotes":""},"tags":[10],"class_list":["post-20485","page","type-page","status-publish","hentry","tag-members-only"],"yoast_head":"<!-- This site is optimized with the Yoast SEO plugin v25.0 - https:\/\/yoast.com\/wordpress\/plugins\/seo\/ -->\n<title>CMedEd | Informaci\u00f3n para comprender la hipertensi\u00f3n (presi\u00f3n arterial alta) | C\u00f3mo manejar la hipertensi\u00f3n<\/title>\n<meta name=\"description\" content=\"C\u00f3mo manejar la hipertensi\u00f3n Si le han diagnosticado presi\u00f3n arterial alta, se pueden tomar medidas para ayudarlo a mantenerla bajo control. Colabore con\" \/>\n<meta name=\"robots\" content=\"index, follow, max-snippet:-1, max-image-preview:large, max-video-preview:-1\" \/>\n<link rel=\"canonical\" href=\"https:\/\/cmeded.com\/es\/chronic-disease\/understanding-hypertension\/management\/\" \/>\n<meta property=\"og:locale\" content=\"es_ES\" \/>\n<meta property=\"og:type\" content=\"article\" \/>\n<meta property=\"og:title\" content=\"CMedEd | Informaci\u00f3n para comprender la hipertensi\u00f3n (presi\u00f3n arterial alta) | C\u00f3mo manejar la hipertensi\u00f3n\" \/>\n<meta property=\"og:description\" content=\"C\u00f3mo manejar la hipertensi\u00f3n Si le han diagnosticado presi\u00f3n arterial alta, se pueden tomar medidas para ayudarlo a mantenerla bajo control. Colabore con\" \/>\n<meta property=\"og:url\" content=\"https:\/\/cmeded.com\/es\/chronic-disease\/understanding-hypertension\/management\/\" \/>\n<meta property=\"og:site_name\" content=\"CMedEd\" \/>\n<meta property=\"article:modified_time\" content=\"2023-08-24T23:47:39+00:00\" \/>\n<meta name=\"twitter:card\" content=\"summary_large_image\" \/>\n<meta name=\"twitter:label1\" content=\"Tiempo de lectura\" \/>\n\t<meta name=\"twitter:data1\" content=\"3 minutos\" \/>\n<script type=\"application\/ld+json\" class=\"yoast-schema-graph\">{\"@context\":\"https:\/\/schema.org\",\"@graph\":[{\"@type\":\"WebPage\",\"@id\":\"https:\/\/cmeded.com\/es\/chronic-disease\/understanding-hypertension\/management\/\",\"url\":\"https:\/\/cmeded.com\/es\/chronic-disease\/understanding-hypertension\/management\/\",\"name\":\"CMedEd | Informaci\u00f3n para comprender la hipertensi\u00f3n (presi\u00f3n arterial alta) | C\u00f3mo manejar la hipertensi\u00f3n\",\"isPartOf\":{\"@id\":\"https:\/\/cmeded.com\/es\/#website\"},\"datePublished\":\"2019-06-25T20:20:14+00:00\",\"dateModified\":\"2023-08-24T23:47:39+00:00\",\"description\":\"C\u00f3mo manejar la hipertensi\u00f3n Si le han diagnosticado presi\u00f3n arterial alta, se pueden tomar medidas para ayudarlo a mantenerla bajo control. Colabore con\",\"breadcrumb\":{\"@id\":\"https:\/\/cmeded.com\/es\/chronic-disease\/understanding-hypertension\/management\/#breadcrumb\"},\"inLanguage\":\"es\",\"potentialAction\":[{\"@type\":\"ReadAction\",\"target\":[\"https:\/\/cmeded.com\/es\/chronic-disease\/understanding-hypertension\/management\/\"]}]},{\"@type\":\"BreadcrumbList\",\"@id\":\"https:\/\/cmeded.com\/es\/chronic-disease\/understanding-hypertension\/management\/#breadcrumb\",\"itemListElement\":[{\"@type\":\"ListItem\",\"position\":1,\"name\":\"Home\",\"item\":\"https:\/\/cmeded.com\/es\/\"},{\"@type\":\"ListItem\",\"position\":2,\"name\":\"Enfermedades cr\u00f3nicas\",\"item\":\"https:\/\/cmeded.com\/es\/chronic-disease\/\"},{\"@type\":\"ListItem\",\"position\":3,\"name\":\"Informaci\u00f3n para comprender la hipertensi\u00f3n (presi\u00f3n arterial alta)\",\"item\":\"https:\/\/cmeded.com\/es\/chronic-disease\/understanding-hypertension\/\"},{\"@type\":\"ListItem\",\"position\":4,\"name\":\"C\u00f3mo manejar la hipertensi\u00f3n\"}]},{\"@type\":\"WebSite\",\"@id\":\"https:\/\/cmeded.com\/es\/#website\",\"url\":\"https:\/\/cmeded.com\/es\/\",\"name\":\"CMedEd\",\"description\":\"Recurso principal de informaci\u00f3n sobre el c\u00e1ncer\",\"potentialAction\":[{\"@type\":\"SearchAction\",\"target\":{\"@type\":\"EntryPoint\",\"urlTemplate\":\"https:\/\/cmeded.com\/es\/?s={search_term_string}\"},\"query-input\":{\"@type\":\"PropertyValueSpecification\",\"valueRequired\":true,\"valueName\":\"search_term_string\"}}],\"inLanguage\":\"es\"}]}<\/script>\n<!-- \/ Yoast SEO plugin. -->","yoast_head_json":{"title":"CMedEd | Informaci\u00f3n para comprender la hipertensi\u00f3n (presi\u00f3n arterial alta) | C\u00f3mo manejar la hipertensi\u00f3n","description":"C\u00f3mo manejar la hipertensi\u00f3n Si le han diagnosticado presi\u00f3n arterial alta, se pueden tomar medidas para ayudarlo a mantenerla bajo control. Colabore con","robots":{"index":"index","follow":"follow","max-snippet":"max-snippet:-1","max-image-preview":"max-image-preview:large","max-video-preview":"max-video-preview:-1"},"canonical":"https:\/\/cmeded.com\/es\/chronic-disease\/understanding-hypertension\/management\/","og_locale":"es_ES","og_type":"article","og_title":"CMedEd | Informaci\u00f3n para comprender la hipertensi\u00f3n (presi\u00f3n arterial alta) | C\u00f3mo manejar la hipertensi\u00f3n","og_description":"C\u00f3mo manejar la hipertensi\u00f3n Si le han diagnosticado presi\u00f3n arterial alta, se pueden tomar medidas para ayudarlo a mantenerla bajo control. Colabore con","og_url":"https:\/\/cmeded.com\/es\/chronic-disease\/understanding-hypertension\/management\/","og_site_name":"CMedEd","article_modified_time":"2023-08-24T23:47:39+00:00","twitter_card":"summary_large_image","twitter_misc":{"Tiempo de lectura":"3 minutos"},"schema":{"@context":"https:\/\/schema.org","@graph":[{"@type":"WebPage","@id":"https:\/\/cmeded.com\/es\/chronic-disease\/understanding-hypertension\/management\/","url":"https:\/\/cmeded.com\/es\/chronic-disease\/understanding-hypertension\/management\/","name":"CMedEd | Informaci\u00f3n para comprender la hipertensi\u00f3n (presi\u00f3n arterial alta) | C\u00f3mo manejar la hipertensi\u00f3n","isPartOf":{"@id":"https:\/\/cmeded.com\/es\/#website"},"datePublished":"2019-06-25T20:20:14+00:00","dateModified":"2023-08-24T23:47:39+00:00","description":"C\u00f3mo manejar la hipertensi\u00f3n Si le han diagnosticado presi\u00f3n arterial alta, se pueden tomar medidas para ayudarlo a mantenerla bajo control. Colabore con","breadcrumb":{"@id":"https:\/\/cmeded.com\/es\/chronic-disease\/understanding-hypertension\/management\/#breadcrumb"},"inLanguage":"es","potentialAction":[{"@type":"ReadAction","target":["https:\/\/cmeded.com\/es\/chronic-disease\/understanding-hypertension\/management\/"]}]},{"@type":"BreadcrumbList","@id":"https:\/\/cmeded.com\/es\/chronic-disease\/understanding-hypertension\/management\/#breadcrumb","itemListElement":[{"@type":"ListItem","position":1,"name":"Home","item":"https:\/\/cmeded.com\/es\/"},{"@type":"ListItem","position":2,"name":"Enfermedades cr\u00f3nicas","item":"https:\/\/cmeded.com\/es\/chronic-disease\/"},{"@type":"ListItem","position":3,"name":"Informaci\u00f3n para comprender la hipertensi\u00f3n (presi\u00f3n arterial alta)","item":"https:\/\/cmeded.com\/es\/chronic-disease\/understanding-hypertension\/"},{"@type":"ListItem","position":4,"name":"C\u00f3mo manejar la hipertensi\u00f3n"}]},{"@type":"WebSite","@id":"https:\/\/cmeded.com\/es\/#website","url":"https:\/\/cmeded.com\/es\/","name":"CMedEd","description":"Recurso principal de informaci\u00f3n sobre el c\u00e1ncer","potentialAction":[{"@type":"SearchAction","target":{"@type":"EntryPoint","urlTemplate":"https:\/\/cmeded.com\/es\/?s={search_term_string}"},"query-input":{"@type":"PropertyValueSpecification","valueRequired":true,"valueName":"search_term_string"}}],"inLanguage":"es"}]}},"_links":{"self":[{"href":"https:\/\/cmeded.com\/es\/wp-json\/wp\/v2\/pages\/20485","targetHints":{"allow":["GET"]}}],"collection":[{"href":"https:\/\/cmeded.com\/es\/wp-json\/wp\/v2\/pages"}],"about":[{"href":"https:\/\/cmeded.com\/es\/wp-json\/wp\/v2\/types\/page"}],"author":[{"embeddable":true,"href":"https:\/\/cmeded.com\/es\/wp-json\/wp\/v2\/users\/5"}],"replies":[{"embeddable":true,"href":"https:\/\/cmeded.com\/es\/wp-json\/wp\/v2\/comments?post=20485"}],"version-history":[{"count":0,"href":"https:\/\/cmeded.com\/es\/wp-json\/wp\/v2\/pages\/20485\/revisions"}],"up":[{"embeddable":true,"href":"https:\/\/cmeded.com\/es\/wp-json\/wp\/v2\/pages\/20477"}],"wp:attachment":[{"href":"https:\/\/cmeded.com\/es\/wp-json\/wp\/v2\/media?parent=20485"}],"wp:term":[{"taxonomy":"post_tag","embeddable":true,"href":"https:\/\/cmeded.com\/es\/wp-json\/wp\/v2\/tags?post=20485"}],"curies":[{"name":"wp","href":"https:\/\/api.w.org\/{rel}","templated":true}]}}