{"id":20483,"date":"2019-06-25T15:12:22","date_gmt":"2019-06-25T20:12:22","guid":{"rendered":"https:\/\/cmeded.com\/es\/?page_id=20483"},"modified":"2023-08-24T18:47:39","modified_gmt":"2023-08-24T23:47:39","slug":"complications","status":"publish","type":"page","link":"https:\/\/cmeded.com\/es\/chronic-disease\/understanding-hypertension\/complications\/","title":{"rendered":"Complicaciones"},"content":{"rendered":"<h4 class=\"section-title\">Complicaciones<\/h4>\n<p class=\"section-content\">La presi\u00f3n excesiva en las paredes arteriales causada por la presi\u00f3n arterial alta puede tener efectos graves en el cuerpo. Cuanto mayor sea la presi\u00f3n arterial y m\u00e1s tiempo se deje sin controlar, mayor ser\u00e1 el da\u00f1o en el cuerpo. Cualquiera de las siguientes condiciones puede resultar de la hipertensi\u00f3n no controlada.<\/p>\n<div class=\"divider\" id=\"\">\n\t\n\t<\/div>\n<div class=\"risk-factor\">\n<div class=\"risk-pic\">\n<div id=\"caption\" style=\"width: 160px\" class=\"wp-caption aligncenter\"><a href='\/wp-content\/uploads\/sites\/4\/2015\/08\/HeartAttack-r2-es.jpg' title='Go to enlarged image.'><img decoding=\"async\" aria-describedby=\"caption-caption\" src=\"\/wp-content\/uploads\/sites\/4\/2015\/08\/HeartAttack-r2-es.jpg\" class=\"aligncenter\" alt=\"Ataque al coraz\u00f3n o trazo\" style=\"height:125px\" \/><\/a><p id=\"caption-caption\" class=\"wp-caption-text\">Click Image to Enlarge.<\/p><\/div>\n<\/div>\n<div class=\"risk-text\">\n<h5 class=\"section-title\">Ataque al coraz\u00f3n o trazo<\/h5>\n<p class=\"section-content\">La hipertensi\u00f3n hace que las arterias se bloqueen, lo que impide el flujo de sangre al coraz\u00f3n. Este bloqueo puede provocar un ataque card\u00edaco o un derrame cerebral.<\/p>\n<\/div>\n<div class=\"clearboth\"><\/div>\n<\/div>\n<div class=\"divider\" id=\"\">\n\t\n\t<\/div>\n<div class=\"risk-factor\">\n<div class=\"risk-pic\">\n<div id=\"caption\" style=\"width: 160px\" class=\"wp-caption aligncenter\"><a href='\/wp-content\/uploads\/sites\/4\/2015\/08\/AorticAneurysm-es.jpg' title='Go to enlarged image.'><img decoding=\"async\" aria-describedby=\"caption-caption\" src=\"\/wp-content\/uploads\/sites\/4\/2015\/08\/AorticAneurysm-es.jpg\" class=\"aligncenter\" alt=\"Aneurisma\" style=\"height:125px\" \/><\/a><p id=\"caption-caption\" class=\"wp-caption-text\">Click Image to Enlarge.<\/p><\/div>\n<\/div>\n<h5 class=\"section-title\">Aneurisma<\/h5>\n<p class=\"section-content\">La presi\u00f3n arterial alta puede hacer que los vasos se abulten y se debiliten. Si se forma un aneurisma, puede estallar, lo que puede ser potencialmente mortal.<\/p>\n<div class=\"risk-text\">\n<\/div>\n<div class=\"clearboth\"><\/div>\n<\/div>\n<div class=\"divider\" id=\"\">\n\t\n\t<\/div>\n<div class=\"risk-factor\">\n<div class=\"risk-pic\">\n<div id=\"caption\" style=\"width: 160px\" class=\"wp-caption aligncenter\"><a href='\/wp-content\/uploads\/sites\/4\/2015\/08\/Congestive-Heart-Failure-r3-es.jpg' title='Go to enlarged image.'><img decoding=\"async\" aria-describedby=\"caption-caption\" src=\"\/wp-content\/uploads\/sites\/4\/2015\/08\/Congestive-Heart-Failure-r3-es.jpg\" class=\"aligncenter\" alt=\"Fallo Cardiaco\" style=\"height:125px\" \/><\/a><p id=\"caption-caption\" class=\"wp-caption-text\">Click Image to Enlarge.<\/p><\/div>\n<\/div>\n<div class=\"risk-text\">\n<h5 class=\"section-title\">Fallo Cardiaco<\/h5>\n<p class=\"section-content\">Debido a que el coraz\u00f3n debe sobrecargarse para bombear sangre a todo el cuerpo, las paredes de la c\u00e1mara se engrosan. Eventualmente, el coraz\u00f3n puede ser incapaz de bombear sangre con sus paredes gruesas. Si esto ocurre, es posible que el coraz\u00f3n ya no pueda suministrar sangre al<br \/>\ncuerpo, lo que lleva a una insuficiencia card\u00edaca.<\/p>\n<\/div>\n<div class=\"clearboth\"><\/div>\n<\/div>\n<div class=\"divider\" id=\"\">\n\t\n\t<\/div>\n<div class=\"risk-factor\">\n<div class=\"risk-pic\">\n<div id=\"caption\" style=\"width: 160px\" class=\"wp-caption aligncenter\"><a href='\/wp-content\/uploads\/2019\/06\/New-Kidney-PSF.jpg' title='Go to enlarged image.'><img decoding=\"async\" aria-describedby=\"caption-caption\" src=\"\/wp-content\/uploads\/2019\/06\/New-Kidney-PSF.jpg\" class=\"aligncenter\" alt=\"Enfermedad o insuficiencia renal\" style=\"height:125px\" \/><\/a><p id=\"caption-caption\" class=\"wp-caption-text\">Click Image to Enlarge.<\/p><\/div>\n<\/div>\n<div class=\"risk-text\">\n<h5 class=\"section-title\">Enfermedad o insuficiencia renal<\/h5>\n<p class=\"section-content\">Debido a la hipertensi\u00f3n, los vasos en los ri\u00f1ones pueden debilitarse y estrecharse. Esto evita que los ri\u00f1ones funcionen correctamente y pueden causar insuficiencia renal o enfermedad.<\/p>\n<\/div>\n<div class=\"clearboth\"><\/div>\n<\/div>\n<div class=\"divider\" id=\"\">\n\t\n\t<\/div>\n<div class=\"risk-factor\">\n<div class=\"risk-pic\">\n<p><img decoding=\"async\" src=\"\/wp-content\/uploads\/2013\/05\/woman-with-glasses-200.jpg\" class=\"aligncenter\" alt=\"P\u00e9rdida de la visi\u00f3n\" style=\"height:125px\"><\/p>\n<\/div>\n<div class=\"risk-text\">\n<h5 class=\"section-title\">P\u00e9rdida de la visi\u00f3n<\/h5>\n<p class=\"section-content\">La p\u00e9rdida de la visi\u00f3n puede ocurrir cuando los vasos sangu\u00edneos de los ojos se vuelven estrechos o se desgarran debido a la presi\u00f3n arterial alta.<\/p>\n<\/div>\n<div class=\"clearboth\"><\/div>\n<\/div>\n<div class=\"divider\" id=\"\">\n\t\n\t<\/div>\n<div class=\"risk-factor\">\n<div class=\"risk-pic\">\n<p><img decoding=\"async\" src=\"\/wp-content\/uploads\/2019\/06\/ObeseWoman.jpg\" class=\"aligncenter\" alt=\"S\u00edndrome metab\u00f3lico\" style=\"height:125px\"><\/p>\n<\/div>\n<div class=\"risk-text\">\n<h5 class=\"section-title\">S\u00edndrome metab\u00f3lico<\/h5>\n<p class=\"section-content\">El s\u00edndrome metab\u00f3lico involucra muchos trastornos del metabolismo del cuerpo, incluida la presi\u00f3n arterial alta. Las condiciones pueden conducir al desarrollo de diabetes, enfermedad card\u00edaca o accidente cerebrovascular. Un signo del desarrollo del s\u00edndrome metab\u00f3lico es una gran circunferencia de la cintura.<\/p>\n<\/div>\n<div class=\"clearboth\"><\/div>\n<\/div>\n<div class=\"divider\" id=\"\">\n\t\n\t<\/div>\n<div class=\"risk-factor\">\n<div class=\"risk-pic\">\n<p><img decoding=\"async\" src=\"\/wp-content\/uploads\/2019\/06\/Confusion-2.jpg\" class=\"aligncenter\" alt=\"Problemas de memoria y aprendizaje\" style=\"height:125px\"><\/p>\n<\/div>\n<div class=\"risk-text\">\n<h5 class=\"section-title\">Problemas de memoria y aprendizaje<\/h5>\n<p class=\"section-content\">La presi\u00f3n arterial alta tambi\u00e9n puede afectar la capacidad de pensar, recordar y aprender.<\/p>\n<\/div>\n<div class=\"clearboth\"><\/div>\n<\/div>\n<div class=\"divider\" id=\"\">\n\t\n\t<\/div>\n<div class=\"risk-factor\">\n<div class=\"risk-pic\">\n<p><img decoding=\"async\" src=\"\/wp-content\/uploads\/2019\/06\/Pale-Complexion.jpg\" class=\"aligncenter\" alt=\"Demencia\" style=\"height:150px\"><\/p>\n<\/div>\n<div class=\"risk-text\">\n<h5 class=\"section-title\">Demencia<\/h5>\n<p class=\"section-content\">Cuando los vasos sangu\u00edneos bloqueados resultan de una hipertensi\u00f3n no controlada, el flujo de sangre al cerebro puede ser limitado. La falta de sangre en el cerebro puede llevar a un cierto tipo de demencia conocida como demencia vascular.<\/p>\n<\/div>\n<div class=\"clearboth\"><\/div>\n<\/div>\n<div class=\"divider\" id=\"\">\n\t\n\t<\/div>\n<div class=\"risk-factor\">\n<div class=\"risk-pic\">\n<p><img decoding=\"async\" src=\"\/wp-content\/uploads\/2013\/03\/Impotence200.jpg\" class=\"aligncenter\" alt=\"Disfunci\u00f3n sexual\" style=\"height:125px\"><\/p>\n<\/div>\n<div class=\"risk-text\">\n<h5 class=\"section-title\">Disfunci\u00f3n sexual<\/h5>\n<p class=\"section-content\">La presi\u00f3n arterial alta puede provocar disfunci\u00f3n er\u00e9ctil en los hombres o baja libido en las mujeres.<\/p>\n<\/div>\n<div class=\"clearboth\"><\/div>\n<\/div>\n<div class=\"divider\" id=\"\">\n\t\n\t<\/div>\n<div class=\"risk-factor\">\n<div class=\"risk-pic\">\n<div id=\"caption\" style=\"width: 160px\" class=\"wp-caption aligncenter\"><a href='\/wp-content\/uploads\/sites\/4\/2015\/08\/AnginaR1-es.jpg' title='Go to enlarged image.'><img decoding=\"async\" aria-describedby=\"caption-caption\" src=\"\/wp-content\/uploads\/sites\/4\/2015\/08\/AnginaR1-es.jpg\" class=\"aligncenter\" alt=\"Angina\" style=\"height:125px\" \/><\/a><p id=\"caption-caption\" class=\"wp-caption-text\">Click Image to Enlarge.<\/p><\/div>\n<\/div>\n<div class=\"risk-text\">\n<h5 class=\"section-title\">Angina<\/h5>\n<p class=\"section-content\">La angina es un dolor en el pecho y es un s\u00edntoma com\u00fan de la enfermedad microvascular (MVD), que es una enfermedad del coraz\u00f3n que puede ser causada por la presi\u00f3n arterial alta no controlada.<\/p>\n<\/div>\n<div class=\"clearboth\"><\/div>\n<\/div>\n<div class=\"divider\" id=\"\">\n\t\n\t<\/div>\n<div class=\"risk-factor\">\n<div class=\"risk-pic\">\n<div id=\"caption\" style=\"width: 160px\" class=\"wp-caption aligncenter\"><a href='\/wp-content\/uploads\/sites\/4\/2015\/08\/CoronaryArteryDisease-es.jpg' title='Go to enlarged image.'><img decoding=\"async\" aria-describedby=\"caption-caption\" src=\"\/wp-content\/uploads\/sites\/4\/2015\/08\/CoronaryArteryDisease-es.jpg\" class=\"aligncenter\" alt=\"Enfermedad Arterial Perif\u00e9rica (PAD)\" style=\"height:125px\" \/><\/a><p id=\"caption-caption\" class=\"wp-caption-text\">Click Image to Enlarge.<\/p><\/div>\n<\/div>\n<div class=\"risk-text\">\n<h5 class=\"section-title\">Enfermedad Arterial Perif\u00e9rica (PAD)<\/h5>\n<p class=\"section-content\">Cuando las arterias se vuelven gruesas y r\u00edgidas, no pueden transportar sangre al resto del cuerpo para mantener los \u00f3rganos en funcionamiento. Esto puede causar PAD junto con dolor y fatiga en el paciente.<\/p>\n<\/div>\n<div class=\"clearboth\"><\/div>\n<\/div>\n","protected":false},"excerpt":{"rendered":"<p>Complicaciones La presi\u00f3n excesiva en las paredes arteriales causada por la presi\u00f3n arterial alta puede tener efectos graves en el cuerpo. Cuanto mayor sea la presi\u00f3n arterial y m\u00e1s tiempo se deje sin controlar, mayor ser\u00e1 el da\u00f1o en el cuerpo. Cualquiera de las siguientes condiciones puede resultar de la hipertensi\u00f3n no controlada. Ataque al [&hellip;]<\/p>\n","protected":false},"author":5,"featured_media":0,"parent":20477,"menu_order":4,"comment_status":"closed","ping_status":"closed","template":"template-tumor.php","meta":{"footnotes":""},"tags":[10],"class_list":["post-20483","page","type-page","status-publish","hentry","tag-members-only"],"yoast_head":"<!-- This site is optimized with the Yoast SEO plugin v25.0 - https:\/\/yoast.com\/wordpress\/plugins\/seo\/ -->\n<title>CMedEd | Informaci\u00f3n para comprender la hipertensi\u00f3n (presi\u00f3n arterial alta) | Complicaciones<\/title>\n<meta name=\"description\" content=\"Complicaciones La presi\u00f3n excesiva en las paredes arteriales causada por la presi\u00f3n arterial alta puede tener efectos graves en el cuerpo. Cuanto mayor\" \/>\n<meta name=\"robots\" content=\"index, follow, max-snippet:-1, max-image-preview:large, max-video-preview:-1\" \/>\n<link rel=\"canonical\" href=\"https:\/\/cmeded.com\/es\/chronic-disease\/understanding-hypertension\/complications\/\" \/>\n<meta property=\"og:locale\" content=\"es_ES\" \/>\n<meta property=\"og:type\" content=\"article\" \/>\n<meta property=\"og:title\" content=\"CMedEd | Informaci\u00f3n para comprender la hipertensi\u00f3n (presi\u00f3n arterial alta) | Complicaciones\" \/>\n<meta property=\"og:description\" content=\"Complicaciones La presi\u00f3n excesiva en las paredes arteriales causada por la presi\u00f3n arterial alta puede tener efectos graves en el cuerpo. Cuanto mayor\" \/>\n<meta property=\"og:url\" content=\"https:\/\/cmeded.com\/es\/chronic-disease\/understanding-hypertension\/complications\/\" \/>\n<meta property=\"og:site_name\" content=\"CMedEd\" \/>\n<meta property=\"article:modified_time\" content=\"2023-08-24T23:47:39+00:00\" \/>\n<meta name=\"twitter:card\" content=\"summary_large_image\" \/>\n<meta name=\"twitter:label1\" content=\"Tiempo de lectura\" \/>\n\t<meta name=\"twitter:data1\" content=\"3 minutos\" \/>\n<script type=\"application\/ld+json\" class=\"yoast-schema-graph\">{\"@context\":\"https:\/\/schema.org\",\"@graph\":[{\"@type\":\"WebPage\",\"@id\":\"https:\/\/cmeded.com\/es\/chronic-disease\/understanding-hypertension\/complications\/\",\"url\":\"https:\/\/cmeded.com\/es\/chronic-disease\/understanding-hypertension\/complications\/\",\"name\":\"CMedEd | Informaci\u00f3n para comprender la hipertensi\u00f3n (presi\u00f3n arterial alta) | Complicaciones\",\"isPartOf\":{\"@id\":\"https:\/\/cmeded.com\/es\/#website\"},\"datePublished\":\"2019-06-25T20:12:22+00:00\",\"dateModified\":\"2023-08-24T23:47:39+00:00\",\"description\":\"Complicaciones La presi\u00f3n excesiva en las paredes arteriales causada por la presi\u00f3n arterial alta puede tener efectos graves en el cuerpo. Cuanto mayor\",\"breadcrumb\":{\"@id\":\"https:\/\/cmeded.com\/es\/chronic-disease\/understanding-hypertension\/complications\/#breadcrumb\"},\"inLanguage\":\"es\",\"potentialAction\":[{\"@type\":\"ReadAction\",\"target\":[\"https:\/\/cmeded.com\/es\/chronic-disease\/understanding-hypertension\/complications\/\"]}]},{\"@type\":\"BreadcrumbList\",\"@id\":\"https:\/\/cmeded.com\/es\/chronic-disease\/understanding-hypertension\/complications\/#breadcrumb\",\"itemListElement\":[{\"@type\":\"ListItem\",\"position\":1,\"name\":\"Home\",\"item\":\"https:\/\/cmeded.com\/es\/\"},{\"@type\":\"ListItem\",\"position\":2,\"name\":\"Enfermedades cr\u00f3nicas\",\"item\":\"https:\/\/cmeded.com\/es\/chronic-disease\/\"},{\"@type\":\"ListItem\",\"position\":3,\"name\":\"Informaci\u00f3n para comprender la hipertensi\u00f3n (presi\u00f3n arterial alta)\",\"item\":\"https:\/\/cmeded.com\/es\/chronic-disease\/understanding-hypertension\/\"},{\"@type\":\"ListItem\",\"position\":4,\"name\":\"Complicaciones\"}]},{\"@type\":\"WebSite\",\"@id\":\"https:\/\/cmeded.com\/es\/#website\",\"url\":\"https:\/\/cmeded.com\/es\/\",\"name\":\"CMedEd\",\"description\":\"Recurso principal de informaci\u00f3n sobre el c\u00e1ncer\",\"potentialAction\":[{\"@type\":\"SearchAction\",\"target\":{\"@type\":\"EntryPoint\",\"urlTemplate\":\"https:\/\/cmeded.com\/es\/?s={search_term_string}\"},\"query-input\":{\"@type\":\"PropertyValueSpecification\",\"valueRequired\":true,\"valueName\":\"search_term_string\"}}],\"inLanguage\":\"es\"}]}<\/script>\n<!-- \/ Yoast SEO plugin. -->","yoast_head_json":{"title":"CMedEd | Informaci\u00f3n para comprender la hipertensi\u00f3n (presi\u00f3n arterial alta) | Complicaciones","description":"Complicaciones La presi\u00f3n excesiva en las paredes arteriales causada por la presi\u00f3n arterial alta puede tener efectos graves en el cuerpo. Cuanto mayor","robots":{"index":"index","follow":"follow","max-snippet":"max-snippet:-1","max-image-preview":"max-image-preview:large","max-video-preview":"max-video-preview:-1"},"canonical":"https:\/\/cmeded.com\/es\/chronic-disease\/understanding-hypertension\/complications\/","og_locale":"es_ES","og_type":"article","og_title":"CMedEd | Informaci\u00f3n para comprender la hipertensi\u00f3n (presi\u00f3n arterial alta) | Complicaciones","og_description":"Complicaciones La presi\u00f3n excesiva en las paredes arteriales causada por la presi\u00f3n arterial alta puede tener efectos graves en el cuerpo. Cuanto mayor","og_url":"https:\/\/cmeded.com\/es\/chronic-disease\/understanding-hypertension\/complications\/","og_site_name":"CMedEd","article_modified_time":"2023-08-24T23:47:39+00:00","twitter_card":"summary_large_image","twitter_misc":{"Tiempo de lectura":"3 minutos"},"schema":{"@context":"https:\/\/schema.org","@graph":[{"@type":"WebPage","@id":"https:\/\/cmeded.com\/es\/chronic-disease\/understanding-hypertension\/complications\/","url":"https:\/\/cmeded.com\/es\/chronic-disease\/understanding-hypertension\/complications\/","name":"CMedEd | Informaci\u00f3n para comprender la hipertensi\u00f3n (presi\u00f3n arterial alta) | Complicaciones","isPartOf":{"@id":"https:\/\/cmeded.com\/es\/#website"},"datePublished":"2019-06-25T20:12:22+00:00","dateModified":"2023-08-24T23:47:39+00:00","description":"Complicaciones La presi\u00f3n excesiva en las paredes arteriales causada por la presi\u00f3n arterial alta puede tener efectos graves en el cuerpo. Cuanto mayor","breadcrumb":{"@id":"https:\/\/cmeded.com\/es\/chronic-disease\/understanding-hypertension\/complications\/#breadcrumb"},"inLanguage":"es","potentialAction":[{"@type":"ReadAction","target":["https:\/\/cmeded.com\/es\/chronic-disease\/understanding-hypertension\/complications\/"]}]},{"@type":"BreadcrumbList","@id":"https:\/\/cmeded.com\/es\/chronic-disease\/understanding-hypertension\/complications\/#breadcrumb","itemListElement":[{"@type":"ListItem","position":1,"name":"Home","item":"https:\/\/cmeded.com\/es\/"},{"@type":"ListItem","position":2,"name":"Enfermedades cr\u00f3nicas","item":"https:\/\/cmeded.com\/es\/chronic-disease\/"},{"@type":"ListItem","position":3,"name":"Informaci\u00f3n para comprender la hipertensi\u00f3n (presi\u00f3n arterial alta)","item":"https:\/\/cmeded.com\/es\/chronic-disease\/understanding-hypertension\/"},{"@type":"ListItem","position":4,"name":"Complicaciones"}]},{"@type":"WebSite","@id":"https:\/\/cmeded.com\/es\/#website","url":"https:\/\/cmeded.com\/es\/","name":"CMedEd","description":"Recurso principal de informaci\u00f3n sobre el c\u00e1ncer","potentialAction":[{"@type":"SearchAction","target":{"@type":"EntryPoint","urlTemplate":"https:\/\/cmeded.com\/es\/?s={search_term_string}"},"query-input":{"@type":"PropertyValueSpecification","valueRequired":true,"valueName":"search_term_string"}}],"inLanguage":"es"}]}},"_links":{"self":[{"href":"https:\/\/cmeded.com\/es\/wp-json\/wp\/v2\/pages\/20483","targetHints":{"allow":["GET"]}}],"collection":[{"href":"https:\/\/cmeded.com\/es\/wp-json\/wp\/v2\/pages"}],"about":[{"href":"https:\/\/cmeded.com\/es\/wp-json\/wp\/v2\/types\/page"}],"author":[{"embeddable":true,"href":"https:\/\/cmeded.com\/es\/wp-json\/wp\/v2\/users\/5"}],"replies":[{"embeddable":true,"href":"https:\/\/cmeded.com\/es\/wp-json\/wp\/v2\/comments?post=20483"}],"version-history":[{"count":0,"href":"https:\/\/cmeded.com\/es\/wp-json\/wp\/v2\/pages\/20483\/revisions"}],"up":[{"embeddable":true,"href":"https:\/\/cmeded.com\/es\/wp-json\/wp\/v2\/pages\/20477"}],"wp:attachment":[{"href":"https:\/\/cmeded.com\/es\/wp-json\/wp\/v2\/media?parent=20483"}],"wp:term":[{"taxonomy":"post_tag","embeddable":true,"href":"https:\/\/cmeded.com\/es\/wp-json\/wp\/v2\/tags?post=20483"}],"curies":[{"name":"wp","href":"https:\/\/api.w.org\/{rel}","templated":true}]}}