{"id":20441,"date":"2019-02-11T14:54:05","date_gmt":"2019-02-11T20:54:05","guid":{"rendered":"https:\/\/cmeded.com\/es\/?page_id=20441"},"modified":"2023-08-24T18:47:45","modified_gmt":"2023-08-24T23:47:45","slug":"staging-system-explained","status":"publish","type":"page","link":"https:\/\/cmeded.com\/es\/cancer-explained\/staging-system-explained\/","title":{"rendered":"Estadificaci\u00f3n de C\u00e1ncer"},"content":{"rendered":"<h3 class=\"page-title\" style=\"width:100%;\">Sistema de estadificaci\u00f3n<\/h3>\n<div class=\"divider double \" id=\"\">\n\t\n\t<\/div>\n<div class=\"printer-icon\" onClick=\"window.print()\"><span class=\"print-text\">Print<\/span><\/div>\n<h4 class=\"section-title\">\u00bfQue es la estadificaci\u00f3n de C\u00e1ncer?<br \/>\n<\/h4>\n<p class=\"section-content\">La estadificaci\u00f3n se refiere al grado de su c\u00e1ncer, como el tama\u00f1o del tumor y si se ha diseminado. Siempre se hace referencia a un c\u00e1ncer como la etapa que se le dio en el momento del diagn\u00f3stico, incluso si empeora o se propaga. El sistema TNM es la herramienta m\u00e1s utilizada para describir la etapa del c\u00e1ncer de seno. Las pautas de estadificaci\u00f3n se actualizaron en 2018 y se agreg\u00f3 la etapa de pron\u00f3stico. La etapa de pron\u00f3stico agrega el grado (G), ER \/ PR, Her2 \/ neu y el estado al sistema TNM. Con esta informaci\u00f3n adicional, la estadificaci\u00f3n de c\u00e1ncer de seno se ha vuelto m\u00e1s compleja que otros tipos de c\u00e1ncer. Debido a esto, es mejor preguntarle a su m\u00e9dico sobre su etapa espec\u00edfica y lo que significa.<\/p>\n<div class=\"divider\" id=\"\">\n\t\n\t<\/div>\n<h4 id=\"risk-factors\" class=\"section-title\">Los detalles del sistema TNM para el c\u00e1ncer de mama son:<\/h4>\n<p class=\"section-content\">T seguido de un n\u00famero del 0 al 4 describe el tama\u00f1o del tumor primario y si se ha extendido a la pared tor\u00e1cica debajo de los senos. Cuanto mayor sea el n\u00famero T, mayor ser\u00e1 el tama\u00f1o del tumor y si se ha diseminado a los tejidos cercanos al seno.\n<\/p>\n<p class=\"section-content\">N seguido de un n\u00famero del 0 al 3, indica si el c\u00e1ncer se ha diseminado a los ganglios linf\u00e1ticos cercanos al seno y la cantidad de ganglios linf\u00e1ticos involucrados.<\/p>\n<p class=\"section-content\">M seguido de 0 o 1 indica si el c\u00e1ncer se ha diseminado a \u00f3rganos distantes, pulmones, h\u00edgado o huesos. <\/p>\n<div class=\"divider\" id=\"\">\n\t\n\t<\/div>\n<div class=\"risk-factor\">\n<div class=\"risk-pic\"><img decoding=\"async\" class=\"aligncenter\" src=\"\/wp-content\/uploads\/2019\/02\/Screen-Shot-2019-02-06-at-10.39.48-PM.png\" max-height:200px alt=\"tumor primario\" \/><\/div>\n<div class=\"risk-text\">\n<h5 class=\"section-title\">T es representativo de un tumor primario.<br \/>\n<\/h5>\n<p class=\"section-content\">TX: Tumor primario no se puede evaluar.<\/p>\n<p class=\"section-content\">T0: Tumor principal no se puede encontrar.<\/p>\n<p class=\"section-content\">Tis: carcinoma in situ; El c\u00e1ncer no se ha diseminado al tejido circundante.<\/p>\n<p class=\"section-content\">T1: Tumor mide 2 cm o menos de di\u00e1metro.<\/p>\n<p class=\"section-content\">T2: Tumor mide m\u00e1s de 2 cm pero menos de 5 cm.<\/p>\n<p class=\"section-content\">T3: Tumor mide m\u00e1s de 5 cm de di\u00e1metro.<\/p>\n<p class=\"section-content\">T4: Tumor ha crecido hacia la pared tor\u00e1cica, la piel o ambas.<\/p>\n<\/div>\n<div class=\"clearboth\"><\/div>\n<\/div>\n<div class=\"divider\" id=\"\">\n\t\n\t<\/div>\n<div class=\"risk-factor\">\n<div class=\"risk-pic\"><img decoding=\"async\" class=\"aligncenter\" src=\"\/wp-content\/uploads\/2015\/08\/Breast-Stage2B-en.jpg\" max-height:200px alt=\"los ganglios linf\u00e1ticos regionales\" \/><\/div>\n<div class=\"risk-text\">\n<h5 class=\"section-title\">N es representativo de los ganglios linf\u00e1ticos regionales<br \/>\n<\/h5>\n<p class=\"section-content\">NX: No se evaluaron los ganglios linf\u00e1ticos.<\/p>\n<p class=\"section-content\">N0: No hay c\u00e1ncer en los ganglios linf\u00e1ticos cercanos.<\/p>\n<p class=\"section-content\">N1: El c\u00e1ncer se ha diseminado de 1 a 3 ganglios linf\u00e1ticos axilares y \/ o ganglios linf\u00e1ticos mamarios internos. <\/p>\n<p class=\"section-content\">N2: El c\u00e1ncer se ha diseminado de 4 a 9 ganglios linf\u00e1ticos axilares o se ha diseminado a los ganglios linf\u00e1ticos mamarios internos, pero no a los ganglios linf\u00e1ticos axilares.<\/p>\n<p class=\"section-content\">N3: El c\u00e1ncer se ha diseminado a 10 o m\u00e1s ganglios linf\u00e1ticos axilares o se ha diseminado a los ganglios linf\u00e1ticos debajo de la clav\u00edcula o la clav\u00edcula. Tambi\u00e9n puede haberse diseminado a los ganglios linf\u00e1ticos mamarios internos.<\/p>\n<\/div>\n<div class=\"clearboth\"><\/div>\n<\/div>\n<div class=\"divider\" id=\"\">\n\t\n\t<\/div>\n<div class=\"risk-factor\">\n<div class=\"risk-pic\"><img decoding=\"async\" class=\"aligncenter\" src=\"\/wp-content\/uploads\/2015\/08\/Breast-Stage4-en.jpg\" max-height:200px alt=\"la met\u00e1stasis distante\" \/><\/div>\n<div class=\"risk-text\">\n<h5 class=\"section-title\">M es representativo de la met\u00e1stasis distante (ya sea que el c\u00e1ncer se haya propagado o no).<br \/>\n<\/h5>\n<p class=\"section-content\">MX: La propagaci\u00f3n a distancia no se puede evaluar.<\/p>\n<p class=\"section-content\">M0: C\u00e1ncer no se ha propagado a otras partes del cuerpo.<\/p>\n<p class=\"section-content\">M0 (i +): No hay evidencia cl\u00ednica o radiogr\u00e1fica de met\u00e1stasis a distancia. Se puede encontrar evidencia microsc\u00f3pica de c\u00e9lulas tumorales en la sangre, la m\u00e9dula \u00f3sea u otros ganglios linf\u00e1ticos que no son mayores de 0.2 mm.<\/p>\n<p class=\"section-content\">M1: C\u00e1ncer se ha propagado a otras partes del cuerpo.\n<\/p>\n<\/div>\n<div class=\"clearboth\"><\/div>\n<\/div>\n<div class=\"divider\" id=\"\">\n\t\n\t<\/div>\n<div class=\"risk-factor\">\n<div class=\"risk-pic\"><img decoding=\"async\" class=\"aligncenter\" src=\"\" max-height:75px alt=\"\" \/><\/div>\n<div class=\"risk-text\">\n<h5 class=\"section-title\">La etapa de pron\u00f3stico agrega el grado (G), ER \/ PR, Her2 \/ neu y el estado al sistema TNM.<br \/>\n<\/h5>\n<\/div>\n<div class=\"clearboth\"><\/div>\n<\/div>\n<div class=\"divider\" id=\"\">\n\t\n\t<\/div>\n<div class=\"risk-factor\">\n<div class=\"risk-pic\"><img decoding=\"async\" class=\"aligncenter\" src=\"\/wp-content\/uploads\/2013\/01\/Grade2Cells.jpg\" alt=\"el grado histol\u00f3gico\" \/><\/div>\n<div class=\"risk-text\">\n<h5 class=\"section-title\">G es representativo del grado histol\u00f3gico \u00bfCu\u00e1nto se parecen las c\u00e9lulas cancerosas a las c\u00e9lulas normales?<br \/>\n<\/h5>\n<p class=\"section-content\">G0: Grado histol\u00f3gico combinado bajo (favorable).<\/p>\n<p class=\"section-content\">G1: Grado histol\u00f3gico combinado intermedio (moderadamente favorable).<\/p>\n<p class=\"section-content\">G2: Grado histol\u00f3gico combinado alto (no favorable).\n<\/p>\n<\/div>\n<div class=\"clearboth\"><\/div>\n<\/div>\n<div class=\"divider\" id=\"\">\n\t\n\t<\/div>\n<div class=\"risk-factor\">\n<div class=\"risk-pic\"><img decoding=\"async\" class=\"aligncenter\" src=\"\/wp-content\/uploads\/2013\/01\/HER2.jpg\" max-height:200px alt=\"el estatus de prote\u00edna conocida como HER2\" \/><\/div>\n<div class=\"risk-text\">\n<h5 class=\"section-title\">HER2 es representativo del estatus de prote\u00edna conocida como HER2.<br \/>\n<\/h5>\n<p class=\"section-content\">\u00bfEl c\u00e1ncer produce demasiada prote\u00edna llamada HER2?<\/p>\n<\/div>\n<div class=\"clearboth\"><\/div>\n<\/div>\n<div class=\"divider\" id=\"\">\n\t\n\t<\/div>\n<div class=\"risk-factor\">\n<div class=\"risk-pic\"><img decoding=\"async\" class=\"aligncenter\" src=\"\/wp-content\/uploads\/2018\/05\/HER.png\" max- alt=\"el estatus de prote\u00edna conocida como Receptor de Estr\u00f3geno\" \/><\/div>\n<div class=\"risk-text\">\n<h5 class=\"section-title\">ER2 es representativo del estatus de prote\u00edna conocida como Receptor de Estr\u00f3geno.<br \/>\n<\/h5>\n<p class=\"section-content\">\u00bfEl c\u00e1ncer tiene la prote\u00edna llamada receptor de estr\u00f3geno?<\/p>\n<\/div>\n<div class=\"clearboth\"><\/div>\n<\/div>\n<div class=\"divider\" id=\"\">\n\t\n\t<\/div>\n<div class=\"risk-factor\">\n<div class=\"risk-pic\"><img decoding=\"async\" class=\"aligncenter\" src=\"\/wp-content\/uploads\/2018\/05\/IHC.png\" alt=\"el estatus de prote\u00edna conocida como receptor de progesterona\" \/><\/div>\n<div class=\"risk-text\">\n<h5 class=\"section-title\">PR es representativo de del estatus de prote\u00edna conocida como receptor de progesterona.<br \/>\n<\/h5>\n<p class=\"section-content\">\u00bfEl c\u00e1ncer tiene la prote\u00edna llamada receptor de progesterona?<\/p>\n<\/div>\n<div class=\"clearboth\"><\/div>\n<\/div>\n<div class=\"divider\" id=\"\">\n\t\n\t<\/div>\n<div class=\"risk-factor\">\n<div class=\"risk-pic\"><img decoding=\"async\" class=\"aligncenter\" src=\"\/wp-content\/uploads\/2018\/05\/oncotype-e1581187972483.png\" alt=\"Puntaje de Oncotype\" \/><\/div>\n<div class=\"risk-text\">\n<h5 class=\"section-title\">Puntaje de Oncotype<br \/>\n<\/h5>\n<p class=\"section-content\">Oncotype DX es una prueba que realizan en 21 genes relacionados con el c\u00e1ncer recurrente en los 10 a\u00f1os pasados y qu\u00e9 tan bien reaccionar\u00e1 a la quimioterapia. Una puntuaci\u00f3n baja, menos de 19, significa que es menos probable que se repita y que la quimioterapia sea beneficiosa.\n<\/p>\n<\/div>\n<div class=\"clearboth\"><\/div>\n<\/div>\n<div class=\"divider\" id=\"\">\n\t\n\t<\/div>\n<h4 id=\"risk-factors\" class=\"section-title\">El Sistema de Cinco Etapas<\/h4>\n<p class=\"section-content\">Estas pautas de estadificaci\u00f3n ayudan a describir el c\u00e1ncer de seno con gran detalle. Pero, para muchos canceres, las combinaciones de TNM est\u00e1n agrupadas en 5 etapas menos detalladas.\n<\/p>\n<div class=\"one_half\">\n<div id=\"caption\" style=\"width: 195px\" class=\"wp-caption aligncenter\"><a href=\"\/wp-content\/uploads\/2014\/12\/Cancer-Stages-0-IV-PSF.jpg\" title=\"Click Image to Enlarge.\"><img decoding=\"async\" aria-describedby=\"caption-caption\" src=\"\/wp-content\/uploads\/2013\/03\/Cancer-Stages-0-IV-499x200.jpg\" alt=\"El Sistema de Cinco Etapas\" class=\"aligncenter size-full wp-image-2118\" \/><\/a><p id=\"caption-caption\" class=\"wp-caption-text\">Click Image to Enlarge.<\/p><\/div>\n<\/div>\n<div class=\"one_half last\">\n<p class=\"section-content\">\n<strong><span style=\"color:#336699;font-weight:bold;\">Etapa 0<\/span> -<\/strong> Las c\u00e9lulas anormales est\u00e1n presentes, pero no se han propagado al tejido cercano. Tambi\u00e9n llamado carcinoma in situ, o CIS. CIS no es c\u00e1ncer, pero puede convertirse en c\u00e1ncer.<br \/>\n<strong><span style=\"color:#336699;font-weight:bold;\">Etapa I, II, and III<\/span> -<\/strong> El c\u00e1ncer est\u00e1 presente. Cuanto mayor sea el n\u00famero, mayor ser\u00e1 el tumor canceroso y m\u00e1s se propagar\u00e1 a los tejidos cercanos.<br \/>\n<strong><span style=\"color:#336699;font-weight:bold;\">Etapa IV<\/span> -<\/strong> El c\u00e1ncer se ha diseminado a partes distantes del cuerpo.<\/p>\n","protected":false},"excerpt":{"rendered":"<p>Sistema de estadificaci\u00f3n Print \u00bfQue es la estadificaci\u00f3n de C\u00e1ncer? La estadificaci\u00f3n se refiere al grado de su c\u00e1ncer, como el tama\u00f1o del tumor y si se ha diseminado. Siempre se hace referencia a un c\u00e1ncer como la etapa que se le dio en el momento del diagn\u00f3stico, incluso si empeora o se propaga. El [&hellip;]<\/p>\n","protected":false},"author":5,"featured_media":0,"parent":16399,"menu_order":0,"comment_status":"closed","ping_status":"closed","template":"","meta":{"footnotes":""},"tags":[10],"class_list":["post-20441","page","type-page","status-publish","hentry","tag-members-only"],"yoast_head":"<!-- This site is optimized with the Yoast SEO plugin v25.0 - https:\/\/yoast.com\/wordpress\/plugins\/seo\/ -->\n<title>CMedEd | Explicaci\u00f3n sobre el c\u00e1ncer | Estadificaci\u00f3n de C\u00e1ncer<\/title>\n<meta name=\"description\" content=\"Sistema de estadificaci\u00f3n Print \u00bfQue es la estadificaci\u00f3n de C\u00e1ncer? La estadificaci\u00f3n se refiere al grado de su c\u00e1ncer, como el tama\u00f1o del tumor y si se\" \/>\n<meta name=\"robots\" content=\"index, follow, max-snippet:-1, max-image-preview:large, max-video-preview:-1\" \/>\n<link rel=\"canonical\" href=\"https:\/\/cmeded.com\/es\/cancer-explained\/staging-system-explained\/\" \/>\n<meta property=\"og:locale\" content=\"es_ES\" \/>\n<meta property=\"og:type\" content=\"article\" \/>\n<meta property=\"og:title\" content=\"CMedEd | Explicaci\u00f3n sobre el c\u00e1ncer | Estadificaci\u00f3n de C\u00e1ncer\" \/>\n<meta property=\"og:description\" content=\"Sistema de estadificaci\u00f3n Print \u00bfQue es la estadificaci\u00f3n de C\u00e1ncer? La estadificaci\u00f3n se refiere al grado de su c\u00e1ncer, como el tama\u00f1o del tumor y si se\" \/>\n<meta property=\"og:url\" content=\"https:\/\/cmeded.com\/es\/cancer-explained\/staging-system-explained\/\" \/>\n<meta property=\"og:site_name\" content=\"CMedEd\" \/>\n<meta property=\"article:modified_time\" content=\"2023-08-24T23:47:45+00:00\" \/>\n<meta name=\"twitter:card\" content=\"summary_large_image\" \/>\n<meta name=\"twitter:label1\" content=\"Tiempo de lectura\" \/>\n\t<meta name=\"twitter:data1\" content=\"5 minutos\" \/>\n<script type=\"application\/ld+json\" class=\"yoast-schema-graph\">{\"@context\":\"https:\/\/schema.org\",\"@graph\":[{\"@type\":\"WebPage\",\"@id\":\"https:\/\/cmeded.com\/es\/cancer-explained\/staging-system-explained\/\",\"url\":\"https:\/\/cmeded.com\/es\/cancer-explained\/staging-system-explained\/\",\"name\":\"CMedEd | Explicaci\u00f3n sobre el c\u00e1ncer | Estadificaci\u00f3n de C\u00e1ncer\",\"isPartOf\":{\"@id\":\"https:\/\/cmeded.com\/es\/#website\"},\"datePublished\":\"2019-02-11T20:54:05+00:00\",\"dateModified\":\"2023-08-24T23:47:45+00:00\",\"description\":\"Sistema de estadificaci\u00f3n Print \u00bfQue es la estadificaci\u00f3n de C\u00e1ncer? La estadificaci\u00f3n se refiere al grado de su c\u00e1ncer, como el tama\u00f1o del tumor y si se\",\"breadcrumb\":{\"@id\":\"https:\/\/cmeded.com\/es\/cancer-explained\/staging-system-explained\/#breadcrumb\"},\"inLanguage\":\"es\",\"potentialAction\":[{\"@type\":\"ReadAction\",\"target\":[\"https:\/\/cmeded.com\/es\/cancer-explained\/staging-system-explained\/\"]}]},{\"@type\":\"BreadcrumbList\",\"@id\":\"https:\/\/cmeded.com\/es\/cancer-explained\/staging-system-explained\/#breadcrumb\",\"itemListElement\":[{\"@type\":\"ListItem\",\"position\":1,\"name\":\"Home\",\"item\":\"https:\/\/cmeded.com\/es\/\"},{\"@type\":\"ListItem\",\"position\":2,\"name\":\"Explicaci\u00f3n sobre el c\u00e1ncer\",\"item\":\"https:\/\/cmeded.com\/es\/cancer-explained\/\"},{\"@type\":\"ListItem\",\"position\":3,\"name\":\"Estadificaci\u00f3n de C\u00e1ncer\"}]},{\"@type\":\"WebSite\",\"@id\":\"https:\/\/cmeded.com\/es\/#website\",\"url\":\"https:\/\/cmeded.com\/es\/\",\"name\":\"CMedEd\",\"description\":\"Recurso principal de informaci\u00f3n sobre el c\u00e1ncer\",\"potentialAction\":[{\"@type\":\"SearchAction\",\"target\":{\"@type\":\"EntryPoint\",\"urlTemplate\":\"https:\/\/cmeded.com\/es\/?s={search_term_string}\"},\"query-input\":{\"@type\":\"PropertyValueSpecification\",\"valueRequired\":true,\"valueName\":\"search_term_string\"}}],\"inLanguage\":\"es\"}]}<\/script>\n<!-- \/ Yoast SEO plugin. -->","yoast_head_json":{"title":"CMedEd | Explicaci\u00f3n sobre el c\u00e1ncer | Estadificaci\u00f3n de C\u00e1ncer","description":"Sistema de estadificaci\u00f3n Print \u00bfQue es la estadificaci\u00f3n de C\u00e1ncer? La estadificaci\u00f3n se refiere al grado de su c\u00e1ncer, como el tama\u00f1o del tumor y si se","robots":{"index":"index","follow":"follow","max-snippet":"max-snippet:-1","max-image-preview":"max-image-preview:large","max-video-preview":"max-video-preview:-1"},"canonical":"https:\/\/cmeded.com\/es\/cancer-explained\/staging-system-explained\/","og_locale":"es_ES","og_type":"article","og_title":"CMedEd | Explicaci\u00f3n sobre el c\u00e1ncer | Estadificaci\u00f3n de C\u00e1ncer","og_description":"Sistema de estadificaci\u00f3n Print \u00bfQue es la estadificaci\u00f3n de C\u00e1ncer? La estadificaci\u00f3n se refiere al grado de su c\u00e1ncer, como el tama\u00f1o del tumor y si se","og_url":"https:\/\/cmeded.com\/es\/cancer-explained\/staging-system-explained\/","og_site_name":"CMedEd","article_modified_time":"2023-08-24T23:47:45+00:00","twitter_card":"summary_large_image","twitter_misc":{"Tiempo de lectura":"5 minutos"},"schema":{"@context":"https:\/\/schema.org","@graph":[{"@type":"WebPage","@id":"https:\/\/cmeded.com\/es\/cancer-explained\/staging-system-explained\/","url":"https:\/\/cmeded.com\/es\/cancer-explained\/staging-system-explained\/","name":"CMedEd | Explicaci\u00f3n sobre el c\u00e1ncer | Estadificaci\u00f3n de C\u00e1ncer","isPartOf":{"@id":"https:\/\/cmeded.com\/es\/#website"},"datePublished":"2019-02-11T20:54:05+00:00","dateModified":"2023-08-24T23:47:45+00:00","description":"Sistema de estadificaci\u00f3n Print \u00bfQue es la estadificaci\u00f3n de C\u00e1ncer? La estadificaci\u00f3n se refiere al grado de su c\u00e1ncer, como el tama\u00f1o del tumor y si se","breadcrumb":{"@id":"https:\/\/cmeded.com\/es\/cancer-explained\/staging-system-explained\/#breadcrumb"},"inLanguage":"es","potentialAction":[{"@type":"ReadAction","target":["https:\/\/cmeded.com\/es\/cancer-explained\/staging-system-explained\/"]}]},{"@type":"BreadcrumbList","@id":"https:\/\/cmeded.com\/es\/cancer-explained\/staging-system-explained\/#breadcrumb","itemListElement":[{"@type":"ListItem","position":1,"name":"Home","item":"https:\/\/cmeded.com\/es\/"},{"@type":"ListItem","position":2,"name":"Explicaci\u00f3n sobre el c\u00e1ncer","item":"https:\/\/cmeded.com\/es\/cancer-explained\/"},{"@type":"ListItem","position":3,"name":"Estadificaci\u00f3n de C\u00e1ncer"}]},{"@type":"WebSite","@id":"https:\/\/cmeded.com\/es\/#website","url":"https:\/\/cmeded.com\/es\/","name":"CMedEd","description":"Recurso principal de informaci\u00f3n sobre el c\u00e1ncer","potentialAction":[{"@type":"SearchAction","target":{"@type":"EntryPoint","urlTemplate":"https:\/\/cmeded.com\/es\/?s={search_term_string}"},"query-input":{"@type":"PropertyValueSpecification","valueRequired":true,"valueName":"search_term_string"}}],"inLanguage":"es"}]}},"_links":{"self":[{"href":"https:\/\/cmeded.com\/es\/wp-json\/wp\/v2\/pages\/20441","targetHints":{"allow":["GET"]}}],"collection":[{"href":"https:\/\/cmeded.com\/es\/wp-json\/wp\/v2\/pages"}],"about":[{"href":"https:\/\/cmeded.com\/es\/wp-json\/wp\/v2\/types\/page"}],"author":[{"embeddable":true,"href":"https:\/\/cmeded.com\/es\/wp-json\/wp\/v2\/users\/5"}],"replies":[{"embeddable":true,"href":"https:\/\/cmeded.com\/es\/wp-json\/wp\/v2\/comments?post=20441"}],"version-history":[{"count":0,"href":"https:\/\/cmeded.com\/es\/wp-json\/wp\/v2\/pages\/20441\/revisions"}],"up":[{"embeddable":true,"href":"https:\/\/cmeded.com\/es\/wp-json\/wp\/v2\/pages\/16399"}],"wp:attachment":[{"href":"https:\/\/cmeded.com\/es\/wp-json\/wp\/v2\/media?parent=20441"}],"wp:term":[{"taxonomy":"post_tag","embeddable":true,"href":"https:\/\/cmeded.com\/es\/wp-json\/wp\/v2\/tags?post=20441"}],"curies":[{"name":"wp","href":"https:\/\/api.w.org\/{rel}","templated":true}]}}