{"id":20397,"date":"2019-01-10T14:30:35","date_gmt":"2019-01-10T20:30:35","guid":{"rendered":"https:\/\/cmeded.com\/es\/?page_id=20397"},"modified":"2025-05-07T11:57:57","modified_gmt":"2025-05-07T16:57:57","slug":"treatment","status":"publish","type":"page","link":"https:\/\/cmeded.com\/es\/head-neck\/understanding-tonsil-cancer\/treatment\/","title":{"rendered":"Tratamiento"},"content":{"rendered":"<h4 class=\"section-title\">Tratamiento<\/h4>\n<p class=\"section-content\">El tratamiento principal del c\u00e1ncer de orofaringe ( am\u00edgdalas), es la radioterapia aplicada al tumor y drenaje de los ganglios linf\u00e1ticos cercanos.  La cirug\u00eda es otra opci\u00f3n que puede considerarse en algunos casos.  En estadios m\u00e1s avanzados, el tratamiento principal suele ser una combinaci\u00f3n de cirug\u00eda y radioterapia, quimioterapia y radioterapia, o radioterapia m\u00e1s terapia dirigida.  En caso de enfermedad metast\u00e1sica, el m\u00e9dico puede recomendar quimioterapia, estudios cl\u00ednicos o tratamientos paliativos destinados a reducir los tumores y aliviar s\u00edntomas. Es posible que el m\u00e9dico recomiende algunos de los tratamientos que se indican a continuaci\u00f3n.\n<\/p>\n<div class=\"divider\" id=\"\">\n\t\n\t<\/div>\n<div class=\"risk-factor\">\n<div class=\"symp-pic\"><img decoding=\"async\" class=\"aligncenter\" style=\"height: 150px\" src=\"\/wp-content\/uploads\/2013\/02\/Surgery150.jpg\" alt=\"Cirug\u00eda\" \/><\/div>\n<div class=\"risk-text-wrap\">\n<h5 class=\"section-title\">Cirug\u00eda<\/h5>\n<p class=\"section-content\">Es posible que se recomiende realizar una cirug\u00eda para extirpar el tumor de las am\u00edgdalas, en \u00e1reas adyacentes en la garganta y los ganglios linf\u00e1ticos en \u00e1reas cercanas del cuello. Seg\u00fan el tama\u00f1o de la masa tumoral, es posible que se recomiende realizar una cirug\u00eda m\u00ednimamente invasiva. Algunos m\u00e9dicos pueden utilizar cirug\u00eda rob\u00f3tica transoral, en la que se utiliza un sistema rob\u00f3tico para guiar el instrumental quir\u00fargico en espacios peque\u00f1os y extirpar algunos tipos de c\u00e1ncer orofar\u00edngeo, como el c\u00e1ncer de am\u00edgdalas. La cirug\u00eda rob\u00f3tica transoral generalmente implica menos complicaciones y un per\u00edodo de recuperaci\u00f3n m\u00e1s corto. Otra cirug\u00eda frecuente es la amigdalectom\u00eda, en la que se extirpan completamente las am\u00edgdalas. <\/p>\n<\/div>\n<div class=\"clearboth\"><\/div>\n<\/div>\n<div class=\"divider\" id=\"\">\n\t\n\t<\/div>\n<div class=\"risk-factor\">\n<div class=\"symp-pic\"><img decoding=\"async\" class=\"aligncenter\" style=\"height: 150px\" src=\"\/wp-content\/uploads\/2013\/04\/IMRT175.png\" alt=\"Radioterapia\" \/><\/div>\n<div class=\"risk-text-wrap\">\n<h5 class=\"section-title\">Radioterapia<\/h5>\n<p class=\"section-content\">En la radioterapia, se usan rayos de gran energ\u00eda o part\u00edculas producidas por un aparato para destruir las c\u00e9lulas cancerosas. Los m\u00e9dicos administran radioterapia para erradicar el c\u00e1ncer, ya sea como procedimiento individual o combinado con quimioterapia o despu\u00e9s de la cirug\u00eda. Los pacientes que tienen c\u00e1ncer de cabeza y cuello deben reunirse con un odont\u00f3logo especializado en tratar pacientes con c\u00e1ncer antes de este tratamiento, ya que la radiaci\u00f3n puede producir caries dentales y otros efectos secundarios cuando se administra en la regi\u00f3n de la cabeza y el cuello. Las nuevas t\u00e9cnicas de radioterapia pueden centrarse m\u00e1s en tratar el tumor y dejar los tejidos m\u00e1s normales no afectados. Este enfoque recibe el nombre de radioterapia de intensidad modulada (intensity modulated radiotherapy, IMRT).<\/p>\n<\/div>\n<div class=\"clearboth\"><\/div>\n<\/div>\n<div class=\"divider\" id=\"\">\n\t\n\t<\/div>\n<div class=\"risk-factor\">\n<div class=\"symp-pic\">\n<div style=\"width: 265px\" class=\"wp-caption aligncenter\"><a class=\"wp-caption\" title=\"Go to enlarged image.\" href=\"\/wp-content\/uploads\/2013\/02\/Proton-Therapy-PSF.jpg\"><img decoding=\"async\" class=\"caption-align-center-img\" style=\"max-height: 150px\" src=\"\/wp-content\/uploads\/2013\/02\/Proton-Therapy-PSF.jpg\" alt=\"Radioterapia con haces de protones\" \/><\/a><p class=\"wp-caption-text\">Click here to enlarge.<\/p><\/div>\n<\/div>\n<div class=\"risk-text-wrap\">\n<h5 class=\"section-title\">Radioterapia con haces de protones<\/h5>\n<p class=\"section-content\">La terapia de protones es un tipo de radioterapia avanzada que usa \u201cprotones\u201d en lugar de \u201cfotones\u201d de rayos X para irradiar el tumor. En la radioterapia convencional, los haces de fotones depositan radiaci\u00f3n y da\u00f1an las c\u00e9lulas sanas al atravesar el cuerpo. La terapia de protones deposita mayor radiaci\u00f3n directamente en el sitio del tumor, lo que resulta en menores da\u00f1os a los tejidos sanos y menos efectos secundarios.<\/p>\n<ul class=\"about-content\">\n<li>Consulte<a style=\"color: #336699;text-decoration: underline\" href=\"\/cancer-explained\/proton-therapy\/\"> Terapia de protones<\/a> para obtener m\u00e1s informaci\u00f3n.<\/li>\n<\/ul>\n<\/div>\n<div class=\"clearboth\"><\/div>\n<\/div>\n<div class=\"divider\" id=\"\">\n\t\n\t<\/div>\n<div class=\"risk-factor\">\n<div class=\"symp-pic\">\n<div style='width: 100%; height: 100%; display: flex; flex-wrap: wrap; justify-content: center; align-items: center'>\n<img decoding=\"async\" src=\"\/wp-content\/uploads\/2013\/10\/New60sChemo-178x175.png\" alt=\"Quimioterapia\" style=\"height:120px;\"><br \/>\n<img decoding=\"async\" src=\"\/wp-content\/uploads\/2013\/09\/NewChemoMan175x175.png\" alt=\"Quimioterapia\" style=\"height:125px;\">\n<\/div>\n<\/div>\n<div class=\"risk-text-wrap\">\n<h5 class=\"section-title\">Quimioterapia<\/h5>\n<p class=\"section-content\">La quimioterapia hace referencia al uso de medicamentos para localizar las c\u00e9lulas de r\u00e1pido crecimiento con el fin de destruir las c\u00e9lulas cancerosas. Los m\u00e9dicos administran quimioterapia para reducir el tumor antes de otros tratamientos como la radiaci\u00f3n, la cirug\u00eda o, algunas veces, ambas. En los estadios m\u00e1s avanzados, es decir, cu\u00e1ndo el c\u00e1ncer se ha diseminado, la quimioterapia podr\u00eda ser la mejor opci\u00f3n de tratamiento para aliviar los s\u00edntomas y prolongar la supervivencia.\n<\/div>\n<div class=\"clearboth\"><\/div>\n<\/div>\n<div class=\"divider\" id=\"\">\n\t\n\t<\/div>\n<div class=\"risk-factor\">\n<div class=\"symp-pic\">\n<div style=\"width: 266px\" class=\"wp-caption aligncenter\"><a class=\"wp-caption\" title=\"Click Image to Enlarge.\" href=\"\/wp-content\/uploads\/2015\/09\/Chemoradiation-woman.jpg\"><img decoding=\"async\" class=\"caption-align-center-img\" style=\"max-height: 150px\" src=\"\/wp-content\/uploads\/2015\/09\/Chemoradiation-woman.jpg\" alt=\"Quimiorradiaci\u00f3n\" \/><\/a><p class=\"wp-caption-text\">Click here to enlarge.<\/p><\/div>\n<\/div>\n<div class=\"risk-text-wrap\">\n<h5 class=\"section-title\">Quimiorradiaci\u00f3n<\/h5>\n<p class=\"section-content\">La quimiorradiaci\u00f3n supone una combinaci\u00f3n de quimioterapia y radioterapia.  La combinaci\u00f3n de estos dos tratamientos hace que ambos sean m\u00e1s eficaces, pero tambi\u00e9n causa m\u00e1s efectos secundarios. Los m\u00e9dicos administran quimiorradiaci\u00f3n para eliminar el tumor y evitar la cirug\u00eda en algunos casos o para destruir cualquier rastro del c\u00e1ncer que pueda haber quedado despu\u00e9s de una cirug\u00eda.\n<\/p>\n<\/div>\n<div class=\"clearboth\"><\/div>\n<\/div>\n<div class=\"divider\" id=\"\">\n\t\n\t<\/div>\n<div class=\"risk-factor\">\n<div class=\"symp-pic\">\n<div style=\"width: 109px\" class=\"wp-caption alignnone\"><a class=\"wp-caption\" title=\"Click Image to Enlarge.\" href=\"\/wp-content\/uploads\/2014\/05\/Targeted-Throat-Cancer-PSF.jpg\"><img decoding=\"async\" class=\"caption-align-center-img\" style=\"height: 150px\" src=\"\/wp-content\/uploads\/2014\/05\/Targeted-Throat-Cancer-PSF.jpg\" alt=\"Terapia dirigida\" \/><\/a><p class=\"wp-caption-text\">Click here to enlarge.<\/p><\/div>\n<\/div>\n<div class=\"risk-text-wrap\">\n<h5 class=\"section-title\">Terapia dirigida<\/h5>\n<p class=\"section-content\">Algunos casos de c\u00e1ncer de am\u00edgdala contienen c\u00e9lulas que sobreexpresan la prote\u00edna EGFR, lo cual hace que el c\u00e1ncer se vuelva m\u00e1s agresivo. La terapia dirigida se centra en estas c\u00e9lulas espec\u00edficamente e impide que las prote\u00ednas EGFR alimenten el crecimiento celular.<\/p>\n<\/div>\n<div class=\"clearboth\"><\/div>\n<\/div>\n<div class=\"divider\" id=\"\">\n\t\n\t<\/div>\n<div class=\"risk-factor\">\n<div class=\"symp-pic\"><img decoding=\"async\" class=\"aligncenter\" style=\"height: 150px\" src=\"\/wp-content\/uploads\/2017\/03\/Picture1.png\" alt=\"Inmunoterapia\" \/><\/div>\n<div class=\"risk-text-wrap\">\n<h5 class=\"section-title\">Inmunoterapia<\/h5>\n<p class=\"section-content\">La inmunoterapia contra el c\u00e1ncer consiste en tratamientos tratamientos que estimulan el propio sistema inmunol\u00f3gico del paciente para matar el c\u00e1ncer y se est\u00e1 utilizando cada vez m\u00e1s para tratar varios tipos de c\u00e1ncer. Si bien su uso todav\u00eda no se ha generalizado como tratamiento est\u00e1ndar contra el c\u00e1ncer de am\u00edgdalas, se est\u00e1 utilizando cada vez con mayor frecuencia en estudios cl\u00ednicos cuidadosamente planificados.<\/p>\n<\/div>\n<div class=\"clearboth\"><\/div>\n<\/div>\n<div class=\"divider\" id=\"\">\n\t\n\t<\/div>\n<div class=\"risk-factor\">\n<div class=\"symp-pic\">\n<div style='width: 100%; height: 100%; display: flex; flex-wrap: wrap; justify-content: center; align-items: center'>\n<img decoding=\"async\" src=\"\/wp-content\/uploads\/2021\/06\/Black_doctor_giving_white_man_physical.jpg\" alt=\"Clinical Trials\" style=\"height:145px;\"><br \/>\n<img decoding=\"async\" src=\"\/wp-content\/uploads\/2013\/04\/Microscope-1651.jpg\" alt=\"Clinical Trials\" style=\"height:130px;\">\n<\/div>\n<\/div>\n<div class=\"risk-text-wrap\">\n<h5 class=\"section-title\"> Estudios cl\u00ednicos <\/h5>\n<p class=\"section-content\">Los estudios cl\u00ednicos permiten que los pacientes prueben un tratamiento nuevo antes de que est\u00e9 disponible para el p\u00fablico en general. En algunos casos, puede tratarse de un medicamento nuevo que no se ha utilizado antes en seres humanos; o bien, puede tratarse de un medicamento o una combinaci\u00f3n de medicamentos que no se utilizan actualmente para un tipo espec\u00edfico de c\u00e1ncer. En general, los estudios cl\u00ednicos en fase temprana se utilizan para probar los efectos secundarios de un medicamento o una combinaci\u00f3n de medicamentos; mientras que los estudios cl\u00ednicos en fase posterior se utilizan para determinar la eficacia de un tratamiento nuevo para un determinado tipo de c\u00e1ncer. Los estudios cl\u00ednicos permiten a m\u00e9dicos e investigadores mejorar el tratamiento de los tipos de c\u00e1ncer con terapias posiblemente m\u00e1s efectivas. Un estudio cl\u00ednico puede dar lugar a un medicamento nuevo e innovador; o bien, puede no tener efecto alguno. Es importante que hable con el m\u00e9dico acerca de las ventajas y desventajas de los estudios cl\u00ednicos para su situaci\u00f3n en particular.<\/p>\n<\/div>\n<div class=\"clearboth\"><\/div>\n<\/div>\n","protected":false},"excerpt":{"rendered":"<p>Tratamiento El tratamiento principal del c\u00e1ncer de orofaringe ( am\u00edgdalas), es la radioterapia aplicada al tumor y drenaje de los ganglios linf\u00e1ticos cercanos. La cirug\u00eda es otra opci\u00f3n que puede considerarse en algunos casos. En estadios m\u00e1s avanzados, el tratamiento principal suele ser una combinaci\u00f3n de cirug\u00eda y radioterapia, quimioterapia y radioterapia, o radioterapia m\u00e1s [&hellip;]<\/p>\n","protected":false},"author":5,"featured_media":0,"parent":20389,"menu_order":6,"comment_status":"closed","ping_status":"closed","template":"template-tumor.php","meta":{"footnotes":""},"tags":[10],"class_list":["post-20397","page","type-page","status-publish","hentry","tag-members-only"],"yoast_head":"<!-- This site is optimized with the Yoast SEO plugin v25.0 - https:\/\/yoast.com\/wordpress\/plugins\/seo\/ -->\n<title>CMedEd | Informaci\u00f3n para comprender el c\u00e1ncer de am\u00edgdala | Tratamiento<\/title>\n<meta name=\"description\" content=\"Tratamiento El tratamiento principal del c\u00e1ncer de orofaringe ( am\u00edgdalas), es la radioterapia aplicada al tumor y drenaje de los ganglios linf\u00e1ticos\" \/>\n<meta name=\"robots\" content=\"index, follow, max-snippet:-1, max-image-preview:large, max-video-preview:-1\" \/>\n<link rel=\"canonical\" href=\"https:\/\/cmeded.com\/es\/head-neck\/understanding-tonsil-cancer\/treatment\/\" \/>\n<meta property=\"og:locale\" content=\"es_ES\" \/>\n<meta property=\"og:type\" content=\"article\" \/>\n<meta property=\"og:title\" content=\"CMedEd | Informaci\u00f3n para comprender el c\u00e1ncer de am\u00edgdala | Tratamiento\" \/>\n<meta property=\"og:description\" content=\"Tratamiento El tratamiento principal del c\u00e1ncer de orofaringe ( am\u00edgdalas), es la radioterapia aplicada al tumor y drenaje de los ganglios linf\u00e1ticos\" \/>\n<meta property=\"og:url\" content=\"https:\/\/cmeded.com\/es\/head-neck\/understanding-tonsil-cancer\/treatment\/\" \/>\n<meta property=\"og:site_name\" content=\"CMedEd\" \/>\n<meta property=\"article:modified_time\" content=\"2025-05-07T16:57:57+00:00\" \/>\n<meta name=\"twitter:card\" content=\"summary_large_image\" \/>\n<meta name=\"twitter:label1\" content=\"Tiempo de lectura\" \/>\n\t<meta name=\"twitter:data1\" content=\"6 minutos\" \/>\n<script type=\"application\/ld+json\" class=\"yoast-schema-graph\">{\"@context\":\"https:\/\/schema.org\",\"@graph\":[{\"@type\":\"WebPage\",\"@id\":\"https:\/\/cmeded.com\/es\/head-neck\/understanding-tonsil-cancer\/treatment\/\",\"url\":\"https:\/\/cmeded.com\/es\/head-neck\/understanding-tonsil-cancer\/treatment\/\",\"name\":\"CMedEd | Informaci\u00f3n para comprender el c\u00e1ncer de am\u00edgdala | Tratamiento\",\"isPartOf\":{\"@id\":\"https:\/\/cmeded.com\/es\/#website\"},\"datePublished\":\"2019-01-10T20:30:35+00:00\",\"dateModified\":\"2025-05-07T16:57:57+00:00\",\"description\":\"Tratamiento El tratamiento principal del c\u00e1ncer de orofaringe ( am\u00edgdalas), es la radioterapia aplicada al tumor y drenaje de los ganglios linf\u00e1ticos\",\"breadcrumb\":{\"@id\":\"https:\/\/cmeded.com\/es\/head-neck\/understanding-tonsil-cancer\/treatment\/#breadcrumb\"},\"inLanguage\":\"es\",\"potentialAction\":[{\"@type\":\"ReadAction\",\"target\":[\"https:\/\/cmeded.com\/es\/head-neck\/understanding-tonsil-cancer\/treatment\/\"]}]},{\"@type\":\"BreadcrumbList\",\"@id\":\"https:\/\/cmeded.com\/es\/head-neck\/understanding-tonsil-cancer\/treatment\/#breadcrumb\",\"itemListElement\":[{\"@type\":\"ListItem\",\"position\":1,\"name\":\"Home\",\"item\":\"https:\/\/cmeded.com\/es\/\"},{\"@type\":\"ListItem\",\"position\":2,\"name\":\"Cabeza y cuello\",\"item\":\"https:\/\/cmeded.com\/es\/head-neck\/\"},{\"@type\":\"ListItem\",\"position\":3,\"name\":\"Informaci\u00f3n para comprender el c\u00e1ncer de am\u00edgdala\",\"item\":\"https:\/\/cmeded.com\/es\/head-neck\/understanding-tonsil-cancer\/\"},{\"@type\":\"ListItem\",\"position\":4,\"name\":\"Tratamiento\"}]},{\"@type\":\"WebSite\",\"@id\":\"https:\/\/cmeded.com\/es\/#website\",\"url\":\"https:\/\/cmeded.com\/es\/\",\"name\":\"CMedEd\",\"description\":\"Recurso principal de informaci\u00f3n sobre el c\u00e1ncer\",\"potentialAction\":[{\"@type\":\"SearchAction\",\"target\":{\"@type\":\"EntryPoint\",\"urlTemplate\":\"https:\/\/cmeded.com\/es\/?s={search_term_string}\"},\"query-input\":{\"@type\":\"PropertyValueSpecification\",\"valueRequired\":true,\"valueName\":\"search_term_string\"}}],\"inLanguage\":\"es\"}]}<\/script>\n<!-- \/ Yoast SEO plugin. -->","yoast_head_json":{"title":"CMedEd | Informaci\u00f3n para comprender el c\u00e1ncer de am\u00edgdala | Tratamiento","description":"Tratamiento El tratamiento principal del c\u00e1ncer de orofaringe ( am\u00edgdalas), es la radioterapia aplicada al tumor y drenaje de los ganglios linf\u00e1ticos","robots":{"index":"index","follow":"follow","max-snippet":"max-snippet:-1","max-image-preview":"max-image-preview:large","max-video-preview":"max-video-preview:-1"},"canonical":"https:\/\/cmeded.com\/es\/head-neck\/understanding-tonsil-cancer\/treatment\/","og_locale":"es_ES","og_type":"article","og_title":"CMedEd | Informaci\u00f3n para comprender el c\u00e1ncer de am\u00edgdala | Tratamiento","og_description":"Tratamiento El tratamiento principal del c\u00e1ncer de orofaringe ( am\u00edgdalas), es la radioterapia aplicada al tumor y drenaje de los ganglios linf\u00e1ticos","og_url":"https:\/\/cmeded.com\/es\/head-neck\/understanding-tonsil-cancer\/treatment\/","og_site_name":"CMedEd","article_modified_time":"2025-05-07T16:57:57+00:00","twitter_card":"summary_large_image","twitter_misc":{"Tiempo de lectura":"6 minutos"},"schema":{"@context":"https:\/\/schema.org","@graph":[{"@type":"WebPage","@id":"https:\/\/cmeded.com\/es\/head-neck\/understanding-tonsil-cancer\/treatment\/","url":"https:\/\/cmeded.com\/es\/head-neck\/understanding-tonsil-cancer\/treatment\/","name":"CMedEd | Informaci\u00f3n para comprender el c\u00e1ncer de am\u00edgdala | Tratamiento","isPartOf":{"@id":"https:\/\/cmeded.com\/es\/#website"},"datePublished":"2019-01-10T20:30:35+00:00","dateModified":"2025-05-07T16:57:57+00:00","description":"Tratamiento El tratamiento principal del c\u00e1ncer de orofaringe ( am\u00edgdalas), es la radioterapia aplicada al tumor y drenaje de los ganglios linf\u00e1ticos","breadcrumb":{"@id":"https:\/\/cmeded.com\/es\/head-neck\/understanding-tonsil-cancer\/treatment\/#breadcrumb"},"inLanguage":"es","potentialAction":[{"@type":"ReadAction","target":["https:\/\/cmeded.com\/es\/head-neck\/understanding-tonsil-cancer\/treatment\/"]}]},{"@type":"BreadcrumbList","@id":"https:\/\/cmeded.com\/es\/head-neck\/understanding-tonsil-cancer\/treatment\/#breadcrumb","itemListElement":[{"@type":"ListItem","position":1,"name":"Home","item":"https:\/\/cmeded.com\/es\/"},{"@type":"ListItem","position":2,"name":"Cabeza y cuello","item":"https:\/\/cmeded.com\/es\/head-neck\/"},{"@type":"ListItem","position":3,"name":"Informaci\u00f3n para comprender el c\u00e1ncer de am\u00edgdala","item":"https:\/\/cmeded.com\/es\/head-neck\/understanding-tonsil-cancer\/"},{"@type":"ListItem","position":4,"name":"Tratamiento"}]},{"@type":"WebSite","@id":"https:\/\/cmeded.com\/es\/#website","url":"https:\/\/cmeded.com\/es\/","name":"CMedEd","description":"Recurso principal de informaci\u00f3n sobre el c\u00e1ncer","potentialAction":[{"@type":"SearchAction","target":{"@type":"EntryPoint","urlTemplate":"https:\/\/cmeded.com\/es\/?s={search_term_string}"},"query-input":{"@type":"PropertyValueSpecification","valueRequired":true,"valueName":"search_term_string"}}],"inLanguage":"es"}]}},"_links":{"self":[{"href":"https:\/\/cmeded.com\/es\/wp-json\/wp\/v2\/pages\/20397","targetHints":{"allow":["GET"]}}],"collection":[{"href":"https:\/\/cmeded.com\/es\/wp-json\/wp\/v2\/pages"}],"about":[{"href":"https:\/\/cmeded.com\/es\/wp-json\/wp\/v2\/types\/page"}],"author":[{"embeddable":true,"href":"https:\/\/cmeded.com\/es\/wp-json\/wp\/v2\/users\/5"}],"replies":[{"embeddable":true,"href":"https:\/\/cmeded.com\/es\/wp-json\/wp\/v2\/comments?post=20397"}],"version-history":[{"count":0,"href":"https:\/\/cmeded.com\/es\/wp-json\/wp\/v2\/pages\/20397\/revisions"}],"up":[{"embeddable":true,"href":"https:\/\/cmeded.com\/es\/wp-json\/wp\/v2\/pages\/20389"}],"wp:attachment":[{"href":"https:\/\/cmeded.com\/es\/wp-json\/wp\/v2\/media?parent=20397"}],"wp:term":[{"taxonomy":"post_tag","embeddable":true,"href":"https:\/\/cmeded.com\/es\/wp-json\/wp\/v2\/tags?post=20397"}],"curies":[{"name":"wp","href":"https:\/\/api.w.org\/{rel}","templated":true}]}}