{"id":20380,"date":"2019-01-02T11:41:58","date_gmt":"2019-01-02T17:41:58","guid":{"rendered":"https:\/\/cmeded.com\/es\/?page_id=20380"},"modified":"2025-05-07T17:53:39","modified_gmt":"2025-05-07T22:53:39","slug":"questions","status":"publish","type":"page","link":"https:\/\/cmeded.com\/es\/lymphoma\/understanding-aids-related-lymphoma\/questions\/","title":{"rendered":"Preguntas"},"content":{"rendered":"<h4 id=\"questions\" class=\"section-title\">Preguntas para hacerle al m\u00e9dico<\/h4>\n<p class=\"section-content\">Si usted puede comprender su situaci\u00f3n y puede explicar de qu\u00e9 se trata su afecci\u00f3n despu\u00e9s de recibir el diagn\u00f3stico, va por buen camino. Las preguntas constituyen el recurso principal para entender la enfermedad con m\u00e1s claridad y mejorar la calidad asistencial. Las preguntas bien planeadas pueden hacer la gran diferencia y pueden ayudarlo a aprovechar al m\u00e1ximo las consultas m\u00e9dicas. Si no sabe qu\u00e9 preguntar, considere preguntas como las siguientes:<\/p>\n<ul class=\"about-content\">\n<li>\u00bfCu\u00e1l es el diagn\u00f3stico y\/o la estadificaci\u00f3n de mi linfoma relacionado con el SIDA?<\/li>\n<li>\u00bfQu\u00e9 tipo de tratamiento para el linfoma relacionado con el SIDA recibir\u00e9?<\/li>\n<li>\u00bfC\u00f3mo se equilibrar\u00e1 el efecto del tratamiento citot\u00f3xico (destrucci\u00f3n de c\u00e9lulas) con su efecto sobre el sistema inmunol\u00f3gico y la posibilidad de infecci\u00f3n?<\/li>\n<li>\u00bfRecibir\u00e9 rituximab (tratamiento de quimioterapia), y s\u00ed as\u00ed es, cu\u00e1l ser\u00e1 r\u00e9gimen \u00f3ptimo?<\/li>\n<li>\u00bfRecibir\u00e9 TARVc (terapia antirretroviral de combinaci\u00f3n)?<\/li>\n<\/ul>\n","protected":false},"excerpt":{"rendered":"<p>Preguntas para hacerle al m\u00e9dico Si usted puede comprender su situaci\u00f3n y puede explicar de qu\u00e9 se trata su afecci\u00f3n despu\u00e9s de recibir el diagn\u00f3stico, va por buen camino. Las preguntas constituyen el recurso principal para entender la enfermedad con m\u00e1s claridad y mejorar la calidad asistencial. Las preguntas bien planeadas pueden hacer la gran [&hellip;]<\/p>\n","protected":false},"author":5,"featured_media":0,"parent":20371,"menu_order":7,"comment_status":"closed","ping_status":"closed","template":"template-tumor.php","meta":{"footnotes":""},"tags":[10],"class_list":["post-20380","page","type-page","status-publish","hentry","tag-members-only"],"yoast_head":"<!-- This site is optimized with the Yoast SEO plugin v25.0 - https:\/\/yoast.com\/wordpress\/plugins\/seo\/ -->\n<title>CMedEd | Informaci\u00f3n para comprender el linfoma relacionado con el SIDA | Preguntas<\/title>\n<meta name=\"description\" content=\"Preguntas para hacerle al m\u00e9dico Si usted puede comprender su situaci\u00f3n y puede explicar de qu\u00e9 se trata su afecci\u00f3n despu\u00e9s de recibir el diagn\u00f3stico, va\" \/>\n<meta name=\"robots\" content=\"index, follow, max-snippet:-1, max-image-preview:large, max-video-preview:-1\" \/>\n<link rel=\"canonical\" href=\"https:\/\/cmeded.com\/es\/lymphoma\/understanding-aids-related-lymphoma\/questions\/\" \/>\n<meta property=\"og:locale\" content=\"es_ES\" \/>\n<meta property=\"og:type\" content=\"article\" \/>\n<meta property=\"og:title\" content=\"CMedEd | Informaci\u00f3n para comprender el linfoma relacionado con el SIDA | Preguntas\" \/>\n<meta property=\"og:description\" content=\"Preguntas para hacerle al m\u00e9dico Si usted puede comprender su situaci\u00f3n y puede explicar de qu\u00e9 se trata su afecci\u00f3n despu\u00e9s de recibir el diagn\u00f3stico, va\" \/>\n<meta property=\"og:url\" content=\"https:\/\/cmeded.com\/es\/lymphoma\/understanding-aids-related-lymphoma\/questions\/\" \/>\n<meta property=\"og:site_name\" content=\"CMedEd\" \/>\n<meta property=\"article:modified_time\" content=\"2025-05-07T22:53:39+00:00\" \/>\n<meta name=\"twitter:card\" content=\"summary_large_image\" \/>\n<meta name=\"twitter:label1\" content=\"Tiempo de lectura\" \/>\n\t<meta name=\"twitter:data1\" content=\"1 minuto\" \/>\n<script type=\"application\/ld+json\" class=\"yoast-schema-graph\">{\"@context\":\"https:\/\/schema.org\",\"@graph\":[{\"@type\":\"WebPage\",\"@id\":\"https:\/\/cmeded.com\/es\/lymphoma\/understanding-aids-related-lymphoma\/questions\/\",\"url\":\"https:\/\/cmeded.com\/es\/lymphoma\/understanding-aids-related-lymphoma\/questions\/\",\"name\":\"CMedEd | Informaci\u00f3n para comprender el linfoma relacionado con el SIDA | Preguntas\",\"isPartOf\":{\"@id\":\"https:\/\/cmeded.com\/es\/#website\"},\"datePublished\":\"2019-01-02T17:41:58+00:00\",\"dateModified\":\"2025-05-07T22:53:39+00:00\",\"description\":\"Preguntas para hacerle al m\u00e9dico Si usted puede comprender su situaci\u00f3n y puede explicar de qu\u00e9 se trata su afecci\u00f3n despu\u00e9s de recibir el diagn\u00f3stico, va\",\"breadcrumb\":{\"@id\":\"https:\/\/cmeded.com\/es\/lymphoma\/understanding-aids-related-lymphoma\/questions\/#breadcrumb\"},\"inLanguage\":\"es\",\"potentialAction\":[{\"@type\":\"ReadAction\",\"target\":[\"https:\/\/cmeded.com\/es\/lymphoma\/understanding-aids-related-lymphoma\/questions\/\"]}]},{\"@type\":\"BreadcrumbList\",\"@id\":\"https:\/\/cmeded.com\/es\/lymphoma\/understanding-aids-related-lymphoma\/questions\/#breadcrumb\",\"itemListElement\":[{\"@type\":\"ListItem\",\"position\":1,\"name\":\"Home\",\"item\":\"https:\/\/cmeded.com\/es\/\"},{\"@type\":\"ListItem\",\"position\":2,\"name\":\"Linfoma\",\"item\":\"https:\/\/cmeded.com\/es\/lymphoma\/\"},{\"@type\":\"ListItem\",\"position\":3,\"name\":\"Informaci\u00f3n para comprender el linfoma relacionado con el SIDA\",\"item\":\"https:\/\/cmeded.com\/es\/lymphoma\/understanding-aids-related-lymphoma\/\"},{\"@type\":\"ListItem\",\"position\":4,\"name\":\"Preguntas\"}]},{\"@type\":\"WebSite\",\"@id\":\"https:\/\/cmeded.com\/es\/#website\",\"url\":\"https:\/\/cmeded.com\/es\/\",\"name\":\"CMedEd\",\"description\":\"Recurso principal de informaci\u00f3n sobre el c\u00e1ncer\",\"potentialAction\":[{\"@type\":\"SearchAction\",\"target\":{\"@type\":\"EntryPoint\",\"urlTemplate\":\"https:\/\/cmeded.com\/es\/?s={search_term_string}\"},\"query-input\":{\"@type\":\"PropertyValueSpecification\",\"valueRequired\":true,\"valueName\":\"search_term_string\"}}],\"inLanguage\":\"es\"}]}<\/script>\n<!-- \/ Yoast SEO plugin. -->","yoast_head_json":{"title":"CMedEd | Informaci\u00f3n para comprender el linfoma relacionado con el SIDA | Preguntas","description":"Preguntas para hacerle al m\u00e9dico Si usted puede comprender su situaci\u00f3n y puede explicar de qu\u00e9 se trata su afecci\u00f3n despu\u00e9s de recibir el diagn\u00f3stico, va","robots":{"index":"index","follow":"follow","max-snippet":"max-snippet:-1","max-image-preview":"max-image-preview:large","max-video-preview":"max-video-preview:-1"},"canonical":"https:\/\/cmeded.com\/es\/lymphoma\/understanding-aids-related-lymphoma\/questions\/","og_locale":"es_ES","og_type":"article","og_title":"CMedEd | Informaci\u00f3n para comprender el linfoma relacionado con el SIDA | Preguntas","og_description":"Preguntas para hacerle al m\u00e9dico Si usted puede comprender su situaci\u00f3n y puede explicar de qu\u00e9 se trata su afecci\u00f3n despu\u00e9s de recibir el diagn\u00f3stico, va","og_url":"https:\/\/cmeded.com\/es\/lymphoma\/understanding-aids-related-lymphoma\/questions\/","og_site_name":"CMedEd","article_modified_time":"2025-05-07T22:53:39+00:00","twitter_card":"summary_large_image","twitter_misc":{"Tiempo de lectura":"1 minuto"},"schema":{"@context":"https:\/\/schema.org","@graph":[{"@type":"WebPage","@id":"https:\/\/cmeded.com\/es\/lymphoma\/understanding-aids-related-lymphoma\/questions\/","url":"https:\/\/cmeded.com\/es\/lymphoma\/understanding-aids-related-lymphoma\/questions\/","name":"CMedEd | Informaci\u00f3n para comprender el linfoma relacionado con el SIDA | Preguntas","isPartOf":{"@id":"https:\/\/cmeded.com\/es\/#website"},"datePublished":"2019-01-02T17:41:58+00:00","dateModified":"2025-05-07T22:53:39+00:00","description":"Preguntas para hacerle al m\u00e9dico Si usted puede comprender su situaci\u00f3n y puede explicar de qu\u00e9 se trata su afecci\u00f3n despu\u00e9s de recibir el diagn\u00f3stico, va","breadcrumb":{"@id":"https:\/\/cmeded.com\/es\/lymphoma\/understanding-aids-related-lymphoma\/questions\/#breadcrumb"},"inLanguage":"es","potentialAction":[{"@type":"ReadAction","target":["https:\/\/cmeded.com\/es\/lymphoma\/understanding-aids-related-lymphoma\/questions\/"]}]},{"@type":"BreadcrumbList","@id":"https:\/\/cmeded.com\/es\/lymphoma\/understanding-aids-related-lymphoma\/questions\/#breadcrumb","itemListElement":[{"@type":"ListItem","position":1,"name":"Home","item":"https:\/\/cmeded.com\/es\/"},{"@type":"ListItem","position":2,"name":"Linfoma","item":"https:\/\/cmeded.com\/es\/lymphoma\/"},{"@type":"ListItem","position":3,"name":"Informaci\u00f3n para comprender el linfoma relacionado con el SIDA","item":"https:\/\/cmeded.com\/es\/lymphoma\/understanding-aids-related-lymphoma\/"},{"@type":"ListItem","position":4,"name":"Preguntas"}]},{"@type":"WebSite","@id":"https:\/\/cmeded.com\/es\/#website","url":"https:\/\/cmeded.com\/es\/","name":"CMedEd","description":"Recurso principal de informaci\u00f3n sobre el c\u00e1ncer","potentialAction":[{"@type":"SearchAction","target":{"@type":"EntryPoint","urlTemplate":"https:\/\/cmeded.com\/es\/?s={search_term_string}"},"query-input":{"@type":"PropertyValueSpecification","valueRequired":true,"valueName":"search_term_string"}}],"inLanguage":"es"}]}},"_links":{"self":[{"href":"https:\/\/cmeded.com\/es\/wp-json\/wp\/v2\/pages\/20380","targetHints":{"allow":["GET"]}}],"collection":[{"href":"https:\/\/cmeded.com\/es\/wp-json\/wp\/v2\/pages"}],"about":[{"href":"https:\/\/cmeded.com\/es\/wp-json\/wp\/v2\/types\/page"}],"author":[{"embeddable":true,"href":"https:\/\/cmeded.com\/es\/wp-json\/wp\/v2\/users\/5"}],"replies":[{"embeddable":true,"href":"https:\/\/cmeded.com\/es\/wp-json\/wp\/v2\/comments?post=20380"}],"version-history":[{"count":0,"href":"https:\/\/cmeded.com\/es\/wp-json\/wp\/v2\/pages\/20380\/revisions"}],"up":[{"embeddable":true,"href":"https:\/\/cmeded.com\/es\/wp-json\/wp\/v2\/pages\/20371"}],"wp:attachment":[{"href":"https:\/\/cmeded.com\/es\/wp-json\/wp\/v2\/media?parent=20380"}],"wp:term":[{"taxonomy":"post_tag","embeddable":true,"href":"https:\/\/cmeded.com\/es\/wp-json\/wp\/v2\/tags?post=20380"}],"curies":[{"name":"wp","href":"https:\/\/api.w.org\/{rel}","templated":true}]}}