{"id":20378,"date":"2019-01-02T10:41:36","date_gmt":"2019-01-02T16:41:36","guid":{"rendered":"https:\/\/cmeded.com\/es\/?page_id=20378"},"modified":"2023-08-24T18:48:32","modified_gmt":"2023-08-24T23:48:32","slug":"staging","status":"publish","type":"page","link":"https:\/\/cmeded.com\/es\/lymphoma\/understanding-aids-related-lymphoma\/staging\/","title":{"rendered":"Estadificaci\u00f3n"},"content":{"rendered":"<h4 id=\"staging\" class=\"section-title\">Estadificaci\u00f3n<\/h4>\n<p class=\"section-content\">La etapa del linfoma relacionado con el SIDA describe el grado en que la enfermedad se ha diseminado en el cuerpo de un paciente. Los m\u00e9dicos determinar\u00e1n si las c\u00e9lulas cancerosas se han diseminado dentro del sistema linf\u00e1tico o a otras partes del cuerpo para decidir la etapa de la enfermedad. La estadificaci\u00f3n es un paso importante para evaluar el pron\u00f3stico y las opciones de tratamiento para el paciente, especialmente para un paciente con linfoma relacionado con el SIDA, ya que este tipo de c\u00e1ncer suele estar avanzado cuando se diagnostica.<\/p>\n<div class=\"clapat-tabs\" id=\"\"><div class=\"tabs-bg\"><\/div><ul class=\"staging-tab-menu\"><li><a href=\"#tabs-810\"><br \/>\nEstadio I<\/a><\/li>\n<li><a href=\"#tabs-811\"><br \/>\nEstadio IE<\/a><\/li>\n<li><a href=\"#tabs-812\"><br \/>\nEstadio II<\/a><\/li>\n<li><a href=\"#tabs-813\"><br \/>\nEstadio IIE<\/a><\/li>\n<li><a href=\"#tabs-814\"><br \/>\nEstadio III<\/a><\/li>\n<li><a href=\"#tabs-815\"><br \/>\nEstadio IIIE<\/a><\/li>\n<li><a href=\"#tabs-816\"><br \/>\nEstadio IIIS<\/a><\/li>\n<li><a href=\"#tabs-817\"><br \/>\nEstadio IIIE+S<\/a><\/li>\n<li><a href=\"#tabs-818\"><br \/>\nEstadio IV<\/a><\/li><\/ul><div class=\"list-wrap\"><div id=\"tabs-810\"><\/p>\n<h4 class=\"section-title hidden-title\">Estadio I<\/h4>\n<p><div id=\"stage\" style=\"width: 610px\" class=\"wp-caption center alignleft\"><a href=\"\/wp-content\/uploads\/2019\/01\/Screen-Shot-2019-01-10-at-11.08.06-AM.png\" title=\"Go to enlarged image.\"><img decoding=\"async\" aria-describedby=\"caption-stage\" src=\"\/wp-content\/uploads\/2019\/01\/Screen-Shot-2019-01-10-at-11.08.06-AM.png\" alt=\"Estadio 0\" style=\"margin-bottom:10px;max-height:370px\" \/><\/a><p id=\"caption-stage\" class=\"wp-caption-text\">Click Image to Enlarge.<\/p><\/div><\/p>\n<h5 class=\"section-title\">Descripci\u00f3n<\/h5>\n<p class=\"section-content\">El c\u00e1ncer se encuentra en un \u00e1rea linf\u00e1tica (grupo de ganglios linf\u00e1ticos, am\u00edgdalas y tejido cercano, timo o bazo).<\/p>\n<ul>\n<hr class=\"hidden-title\" \/>\n<p><\/div>\n<div id=\"tabs-811\"><\/p>\n<h4 class=\"section-title hidden-title\">Estadio IE<\/h4>\n<p><div id=\"caption\" style=\"width: 160px\" class=\"wp-caption aligncenter\"><a href='\/wp-content\/uploads\/2019\/01\/Screen-Shot-2019-01-10-at-11.11.28-AM.png' title='Go to enlarged image.'><img decoding=\"async\" aria-describedby=\"caption-caption\" src=\"\/wp-content\/uploads\/2019\/01\/Screen-Shot-2019-01-10-at-11.11.28-AM.png\" class=\"aligncenter\" alt=\"Estadio IE\" style=\"margin-bottom:10px;max-height:370px\" \/><\/a><p id=\"caption-caption\" class=\"wp-caption-text\">Click Image to Enlarge.<\/p><\/div><\/p>\n<h5 class=\"section-title\">Descripci\u00f3n<\/h5>\n<ul>\n<li class=\"section-content\">El c\u00e1ncer se encuentra en un \u00f3rgano o \u00e1rea fuera de los ganglios linf\u00e1ticos.<\/li>\n<\/ul>\n<hr class=\"hidden-title\" \/>\n<p><\/div>\n<div id=\"tabs-812\"><\/p>\n<h4 class=\"section-title hidden-title\">Estadio II<\/h4>\n<p><div id=\"stage\" style=\"width: 219px\" class=\"wp-caption center alignleft\"><a href=\"\/wp-content\/uploads\/2019\/01\/Screen-Shot-2019-01-10-at-11.12.47-AM.png\" title=\"Go to enlarged image.\"><img decoding=\"async\" aria-describedby=\"caption-stage\" src=\"\/wp-content\/uploads\/2019\/01\/Screen-Shot-2019-01-10-at-11.12.47-AM.png\" alt=\"Estadio Ib\" style=\"margin-bottom:10px;max-height:370px\" \/><\/a><p id=\"caption-stage\" class=\"wp-caption-text\">Click Image to Enlarge.<\/p><\/div><\/p>\n<h5 class=\"section-title\">Descripci\u00f3n<\/h5>\n<ul>\n<li class=\"section-content\">El c\u00e1ncer se encuentra en dos o m\u00e1s grupos de ganglios linf\u00e1ticos, ya sea arriba o debajo del diafragma (el m\u00fasculo delgado debajo de los pulmones que separa el t\u00f3rax de la regi\u00f3n abdominal).<\/li>\n<\/ul>\n<hr class=\"hidden-title\" \/>\n<p><\/div>\n<div id=\"tabs-813\"><\/p>\n<h4 class=\"section-title hidden-title\">Estadio IIE<\/h4>\n<p><div id=\"stage\" style=\"width: 266px\" class=\"wp-caption center alignleft\"><a href=\"\/wp-content\/uploads\/2019\/01\/Screen-Shot-2019-01-10-at-11.14.54-AM.png\" title=\"Go to enlarged image.\"><img decoding=\"async\" aria-describedby=\"caption-stage\" src=\"\/wp-content\/uploads\/2019\/01\/Screen-Shot-2019-01-10-at-11.14.54-AM.png\" alt=\"Estadio IIa\" style=\"margin-bottom:10px;max-height:370px\" \/><\/a><p id=\"caption-stage\" class=\"wp-caption-text\">Click Image to Enlarge.<\/p><\/div><\/p>\n<h5 class=\"section-title\">Descripci\u00f3n<\/h5>\n<ul>\n<li class=\"section-content\">El c\u00e1ncer se encuentra en uno o m\u00e1s grupos de ganglios linf\u00e1ticos por encima o por debajo del diafragma. El c\u00e1ncer tambi\u00e9n se encuentra fuera de los ganglios linf\u00e1ticos en un \u00f3rgano o \u00e1rea en el mismo lado del diafragma que los ganglios linf\u00e1ticos afectados.<\/li>\n<\/ul>\n<hr class=\"hidden-title\" \/>\n<p><\/div>\n<div id=\"tabs-814\"><\/p>\n<h4 class=\"section-title hidden-title\">Estadio III<\/h4>\n<p><div id=\"stage\" style=\"width: 264px\" class=\"wp-caption center alignleft\"><a href=\"\/wp-content\/uploads\/2019\/01\/Screen-Shot-2019-01-10-at-11.20.08-AM.png\" title=\"Go to enlarged image.\"><img decoding=\"async\" aria-describedby=\"caption-stage\" src=\"\/wp-content\/uploads\/2019\/01\/Screen-Shot-2019-01-10-at-11.20.08-AM.png\" alt=\"Estadio IIb\" style=\"margin-bottom:10px;max-height:370px\" \/><\/a><p id=\"caption-stage\" class=\"wp-caption-text\">Click Image to Enlarge.<\/p><\/div><\/p>\n<h5 class=\"section-title\">Descripci\u00f3n<\/h5>\n<ul>\n<li class=\"section-content\">El c\u00e1ncer se encuentre en los grupos de los ganglios linf\u00e1ticos arriba y debajo del diafragma (el m\u00fasculo delgado de los pulmones que separa el t\u00f3rax de la regi\u00f3n abdominal).<\/li>\n<\/ul>\n<hr class=\"hidden-title\" \/>\n<p><\/div>\n<div id=\"tabs-815\"><\/p>\n<h4 class=\"section-title hidden-title\">Estadio IIIE<\/h4>\n<p><div id=\"stage\" style=\"width: 256px\" class=\"wp-caption center alignleft\"><a href=\"\/wp-content\/uploads\/2019\/01\/Screen-Shot-2019-01-10-at-11.21.49-AM.png\" title=\"Go to enlarged image.\"><img decoding=\"async\" aria-describedby=\"caption-stage\" src=\"\/wp-content\/uploads\/2019\/01\/Screen-Shot-2019-01-10-at-11.21.49-AM.png\" alt=\"Estadio IIIa\" style=\"margin-bottom:10px;max-height:370px\" \/><\/a><p id=\"caption-stage\" class=\"wp-caption-text\">Click Image to Enlarge.<\/p><\/div><\/p>\n<h5 class=\"section-title\">Descripci\u00f3n<\/h5>\n<ul>\n<li class=\"section-content\">El c\u00e1ncer se encuentra en grupos de ganglios linf\u00e1ticos por encima y debajo del diafragma y fuera de los ganglios linf\u00e1ticos en un \u00f3rgano o \u00e1rea cercanos.<\/li>\n<\/ul>\n<hr class=\"hidden-title\" \/>\n<p><\/div>\n<div id=\"tabs-816\"><\/p>\n<h4 class=\"section-title hidden-title\">Estadio IIIS<\/h4>\n<p><div id=\"stage\" style=\"width: 256px\" class=\"wp-caption center alignleft\"><a href=\"\/wp-content\/uploads\/2019\/01\/Screen-Shot-2019-01-10-at-11.24.45-AM.png\" title=\"Go to enlarged image.\"><img decoding=\"async\" aria-describedby=\"caption-stage\" src=\"\/wp-content\/uploads\/2019\/01\/Screen-Shot-2019-01-10-at-11.24.45-AM.png\" alt=\"Estadio IIIb\" style=\"margin-bottom:10px;max-height:370px\" \/><\/a><p id=\"caption-stage\" class=\"wp-caption-text\">Click Image to Enlarge.<\/p><\/div><\/p>\n<h5 class=\"section-title\">Descripci\u00f3n<\/h5>\n<ul>\n<li class=\"section-content\">El c\u00e1ncer se encuentra en grupos de ganglios linf\u00e1ticos por encima y por debajo del diafragma, y en el bazo.<\/li>\n<\/ul>\n<hr class=\"hidden-title\" \/>\n<p><\/div>\n<div id=\"tabs-817\"><\/p>\n<h4 class=\"section-title hidden-title\">Estadio IIIE+S<\/h4>\n<p><div id=\"stage\" style=\"width: 256px\" class=\"wp-caption center alignleft\"><a href=\"\/wp-content\/uploads\/2019\/01\/Screen-Shot-2019-01-10-at-11.23.08-AM.png\" title=\"Go to enlarged image.\"><img decoding=\"async\" aria-describedby=\"caption-stage\" src=\"\/wp-content\/uploads\/2019\/01\/Screen-Shot-2019-01-10-at-11.23.08-AM.png\" alt=\"Estadio IIIb\" style=\"margin-bottom:10px;max-height:370px\" \/><\/a><p id=\"caption-stage\" class=\"wp-caption-text\">Click Image to Enlarge.<\/p><\/div><\/p>\n<h5 class=\"section-title\">Descripci\u00f3n<\/h5>\n<ul>\n<li class=\"section-content\">El c\u00e1ncer se encuentra en grupos de ganglios linf\u00e1ticos arriba y debajo del diafragma, fuera de los ganglios linf\u00e1ticos en un \u00f3rgano o \u00e1rea cercanos, y en el bazo.<\/li>\n<\/ul>\n<hr class=\"hidden-title\" \/>\n<p><\/div>\n<div id=\"tabs-818\"><\/p>\n<h4 class=\"section-title hidden-title\">Estadio IV<\/h4>\n<p><div id=\"stage\" style=\"width: 265px\" class=\"wp-caption center alignleft\"><a href=\"\/wp-content\/uploads\/2019\/01\/Screen-Shot-2019-01-10-at-11.33.10-AM-1.png\" title=\"Go to enlarged image.\"><img decoding=\"async\" aria-describedby=\"caption-stage\" src=\"\/wp-content\/uploads\/2019\/01\/Screen-Shot-2019-01-10-at-11.33.10-AM-1.png\" alt=\"Estadio IV\" style=\"margin-bottom:10px;max-height:370px\" \/><\/a><p id=\"caption-stage\" class=\"wp-caption-text\">Click Image to Enlarge.<\/p><\/div><\/p>\n<h5 class=\"section-title\">Descripci\u00f3n<\/h5>\n<ul>\n<li class=\"section-content\">El c\u00e1ncer se encuentra en uno o m\u00e1s \u00f3rganos que pueden o no formar parte o estar cerca de una regi\u00f3n o grupo de ganglios linf\u00e1ticos (am\u00edgdales y tejido cercano, timo o bazo).<\/li>\n<li class=\"section-content\">O<\/li>\n<li class=\"section-content\">El c\u00e1ncer se disemin\u00f3 a los ganglios linf\u00e1ticos no regionales (se encuentra en un \u00f3rgano que no es parte del \u00e1rea linf\u00e1tica y se disemin\u00f3 hasta los ganglios linf\u00e1ticos lejos de ese \u00f3rgano).<\/li>\n<\/ul>\n<hr class=\"hidden-title\" \/>\n<p><\/div><\/div><\/div>\n<div class=\"clearboth\"><\/div>\n<div class=\"space\" style=\"clear:both; height:25px;\"><\/div>\n","protected":false},"excerpt":{"rendered":"<p>Estadificaci\u00f3n La etapa del linfoma relacionado con el SIDA describe el grado en que la enfermedad se ha diseminado en el cuerpo de un paciente. Los m\u00e9dicos determinar\u00e1n si las c\u00e9lulas cancerosas se han diseminado dentro del sistema linf\u00e1tico o a otras partes del cuerpo para decidir la etapa de la enfermedad. La estadificaci\u00f3n es [&hellip;]<\/p>\n","protected":false},"author":5,"featured_media":0,"parent":20371,"menu_order":5,"comment_status":"closed","ping_status":"closed","template":"template-tumor.php","meta":{"footnotes":""},"tags":[10],"class_list":["post-20378","page","type-page","status-publish","hentry","tag-members-only"],"yoast_head":"<!-- This site is optimized with the Yoast SEO plugin v25.0 - https:\/\/yoast.com\/wordpress\/plugins\/seo\/ -->\n<title>CMedEd | Informaci\u00f3n para comprender el linfoma relacionado con el SIDA | Estadificaci\u00f3n<\/title>\n<meta name=\"description\" content=\"Estadificaci\u00f3n La etapa del linfoma relacionado con el SIDA describe el grado en que la enfermedad se ha diseminado en el cuerpo de un paciente. Los\" \/>\n<meta name=\"robots\" content=\"index, follow, max-snippet:-1, max-image-preview:large, max-video-preview:-1\" \/>\n<link rel=\"canonical\" href=\"https:\/\/cmeded.com\/es\/lymphoma\/understanding-aids-related-lymphoma\/staging\/\" \/>\n<meta property=\"og:locale\" content=\"es_ES\" \/>\n<meta property=\"og:type\" content=\"article\" \/>\n<meta property=\"og:title\" content=\"CMedEd | Informaci\u00f3n para comprender el linfoma relacionado con el SIDA | Estadificaci\u00f3n\" \/>\n<meta property=\"og:description\" content=\"Estadificaci\u00f3n La etapa del linfoma relacionado con el SIDA describe el grado en que la enfermedad se ha diseminado en el cuerpo de un paciente. Los\" \/>\n<meta property=\"og:url\" content=\"https:\/\/cmeded.com\/es\/lymphoma\/understanding-aids-related-lymphoma\/staging\/\" \/>\n<meta property=\"og:site_name\" content=\"CMedEd\" \/>\n<meta property=\"article:modified_time\" content=\"2023-08-24T23:48:32+00:00\" \/>\n<meta name=\"twitter:card\" content=\"summary_large_image\" \/>\n<meta name=\"twitter:label1\" content=\"Tiempo de lectura\" \/>\n\t<meta name=\"twitter:data1\" content=\"3 minutos\" \/>\n<script type=\"application\/ld+json\" class=\"yoast-schema-graph\">{\"@context\":\"https:\/\/schema.org\",\"@graph\":[{\"@type\":\"WebPage\",\"@id\":\"https:\/\/cmeded.com\/es\/lymphoma\/understanding-aids-related-lymphoma\/staging\/\",\"url\":\"https:\/\/cmeded.com\/es\/lymphoma\/understanding-aids-related-lymphoma\/staging\/\",\"name\":\"CMedEd | Informaci\u00f3n para comprender el linfoma relacionado con el SIDA | Estadificaci\u00f3n\",\"isPartOf\":{\"@id\":\"https:\/\/cmeded.com\/es\/#website\"},\"datePublished\":\"2019-01-02T16:41:36+00:00\",\"dateModified\":\"2023-08-24T23:48:32+00:00\",\"description\":\"Estadificaci\u00f3n La etapa del linfoma relacionado con el SIDA describe el grado en que la enfermedad se ha diseminado en el cuerpo de un paciente. Los\",\"breadcrumb\":{\"@id\":\"https:\/\/cmeded.com\/es\/lymphoma\/understanding-aids-related-lymphoma\/staging\/#breadcrumb\"},\"inLanguage\":\"es\",\"potentialAction\":[{\"@type\":\"ReadAction\",\"target\":[\"https:\/\/cmeded.com\/es\/lymphoma\/understanding-aids-related-lymphoma\/staging\/\"]}]},{\"@type\":\"BreadcrumbList\",\"@id\":\"https:\/\/cmeded.com\/es\/lymphoma\/understanding-aids-related-lymphoma\/staging\/#breadcrumb\",\"itemListElement\":[{\"@type\":\"ListItem\",\"position\":1,\"name\":\"Home\",\"item\":\"https:\/\/cmeded.com\/es\/\"},{\"@type\":\"ListItem\",\"position\":2,\"name\":\"Linfoma\",\"item\":\"https:\/\/cmeded.com\/es\/lymphoma\/\"},{\"@type\":\"ListItem\",\"position\":3,\"name\":\"Informaci\u00f3n para comprender el linfoma relacionado con el SIDA\",\"item\":\"https:\/\/cmeded.com\/es\/lymphoma\/understanding-aids-related-lymphoma\/\"},{\"@type\":\"ListItem\",\"position\":4,\"name\":\"Estadificaci\u00f3n\"}]},{\"@type\":\"WebSite\",\"@id\":\"https:\/\/cmeded.com\/es\/#website\",\"url\":\"https:\/\/cmeded.com\/es\/\",\"name\":\"CMedEd\",\"description\":\"Recurso principal de informaci\u00f3n sobre el c\u00e1ncer\",\"potentialAction\":[{\"@type\":\"SearchAction\",\"target\":{\"@type\":\"EntryPoint\",\"urlTemplate\":\"https:\/\/cmeded.com\/es\/?s={search_term_string}\"},\"query-input\":{\"@type\":\"PropertyValueSpecification\",\"valueRequired\":true,\"valueName\":\"search_term_string\"}}],\"inLanguage\":\"es\"}]}<\/script>\n<!-- \/ Yoast SEO plugin. -->","yoast_head_json":{"title":"CMedEd | Informaci\u00f3n para comprender el linfoma relacionado con el SIDA | Estadificaci\u00f3n","description":"Estadificaci\u00f3n La etapa del linfoma relacionado con el SIDA describe el grado en que la enfermedad se ha diseminado en el cuerpo de un paciente. Los","robots":{"index":"index","follow":"follow","max-snippet":"max-snippet:-1","max-image-preview":"max-image-preview:large","max-video-preview":"max-video-preview:-1"},"canonical":"https:\/\/cmeded.com\/es\/lymphoma\/understanding-aids-related-lymphoma\/staging\/","og_locale":"es_ES","og_type":"article","og_title":"CMedEd | Informaci\u00f3n para comprender el linfoma relacionado con el SIDA | Estadificaci\u00f3n","og_description":"Estadificaci\u00f3n La etapa del linfoma relacionado con el SIDA describe el grado en que la enfermedad se ha diseminado en el cuerpo de un paciente. Los","og_url":"https:\/\/cmeded.com\/es\/lymphoma\/understanding-aids-related-lymphoma\/staging\/","og_site_name":"CMedEd","article_modified_time":"2023-08-24T23:48:32+00:00","twitter_card":"summary_large_image","twitter_misc":{"Tiempo de lectura":"3 minutos"},"schema":{"@context":"https:\/\/schema.org","@graph":[{"@type":"WebPage","@id":"https:\/\/cmeded.com\/es\/lymphoma\/understanding-aids-related-lymphoma\/staging\/","url":"https:\/\/cmeded.com\/es\/lymphoma\/understanding-aids-related-lymphoma\/staging\/","name":"CMedEd | Informaci\u00f3n para comprender el linfoma relacionado con el SIDA | Estadificaci\u00f3n","isPartOf":{"@id":"https:\/\/cmeded.com\/es\/#website"},"datePublished":"2019-01-02T16:41:36+00:00","dateModified":"2023-08-24T23:48:32+00:00","description":"Estadificaci\u00f3n La etapa del linfoma relacionado con el SIDA describe el grado en que la enfermedad se ha diseminado en el cuerpo de un paciente. Los","breadcrumb":{"@id":"https:\/\/cmeded.com\/es\/lymphoma\/understanding-aids-related-lymphoma\/staging\/#breadcrumb"},"inLanguage":"es","potentialAction":[{"@type":"ReadAction","target":["https:\/\/cmeded.com\/es\/lymphoma\/understanding-aids-related-lymphoma\/staging\/"]}]},{"@type":"BreadcrumbList","@id":"https:\/\/cmeded.com\/es\/lymphoma\/understanding-aids-related-lymphoma\/staging\/#breadcrumb","itemListElement":[{"@type":"ListItem","position":1,"name":"Home","item":"https:\/\/cmeded.com\/es\/"},{"@type":"ListItem","position":2,"name":"Linfoma","item":"https:\/\/cmeded.com\/es\/lymphoma\/"},{"@type":"ListItem","position":3,"name":"Informaci\u00f3n para comprender el linfoma relacionado con el SIDA","item":"https:\/\/cmeded.com\/es\/lymphoma\/understanding-aids-related-lymphoma\/"},{"@type":"ListItem","position":4,"name":"Estadificaci\u00f3n"}]},{"@type":"WebSite","@id":"https:\/\/cmeded.com\/es\/#website","url":"https:\/\/cmeded.com\/es\/","name":"CMedEd","description":"Recurso principal de informaci\u00f3n sobre el c\u00e1ncer","potentialAction":[{"@type":"SearchAction","target":{"@type":"EntryPoint","urlTemplate":"https:\/\/cmeded.com\/es\/?s={search_term_string}"},"query-input":{"@type":"PropertyValueSpecification","valueRequired":true,"valueName":"search_term_string"}}],"inLanguage":"es"}]}},"_links":{"self":[{"href":"https:\/\/cmeded.com\/es\/wp-json\/wp\/v2\/pages\/20378","targetHints":{"allow":["GET"]}}],"collection":[{"href":"https:\/\/cmeded.com\/es\/wp-json\/wp\/v2\/pages"}],"about":[{"href":"https:\/\/cmeded.com\/es\/wp-json\/wp\/v2\/types\/page"}],"author":[{"embeddable":true,"href":"https:\/\/cmeded.com\/es\/wp-json\/wp\/v2\/users\/5"}],"replies":[{"embeddable":true,"href":"https:\/\/cmeded.com\/es\/wp-json\/wp\/v2\/comments?post=20378"}],"version-history":[{"count":0,"href":"https:\/\/cmeded.com\/es\/wp-json\/wp\/v2\/pages\/20378\/revisions"}],"up":[{"embeddable":true,"href":"https:\/\/cmeded.com\/es\/wp-json\/wp\/v2\/pages\/20371"}],"wp:attachment":[{"href":"https:\/\/cmeded.com\/es\/wp-json\/wp\/v2\/media?parent=20378"}],"wp:term":[{"taxonomy":"post_tag","embeddable":true,"href":"https:\/\/cmeded.com\/es\/wp-json\/wp\/v2\/tags?post=20378"}],"curies":[{"name":"wp","href":"https:\/\/api.w.org\/{rel}","templated":true}]}}