{"id":19858,"date":"2016-03-01T12:59:06","date_gmt":"2016-03-01T18:59:06","guid":{"rendered":"http:\/\/cmeded.com\/es\/?page_id=19858"},"modified":"2025-05-04T20:32:42","modified_gmt":"2025-05-05T01:32:42","slug":"questions","status":"publish","type":"page","link":"https:\/\/cmeded.com\/es\/gynecological\/gestational-trophoblastic-disease\/questions\/","title":{"rendered":"Preguntas para hacerle al m\u00e9dico"},"content":{"rendered":"<h4 class=\"section-title\">Preguntas para hacerle al m\u00e9dico<\/h4>\n<p class=\"section-content\">Si usted puede comprender su situaci\u00f3n y puede explicar de qu\u00e9 se trata su afecci\u00f3n despu\u00e9s de recibir el diagn\u00f3stico, va por buen camino. Las preguntas constituyen el recurso principal para entender la enfermedad con m\u00e1s claridad y mejorar la calidad asistencial. Las preguntas bien planeadas pueden hacer la gran diferencia y pueden ayudar a aprovechar al m\u00e1ximo las consultas m\u00e9dicas. Si no sabe qu\u00e9 preguntar, considere preguntas como las siguientes:<\/p>\n<ul class=\"about-content\">\n<li>\u00bfQu\u00e9 tipo de ETG padezco? \u00bfEl benigna o maligna?<\/li>\n<li>\u00bfD\u00f3nde se encuentra el c\u00e1ncer que padezco? \u00bfSe ha diseminado el c\u00e1ncer?<\/li>\n<li>\u00bfEn qu\u00e9 estadio se encuentra el c\u00e1ncer?<\/li>\n<li>\u00bfEn qu\u00e9 grupo de riesgo se encuentra el c\u00e1ncer?<\/li>\n<li>\u00bfCu\u00e1les son las opciones de tratamiento? \u00bfCu\u00e1l recomendar\u00eda usted?<\/li>\n<li>\u00bfCu\u00e1les son los beneficios de cada tratamiento? \u00bfCu\u00e1les son los riesgos y los efectos secundarios?<\/li>\n<li>\u00bfDurante cu\u00e1nto tiempo tengo que realizar el tratamiento?<\/li>\n<li>\u00bfEl tratamiento afectar\u00e1 mi capacidad para quedar embarazada en el futuro (si le interesa su esterilidad en el futuro)?<\/li>\n<li>\u00bfCu\u00e1ndo puedo volver a quedar embarazada (si le interesa su esterilidad en el futuro)?<\/li>\n<li>\u00bfQu\u00e9 deber\u00eda tener en cuenta al elegir tratamientos que se puedan utilizar para mi afecci\u00f3n?<\/li>\n<li>\u00bfCu\u00e1les son los efectos secundarios a corto y largo plazo de los posibles tratamientos?<\/li>\n<li>\u00bfCu\u00e1l es su opini\u00f3n sobre los estudios cl\u00ednicos? \u00bfMe recomendar\u00eda participar en uno?<\/li>\n<li>\u00bfMe ayudar\u00eda a programar una segunda opini\u00f3n si tuviera dudas acerca del paso siguiente en mi programa de tratamiento?<\/li>\n<li>\u00bfQu\u00e9 debo hacer para prepararme para el tratamiento?<\/li>\n<li>\u00bfQu\u00e9 debo comentarles a otras personas (ni\u00f1os, padres, hermanos, amigos, etc.) acerca del c\u00e1ncer que padezco si me preguntan?<\/li>\n<\/ul>\n","protected":false},"excerpt":{"rendered":"<p>Preguntas para hacerle al m\u00e9dico Si usted puede comprender su situaci\u00f3n y puede explicar de qu\u00e9 se trata su afecci\u00f3n despu\u00e9s de recibir el diagn\u00f3stico, va por buen camino. Las preguntas constituyen el recurso principal para entender la enfermedad con m\u00e1s claridad y mejorar la calidad asistencial. Las preguntas bien planeadas pueden hacer la gran [&hellip;]<\/p>\n","protected":false},"author":5,"featured_media":0,"parent":19850,"menu_order":7,"comment_status":"closed","ping_status":"closed","template":"template-tumor.php","meta":{"footnotes":""},"tags":[10],"class_list":["post-19858","page","type-page","status-publish","hentry","tag-members-only"],"yoast_head":"<!-- This site is optimized with the Yoast SEO plugin v25.0 - https:\/\/yoast.com\/wordpress\/plugins\/seo\/ -->\n<title>CMedEd | Enfermedad trofobl\u00e1stica gestacional (ETG) | Preguntas para hacerle al m\u00e9dico<\/title>\n<meta name=\"description\" content=\"Preguntas para hacerle al m\u00e9dico Si usted puede comprender su situaci\u00f3n y puede explicar de qu\u00e9 se trata su afecci\u00f3n despu\u00e9s de recibir el diagn\u00f3stico, va\" \/>\n<meta name=\"robots\" content=\"index, follow, max-snippet:-1, max-image-preview:large, max-video-preview:-1\" \/>\n<link rel=\"canonical\" href=\"https:\/\/cmeded.com\/es\/gynecological\/gestational-trophoblastic-disease\/questions\/\" \/>\n<meta property=\"og:locale\" content=\"es_ES\" \/>\n<meta property=\"og:type\" content=\"article\" \/>\n<meta property=\"og:title\" content=\"CMedEd | Enfermedad trofobl\u00e1stica gestacional (ETG) | Preguntas para hacerle al m\u00e9dico\" \/>\n<meta property=\"og:description\" content=\"Preguntas para hacerle al m\u00e9dico Si usted puede comprender su situaci\u00f3n y puede explicar de qu\u00e9 se trata su afecci\u00f3n despu\u00e9s de recibir el diagn\u00f3stico, va\" \/>\n<meta property=\"og:url\" content=\"https:\/\/cmeded.com\/es\/gynecological\/gestational-trophoblastic-disease\/questions\/\" \/>\n<meta property=\"og:site_name\" content=\"CMedEd\" \/>\n<meta property=\"article:modified_time\" content=\"2025-05-05T01:32:42+00:00\" \/>\n<meta name=\"twitter:card\" content=\"summary_large_image\" \/>\n<meta name=\"twitter:label1\" content=\"Tiempo de lectura\" \/>\n\t<meta name=\"twitter:data1\" content=\"2 minutos\" \/>\n<script type=\"application\/ld+json\" class=\"yoast-schema-graph\">{\"@context\":\"https:\/\/schema.org\",\"@graph\":[{\"@type\":\"WebPage\",\"@id\":\"https:\/\/cmeded.com\/es\/gynecological\/gestational-trophoblastic-disease\/questions\/\",\"url\":\"https:\/\/cmeded.com\/es\/gynecological\/gestational-trophoblastic-disease\/questions\/\",\"name\":\"CMedEd | Enfermedad trofobl\u00e1stica gestacional (ETG) | Preguntas para hacerle al m\u00e9dico\",\"isPartOf\":{\"@id\":\"https:\/\/cmeded.com\/es\/#website\"},\"datePublished\":\"2016-03-01T18:59:06+00:00\",\"dateModified\":\"2025-05-05T01:32:42+00:00\",\"description\":\"Preguntas para hacerle al m\u00e9dico Si usted puede comprender su situaci\u00f3n y puede explicar de qu\u00e9 se trata su afecci\u00f3n despu\u00e9s de recibir el diagn\u00f3stico, va\",\"breadcrumb\":{\"@id\":\"https:\/\/cmeded.com\/es\/gynecological\/gestational-trophoblastic-disease\/questions\/#breadcrumb\"},\"inLanguage\":\"es\",\"potentialAction\":[{\"@type\":\"ReadAction\",\"target\":[\"https:\/\/cmeded.com\/es\/gynecological\/gestational-trophoblastic-disease\/questions\/\"]}]},{\"@type\":\"BreadcrumbList\",\"@id\":\"https:\/\/cmeded.com\/es\/gynecological\/gestational-trophoblastic-disease\/questions\/#breadcrumb\",\"itemListElement\":[{\"@type\":\"ListItem\",\"position\":1,\"name\":\"Home\",\"item\":\"https:\/\/cmeded.com\/es\/\"},{\"@type\":\"ListItem\",\"position\":2,\"name\":\"Ginecol\u00f3gico\",\"item\":\"https:\/\/cmeded.com\/es\/gynecological\/\"},{\"@type\":\"ListItem\",\"position\":3,\"name\":\"Enfermedad trofobl\u00e1stica gestacional (ETG)\",\"item\":\"https:\/\/cmeded.com\/es\/gynecological\/gestational-trophoblastic-disease\/\"},{\"@type\":\"ListItem\",\"position\":4,\"name\":\"Preguntas para hacerle al m\u00e9dico\"}]},{\"@type\":\"WebSite\",\"@id\":\"https:\/\/cmeded.com\/es\/#website\",\"url\":\"https:\/\/cmeded.com\/es\/\",\"name\":\"CMedEd\",\"description\":\"Recurso principal de informaci\u00f3n sobre el c\u00e1ncer\",\"potentialAction\":[{\"@type\":\"SearchAction\",\"target\":{\"@type\":\"EntryPoint\",\"urlTemplate\":\"https:\/\/cmeded.com\/es\/?s={search_term_string}\"},\"query-input\":{\"@type\":\"PropertyValueSpecification\",\"valueRequired\":true,\"valueName\":\"search_term_string\"}}],\"inLanguage\":\"es\"}]}<\/script>\n<!-- \/ Yoast SEO plugin. -->","yoast_head_json":{"title":"CMedEd | Enfermedad trofobl\u00e1stica gestacional (ETG) | Preguntas para hacerle al m\u00e9dico","description":"Preguntas para hacerle al m\u00e9dico Si usted puede comprender su situaci\u00f3n y puede explicar de qu\u00e9 se trata su afecci\u00f3n despu\u00e9s de recibir el diagn\u00f3stico, va","robots":{"index":"index","follow":"follow","max-snippet":"max-snippet:-1","max-image-preview":"max-image-preview:large","max-video-preview":"max-video-preview:-1"},"canonical":"https:\/\/cmeded.com\/es\/gynecological\/gestational-trophoblastic-disease\/questions\/","og_locale":"es_ES","og_type":"article","og_title":"CMedEd | Enfermedad trofobl\u00e1stica gestacional (ETG) | Preguntas para hacerle al m\u00e9dico","og_description":"Preguntas para hacerle al m\u00e9dico Si usted puede comprender su situaci\u00f3n y puede explicar de qu\u00e9 se trata su afecci\u00f3n despu\u00e9s de recibir el diagn\u00f3stico, va","og_url":"https:\/\/cmeded.com\/es\/gynecological\/gestational-trophoblastic-disease\/questions\/","og_site_name":"CMedEd","article_modified_time":"2025-05-05T01:32:42+00:00","twitter_card":"summary_large_image","twitter_misc":{"Tiempo de lectura":"2 minutos"},"schema":{"@context":"https:\/\/schema.org","@graph":[{"@type":"WebPage","@id":"https:\/\/cmeded.com\/es\/gynecological\/gestational-trophoblastic-disease\/questions\/","url":"https:\/\/cmeded.com\/es\/gynecological\/gestational-trophoblastic-disease\/questions\/","name":"CMedEd | Enfermedad trofobl\u00e1stica gestacional (ETG) | Preguntas para hacerle al m\u00e9dico","isPartOf":{"@id":"https:\/\/cmeded.com\/es\/#website"},"datePublished":"2016-03-01T18:59:06+00:00","dateModified":"2025-05-05T01:32:42+00:00","description":"Preguntas para hacerle al m\u00e9dico Si usted puede comprender su situaci\u00f3n y puede explicar de qu\u00e9 se trata su afecci\u00f3n despu\u00e9s de recibir el diagn\u00f3stico, va","breadcrumb":{"@id":"https:\/\/cmeded.com\/es\/gynecological\/gestational-trophoblastic-disease\/questions\/#breadcrumb"},"inLanguage":"es","potentialAction":[{"@type":"ReadAction","target":["https:\/\/cmeded.com\/es\/gynecological\/gestational-trophoblastic-disease\/questions\/"]}]},{"@type":"BreadcrumbList","@id":"https:\/\/cmeded.com\/es\/gynecological\/gestational-trophoblastic-disease\/questions\/#breadcrumb","itemListElement":[{"@type":"ListItem","position":1,"name":"Home","item":"https:\/\/cmeded.com\/es\/"},{"@type":"ListItem","position":2,"name":"Ginecol\u00f3gico","item":"https:\/\/cmeded.com\/es\/gynecological\/"},{"@type":"ListItem","position":3,"name":"Enfermedad trofobl\u00e1stica gestacional (ETG)","item":"https:\/\/cmeded.com\/es\/gynecological\/gestational-trophoblastic-disease\/"},{"@type":"ListItem","position":4,"name":"Preguntas para hacerle al m\u00e9dico"}]},{"@type":"WebSite","@id":"https:\/\/cmeded.com\/es\/#website","url":"https:\/\/cmeded.com\/es\/","name":"CMedEd","description":"Recurso principal de informaci\u00f3n sobre el c\u00e1ncer","potentialAction":[{"@type":"SearchAction","target":{"@type":"EntryPoint","urlTemplate":"https:\/\/cmeded.com\/es\/?s={search_term_string}"},"query-input":{"@type":"PropertyValueSpecification","valueRequired":true,"valueName":"search_term_string"}}],"inLanguage":"es"}]}},"_links":{"self":[{"href":"https:\/\/cmeded.com\/es\/wp-json\/wp\/v2\/pages\/19858","targetHints":{"allow":["GET"]}}],"collection":[{"href":"https:\/\/cmeded.com\/es\/wp-json\/wp\/v2\/pages"}],"about":[{"href":"https:\/\/cmeded.com\/es\/wp-json\/wp\/v2\/types\/page"}],"author":[{"embeddable":true,"href":"https:\/\/cmeded.com\/es\/wp-json\/wp\/v2\/users\/5"}],"replies":[{"embeddable":true,"href":"https:\/\/cmeded.com\/es\/wp-json\/wp\/v2\/comments?post=19858"}],"version-history":[{"count":0,"href":"https:\/\/cmeded.com\/es\/wp-json\/wp\/v2\/pages\/19858\/revisions"}],"up":[{"embeddable":true,"href":"https:\/\/cmeded.com\/es\/wp-json\/wp\/v2\/pages\/19850"}],"wp:attachment":[{"href":"https:\/\/cmeded.com\/es\/wp-json\/wp\/v2\/media?parent=19858"}],"wp:term":[{"taxonomy":"post_tag","embeddable":true,"href":"https:\/\/cmeded.com\/es\/wp-json\/wp\/v2\/tags?post=19858"}],"curies":[{"name":"wp","href":"https:\/\/api.w.org\/{rel}","templated":true}]}}