{"id":19855,"date":"2016-03-01T12:31:52","date_gmt":"2016-03-01T18:31:52","guid":{"rendered":"http:\/\/cmeded.com\/es\/?page_id=19855"},"modified":"2023-08-24T18:50:18","modified_gmt":"2023-08-24T23:50:18","slug":"diagnosis","status":"publish","type":"page","link":"https:\/\/cmeded.com\/es\/gynecological\/gestational-trophoblastic-disease\/diagnosis\/","title":{"rendered":"Diagn\u00f3stico"},"content":{"rendered":"<h4 class=\"section-title\">Diagn\u00f3stico<\/h4>\n<p class=\"section-content\">El diagn\u00f3stico de la ETG generalmente se realiza durante ecograf\u00edas de rutina y an\u00e1lisis de sangre en el embarazo.  Si usted presenta signos o s\u00edntomas an\u00f3malos relacionados con la ETG, comun\u00edquese con el m\u00e9dico de inmediato.  Es posible que el m\u00e9dico le recomiende algunas de las siguientes pruebas para diagnosticar la enfermedad:<\/p>\n<div class=\"divider\" id=\"\">\n\t\n\t<\/div>\n<div class=\"risk-factor\">\n<div class=\"symp-pic\">\n<div id=\"caption\" style=\"width: 195px\" class=\"wp-caption aligncenter\"><a href=\"\/wp-content\/uploads\/2014\/07\/Blood-Chemistry.jpg\" title=\"Click Image to Enlarge.\"><img decoding=\"async\" aria-describedby=\"caption-caption\" src=\"\/wp-content\/uploads\/2014\/07\/Blood-Chemistry.jpg\" class=\"aligncenter\" alt=\"An\u00e1lisis de sangre para determinar la concentraci\u00f3n de la hormona hCG\" style=\"height:150px\"\/><\/a><p id=\"caption-caption\" class=\"wp-caption-text\">Click Image to Enlarge.<\/p><\/div>\n<\/div>\n<div class=\"risk-text-wrap\">\n<h5 class=\"section-title\">An\u00e1lisis de sangre para determinar la concentraci\u00f3n de la hormona hCG<\/h5>\n<p class=\"section-content\">La hCG es una hormona que producen las mujeres en el embarazo. Los niveles de hCG aumentan en las mujeres embarazadas y puede que se eleven a\u00fan m\u00e1s en mujeres con ETG. Los niveles de hCG en sangre y orina se controlar\u00e1n durante el tratamiento para asegurarse de que este funciona, y durante los ex\u00e1menes de seguimiento para asegurarse de que el c\u00e1ncer no ha vuelto a aparecer.  <\/p>\n<\/div>\n<div class=\"clearboth\"><\/div>\n<\/div>\n<div class=\"divider\" id=\"\">\n\t\n\t<\/div>\n<div class=\"risk-factor\">\n<div class=\"symp-pic\"><div id=\"tvu\" style=\"width: 195px\" class=\"wp-caption aligncenter\"><a href=\"\/wp-content\/uploads\/sites\/4\/2015\/06\/Gyn-Ultrasound-es.jpg\" title=\"Click Image to Enlarge.\"><img decoding=\"async\" aria-describedby=\"caption-tvu\" src=\"\/wp-content\/uploads\/sites\/4\/2015\/06\/Gyn-Ultrasound-es.jpg\" class=\"aligncenter\" alt=\"Ecograf\u00eda\" style=\"max-height:150px\" \/><\/a><p id=\"caption-tvu\" class=\"wp-caption-text\">Click Image to Enlarge.<\/p><\/div><\/div>\n<div class=\"risk-text-wrap\">\n<h5 class=\"section-title\">Ecograf\u00eda<\/h5>\n<p class=\"section-content\">El diagn\u00f3stico de la ETG generalmente se realiza mediante una ecograf\u00eda de control prenatal de rutina.  En un embarazo molar, una ecograf\u00eda mostrar\u00e1 un crecimiento an\u00f3malo que parece un racimo de uvas en el \u00fatero, en lugar de un feto sano.  El m\u00e9dico puede recomendar una ecograf\u00eda transvaginal en la que un equipo de exploraci\u00f3n con forma de varilla se introduce en la vagina para crear im\u00e1genes del \u00fatero y de otros \u00f3rganos p\u00e9lvicos.<\/p>\n<\/div>\n<div class=\"clearboth\"><\/div>\n<\/div>\n<div class=\"divider\" id=\"\">\n\t\n\t<\/div>\n<div class=\"risk-factor\">\n<div class=\"symp-pic\"><div id=\"tvu\" style=\"width: 195px\" class=\"wp-caption aligncenter\"><a href=\"\/wp-content\/uploads\/sites\/4\/2015\/10\/Endometrial-dilation-curettage-es.jpg\" title=\"Click Image to Enlarge.\"><img decoding=\"async\" aria-describedby=\"caption-tvu\" src=\"\/wp-content\/uploads\/sites\/4\/2015\/10\/Endometrial-dilation-curettage-es.jpg\" class=\"aligncenter\" alt=\"Dilataci\u00f3n y raspado\" style=\"max-height:150px\" \/><\/a><p id=\"caption-tvu\" class=\"wp-caption-text\">Click Image to Enlarge.<\/p><\/div><\/div>\n<div class=\"risk-text-wrap\">\n<h5 class=\"section-title\">Dilataci\u00f3n y raspado (Dilation &amp; Curettage, D&amp;C)<\/h5>\n<p class=\"section-content\">Por lo general, los m\u00e9dicos pueden detectar la ETG en ecograf\u00edas y an\u00e1lisis de sangre.  Sin embargo, se puede recomendar un procedimiento quir\u00fargico denominado D&amp;C para confirmar el diagn\u00f3stico.  En este procedimiento, el medico utiliza un instrumento especial llamado \u201ccureta\u201d para extirpar el tumor del \u00fatero y raspar una muestra de tejido del \u00fatero.  Este tejido luego se examinar\u00e1 con un microscopio para confirmar el diagn\u00f3stico y determinar las caracter\u00edsticas espec\u00edficas del tumor.  <\/p>\n<\/div>\n<div class=\"clearboth\"><\/div>\n<\/div>\n<div class=\"divider\" id=\"\">\n\t\n\t<\/div>\n<div class=\"risk-factor\">\n<div class=\"symp-pic\"><div id=\"caption\" style=\"width: 243px\" class=\"wp-caption aligncenter\"><a href='\/wp-content\/uploads\/2016\/06\/CT.jpg' title='Go to enlarged image.'><img aria-describedby=\"caption-caption\" src='\/wp-content\/uploads\/2016\/06\/CT.jpg' class='aligncenter' alt='Tomograf\u00eda computarizada (TC)' style='height:150px' \/><\/a><p id=\"caption-caption\" class=\"wp-caption-text\">Click Image to Enlarge.<\/p><\/div><\/div>\n<div class=\"risk-text-wrap\">\n<h5 class=\"section-title\">Tomograf\u00eda computarizada (TC)<\/h5>\n<p class=\"section-content\">Un tom\u00f3grafo gira alrededor del cuerpo del paciente, toma radiograf\u00edas y produce im\u00e1genes transversales detalladas del cuerpo.  Es posible que le inyecten un colorante especial en las venas y que deba beber un l\u00edquido especial para que resalten las v\u00edsceras. Esto le permite a los m\u00e9dicos determinar la ubicaci\u00f3n exacta del tumor y comprobar la diseminaci\u00f3n del c\u00e1ncer.  El m\u00e9dico puede recomendar una TC para determinar si la ETG se ha diseminado a \u00f3rganos distantes, como los pulmones, el h\u00edgado o el cerebro.<\/p>\n<\/div>\n<div class=\"clearboth\"><\/div>\n<\/div>\n<div class=\"divider\" id=\"\">\n\t\n\t<\/div>\n<div class=\"risk-factor\">\n<div class=\"symp-pic\"><div id=\"caption\" style=\"width: 243px\" class=\"wp-caption aligncenter\"><a href='\/wp-content\/uploads\/2016\/06\/MRI.jpg' title='Go to enlarged image.'><img aria-describedby=\"caption-caption\" src='\/wp-content\/uploads\/2016\/06\/MRI.jpg' class='aligncenter' alt='Resonancia magn\u00e9tica (RM)' style='height:150px' \/><\/a><p id=\"caption-caption\" class=\"wp-caption-text\">Click Image to Enlarge.<\/p><\/div><\/div>\n<div class=\"risk-text-wrap\">\n<h5 class=\"section-title\">Resonancia magn\u00e9tica (RM)<\/h5>\n<p class=\"section-content\">Las resonancias magn\u00e9ticas (RM) utilizan ondas de radio y un im\u00e1n potente para crear im\u00e1genes detalladas de las distintas partes del cuerpo. El organismo absorbe las ondas de radio que luego se liberan siguiendo un patr\u00f3n determinado que es interpretado por una computadora para mostrar \"cortes\" del cuerpo humano. Las RM son muy \u00fatiles para detectar tumores en la pelvis, as\u00ed como tambi\u00e9n ganglios linf\u00e1ticos p\u00e9lvicos dilatados.El m\u00e9dico puede recomendar una RM para determinar si la ETG ha invadido estructuras o tejidos cercanos en la pelvis o se ha diseminado a \u00f3rganos distantes, como el cerebro o la m\u00e9dula espinal.<\/p>\n<\/div>\n<div class=\"clearboth\"><\/div>\n<\/div>\n","protected":false},"excerpt":{"rendered":"<p>Diagn\u00f3stico El diagn\u00f3stico de la ETG generalmente se realiza durante ecograf\u00edas de rutina y an\u00e1lisis de sangre en el embarazo. Si usted presenta signos o s\u00edntomas an\u00f3malos relacionados con la ETG, comun\u00edquese con el m\u00e9dico de inmediato. Es posible que el m\u00e9dico le recomiende algunas de las siguientes pruebas para diagnosticar la enfermedad: An\u00e1lisis de [&hellip;]<\/p>\n","protected":false},"author":5,"featured_media":0,"parent":19850,"menu_order":4,"comment_status":"closed","ping_status":"closed","template":"template-tumor.php","meta":{"footnotes":""},"tags":[10],"class_list":["post-19855","page","type-page","status-publish","hentry","tag-members-only"],"yoast_head":"<!-- This site is optimized with the Yoast SEO plugin v25.0 - https:\/\/yoast.com\/wordpress\/plugins\/seo\/ -->\n<title>CMedEd | Enfermedad trofobl\u00e1stica gestacional (ETG) | Diagn\u00f3stico<\/title>\n<meta name=\"description\" content=\"Diagn\u00f3stico El diagn\u00f3stico de la ETG generalmente se realiza durante ecograf\u00edas de rutina y an\u00e1lisis de sangre en el embarazo. Si usted presenta signos o\" \/>\n<meta name=\"robots\" content=\"index, follow, max-snippet:-1, max-image-preview:large, max-video-preview:-1\" \/>\n<link rel=\"canonical\" href=\"https:\/\/cmeded.com\/es\/gynecological\/gestational-trophoblastic-disease\/diagnosis\/\" \/>\n<meta property=\"og:locale\" content=\"es_ES\" \/>\n<meta property=\"og:type\" content=\"article\" \/>\n<meta property=\"og:title\" content=\"CMedEd | Enfermedad trofobl\u00e1stica gestacional (ETG) | Diagn\u00f3stico\" \/>\n<meta property=\"og:description\" content=\"Diagn\u00f3stico El diagn\u00f3stico de la ETG generalmente se realiza durante ecograf\u00edas de rutina y an\u00e1lisis de sangre en el embarazo. Si usted presenta signos o\" \/>\n<meta property=\"og:url\" content=\"https:\/\/cmeded.com\/es\/gynecological\/gestational-trophoblastic-disease\/diagnosis\/\" \/>\n<meta property=\"og:site_name\" content=\"CMedEd\" \/>\n<meta property=\"article:modified_time\" content=\"2023-08-24T23:50:18+00:00\" \/>\n<meta name=\"twitter:card\" content=\"summary_large_image\" \/>\n<meta name=\"twitter:label1\" content=\"Tiempo de lectura\" \/>\n\t<meta name=\"twitter:data1\" content=\"3 minutos\" \/>\n<script type=\"application\/ld+json\" class=\"yoast-schema-graph\">{\"@context\":\"https:\/\/schema.org\",\"@graph\":[{\"@type\":\"WebPage\",\"@id\":\"https:\/\/cmeded.com\/es\/gynecological\/gestational-trophoblastic-disease\/diagnosis\/\",\"url\":\"https:\/\/cmeded.com\/es\/gynecological\/gestational-trophoblastic-disease\/diagnosis\/\",\"name\":\"CMedEd | Enfermedad trofobl\u00e1stica gestacional (ETG) | Diagn\u00f3stico\",\"isPartOf\":{\"@id\":\"https:\/\/cmeded.com\/es\/#website\"},\"datePublished\":\"2016-03-01T18:31:52+00:00\",\"dateModified\":\"2023-08-24T23:50:18+00:00\",\"description\":\"Diagn\u00f3stico El diagn\u00f3stico de la ETG generalmente se realiza durante ecograf\u00edas de rutina y an\u00e1lisis de sangre en el embarazo. Si usted presenta signos o\",\"breadcrumb\":{\"@id\":\"https:\/\/cmeded.com\/es\/gynecological\/gestational-trophoblastic-disease\/diagnosis\/#breadcrumb\"},\"inLanguage\":\"es\",\"potentialAction\":[{\"@type\":\"ReadAction\",\"target\":[\"https:\/\/cmeded.com\/es\/gynecological\/gestational-trophoblastic-disease\/diagnosis\/\"]}]},{\"@type\":\"BreadcrumbList\",\"@id\":\"https:\/\/cmeded.com\/es\/gynecological\/gestational-trophoblastic-disease\/diagnosis\/#breadcrumb\",\"itemListElement\":[{\"@type\":\"ListItem\",\"position\":1,\"name\":\"Home\",\"item\":\"https:\/\/cmeded.com\/es\/\"},{\"@type\":\"ListItem\",\"position\":2,\"name\":\"Ginecol\u00f3gico\",\"item\":\"https:\/\/cmeded.com\/es\/gynecological\/\"},{\"@type\":\"ListItem\",\"position\":3,\"name\":\"Enfermedad trofobl\u00e1stica gestacional (ETG)\",\"item\":\"https:\/\/cmeded.com\/es\/gynecological\/gestational-trophoblastic-disease\/\"},{\"@type\":\"ListItem\",\"position\":4,\"name\":\"Diagn\u00f3stico\"}]},{\"@type\":\"WebSite\",\"@id\":\"https:\/\/cmeded.com\/es\/#website\",\"url\":\"https:\/\/cmeded.com\/es\/\",\"name\":\"CMedEd\",\"description\":\"Recurso principal de informaci\u00f3n sobre el c\u00e1ncer\",\"potentialAction\":[{\"@type\":\"SearchAction\",\"target\":{\"@type\":\"EntryPoint\",\"urlTemplate\":\"https:\/\/cmeded.com\/es\/?s={search_term_string}\"},\"query-input\":{\"@type\":\"PropertyValueSpecification\",\"valueRequired\":true,\"valueName\":\"search_term_string\"}}],\"inLanguage\":\"es\"}]}<\/script>\n<!-- \/ Yoast SEO plugin. -->","yoast_head_json":{"title":"CMedEd | Enfermedad trofobl\u00e1stica gestacional (ETG) | Diagn\u00f3stico","description":"Diagn\u00f3stico El diagn\u00f3stico de la ETG generalmente se realiza durante ecograf\u00edas de rutina y an\u00e1lisis de sangre en el embarazo. Si usted presenta signos o","robots":{"index":"index","follow":"follow","max-snippet":"max-snippet:-1","max-image-preview":"max-image-preview:large","max-video-preview":"max-video-preview:-1"},"canonical":"https:\/\/cmeded.com\/es\/gynecological\/gestational-trophoblastic-disease\/diagnosis\/","og_locale":"es_ES","og_type":"article","og_title":"CMedEd | Enfermedad trofobl\u00e1stica gestacional (ETG) | Diagn\u00f3stico","og_description":"Diagn\u00f3stico El diagn\u00f3stico de la ETG generalmente se realiza durante ecograf\u00edas de rutina y an\u00e1lisis de sangre en el embarazo. Si usted presenta signos o","og_url":"https:\/\/cmeded.com\/es\/gynecological\/gestational-trophoblastic-disease\/diagnosis\/","og_site_name":"CMedEd","article_modified_time":"2023-08-24T23:50:18+00:00","twitter_card":"summary_large_image","twitter_misc":{"Tiempo de lectura":"3 minutos"},"schema":{"@context":"https:\/\/schema.org","@graph":[{"@type":"WebPage","@id":"https:\/\/cmeded.com\/es\/gynecological\/gestational-trophoblastic-disease\/diagnosis\/","url":"https:\/\/cmeded.com\/es\/gynecological\/gestational-trophoblastic-disease\/diagnosis\/","name":"CMedEd | Enfermedad trofobl\u00e1stica gestacional (ETG) | Diagn\u00f3stico","isPartOf":{"@id":"https:\/\/cmeded.com\/es\/#website"},"datePublished":"2016-03-01T18:31:52+00:00","dateModified":"2023-08-24T23:50:18+00:00","description":"Diagn\u00f3stico El diagn\u00f3stico de la ETG generalmente se realiza durante ecograf\u00edas de rutina y an\u00e1lisis de sangre en el embarazo. Si usted presenta signos o","breadcrumb":{"@id":"https:\/\/cmeded.com\/es\/gynecological\/gestational-trophoblastic-disease\/diagnosis\/#breadcrumb"},"inLanguage":"es","potentialAction":[{"@type":"ReadAction","target":["https:\/\/cmeded.com\/es\/gynecological\/gestational-trophoblastic-disease\/diagnosis\/"]}]},{"@type":"BreadcrumbList","@id":"https:\/\/cmeded.com\/es\/gynecological\/gestational-trophoblastic-disease\/diagnosis\/#breadcrumb","itemListElement":[{"@type":"ListItem","position":1,"name":"Home","item":"https:\/\/cmeded.com\/es\/"},{"@type":"ListItem","position":2,"name":"Ginecol\u00f3gico","item":"https:\/\/cmeded.com\/es\/gynecological\/"},{"@type":"ListItem","position":3,"name":"Enfermedad trofobl\u00e1stica gestacional (ETG)","item":"https:\/\/cmeded.com\/es\/gynecological\/gestational-trophoblastic-disease\/"},{"@type":"ListItem","position":4,"name":"Diagn\u00f3stico"}]},{"@type":"WebSite","@id":"https:\/\/cmeded.com\/es\/#website","url":"https:\/\/cmeded.com\/es\/","name":"CMedEd","description":"Recurso principal de informaci\u00f3n sobre el c\u00e1ncer","potentialAction":[{"@type":"SearchAction","target":{"@type":"EntryPoint","urlTemplate":"https:\/\/cmeded.com\/es\/?s={search_term_string}"},"query-input":{"@type":"PropertyValueSpecification","valueRequired":true,"valueName":"search_term_string"}}],"inLanguage":"es"}]}},"_links":{"self":[{"href":"https:\/\/cmeded.com\/es\/wp-json\/wp\/v2\/pages\/19855","targetHints":{"allow":["GET"]}}],"collection":[{"href":"https:\/\/cmeded.com\/es\/wp-json\/wp\/v2\/pages"}],"about":[{"href":"https:\/\/cmeded.com\/es\/wp-json\/wp\/v2\/types\/page"}],"author":[{"embeddable":true,"href":"https:\/\/cmeded.com\/es\/wp-json\/wp\/v2\/users\/5"}],"replies":[{"embeddable":true,"href":"https:\/\/cmeded.com\/es\/wp-json\/wp\/v2\/comments?post=19855"}],"version-history":[{"count":0,"href":"https:\/\/cmeded.com\/es\/wp-json\/wp\/v2\/pages\/19855\/revisions"}],"up":[{"embeddable":true,"href":"https:\/\/cmeded.com\/es\/wp-json\/wp\/v2\/pages\/19850"}],"wp:attachment":[{"href":"https:\/\/cmeded.com\/es\/wp-json\/wp\/v2\/media?parent=19855"}],"wp:term":[{"taxonomy":"post_tag","embeddable":true,"href":"https:\/\/cmeded.com\/es\/wp-json\/wp\/v2\/tags?post=19855"}],"curies":[{"name":"wp","href":"https:\/\/api.w.org\/{rel}","templated":true}]}}