{"id":19844,"date":"2016-02-18T11:41:32","date_gmt":"2016-02-18T17:41:32","guid":{"rendered":"http:\/\/cmeded.com\/es\/?page_id=19844"},"modified":"2023-08-24T18:50:18","modified_gmt":"2023-08-24T23:50:18","slug":"symptoms","status":"publish","type":"page","link":"https:\/\/cmeded.com\/es\/gynecological\/primary-peritoneal-cancer\/symptoms\/","title":{"rendered":"S\u00edntomas"},"content":{"rendered":"<h4 class=\"section-title\">S\u00edntomas<\/h4>\n<p class=\"section-content\">El c\u00e1ncer de peritoneo primario no produce muchos s\u00edntomas en sus estadios iniciales, y cualquier s\u00edntoma que aparezca puede confundirse por afecciones menos graves. A medida que la enfermedad avanza, es posible manifestar los siguientes s\u00edntomas:<\/p>\n<div class=\"one_half\">\n<div class=\"divider\" id=\"\">\n\t\n\t<\/div><\/p>\n<div class=\"risk-factor\">\n<div class=\"symp-pic\"><img decoding=\"async\" src=\"\/wp-content\/uploads\/2021\/06\/Hispanic_girl_abdominal-pain.jpg\" class=\"aligncenter\" alt=\"Dolor o molestia abdominal\" style=\"height:125px;\"><\/div>\n<div>\n<h5 class=\"section-title\">Dolor o molestia abdominal<\/h5>\n<\/div>\n<div class=\"clearboth\"><\/div>\n<\/div>\n<div class=\"divider\" id=\"\">\n\t\n\t<\/div>\n<div class=\"risk-factor\">\n<div class=\"symp-pic\"><img decoding=\"async\" src=\"\/wp-content\/uploads\/2013\/03\/PregnantWoman150.jpg\" class=\"aligncenter\" alt=\"Hinchaz\u00f3n o inflamaci\u00f3n del abdomen\" style=\"height:125px;\"><\/div>\n<div class=\"wrap-fix wrap-desktop-fix\">\n<h5 class=\"section-title\">Hinchaz\u00f3n o inflamaci\u00f3n del abdomen (Incluso cuando no comes m\u00e1s o no haces ejercicio)<\/h5>\n<\/div>\n<div class=\"clearboth\"><\/div>\n<\/div>\n<div class=\"divider\" id=\"\">\n\t\n\t<\/div>\n<div class=\"risk-factor\">\n<div class=\"symp-pic\"><img decoding=\"async\" src=\"\/wp-content\/uploads\/2013\/02\/DiarrheaNew1.jpg\" class=\"aligncenter\" alt=\"N\u00e1useas, diarrea y estre\u00f1imiento\" style=\"height:125px;\"><\/div>\n<div>\n<h5 class=\"section-title\">N\u00e1useas, diarrea y estre\u00f1imiento<\/h5>\n<\/div>\n<div class=\"clearboth\"><\/div>\n<\/div>\n<div class=\"divider\" id=\"\">\n\t\n\t<\/div>\n<div class=\"risk-factor\">\n<div class=\"symp-pic\"><img decoding=\"async\" src=\"\/wp-content\/uploads\/2013\/09\/FatigueWithChair175.png\" class=\"aligncenter\" alt=\"Cansancio o falta de energ\u00eda\" style=\"height:125px;\"><\/div>\n<div>\n<h5 class=\"section-title\">Cansancio o falta de energ\u00eda<\/h5>\n<\/div>\n<div class=\"clearboth\"><\/div>\n<\/div>\n<div class=\"divider\" id=\"\">\n\t\n\t<\/div>\n<div class=\"risk-factor\">\n<div class=\"symp-pic\"><img decoding=\"async\" src=\"\/wp-content\/uploads\/2013\/04\/CupOfUrine150.jpg\" class=\"aligncenter\" alt=\"Necesidad frecuente de orinar\" style=\"height:125px;\"><\/div>\n<div>\n<h5 class=\"section-title\">Necesidad frecuente de orinar<\/h5>\n<\/div>\n<div class=\"clearboth\"><\/div>\n<\/div>\n<div class=\"divider\" id=\"\">\n\t\n\t<\/div><\/div>\n<div class=\"one_half last\">\n<div class=\"divider\" id=\"remove-divider\">\n\t\n\t<\/div><\/p>\n<div class=\"risk-factor\">\n<div class=\"symp-pic\"><img decoding=\"async\" src=\"\/wp-content\/uploads\/2013\/04\/Just-a-Drop-of-Blood-150.jpg\" class=\"aligncenter\" alt=\"Sangrado vaginal o cambios menstruales inusuales\" style=\"height:125px;\"><\/div>\n<div>\n<h5 class=\"section-title\">Sangrado vaginal o cambios menstruales inusuales<\/h5>\n<\/div>\n<div class=\"clearboth\"><\/div>\n<\/div>\n<div class=\"divider\" id=\"\">\n\t\n\t<\/div>\n<div class=\"risk-factor\">\n<div class=\"symp-pic\"><img decoding=\"async\" src=\"\/wp-content\/uploads\/2013\/02\/LossApp175.jpg\" class=\"aligncenter\" alt=\"P\u00e9rdida de apetito o sensaci\u00f3n de saciedad\" style=\"height:125px;\"><\/div>\n<div class=\"wrap-fix\">\n<h5 class=\"section-title\">P\u00e9rdida de apetito o sensaci\u00f3n de saciedad despu\u00e9s de ingerir solo una peque\u00f1a cantidad de alimentos<\/h5>\n<\/div>\n<div class=\"clearboth\"><\/div>\n<\/div>\n<div class=\"divider\" id=\"\">\n\t\n\t<\/div>\n<div class=\"risk-factor\">\n<div class=\"symp-pic\"><img decoding=\"async\" src=\"\/wp-content\/uploads\/2021\/06\/black_feet_on_weight.jpg\" class=\"aligncenter\" alt=\"Cambios de peso inexplicables\" style=\"height:125px;\"><\/div>\n<div>\n<h5 class=\"section-title\">Cambios de peso inexplicables<\/h5>\n<\/div>\n<div class=\"clearboth\"><\/div>\n<\/div>\n<div class=\"divider\" id=\"\">\n\t\n\t<\/div>\n<div class=\"risk-factor\">\n<div class=\"symp-pic\"><img decoding=\"async\" src=\"\/wp-content\/uploads\/2021\/06\/Black_Hispanic_Woman.jpg\" class=\"aligncenter\" alt=\"Falta de aire\" style=\"height:125px;\"><\/div>\n<div>\n<h5 class=\"section-title\">Falta de aire<\/h5>\n<\/div>\n<div class=\"clearboth\"><\/div>\n<\/div>\n<div class=\"divider\" id=\"\">\n\t\n\t<\/div>\n<div class=\"risk-factor\">\n<div class=\"symp-pic\"><img decoding=\"async\" src=\"\/wp-content\/uploads\/2013\/04\/BonePain1601.jpg\" class=\"aligncenter\" alt=\"Dolor de espalda o dolor durante las relaciones sexuales\" style=\"height:125px;\"><\/div>\n<div>\n<h5 class=\"section-title\">Dolor de espalda o dolor durante las relaciones sexuales<\/h5>\n<\/div>\n<div class=\"clearboth\"><\/div>\n<\/div>\n<div class=\"divider\" id=\"\">\n\t\n\t<\/div><\/div>\n<div class=\"clearboth\"><\/div>\n","protected":false},"excerpt":{"rendered":"<p>S\u00edntomas El c\u00e1ncer de peritoneo primario no produce muchos s\u00edntomas en sus estadios iniciales, y cualquier s\u00edntoma que aparezca puede confundirse por afecciones menos graves. A medida que la enfermedad avanza, es posible manifestar los siguientes s\u00edntomas: Dolor o molestia abdominal Hinchaz\u00f3n o inflamaci\u00f3n del abdomen (Incluso cuando no comes m\u00e1s o no haces ejercicio) [&hellip;]<\/p>\n","protected":false},"author":5,"featured_media":0,"parent":19840,"menu_order":3,"comment_status":"closed","ping_status":"open","template":"template-tumor.php","meta":{"footnotes":""},"tags":[10],"class_list":["post-19844","page","type-page","status-publish","hentry","tag-members-only"],"yoast_head":"<!-- This site is optimized with the Yoast SEO plugin v25.0 - https:\/\/yoast.com\/wordpress\/plugins\/seo\/ -->\n<title>CMedEd | Informaci\u00f3n para comprender el c\u00e1ncer de peritoneo primario (CPP) | S\u00edntomas<\/title>\n<meta name=\"description\" content=\"S\u00edntomas El c\u00e1ncer de peritoneo primario no produce muchos s\u00edntomas en sus estadios iniciales, y cualquier s\u00edntoma que aparezca puede confundirse por\" \/>\n<meta name=\"robots\" content=\"index, follow, max-snippet:-1, max-image-preview:large, max-video-preview:-1\" \/>\n<link rel=\"canonical\" href=\"https:\/\/cmeded.com\/es\/gynecological\/primary-peritoneal-cancer\/symptoms\/\" \/>\n<meta property=\"og:locale\" content=\"es_ES\" \/>\n<meta property=\"og:type\" content=\"article\" \/>\n<meta property=\"og:title\" content=\"CMedEd | Informaci\u00f3n para comprender el c\u00e1ncer de peritoneo primario (CPP) | S\u00edntomas\" \/>\n<meta property=\"og:description\" content=\"S\u00edntomas El c\u00e1ncer de peritoneo primario no produce muchos s\u00edntomas en sus estadios iniciales, y cualquier s\u00edntoma que aparezca puede confundirse por\" \/>\n<meta property=\"og:url\" content=\"https:\/\/cmeded.com\/es\/gynecological\/primary-peritoneal-cancer\/symptoms\/\" \/>\n<meta property=\"og:site_name\" content=\"CMedEd\" \/>\n<meta property=\"article:modified_time\" content=\"2023-08-24T23:50:18+00:00\" \/>\n<meta name=\"twitter:card\" content=\"summary_large_image\" \/>\n<meta name=\"twitter:label1\" content=\"Tiempo de lectura\" \/>\n\t<meta name=\"twitter:data1\" content=\"1 minuto\" \/>\n<script type=\"application\/ld+json\" class=\"yoast-schema-graph\">{\"@context\":\"https:\/\/schema.org\",\"@graph\":[{\"@type\":\"WebPage\",\"@id\":\"https:\/\/cmeded.com\/es\/gynecological\/primary-peritoneal-cancer\/symptoms\/\",\"url\":\"https:\/\/cmeded.com\/es\/gynecological\/primary-peritoneal-cancer\/symptoms\/\",\"name\":\"CMedEd | Informaci\u00f3n para comprender el c\u00e1ncer de peritoneo primario (CPP) | S\u00edntomas\",\"isPartOf\":{\"@id\":\"https:\/\/cmeded.com\/es\/#website\"},\"datePublished\":\"2016-02-18T17:41:32+00:00\",\"dateModified\":\"2023-08-24T23:50:18+00:00\",\"description\":\"S\u00edntomas El c\u00e1ncer de peritoneo primario no produce muchos s\u00edntomas en sus estadios iniciales, y cualquier s\u00edntoma que aparezca puede confundirse por\",\"breadcrumb\":{\"@id\":\"https:\/\/cmeded.com\/es\/gynecological\/primary-peritoneal-cancer\/symptoms\/#breadcrumb\"},\"inLanguage\":\"es\",\"potentialAction\":[{\"@type\":\"ReadAction\",\"target\":[\"https:\/\/cmeded.com\/es\/gynecological\/primary-peritoneal-cancer\/symptoms\/\"]}]},{\"@type\":\"BreadcrumbList\",\"@id\":\"https:\/\/cmeded.com\/es\/gynecological\/primary-peritoneal-cancer\/symptoms\/#breadcrumb\",\"itemListElement\":[{\"@type\":\"ListItem\",\"position\":1,\"name\":\"Home\",\"item\":\"https:\/\/cmeded.com\/es\/\"},{\"@type\":\"ListItem\",\"position\":2,\"name\":\"Ginecol\u00f3gico\",\"item\":\"https:\/\/cmeded.com\/es\/gynecological\/\"},{\"@type\":\"ListItem\",\"position\":3,\"name\":\"Informaci\u00f3n para comprender el c\u00e1ncer de peritoneo primario (CPP)\",\"item\":\"https:\/\/cmeded.com\/es\/gynecological\/primary-peritoneal-cancer\/\"},{\"@type\":\"ListItem\",\"position\":4,\"name\":\"S\u00edntomas\"}]},{\"@type\":\"WebSite\",\"@id\":\"https:\/\/cmeded.com\/es\/#website\",\"url\":\"https:\/\/cmeded.com\/es\/\",\"name\":\"CMedEd\",\"description\":\"Recurso principal de informaci\u00f3n sobre el c\u00e1ncer\",\"potentialAction\":[{\"@type\":\"SearchAction\",\"target\":{\"@type\":\"EntryPoint\",\"urlTemplate\":\"https:\/\/cmeded.com\/es\/?s={search_term_string}\"},\"query-input\":{\"@type\":\"PropertyValueSpecification\",\"valueRequired\":true,\"valueName\":\"search_term_string\"}}],\"inLanguage\":\"es\"}]}<\/script>\n<!-- \/ Yoast SEO plugin. -->","yoast_head_json":{"title":"CMedEd | Informaci\u00f3n para comprender el c\u00e1ncer de peritoneo primario (CPP) | S\u00edntomas","description":"S\u00edntomas El c\u00e1ncer de peritoneo primario no produce muchos s\u00edntomas en sus estadios iniciales, y cualquier s\u00edntoma que aparezca puede confundirse por","robots":{"index":"index","follow":"follow","max-snippet":"max-snippet:-1","max-image-preview":"max-image-preview:large","max-video-preview":"max-video-preview:-1"},"canonical":"https:\/\/cmeded.com\/es\/gynecological\/primary-peritoneal-cancer\/symptoms\/","og_locale":"es_ES","og_type":"article","og_title":"CMedEd | Informaci\u00f3n para comprender el c\u00e1ncer de peritoneo primario (CPP) | S\u00edntomas","og_description":"S\u00edntomas El c\u00e1ncer de peritoneo primario no produce muchos s\u00edntomas en sus estadios iniciales, y cualquier s\u00edntoma que aparezca puede confundirse por","og_url":"https:\/\/cmeded.com\/es\/gynecological\/primary-peritoneal-cancer\/symptoms\/","og_site_name":"CMedEd","article_modified_time":"2023-08-24T23:50:18+00:00","twitter_card":"summary_large_image","twitter_misc":{"Tiempo de lectura":"1 minuto"},"schema":{"@context":"https:\/\/schema.org","@graph":[{"@type":"WebPage","@id":"https:\/\/cmeded.com\/es\/gynecological\/primary-peritoneal-cancer\/symptoms\/","url":"https:\/\/cmeded.com\/es\/gynecological\/primary-peritoneal-cancer\/symptoms\/","name":"CMedEd | Informaci\u00f3n para comprender el c\u00e1ncer de peritoneo primario (CPP) | S\u00edntomas","isPartOf":{"@id":"https:\/\/cmeded.com\/es\/#website"},"datePublished":"2016-02-18T17:41:32+00:00","dateModified":"2023-08-24T23:50:18+00:00","description":"S\u00edntomas El c\u00e1ncer de peritoneo primario no produce muchos s\u00edntomas en sus estadios iniciales, y cualquier s\u00edntoma que aparezca puede confundirse por","breadcrumb":{"@id":"https:\/\/cmeded.com\/es\/gynecological\/primary-peritoneal-cancer\/symptoms\/#breadcrumb"},"inLanguage":"es","potentialAction":[{"@type":"ReadAction","target":["https:\/\/cmeded.com\/es\/gynecological\/primary-peritoneal-cancer\/symptoms\/"]}]},{"@type":"BreadcrumbList","@id":"https:\/\/cmeded.com\/es\/gynecological\/primary-peritoneal-cancer\/symptoms\/#breadcrumb","itemListElement":[{"@type":"ListItem","position":1,"name":"Home","item":"https:\/\/cmeded.com\/es\/"},{"@type":"ListItem","position":2,"name":"Ginecol\u00f3gico","item":"https:\/\/cmeded.com\/es\/gynecological\/"},{"@type":"ListItem","position":3,"name":"Informaci\u00f3n para comprender el c\u00e1ncer de peritoneo primario (CPP)","item":"https:\/\/cmeded.com\/es\/gynecological\/primary-peritoneal-cancer\/"},{"@type":"ListItem","position":4,"name":"S\u00edntomas"}]},{"@type":"WebSite","@id":"https:\/\/cmeded.com\/es\/#website","url":"https:\/\/cmeded.com\/es\/","name":"CMedEd","description":"Recurso principal de informaci\u00f3n sobre el c\u00e1ncer","potentialAction":[{"@type":"SearchAction","target":{"@type":"EntryPoint","urlTemplate":"https:\/\/cmeded.com\/es\/?s={search_term_string}"},"query-input":{"@type":"PropertyValueSpecification","valueRequired":true,"valueName":"search_term_string"}}],"inLanguage":"es"}]}},"_links":{"self":[{"href":"https:\/\/cmeded.com\/es\/wp-json\/wp\/v2\/pages\/19844","targetHints":{"allow":["GET"]}}],"collection":[{"href":"https:\/\/cmeded.com\/es\/wp-json\/wp\/v2\/pages"}],"about":[{"href":"https:\/\/cmeded.com\/es\/wp-json\/wp\/v2\/types\/page"}],"author":[{"embeddable":true,"href":"https:\/\/cmeded.com\/es\/wp-json\/wp\/v2\/users\/5"}],"replies":[{"embeddable":true,"href":"https:\/\/cmeded.com\/es\/wp-json\/wp\/v2\/comments?post=19844"}],"version-history":[{"count":0,"href":"https:\/\/cmeded.com\/es\/wp-json\/wp\/v2\/pages\/19844\/revisions"}],"up":[{"embeddable":true,"href":"https:\/\/cmeded.com\/es\/wp-json\/wp\/v2\/pages\/19840"}],"wp:attachment":[{"href":"https:\/\/cmeded.com\/es\/wp-json\/wp\/v2\/media?parent=19844"}],"wp:term":[{"taxonomy":"post_tag","embeddable":true,"href":"https:\/\/cmeded.com\/es\/wp-json\/wp\/v2\/tags?post=19844"}],"curies":[{"name":"wp","href":"https:\/\/api.w.org\/{rel}","templated":true}]}}