{"id":19843,"date":"2016-02-18T11:57:33","date_gmt":"2016-02-18T17:57:33","guid":{"rendered":"http:\/\/cmeded.com\/es\/?page_id=19843"},"modified":"2023-08-24T18:50:18","modified_gmt":"2023-08-24T23:50:18","slug":"diagnosis","status":"publish","type":"page","link":"https:\/\/cmeded.com\/es\/gynecological\/primary-peritoneal-cancer\/diagnosis\/","title":{"rendered":"Diagn\u00f3stico"},"content":{"rendered":"<h4 class=\"section-title\">Diagn\u00f3stico<\/h4>\n<p class=\"section-content\">Si usted presenta alg\u00fan s\u00edntoma de c\u00e1ncer de peritoneo primario, el m\u00e9dico le realizar\u00e1 un examen f\u00edsico y considerar\u00e1 los antecedentes m\u00e9dicos personales y familiares. Durante el examen f\u00edsico, el m\u00e9dico puede palpar el abdomen para verificar la presencia de tumores o la acumulaci\u00f3n de l\u00edquidos.  Si el m\u00e9dico piensa que el c\u00e1ncer de ovario a\u00fan puede estar presente, le solicitar\u00e1 pruebas adicionales para diagnosticar la enfermedad.<\/p>\n<div class=\"divider\" id=\"\">\n\t\n\t<\/div>\n<div class=\"risk-factor\">\n<div class=\"symp-pic\"><img decoding=\"async\" src=\"\/wp-content\/uploads\/2013\/09\/PhysicalWoman190x200.png\" class=\"aligncenter\" alt=\"Examen p\u00e9lvico\" style=\"height:150px\" \/><\/div>\n<div class=\"risk-text-wrap\">\n<h5 class=\"section-title\">Examen p\u00e9lvico<\/h5>\n<p class=\"section-content\">El m\u00e9dico palpar\u00e1 el interior de la vagina y del recto de la paciente con un dedo, utilizando un guante lubricado, para verificar la presencia de cualquier crecimiento o anomal\u00eda en los ovarios o en los \u00f3rganos cercanos.  Un tacto rectal es importante, ya que le permite al m\u00e9dico palpar la pelvis en profundidad para verificar la presencia de cualquier crecimiento que pudiera no haberse palpado en el tacto vaginal.<\/p>\n<\/div>\n<div class=\"clearboth\"><\/div>\n<\/div>\n<div class=\"divider\" id=\"\">\n\t\n\t<\/div>\n<div class=\"risk-factor\">\n<div class=\"symp-pic\">\n<div id=\"caption\" style=\"width: 195px\" class=\"wp-caption aligncenter\"><a href=\"\/wp-content\/uploads\/2014\/07\/Blood-Chemistry.jpg\" title=\"Click Image to Enlarge.\"><img decoding=\"async\" aria-describedby=\"caption-caption\" src=\"\/wp-content\/uploads\/2014\/07\/Blood-Chemistry.jpg\" class=\"aligncenter\" alt=\"An\u00e1lisis de sangre de CA-125\" style=\"height:150px\"\/><\/a><p id=\"caption-caption\" class=\"wp-caption-text\">Click Image to Enlarge.<\/p><\/div>\n<\/div>\n<div class=\"risk-text-wrap\">\n<h5 class=\"section-title\">An\u00e1lisis de sangre de CA-125<\/h5>\n<p class=\"section-content\">CA-125 es una prote\u00edna que producen las c\u00e9lulas cancerosas de los ovarios y el peritoneo normal, y es un marcador tumoral para el c\u00e1ncer de ovario. Los niveles de CA-125 pueden ser mayores que lo normal en las mujeres que tienen c\u00e1ncer de ovario o c\u00e1ncer de peritoneo primario. Esta prueba sola no puede detectar el c\u00e1ncer de ovario. Tener niveles altos de CA-125 no significa necesariamente que usted padece c\u00e1ncer de peritoneo primario, y tener niveles bajos de CA-125 no significa necesariamente que no lo padece. Esta prueba es m\u00e1s \u00fatil para detectar el c\u00e1ncer de peritoneo primario recidivante y para controlar el progreso del tratamiento.<\/p>\n<ul class=\"about-content\">\n<li>Consulte <a href=\"\/es\/cancer-explained\/understanding-tumor-markers\" style=\"color:#336699\">Marcadores tumorales<\/a> para obtener m\u00e1s informaci\u00f3n.<\/li>\n<\/ul>\n<\/div>\n<div class=\"clearboth\"><\/div>\n<\/div>\n<div class=\"divider\" id=\"\">\n\t\n\t<\/div>\n<div class=\"risk-factor\">\n<div class=\"symp-pic\"><div id=\"tvu\" style=\"width: 195px\" class=\"wp-caption aligncenter\"><a href=\"\/wp-content\/uploads\/sites\/4\/2015\/06\/Gyn-Ultrasound-es.jpg\" title=\"Click Image to Enlarge.\"><img decoding=\"async\" aria-describedby=\"caption-tvu\" src=\"\/wp-content\/uploads\/sites\/4\/2015\/06\/Gyn-Ultrasound-es.jpg\" class=\"aligncenter\" alt=\"Ecograf\u00eda transvaginal\" style=\"height:150px\" \/><\/a><p id=\"caption-tvu\" class=\"wp-caption-text\">Click Image to Enlarge.<\/p><\/div><\/div>\n<div class=\"risk-text-wrap\">\n<h5 class=\"section-title\">Ecograf\u00eda transvaginal<\/h5>\n<p class=\"section-content\">El m\u00e9dico introducir\u00e1 en la vagina un aparato de exploraci\u00f3n con forma de varilla que tiene un dispositivo ecogr\u00e1fico, recubierto con un preservativo.  A ra\u00edz del ultrasonido, se emiten ondas sonoras y se detecta el eco que rebota desde los tejidos corporales para crear una imagen en blanco y negro de una parte del cuerpo. Una ecograf\u00eda puede ayudar a detectar un tumor en los ovarios e indicar si es s\u00f3lido o est\u00e1 lleno de l\u00edquido.<\/p>\n<\/div>\n<div class=\"clearboth\"><\/div>\n<\/div>\n<div class=\"divider\" id=\"\">\n\t\n\t<\/div>\n<div class=\"risk-factor\">\n<div class=\"symp-pic\"><img decoding=\"async\" src=\"\/wp-content\/uploads\/2013\/01\/Xray.jpg\" class=\"aligncenter\" alt=\"Radiograf\u00eda de t\u00f3rax\" style=\"height:150px\" \/><\/div>\n<div class=\"risk-text-wrap\">\n<h5 class=\"section-title\">Radiograf\u00eda de t\u00f3rax<\/h5>\n<p class=\"section-content\">En las radiograf\u00edas, se emplea radiaci\u00f3n electromagn\u00e9tica para producir im\u00e1genes del interior del cuerpo. El m\u00e9dico puede solicitar una radiograf\u00eda de t\u00f3rax para verificar si el c\u00e1ncer ha alcanzado los pulmones.<\/p>\n<\/div>\n<div class=\"clearboth\"><\/div>\n<\/div>\n<div class=\"divider\" id=\"\">\n\t\n\t<\/div>\n<div class=\"risk-factor\">\n<div class=\"symp-pic\"><div id=\"caption\" style=\"width: 243px\" class=\"wp-caption aligncenter\"><a href='\/wp-content\/uploads\/2016\/06\/CT.jpg' title='Go to enlarged image.'><img aria-describedby=\"caption-caption\" src='\/wp-content\/uploads\/2016\/06\/CT.jpg' class='aligncenter' alt='Tomograf\u00eda computarizada' style='height:150px' \/><\/a><p id=\"caption-caption\" class=\"wp-caption-text\">Click Image to Enlarge.<\/p><\/div><\/div>\n<div class=\"risk-text-wrap\">\n<h5 class=\"section-title\">Tomograf\u00eda computarizada<\/h5>\n<p class=\"section-content\">En una tomograf\u00eda computarizada (TC), se utilizan radiograf\u00edas para producir una imagen del cuerpo.  Es posible que le inyecten un colorante especial en las venas y que deba beber un l\u00edquido especial para que resalten las v\u00edsceras.  Una TC revela la presencia de tumores y permite detectar si el c\u00e1ncer se disemin\u00f3 a otras partes del cuerpo.<\/p>\n<\/div>\n<div class=\"clearboth\"><\/div>\n<\/div>\n<div class=\"divider\" id=\"\">\n\t\n\t<\/div>\n<div class=\"risk-factor\">\n<div class=\"symp-pic\"><div id=\"caption\" style=\"width: 243px\" class=\"wp-caption aligncenter\"><a href='\/wp-content\/uploads\/2016\/06\/MRI.jpg' title='Go to enlarged image.'><img aria-describedby=\"caption-caption\" src='\/wp-content\/uploads\/2016\/06\/MRI.jpg' class='aligncenter' alt='Resonancia magn\u00e9tica' style='height:150px' \/><\/a><p id=\"caption-caption\" class=\"wp-caption-text\">Click Image to Enlarge.<\/p><\/div><\/div>\n<div class=\"risk-text-wrap\">\n<h5 class=\"section-title\">Resonancia magn\u00e9tica<\/h5>\n<p class=\"section-content\">En una resonancia magn\u00e9tica (RM), se emplean ondas de radio y un im\u00e1n potente para crear im\u00e1genes detalladas de las distintas partes del cuerpo.  El organismo absorbe las ondas de radio, que se liberan siguiendo un patr\u00f3n determinado que es interpretado por una computadora para mostrar cortes del cuerpo humano. <\/p>\n<\/div>\n<div class=\"clearboth\"><\/div>\n<\/div>\n<div class=\"divider\" id=\"\">\n\t\n\t<\/div>\n<div class=\"risk-factor\">\n<div class=\"symp-pic\"><div id=\"caption\" style=\"width: 243px\" class=\"wp-caption aligncenter\"><a href='\/wp-content\/uploads\/2016\/06\/PET.jpg' title='Go to enlarged image.'><img aria-describedby=\"caption-caption\" src='\/wp-content\/uploads\/2016\/06\/PET.jpg' class='aligncenter' alt='Tomograf\u00eda por emisi\u00f3n de positrones' style='height:150px' \/><\/a><p id=\"caption-caption\" class=\"wp-caption-text\">Click Image to Enlarge.<\/p><\/div><\/div>\n<div class=\"risk-text-wrap\">\n<h5 class=\"section-title\">Tomograf\u00eda por emisi\u00f3n de positrones<\/h5>\n<p class=\"section-content\">Para realizar una tomograf\u00eda por emisi\u00f3n de positrones (TEP), el m\u00e9dico inyecta una sustancia radiactiva en el torrente circulatorio de la paciente.  Esta sustancia se acumula en las c\u00e9lulas malignas (cancerosas) en tu cuerpo .  El m\u00e9dico luego utiliza un tom\u00f3grafo para detectar estas \u00e1reas de radioactividad y encontrar la ubicaci\u00f3n exacta del c\u00e1ncer en el organismo de la paciente.  Este estudio se puede realizar junto con una TC para ubicar mejor la enfermedad.<\/p>\n<\/div>\n<div class=\"clearboth\"><\/div>\n<\/div>\n<div class=\"divider\" id=\"\">\n\t\n\t<\/div>\n<div class=\"risk-factor\">\n<div class=\"symp-pic\"><img decoding=\"async\" src=\"\/wp-content\/uploads\/2021\/06\/Black_Pathologist.jpg\" class=\"aligncenter\" alt=\"Biopsia\" style=\"height:150px\" \/><\/div>\n<div class=\"risk-text-wrap\">\n<h5 class=\"section-title\">Biopsia<\/h5>\n<p class=\"section-content\">La biopsia constituye la \u00fanica manera de comprobar la presencia de c\u00e1ncer. El m\u00e9dico extraer\u00e1 una muestra de tejido an\u00f3malo y la enviar\u00e1 al laboratorio para que la analicen al microscopio. Un radi\u00f3logo de intervenci\u00f3n (un m\u00e9dico especialista en realizar procedimientos con la gu\u00eda de radiograf\u00edas) puede realizar una biopsia por aspiraci\u00f3n con aguja fina (AAF) y colocar una aguja directamente en el tumor a trav\u00e9s del abdomen. En otros casos, el m\u00e9dico puede extraer una muestra de l\u00edquido del abdomen para realizar una biopsia y diagnosticar el c\u00e1ncer de peritoneo primario.  Asimismo, puede realizar la biopsia por laparoscop\u00eda y extraer la muestra por medio de una peque\u00f1a incisi\u00f3n en el abdomen.  Finalmente, la biopsia puede realizarse al momento de la cirug\u00eda definitiva que se describe con posterioridad.<\/p>\n<\/div>\n<div class=\"clearboth\"><\/div>\n<\/div>\n<div class=\"divider\" id=\"\">\n\t\n\t<\/div>\n<p class=\"section-content\">La Sociedad de Oncolog\u00eda Ginecol\u00f3gica (Society for Gynecologic Oncology) recomienda que se practiquen pruebas para detectar la mutaci\u00f3n de los genes <i>BRCA1<\/i> y <i>BRCA2<\/i> a todas las mujeres que sufran de c\u00e1ncer de ovario seroso, c\u00e1ncer de peritoneo primario, o c\u00e1ncer de las trompas de Falopio.  Esto podr\u00eda repercutir en el riesgo de sufrir otros tipos de c\u00e1ncer y en el tipo de tratamiento que reciban en el futuro. Los an\u00e1lisis de sangre pueden determinar si tiene un gen <i>BRCA1<\/i> o <i>BRCA2<\/i>, que puede causar c\u00e1ncer de ovario y c\u00e1ncer de mama.<\/p>\n","protected":false},"excerpt":{"rendered":"<p>Diagn\u00f3stico Si usted presenta alg\u00fan s\u00edntoma de c\u00e1ncer de peritoneo primario, el m\u00e9dico le realizar\u00e1 un examen f\u00edsico y considerar\u00e1 los antecedentes m\u00e9dicos personales y familiares. Durante el examen f\u00edsico, el m\u00e9dico puede palpar el abdomen para verificar la presencia de tumores o la acumulaci\u00f3n de l\u00edquidos. Si el m\u00e9dico piensa que el c\u00e1ncer de [&hellip;]<\/p>\n","protected":false},"author":5,"featured_media":0,"parent":19840,"menu_order":4,"comment_status":"closed","ping_status":"open","template":"template-tumor.php","meta":{"footnotes":""},"tags":[10],"class_list":["post-19843","page","type-page","status-publish","hentry","tag-members-only"],"yoast_head":"<!-- This site is optimized with the Yoast SEO plugin v25.0 - https:\/\/yoast.com\/wordpress\/plugins\/seo\/ -->\n<title>CMedEd | Informaci\u00f3n para comprender el c\u00e1ncer de peritoneo primario (CPP) | Diagn\u00f3stico<\/title>\n<meta name=\"description\" content=\"Diagn\u00f3stico Si usted presenta alg\u00fan s\u00edntoma de c\u00e1ncer de peritoneo primario, el m\u00e9dico le realizar\u00e1 un examen f\u00edsico y considerar\u00e1 los antecedentes\" \/>\n<meta name=\"robots\" content=\"index, follow, max-snippet:-1, max-image-preview:large, max-video-preview:-1\" \/>\n<link rel=\"canonical\" href=\"https:\/\/cmeded.com\/es\/gynecological\/primary-peritoneal-cancer\/diagnosis\/\" \/>\n<meta property=\"og:locale\" content=\"es_ES\" \/>\n<meta property=\"og:type\" content=\"article\" \/>\n<meta property=\"og:title\" content=\"CMedEd | Informaci\u00f3n para comprender el c\u00e1ncer de peritoneo primario (CPP) | Diagn\u00f3stico\" \/>\n<meta property=\"og:description\" content=\"Diagn\u00f3stico Si usted presenta alg\u00fan s\u00edntoma de c\u00e1ncer de peritoneo primario, el m\u00e9dico le realizar\u00e1 un examen f\u00edsico y considerar\u00e1 los antecedentes\" \/>\n<meta property=\"og:url\" content=\"https:\/\/cmeded.com\/es\/gynecological\/primary-peritoneal-cancer\/diagnosis\/\" \/>\n<meta property=\"og:site_name\" content=\"CMedEd\" \/>\n<meta property=\"article:modified_time\" content=\"2023-08-24T23:50:18+00:00\" \/>\n<meta name=\"twitter:card\" content=\"summary_large_image\" \/>\n<meta name=\"twitter:label1\" content=\"Tiempo de lectura\" \/>\n\t<meta name=\"twitter:data1\" content=\"5 minutos\" \/>\n<script type=\"application\/ld+json\" class=\"yoast-schema-graph\">{\"@context\":\"https:\/\/schema.org\",\"@graph\":[{\"@type\":\"WebPage\",\"@id\":\"https:\/\/cmeded.com\/es\/gynecological\/primary-peritoneal-cancer\/diagnosis\/\",\"url\":\"https:\/\/cmeded.com\/es\/gynecological\/primary-peritoneal-cancer\/diagnosis\/\",\"name\":\"CMedEd | Informaci\u00f3n para comprender el c\u00e1ncer de peritoneo primario (CPP) | Diagn\u00f3stico\",\"isPartOf\":{\"@id\":\"https:\/\/cmeded.com\/es\/#website\"},\"datePublished\":\"2016-02-18T17:57:33+00:00\",\"dateModified\":\"2023-08-24T23:50:18+00:00\",\"description\":\"Diagn\u00f3stico Si usted presenta alg\u00fan s\u00edntoma de c\u00e1ncer de peritoneo primario, el m\u00e9dico le realizar\u00e1 un examen f\u00edsico y considerar\u00e1 los antecedentes\",\"breadcrumb\":{\"@id\":\"https:\/\/cmeded.com\/es\/gynecological\/primary-peritoneal-cancer\/diagnosis\/#breadcrumb\"},\"inLanguage\":\"es\",\"potentialAction\":[{\"@type\":\"ReadAction\",\"target\":[\"https:\/\/cmeded.com\/es\/gynecological\/primary-peritoneal-cancer\/diagnosis\/\"]}]},{\"@type\":\"BreadcrumbList\",\"@id\":\"https:\/\/cmeded.com\/es\/gynecological\/primary-peritoneal-cancer\/diagnosis\/#breadcrumb\",\"itemListElement\":[{\"@type\":\"ListItem\",\"position\":1,\"name\":\"Home\",\"item\":\"https:\/\/cmeded.com\/es\/\"},{\"@type\":\"ListItem\",\"position\":2,\"name\":\"Ginecol\u00f3gico\",\"item\":\"https:\/\/cmeded.com\/es\/gynecological\/\"},{\"@type\":\"ListItem\",\"position\":3,\"name\":\"Informaci\u00f3n para comprender el c\u00e1ncer de peritoneo primario (CPP)\",\"item\":\"https:\/\/cmeded.com\/es\/gynecological\/primary-peritoneal-cancer\/\"},{\"@type\":\"ListItem\",\"position\":4,\"name\":\"Diagn\u00f3stico\"}]},{\"@type\":\"WebSite\",\"@id\":\"https:\/\/cmeded.com\/es\/#website\",\"url\":\"https:\/\/cmeded.com\/es\/\",\"name\":\"CMedEd\",\"description\":\"Recurso principal de informaci\u00f3n sobre el c\u00e1ncer\",\"potentialAction\":[{\"@type\":\"SearchAction\",\"target\":{\"@type\":\"EntryPoint\",\"urlTemplate\":\"https:\/\/cmeded.com\/es\/?s={search_term_string}\"},\"query-input\":{\"@type\":\"PropertyValueSpecification\",\"valueRequired\":true,\"valueName\":\"search_term_string\"}}],\"inLanguage\":\"es\"}]}<\/script>\n<!-- \/ Yoast SEO plugin. -->","yoast_head_json":{"title":"CMedEd | Informaci\u00f3n para comprender el c\u00e1ncer de peritoneo primario (CPP) | Diagn\u00f3stico","description":"Diagn\u00f3stico Si usted presenta alg\u00fan s\u00edntoma de c\u00e1ncer de peritoneo primario, el m\u00e9dico le realizar\u00e1 un examen f\u00edsico y considerar\u00e1 los antecedentes","robots":{"index":"index","follow":"follow","max-snippet":"max-snippet:-1","max-image-preview":"max-image-preview:large","max-video-preview":"max-video-preview:-1"},"canonical":"https:\/\/cmeded.com\/es\/gynecological\/primary-peritoneal-cancer\/diagnosis\/","og_locale":"es_ES","og_type":"article","og_title":"CMedEd | Informaci\u00f3n para comprender el c\u00e1ncer de peritoneo primario (CPP) | Diagn\u00f3stico","og_description":"Diagn\u00f3stico Si usted presenta alg\u00fan s\u00edntoma de c\u00e1ncer de peritoneo primario, el m\u00e9dico le realizar\u00e1 un examen f\u00edsico y considerar\u00e1 los antecedentes","og_url":"https:\/\/cmeded.com\/es\/gynecological\/primary-peritoneal-cancer\/diagnosis\/","og_site_name":"CMedEd","article_modified_time":"2023-08-24T23:50:18+00:00","twitter_card":"summary_large_image","twitter_misc":{"Tiempo de lectura":"5 minutos"},"schema":{"@context":"https:\/\/schema.org","@graph":[{"@type":"WebPage","@id":"https:\/\/cmeded.com\/es\/gynecological\/primary-peritoneal-cancer\/diagnosis\/","url":"https:\/\/cmeded.com\/es\/gynecological\/primary-peritoneal-cancer\/diagnosis\/","name":"CMedEd | Informaci\u00f3n para comprender el c\u00e1ncer de peritoneo primario (CPP) | Diagn\u00f3stico","isPartOf":{"@id":"https:\/\/cmeded.com\/es\/#website"},"datePublished":"2016-02-18T17:57:33+00:00","dateModified":"2023-08-24T23:50:18+00:00","description":"Diagn\u00f3stico Si usted presenta alg\u00fan s\u00edntoma de c\u00e1ncer de peritoneo primario, el m\u00e9dico le realizar\u00e1 un examen f\u00edsico y considerar\u00e1 los antecedentes","breadcrumb":{"@id":"https:\/\/cmeded.com\/es\/gynecological\/primary-peritoneal-cancer\/diagnosis\/#breadcrumb"},"inLanguage":"es","potentialAction":[{"@type":"ReadAction","target":["https:\/\/cmeded.com\/es\/gynecological\/primary-peritoneal-cancer\/diagnosis\/"]}]},{"@type":"BreadcrumbList","@id":"https:\/\/cmeded.com\/es\/gynecological\/primary-peritoneal-cancer\/diagnosis\/#breadcrumb","itemListElement":[{"@type":"ListItem","position":1,"name":"Home","item":"https:\/\/cmeded.com\/es\/"},{"@type":"ListItem","position":2,"name":"Ginecol\u00f3gico","item":"https:\/\/cmeded.com\/es\/gynecological\/"},{"@type":"ListItem","position":3,"name":"Informaci\u00f3n para comprender el c\u00e1ncer de peritoneo primario (CPP)","item":"https:\/\/cmeded.com\/es\/gynecological\/primary-peritoneal-cancer\/"},{"@type":"ListItem","position":4,"name":"Diagn\u00f3stico"}]},{"@type":"WebSite","@id":"https:\/\/cmeded.com\/es\/#website","url":"https:\/\/cmeded.com\/es\/","name":"CMedEd","description":"Recurso principal de informaci\u00f3n sobre el c\u00e1ncer","potentialAction":[{"@type":"SearchAction","target":{"@type":"EntryPoint","urlTemplate":"https:\/\/cmeded.com\/es\/?s={search_term_string}"},"query-input":{"@type":"PropertyValueSpecification","valueRequired":true,"valueName":"search_term_string"}}],"inLanguage":"es"}]}},"_links":{"self":[{"href":"https:\/\/cmeded.com\/es\/wp-json\/wp\/v2\/pages\/19843","targetHints":{"allow":["GET"]}}],"collection":[{"href":"https:\/\/cmeded.com\/es\/wp-json\/wp\/v2\/pages"}],"about":[{"href":"https:\/\/cmeded.com\/es\/wp-json\/wp\/v2\/types\/page"}],"author":[{"embeddable":true,"href":"https:\/\/cmeded.com\/es\/wp-json\/wp\/v2\/users\/5"}],"replies":[{"embeddable":true,"href":"https:\/\/cmeded.com\/es\/wp-json\/wp\/v2\/comments?post=19843"}],"version-history":[{"count":0,"href":"https:\/\/cmeded.com\/es\/wp-json\/wp\/v2\/pages\/19843\/revisions"}],"up":[{"embeddable":true,"href":"https:\/\/cmeded.com\/es\/wp-json\/wp\/v2\/pages\/19840"}],"wp:attachment":[{"href":"https:\/\/cmeded.com\/es\/wp-json\/wp\/v2\/media?parent=19843"}],"wp:term":[{"taxonomy":"post_tag","embeddable":true,"href":"https:\/\/cmeded.com\/es\/wp-json\/wp\/v2\/tags?post=19843"}],"curies":[{"name":"wp","href":"https:\/\/api.w.org\/{rel}","templated":true}]}}