{"id":19842,"date":"2016-02-18T12:00:58","date_gmt":"2016-02-18T18:00:58","guid":{"rendered":"http:\/\/cmeded.com\/es\/?page_id=19842"},"modified":"2025-04-27T23:58:45","modified_gmt":"2025-04-28T04:58:45","slug":"treatment","status":"publish","type":"page","link":"https:\/\/cmeded.com\/es\/gynecological\/primary-peritoneal-cancer\/treatment\/","title":{"rendered":"Tratamiento"},"content":{"rendered":"<h4 class=\"section-title\">Tratamiento<\/h4>\n<p class=\"section-content\">Las opciones de tratamiento para el c\u00e1ncer peritoneal primario dependen del estadio del c\u00e1ncer, la cantidad de tumor restante despu\u00e9s de la cirug\u00eda, su edad, su estado de salud general y, en ocasiones, sus planes de tener hijos. El c\u00e1ncer peritoneal primario se desarrolla a partir de c\u00e9lulas epiteliales, las mismas c\u00e9lulas que se encuentran en la superficie ov\u00e1rica. Por lo tanto, este c\u00e1ncer se comporta de forma muy similar al c\u00e1ncer epitelial de ovario y, a menudo, se trata de la misma manera. La cirug\u00eda suele ser la primera parte del tratamiento del c\u00e1ncer de ovario, seguida de la quimioterapia. Cuanto mayor sea la extensi\u00f3n del tumor que se extirpe con \u00e9xito, mayores ser\u00e1n las probabilidades de supervivencia.<\/p>\n<h5 class=\"section-title\">Tratamiento de c\u00e1ncer de peritoneo primario en estadio inicial (I\/II)<\/h5>\n<ul class=\"about-content\">\n<li>Cirug\u00eda o cirug\u00eda seguida de quimioterapia.<\/li>\n<\/ul>\n<h5 class=\"section-title\">Tratamiento de c\u00e1ncer de peritoneo primario en estadio avanzado (III\/IV)<\/h5>\n<ul class=\"about-content\">\n<li>Cirug\u00eda seguida de quimioterapia o quimioterapia seguida de cirug\u00eda y quimioterapia adicional.<\/li>\n<\/ul>\n<div class=\"divider\" id=\"\">\n\t\n\t<\/div>\n<h4 class=\"section-title\" style=\"margin-top:20px;\">Cirug\u00eda<\/h4>\n<p class=\"section-content\" style=\"margin-bottom:-25px;\">La cirug\u00eda es el principal tratamiento para el c\u00e1ncer peritoneal. El cirujano extirpar\u00e1 una porci\u00f3n del tumor y la someter\u00e1 a un examen patol\u00f3gico para determinar si es c\u00e1ncer. Si es maligno, el m\u00e9dico podr\u00eda recomendar cualquiera de los siguientes procedimientos quir\u00fargicos:<\/p>\n<div class=\"clearboth\"><\/div>\n<div class=\"divider\" id=\"\">\n\t\n\t<\/div>\n<div class=\"risk-factor\">\n<div class=\"symp-pic\"><div id=\"caption\" style=\"width: 195px\" class=\"wp-caption aligncenter\"><a href=\"\/wp-content\/uploads\/sites\/4\/2015\/06\/GYN-bilateral-salpingo-es.jpg\" title=\"Click Image to Enlarge.\"><img decoding=\"async\" aria-describedby=\"caption-caption\" src=\"\/wp-content\/uploads\/sites\/4\/2015\/06\/GYN-bilateral-salpingo-es.jpg\" class=\"aligncenter\" alt=\"Ovariosalpingectom\u00eda bilateral\" style=\"height:150px;\"\/><\/a><p id=\"caption-caption\" class=\"wp-caption-text\">Click Image to Enlarge.<\/p><\/div><\/div>\n<div class=\"risk-text-wrap\">\n<h5 class=\"section-title\">Ovariosalpingectom\u00eda bilateral<\/h5>\n<p class=\"section-content\">En este procedimiento, el cirujano extirpa los ovarios y las trompas de Falopio. Generalmente, se extirpan ambos ovarios para determinar si el c\u00e1ncer los afecta.<\/p>\n<\/div>\n<div class=\"clearboth\"><\/div>\n<\/div>\n<div class=\"divider\" id=\"\">\n\t\n\t<\/div>\n<div class=\"risk-factor\">\n<div class=\"symp-pic\" ><div id=\"caption\" style=\"width: 195px\" class=\"wp-caption aligncenter\"><a href=\"\/wp-content\/uploads\/sites\/4\/2015\/09\/GYN-total-hysterectomy-es.jpg\" title=\"Click Image to Enlarge.\"><img decoding=\"async\" aria-describedby=\"caption-caption\" src=\"\/wp-content\/uploads\/sites\/4\/2015\/06\/GYN-total-hysterectomy-es.jpg\" class=\"aligncenter\" alt=\"Histerectom\u00eda\" style=\"height:150px;\"\/><\/a><p id=\"caption-caption\" class=\"wp-caption-text\">Click Image to Enlarge.<\/p><\/div><\/div>\n<div class=\"risk-text-wrap\">\n<h5 class=\"section-title\">Histerectom\u00eda<\/h5>\n<p class=\"section-content\">Una histerectom\u00eda es una cirug\u00eda para extirpar el \u00fatero y el cuello uterino, pero no los tejidos circundantes ni los ganglios linf\u00e1ticos. Este procedimiento, junto con la histerectom\u00eda abdominal, puede realizarse mediante una incisi\u00f3n quir\u00fargica en el abdomen (abierta), por laparoscopia o con un sistema quir\u00fargico rob\u00f3tico. Si se indica un procedimiento abierto, esta cirug\u00eda suele realizarse mediante una incisi\u00f3n vertical (de arriba a abajo).<\/p>\n<\/div>\n<div class=\"clearboth\"><\/div>\n<\/div>\n<div class=\"divider\" id=\"\">\n\t\n\t<\/div>\n<div class=\"risk-factor\">\n<div class=\"symp-pic\" ><div id=\"caption\" style=\"width: 195px\" class=\"wp-caption aligncenter\"><a href=\"\/wp-content\/uploads\/sites\/4\/2015\/09\/omentectomy-es.jpg\" title=\"Click Image to Enlarge.\"><img decoding=\"async\" aria-describedby=\"caption-caption\" src=\"\/wp-content\/uploads\/sites\/4\/2015\/06\/omentectomy-es.jpg\" class=\"aligncenter\" alt=\"Omentectom\u00eda\" style=\"max-height:150px;\"\/><\/a><p id=\"caption-caption\" class=\"wp-caption-text\">Click Image to Enlarge.<\/p><\/div><\/div>\n<div class=\"risk-text-wrap\">\n<h5 class=\"section-title\">Omentectom\u00eda<\/h5>\n<p class=\"section-content\">El m\u00e9dico extirpa el epipl\u00f3n para detectar la propagaci\u00f3n del c\u00e1ncer. El epipl\u00f3n es un gran pliegue de tejido graso que cuelga del est\u00f3mago y el intestino grueso, y se encuentra sobre el intestino delgado.<\/p>\n<div class=\"clearboth\"><\/div>\n<\/p><\/div>\n<div class=\"clearboth\"><\/div>\n<div class=\"divider\" id=\"\">\n\t\n\t<\/div>\n<div class=\"risk-factor\">\n<p class=\"section-content\">Dependiendo del tama\u00f1o y la forma de propagaci\u00f3n del c\u00e1ncer, el m\u00e9dico tambi\u00e9n podr\u00eda extirpar ganglios linf\u00e1ticos cercanos y muestras de tejido de la pelvis y el abdomen. Si se ha propagado mucho, el m\u00e9dico intentar\u00e1 extirpar la mayor cantidad posible de c\u00e1ncer (reducci\u00f3n tumoral). Durante la reducci\u00f3n tumoral, el m\u00e9dico podr\u00eda extirpar total o parcialmente los ovarios, el \u00fatero, el cuello uterino, las trompas de Falopio, el epipl\u00f3n, el bazo, los ganglios linf\u00e1ticos, el h\u00edgado o una parte de los intestinos. La reducci\u00f3n tumoral es especialmente importante, ya que la extirpaci\u00f3n de la mayor cantidad de tumor se asocia con una mayor supervivencia.<\/p>\n<\/div>\n<\/div>\n<p><div class=\"divider\" id=\"\">\n\t\n\t<\/div><br \/>\n<div class=\"space\" style=\"clear:both; height:10px;\"><\/div><\/p>\n<h4 class=\"section-title\">Tratamientos adicionales<\/h4>\n<p class=\"section-content\" style=\"margin-bottom:-25px;\">El m\u00e9dico tambi\u00e9n puede recomendar cualquiera de los siguientes tratamientos:<\/p>\n<div class=\"divider\" id=\"\">\n\t\n\t<\/div>\n<div class=\"risk-factor\">\n<div class=\"symp-pic\" ><div id=\"caption\" style=\"width: 195px\" class=\"wp-caption aligncenter\"><a href=\"\/wp-content\/uploads\/sites\/4\/2015\/09\/Intraperitoneal-Chemotherapy-es.jpg\" title=\"Click Image to Enlarge.\"><img decoding=\"async\" aria-describedby=\"caption-caption\" src=\"\/wp-content\/uploads\/sites\/4\/2015\/06\/Intraperitoneal-Chemotherapy-es.jpg\" class=\"aligncenter\" alt=\"Quimioterapia\" style=\"max-height:150px;\"\/><\/a><p id=\"caption-caption\" class=\"wp-caption-text\">Click Image to Enlarge.<\/p><\/div><\/div>\n<div class=\"risk-text-wrap\">\n<h5 class=\"section-title\">Quimioterapia<\/h5>\n<p class=\"section-content\">La quimioterapia es un medicamento que ataca las c\u00e9lulas que se dividen r\u00e1pidamente, como las cancerosas. Puede administrarse por v\u00eda intravenosa (IV). Tambi\u00e9n puede administrarse por v\u00eda intraperitoneal (IP). La terapia IP es un tratamiento de quimioterapia en el que el m\u00e9dico administra el medicamento en la cavidad abdominal a trav\u00e9s de un cat\u00e9ter o puerto que se coloca durante la cirug\u00eda. Los medicamentos de quimioterapia entran en contacto directo con el c\u00e1ncer y ayudan a eliminar cualquier rastro de c\u00e1ncer que quede despu\u00e9s de la cirug\u00eda de citorreducci\u00f3n. La quimioterapia IP generalmente se administra en combinaci\u00f3n con la quimioterapia IV.<\/p>\n<\/div>\n<div class=\"clearboth\"><\/div>\n<\/div>\n<div class=\"divider\" id=\"\">\n\t\n\t<\/div>\n<div class=\"risk-factor\">\n<div class=\"symp-pic\" ><img decoding=\"async\" src=\"\/wp-content\/uploads\/2013\/03\/HormoneTherapy250x122.png\" class=\"aligncenter\" alt=\"Hormonoterapia\" style=\"max-height:150px;\"\/><\/div>\n<div class=\"risk-text-wrap\">\n<h5 class=\"section-title\">Hormonoterapia<\/h5>\n<p class=\"section-content\">En algunos casos de c\u00e1ncer peritoneal, la hormona femenina estr\u00f3geno puede provocar un crecimiento m\u00e1s agresivo del c\u00e1ncer. La terapia hormonal bloquea el efecto del estr\u00f3geno o reduce sus niveles, impidiendo que esta hormona impulse el crecimiento del c\u00e1ncer.<\/p>\n<\/div>\n<div class=\"clearboth\"><\/div>\n<\/div>\n<div class=\"divider\" id=\"\">\n\t\n\t<\/div>\n<div class=\"risk-factor\">\n<div class=\"symp-pic\" >\n<div id=\"caption\" style=\"width: 160px\" class=\"wp-caption aligncenter\"><a href='\/wp-content\/uploads\/sites\/4\/2015\/06\/TargetedAngiogenesis-es.jpg' title='Go to enlarged image.'><img decoding=\"async\" aria-describedby=\"caption-caption\" src=\"\/wp-content\/uploads\/sites\/4\/2015\/06\/TargetedAngiogenesis-es.jpg\" class=\"aligncenter\" alt=\"Terapia dirigida\" style=\"height:150px;\" \/><\/a><p id=\"caption-caption\" class=\"wp-caption-text\">Click Image to Enlarge.<\/p><\/div>\n<\/div>\n<div class=\"risk-text-wrap\">\n<h5 class=\"section-title\">Terapia dirigida<\/h5>\n<p class=\"section-content\">La terapia dirigida es un tipo de medicamento que bloquea el crecimiento de c\u00e9lulas cancerosas al interferir con mol\u00e9culas espec\u00edficas necesarias para convertir c\u00e9lulas normales en cancerosas y hacerlas crecer. Un ejemplo de esto es el f\u00e1rmaco antiangiog\u00e9nico bevacizumab. Los tumores peritoneales crean su propia red de vasos sangu\u00edneos para apoyar su crecimiento continuo. El bevacizumab ataca este proceso, llamado angiog\u00e9nesis, e impide el crecimiento de nuevos vasos sangu\u00edneos. Esta terapia puede reducir el tama\u00f1o del tumor o ralentizar su crecimiento, pero es posible que no cure la enfermedad por s\u00ed sola.<\/p>\n<\/div>\n<\/div>\n<div class=\"clearboth\"><\/div>\n<\/div>\n<div class=\"divider\" id=\"\">\n\t\n\t<\/div>\n<div class=\"risk-factor\">\n<div class=\"symp-pic\"><img decoding=\"async\" class=\"aligncenter\" style=\"height: 150px\" src=\"\/wp-content\/uploads\/2017\/03\/Picture1.png\" alt=\"Inmunoterapia\" \/><\/div>\n<div class=\"risk-text-wrap\">\n<h5 class=\"section-title\">Inmunoterapia<\/h5>\n<p class=\"section-content\">Se trata de un nuevo tipo de terapia que estimula el sistema inmunitario natural para combatir el c\u00e1ncer. Se utilizan sustancias producidas por el propio cuerpo o en el laboratorio para reforzar, dirigir o restaurar las defensas naturales del organismo contra el c\u00e1ncer.<\/p>\n<\/div>\n<div class=\"clearboth\"><\/div>\n<\/div>\n<div class=\"divider\" id=\"\">\n\t\n\t<\/div>\n<div class=\"risk-factor\">\n<div class=\"symp-pic\"><img decoding=\"async\" src=\"\/wp-content\/uploads\/2012\/12\/clinical-trials.png\" class=\"aligncenter\" alt=\"Clinical Trials\" style=\"height:150px\" \/><\/div>\n<div class=\"risk-text-wrap\">\n<h5 class=\"section-title\">Terapia de Mantenimiento<\/h5>\n<p class=\"section-content\">Despu\u00e9s de completar la cirug\u00eda y la quimioterapia, su m\u00e9dico puede recomendar el uso de una o m\u00e1s terapias dirigidas para mejorar su supervivencia libre de progresi\u00f3n (tiempo sin recurrencia del c\u00e1ncer).<\/p>\n<\/div>\n<div class=\"clearboth\"><\/div>\n<\/div>\n<div class=\"divider\" id=\"\">\n\t\n\t<\/div>\n<div class=\"risk-factor\">\n<div class=\"symp-pic\" ><img decoding=\"async\" src=\"\/wp-content\/uploads\/2013\/04\/Microscope-1651.jpg\" class=\"aligncenter\" alt=\"Estudios cl\u00ednicos\" style=\"height:150px;\"\/><\/div>\n<div class=\"risk-text-wrap\">\n<h5 class=\"section-title\">Estudios cl\u00ednicos<\/h5>\n<p class=\"section-content\">Los ensayos cl\u00ednicos permiten a los pacientes probar un nuevo tratamiento antes de que est\u00e9 disponible para el p\u00fablico general. En algunos casos, puede tratarse de un f\u00e1rmaco nuevo que no se ha utilizado antes en humanos, o de un f\u00e1rmaco o una combinaci\u00f3n de f\u00e1rmacos que no se utiliza actualmente para ese tipo espec\u00edfico de c\u00e1ncer. Los ensayos cl\u00ednicos en fase inicial suelen utilizarse para evaluar los efectos secundarios de un f\u00e1rmaco o una combinaci\u00f3n de f\u00e1rmacos, mientras que los ensayos cl\u00ednicos en fase posterior se utilizan para determinar la eficacia de un nuevo tratamiento para un tipo espec\u00edfico de c\u00e1ncer. Los ensayos cl\u00ednicos permiten a los m\u00e9dicos e investigadores mejorar el tratamiento del c\u00e1ncer con terapias posiblemente m\u00e1s eficaces. Un ensayo cl\u00ednico puede tratarse de un f\u00e1rmaco nuevo e innovador o puede ser ineficaz. Es importante hablar con su m\u00e9dico sobre las ventajas y desventajas de los ensayos cl\u00ednicos para su situaci\u00f3n particular.<\/p>\n<p class=\"section-content\">Adem\u00e1s, los ensayos cl\u00ednicos m\u00e1s recientes combinan nuevos agentes dirigidos o inmunoterapia con quimioterapia convencional en la fase inicial. No hay garant\u00eda de que se beneficie de un ensayo cl\u00ednico, pero podr\u00eda ayudarle a usted o a pacientes como usted en el futuro.<\/p>\n<\/div>\n<div class=\"clearboth\"><\/div>\n<\/div>\n","protected":false},"excerpt":{"rendered":"<p>Tratamiento Las opciones de tratamiento para el c\u00e1ncer peritoneal primario dependen del estadio del c\u00e1ncer, la cantidad de tumor restante despu\u00e9s de la cirug\u00eda, su edad, su estado de salud general y, en ocasiones, sus planes de tener hijos. El c\u00e1ncer peritoneal primario se desarrolla a partir de c\u00e9lulas epiteliales, las mismas c\u00e9lulas que se [&hellip;]<\/p>\n","protected":false},"author":5,"featured_media":0,"parent":19840,"menu_order":6,"comment_status":"closed","ping_status":"open","template":"template-tumor.php","meta":{"footnotes":""},"tags":[10],"class_list":["post-19842","page","type-page","status-publish","hentry","tag-members-only"],"yoast_head":"<!-- This site is optimized with the Yoast SEO plugin v25.0 - https:\/\/yoast.com\/wordpress\/plugins\/seo\/ -->\n<title>CMedEd | Informaci\u00f3n para comprender el c\u00e1ncer de peritoneo primario (CPP) | Tratamiento<\/title>\n<meta name=\"description\" content=\"Tratamiento Las opciones de tratamiento para el c\u00e1ncer peritoneal primario dependen del estadio del c\u00e1ncer, la cantidad de tumor restante despu\u00e9s de la\" \/>\n<meta name=\"robots\" content=\"index, follow, max-snippet:-1, max-image-preview:large, max-video-preview:-1\" \/>\n<link rel=\"canonical\" href=\"https:\/\/cmeded.com\/es\/gynecological\/primary-peritoneal-cancer\/treatment\/\" \/>\n<meta property=\"og:locale\" content=\"es_ES\" \/>\n<meta property=\"og:type\" content=\"article\" \/>\n<meta property=\"og:title\" content=\"CMedEd | Informaci\u00f3n para comprender el c\u00e1ncer de peritoneo primario (CPP) | Tratamiento\" \/>\n<meta property=\"og:description\" content=\"Tratamiento Las opciones de tratamiento para el c\u00e1ncer peritoneal primario dependen del estadio del c\u00e1ncer, la cantidad de tumor restante despu\u00e9s de la\" \/>\n<meta property=\"og:url\" content=\"https:\/\/cmeded.com\/es\/gynecological\/primary-peritoneal-cancer\/treatment\/\" \/>\n<meta property=\"og:site_name\" content=\"CMedEd\" \/>\n<meta property=\"article:modified_time\" content=\"2025-04-28T04:58:45+00:00\" \/>\n<meta name=\"twitter:card\" content=\"summary_large_image\" \/>\n<meta name=\"twitter:label1\" content=\"Tiempo de lectura\" \/>\n\t<meta name=\"twitter:data1\" content=\"7 minutos\" \/>\n<script type=\"application\/ld+json\" class=\"yoast-schema-graph\">{\"@context\":\"https:\/\/schema.org\",\"@graph\":[{\"@type\":\"WebPage\",\"@id\":\"https:\/\/cmeded.com\/es\/gynecological\/primary-peritoneal-cancer\/treatment\/\",\"url\":\"https:\/\/cmeded.com\/es\/gynecological\/primary-peritoneal-cancer\/treatment\/\",\"name\":\"CMedEd | Informaci\u00f3n para comprender el c\u00e1ncer de peritoneo primario (CPP) | Tratamiento\",\"isPartOf\":{\"@id\":\"https:\/\/cmeded.com\/es\/#website\"},\"datePublished\":\"2016-02-18T18:00:58+00:00\",\"dateModified\":\"2025-04-28T04:58:45+00:00\",\"description\":\"Tratamiento Las opciones de tratamiento para el c\u00e1ncer peritoneal primario dependen del estadio del c\u00e1ncer, la cantidad de tumor restante despu\u00e9s de la\",\"breadcrumb\":{\"@id\":\"https:\/\/cmeded.com\/es\/gynecological\/primary-peritoneal-cancer\/treatment\/#breadcrumb\"},\"inLanguage\":\"es\",\"potentialAction\":[{\"@type\":\"ReadAction\",\"target\":[\"https:\/\/cmeded.com\/es\/gynecological\/primary-peritoneal-cancer\/treatment\/\"]}]},{\"@type\":\"BreadcrumbList\",\"@id\":\"https:\/\/cmeded.com\/es\/gynecological\/primary-peritoneal-cancer\/treatment\/#breadcrumb\",\"itemListElement\":[{\"@type\":\"ListItem\",\"position\":1,\"name\":\"Home\",\"item\":\"https:\/\/cmeded.com\/es\/\"},{\"@type\":\"ListItem\",\"position\":2,\"name\":\"Ginecol\u00f3gico\",\"item\":\"https:\/\/cmeded.com\/es\/gynecological\/\"},{\"@type\":\"ListItem\",\"position\":3,\"name\":\"Informaci\u00f3n para comprender el c\u00e1ncer de peritoneo primario (CPP)\",\"item\":\"https:\/\/cmeded.com\/es\/gynecological\/primary-peritoneal-cancer\/\"},{\"@type\":\"ListItem\",\"position\":4,\"name\":\"Tratamiento\"}]},{\"@type\":\"WebSite\",\"@id\":\"https:\/\/cmeded.com\/es\/#website\",\"url\":\"https:\/\/cmeded.com\/es\/\",\"name\":\"CMedEd\",\"description\":\"Recurso principal de informaci\u00f3n sobre el c\u00e1ncer\",\"potentialAction\":[{\"@type\":\"SearchAction\",\"target\":{\"@type\":\"EntryPoint\",\"urlTemplate\":\"https:\/\/cmeded.com\/es\/?s={search_term_string}\"},\"query-input\":{\"@type\":\"PropertyValueSpecification\",\"valueRequired\":true,\"valueName\":\"search_term_string\"}}],\"inLanguage\":\"es\"}]}<\/script>\n<!-- \/ Yoast SEO plugin. -->","yoast_head_json":{"title":"CMedEd | Informaci\u00f3n para comprender el c\u00e1ncer de peritoneo primario (CPP) | Tratamiento","description":"Tratamiento Las opciones de tratamiento para el c\u00e1ncer peritoneal primario dependen del estadio del c\u00e1ncer, la cantidad de tumor restante despu\u00e9s de la","robots":{"index":"index","follow":"follow","max-snippet":"max-snippet:-1","max-image-preview":"max-image-preview:large","max-video-preview":"max-video-preview:-1"},"canonical":"https:\/\/cmeded.com\/es\/gynecological\/primary-peritoneal-cancer\/treatment\/","og_locale":"es_ES","og_type":"article","og_title":"CMedEd | Informaci\u00f3n para comprender el c\u00e1ncer de peritoneo primario (CPP) | Tratamiento","og_description":"Tratamiento Las opciones de tratamiento para el c\u00e1ncer peritoneal primario dependen del estadio del c\u00e1ncer, la cantidad de tumor restante despu\u00e9s de la","og_url":"https:\/\/cmeded.com\/es\/gynecological\/primary-peritoneal-cancer\/treatment\/","og_site_name":"CMedEd","article_modified_time":"2025-04-28T04:58:45+00:00","twitter_card":"summary_large_image","twitter_misc":{"Tiempo de lectura":"7 minutos"},"schema":{"@context":"https:\/\/schema.org","@graph":[{"@type":"WebPage","@id":"https:\/\/cmeded.com\/es\/gynecological\/primary-peritoneal-cancer\/treatment\/","url":"https:\/\/cmeded.com\/es\/gynecological\/primary-peritoneal-cancer\/treatment\/","name":"CMedEd | Informaci\u00f3n para comprender el c\u00e1ncer de peritoneo primario (CPP) | Tratamiento","isPartOf":{"@id":"https:\/\/cmeded.com\/es\/#website"},"datePublished":"2016-02-18T18:00:58+00:00","dateModified":"2025-04-28T04:58:45+00:00","description":"Tratamiento Las opciones de tratamiento para el c\u00e1ncer peritoneal primario dependen del estadio del c\u00e1ncer, la cantidad de tumor restante despu\u00e9s de la","breadcrumb":{"@id":"https:\/\/cmeded.com\/es\/gynecological\/primary-peritoneal-cancer\/treatment\/#breadcrumb"},"inLanguage":"es","potentialAction":[{"@type":"ReadAction","target":["https:\/\/cmeded.com\/es\/gynecological\/primary-peritoneal-cancer\/treatment\/"]}]},{"@type":"BreadcrumbList","@id":"https:\/\/cmeded.com\/es\/gynecological\/primary-peritoneal-cancer\/treatment\/#breadcrumb","itemListElement":[{"@type":"ListItem","position":1,"name":"Home","item":"https:\/\/cmeded.com\/es\/"},{"@type":"ListItem","position":2,"name":"Ginecol\u00f3gico","item":"https:\/\/cmeded.com\/es\/gynecological\/"},{"@type":"ListItem","position":3,"name":"Informaci\u00f3n para comprender el c\u00e1ncer de peritoneo primario (CPP)","item":"https:\/\/cmeded.com\/es\/gynecological\/primary-peritoneal-cancer\/"},{"@type":"ListItem","position":4,"name":"Tratamiento"}]},{"@type":"WebSite","@id":"https:\/\/cmeded.com\/es\/#website","url":"https:\/\/cmeded.com\/es\/","name":"CMedEd","description":"Recurso principal de informaci\u00f3n sobre el c\u00e1ncer","potentialAction":[{"@type":"SearchAction","target":{"@type":"EntryPoint","urlTemplate":"https:\/\/cmeded.com\/es\/?s={search_term_string}"},"query-input":{"@type":"PropertyValueSpecification","valueRequired":true,"valueName":"search_term_string"}}],"inLanguage":"es"}]}},"_links":{"self":[{"href":"https:\/\/cmeded.com\/es\/wp-json\/wp\/v2\/pages\/19842","targetHints":{"allow":["GET"]}}],"collection":[{"href":"https:\/\/cmeded.com\/es\/wp-json\/wp\/v2\/pages"}],"about":[{"href":"https:\/\/cmeded.com\/es\/wp-json\/wp\/v2\/types\/page"}],"author":[{"embeddable":true,"href":"https:\/\/cmeded.com\/es\/wp-json\/wp\/v2\/users\/5"}],"replies":[{"embeddable":true,"href":"https:\/\/cmeded.com\/es\/wp-json\/wp\/v2\/comments?post=19842"}],"version-history":[{"count":0,"href":"https:\/\/cmeded.com\/es\/wp-json\/wp\/v2\/pages\/19842\/revisions"}],"up":[{"embeddable":true,"href":"https:\/\/cmeded.com\/es\/wp-json\/wp\/v2\/pages\/19840"}],"wp:attachment":[{"href":"https:\/\/cmeded.com\/es\/wp-json\/wp\/v2\/media?parent=19842"}],"wp:term":[{"taxonomy":"post_tag","embeddable":true,"href":"https:\/\/cmeded.com\/es\/wp-json\/wp\/v2\/tags?post=19842"}],"curies":[{"name":"wp","href":"https:\/\/api.w.org\/{rel}","templated":true}]}}