{"id":18500,"date":"2015-10-09T09:26:45","date_gmt":"2015-10-09T14:26:45","guid":{"rendered":"http:\/\/cmeded.com\/es\/?page_id=19783"},"modified":"2023-08-24T18:47:46","modified_gmt":"2023-08-24T23:47:46","slug":"cancer-medications","status":"publish","type":"page","link":"https:\/\/cmeded.com\/es\/cancer-explained\/cancer-medications\/","title":{"rendered":"La lucha contra el c\u00e1ncer: medicamentos para combatirlo"},"content":{"rendered":"<h3 class=\"page-title\" style=\"width:100%;\">La lucha contra el c\u00e1ncer: medicamentos para combatirlo<\/h3>\n<div class=\"divider double \" id=\"\">\n\t\n\t<\/div>\n<div class=\"printer-icon\" onClick=\"window.print()\"><span class=\"print-text\">Imprimir<\/span><\/div>\n<div class=\"symp-pic\">\n<div id=\"stage\" style=\"width: 177px\" class=\"wp-caption alignnone\"><a href='\/wp-content\/uploads\/2015\/12\/Chemotherapy-Male-IV-Therapy-WEB.jpg' title=\"Click Image to Enlarge.\"><img decoding=\"async\" aria-describedby=\"caption-stage\" src=\"\/wp-content\/uploads\/2015\/12\/Chemotherapy-Male-IV-Therapy-WEB.jpg\" class=\"aligncenter\" alt=\"Quimioterapia\" style=\"height:185px;\"\/><\/a><p id=\"caption-stage\" class=\"wp-caption-text\">Click to Image Enlarge.<\/p><\/div>\n<\/div>\n<div class=\"risk-text-wrap\">\n<h4 class=\"section-title\">Quimioterapia o terapias citot\u00f3xicas<\/h4>\n<p class=\"section-content\">La quimioterapia hace referencia al uso de medicamentos para localizar las c\u00e9lulas de r\u00e1pido crecimiento con el fin de destruir las c\u00e9lulas cancerosas.  Los medicamentos que se utilizan en quimioterapia destruyen tanto las c\u00e9lulas sanas como las c\u00e9lulas cancerosas.  El medicamento se denomina sist\u00e9mico, ya que recorre todo el cuerpo.  Medicamentos de quimioterapia pueden ser administrados por medio de la vena (v\u00eda intravenosa) o por la boca (v\u00eda oral).  Debido a que los medicamentos de quimioterapia afectan todas las c\u00e9lulas del organismo que se dividen r\u00e1pidamente (no solo las c\u00e9lulas cancerosas), estos medicamentos pueden tener graves efectos secundarios.  Los efectos secundarios comunes de la quimioterapia incluyen cansancio, n\u00e1useas, p\u00e9rdida del cabello y dificultades para concentrarse.  Tambi\u00e9n puede aparecer neuropat\u00eda perif\u00e9rica, o da\u00f1o en los nervios.<\/p>\n<\/div>\n<div class=\"clearboth\"><\/div>\n<div class=\"divider\" id=\"\">\n\t\n\t<\/div>\n<h4 id=\"patient\" class=\"section-title\">Terapias dirigidas<\/h4>\n<p class=\"section-content\">Las terapias dirigidas o los medicamentos de precisi\u00f3n est\u00e1n elaborados para bloquear un objetivo espec\u00edfico, generalmente una prote\u00edna o un cambio gen\u00e9tico, que puede influir en el crecimiento y el desarrollo de c\u00e9lulas cancerosas.  Debido a que las terapias dirigidas atacan directamente las c\u00e9lulas cancerosas, suelen tener menos efectos secundarios que los medicamentos tradicionales, como los utilizados en quimioterapia, que atacan todas las c\u00e9lulas que se dividen r\u00e1pidamente.<\/p>\n<div class=\"symp-pic\">\n<div id=\"Caption\" style=\"width: 195px\" class=\"wp-caption aligncenter\"><a href=\"\/wp-content\/uploads\/sites\/4\/2015\/07\/monoclonal-antibodies-es.jpg\" title=\"Click Image to Enlarge.\"><img decoding=\"async\" aria-describedby=\"caption-Caption\" src=\"\/wp-content\/uploads\/sites\/4\/2015\/07\/monoclonal-antibodies-es.jpg\" alt=\"Terapias dirigidas\" class=\"aligncenter\" style=\"max-height:175px;\"\/><\/a><p id=\"caption-Caption\" class=\"wp-caption-text\">Click Image to Enlarge.<\/p><\/div>\n<\/div>\n<div class=\"risk-text-wrap\">\n<p class=\"section-content\">Los dos tipos principales de terapia dirigida son los medicamentos de mol\u00e9culas peque\u00f1as y los anticuerpos monoclonales.<\/p>\n<ul class=\"about-content\">\n<li>Los medicamentos de mol\u00e9culas peque\u00f1as pueden ingresar en las c\u00e9lulas cancerosas y localizar ciertas prote\u00ednas y enzimas involucradas en funciones celulares claves, como el crecimiento y la divisi\u00f3n.  Los medicamentos de mol\u00e9culas peque\u00f1as pueden bloquear estas sustancias y evitar que estas estimulen el crecimiento del tumor.<\/li>\n<li>Los anticuerpos monoclonales act\u00faan de manera muy similar a los anticuerpos que produce naturalmente el organismo en respuesta a infecciones y enfermedades.  Los anticuerpos monoclonales se unen a sustancias da\u00f1inas que se encuentran en el organismo, como c\u00e9lulas cancerosas, virus y bacterias, y le indican al sistema inmunitario del cuerpo que encuentre y destruya las sustancias da\u00f1inas.<\/li>\n<\/ul>\n<\/div>\n<div class=\"clearboth\"><\/div>\n<div class=\"divider\" id=\"\">\n\t\n\t<\/div>\n<div class=\"symp-pic\">\n<img decoding=\"async\" src=\"\/wp-content\/uploads\/2013\/03\/Vaccine200.jpg\" alt=\"Inmunoterapias\" class=\"aligncenter\"\/>\n<\/div>\n<div class=\"risk-text-wrap\">\n<h4 id=\"team\" class=\"section-title\">Inmunoterapias<\/h4>\n<p class=\"section-content\">La inmunoterapia es un nuevo tratamiento contra el c\u00e1ncer que estimula el sistema inmunitario para atacar c\u00e9lulas cancerosas.  Los anticuerpos monoclonales se consideran un tipo de inmunoterapia, al igual que un tipo de terapia dirigida, ya que estos medicamentos hacen que el sistema inmunitario localice y destruya c\u00e9lulas cancerosas.  Otro tipo de inmunoterapia es inhibidora del punto de control del sistema inmune. El sistema inmune tiene \"puntos de control\", que son prote\u00ednas que se unen a las c\u00e9lulas y le indican al sistema inmunol\u00f3gico para atacar las c\u00e9lulas o dejarlas solas. A veces, las c\u00e9lulas cancerosas pueden tener grandes cantidades de estas prote\u00ednas de control, haciendo que el sistema inmunol\u00f3gico las ignorare. Los inhibidores de punto de control inmunes bloquean estos puestos de control, haciendo que el sistema inmunol\u00f3gico para atacar las c\u00e9lulas cancerosas.  Otros dos tipos comunes de inmunoterapia son los interferones y las interleucinas.  Los interferones estimulan el sistema inmunitario para que combata el c\u00e1ncer o las infecciones.  Las interleucinas ayudan a las c\u00e9lulas inmunitarias a desarrollarse y reproducirse r\u00e1pidamente.<\/p>\n<\/div>\n<div class=\"clearboth\"><\/div>\n<div class=\"divider\" id=\"\">\n\t\n\t<\/div>\n<div class=\"symp-pic\">\n<div id=\"caption\" style=\"width: 195px\" class=\"wp-caption aligncenter\"><a href=\"\/wp-content\/uploads\/2015\/09\/Chemoradiation-woman.jpg\" title=\"Click Image to Enlarge.\"><img decoding=\"async\" aria-describedby=\"caption-caption\" src=\"\/wp-content\/uploads\/2015\/09\/Chemoradiation-woman.jpg\" alt=\"Tratamiento combinado\" style=\"max-height:175px;\" class=\"aligncenter\"\/><\/a><p id=\"caption-caption\" class=\"wp-caption-text\">Click Image to Enlarge.<\/p><\/div>\n<\/div>\n<div class=\"risk-text-wrap\">\n<h4 id=\"team\" class=\"section-title\">Tratamiento combinado<\/h4>\n<p class=\"section-content\">Cada uno de estos tipos de medicamentos puede combinarse con otro, o con otros tratamientos contra el c\u00e1ncer, como la quimioterapia o la radioterapia.  En algunos casos, las c\u00e9lulas cancerosas pueden volverse resistentes a la quimioterapia o la terapia dirigida, y es posible que se recomienden tratamientos combinados.<\/p>\n<\/div>\n<div class=\"clearboth\"><\/div>\n","protected":false},"excerpt":{"rendered":"<p>La lucha contra el c\u00e1ncer: medicamentos para combatirlo Imprimir Quimioterapia o terapias citot\u00f3xicas La quimioterapia hace referencia al uso de medicamentos para localizar las c\u00e9lulas de r\u00e1pido crecimiento con el fin de destruir las c\u00e9lulas cancerosas. Los medicamentos que se utilizan en quimioterapia destruyen tanto las c\u00e9lulas sanas como las c\u00e9lulas cancerosas. El medicamento se [&hellip;]<\/p>\n","protected":false},"author":5,"featured_media":19585,"parent":16399,"menu_order":0,"comment_status":"closed","ping_status":"closed","template":"","meta":{"footnotes":""},"tags":[10],"class_list":["post-18500","page","type-page","status-publish","has-post-thumbnail","hentry","tag-members-only"],"yoast_head":"<!-- This site is optimized with the Yoast SEO plugin v25.0 - https:\/\/yoast.com\/wordpress\/plugins\/seo\/ -->\n<title>CMedEd | Explicaci\u00f3n sobre el c\u00e1ncer | La lucha contra el c\u00e1ncer: medicamentos para combatirlo<\/title>\n<meta name=\"description\" content=\"La lucha contra el c\u00e1ncer: medicamentos para combatirlo Imprimir Quimioterapia o terapias citot\u00f3xicas La quimioterapia hace referencia al uso de\" \/>\n<meta name=\"robots\" content=\"index, follow, max-snippet:-1, max-image-preview:large, max-video-preview:-1\" \/>\n<link rel=\"canonical\" href=\"https:\/\/cmeded.com\/es\/cancer-explained\/cancer-medications\/\" \/>\n<meta property=\"og:locale\" content=\"es_ES\" \/>\n<meta property=\"og:type\" content=\"article\" \/>\n<meta property=\"og:title\" content=\"CMedEd | Explicaci\u00f3n sobre el c\u00e1ncer | La lucha contra el c\u00e1ncer: medicamentos para combatirlo\" \/>\n<meta property=\"og:description\" content=\"La lucha contra el c\u00e1ncer: medicamentos para combatirlo Imprimir Quimioterapia o terapias citot\u00f3xicas La quimioterapia hace referencia al uso de\" \/>\n<meta property=\"og:url\" content=\"https:\/\/cmeded.com\/es\/cancer-explained\/cancer-medications\/\" \/>\n<meta property=\"og:site_name\" content=\"CMedEd\" \/>\n<meta property=\"article:modified_time\" content=\"2023-08-24T23:47:46+00:00\" \/>\n<meta property=\"og:image\" content=\"https:\/\/cmeded.com\/wp-content\/uploads\/sites\/4\/2013\/01\/ChemoMan175.jpg\" \/>\n\t<meta property=\"og:image:width\" content=\"182\" \/>\n\t<meta property=\"og:image:height\" content=\"175\" \/>\n\t<meta property=\"og:image:type\" content=\"image\/jpeg\" \/>\n<meta name=\"twitter:card\" content=\"summary_large_image\" \/>\n<meta name=\"twitter:label1\" content=\"Tiempo de lectura\" \/>\n\t<meta name=\"twitter:data1\" content=\"3 minutos\" \/>\n<script type=\"application\/ld+json\" class=\"yoast-schema-graph\">{\"@context\":\"https:\/\/schema.org\",\"@graph\":[{\"@type\":\"WebPage\",\"@id\":\"https:\/\/cmeded.com\/es\/cancer-explained\/cancer-medications\/\",\"url\":\"https:\/\/cmeded.com\/es\/cancer-explained\/cancer-medications\/\",\"name\":\"CMedEd | Explicaci\u00f3n sobre el c\u00e1ncer | La lucha contra el c\u00e1ncer: medicamentos para combatirlo\",\"isPartOf\":{\"@id\":\"https:\/\/cmeded.com\/es\/#website\"},\"primaryImageOfPage\":{\"@id\":\"https:\/\/cmeded.com\/es\/cancer-explained\/cancer-medications\/#primaryimage\"},\"image\":{\"@id\":\"https:\/\/cmeded.com\/es\/cancer-explained\/cancer-medications\/#primaryimage\"},\"thumbnailUrl\":\"https:\/\/cmeded.com\/wp-content\/uploads\/sites\/4\/2013\/01\/ChemoMan175.jpg\",\"datePublished\":\"2015-10-09T14:26:45+00:00\",\"dateModified\":\"2023-08-24T23:47:46+00:00\",\"description\":\"La lucha contra el c\u00e1ncer: medicamentos para combatirlo Imprimir Quimioterapia o terapias citot\u00f3xicas La quimioterapia hace referencia al uso de\",\"breadcrumb\":{\"@id\":\"https:\/\/cmeded.com\/es\/cancer-explained\/cancer-medications\/#breadcrumb\"},\"inLanguage\":\"es\",\"potentialAction\":[{\"@type\":\"ReadAction\",\"target\":[\"https:\/\/cmeded.com\/es\/cancer-explained\/cancer-medications\/\"]}]},{\"@type\":\"ImageObject\",\"inLanguage\":\"es\",\"@id\":\"https:\/\/cmeded.com\/es\/cancer-explained\/cancer-medications\/#primaryimage\",\"url\":\"https:\/\/cmeded.com\/wp-content\/uploads\/sites\/4\/2013\/01\/ChemoMan175.jpg\",\"contentUrl\":\"https:\/\/cmeded.com\/wp-content\/uploads\/sites\/4\/2013\/01\/ChemoMan175.jpg\",\"width\":182,\"height\":175},{\"@type\":\"BreadcrumbList\",\"@id\":\"https:\/\/cmeded.com\/es\/cancer-explained\/cancer-medications\/#breadcrumb\",\"itemListElement\":[{\"@type\":\"ListItem\",\"position\":1,\"name\":\"Home\",\"item\":\"https:\/\/cmeded.com\/es\/\"},{\"@type\":\"ListItem\",\"position\":2,\"name\":\"Explicaci\u00f3n sobre el c\u00e1ncer\",\"item\":\"https:\/\/cmeded.com\/es\/cancer-explained\/\"},{\"@type\":\"ListItem\",\"position\":3,\"name\":\"La lucha contra el c\u00e1ncer: medicamentos para combatirlo\"}]},{\"@type\":\"WebSite\",\"@id\":\"https:\/\/cmeded.com\/es\/#website\",\"url\":\"https:\/\/cmeded.com\/es\/\",\"name\":\"CMedEd\",\"description\":\"Recurso principal de informaci\u00f3n sobre el c\u00e1ncer\",\"potentialAction\":[{\"@type\":\"SearchAction\",\"target\":{\"@type\":\"EntryPoint\",\"urlTemplate\":\"https:\/\/cmeded.com\/es\/?s={search_term_string}\"},\"query-input\":{\"@type\":\"PropertyValueSpecification\",\"valueRequired\":true,\"valueName\":\"search_term_string\"}}],\"inLanguage\":\"es\"}]}<\/script>\n<!-- \/ Yoast SEO plugin. -->","yoast_head_json":{"title":"CMedEd | Explicaci\u00f3n sobre el c\u00e1ncer | La lucha contra el c\u00e1ncer: medicamentos para combatirlo","description":"La lucha contra el c\u00e1ncer: medicamentos para combatirlo Imprimir Quimioterapia o terapias citot\u00f3xicas La quimioterapia hace referencia al uso de","robots":{"index":"index","follow":"follow","max-snippet":"max-snippet:-1","max-image-preview":"max-image-preview:large","max-video-preview":"max-video-preview:-1"},"canonical":"https:\/\/cmeded.com\/es\/cancer-explained\/cancer-medications\/","og_locale":"es_ES","og_type":"article","og_title":"CMedEd | Explicaci\u00f3n sobre el c\u00e1ncer | La lucha contra el c\u00e1ncer: medicamentos para combatirlo","og_description":"La lucha contra el c\u00e1ncer: medicamentos para combatirlo Imprimir Quimioterapia o terapias citot\u00f3xicas La quimioterapia hace referencia al uso de","og_url":"https:\/\/cmeded.com\/es\/cancer-explained\/cancer-medications\/","og_site_name":"CMedEd","article_modified_time":"2023-08-24T23:47:46+00:00","og_image":[{"width":182,"height":175,"url":"https:\/\/cmeded.com\/wp-content\/uploads\/sites\/4\/2013\/01\/ChemoMan175.jpg","type":"image\/jpeg"}],"twitter_card":"summary_large_image","twitter_misc":{"Tiempo de lectura":"3 minutos"},"schema":{"@context":"https:\/\/schema.org","@graph":[{"@type":"WebPage","@id":"https:\/\/cmeded.com\/es\/cancer-explained\/cancer-medications\/","url":"https:\/\/cmeded.com\/es\/cancer-explained\/cancer-medications\/","name":"CMedEd | Explicaci\u00f3n sobre el c\u00e1ncer | La lucha contra el c\u00e1ncer: medicamentos para combatirlo","isPartOf":{"@id":"https:\/\/cmeded.com\/es\/#website"},"primaryImageOfPage":{"@id":"https:\/\/cmeded.com\/es\/cancer-explained\/cancer-medications\/#primaryimage"},"image":{"@id":"https:\/\/cmeded.com\/es\/cancer-explained\/cancer-medications\/#primaryimage"},"thumbnailUrl":"https:\/\/cmeded.com\/wp-content\/uploads\/sites\/4\/2013\/01\/ChemoMan175.jpg","datePublished":"2015-10-09T14:26:45+00:00","dateModified":"2023-08-24T23:47:46+00:00","description":"La lucha contra el c\u00e1ncer: medicamentos para combatirlo Imprimir Quimioterapia o terapias citot\u00f3xicas La quimioterapia hace referencia al uso de","breadcrumb":{"@id":"https:\/\/cmeded.com\/es\/cancer-explained\/cancer-medications\/#breadcrumb"},"inLanguage":"es","potentialAction":[{"@type":"ReadAction","target":["https:\/\/cmeded.com\/es\/cancer-explained\/cancer-medications\/"]}]},{"@type":"ImageObject","inLanguage":"es","@id":"https:\/\/cmeded.com\/es\/cancer-explained\/cancer-medications\/#primaryimage","url":"https:\/\/cmeded.com\/wp-content\/uploads\/sites\/4\/2013\/01\/ChemoMan175.jpg","contentUrl":"https:\/\/cmeded.com\/wp-content\/uploads\/sites\/4\/2013\/01\/ChemoMan175.jpg","width":182,"height":175},{"@type":"BreadcrumbList","@id":"https:\/\/cmeded.com\/es\/cancer-explained\/cancer-medications\/#breadcrumb","itemListElement":[{"@type":"ListItem","position":1,"name":"Home","item":"https:\/\/cmeded.com\/es\/"},{"@type":"ListItem","position":2,"name":"Explicaci\u00f3n sobre el c\u00e1ncer","item":"https:\/\/cmeded.com\/es\/cancer-explained\/"},{"@type":"ListItem","position":3,"name":"La lucha contra el c\u00e1ncer: medicamentos para combatirlo"}]},{"@type":"WebSite","@id":"https:\/\/cmeded.com\/es\/#website","url":"https:\/\/cmeded.com\/es\/","name":"CMedEd","description":"Recurso principal de informaci\u00f3n sobre el c\u00e1ncer","potentialAction":[{"@type":"SearchAction","target":{"@type":"EntryPoint","urlTemplate":"https:\/\/cmeded.com\/es\/?s={search_term_string}"},"query-input":{"@type":"PropertyValueSpecification","valueRequired":true,"valueName":"search_term_string"}}],"inLanguage":"es"}]}},"_links":{"self":[{"href":"https:\/\/cmeded.com\/es\/wp-json\/wp\/v2\/pages\/18500","targetHints":{"allow":["GET"]}}],"collection":[{"href":"https:\/\/cmeded.com\/es\/wp-json\/wp\/v2\/pages"}],"about":[{"href":"https:\/\/cmeded.com\/es\/wp-json\/wp\/v2\/types\/page"}],"author":[{"embeddable":true,"href":"https:\/\/cmeded.com\/es\/wp-json\/wp\/v2\/users\/5"}],"replies":[{"embeddable":true,"href":"https:\/\/cmeded.com\/es\/wp-json\/wp\/v2\/comments?post=18500"}],"version-history":[{"count":0,"href":"https:\/\/cmeded.com\/es\/wp-json\/wp\/v2\/pages\/18500\/revisions"}],"up":[{"embeddable":true,"href":"https:\/\/cmeded.com\/es\/wp-json\/wp\/v2\/pages\/16399"}],"wp:featuredmedia":[{"embeddable":true,"href":"https:\/\/cmeded.com\/es\/wp-json\/wp\/v2\/media\/19585"}],"wp:attachment":[{"href":"https:\/\/cmeded.com\/es\/wp-json\/wp\/v2\/media?parent=18500"}],"wp:term":[{"taxonomy":"post_tag","embeddable":true,"href":"https:\/\/cmeded.com\/es\/wp-json\/wp\/v2\/tags?post=18500"}],"curies":[{"name":"wp","href":"https:\/\/api.w.org\/{rel}","templated":true}]}}