{"id":18183,"date":"2015-04-22T14:39:10","date_gmt":"2015-04-22T19:39:10","guid":{"rendered":"http:\/\/cmeded.com\/?page_id=18183"},"modified":"2023-08-24T18:47:39","modified_gmt":"2023-08-24T23:47:39","slug":"symptoms","status":"publish","type":"page","link":"https:\/\/cmeded.com\/es\/chronic-disease\/chronic-obstructive-pulmonary-disease-copd\/symptoms\/","title":{"rendered":"S\u00edntomas y complicaciones"},"content":{"rendered":"<h4 class=\"section-title\">S\u00edntomas y complicaciones<\/h4>\n<p class=\"section-content\">Los s\u00edntomas de la EPOC dependen de la gravedad de la enfermedad.  Los casos leves de la EPOC pueden causar muy pocos s\u00edntomas.  A medida que la enfermedad avanza y sigue da\u00f1ando los pulmones, los s\u00edntomas pueden tornarse m\u00e1s graves.  A ra\u00edz del da\u00f1o pulmonar, el organismo presenta dificultades para obtener el ox\u00edgeno que necesita, lo que provoca muchos de los s\u00edntomas.  A continuaci\u00f3n, se detallan los s\u00edntomas m\u00e1s frecuentes de la EPOC:<\/p>\n<div class=\"divider\" id=\"\">\n\t\n\t<\/div>\n<div class=\"risk-factor\">\n<div class=\"risk-pic\">\n<div style='width: 100%; height: 100%; display: flex; flex-wrap: wrap; justify-content: center; align-items: center'>\n<img decoding=\"async\" src=\"\/wp-content\/uploads\/2013\/09\/Shortness129x170.png\" alt=\"Falta de aire (disnea)\" style=\"height:125px;\"><br \/>\n<img decoding=\"async\" src=\"\/wp-content\/uploads\/2013\/02\/BreathingOrSpeaking.jpg\" alt=\"Falta de aire (disnea)\" style=\"height:115px;\">\n<\/div>\n<\/div>\n<div class=\"risk-text\">\n<h5 class=\"section-title\">Falta de aire (disnea)<\/h5>\n<p class=\"section-content\">El da\u00f1o pulmonar causa dificultad para respirar o recuperar el aliento.  En los casos leves a moderados, esta falta de aire puede aparecer al hacer esfuerzo f\u00edsico o actividades extenuantes.  En los caso graves de EPOC, la falta de aire puede aparecer durante las actividades diarias y habituales, y generalmente se agrava al hacer un esfuerzo f\u00edsico o las tensiones externas (tiempo fr\u00edo).<\/p>\n<\/div>\n<div class=\"clearboth\"><\/div>\n<\/div>\n<div class=\"divider\" id=\"\">\n\t\n\t<\/div>\n<div class=\"risk-factor\">\n<div class=\"risk-pic\"><img decoding=\"async\" src=\"\/wp-content\/uploads\/2021\/06\/Black_Hispanic_Woman.jpg\" class=\"aligncenter\" alt=\"Tos cr\u00f3nica con mucosidad\" style=\"height:125px\"><\/div>\n<div class=\"risk-text\">\n<h5 class=\"section-title\">Tos cr\u00f3nica con mucosidad<\/h5>\n<p class=\"section-content\">La bronquitis cr\u00f3nica inflama e irrita el revestimiento de las v\u00edas respiratorias, lo que puede conducir a una tos cr\u00f3nica con moco.\n<\/p>\n<\/div>\n<div class=\"clearboth\"><\/div>\n<\/div>\n<div class=\"divider\" id=\"\">\n\t\n\t<\/div>\n<div class=\"risk-factor\">\n<div class=\"risk-pic\"><img decoding=\"async\" src=\"\/wp-content\/uploads\/2013\/06\/Hoarseness165.jpg\" class=\"aligncenter\" alt=\"Sibilancias\" style=\"height:125px\"><\/div>\n<div class=\"risk-text\">\n<h5 class=\"section-title\">Sibilancias<\/h5>\n<p class=\"section-content\">Una especie de silbido provocado por el aire que pasa por v\u00edas las respiratorias estrechadas y obstruidas por la mucosidad.<\/p>\n<\/div>\n<div class=\"clearboth\"><\/div>\n<\/div>\n<div class=\"divider\" id=\"\">\n\t\n\t<\/div>\n<div class=\"risk-factor\">\n<div class=\"risk-pic\"><div id=\"caption\" style=\"width: 195px\" class=\"wp-caption aligncenter\"><a href=\"\/wp-content\/uploads\/2014\/05\/Pneumonia-PSF.jpg\" title=\"Click Image to Enlarge.\"><img decoding=\"async\" aria-describedby=\"caption-caption\" src=\"\/wp-content\/uploads\/2014\/05\/Pneumonia-PSF.jpg\" class=\"aligncenter\" alt=\"Resfriados e infecciones respiratorias frecuentes\" style=\"height:125px\"><\/a><p id=\"caption-caption\" class=\"wp-caption-text\">Click Image to Enlarge.<\/p><\/div><\/div>\n<div class=\"risk-text\">\n<h5 class=\"section-title\">Resfriados e infecciones respiratorias frecuentes<\/h5>\n<p class=\"section-content\">El exceso de mucosidad en las v\u00edas respiratorias puede aumentar el riesgo de contraer infecciones, como la neumon\u00eda o la gripe.  Estas infecciones pueden ser m\u00e1s dif\u00edciles de curar y aumentan el riesgo de que se produzca una exacerbaci\u00f3n.<\/p>\n<\/div>\n<div class=\"clearboth\"><\/div>\n<\/div>\n<div class=\"divider\" id=\"\">\n\t\n\t<\/div>\n<p class=\"section-content\">La EPOC es una afecci\u00f3n progresiva que se agrava con el tiempo, a medida que se da\u00f1an los pulmones.  A medida que la enfermedad avanza, los s\u00edntomas pueden agravarse y pueden presentarse otros nuevos, que se describen a continuaci\u00f3n.<\/p>\n<div class=\"divider\" id=\"\">\n\t\n\t<\/div>\n<div class=\"risk-factor\">\n<div class=\"risk-pic\"><img decoding=\"async\" src=\"\/wp-content\/uploads\/2013\/02\/Fatigue.jpg\" alt=\"Cansancio\" class=\"aligncenter\" style=\"height:125px\" \/><\/div>\n<div class=\"risk-text\">\n<h5 class=\"section-title\">Cansancio<\/h5>\n<p class=\"section-content\">La falta de ox\u00edgeno puede producir cansancio y falta de energ\u00eda.<\/p>\n<\/div>\n<div class=\"clearboth\"><\/div>\n<\/div>\n<div class=\"divider\" id=\"\">\n\t\n\t<\/div>\n<div class=\"risk-factor\">\n<div class=\"risk-pic\"><img decoding=\"async\" src=\"\/wp-content\/uploads\/2013\/02\/Headaches21.jpg\" class=\"aligncenter\" alt=\"Dolor de cabeza matutino\" style=\"height:125px\"><\/div>\n<div class=\"risk-text\">\n<h5 class=\"section-title\">Dolor de cabeza matutino<\/h5>\n<p class=\"section-content\">A ra\u00edz del da\u00f1o pulmonar, puede acumularse demasiado di\u00f3xido de carbono en la sangre durante las horas de sue\u00f1o, lo que provoca dolor de cabeza matutino.  <\/p>\n<\/div>\n<div class=\"clearboth\"><\/div>\n<\/div>\n<div class=\"divider\" id=\"\">\n\t\n\t<\/div>\n<div class=\"risk-factor\">\n<div class=\"risk-pic\"><img decoding=\"async\" src=\"\/wp-content\/uploads\/2015\/05\/Cyanosis_200x276.jpg\" class=\"aligncenter\" alt=\"Labios y u\u00f1as azulados\" style=\"height:125px\"><\/div>\n<div class=\"risk-text\">\n<h5 class=\"section-title\">Labios y u\u00f1as azulados<\/h5>\n<p class=\"section-content\">Cuando el organismo no recibe el ox\u00edgeno suficiente, la sangre puede tornarse de roja a azul.  Los labios y las u\u00f1as azulados son un signo de que no hay suficiente ox\u00edgeno en la sangre.<\/p>\n<\/div>\n<div class=\"clearboth\"><\/div>\n<\/div>\n<div class=\"divider\" id=\"\">\n\t\n\t<\/div>\n<div class=\"risk-factor\">\n<div class=\"risk-pic\"><img decoding=\"async\" src=\"\/wp-content\/uploads\/2017\/03\/Lymphedemaedit2.jpg\" class=\"aligncenter\" alt=\" Inflamaci\u00f3n de los pies y las piernas\" style=\"height:125px\"><\/div>\n<div class=\"risk-text\">\n<h5 class=\"section-title\">Inflamaci\u00f3n de los pies y las piernas<\/h5>\n<p class=\"section-content\">La inflamaci\u00f3n de las extremidades inferiores puede ser un signo de insuficiencia card\u00edaca.  Cuando se da\u00f1an los pulmones, el coraz\u00f3n debe esforzarse m\u00e1s para satisfacer la necesidad de ox\u00edgeno del organismo.  Con el tiempo, esto puede da\u00f1ar el coraz\u00f3n y provocar la acumulaci\u00f3n de sangre en las extremidades.<\/p>\n<\/div>\n<div class=\"clearboth\"><\/div>\n<\/div>\n<div class=\"divider\" id=\"\">\n\t\n\t<\/div>\n<div class=\"risk-factor\">\n<div class=\"risk-pic\"><img decoding=\"async\" src=\"\/wp-content\/uploads\/2015\/05\/BarrelChest.png\" class=\"aligncenter\" alt=\"T\u00f3rax en tonel\" style=\"height:125px\"><\/div>\n<div class=\"risk-text\">\n<h5 class=\"section-title\">T\u00f3rax en tonel<\/h5>\n<p class=\"section-content\">Con el tiempo, como los alv\u00e9olos se destruyen, el aire puede quedar atrapado en los pulmones, por lo que estos necesitan tomar m\u00e1s aire para satisfacer la necesidad de ox\u00edgeno del organismo.  Como resultado, es posible que la caja tor\u00e1cica se agrande; esta afecci\u00f3n se denomina \"t\u00f3rax en tonel\".<\/p>\n<\/div>\n<div class=\"clearboth\"><\/div>\n<\/div>\n<div class=\"divider\" id=\"\">\n\t\n\t<\/div>\n<div class=\"risk-factor\">\n<div class=\"risk-pic\"><img decoding=\"async\" src=\"\/wp-content\/uploads\/2021\/06\/black_feet_on_weight.jpg\" class=\"aligncenter\" alt=\"P\u00e9rdida de peso\" style=\"height:125px\"><\/div>\n<div class=\"risk-text\">\n<h5 class=\"section-title\">P\u00e9rdida de peso<\/h5>\n<p class=\"section-content\">Cuando los pulmones no funcionan correctamente, el organismo debe esforzarse m\u00e1s para respirar y quemar m\u00e1s calor\u00edas.<\/p>\n<\/div>\n<div class=\"clearboth\"><\/div>\n<\/div>\n<div class=\"divider\" id=\"\">\n\t\n\t<\/div>\n<h5 class=\"section-title\">Hipoxia<\/h5>\n<p class=\"section-content\">La hipoxia se produce cuando el cuerpo no recibe suficiente ox\u00edgeno.  Con el tiempo, la hipoxia puede conducir a complicaciones m\u00e1s graves, como hipertensi\u00f3n arterial, hipertensi\u00f3n pulmonar, ritmos card\u00edacos anormales e insuficiencia card\u00edaca.<\/p>\n<div class=\"clearboth\"><\/div>\n<div class=\"space\" style=\"clear:both; height:15px;\"><\/div>\n<h5 class=\"section-title\">Exacerbaci\u00f3n de la EPOC<\/h5>\n<p class=\"section-content\">La exacerbaci\u00f3n de la EPOC hace referencia a un recrudecimiento repentino de los s\u00edntomas.  Durante la exacerbaci\u00f3n de la EPOC, se dificulta la respiraci\u00f3n y los s\u00edntomas empeoran.  La exacerbaci\u00f3n de la EPOC puede producirse como respuesta a una infecci\u00f3n o irritaci\u00f3n.  A ra\u00edz de esto, la enfermedad puede avanzar con mayor rapidez; y el paciente puede requerir medicamentos adicionales, ox\u00edgeno complementario u hospitalizaci\u00f3n, incluida la admisi\u00f3n a una UCI, en los casos m\u00e1s graves.<\/p>\n<div class=\"clearboth\"><\/div>\n","protected":false},"excerpt":{"rendered":"<p>S\u00edntomas y complicaciones Los s\u00edntomas de la EPOC dependen de la gravedad de la enfermedad. Los casos leves de la EPOC pueden causar muy pocos s\u00edntomas. A medida que la enfermedad avanza y sigue da\u00f1ando los pulmones, los s\u00edntomas pueden tornarse m\u00e1s graves. A ra\u00edz del da\u00f1o pulmonar, el organismo presenta dificultades para obtener el [&hellip;]<\/p>\n","protected":false},"author":5,"featured_media":0,"parent":18180,"menu_order":3,"comment_status":"closed","ping_status":"open","template":"template-tumor.php","meta":{"footnotes":""},"tags":[10],"class_list":["post-18183","page","type-page","status-publish","hentry","tag-members-only"],"yoast_head":"<!-- This site is optimized with the Yoast SEO plugin v25.0 - https:\/\/yoast.com\/wordpress\/plugins\/seo\/ -->\n<title>CMedEd | Informaci\u00f3n para comprender la enfermedad pulmonar obstructiva cr\u00f3nica (EPOC) | S\u00edntomas y complicaciones<\/title>\n<meta name=\"description\" content=\"S\u00edntomas y complicaciones Los s\u00edntomas de la EPOC dependen de la gravedad de la enfermedad. Los casos leves de la EPOC pueden causar muy pocos s\u00edntomas. A\" \/>\n<meta name=\"robots\" content=\"index, follow, max-snippet:-1, max-image-preview:large, max-video-preview:-1\" \/>\n<link rel=\"canonical\" href=\"https:\/\/cmeded.com\/es\/chronic-disease\/chronic-obstructive-pulmonary-disease-copd\/symptoms\/\" \/>\n<meta property=\"og:locale\" content=\"es_ES\" \/>\n<meta property=\"og:type\" content=\"article\" \/>\n<meta property=\"og:title\" content=\"CMedEd | Informaci\u00f3n para comprender la enfermedad pulmonar obstructiva cr\u00f3nica (EPOC) | S\u00edntomas y complicaciones\" \/>\n<meta property=\"og:description\" content=\"S\u00edntomas y complicaciones Los s\u00edntomas de la EPOC dependen de la gravedad de la enfermedad. Los casos leves de la EPOC pueden causar muy pocos s\u00edntomas. A\" \/>\n<meta property=\"og:url\" content=\"https:\/\/cmeded.com\/es\/chronic-disease\/chronic-obstructive-pulmonary-disease-copd\/symptoms\/\" \/>\n<meta property=\"og:site_name\" content=\"CMedEd\" \/>\n<meta property=\"article:modified_time\" content=\"2023-08-24T23:47:39+00:00\" \/>\n<meta name=\"twitter:card\" content=\"summary_large_image\" \/>\n<meta name=\"twitter:label1\" content=\"Tiempo de lectura\" \/>\n\t<meta name=\"twitter:data1\" content=\"4 minutos\" \/>\n<script type=\"application\/ld+json\" class=\"yoast-schema-graph\">{\"@context\":\"https:\/\/schema.org\",\"@graph\":[{\"@type\":\"WebPage\",\"@id\":\"https:\/\/cmeded.com\/es\/chronic-disease\/chronic-obstructive-pulmonary-disease-copd\/symptoms\/\",\"url\":\"https:\/\/cmeded.com\/es\/chronic-disease\/chronic-obstructive-pulmonary-disease-copd\/symptoms\/\",\"name\":\"CMedEd | Informaci\u00f3n para comprender la enfermedad pulmonar obstructiva cr\u00f3nica (EPOC) | S\u00edntomas y complicaciones\",\"isPartOf\":{\"@id\":\"https:\/\/cmeded.com\/es\/#website\"},\"datePublished\":\"2015-04-22T19:39:10+00:00\",\"dateModified\":\"2023-08-24T23:47:39+00:00\",\"description\":\"S\u00edntomas y complicaciones Los s\u00edntomas de la EPOC dependen de la gravedad de la enfermedad. Los casos leves de la EPOC pueden causar muy pocos s\u00edntomas. A\",\"breadcrumb\":{\"@id\":\"https:\/\/cmeded.com\/es\/chronic-disease\/chronic-obstructive-pulmonary-disease-copd\/symptoms\/#breadcrumb\"},\"inLanguage\":\"es\",\"potentialAction\":[{\"@type\":\"ReadAction\",\"target\":[\"https:\/\/cmeded.com\/es\/chronic-disease\/chronic-obstructive-pulmonary-disease-copd\/symptoms\/\"]}]},{\"@type\":\"BreadcrumbList\",\"@id\":\"https:\/\/cmeded.com\/es\/chronic-disease\/chronic-obstructive-pulmonary-disease-copd\/symptoms\/#breadcrumb\",\"itemListElement\":[{\"@type\":\"ListItem\",\"position\":1,\"name\":\"Home\",\"item\":\"https:\/\/cmeded.com\/es\/\"},{\"@type\":\"ListItem\",\"position\":2,\"name\":\"Enfermedades cr\u00f3nicas\",\"item\":\"https:\/\/cmeded.com\/es\/chronic-disease\/\"},{\"@type\":\"ListItem\",\"position\":3,\"name\":\"Informaci\u00f3n para comprender la enfermedad pulmonar obstructiva cr\u00f3nica (EPOC)\",\"item\":\"https:\/\/cmeded.com\/es\/chronic-disease\/chronic-obstructive-pulmonary-disease-copd\/\"},{\"@type\":\"ListItem\",\"position\":4,\"name\":\"S\u00edntomas y complicaciones\"}]},{\"@type\":\"WebSite\",\"@id\":\"https:\/\/cmeded.com\/es\/#website\",\"url\":\"https:\/\/cmeded.com\/es\/\",\"name\":\"CMedEd\",\"description\":\"Recurso principal de informaci\u00f3n sobre el c\u00e1ncer\",\"potentialAction\":[{\"@type\":\"SearchAction\",\"target\":{\"@type\":\"EntryPoint\",\"urlTemplate\":\"https:\/\/cmeded.com\/es\/?s={search_term_string}\"},\"query-input\":{\"@type\":\"PropertyValueSpecification\",\"valueRequired\":true,\"valueName\":\"search_term_string\"}}],\"inLanguage\":\"es\"}]}<\/script>\n<!-- \/ Yoast SEO plugin. -->","yoast_head_json":{"title":"CMedEd | Informaci\u00f3n para comprender la enfermedad pulmonar obstructiva cr\u00f3nica (EPOC) | S\u00edntomas y complicaciones","description":"S\u00edntomas y complicaciones Los s\u00edntomas de la EPOC dependen de la gravedad de la enfermedad. Los casos leves de la EPOC pueden causar muy pocos s\u00edntomas. A","robots":{"index":"index","follow":"follow","max-snippet":"max-snippet:-1","max-image-preview":"max-image-preview:large","max-video-preview":"max-video-preview:-1"},"canonical":"https:\/\/cmeded.com\/es\/chronic-disease\/chronic-obstructive-pulmonary-disease-copd\/symptoms\/","og_locale":"es_ES","og_type":"article","og_title":"CMedEd | Informaci\u00f3n para comprender la enfermedad pulmonar obstructiva cr\u00f3nica (EPOC) | S\u00edntomas y complicaciones","og_description":"S\u00edntomas y complicaciones Los s\u00edntomas de la EPOC dependen de la gravedad de la enfermedad. Los casos leves de la EPOC pueden causar muy pocos s\u00edntomas. A","og_url":"https:\/\/cmeded.com\/es\/chronic-disease\/chronic-obstructive-pulmonary-disease-copd\/symptoms\/","og_site_name":"CMedEd","article_modified_time":"2023-08-24T23:47:39+00:00","twitter_card":"summary_large_image","twitter_misc":{"Tiempo de lectura":"4 minutos"},"schema":{"@context":"https:\/\/schema.org","@graph":[{"@type":"WebPage","@id":"https:\/\/cmeded.com\/es\/chronic-disease\/chronic-obstructive-pulmonary-disease-copd\/symptoms\/","url":"https:\/\/cmeded.com\/es\/chronic-disease\/chronic-obstructive-pulmonary-disease-copd\/symptoms\/","name":"CMedEd | Informaci\u00f3n para comprender la enfermedad pulmonar obstructiva cr\u00f3nica (EPOC) | S\u00edntomas y complicaciones","isPartOf":{"@id":"https:\/\/cmeded.com\/es\/#website"},"datePublished":"2015-04-22T19:39:10+00:00","dateModified":"2023-08-24T23:47:39+00:00","description":"S\u00edntomas y complicaciones Los s\u00edntomas de la EPOC dependen de la gravedad de la enfermedad. Los casos leves de la EPOC pueden causar muy pocos s\u00edntomas. A","breadcrumb":{"@id":"https:\/\/cmeded.com\/es\/chronic-disease\/chronic-obstructive-pulmonary-disease-copd\/symptoms\/#breadcrumb"},"inLanguage":"es","potentialAction":[{"@type":"ReadAction","target":["https:\/\/cmeded.com\/es\/chronic-disease\/chronic-obstructive-pulmonary-disease-copd\/symptoms\/"]}]},{"@type":"BreadcrumbList","@id":"https:\/\/cmeded.com\/es\/chronic-disease\/chronic-obstructive-pulmonary-disease-copd\/symptoms\/#breadcrumb","itemListElement":[{"@type":"ListItem","position":1,"name":"Home","item":"https:\/\/cmeded.com\/es\/"},{"@type":"ListItem","position":2,"name":"Enfermedades cr\u00f3nicas","item":"https:\/\/cmeded.com\/es\/chronic-disease\/"},{"@type":"ListItem","position":3,"name":"Informaci\u00f3n para comprender la enfermedad pulmonar obstructiva cr\u00f3nica (EPOC)","item":"https:\/\/cmeded.com\/es\/chronic-disease\/chronic-obstructive-pulmonary-disease-copd\/"},{"@type":"ListItem","position":4,"name":"S\u00edntomas y complicaciones"}]},{"@type":"WebSite","@id":"https:\/\/cmeded.com\/es\/#website","url":"https:\/\/cmeded.com\/es\/","name":"CMedEd","description":"Recurso principal de informaci\u00f3n sobre el c\u00e1ncer","potentialAction":[{"@type":"SearchAction","target":{"@type":"EntryPoint","urlTemplate":"https:\/\/cmeded.com\/es\/?s={search_term_string}"},"query-input":{"@type":"PropertyValueSpecification","valueRequired":true,"valueName":"search_term_string"}}],"inLanguage":"es"}]}},"_links":{"self":[{"href":"https:\/\/cmeded.com\/es\/wp-json\/wp\/v2\/pages\/18183","targetHints":{"allow":["GET"]}}],"collection":[{"href":"https:\/\/cmeded.com\/es\/wp-json\/wp\/v2\/pages"}],"about":[{"href":"https:\/\/cmeded.com\/es\/wp-json\/wp\/v2\/types\/page"}],"author":[{"embeddable":true,"href":"https:\/\/cmeded.com\/es\/wp-json\/wp\/v2\/users\/5"}],"replies":[{"embeddable":true,"href":"https:\/\/cmeded.com\/es\/wp-json\/wp\/v2\/comments?post=18183"}],"version-history":[{"count":0,"href":"https:\/\/cmeded.com\/es\/wp-json\/wp\/v2\/pages\/18183\/revisions"}],"up":[{"embeddable":true,"href":"https:\/\/cmeded.com\/es\/wp-json\/wp\/v2\/pages\/18180"}],"wp:attachment":[{"href":"https:\/\/cmeded.com\/es\/wp-json\/wp\/v2\/media?parent=18183"}],"wp:term":[{"taxonomy":"post_tag","embeddable":true,"href":"https:\/\/cmeded.com\/es\/wp-json\/wp\/v2\/tags?post=18183"}],"curies":[{"name":"wp","href":"https:\/\/api.w.org\/{rel}","templated":true}]}}