{"id":18182,"date":"2015-04-22T14:24:34","date_gmt":"2015-04-22T19:24:34","guid":{"rendered":"http:\/\/cmeded.com\/?page_id=18182"},"modified":"2023-08-24T18:47:39","modified_gmt":"2023-08-24T23:47:39","slug":"risk-factors","status":"publish","type":"page","link":"https:\/\/cmeded.com\/es\/chronic-disease\/chronic-obstructive-pulmonary-disease-copd\/risk-factors\/","title":{"rendered":"Causas y factores de riesgo"},"content":{"rendered":"<h4 class=\"section-title\">Causas y factores de riesgo<\/h4>\n<p class=\"section-content\">Alrededor del 80 % al 90 % de todos los casos de EPOC est\u00e1n vinculados directamente con el tabaquismo.  Las toxinas del humo del tabaco irritan el revestimiento de los bronquios y da\u00f1an los alv\u00e9olos (sacos de aire), donde se absorbe el ox\u00edgeno en el torrente circulatorio.  En los no fumadores y los fumadores, la EPOC tambi\u00e9n puede ser causada o exacerbada por la inhalaci\u00f3n de otros contaminantes y toxinas, adem\u00e1s de determinados rasgos hereditarios.<\/p>\n<div class=\"divider\" id=\"\">\n\t\n\t<\/div>\n<div class=\"risk-factor\">\n<div class=\"risk-pic\"><img decoding=\"async\" src=\"\/wp-content\/uploads\/2013\/10\/Smoke117x175.png\" alt=\"Humo del tabaco\" class=\"aligncenter\" style=\"height:150px\" \/><\/div>\n<div class=\"risk-text\">\n<h5 class=\"section-title\">Humo del tabaco<\/h5>\n<p class=\"section-content\">El h\u00e1bito de fumar cualquier tipo de producto del tabaco es el principal riesgo que incide en el desarrollo de la EPOC, y es el causante de alrededor del 80 % al 90 % de todos los casos.  El humo del cigarrillo puede irritar el revestimiento de los bronquios y da\u00f1ar los alv\u00e9olos (sacos de aire), donde se absorbe el ox\u00edgeno en el torrente circulatorio.  El paso m\u00e1s importante que usted puede dar para evitar y tratar la EPOC es dejar de fumar; de esta manera, se retrasar\u00e1 el avance de la enfermedad.<\/p>\n<\/div>\n<div class=\"clearboth\"><\/div>\n<\/div>\n<div class=\"divider\" id=\"\">\n\t\n\t<\/div>\n<div class=\"risk-factor\">\n<div class=\"risk-pic\">\n<div style='width: 100%; height: 100%; display: flex; flex-wrap: wrap; justify-content: center; align-items: center'>\n<img decoding=\"async\" src=\"\/wp-content\/uploads\/2016\/01\/Exposure.jpg\" alt=\"Exposici\u00f3n debido a la ocupaci\u00f3n\" style=\"height:125px;\"><br \/>\n<img decoding=\"async\" src=\"\/wp-content\/uploads\/2013\/08\/OccupationalExposure150.jpg\" alt=\"Exposici\u00f3n debido a la ocupaci\u00f3n\" style=\"height:125px;\">\n<\/div>\n<\/div>\n<div class=\"risk-text\">\n<h5 class=\"section-title\">Exposici\u00f3n en el lugar de trabajo<\/h5>\n<p class=\"section-content\">Los trabajadores que est\u00e1n expuestos a determinados productos qu\u00edmicos, polvo, humo y vapores en el lugar de trabajo pueden tener un riesgo mayor de padecer EPOC. Estas toxinas pueden da\u00f1ar las v\u00edas respiratorias y los alv\u00e9olos e incidir en el desarrollo de la EPOC.<\/p>\n<\/div>\n<div class=\"clearboth\"><\/div>\n<\/div>\n<div class=\"divider\" id=\"\">\n\t\n\t<\/div>\n<div class=\"risk-factor\">\n<div class=\"risk-pic\">\n<div style='width: 100%; height: 100%; display: flex; flex-wrap: wrap; justify-content: center; align-items: center'>\n<img decoding=\"async\" src=\"\/wp-content\/uploads\/2013\/10\/ManIn60s163x175.png\" alt=\"Edad\" style=\"height:125px;\"><br \/>\n<img decoding=\"async\" src=\"\/wp-content\/uploads\/2013\/10\/MidAgeMan127x175.png\" alt=\"Edad\" style=\"height:125px;\">\n<\/div>\n<\/div>\n<div class=\"risk-text\">\n<h5 class=\"section-title\">Edad<\/h5>\n<p class=\"section-content\">La mayor\u00eda de las personas que contraen EPOC son mayores de 45 a\u00f1os de edad.  La EPOC es una enfermedad progresiva que tarda a\u00f1os en desarrollarse y se agrava con el tiempo.<\/p>\n<\/div>\n<div class=\"clearboth\"><\/div>\n<\/div>\n<div class=\"divider\" id=\"\">\n\t\n\t<\/div>\n<div class=\"risk-factor\">\n<div class=\"risk-pic\"><img decoding=\"async\" src=\"\/wp-content\/uploads\/2015\/04\/DNA.png\" class=\"aligncenter\" alt=\"Gen\u00e9tica\" style=\"height:150px\"><\/div>\n<div class=\"risk-text\">\n<h5 class=\"section-title\">Gen\u00e9tica<\/h5>\n<p class=\"section-content\">Algunos casos de enfisema pulmonar se deben una deficiencia de alfa-1-antitripsina (DAAT).  Por lo general, la alfa-1-antitripsina protege los pulmones, al eliminar las sustancias nocivas.  Adem\u00e1s, la deficiencia de esta prote\u00edna puede provocar la destrucci\u00f3n del tejido pulmonar sano.<\/p>\n<\/div>\n<div class=\"clearboth\"><\/div>\n<\/div>\n","protected":false},"excerpt":{"rendered":"<p>Causas y factores de riesgo Alrededor del 80 % al 90 % de todos los casos de EPOC est\u00e1n vinculados directamente con el tabaquismo. Las toxinas del humo del tabaco irritan el revestimiento de los bronquios y da\u00f1an los alv\u00e9olos (sacos de aire), donde se absorbe el ox\u00edgeno en el torrente circulatorio. En los no [&hellip;]<\/p>\n","protected":false},"author":5,"featured_media":0,"parent":18180,"menu_order":2,"comment_status":"closed","ping_status":"open","template":"template-tumor.php","meta":{"footnotes":""},"tags":[10],"class_list":["post-18182","page","type-page","status-publish","hentry","tag-members-only"],"yoast_head":"<!-- This site is optimized with the Yoast SEO plugin v25.0 - https:\/\/yoast.com\/wordpress\/plugins\/seo\/ -->\n<title>CMedEd | Informaci\u00f3n para comprender la enfermedad pulmonar obstructiva cr\u00f3nica (EPOC) | Causas y factores de riesgo<\/title>\n<meta name=\"description\" content=\"Causas y factores de riesgo Alrededor del 80 % al 90 % de todos los casos de EPOC est\u00e1n vinculados directamente con el tabaquismo. Las toxinas del humo\" \/>\n<meta name=\"robots\" content=\"index, follow, max-snippet:-1, max-image-preview:large, max-video-preview:-1\" \/>\n<link rel=\"canonical\" href=\"https:\/\/cmeded.com\/es\/chronic-disease\/chronic-obstructive-pulmonary-disease-copd\/risk-factors\/\" \/>\n<meta property=\"og:locale\" content=\"es_ES\" \/>\n<meta property=\"og:type\" content=\"article\" \/>\n<meta property=\"og:title\" content=\"CMedEd | Informaci\u00f3n para comprender la enfermedad pulmonar obstructiva cr\u00f3nica (EPOC) | Causas y factores de riesgo\" \/>\n<meta property=\"og:description\" content=\"Causas y factores de riesgo Alrededor del 80 % al 90 % de todos los casos de EPOC est\u00e1n vinculados directamente con el tabaquismo. Las toxinas del humo\" \/>\n<meta property=\"og:url\" content=\"https:\/\/cmeded.com\/es\/chronic-disease\/chronic-obstructive-pulmonary-disease-copd\/risk-factors\/\" \/>\n<meta property=\"og:site_name\" content=\"CMedEd\" \/>\n<meta property=\"article:modified_time\" content=\"2023-08-24T23:47:39+00:00\" \/>\n<meta name=\"twitter:card\" content=\"summary_large_image\" \/>\n<meta name=\"twitter:label1\" content=\"Tiempo de lectura\" \/>\n\t<meta name=\"twitter:data1\" content=\"2 minutos\" \/>\n<script type=\"application\/ld+json\" class=\"yoast-schema-graph\">{\"@context\":\"https:\/\/schema.org\",\"@graph\":[{\"@type\":\"WebPage\",\"@id\":\"https:\/\/cmeded.com\/es\/chronic-disease\/chronic-obstructive-pulmonary-disease-copd\/risk-factors\/\",\"url\":\"https:\/\/cmeded.com\/es\/chronic-disease\/chronic-obstructive-pulmonary-disease-copd\/risk-factors\/\",\"name\":\"CMedEd | Informaci\u00f3n para comprender la enfermedad pulmonar obstructiva cr\u00f3nica (EPOC) | Causas y factores de riesgo\",\"isPartOf\":{\"@id\":\"https:\/\/cmeded.com\/es\/#website\"},\"datePublished\":\"2015-04-22T19:24:34+00:00\",\"dateModified\":\"2023-08-24T23:47:39+00:00\",\"description\":\"Causas y factores de riesgo Alrededor del 80 % al 90 % de todos los casos de EPOC est\u00e1n vinculados directamente con el tabaquismo. Las toxinas del humo\",\"breadcrumb\":{\"@id\":\"https:\/\/cmeded.com\/es\/chronic-disease\/chronic-obstructive-pulmonary-disease-copd\/risk-factors\/#breadcrumb\"},\"inLanguage\":\"es\",\"potentialAction\":[{\"@type\":\"ReadAction\",\"target\":[\"https:\/\/cmeded.com\/es\/chronic-disease\/chronic-obstructive-pulmonary-disease-copd\/risk-factors\/\"]}]},{\"@type\":\"BreadcrumbList\",\"@id\":\"https:\/\/cmeded.com\/es\/chronic-disease\/chronic-obstructive-pulmonary-disease-copd\/risk-factors\/#breadcrumb\",\"itemListElement\":[{\"@type\":\"ListItem\",\"position\":1,\"name\":\"Home\",\"item\":\"https:\/\/cmeded.com\/es\/\"},{\"@type\":\"ListItem\",\"position\":2,\"name\":\"Enfermedades cr\u00f3nicas\",\"item\":\"https:\/\/cmeded.com\/es\/chronic-disease\/\"},{\"@type\":\"ListItem\",\"position\":3,\"name\":\"Informaci\u00f3n para comprender la enfermedad pulmonar obstructiva cr\u00f3nica (EPOC)\",\"item\":\"https:\/\/cmeded.com\/es\/chronic-disease\/chronic-obstructive-pulmonary-disease-copd\/\"},{\"@type\":\"ListItem\",\"position\":4,\"name\":\"Causas y factores de riesgo\"}]},{\"@type\":\"WebSite\",\"@id\":\"https:\/\/cmeded.com\/es\/#website\",\"url\":\"https:\/\/cmeded.com\/es\/\",\"name\":\"CMedEd\",\"description\":\"Recurso principal de informaci\u00f3n sobre el c\u00e1ncer\",\"potentialAction\":[{\"@type\":\"SearchAction\",\"target\":{\"@type\":\"EntryPoint\",\"urlTemplate\":\"https:\/\/cmeded.com\/es\/?s={search_term_string}\"},\"query-input\":{\"@type\":\"PropertyValueSpecification\",\"valueRequired\":true,\"valueName\":\"search_term_string\"}}],\"inLanguage\":\"es\"}]}<\/script>\n<!-- \/ Yoast SEO plugin. -->","yoast_head_json":{"title":"CMedEd | Informaci\u00f3n para comprender la enfermedad pulmonar obstructiva cr\u00f3nica (EPOC) | Causas y factores de riesgo","description":"Causas y factores de riesgo Alrededor del 80 % al 90 % de todos los casos de EPOC est\u00e1n vinculados directamente con el tabaquismo. Las toxinas del humo","robots":{"index":"index","follow":"follow","max-snippet":"max-snippet:-1","max-image-preview":"max-image-preview:large","max-video-preview":"max-video-preview:-1"},"canonical":"https:\/\/cmeded.com\/es\/chronic-disease\/chronic-obstructive-pulmonary-disease-copd\/risk-factors\/","og_locale":"es_ES","og_type":"article","og_title":"CMedEd | Informaci\u00f3n para comprender la enfermedad pulmonar obstructiva cr\u00f3nica (EPOC) | Causas y factores de riesgo","og_description":"Causas y factores de riesgo Alrededor del 80 % al 90 % de todos los casos de EPOC est\u00e1n vinculados directamente con el tabaquismo. Las toxinas del humo","og_url":"https:\/\/cmeded.com\/es\/chronic-disease\/chronic-obstructive-pulmonary-disease-copd\/risk-factors\/","og_site_name":"CMedEd","article_modified_time":"2023-08-24T23:47:39+00:00","twitter_card":"summary_large_image","twitter_misc":{"Tiempo de lectura":"2 minutos"},"schema":{"@context":"https:\/\/schema.org","@graph":[{"@type":"WebPage","@id":"https:\/\/cmeded.com\/es\/chronic-disease\/chronic-obstructive-pulmonary-disease-copd\/risk-factors\/","url":"https:\/\/cmeded.com\/es\/chronic-disease\/chronic-obstructive-pulmonary-disease-copd\/risk-factors\/","name":"CMedEd | Informaci\u00f3n para comprender la enfermedad pulmonar obstructiva cr\u00f3nica (EPOC) | Causas y factores de riesgo","isPartOf":{"@id":"https:\/\/cmeded.com\/es\/#website"},"datePublished":"2015-04-22T19:24:34+00:00","dateModified":"2023-08-24T23:47:39+00:00","description":"Causas y factores de riesgo Alrededor del 80 % al 90 % de todos los casos de EPOC est\u00e1n vinculados directamente con el tabaquismo. Las toxinas del humo","breadcrumb":{"@id":"https:\/\/cmeded.com\/es\/chronic-disease\/chronic-obstructive-pulmonary-disease-copd\/risk-factors\/#breadcrumb"},"inLanguage":"es","potentialAction":[{"@type":"ReadAction","target":["https:\/\/cmeded.com\/es\/chronic-disease\/chronic-obstructive-pulmonary-disease-copd\/risk-factors\/"]}]},{"@type":"BreadcrumbList","@id":"https:\/\/cmeded.com\/es\/chronic-disease\/chronic-obstructive-pulmonary-disease-copd\/risk-factors\/#breadcrumb","itemListElement":[{"@type":"ListItem","position":1,"name":"Home","item":"https:\/\/cmeded.com\/es\/"},{"@type":"ListItem","position":2,"name":"Enfermedades cr\u00f3nicas","item":"https:\/\/cmeded.com\/es\/chronic-disease\/"},{"@type":"ListItem","position":3,"name":"Informaci\u00f3n para comprender la enfermedad pulmonar obstructiva cr\u00f3nica (EPOC)","item":"https:\/\/cmeded.com\/es\/chronic-disease\/chronic-obstructive-pulmonary-disease-copd\/"},{"@type":"ListItem","position":4,"name":"Causas y factores de riesgo"}]},{"@type":"WebSite","@id":"https:\/\/cmeded.com\/es\/#website","url":"https:\/\/cmeded.com\/es\/","name":"CMedEd","description":"Recurso principal de informaci\u00f3n sobre el c\u00e1ncer","potentialAction":[{"@type":"SearchAction","target":{"@type":"EntryPoint","urlTemplate":"https:\/\/cmeded.com\/es\/?s={search_term_string}"},"query-input":{"@type":"PropertyValueSpecification","valueRequired":true,"valueName":"search_term_string"}}],"inLanguage":"es"}]}},"_links":{"self":[{"href":"https:\/\/cmeded.com\/es\/wp-json\/wp\/v2\/pages\/18182","targetHints":{"allow":["GET"]}}],"collection":[{"href":"https:\/\/cmeded.com\/es\/wp-json\/wp\/v2\/pages"}],"about":[{"href":"https:\/\/cmeded.com\/es\/wp-json\/wp\/v2\/types\/page"}],"author":[{"embeddable":true,"href":"https:\/\/cmeded.com\/es\/wp-json\/wp\/v2\/users\/5"}],"replies":[{"embeddable":true,"href":"https:\/\/cmeded.com\/es\/wp-json\/wp\/v2\/comments?post=18182"}],"version-history":[{"count":0,"href":"https:\/\/cmeded.com\/es\/wp-json\/wp\/v2\/pages\/18182\/revisions"}],"up":[{"embeddable":true,"href":"https:\/\/cmeded.com\/es\/wp-json\/wp\/v2\/pages\/18180"}],"wp:attachment":[{"href":"https:\/\/cmeded.com\/es\/wp-json\/wp\/v2\/media?parent=18182"}],"wp:term":[{"taxonomy":"post_tag","embeddable":true,"href":"https:\/\/cmeded.com\/es\/wp-json\/wp\/v2\/tags?post=18182"}],"curies":[{"name":"wp","href":"https:\/\/api.w.org\/{rel}","templated":true}]}}