{"id":18014,"date":"2015-03-12T16:04:52","date_gmt":"2015-03-12T21:04:52","guid":{"rendered":"http:\/\/cmeded.com\/?page_id=18014"},"modified":"2023-08-24T18:48:38","modified_gmt":"2023-08-24T23:48:38","slug":"risk-factors","status":"publish","type":"page","link":"https:\/\/cmeded.com\/es\/head-neck\/understanding-pharyngeal-cancer\/risk-factors\/","title":{"rendered":"Factores de riesgo"},"content":{"rendered":"<h4 class=\"section-title\">Factores de riesgo<\/h4>\n<p class=\"section-content\">Un factor de riesgo es una caracter\u00edstica, una conducta o una afecci\u00f3n que aumentan las posibilidades de contraer una enfermedad.  A continuaci\u00f3n, se detallan los factores de riesgo principales que inciden en el desarrollo del c\u00e1ncer de faringe:<\/p>\n<div class=\"divider\" id=\"\">\n\t\n\t<\/div>\n<div class=\"risk-factor\">\n<div class=\"symp-pic\"><img decoding=\"async\" src=\"\/wp-content\/uploads\/2021\/06\/Black_teen_smoking.jpg\" alt=\"Tabaquismo\" class=\"aligncenter\" style=\"height:125px;\"\/><\/div>\n<div class=\"risk-text-wrap\">\n<h5 class=\"section-title\">Tabaquismo<\/h5>\n<p class=\"section-content\">Las personas que fuman cigarrillos o consumen tabaco sin humo tienen un riesgo mayor de contraer c\u00e1ncer de faringe.<\/p>\n<\/div>\n<div class=\"clearboth\"><\/div>\n<\/div>\n<div class=\"divider\" id=\"\">\n\t\n\t<\/div>\n<div class=\"risk-factor\">\n<div class=\"symp-pic\"><img decoding=\"async\" src=\"\/wp-content\/uploads\/2013\/02\/Alcohol150.jpg\" class=\"aligncenter\" alt=\"Consumo de alcohol\" style=\"height:125px;\"\/><\/div>\n<div class=\"risk-text-wrap\">\n<h5 class=\"section-title\">Consumo de alcohol<\/h5>\n<p class=\"section-content\">El consumo frecuente o excesivo de alcohol aumenta el riesgo de contraer c\u00e1ncer de faringe. El consumo conjunto de tabaco y alcohol aumenta el riesgo a\u00fan m\u00e1s.<\/p>\n<\/div>\n<div class=\"clearboth\"><\/div>\n<\/div>\n<div class=\"divider\" id=\"\">\n\t\n\t<\/div>\n<div class=\"risk-factor\">\n<div class=\"symp-pic\"><img decoding=\"async\" src=\"\/wp-content\/uploads\/2013\/02\/HPV150.jpg\" class=\"aligncenter\" alt=\"Virus del papiloma humano\" style=\"height:125px;\"\/><\/div>\n<div class=\"risk-text-wrap\">\n<h5 class=\"section-title\">Virus del papiloma humano<\/h5>\n<p class=\"section-content\">El virus del papiloma humano (VPH) es una enfermedad de transmisi\u00f3n sexual que puede ponerlo en riesgo de contraer c\u00e1ncer de cabeza y cuello, especialmente c\u00e1ncer de orofaringe. De hecho, el VPH ahora se ha establecido como la causa atribuible n. \u00b0 1 del c\u00e1ncer de orofaringe en los Estados Unidos<\/p>\n<\/div>\n<div class=\"clearboth\"><\/div>\n<\/div>\n<div class=\"divider\" id=\"\">\n\t\n\t<\/div>\n<div class=\"risk-factor\">\n<div class=\"symp-pic\">\n<div style='width: 100%; height: 100%; display: flex; flex-wrap: wrap; justify-content: center; align-items: center'>\n<img decoding=\"async\" src=\"\/wp-content\/uploads\/2016\/01\/Exposure.jpg\" alt=\"Exposici\u00f3n debido a la ocupaci\u00f3n\" style=\"height:125px;\"><br \/>\n<img decoding=\"async\" src=\"\/wp-content\/uploads\/2013\/08\/OccupationalExposure150.jpg\" alt=\"Exposici\u00f3n debido a la ocupaci\u00f3n\" style=\"height:125px;\">\n<\/div>\n<\/div>\n<div class=\"risk-text-wrap\">\n<h5 class=\"section-title\">Exposici\u00f3n debido a la ocupaci\u00f3n<\/h5>\n<p class=\"section-content\">Quienes trabajan en determinadas industrias, como la maderera, la metalurgia, la curtidora, la textil y la petrolera, est\u00e1n expuestos a determinadas sustancias qu\u00edmicas, al polvo o a gases en el lugar de trabajo, por lo que pueden presentar un riesgo mayor de contraer c\u00e1ncer de faringe.<\/p>\n<\/div>\n<div class=\"clearboth\"><\/div>\n<\/div>\n<div class=\"divider\" id=\"\">\n\t\n\t<\/div>\n<div class=\"risk-factor\">\n<div class=\"symp-pic\">\n<div style='width: 100%; height: 100%; display: flex; flex-wrap: wrap; justify-content: center; align-items: center'>\n<img decoding=\"async\" src=\"\/wp-content\/uploads\/2013\/10\/AfricanAmerican130x175.png\" alt=\"G\u00e9nero\" style=\"height:125px;\"><br \/>\n<img decoding=\"async\" src=\"\/wp-content\/uploads\/2013\/10\/WhiteMale93x175.png\" alt=\"G\u00e9nero\" style=\"height:130px;\">\n<\/div>\n<\/div>\n<div class=\"risk-text-wrap\">\n<h5 class=\"section-title\">G\u00e9nero<\/h5>\n<p class=\"section-content\">Los hombres son m\u00e1s propensos a contraer c\u00e1ncer de faringe en comparaci\u00f3n con las mujeres.<\/p>\n<\/div>\n<div class=\"clearboth\"><\/div>\n<\/div>\n<div class=\"divider\" id=\"\">\n\t\n\t<\/div>\n<div class=\"risk-factor\">\n<div class=\"symp-pic\">\n<div style='width: 100%; height: 100%; display: flex; flex-wrap: wrap; justify-content: center; align-items: center'>\n<img decoding=\"async\" src=\"\/wp-content\/uploads\/2013\/10\/MidAgeMan127x175.png\" alt=\"Edad\" style=\"height:125px;\"><br \/>\n<img decoding=\"async\" src=\"\/wp-content\/uploads\/2013\/10\/ManIn60s163x175.png\" alt=\"Edad\" style=\"height:135px;\">\n<\/div>\n<\/div>\n<div class=\"risk-text-wrap\">\n<h5 class=\"section-title\">Edad<\/h5>\n<p class=\"section-content\">El riesgo de contraer c\u00e1ncer de faringe aumenta con la edad.  La mayor\u00eda de los pacientes son mayores de 55 a\u00f1os de edad al momento del diagn\u00f3stico.<\/p>\n<\/div>\n<div class=\"clearboth\"><\/div>\n<\/div>\n<div class=\"divider\" id=\"\">\n\t\n\t<\/div>\n<div class=\"risk-factor\">\n<div class=\"symp-pic\"><img decoding=\"async\" src=\"\/wp-content\/uploads\/2013\/08\/Diet150.jpg\" class=\"aligncenter\" alt=\"Alimentaci\u00f3n deficiente\" style=\"height:125px;\"\/><\/div>\n<div class=\"risk-text-wrap\">\n<h5 class=\"section-title\">Alimentaci\u00f3n deficiente<\/h5>\n<p class=\"section-content\">Seg\u00fan algunos estudios, una alimentaci\u00f3n deficiente con contenido bajo de frutas y verduras puede aumentar el riesgo de contraer c\u00e1ncer de orofaringe.<\/p>\n<\/div>\n<div class=\"clearboth\"><\/div>\n<\/div>\n<div class=\"divider\" id=\"\">\n\t\n\t<\/div>\n<div class=\"risk-factor\">\n<div class=\"symp-pic\"><img decoding=\"async\" src=\"\/wp-content\/uploads\/2013\/08\/Fatigue165.png\" class=\"aligncenter\" alt=\"Origen \u00e9tnico\" style=\"height:125px;\"\/><\/div>\n<div class=\"risk-text-wrap\">\n<h5 class=\"section-title\">Origen \u00e9tnico<\/h5>\n<p class=\"section-content\">Las personas con ascendencia china o del sudeste asi\u00e1tico pueden presentar un mayor riesgo de contraer c\u00e1ncer de nasofaringe.  El c\u00e1ncer de nasofaringe es m\u00e1s frecuente en el sudeste de Asia.<\/p>\n<\/div>\n<div class=\"clearboth\"><\/div>\n<\/div>\n<div class=\"divider\" id=\"\">\n\t\n\t<\/div>\n<div class=\"risk-factor\">\n<div class=\"symp-pic\"><img decoding=\"async\" src=\"\/wp-content\/uploads\/2013\/02\/Epstein-Barr.jpg\" class=\"aligncenter\" alt=\"Virus de Epstein-Barr\" style=\"height:125px;\"\/><\/div>\n<div class=\"risk-text-wrap\">\n<h5 class=\"section-title\">Virus de Epstein-Barr<\/h5>\n<p class=\"section-content\">El virus de Epstein-Barr (VEB) hace referencia a una infecci\u00f3n cr\u00f3nica que causa mononucleosis y que permanece latente en las c\u00e9lulas de la garganta y el sistema inmunitario.  La infecci\u00f3n por el virus de Epstein-Barr se ha asociado con un riesgo mayor de contraer c\u00e1ncer de nasofaringe.<\/p>\n<\/div>\n<div class=\"clearboth\"><\/div>\n<\/div>\n<div class=\"divider\" id=\"\">\n\t\n\t<\/div>\n<div class=\"risk-factor\">\n<div class=\"symp-pic\"><img decoding=\"async\" src=\"\/wp-content\/uploads\/2013\/08\/EsophagealWebs150.jpg\" class=\"aligncenter\" alt=\"S\u00edndrome de Plummer-Vinson\" style=\"height:125px;\"\/><\/div>\n<div class=\"risk-text-wrap\">\n<h5 class=\"section-title\">S\u00edndrome de Plummer-Vinson<\/h5>\n<p class=\"section-content\">El s\u00edndrome de Plummer-Vinson es una enfermedad poco frecuente que puede aparecer en personas con carencia de hierro cr\u00f3nica.  El s\u00edndrome de Plummer-Vinson produce formaciones an\u00f3malas (membranas esof\u00e1gicas) en el recubrimiento interno del es\u00f3fago, lo cual dificulta la degluci\u00f3n.  Esta enfermedad puede aumentar el riesgo de contraer c\u00e1ncer de hipofaringe.<\/p>\n<\/div>\n<div class=\"clearboth\"><\/div>\n<\/div>\n","protected":false},"excerpt":{"rendered":"<p>Factores de riesgo Un factor de riesgo es una caracter\u00edstica, una conducta o una afecci\u00f3n que aumentan las posibilidades de contraer una enfermedad. A continuaci\u00f3n, se detallan los factores de riesgo principales que inciden en el desarrollo del c\u00e1ncer de faringe: Tabaquismo Las personas que fuman cigarrillos o consumen tabaco sin humo tienen un riesgo [&hellip;]<\/p>\n","protected":false},"author":35,"featured_media":0,"parent":18012,"menu_order":2,"comment_status":"closed","ping_status":"open","template":"template-tumor.php","meta":{"footnotes":""},"tags":[10],"class_list":["post-18014","page","type-page","status-publish","hentry","tag-members-only"],"yoast_head":"<!-- This site is optimized with the Yoast SEO plugin v25.0 - https:\/\/yoast.com\/wordpress\/plugins\/seo\/ -->\n<title>CMedEd | Informaci\u00f3n para comprender el c\u00e1ncer de faringe | Factores de riesgo<\/title>\n<meta name=\"description\" content=\"Factores de riesgo Un factor de riesgo es una caracter\u00edstica, una conducta o una afecci\u00f3n que aumentan las posibilidades de contraer una enfermedad. A\" \/>\n<meta name=\"robots\" content=\"index, follow, max-snippet:-1, max-image-preview:large, max-video-preview:-1\" \/>\n<link rel=\"canonical\" href=\"https:\/\/cmeded.com\/es\/head-neck\/understanding-pharyngeal-cancer\/risk-factors\/\" \/>\n<meta property=\"og:locale\" content=\"es_ES\" \/>\n<meta property=\"og:type\" content=\"article\" \/>\n<meta property=\"og:title\" content=\"CMedEd | Informaci\u00f3n para comprender el c\u00e1ncer de faringe | Factores de riesgo\" \/>\n<meta property=\"og:description\" content=\"Factores de riesgo Un factor de riesgo es una caracter\u00edstica, una conducta o una afecci\u00f3n que aumentan las posibilidades de contraer una enfermedad. A\" \/>\n<meta property=\"og:url\" content=\"https:\/\/cmeded.com\/es\/head-neck\/understanding-pharyngeal-cancer\/risk-factors\/\" \/>\n<meta property=\"og:site_name\" content=\"CMedEd\" \/>\n<meta property=\"article:modified_time\" content=\"2023-08-24T23:48:38+00:00\" \/>\n<meta name=\"twitter:card\" content=\"summary_large_image\" \/>\n<meta name=\"twitter:label1\" content=\"Tiempo de lectura\" \/>\n\t<meta name=\"twitter:data1\" content=\"2 minutos\" \/>\n<script type=\"application\/ld+json\" class=\"yoast-schema-graph\">{\"@context\":\"https:\/\/schema.org\",\"@graph\":[{\"@type\":\"WebPage\",\"@id\":\"https:\/\/cmeded.com\/es\/head-neck\/understanding-pharyngeal-cancer\/risk-factors\/\",\"url\":\"https:\/\/cmeded.com\/es\/head-neck\/understanding-pharyngeal-cancer\/risk-factors\/\",\"name\":\"CMedEd | Informaci\u00f3n para comprender el c\u00e1ncer de faringe | Factores de riesgo\",\"isPartOf\":{\"@id\":\"https:\/\/cmeded.com\/es\/#website\"},\"datePublished\":\"2015-03-12T21:04:52+00:00\",\"dateModified\":\"2023-08-24T23:48:38+00:00\",\"description\":\"Factores de riesgo Un factor de riesgo es una caracter\u00edstica, una conducta o una afecci\u00f3n que aumentan las posibilidades de contraer una enfermedad. A\",\"breadcrumb\":{\"@id\":\"https:\/\/cmeded.com\/es\/head-neck\/understanding-pharyngeal-cancer\/risk-factors\/#breadcrumb\"},\"inLanguage\":\"es\",\"potentialAction\":[{\"@type\":\"ReadAction\",\"target\":[\"https:\/\/cmeded.com\/es\/head-neck\/understanding-pharyngeal-cancer\/risk-factors\/\"]}]},{\"@type\":\"BreadcrumbList\",\"@id\":\"https:\/\/cmeded.com\/es\/head-neck\/understanding-pharyngeal-cancer\/risk-factors\/#breadcrumb\",\"itemListElement\":[{\"@type\":\"ListItem\",\"position\":1,\"name\":\"Home\",\"item\":\"https:\/\/cmeded.com\/es\/\"},{\"@type\":\"ListItem\",\"position\":2,\"name\":\"Cabeza y cuello\",\"item\":\"https:\/\/cmeded.com\/es\/head-neck\/\"},{\"@type\":\"ListItem\",\"position\":3,\"name\":\"Informaci\u00f3n para comprender el c\u00e1ncer de faringe\",\"item\":\"https:\/\/cmeded.com\/es\/head-neck\/understanding-pharyngeal-cancer\/\"},{\"@type\":\"ListItem\",\"position\":4,\"name\":\"Factores de riesgo\"}]},{\"@type\":\"WebSite\",\"@id\":\"https:\/\/cmeded.com\/es\/#website\",\"url\":\"https:\/\/cmeded.com\/es\/\",\"name\":\"CMedEd\",\"description\":\"Recurso principal de informaci\u00f3n sobre el c\u00e1ncer\",\"potentialAction\":[{\"@type\":\"SearchAction\",\"target\":{\"@type\":\"EntryPoint\",\"urlTemplate\":\"https:\/\/cmeded.com\/es\/?s={search_term_string}\"},\"query-input\":{\"@type\":\"PropertyValueSpecification\",\"valueRequired\":true,\"valueName\":\"search_term_string\"}}],\"inLanguage\":\"es\"}]}<\/script>\n<!-- \/ Yoast SEO plugin. -->","yoast_head_json":{"title":"CMedEd | Informaci\u00f3n para comprender el c\u00e1ncer de faringe | Factores de riesgo","description":"Factores de riesgo Un factor de riesgo es una caracter\u00edstica, una conducta o una afecci\u00f3n que aumentan las posibilidades de contraer una enfermedad. A","robots":{"index":"index","follow":"follow","max-snippet":"max-snippet:-1","max-image-preview":"max-image-preview:large","max-video-preview":"max-video-preview:-1"},"canonical":"https:\/\/cmeded.com\/es\/head-neck\/understanding-pharyngeal-cancer\/risk-factors\/","og_locale":"es_ES","og_type":"article","og_title":"CMedEd | Informaci\u00f3n para comprender el c\u00e1ncer de faringe | Factores de riesgo","og_description":"Factores de riesgo Un factor de riesgo es una caracter\u00edstica, una conducta o una afecci\u00f3n que aumentan las posibilidades de contraer una enfermedad. A","og_url":"https:\/\/cmeded.com\/es\/head-neck\/understanding-pharyngeal-cancer\/risk-factors\/","og_site_name":"CMedEd","article_modified_time":"2023-08-24T23:48:38+00:00","twitter_card":"summary_large_image","twitter_misc":{"Tiempo de lectura":"2 minutos"},"schema":{"@context":"https:\/\/schema.org","@graph":[{"@type":"WebPage","@id":"https:\/\/cmeded.com\/es\/head-neck\/understanding-pharyngeal-cancer\/risk-factors\/","url":"https:\/\/cmeded.com\/es\/head-neck\/understanding-pharyngeal-cancer\/risk-factors\/","name":"CMedEd | Informaci\u00f3n para comprender el c\u00e1ncer de faringe | Factores de riesgo","isPartOf":{"@id":"https:\/\/cmeded.com\/es\/#website"},"datePublished":"2015-03-12T21:04:52+00:00","dateModified":"2023-08-24T23:48:38+00:00","description":"Factores de riesgo Un factor de riesgo es una caracter\u00edstica, una conducta o una afecci\u00f3n que aumentan las posibilidades de contraer una enfermedad. A","breadcrumb":{"@id":"https:\/\/cmeded.com\/es\/head-neck\/understanding-pharyngeal-cancer\/risk-factors\/#breadcrumb"},"inLanguage":"es","potentialAction":[{"@type":"ReadAction","target":["https:\/\/cmeded.com\/es\/head-neck\/understanding-pharyngeal-cancer\/risk-factors\/"]}]},{"@type":"BreadcrumbList","@id":"https:\/\/cmeded.com\/es\/head-neck\/understanding-pharyngeal-cancer\/risk-factors\/#breadcrumb","itemListElement":[{"@type":"ListItem","position":1,"name":"Home","item":"https:\/\/cmeded.com\/es\/"},{"@type":"ListItem","position":2,"name":"Cabeza y cuello","item":"https:\/\/cmeded.com\/es\/head-neck\/"},{"@type":"ListItem","position":3,"name":"Informaci\u00f3n para comprender el c\u00e1ncer de faringe","item":"https:\/\/cmeded.com\/es\/head-neck\/understanding-pharyngeal-cancer\/"},{"@type":"ListItem","position":4,"name":"Factores de riesgo"}]},{"@type":"WebSite","@id":"https:\/\/cmeded.com\/es\/#website","url":"https:\/\/cmeded.com\/es\/","name":"CMedEd","description":"Recurso principal de informaci\u00f3n sobre el c\u00e1ncer","potentialAction":[{"@type":"SearchAction","target":{"@type":"EntryPoint","urlTemplate":"https:\/\/cmeded.com\/es\/?s={search_term_string}"},"query-input":{"@type":"PropertyValueSpecification","valueRequired":true,"valueName":"search_term_string"}}],"inLanguage":"es"}]}},"_links":{"self":[{"href":"https:\/\/cmeded.com\/es\/wp-json\/wp\/v2\/pages\/18014","targetHints":{"allow":["GET"]}}],"collection":[{"href":"https:\/\/cmeded.com\/es\/wp-json\/wp\/v2\/pages"}],"about":[{"href":"https:\/\/cmeded.com\/es\/wp-json\/wp\/v2\/types\/page"}],"author":[{"embeddable":true,"href":"https:\/\/cmeded.com\/es\/wp-json\/wp\/v2\/users\/35"}],"replies":[{"embeddable":true,"href":"https:\/\/cmeded.com\/es\/wp-json\/wp\/v2\/comments?post=18014"}],"version-history":[{"count":0,"href":"https:\/\/cmeded.com\/es\/wp-json\/wp\/v2\/pages\/18014\/revisions"}],"up":[{"embeddable":true,"href":"https:\/\/cmeded.com\/es\/wp-json\/wp\/v2\/pages\/18012"}],"wp:attachment":[{"href":"https:\/\/cmeded.com\/es\/wp-json\/wp\/v2\/media?parent=18014"}],"wp:term":[{"taxonomy":"post_tag","embeddable":true,"href":"https:\/\/cmeded.com\/es\/wp-json\/wp\/v2\/tags?post=18014"}],"curies":[{"name":"wp","href":"https:\/\/api.w.org\/{rel}","templated":true}]}}