{"id":18013,"date":"2015-03-12T15:57:34","date_gmt":"2015-03-12T20:57:34","guid":{"rendered":"http:\/\/cmeded.com\/?page_id=18013"},"modified":"2023-08-24T18:48:38","modified_gmt":"2023-08-24T23:48:38","slug":"overview","status":"publish","type":"page","link":"https:\/\/cmeded.com\/es\/head-neck\/understanding-pharyngeal-cancer\/overview\/","title":{"rendered":"Generalidades"},"content":{"rendered":"<h4 class=\"section-title\">\u00bfQu\u00e9 es el c\u00e1ncer de faringe?<\/h4>\n<p class=\"section-content\">La faringe (garganta) el t\u00e9rmino m\u00e9dico para la garganta es el canal que conecta la parte posterior de la cavidad nasal con la parte superior de la caja de la voz.  La faringe consta de tres secciones principales, y el c\u00e1ncer puede desarrollarse en cualquiera de las tres:<\/p>\n<p><div class=\"divider\" id=\"\">\n\t\n\t<\/div><br \/>\n<div class=\"one_third\"><br \/>\n<div id=\"bc-overview\" style=\"width: 460px\" class=\"wp-caption center aligncenter\"><a href=\"\/wp-content\/uploads\/sites\/4\/2015\/07\/Pharynx-Overview-r1-es.jpg\" title=\"Click Image to Enlarge.\"><img decoding=\"async\" aria-describedby=\"caption-bc-overview\" src=\"\/wp-content\/uploads\/sites\/4\/2015\/07\/Pharynx-Overview-r1-es.jpg\" class=\"aligncenter ovr-pic\" alt=\"c\u00e1ncer de faringe\" style=\"height:375px\" \/><\/a><p id=\"caption-bc-overview\" class=\"wp-caption-text\">Click Image to Enlarge.<\/p><\/div><br \/><\/div><br \/>\n<div class=\"two_third last\"><\/p>\n<ul class=\"about-content\">\n<li><strong><span style=\"color:#336699\">Nasofaringe:<\/span><\/strong> la nasofaringe es la secci\u00f3n superior de la faringe, detr\u00e1s de la nariz y la cavidad nasal.  La nasofaringe yace por encima del velo del paladar, que es la porci\u00f3n blanda que est\u00e1 en la parte posterior del techo de la boca.<\/li>\n<\/ul>\n<ul class=\"about-content\">\n<li><strong><span style=\"color:#336699\">Orofaringe:<\/span><\/strong> la orofaringe es la secci\u00f3n media de la faringe, detr\u00e1s de la boca.  La orofaringe incluye la base de la lengua (por lo general, el primer 1\/3 de la lengua no se puede ver con una simple visi\u00f3n en la boca), el velo del paladar en la parte posterior del techo de la boca, las am\u00edgdalas y la pared posterior de la garganta.  La orofaringe se encuentra detr\u00e1s de la cavidad bucal, debajo del velo del paladar y encima de la epiglotis.<br \/>\n&nbsp;<br \/>\nPara obtener informaci\u00f3n sobre el c\u00e1ncer de am\u00edgdala, un c\u00e1ncer de la orofaringe, consulte  <a href=\"\/es\/understanding-tonsil-cancer\/overview\/\" style=\"color:blue;text-decoration:underline\">Informaci\u00f3n para comprender el c\u00e1ncer de am\u00edgdala<\/a> para obtener m\u00e1s informaci\u00f3n.\n<\/ul>\n<ul class=\"about-content\">\n<li><strong><span style=\"color:#336699\">Hipofaringe:<\/span><\/strong> la hipofaringe es la secci\u00f3n inferior de la faringe, que se encuentra detr\u00e1s de la laringe.  La hipofaringe nace en la parte superior de la epiglotis que es un peque\u00f1o colgajo de cart\u00edlago que protege la laringe durante la degluci\u00f3n y termina en la apertura al es\u00f3fago.<\/li>\n<\/ul>\n<p><\/div><div class=\"clearboth\"><\/div><\/p>\n<div class=\"clearboth\"><\/div>\n<div class=\"divider\" id=\"\">\n\t\n\t<\/div>\n<p class=\"section-content\">La mayor\u00eda de los tumores de faringe (aproximadamente el 95 %) son carcinomas escamosos, que comienzan en las c\u00e9lulas planas y delgadas que recubren el interior de la faringe.<\/p>\n<div class=\"clearboth\"><\/div>\n","protected":false},"excerpt":{"rendered":"<p>\u00bfQu\u00e9 es el c\u00e1ncer de faringe? La faringe (garganta) el t\u00e9rmino m\u00e9dico para la garganta es el canal que conecta la parte posterior de la cavidad nasal con la parte superior de la caja de la voz. La faringe consta de tres secciones principales, y el c\u00e1ncer puede desarrollarse en cualquiera de las tres: La [&hellip;]<\/p>\n","protected":false},"author":35,"featured_media":0,"parent":18012,"menu_order":1,"comment_status":"closed","ping_status":"open","template":"template-tumor.php","meta":{"footnotes":""},"tags":[10],"class_list":["post-18013","page","type-page","status-publish","hentry","tag-members-only"],"yoast_head":"<!-- This site is optimized with the Yoast SEO plugin v25.0 - https:\/\/yoast.com\/wordpress\/plugins\/seo\/ -->\n<title>CMedEd | Informaci\u00f3n para comprender el c\u00e1ncer de faringe | Generalidades<\/title>\n<meta name=\"description\" content=\"\u00bfQu\u00e9 es el c\u00e1ncer de faringe? La faringe (garganta) el t\u00e9rmino m\u00e9dico para la garganta es el canal que conecta la parte posterior de la cavidad nasal con\" \/>\n<meta name=\"robots\" content=\"index, follow, max-snippet:-1, max-image-preview:large, max-video-preview:-1\" \/>\n<link rel=\"canonical\" href=\"https:\/\/cmeded.com\/es\/head-neck\/understanding-pharyngeal-cancer\/overview\/\" \/>\n<meta property=\"og:locale\" content=\"es_ES\" \/>\n<meta property=\"og:type\" content=\"article\" \/>\n<meta property=\"og:title\" content=\"CMedEd | Informaci\u00f3n para comprender el c\u00e1ncer de faringe | Generalidades\" \/>\n<meta property=\"og:description\" content=\"\u00bfQu\u00e9 es el c\u00e1ncer de faringe? La faringe (garganta) el t\u00e9rmino m\u00e9dico para la garganta es el canal que conecta la parte posterior de la cavidad nasal con\" \/>\n<meta property=\"og:url\" content=\"https:\/\/cmeded.com\/es\/head-neck\/understanding-pharyngeal-cancer\/overview\/\" \/>\n<meta property=\"og:site_name\" content=\"CMedEd\" \/>\n<meta property=\"article:modified_time\" content=\"2023-08-24T23:48:38+00:00\" \/>\n<meta name=\"twitter:card\" content=\"summary_large_image\" \/>\n<meta name=\"twitter:label1\" content=\"Tiempo de lectura\" \/>\n\t<meta name=\"twitter:data1\" content=\"2 minutos\" \/>\n<script type=\"application\/ld+json\" class=\"yoast-schema-graph\">{\"@context\":\"https:\/\/schema.org\",\"@graph\":[{\"@type\":\"WebPage\",\"@id\":\"https:\/\/cmeded.com\/es\/head-neck\/understanding-pharyngeal-cancer\/overview\/\",\"url\":\"https:\/\/cmeded.com\/es\/head-neck\/understanding-pharyngeal-cancer\/overview\/\",\"name\":\"CMedEd | Informaci\u00f3n para comprender el c\u00e1ncer de faringe | Generalidades\",\"isPartOf\":{\"@id\":\"https:\/\/cmeded.com\/es\/#website\"},\"datePublished\":\"2015-03-12T20:57:34+00:00\",\"dateModified\":\"2023-08-24T23:48:38+00:00\",\"description\":\"\u00bfQu\u00e9 es el c\u00e1ncer de faringe? La faringe (garganta) el t\u00e9rmino m\u00e9dico para la garganta es el canal que conecta la parte posterior de la cavidad nasal con\",\"breadcrumb\":{\"@id\":\"https:\/\/cmeded.com\/es\/head-neck\/understanding-pharyngeal-cancer\/overview\/#breadcrumb\"},\"inLanguage\":\"es\",\"potentialAction\":[{\"@type\":\"ReadAction\",\"target\":[\"https:\/\/cmeded.com\/es\/head-neck\/understanding-pharyngeal-cancer\/overview\/\"]}]},{\"@type\":\"BreadcrumbList\",\"@id\":\"https:\/\/cmeded.com\/es\/head-neck\/understanding-pharyngeal-cancer\/overview\/#breadcrumb\",\"itemListElement\":[{\"@type\":\"ListItem\",\"position\":1,\"name\":\"Home\",\"item\":\"https:\/\/cmeded.com\/es\/\"},{\"@type\":\"ListItem\",\"position\":2,\"name\":\"Cabeza y cuello\",\"item\":\"https:\/\/cmeded.com\/es\/head-neck\/\"},{\"@type\":\"ListItem\",\"position\":3,\"name\":\"Informaci\u00f3n para comprender el c\u00e1ncer de faringe\",\"item\":\"https:\/\/cmeded.com\/es\/head-neck\/understanding-pharyngeal-cancer\/\"},{\"@type\":\"ListItem\",\"position\":4,\"name\":\"Generalidades\"}]},{\"@type\":\"WebSite\",\"@id\":\"https:\/\/cmeded.com\/es\/#website\",\"url\":\"https:\/\/cmeded.com\/es\/\",\"name\":\"CMedEd\",\"description\":\"Recurso principal de informaci\u00f3n sobre el c\u00e1ncer\",\"potentialAction\":[{\"@type\":\"SearchAction\",\"target\":{\"@type\":\"EntryPoint\",\"urlTemplate\":\"https:\/\/cmeded.com\/es\/?s={search_term_string}\"},\"query-input\":{\"@type\":\"PropertyValueSpecification\",\"valueRequired\":true,\"valueName\":\"search_term_string\"}}],\"inLanguage\":\"es\"}]}<\/script>\n<!-- \/ Yoast SEO plugin. -->","yoast_head_json":{"title":"CMedEd | Informaci\u00f3n para comprender el c\u00e1ncer de faringe | Generalidades","description":"\u00bfQu\u00e9 es el c\u00e1ncer de faringe? La faringe (garganta) el t\u00e9rmino m\u00e9dico para la garganta es el canal que conecta la parte posterior de la cavidad nasal con","robots":{"index":"index","follow":"follow","max-snippet":"max-snippet:-1","max-image-preview":"max-image-preview:large","max-video-preview":"max-video-preview:-1"},"canonical":"https:\/\/cmeded.com\/es\/head-neck\/understanding-pharyngeal-cancer\/overview\/","og_locale":"es_ES","og_type":"article","og_title":"CMedEd | Informaci\u00f3n para comprender el c\u00e1ncer de faringe | Generalidades","og_description":"\u00bfQu\u00e9 es el c\u00e1ncer de faringe? La faringe (garganta) el t\u00e9rmino m\u00e9dico para la garganta es el canal que conecta la parte posterior de la cavidad nasal con","og_url":"https:\/\/cmeded.com\/es\/head-neck\/understanding-pharyngeal-cancer\/overview\/","og_site_name":"CMedEd","article_modified_time":"2023-08-24T23:48:38+00:00","twitter_card":"summary_large_image","twitter_misc":{"Tiempo de lectura":"2 minutos"},"schema":{"@context":"https:\/\/schema.org","@graph":[{"@type":"WebPage","@id":"https:\/\/cmeded.com\/es\/head-neck\/understanding-pharyngeal-cancer\/overview\/","url":"https:\/\/cmeded.com\/es\/head-neck\/understanding-pharyngeal-cancer\/overview\/","name":"CMedEd | Informaci\u00f3n para comprender el c\u00e1ncer de faringe | Generalidades","isPartOf":{"@id":"https:\/\/cmeded.com\/es\/#website"},"datePublished":"2015-03-12T20:57:34+00:00","dateModified":"2023-08-24T23:48:38+00:00","description":"\u00bfQu\u00e9 es el c\u00e1ncer de faringe? La faringe (garganta) el t\u00e9rmino m\u00e9dico para la garganta es el canal que conecta la parte posterior de la cavidad nasal con","breadcrumb":{"@id":"https:\/\/cmeded.com\/es\/head-neck\/understanding-pharyngeal-cancer\/overview\/#breadcrumb"},"inLanguage":"es","potentialAction":[{"@type":"ReadAction","target":["https:\/\/cmeded.com\/es\/head-neck\/understanding-pharyngeal-cancer\/overview\/"]}]},{"@type":"BreadcrumbList","@id":"https:\/\/cmeded.com\/es\/head-neck\/understanding-pharyngeal-cancer\/overview\/#breadcrumb","itemListElement":[{"@type":"ListItem","position":1,"name":"Home","item":"https:\/\/cmeded.com\/es\/"},{"@type":"ListItem","position":2,"name":"Cabeza y cuello","item":"https:\/\/cmeded.com\/es\/head-neck\/"},{"@type":"ListItem","position":3,"name":"Informaci\u00f3n para comprender el c\u00e1ncer de faringe","item":"https:\/\/cmeded.com\/es\/head-neck\/understanding-pharyngeal-cancer\/"},{"@type":"ListItem","position":4,"name":"Generalidades"}]},{"@type":"WebSite","@id":"https:\/\/cmeded.com\/es\/#website","url":"https:\/\/cmeded.com\/es\/","name":"CMedEd","description":"Recurso principal de informaci\u00f3n sobre el c\u00e1ncer","potentialAction":[{"@type":"SearchAction","target":{"@type":"EntryPoint","urlTemplate":"https:\/\/cmeded.com\/es\/?s={search_term_string}"},"query-input":{"@type":"PropertyValueSpecification","valueRequired":true,"valueName":"search_term_string"}}],"inLanguage":"es"}]}},"_links":{"self":[{"href":"https:\/\/cmeded.com\/es\/wp-json\/wp\/v2\/pages\/18013","targetHints":{"allow":["GET"]}}],"collection":[{"href":"https:\/\/cmeded.com\/es\/wp-json\/wp\/v2\/pages"}],"about":[{"href":"https:\/\/cmeded.com\/es\/wp-json\/wp\/v2\/types\/page"}],"author":[{"embeddable":true,"href":"https:\/\/cmeded.com\/es\/wp-json\/wp\/v2\/users\/35"}],"replies":[{"embeddable":true,"href":"https:\/\/cmeded.com\/es\/wp-json\/wp\/v2\/comments?post=18013"}],"version-history":[{"count":0,"href":"https:\/\/cmeded.com\/es\/wp-json\/wp\/v2\/pages\/18013\/revisions"}],"up":[{"embeddable":true,"href":"https:\/\/cmeded.com\/es\/wp-json\/wp\/v2\/pages\/18012"}],"wp:attachment":[{"href":"https:\/\/cmeded.com\/es\/wp-json\/wp\/v2\/media?parent=18013"}],"wp:term":[{"taxonomy":"post_tag","embeddable":true,"href":"https:\/\/cmeded.com\/es\/wp-json\/wp\/v2\/tags?post=18013"}],"curies":[{"name":"wp","href":"https:\/\/api.w.org\/{rel}","templated":true}]}}