{"id":17972,"date":"2015-03-10T15:33:24","date_gmt":"2015-03-10T20:33:24","guid":{"rendered":"http:\/\/cmeded.com\/?page_id=17972"},"modified":"2025-05-07T11:34:36","modified_gmt":"2025-05-07T16:34:36","slug":"questions","status":"publish","type":"page","link":"https:\/\/cmeded.com\/es\/head-neck\/laryngeal-cancer\/questions\/","title":{"rendered":"Preguntas"},"content":{"rendered":"<h4 class=\"section-title\">Preguntas para hacerle al m\u00e9dico<\/h4>\n<p class=\"section-content\">Es importante mantener una comunicaci\u00f3n honesta y abierta con m\u00e9dicos y enfermeros. No dude en hacer preguntas, incluso si estas parecen insignificantes. Se recomienda anotar las preguntas para que pueda recordarlas durante las consultas. A continuaci\u00f3n, se detallan algunas preguntas importantes que tal vez desee hacer:<\/p>\n<ul class=\"about-content\">\n<li>\u00bfEn qu\u00e9 secci\u00f3n de la laringe se encuentra mi tumor?<\/li>\n<li>\u00bfQu\u00e9 pruebas de diagn\u00f3stico necesito? \u00bfQu\u00e9 implican?<\/li>\n<li>\u00bfMe podr\u00eda explicar el informe de patolog\u00eda y los resultados de las pruebas?<\/li>\n<li>\u00bfCu\u00e1l es la etapa del c\u00e1ncer? \u00bfCu\u00e1l es el pron\u00f3stico?<\/li>\n<li>\u00bfCu\u00e1les son mis opciones de tratamiento? Si hay m\u00e1s de una opci\u00f3n, \u00bftodas tienen el \u00edndice de \u00e9xito?<\/li>\n<li>\u00bfCu\u00e1les son los beneficios de cada tratamiento?<\/li>\n<li>\u00bfCu\u00e1les son los riesgos y los efectos secundarios de cada tratamiento?<\/li>\n<li>\u00bfPuede darme recomendaciones sobre c\u00f3mo manejar los efectos secundarios?<\/li>\n<li>\u00bfDe qu\u00e9 manera se controlar\u00e1 mi afecci\u00f3n durante el tratamiento?<\/li>\n<li>\u00bfC\u00f3mo es la recuperaci\u00f3n del tratamiento?<\/li>\n<li>\u00bfCu\u00e1nta experiencia tienen usted y sus colegas de esta instituci\u00f3n en el tratamiento de esta enfermedad?<\/li>\n<li>\u00bfMe ayudar\u00eda a buscar una segunda opini\u00f3n si tuviera dudas acerca del paso siguiente en mi programa de tratamiento?<\/li>\n<li>\u00bfEs importante que reciba una recomendaci\u00f3n equilibrada? Si usted es cirujano, \u00bfpuede ayudarme a concertar una consulta con un onc\u00f3logo radi\u00f3logo? Si usted es un onc\u00f3logo radi\u00f3logo, \u00bfpuede ayudarme a concertar una consulta con un cirujano?<\/li>\n<li>\u00bfC\u00f3mo se siente acerca de los ensayos cl\u00ednicos? Seg\u00fan mi etapa actual, \u00bfme recomendar\u00eda que participe en uno?<\/li>\n<li>\u00bfQu\u00e9 debo comentarles a otras personas (ni\u00f1os, padres, hermanos, amigos, etc.) acerca del c\u00e1ncer que padezco si me preguntan?<\/li>\n<li>\u00bfC\u00f3mo ser\u00e1 el cronograma de consultas de seguimiento?<\/li>\n<li>\u00bfC\u00f3mo es la vida sin la glotis?<\/li>\n<li>\u00bfPuede referirme a un grupo de apoyo que ayude a pacientes y familiares con las dificultades del c\u00e1ncer de laringe?<\/li>\n<li>\u00bfPodr\u00e9 tragar despu\u00e9s del tratamiento?<\/li>\n<li>\u00bfPodr\u00e9 hablar despu\u00e9s del tratamiento?<\/li>\n<li>\u00bfNecesitar\u00e9 una sonda nasog\u00e1strica durante el tratamiento o con posterioridad?<\/li>\n<li>\u00bfCu\u00e1les son las opciones si la radiaci\u00f3n no tiene efecto?<\/li>\n<li>\u00bfQu\u00e9 efecto tendr\u00e1 la radiaci\u00f3n en los dientes, la mand\u00edbula, la audici\u00f3n y el sentido del gusto?<\/li>\n<\/div>\n<div class=\"clearboth\"><\/div>\n<\/div>\n<div class=\"divider\" id=\"\">\n\t\n\t<\/div>\n<p class=\"section-content\">Los pacientes deben ver a sus m\u00e9dicos cada tres a seis meses durante los primeros dos a\u00f1os despu\u00e9s del tratamiento, ya que la mayor\u00eda de los c\u00e1nceres que reaparecen lo hacen dentro de ese per\u00edodo.<\/p>\n<p class=\"section-content\">Recomendamos enf\u00e1ticamente a los pacientes con c\u00e1ncer de garganta que no fumen ni consuman alcohol durante y despu\u00e9s del tratamiento. Beber y fumar puede aumentar significativamente la probabilidad de que el c\u00e1ncer regrese, adem\u00e1s de reducir la efectividad del tratamiento y aumentar los efectos secundarios durante el mismo.<\/p>\n<\/ul>\n","protected":false},"excerpt":{"rendered":"<p>Preguntas para hacerle al m\u00e9dico Es importante mantener una comunicaci\u00f3n honesta y abierta con m\u00e9dicos y enfermeros. No dude en hacer preguntas, incluso si estas parecen insignificantes. Se recomienda anotar las preguntas para que pueda recordarlas durante las consultas. A continuaci\u00f3n, se detallan algunas preguntas importantes que tal vez desee hacer: \u00bfEn qu\u00e9 secci\u00f3n de [&hellip;]<\/p>\n","protected":false},"author":35,"featured_media":0,"parent":17920,"menu_order":7,"comment_status":"closed","ping_status":"open","template":"template-tumor.php","meta":{"footnotes":""},"tags":[10],"class_list":["post-17972","page","type-page","status-publish","hentry","tag-members-only"],"yoast_head":"<!-- This site is optimized with the Yoast SEO plugin v25.0 - https:\/\/yoast.com\/wordpress\/plugins\/seo\/ -->\n<title>CMedEd | Informaci\u00f3n para comprender el c\u00e1ncer de laringe | Preguntas<\/title>\n<meta name=\"description\" content=\"Preguntas para hacerle al m\u00e9dico Es importante mantener una comunicaci\u00f3n honesta y abierta con m\u00e9dicos y enfermeros. No dude en hacer preguntas, incluso\" \/>\n<meta name=\"robots\" content=\"index, follow, max-snippet:-1, max-image-preview:large, max-video-preview:-1\" \/>\n<link rel=\"canonical\" href=\"https:\/\/cmeded.com\/es\/head-neck\/laryngeal-cancer\/questions\/\" \/>\n<meta property=\"og:locale\" content=\"es_ES\" \/>\n<meta property=\"og:type\" content=\"article\" \/>\n<meta property=\"og:title\" content=\"CMedEd | Informaci\u00f3n para comprender el c\u00e1ncer de laringe | Preguntas\" \/>\n<meta property=\"og:description\" content=\"Preguntas para hacerle al m\u00e9dico Es importante mantener una comunicaci\u00f3n honesta y abierta con m\u00e9dicos y enfermeros. No dude en hacer preguntas, incluso\" \/>\n<meta property=\"og:url\" content=\"https:\/\/cmeded.com\/es\/head-neck\/laryngeal-cancer\/questions\/\" \/>\n<meta property=\"og:site_name\" content=\"CMedEd\" \/>\n<meta property=\"article:modified_time\" content=\"2025-05-07T16:34:36+00:00\" \/>\n<meta name=\"twitter:card\" content=\"summary_large_image\" \/>\n<meta name=\"twitter:label1\" content=\"Tiempo de lectura\" \/>\n\t<meta name=\"twitter:data1\" content=\"2 minutos\" \/>\n<script type=\"application\/ld+json\" class=\"yoast-schema-graph\">{\"@context\":\"https:\/\/schema.org\",\"@graph\":[{\"@type\":\"WebPage\",\"@id\":\"https:\/\/cmeded.com\/es\/head-neck\/laryngeal-cancer\/questions\/\",\"url\":\"https:\/\/cmeded.com\/es\/head-neck\/laryngeal-cancer\/questions\/\",\"name\":\"CMedEd | Informaci\u00f3n para comprender el c\u00e1ncer de laringe | Preguntas\",\"isPartOf\":{\"@id\":\"https:\/\/cmeded.com\/es\/#website\"},\"datePublished\":\"2015-03-10T20:33:24+00:00\",\"dateModified\":\"2025-05-07T16:34:36+00:00\",\"description\":\"Preguntas para hacerle al m\u00e9dico Es importante mantener una comunicaci\u00f3n honesta y abierta con m\u00e9dicos y enfermeros. No dude en hacer preguntas, incluso\",\"breadcrumb\":{\"@id\":\"https:\/\/cmeded.com\/es\/head-neck\/laryngeal-cancer\/questions\/#breadcrumb\"},\"inLanguage\":\"es\",\"potentialAction\":[{\"@type\":\"ReadAction\",\"target\":[\"https:\/\/cmeded.com\/es\/head-neck\/laryngeal-cancer\/questions\/\"]}]},{\"@type\":\"BreadcrumbList\",\"@id\":\"https:\/\/cmeded.com\/es\/head-neck\/laryngeal-cancer\/questions\/#breadcrumb\",\"itemListElement\":[{\"@type\":\"ListItem\",\"position\":1,\"name\":\"Home\",\"item\":\"https:\/\/cmeded.com\/es\/\"},{\"@type\":\"ListItem\",\"position\":2,\"name\":\"Cabeza y cuello\",\"item\":\"https:\/\/cmeded.com\/es\/head-neck\/\"},{\"@type\":\"ListItem\",\"position\":3,\"name\":\"Informaci\u00f3n para comprender el c\u00e1ncer de laringe\",\"item\":\"https:\/\/cmeded.com\/es\/head-neck\/laryngeal-cancer\/\"},{\"@type\":\"ListItem\",\"position\":4,\"name\":\"Preguntas\"}]},{\"@type\":\"WebSite\",\"@id\":\"https:\/\/cmeded.com\/es\/#website\",\"url\":\"https:\/\/cmeded.com\/es\/\",\"name\":\"CMedEd\",\"description\":\"Recurso principal de informaci\u00f3n sobre el c\u00e1ncer\",\"potentialAction\":[{\"@type\":\"SearchAction\",\"target\":{\"@type\":\"EntryPoint\",\"urlTemplate\":\"https:\/\/cmeded.com\/es\/?s={search_term_string}\"},\"query-input\":{\"@type\":\"PropertyValueSpecification\",\"valueRequired\":true,\"valueName\":\"search_term_string\"}}],\"inLanguage\":\"es\"}]}<\/script>\n<!-- \/ Yoast SEO plugin. -->","yoast_head_json":{"title":"CMedEd | Informaci\u00f3n para comprender el c\u00e1ncer de laringe | Preguntas","description":"Preguntas para hacerle al m\u00e9dico Es importante mantener una comunicaci\u00f3n honesta y abierta con m\u00e9dicos y enfermeros. No dude en hacer preguntas, incluso","robots":{"index":"index","follow":"follow","max-snippet":"max-snippet:-1","max-image-preview":"max-image-preview:large","max-video-preview":"max-video-preview:-1"},"canonical":"https:\/\/cmeded.com\/es\/head-neck\/laryngeal-cancer\/questions\/","og_locale":"es_ES","og_type":"article","og_title":"CMedEd | Informaci\u00f3n para comprender el c\u00e1ncer de laringe | Preguntas","og_description":"Preguntas para hacerle al m\u00e9dico Es importante mantener una comunicaci\u00f3n honesta y abierta con m\u00e9dicos y enfermeros. No dude en hacer preguntas, incluso","og_url":"https:\/\/cmeded.com\/es\/head-neck\/laryngeal-cancer\/questions\/","og_site_name":"CMedEd","article_modified_time":"2025-05-07T16:34:36+00:00","twitter_card":"summary_large_image","twitter_misc":{"Tiempo de lectura":"2 minutos"},"schema":{"@context":"https:\/\/schema.org","@graph":[{"@type":"WebPage","@id":"https:\/\/cmeded.com\/es\/head-neck\/laryngeal-cancer\/questions\/","url":"https:\/\/cmeded.com\/es\/head-neck\/laryngeal-cancer\/questions\/","name":"CMedEd | Informaci\u00f3n para comprender el c\u00e1ncer de laringe | Preguntas","isPartOf":{"@id":"https:\/\/cmeded.com\/es\/#website"},"datePublished":"2015-03-10T20:33:24+00:00","dateModified":"2025-05-07T16:34:36+00:00","description":"Preguntas para hacerle al m\u00e9dico Es importante mantener una comunicaci\u00f3n honesta y abierta con m\u00e9dicos y enfermeros. No dude en hacer preguntas, incluso","breadcrumb":{"@id":"https:\/\/cmeded.com\/es\/head-neck\/laryngeal-cancer\/questions\/#breadcrumb"},"inLanguage":"es","potentialAction":[{"@type":"ReadAction","target":["https:\/\/cmeded.com\/es\/head-neck\/laryngeal-cancer\/questions\/"]}]},{"@type":"BreadcrumbList","@id":"https:\/\/cmeded.com\/es\/head-neck\/laryngeal-cancer\/questions\/#breadcrumb","itemListElement":[{"@type":"ListItem","position":1,"name":"Home","item":"https:\/\/cmeded.com\/es\/"},{"@type":"ListItem","position":2,"name":"Cabeza y cuello","item":"https:\/\/cmeded.com\/es\/head-neck\/"},{"@type":"ListItem","position":3,"name":"Informaci\u00f3n para comprender el c\u00e1ncer de laringe","item":"https:\/\/cmeded.com\/es\/head-neck\/laryngeal-cancer\/"},{"@type":"ListItem","position":4,"name":"Preguntas"}]},{"@type":"WebSite","@id":"https:\/\/cmeded.com\/es\/#website","url":"https:\/\/cmeded.com\/es\/","name":"CMedEd","description":"Recurso principal de informaci\u00f3n sobre el c\u00e1ncer","potentialAction":[{"@type":"SearchAction","target":{"@type":"EntryPoint","urlTemplate":"https:\/\/cmeded.com\/es\/?s={search_term_string}"},"query-input":{"@type":"PropertyValueSpecification","valueRequired":true,"valueName":"search_term_string"}}],"inLanguage":"es"}]}},"_links":{"self":[{"href":"https:\/\/cmeded.com\/es\/wp-json\/wp\/v2\/pages\/17972","targetHints":{"allow":["GET"]}}],"collection":[{"href":"https:\/\/cmeded.com\/es\/wp-json\/wp\/v2\/pages"}],"about":[{"href":"https:\/\/cmeded.com\/es\/wp-json\/wp\/v2\/types\/page"}],"author":[{"embeddable":true,"href":"https:\/\/cmeded.com\/es\/wp-json\/wp\/v2\/users\/35"}],"replies":[{"embeddable":true,"href":"https:\/\/cmeded.com\/es\/wp-json\/wp\/v2\/comments?post=17972"}],"version-history":[{"count":0,"href":"https:\/\/cmeded.com\/es\/wp-json\/wp\/v2\/pages\/17972\/revisions"}],"up":[{"embeddable":true,"href":"https:\/\/cmeded.com\/es\/wp-json\/wp\/v2\/pages\/17920"}],"wp:attachment":[{"href":"https:\/\/cmeded.com\/es\/wp-json\/wp\/v2\/media?parent=17972"}],"wp:term":[{"taxonomy":"post_tag","embeddable":true,"href":"https:\/\/cmeded.com\/es\/wp-json\/wp\/v2\/tags?post=17972"}],"curies":[{"name":"wp","href":"https:\/\/api.w.org\/{rel}","templated":true}]}}