{"id":17889,"date":"2015-03-10T10:09:27","date_gmt":"2015-03-10T15:09:27","guid":{"rendered":"http:\/\/cmeded.com\/?page_id=17889"},"modified":"2025-04-22T01:57:21","modified_gmt":"2025-04-22T06:57:21","slug":"treatment","status":"publish","type":"page","link":"https:\/\/cmeded.com\/es\/head-neck\/understanding-nasal-cavity-paranasal-sinus-cancer\/treatment\/","title":{"rendered":"Tratamiento"},"content":{"rendered":"<h4 class=\"section-title\">Tratamiento<\/h4>\n<p class=\"section-content\">El tratamiento de los tumores de la cavidad nasal y los senos paranasales depende de la ubicaci\u00f3n, la gravedad y el estadio del tumor. La cirug\u00eda para extirpar el tumor y el tejido circundante es el tratamiento primario ideal; sin embargo, seg\u00fan la ubicaci\u00f3n exacta y la extensi\u00f3n del tumor, los tratamientos quir\u00fargicos pueden variar.<\/p>\n<h4 class=\"section-title\" style=\"margin-top:20px;\">Cirug\u00eda<\/h4>\n<p class=\"section-content\" style=\"margin-bottom:-25px;\">La cirug\u00eda es el tratamiento principal para los tumores de la cavidad nasal y los senos paranasales. La cirug\u00eda depende de la ubicaci\u00f3n, el tama\u00f1o y la extensi\u00f3n del tumor. El m\u00e9dico puede extirpar algunos tumores mediante un endoscopio (un tubo delgado con una c\u00e1mara, luz e instrumentos quir\u00fargicos en el extremo). Otros tumores pueden requerir una cirug\u00eda m\u00e1s extensa que requiere cortar la piel y el hueso para llegar al tumor.<\/p>\n<div class=\"divider\" id=\"\">\n\t\n\t<\/div>\n<div class=\"risk-factor\">\n<div class=\"symp-pic\"><div id=\"caption\" style=\"width: 210px\" class=\"wp-caption aligncenter\"><a href=\"\/wp-content\/uploads\/sites\/4\/2015\/07\/Nasal-Cavity-Cancer-es.jpg\" title=\"Click Image to Enlarge.\"><img decoding=\"async\" aria-describedby=\"caption-caption\" src=\"\/wp-content\/uploads\/sites\/4\/2015\/07\/Nasal-Cavity-Cancer-es.jpg\" class=\"aligncenter\" alt=\"Cavidad nasal\" style=\"height:150px;\"\/><\/a><p id=\"caption-caption\" class=\"wp-caption-text\">Click Image to Enlarge.<\/p><\/div><\/div>\n<div class=\"risk-text-wrap\">\n<h5 class=\"section-title\">Cavidad nasal<\/h5>\n<p class=\"section-content\">En el caso de tumores en la cavidad nasal, el m\u00e9dico intentar\u00e1 extirpar el tumor y un margen de tejido circundante. La t\u00e9cnica quir\u00fargica puede variar seg\u00fan la ubicaci\u00f3n exacta del tumor en la cavidad nasal. Se puede acceder al tumor cortando la piel de la nariz y los huesos circundantes, o mediante una incisi\u00f3n bajo el labio superior. Si el tumor est\u00e1 muy avanzado, puede ser necesario extirpar toda la nariz.<\/p>\n<\/div>\n<div class=\"clearboth\"><\/div>\n<\/div>\n<div class=\"divider\" id=\"\">\n\t\n\t<\/div>\n<div class=\"risk-factor\">\n<div class=\"symp-pic\"><div id=\"caption\" style=\"width: 210px\" class=\"wp-caption aligncenter\"><a href=\"\/wp-content\/uploads\/sites\/4\/2015\/07\/Maxillary-Sinus-Cancer-es.jpg\" title=\"Click Image to Enlarge.\"><img decoding=\"async\" aria-describedby=\"caption-caption\" src=\"\/wp-content\/uploads\/sites\/4\/2015\/07\/Maxillary-Sinus-Cancer-es.jpg\" class=\"aligncenter\" alt=\"Senos maxilares\" style=\"height:150px;\"\/><\/a><p id=\"caption-caption\" class=\"wp-caption-text\">Click Image to Enlarge.<\/p><\/div><\/div>\n<div class=\"risk-text-wrap\">\n<h5 class=\"section-title\">Senos maxilares<\/h5>\n<p class=\"section-content\">Para los tumores en los senos maxilares, el tratamiento principal es una maxilectom\u00eda. En este procedimiento, se puede realizar una incisi\u00f3n a lo largo del lateral de la nariz, desde el ojo hasta el labio, o debajo del labio superior. El m\u00e9dico puede extirpar huesos para acceder al tumor dentro del seno. Posteriormente, extirpar\u00e1 el tumor y el tejido circundante en una sola pieza. Tambi\u00e9n puede extirpar parte de la cuenca del ojo, parte del paladar, algunos dientes superiores, el p\u00f3mulo y parte de la nariz.<\/p>\n<\/div>\n<div class=\"clearboth\"><\/div>\n<\/div>\n<div class=\"divider\" id=\"\">\n\t\n\t<\/div>\n<div class=\"risk-factor\">\n<div class=\"symp-pic\"><div id=\"caption\" style=\"width: 210px\" class=\"wp-caption aligncenter\"><a href=\"\/wp-content\/uploads\/sites\/4\/2015\/07\/Ethmoid-Sinus-Cancer-es.jpg\" title=\"Click Image to Enlarge.\"><img decoding=\"async\" aria-describedby=\"caption-caption\" src=\"\/wp-content\/uploads\/sites\/4\/2015\/07\/Ethmoid-Sinus-Cancer-es.jpg\" class=\"aligncenter\" alt=\"Senos etmoidales, esfenoides y frontales\" style=\"height:150px;\"\/><\/a><p id=\"caption-caption\" class=\"wp-caption-text\">Click Image to Enlarge.<\/p><\/div><\/div>\n<div class=\"risk-text-wrap\">\n<h5 class=\"section-title\">Senos etmoidales, esfenoides y frontales<\/h5>\n<p class=\"section-content\">Para los tumores en estas zonas, el m\u00e9dico podr\u00eda recomendar un procedimiento quir\u00fargico llamado resecci\u00f3n craneofacial. Este procedimiento es b\u00e1sicamente igual a una maxilectom\u00eda, pero incluye la extirpaci\u00f3n de la parte superior de la cuenca del ojo y la base del cr\u00e1neo.<\/p>\n<\/div>\n<div class=\"clearboth\"><\/div>\n<\/div>\n<div class=\"divider\" id=\"\">\n\t\n\t<\/div>\n<h4 class=\"section-title\">Otros tratamientos<\/h4>\n<p class=\"section-content\" style=\"margin-bottom:-25px;\">El m\u00e9dico tambi\u00e9n puede recomendar cualquiera de los siguientes tratamientos:<\/p>\n<div class=\"divider\" id=\"\">\n\t\n\t<\/div>\n<div class=\"risk-factor\">\n<div class=\"symp-pic\"><img decoding=\"async\" src=\"\/wp-content\/uploads\/2013\/03\/RadiationRisk.jpg\" class=\"aligncenter\" alt=\"Radioterapia\" style=\"height:165px;\"\/><\/div>\n<div class=\"risk-text-wrap\">\n<h5 class=\"section-title\">Radioterapia<\/h5>\n<p class=\"section-content\">La radioterapia utiliza ondas de rayos de alta energ\u00eda producidas por una m\u00e1quina para destruir las c\u00e9lulas cancerosas. La radioterapia puede ser el tratamiento principal para algunos tumores peque\u00f1os. Tambi\u00e9n puede utilizarse como tratamiento paliativo en pacientes con c\u00e1ncer avanzado para aliviar los s\u00edntomas. Por lo general, la radioterapia se administra antes o despu\u00e9s de la cirug\u00eda para reducir el tama\u00f1o del tumor o el riesgo de recurrencia. Los pacientes con c\u00e1ncer de cabeza y cuello deben consultar con un dentista oncol\u00f3gico antes de este tratamiento, ya que la radiaci\u00f3n puede causar caries y otros efectos secundarios cuando se administra en la regi\u00f3n de la cabeza y el cuello.<\/p>\n<\/div>\n<div class=\"clearboth\"><\/div>\n<\/div>\n<div class=\"divider\" id=\"\">\n\t\n\t<\/div>\n<div class=\"risk-factor\">\n<div class=\"symp-pic\"><div id=\"stage\" style=\"width: 160px\" class=\"wp-caption alignnone\"><a href=\"\/wp-content\/uploads\/2013\/02\/Proton-Therapy-PSF.jpg\" title=\"Go to enlarged image.\"><img decoding=\"async\" aria-describedby=\"caption-stage\" src=\"\/wp-content\/uploads\/2013\/02\/Proton.jpg\" class=\"aligncenter\" alt=\"Radioterapia con haces de protones\" style=\"max-height:150px;\"\/><\/a><p id=\"caption-stage\" class=\"wp-caption-text\">Click Image to Enlarge.<\/p><\/div><\/div>\n<div class=\"risk-text-wrap\">\n<h5 class=\"section-title\">Radioterapia con haces de protones<\/h5>\n<p class=\"section-content\">La terapia de protones es un tipo avanzado de radioterapia que utiliza protones en lugar de fotones de rayos X para administrar radiaci\u00f3n al tumor. En la radioterapia convencional, los haces de fotones pueden depositar radiaci\u00f3n y da\u00f1ar las c\u00e9lulas sanas al atravesar el cuerpo. La terapia de protones deposita la mayor parte de la radiaci\u00f3n directamente en el sitio del tumor, lo que resulta en un menor da\u00f1o al tejido sano y menos efectos secundarios.<\/p>\n<ul class=\"about-content\">\n<li>Consulte <a href=\"\/es\/cancer-explained\/proton-therapy\/\" style=\"color:#336699;text-decoration:underline;\">Terapia de protones<\/a> para obtener m\u00e1s informaci\u00f3n.<\/li>\n<\/ul>\n<\/div>\n<div class=\"clearboth\"><\/div>\n<\/div>\n<div class=\"divider\" id=\"\">\n\t\n\t<\/div>\n<div class=\"risk-factor\">\n<div class=\"symp-pic\"><img decoding=\"async\" src=\"\/wp-content\/uploads\/2013\/10\/New60sChemo-178x175.png\" class=\"aligncenter\" alt=\"Quimioterapia\" style=\"height:150px;\"\/><\/div>\n<div class=\"risk-text-wrap\">\n<h5 class=\"section-title\">Quimioterapia<\/h5>\n<p class=\"section-content\">La quimioterapia consiste en el uso de medicamentos dirigidos a las c\u00e9lulas de r\u00e1pido crecimiento con el fin de destruir las c\u00e9lulas cancerosas. La quimioterapia puede administrarse antes o despu\u00e9s de la cirug\u00eda para reducir el tama\u00f1o del tumor o la probabilidad de recurrencia. La quimioterapia tambi\u00e9n puede ser el tratamiento principal en pacientes con c\u00e1ncer que ha metastatizado, con el fin de reducir el tama\u00f1o del tumor y aliviar los s\u00edntomas. En estos casos, la quimioterapia suele combinarse con radioterapia.<\/p>\n<\/div>\n<div class=\"clearboth\"><\/div>\n<\/div>\n<div class=\"divider\" id=\"\">\n\t\n\t<\/div>\n<div class=\"risk-factor\">\n<div class=\"risk-text-wrap\">\n<h5 class=\"section-title\">Immunotherapy<\/h5>\n<p class=\"section-content\">La inmunoterapia utiliza medicamentos para ayudar al sistema inmunitario a reconocer y destruir las c\u00e9lulas cancerosas con mayor eficacia. Generalmente, se dirige a prote\u00ednas espec\u00edficas del sistema inmunitario para reforzar su capacidad de combatir el c\u00e1ncer. Presenta efectos secundarios diferentes (a veces menos graves) que la quimioterapia. La inmunoterapia se utiliza para tratar muchos tipos de c\u00e1ncer, pero no se ha estudiado en profundidad para el tratamiento de la mayor\u00eda de los c\u00e1nceres de cavidad nasal y de senos paranasales debido a su rareza.<\/p>\n<\/div>\n<div class=\"clearboth\"><\/div>\n<\/div>\n<div class=\"divider\" id=\"\">\n\t\n\t<\/div>\n<div class=\"risk-factor\">\n<div class=\"symp-pic\" >\n<div style='width: 100%; height: 100%; display: flex; flex-wrap: wrap; justify-content: center; align-items: center'>\n<img decoding=\"async\" src=\"\/wp-content\/uploads\/2019\/01\/Screen-Shot-2019-01-04-at-1.05.20-PM.png\" alt=\"Clinical Trials\" style=\"height:145px;\"><br \/>\n<img decoding=\"async\" src=\"\/wp-content\/uploads\/2013\/04\/Microscope-1651.jpg\" alt=\"Clinical Trials\" style=\"height:130px;\">\n<\/div>\n<\/div>\n<h5 class=\"section-title\">Estudios cl\u00ednicos<\/h5>\n<p class=\"section-content\">Los ensayos cl\u00ednicos permiten a los pacientes probar un nuevo tratamiento antes de que est\u00e9 disponible para el p\u00fablico general. En algunos casos, puede tratarse de un f\u00e1rmaco nuevo que no se ha utilizado antes en humanos, o de un f\u00e1rmaco o una combinaci\u00f3n de f\u00e1rmacos que no se utiliza actualmente para ese tipo espec\u00edfico de c\u00e1ncer. Los ensayos cl\u00ednicos en fase inicial suelen utilizarse para evaluar los efectos secundarios de un f\u00e1rmaco o una combinaci\u00f3n de f\u00e1rmacos, mientras que los ensayos cl\u00ednicos en fase posterior se utilizan para determinar la eficacia de un nuevo tratamiento para un tipo espec\u00edfico de c\u00e1ncer. Los ensayos cl\u00ednicos permiten a los m\u00e9dicos e investigadores mejorar el tratamiento del c\u00e1ncer con terapias posiblemente m\u00e1s eficaces. Un ensayo cl\u00ednico puede tratarse de un f\u00e1rmaco nuevo e innovador o puede ser ineficaz. Es importante hablar con su m\u00e9dico sobre las ventajas y desventajas de los ensayos cl\u00ednicos para su situaci\u00f3n particular.<\/p>\n<\/div>\n<div class=\"clearboth\"><\/div>\n<\/div>\n","protected":false},"excerpt":{"rendered":"<p>Tratamiento El tratamiento de los tumores de la cavidad nasal y los senos paranasales depende de la ubicaci\u00f3n, la gravedad y el estadio del tumor. La cirug\u00eda para extirpar el tumor y el tejido circundante es el tratamiento primario ideal; sin embargo, seg\u00fan la ubicaci\u00f3n exacta y la extensi\u00f3n del tumor, los tratamientos quir\u00fargicos pueden [&hellip;]<\/p>\n","protected":false},"author":35,"featured_media":0,"parent":17860,"menu_order":6,"comment_status":"closed","ping_status":"open","template":"template-tumor.php","meta":{"footnotes":""},"tags":[10],"class_list":["post-17889","page","type-page","status-publish","hentry","tag-members-only"],"yoast_head":"<!-- This site is optimized with the Yoast SEO plugin v25.0 - https:\/\/yoast.com\/wordpress\/plugins\/seo\/ -->\n<title>CMedEd | Informaci\u00f3n para comprender el c\u00e1ncer en la cavidad nasal y los senos paranasales | Tratamiento<\/title>\n<meta name=\"description\" content=\"Tratamiento El tratamiento de los tumores de la cavidad nasal y los senos paranasales depende de la ubicaci\u00f3n, la gravedad y el estadio del tumor. La\" \/>\n<meta name=\"robots\" content=\"index, follow, max-snippet:-1, max-image-preview:large, max-video-preview:-1\" \/>\n<link rel=\"canonical\" href=\"https:\/\/cmeded.com\/es\/head-neck\/understanding-nasal-cavity-paranasal-sinus-cancer\/treatment\/\" \/>\n<meta property=\"og:locale\" content=\"es_ES\" \/>\n<meta property=\"og:type\" content=\"article\" \/>\n<meta property=\"og:title\" content=\"CMedEd | Informaci\u00f3n para comprender el c\u00e1ncer en la cavidad nasal y los senos paranasales | Tratamiento\" \/>\n<meta property=\"og:description\" content=\"Tratamiento El tratamiento de los tumores de la cavidad nasal y los senos paranasales depende de la ubicaci\u00f3n, la gravedad y el estadio del tumor. La\" \/>\n<meta property=\"og:url\" content=\"https:\/\/cmeded.com\/es\/head-neck\/understanding-nasal-cavity-paranasal-sinus-cancer\/treatment\/\" \/>\n<meta property=\"og:site_name\" content=\"CMedEd\" \/>\n<meta property=\"article:modified_time\" content=\"2025-04-22T06:57:21+00:00\" \/>\n<meta name=\"twitter:card\" content=\"summary_large_image\" \/>\n<meta name=\"twitter:label1\" content=\"Tiempo de lectura\" \/>\n\t<meta name=\"twitter:data1\" content=\"6 minutos\" \/>\n<script type=\"application\/ld+json\" class=\"yoast-schema-graph\">{\"@context\":\"https:\/\/schema.org\",\"@graph\":[{\"@type\":\"WebPage\",\"@id\":\"https:\/\/cmeded.com\/es\/head-neck\/understanding-nasal-cavity-paranasal-sinus-cancer\/treatment\/\",\"url\":\"https:\/\/cmeded.com\/es\/head-neck\/understanding-nasal-cavity-paranasal-sinus-cancer\/treatment\/\",\"name\":\"CMedEd | Informaci\u00f3n para comprender el c\u00e1ncer en la cavidad nasal y los senos paranasales | Tratamiento\",\"isPartOf\":{\"@id\":\"https:\/\/cmeded.com\/es\/#website\"},\"datePublished\":\"2015-03-10T15:09:27+00:00\",\"dateModified\":\"2025-04-22T06:57:21+00:00\",\"description\":\"Tratamiento El tratamiento de los tumores de la cavidad nasal y los senos paranasales depende de la ubicaci\u00f3n, la gravedad y el estadio del tumor. La\",\"breadcrumb\":{\"@id\":\"https:\/\/cmeded.com\/es\/head-neck\/understanding-nasal-cavity-paranasal-sinus-cancer\/treatment\/#breadcrumb\"},\"inLanguage\":\"es\",\"potentialAction\":[{\"@type\":\"ReadAction\",\"target\":[\"https:\/\/cmeded.com\/es\/head-neck\/understanding-nasal-cavity-paranasal-sinus-cancer\/treatment\/\"]}]},{\"@type\":\"BreadcrumbList\",\"@id\":\"https:\/\/cmeded.com\/es\/head-neck\/understanding-nasal-cavity-paranasal-sinus-cancer\/treatment\/#breadcrumb\",\"itemListElement\":[{\"@type\":\"ListItem\",\"position\":1,\"name\":\"Home\",\"item\":\"https:\/\/cmeded.com\/es\/\"},{\"@type\":\"ListItem\",\"position\":2,\"name\":\"Cabeza y cuello\",\"item\":\"https:\/\/cmeded.com\/es\/head-neck\/\"},{\"@type\":\"ListItem\",\"position\":3,\"name\":\"Informaci\u00f3n para comprender el c\u00e1ncer en la cavidad nasal y los senos paranasales\",\"item\":\"https:\/\/cmeded.com\/es\/head-neck\/understanding-nasal-cavity-paranasal-sinus-cancer\/\"},{\"@type\":\"ListItem\",\"position\":4,\"name\":\"Tratamiento\"}]},{\"@type\":\"WebSite\",\"@id\":\"https:\/\/cmeded.com\/es\/#website\",\"url\":\"https:\/\/cmeded.com\/es\/\",\"name\":\"CMedEd\",\"description\":\"Recurso principal de informaci\u00f3n sobre el c\u00e1ncer\",\"potentialAction\":[{\"@type\":\"SearchAction\",\"target\":{\"@type\":\"EntryPoint\",\"urlTemplate\":\"https:\/\/cmeded.com\/es\/?s={search_term_string}\"},\"query-input\":{\"@type\":\"PropertyValueSpecification\",\"valueRequired\":true,\"valueName\":\"search_term_string\"}}],\"inLanguage\":\"es\"}]}<\/script>\n<!-- \/ Yoast SEO plugin. -->","yoast_head_json":{"title":"CMedEd | Informaci\u00f3n para comprender el c\u00e1ncer en la cavidad nasal y los senos paranasales | Tratamiento","description":"Tratamiento El tratamiento de los tumores de la cavidad nasal y los senos paranasales depende de la ubicaci\u00f3n, la gravedad y el estadio del tumor. La","robots":{"index":"index","follow":"follow","max-snippet":"max-snippet:-1","max-image-preview":"max-image-preview:large","max-video-preview":"max-video-preview:-1"},"canonical":"https:\/\/cmeded.com\/es\/head-neck\/understanding-nasal-cavity-paranasal-sinus-cancer\/treatment\/","og_locale":"es_ES","og_type":"article","og_title":"CMedEd | Informaci\u00f3n para comprender el c\u00e1ncer en la cavidad nasal y los senos paranasales | Tratamiento","og_description":"Tratamiento El tratamiento de los tumores de la cavidad nasal y los senos paranasales depende de la ubicaci\u00f3n, la gravedad y el estadio del tumor. La","og_url":"https:\/\/cmeded.com\/es\/head-neck\/understanding-nasal-cavity-paranasal-sinus-cancer\/treatment\/","og_site_name":"CMedEd","article_modified_time":"2025-04-22T06:57:21+00:00","twitter_card":"summary_large_image","twitter_misc":{"Tiempo de lectura":"6 minutos"},"schema":{"@context":"https:\/\/schema.org","@graph":[{"@type":"WebPage","@id":"https:\/\/cmeded.com\/es\/head-neck\/understanding-nasal-cavity-paranasal-sinus-cancer\/treatment\/","url":"https:\/\/cmeded.com\/es\/head-neck\/understanding-nasal-cavity-paranasal-sinus-cancer\/treatment\/","name":"CMedEd | Informaci\u00f3n para comprender el c\u00e1ncer en la cavidad nasal y los senos paranasales | Tratamiento","isPartOf":{"@id":"https:\/\/cmeded.com\/es\/#website"},"datePublished":"2015-03-10T15:09:27+00:00","dateModified":"2025-04-22T06:57:21+00:00","description":"Tratamiento El tratamiento de los tumores de la cavidad nasal y los senos paranasales depende de la ubicaci\u00f3n, la gravedad y el estadio del tumor. La","breadcrumb":{"@id":"https:\/\/cmeded.com\/es\/head-neck\/understanding-nasal-cavity-paranasal-sinus-cancer\/treatment\/#breadcrumb"},"inLanguage":"es","potentialAction":[{"@type":"ReadAction","target":["https:\/\/cmeded.com\/es\/head-neck\/understanding-nasal-cavity-paranasal-sinus-cancer\/treatment\/"]}]},{"@type":"BreadcrumbList","@id":"https:\/\/cmeded.com\/es\/head-neck\/understanding-nasal-cavity-paranasal-sinus-cancer\/treatment\/#breadcrumb","itemListElement":[{"@type":"ListItem","position":1,"name":"Home","item":"https:\/\/cmeded.com\/es\/"},{"@type":"ListItem","position":2,"name":"Cabeza y cuello","item":"https:\/\/cmeded.com\/es\/head-neck\/"},{"@type":"ListItem","position":3,"name":"Informaci\u00f3n para comprender el c\u00e1ncer en la cavidad nasal y los senos paranasales","item":"https:\/\/cmeded.com\/es\/head-neck\/understanding-nasal-cavity-paranasal-sinus-cancer\/"},{"@type":"ListItem","position":4,"name":"Tratamiento"}]},{"@type":"WebSite","@id":"https:\/\/cmeded.com\/es\/#website","url":"https:\/\/cmeded.com\/es\/","name":"CMedEd","description":"Recurso principal de informaci\u00f3n sobre el c\u00e1ncer","potentialAction":[{"@type":"SearchAction","target":{"@type":"EntryPoint","urlTemplate":"https:\/\/cmeded.com\/es\/?s={search_term_string}"},"query-input":{"@type":"PropertyValueSpecification","valueRequired":true,"valueName":"search_term_string"}}],"inLanguage":"es"}]}},"_links":{"self":[{"href":"https:\/\/cmeded.com\/es\/wp-json\/wp\/v2\/pages\/17889","targetHints":{"allow":["GET"]}}],"collection":[{"href":"https:\/\/cmeded.com\/es\/wp-json\/wp\/v2\/pages"}],"about":[{"href":"https:\/\/cmeded.com\/es\/wp-json\/wp\/v2\/types\/page"}],"author":[{"embeddable":true,"href":"https:\/\/cmeded.com\/es\/wp-json\/wp\/v2\/users\/35"}],"replies":[{"embeddable":true,"href":"https:\/\/cmeded.com\/es\/wp-json\/wp\/v2\/comments?post=17889"}],"version-history":[{"count":0,"href":"https:\/\/cmeded.com\/es\/wp-json\/wp\/v2\/pages\/17889\/revisions"}],"up":[{"embeddable":true,"href":"https:\/\/cmeded.com\/es\/wp-json\/wp\/v2\/pages\/17860"}],"wp:attachment":[{"href":"https:\/\/cmeded.com\/es\/wp-json\/wp\/v2\/media?parent=17889"}],"wp:term":[{"taxonomy":"post_tag","embeddable":true,"href":"https:\/\/cmeded.com\/es\/wp-json\/wp\/v2\/tags?post=17889"}],"curies":[{"name":"wp","href":"https:\/\/api.w.org\/{rel}","templated":true}]}}