{"id":17798,"date":"2015-02-04T17:12:26","date_gmt":"2015-02-04T23:12:26","guid":{"rendered":"http:\/\/cmeded.com\/?page_id=17798"},"modified":"2023-08-24T18:47:40","modified_gmt":"2023-08-24T23:47:40","slug":"treatment","status":"publish","type":"page","link":"https:\/\/cmeded.com\/es\/chronic-disease\/understanding-hepatitis-b-c\/treatment\/","title":{"rendered":"Tratamiento"},"content":{"rendered":"<h4 class=\"section-title\">Tratamiento<\/h4>\n<p class=\"section-content\">El tratamiento de la hepatitis viral var\u00eda, dependiendo de si la infecci\u00f3n es aguda o cr\u00f3nica.  En muchos casos, el sistema inmunitario puede combatir el virus y eliminar la enfermedad por s\u00ed mismo.<\/p>\n<p><div class=\"space\" style=\"clear:both; height:20px;\"><\/div><br \/>\n<div class=\"one_half\"><br \/>\n<div id=\"caption\" style=\"width: 195px\" class=\"wp-caption aligncenter\"><a href=\"\/wp-content\/uploads\/sites\/4\/2015\/07\/Hepatitis-vrs-Immune-System3-es.jpg\" title=\"Click Image to Enlarge.\"><img decoding=\"async\" aria-describedby=\"caption-caption\" src=\"\/wp-content\/uploads\/sites\/4\/2015\/07\/Hepatitis-vrs-Immune-System3-es.jpg\" class=\"aligncenter ovr-pic\" alt=\"Modo en el que el organismo combate el virus\"\/><\/a><p id=\"caption-caption\" class=\"wp-caption-text\">Click Image to Enlarge.<\/p><\/div><br \/><\/div><br \/>\n<div class=\"one_half last\"><\/p>\n<h5 class=\"section-title\">Modo en el que el organismo combate el virus:<\/h5>\n<p class=\"section-content\">El sistema inmunitario combate las infecciones (incluso las infecciones virales) de diversas maneras.  Una de las principales defensas del cuerpo consiste en producir anticuerpos, que atacan solamente al virus espec\u00edfico que est\u00e1 presente en el organismo:<\/p>\n<p><\/div><div class=\"clearboth\"><\/div><br \/>\n<div class=\"divider\" id=\"\">\n\t\n\t<\/div><\/p>\n<div class=\"risk-factor\">\n<div class=\"symp-pic\"><img decoding=\"async\" src=\"\/wp-content\/uploads\/2021\/06\/white_doctor_giving_black_man_physical.jpg\" class=\"aligncenter\" alt=\"m\u00e9dico y paciente\" style=\"height:150px;\"\/><\/div>\n<div class=\"risk-text-wrap\">\n<h5 class=\"section-title\">Hepatitis aguda<\/h5>\n<p class=\"section-content\">Para tratar la hepatitis aguda, los m\u00e9dicos generalmente recomiendan dormir una cantidad adecuada de horas, as\u00ed como consumir una cantidad adecuada de l\u00edquidos y alimentos, para que el organismo combata el virus por s\u00ed mismo.  El m\u00e9dico tambi\u00e9n puede recomendarle que reciba asistencia complementaria para aliviar los s\u00edntomas, como las n\u00e1useas, los v\u00f3mitos y el dolor abdominal.  La asistencia complementaria consiste en el tratamiento para aliviar los s\u00edntomas, reducir los efectos secundarios y mejorar la calidad de vida.  El paciente tambi\u00e9n debe evitar el consumo de alcohol y medicamentos como el paracetamol, que pueden da\u00f1ar el h\u00edgado.  En ocasiones, es posible que los pacientes con s\u00edntomas graves deban ser hospitalizados para recibir l\u00edquidos por v\u00eda intravenosa que prevengan la deshidrataci\u00f3n.  La hepatitis B aguda se elimina por s\u00ed misma en alrededor del 90 % de pacientes adultos inmunocompetentes.  La hepatitis C aguda se elimina por s\u00ed misma en alrededor del 25 % de las personas, pero la mayor\u00eda padece infecciones cr\u00f3nicas.<\/p>\n<\/div>\n<div class=\"clearboth\"><\/div>\n<\/div>\n<div class=\"divider\" id=\"\">\n\t\n\t<\/div>\n<div class=\"risk-factor\">\n<div class=\"symp-pic\"><img decoding=\"async\" src=\"\/wp-content\/uploads\/2013\/04\/Prescriptions-150.jpg\" class=\"aligncenter\" alt=\"prescripci\u00f3n\" style=\"max-height:150px;\"\/><\/div>\n<div class=\"risk-text-wrap\">\n<h5 class=\"section-title\">Hepatitis cr\u00f3nica<\/h5>\n<p class=\"section-content\">Para tratar las hepatitis B y C cr\u00f3nicas, los m\u00e9dicos generalmente recomiendan medicamentos antivirales para erradicar el virus.  Estos normalmente incluyen tratamientos antivirales de acci\u00f3n directa.  Estos medicamentos tambi\u00e9n ayudan a prevenir o retrasar el da\u00f1o hep\u00e1tico. Los pacientes que tienen hepatitis viral cr\u00f3nica deben ser controlados regularmente para detectar un posible da\u00f1o hep\u00e1tico y deben evitar el consumo de alcohol, cigarrillos, medicamentos y suplementos que puedan da\u00f1ar el h\u00edgado.  Hable con el m\u00e9dico, ya que el tratamiento de la hepatitis cr\u00f3nica depende de varios factores.  El tratamiento antiviral de una infecci\u00f3n cr\u00f3nica por el virus de la hepatitis B tiene como prop\u00f3sito lograr la supresi\u00f3n viral, ya que el virus no puede erradicarse.  No obstante, existen en el presente tratamientos y combinaciones antivirales de acci\u00f3n directa por v\u00eda oral para la infecci\u00f3n cr\u00f3nica por el virus de la hepatitis C que presentan tasas altas de curaci\u00f3n (m\u00e1s del 90 %) y muy pocos efectos secundarios.<\/p>\n<\/div>\n<div class=\"clearboth\"><\/div>\n<\/div>\n","protected":false},"excerpt":{"rendered":"<p>Tratamiento El tratamiento de la hepatitis viral var\u00eda, dependiendo de si la infecci\u00f3n es aguda o cr\u00f3nica. En muchos casos, el sistema inmunitario puede combatir el virus y eliminar la enfermedad por s\u00ed mismo. Hepatitis aguda Para tratar la hepatitis aguda, los m\u00e9dicos generalmente recomiendan dormir una cantidad adecuada de horas, as\u00ed como consumir una [&hellip;]<\/p>\n","protected":false},"author":5,"featured_media":0,"parent":17771,"menu_order":7,"comment_status":"closed","ping_status":"open","template":"template-tumor.php","meta":{"footnotes":""},"tags":[10],"class_list":["post-17798","page","type-page","status-publish","hentry","tag-members-only"],"yoast_head":"<!-- This site is optimized with the Yoast SEO plugin v25.0 - https:\/\/yoast.com\/wordpress\/plugins\/seo\/ -->\n<title>CMedEd | Informaci\u00f3n para comprender la hepatitis viral | Tratamiento<\/title>\n<meta name=\"description\" content=\"Tratamiento El tratamiento de la hepatitis viral var\u00eda, dependiendo de si la infecci\u00f3n es aguda o cr\u00f3nica. En muchos casos, el sistema inmunitario puede\" \/>\n<meta name=\"robots\" content=\"index, follow, max-snippet:-1, max-image-preview:large, max-video-preview:-1\" \/>\n<link rel=\"canonical\" href=\"https:\/\/cmeded.com\/es\/chronic-disease\/understanding-hepatitis-b-c\/treatment\/\" \/>\n<meta property=\"og:locale\" content=\"es_ES\" \/>\n<meta property=\"og:type\" content=\"article\" \/>\n<meta property=\"og:title\" content=\"CMedEd | Informaci\u00f3n para comprender la hepatitis viral | Tratamiento\" \/>\n<meta property=\"og:description\" content=\"Tratamiento El tratamiento de la hepatitis viral var\u00eda, dependiendo de si la infecci\u00f3n es aguda o cr\u00f3nica. En muchos casos, el sistema inmunitario puede\" \/>\n<meta property=\"og:url\" content=\"https:\/\/cmeded.com\/es\/chronic-disease\/understanding-hepatitis-b-c\/treatment\/\" \/>\n<meta property=\"og:site_name\" content=\"CMedEd\" \/>\n<meta property=\"article:modified_time\" content=\"2023-08-24T23:47:40+00:00\" \/>\n<meta name=\"twitter:card\" content=\"summary_large_image\" \/>\n<meta name=\"twitter:label1\" content=\"Tiempo de lectura\" \/>\n\t<meta name=\"twitter:data1\" content=\"2 minutos\" \/>\n<script type=\"application\/ld+json\" class=\"yoast-schema-graph\">{\"@context\":\"https:\/\/schema.org\",\"@graph\":[{\"@type\":\"WebPage\",\"@id\":\"https:\/\/cmeded.com\/es\/chronic-disease\/understanding-hepatitis-b-c\/treatment\/\",\"url\":\"https:\/\/cmeded.com\/es\/chronic-disease\/understanding-hepatitis-b-c\/treatment\/\",\"name\":\"CMedEd | Informaci\u00f3n para comprender la hepatitis viral | Tratamiento\",\"isPartOf\":{\"@id\":\"https:\/\/cmeded.com\/es\/#website\"},\"datePublished\":\"2015-02-04T23:12:26+00:00\",\"dateModified\":\"2023-08-24T23:47:40+00:00\",\"description\":\"Tratamiento El tratamiento de la hepatitis viral var\u00eda, dependiendo de si la infecci\u00f3n es aguda o cr\u00f3nica. En muchos casos, el sistema inmunitario puede\",\"breadcrumb\":{\"@id\":\"https:\/\/cmeded.com\/es\/chronic-disease\/understanding-hepatitis-b-c\/treatment\/#breadcrumb\"},\"inLanguage\":\"es\",\"potentialAction\":[{\"@type\":\"ReadAction\",\"target\":[\"https:\/\/cmeded.com\/es\/chronic-disease\/understanding-hepatitis-b-c\/treatment\/\"]}]},{\"@type\":\"BreadcrumbList\",\"@id\":\"https:\/\/cmeded.com\/es\/chronic-disease\/understanding-hepatitis-b-c\/treatment\/#breadcrumb\",\"itemListElement\":[{\"@type\":\"ListItem\",\"position\":1,\"name\":\"Home\",\"item\":\"https:\/\/cmeded.com\/es\/\"},{\"@type\":\"ListItem\",\"position\":2,\"name\":\"Enfermedades cr\u00f3nicas\",\"item\":\"https:\/\/cmeded.com\/es\/chronic-disease\/\"},{\"@type\":\"ListItem\",\"position\":3,\"name\":\"Informaci\u00f3n para comprender la hepatitis viral\",\"item\":\"https:\/\/cmeded.com\/es\/chronic-disease\/understanding-hepatitis-b-c\/\"},{\"@type\":\"ListItem\",\"position\":4,\"name\":\"Tratamiento\"}]},{\"@type\":\"WebSite\",\"@id\":\"https:\/\/cmeded.com\/es\/#website\",\"url\":\"https:\/\/cmeded.com\/es\/\",\"name\":\"CMedEd\",\"description\":\"Recurso principal de informaci\u00f3n sobre el c\u00e1ncer\",\"potentialAction\":[{\"@type\":\"SearchAction\",\"target\":{\"@type\":\"EntryPoint\",\"urlTemplate\":\"https:\/\/cmeded.com\/es\/?s={search_term_string}\"},\"query-input\":{\"@type\":\"PropertyValueSpecification\",\"valueRequired\":true,\"valueName\":\"search_term_string\"}}],\"inLanguage\":\"es\"}]}<\/script>\n<!-- \/ Yoast SEO plugin. -->","yoast_head_json":{"title":"CMedEd | Informaci\u00f3n para comprender la hepatitis viral | Tratamiento","description":"Tratamiento El tratamiento de la hepatitis viral var\u00eda, dependiendo de si la infecci\u00f3n es aguda o cr\u00f3nica. En muchos casos, el sistema inmunitario puede","robots":{"index":"index","follow":"follow","max-snippet":"max-snippet:-1","max-image-preview":"max-image-preview:large","max-video-preview":"max-video-preview:-1"},"canonical":"https:\/\/cmeded.com\/es\/chronic-disease\/understanding-hepatitis-b-c\/treatment\/","og_locale":"es_ES","og_type":"article","og_title":"CMedEd | Informaci\u00f3n para comprender la hepatitis viral | Tratamiento","og_description":"Tratamiento El tratamiento de la hepatitis viral var\u00eda, dependiendo de si la infecci\u00f3n es aguda o cr\u00f3nica. En muchos casos, el sistema inmunitario puede","og_url":"https:\/\/cmeded.com\/es\/chronic-disease\/understanding-hepatitis-b-c\/treatment\/","og_site_name":"CMedEd","article_modified_time":"2023-08-24T23:47:40+00:00","twitter_card":"summary_large_image","twitter_misc":{"Tiempo de lectura":"2 minutos"},"schema":{"@context":"https:\/\/schema.org","@graph":[{"@type":"WebPage","@id":"https:\/\/cmeded.com\/es\/chronic-disease\/understanding-hepatitis-b-c\/treatment\/","url":"https:\/\/cmeded.com\/es\/chronic-disease\/understanding-hepatitis-b-c\/treatment\/","name":"CMedEd | Informaci\u00f3n para comprender la hepatitis viral | Tratamiento","isPartOf":{"@id":"https:\/\/cmeded.com\/es\/#website"},"datePublished":"2015-02-04T23:12:26+00:00","dateModified":"2023-08-24T23:47:40+00:00","description":"Tratamiento El tratamiento de la hepatitis viral var\u00eda, dependiendo de si la infecci\u00f3n es aguda o cr\u00f3nica. En muchos casos, el sistema inmunitario puede","breadcrumb":{"@id":"https:\/\/cmeded.com\/es\/chronic-disease\/understanding-hepatitis-b-c\/treatment\/#breadcrumb"},"inLanguage":"es","potentialAction":[{"@type":"ReadAction","target":["https:\/\/cmeded.com\/es\/chronic-disease\/understanding-hepatitis-b-c\/treatment\/"]}]},{"@type":"BreadcrumbList","@id":"https:\/\/cmeded.com\/es\/chronic-disease\/understanding-hepatitis-b-c\/treatment\/#breadcrumb","itemListElement":[{"@type":"ListItem","position":1,"name":"Home","item":"https:\/\/cmeded.com\/es\/"},{"@type":"ListItem","position":2,"name":"Enfermedades cr\u00f3nicas","item":"https:\/\/cmeded.com\/es\/chronic-disease\/"},{"@type":"ListItem","position":3,"name":"Informaci\u00f3n para comprender la hepatitis viral","item":"https:\/\/cmeded.com\/es\/chronic-disease\/understanding-hepatitis-b-c\/"},{"@type":"ListItem","position":4,"name":"Tratamiento"}]},{"@type":"WebSite","@id":"https:\/\/cmeded.com\/es\/#website","url":"https:\/\/cmeded.com\/es\/","name":"CMedEd","description":"Recurso principal de informaci\u00f3n sobre el c\u00e1ncer","potentialAction":[{"@type":"SearchAction","target":{"@type":"EntryPoint","urlTemplate":"https:\/\/cmeded.com\/es\/?s={search_term_string}"},"query-input":{"@type":"PropertyValueSpecification","valueRequired":true,"valueName":"search_term_string"}}],"inLanguage":"es"}]}},"_links":{"self":[{"href":"https:\/\/cmeded.com\/es\/wp-json\/wp\/v2\/pages\/17798","targetHints":{"allow":["GET"]}}],"collection":[{"href":"https:\/\/cmeded.com\/es\/wp-json\/wp\/v2\/pages"}],"about":[{"href":"https:\/\/cmeded.com\/es\/wp-json\/wp\/v2\/types\/page"}],"author":[{"embeddable":true,"href":"https:\/\/cmeded.com\/es\/wp-json\/wp\/v2\/users\/5"}],"replies":[{"embeddable":true,"href":"https:\/\/cmeded.com\/es\/wp-json\/wp\/v2\/comments?post=17798"}],"version-history":[{"count":0,"href":"https:\/\/cmeded.com\/es\/wp-json\/wp\/v2\/pages\/17798\/revisions"}],"up":[{"embeddable":true,"href":"https:\/\/cmeded.com\/es\/wp-json\/wp\/v2\/pages\/17771"}],"wp:attachment":[{"href":"https:\/\/cmeded.com\/es\/wp-json\/wp\/v2\/media?parent=17798"}],"wp:term":[{"taxonomy":"post_tag","embeddable":true,"href":"https:\/\/cmeded.com\/es\/wp-json\/wp\/v2\/tags?post=17798"}],"curies":[{"name":"wp","href":"https:\/\/api.w.org\/{rel}","templated":true}]}}