{"id":17794,"date":"2015-02-04T16:47:48","date_gmt":"2015-02-04T22:47:48","guid":{"rendered":"http:\/\/cmeded.com\/?page_id=17794"},"modified":"2023-08-24T18:47:40","modified_gmt":"2023-08-24T23:47:40","slug":"after-diagnosis","status":"publish","type":"page","link":"https:\/\/cmeded.com\/es\/chronic-disease\/understanding-hepatitis-b-c\/after-diagnosis\/","title":{"rendered":"Despu\u00e9s del diagn\u00f3stico"},"content":{"rendered":"<h4 class=\"section-title\">Despu\u00e9s del diagn\u00f3stico de hepatitis B y C<\/h4>\n<div class=\"space\" style=\"clear:both; height:20px;\"><\/div>\n<h5 class=\"section-title\">Resultados indeterminados de las pruebas:<\/h5>\n<p class=\"section-content\">Si los resultados de la prueba para detectar el VHC son indeterminados, las pruebas no son concluyentes.  Esto no elimina las posibilidades de que tenga la enfermedad.  Debe someterse a ex\u00e1menes de seguimiento, seg\u00fan lo determine el m\u00e9dico.<\/p>\n<h5 class=\"section-title\">Resultados positivos de las pruebas:<\/h5>\n<p class=\"section-content\">Si los resultados de la prueba para detectar el VHC son positivos, deben tomarse medidas para prevenir el da\u00f1o futuro al h\u00edgado.  Adem\u00e1s, debe reducir el riesgo de contagiar el VHC y someterse a una evaluaci\u00f3n m\u00e9dica de la enfermedad hep\u00e1tica cr\u00f3nica y el posible tratamiento.<\/p>\n<p><div class=\"divider\" id=\"\">\n\t\n\t<\/div><br \/>\n<div class=\"one_third\"><br \/>\n<img decoding=\"async\" src=\"\/wp-content\/uploads\/2013\/03\/AvoidAlcoholTobacco.jpg\" class=\"aligncenter\" alt=\"No consuma bebidas alcoh\u00f3licas..\"\/><br \/><\/div><br \/>\n<div class=\"two_third last\"><\/p>\n<h5 class=\"section-title\">A fin de proteger el h\u00edgado de da\u00f1os mayores, deber\u00eda cumplir con lo siguiente:<\/h5>\n<ul class=\"about-content\">\n<li>No consuma bebidas alcoh\u00f3licas<\/li>\n<li>No tome medicamentos nuevos sin antes verificarlos con el m\u00e9dico (incluidos los medicamentos a base de hierbas y de venta libre)<\/li>\n<li>Reciba la vacuna contra la hepatitis A y la hepatitis B si padece enfermedad hep\u00e1tica y tiene un anticuerpo negativo<\/li>\n<\/ul>\n<p><\/div><div class=\"clearboth\"><\/div><br \/>\n<div class=\"one_third\"><br \/>\n<img decoding=\"async\" src=\"\/wp-content\/uploads\/2015\/02\/Bandaid-206x200.jpg\" class=\"aligncenter\" alt=\"Apl\u00edquese vendas sobre los cortes y llagas en la piel\"\/><br \/><\/div><br \/>\n<div class=\"two_third last\"><\/p>\n<h5 class=\"section-title\">Para reducir el riesgo de contagiar a otras personas, deber\u00eda cumplir con lo siguiente:<\/h5>\n<ul class=\"about-content\">\n<li>No done sangre, \u00f3rganos ni semen<\/li>\n<li>No comparta los elementos de cuidado personal que puedan contener sangre (afeitadoras, cepillos de dientes y artefactos en contacto con la boca)<\/li>\n<li>Apl\u00edquese vendas sobre los cortes y llagas en la piel<\/li>\n<\/ul>\n<p><\/div><div class=\"clearboth\"><\/div><br \/>\n<div class=\"one_third\"><br \/>\n<img decoding=\"async\" src=\"\/wp-content\/uploads\/2013\/05\/Impotence159x100.jpg\" class=\"aligncenter\" alt=\"relaciones sexuales\" style=\"max-width:200px;\" alt=\"relaciones sexuales\"\/><br \/><\/div><br \/>\n<div class=\"two_third last\"><\/p>\n<h5 class=\"section-title\">Si usted es una persona VHC positiva y est\u00e1 en una relaci\u00f3n sexual mon\u00f3gama, no necesariamente debe cambiar sus pr\u00e1cticas sexuales.  Deber\u00eda cumplir con lo siguiente:<\/h5>\n<ul class=\"about-content\">\n<li>Hable sobre el riesgo (menos del 5 %) con su pareja y decidan si deben usar preservativos<\/li>\n<li>Su pareja tambi\u00e9n debe someterse a pruebas para detectar la hepatitis C<\/li>\n<\/ul>\n<p><\/div><div class=\"clearboth\"><\/div><br \/>\n<div class=\"one_third\"><br \/>\n<img decoding=\"async\" src=\"\/wp-content\/uploads\/2013\/03\/Vaccine200.jpg\" class=\"aligncenter\" alt=\"drogas\"\/><br \/><\/div><br \/>\n<div class=\"two_third last\"><\/p>\n<h5 class=\"section-title\">Pr\u00e1cticas sexuales y de consumo de drogas de alto riesgo<\/h5>\n<ul class=\"about-content\">\n<li>El uso compartido de agujas constituye el mayor riesgo de contraer una infecci\u00f3n por el VHC en Estados Unidos.  Las personas que tienen varios compa\u00f1eros sexuales, posiblemente infectados, corren un riesgo mayor de contraer una infecci\u00f3n por el VHC.<\/li>\n<\/ul>\n<h5 class=\"section-title\">Si usted se inyecta drogas ilegales:<\/h5>\n<ul class=\"about-content\">\n<li>No comparta agujas<\/li>\n<li>Vac\u00fanese contra la hepatitis B y la hepatitis A si los resultados de los anticuerpos son negativos<\/li>\n<\/ul>\n<p><\/div><div class=\"clearboth\"><\/div><br \/>\n<div class=\"one_third\"><br \/>\n<img decoding=\"async\" src=\"\/wp-content\/uploads\/2013\/03\/SexualBehavior.jpg\" class=\"aligncenter\" alt=\"relaciones sexuales\"\/><br \/><\/div><br \/>\n<div class=\"two_third last\"><\/p>\n<h5 class=\"section-title\">Si corre el riesgo de contraer una enfermedad de transmisi\u00f3n sexual, debe tener en cuenta lo siguiente:<\/h5>\n<ul class=\"about-content\">\n<li>La forma m\u00e1s segura de prevenir el VIH y dem\u00e1s enfermedades de transmisi\u00f3n sexual es tener relaciones sexuales con un solo compa\u00f1ero que no est\u00e9 infectado o no tener relaciones sexuales<\/li>\n<li>Use preservativos de l\u00e1tex de manera correcta cada vez que tenga relaciones sexuales para protegerse contra las ETS<\/li>\n<li>Reciba la vacuna contra la hepatitis B<\/li>\n<\/ul>\n<p><\/div><div class=\"clearboth\"><\/div><\/p>\n<div class=\"clearboth\"><\/div>\n","protected":false},"excerpt":{"rendered":"<p>Despu\u00e9s del diagn\u00f3stico de hepatitis B y C Resultados indeterminados de las pruebas: Si los resultados de la prueba para detectar el VHC son indeterminados, las pruebas no son concluyentes. Esto no elimina las posibilidades de que tenga la enfermedad. Debe someterse a ex\u00e1menes de seguimiento, seg\u00fan lo determine el m\u00e9dico. Resultados positivos de las [&hellip;]<\/p>\n","protected":false},"author":5,"featured_media":0,"parent":17771,"menu_order":6,"comment_status":"closed","ping_status":"open","template":"template-tumor.php","meta":{"footnotes":""},"tags":[10],"class_list":["post-17794","page","type-page","status-publish","hentry","tag-members-only"],"yoast_head":"<!-- This site is optimized with the Yoast SEO plugin v25.0 - https:\/\/yoast.com\/wordpress\/plugins\/seo\/ -->\n<title>CMedEd | Informaci\u00f3n para comprender la hepatitis viral | Despu\u00e9s del diagn\u00f3stico<\/title>\n<meta name=\"description\" content=\"Despu\u00e9s del diagn\u00f3stico de hepatitis B y C Resultados indeterminados de las pruebas: Si los resultados de la prueba para detectar el VHC son\" \/>\n<meta name=\"robots\" content=\"index, follow, max-snippet:-1, max-image-preview:large, max-video-preview:-1\" \/>\n<link rel=\"canonical\" href=\"https:\/\/cmeded.com\/es\/chronic-disease\/understanding-hepatitis-b-c\/after-diagnosis\/\" \/>\n<meta property=\"og:locale\" content=\"es_ES\" \/>\n<meta property=\"og:type\" content=\"article\" \/>\n<meta property=\"og:title\" content=\"CMedEd | Informaci\u00f3n para comprender la hepatitis viral | Despu\u00e9s del diagn\u00f3stico\" \/>\n<meta property=\"og:description\" content=\"Despu\u00e9s del diagn\u00f3stico de hepatitis B y C Resultados indeterminados de las pruebas: Si los resultados de la prueba para detectar el VHC son\" \/>\n<meta property=\"og:url\" content=\"https:\/\/cmeded.com\/es\/chronic-disease\/understanding-hepatitis-b-c\/after-diagnosis\/\" \/>\n<meta property=\"og:site_name\" content=\"CMedEd\" \/>\n<meta property=\"article:modified_time\" content=\"2023-08-24T23:47:40+00:00\" \/>\n<meta name=\"twitter:card\" content=\"summary_large_image\" \/>\n<meta name=\"twitter:label1\" content=\"Tiempo de lectura\" \/>\n\t<meta name=\"twitter:data1\" content=\"3 minutos\" \/>\n<script type=\"application\/ld+json\" class=\"yoast-schema-graph\">{\"@context\":\"https:\/\/schema.org\",\"@graph\":[{\"@type\":\"WebPage\",\"@id\":\"https:\/\/cmeded.com\/es\/chronic-disease\/understanding-hepatitis-b-c\/after-diagnosis\/\",\"url\":\"https:\/\/cmeded.com\/es\/chronic-disease\/understanding-hepatitis-b-c\/after-diagnosis\/\",\"name\":\"CMedEd | Informaci\u00f3n para comprender la hepatitis viral | Despu\u00e9s del diagn\u00f3stico\",\"isPartOf\":{\"@id\":\"https:\/\/cmeded.com\/es\/#website\"},\"datePublished\":\"2015-02-04T22:47:48+00:00\",\"dateModified\":\"2023-08-24T23:47:40+00:00\",\"description\":\"Despu\u00e9s del diagn\u00f3stico de hepatitis B y C Resultados indeterminados de las pruebas: Si los resultados de la prueba para detectar el VHC son\",\"breadcrumb\":{\"@id\":\"https:\/\/cmeded.com\/es\/chronic-disease\/understanding-hepatitis-b-c\/after-diagnosis\/#breadcrumb\"},\"inLanguage\":\"es\",\"potentialAction\":[{\"@type\":\"ReadAction\",\"target\":[\"https:\/\/cmeded.com\/es\/chronic-disease\/understanding-hepatitis-b-c\/after-diagnosis\/\"]}]},{\"@type\":\"BreadcrumbList\",\"@id\":\"https:\/\/cmeded.com\/es\/chronic-disease\/understanding-hepatitis-b-c\/after-diagnosis\/#breadcrumb\",\"itemListElement\":[{\"@type\":\"ListItem\",\"position\":1,\"name\":\"Home\",\"item\":\"https:\/\/cmeded.com\/es\/\"},{\"@type\":\"ListItem\",\"position\":2,\"name\":\"Enfermedades cr\u00f3nicas\",\"item\":\"https:\/\/cmeded.com\/es\/chronic-disease\/\"},{\"@type\":\"ListItem\",\"position\":3,\"name\":\"Informaci\u00f3n para comprender la hepatitis viral\",\"item\":\"https:\/\/cmeded.com\/es\/chronic-disease\/understanding-hepatitis-b-c\/\"},{\"@type\":\"ListItem\",\"position\":4,\"name\":\"Despu\u00e9s del diagn\u00f3stico\"}]},{\"@type\":\"WebSite\",\"@id\":\"https:\/\/cmeded.com\/es\/#website\",\"url\":\"https:\/\/cmeded.com\/es\/\",\"name\":\"CMedEd\",\"description\":\"Recurso principal de informaci\u00f3n sobre el c\u00e1ncer\",\"potentialAction\":[{\"@type\":\"SearchAction\",\"target\":{\"@type\":\"EntryPoint\",\"urlTemplate\":\"https:\/\/cmeded.com\/es\/?s={search_term_string}\"},\"query-input\":{\"@type\":\"PropertyValueSpecification\",\"valueRequired\":true,\"valueName\":\"search_term_string\"}}],\"inLanguage\":\"es\"}]}<\/script>\n<!-- \/ Yoast SEO plugin. -->","yoast_head_json":{"title":"CMedEd | Informaci\u00f3n para comprender la hepatitis viral | Despu\u00e9s del diagn\u00f3stico","description":"Despu\u00e9s del diagn\u00f3stico de hepatitis B y C Resultados indeterminados de las pruebas: Si los resultados de la prueba para detectar el VHC son","robots":{"index":"index","follow":"follow","max-snippet":"max-snippet:-1","max-image-preview":"max-image-preview:large","max-video-preview":"max-video-preview:-1"},"canonical":"https:\/\/cmeded.com\/es\/chronic-disease\/understanding-hepatitis-b-c\/after-diagnosis\/","og_locale":"es_ES","og_type":"article","og_title":"CMedEd | Informaci\u00f3n para comprender la hepatitis viral | Despu\u00e9s del diagn\u00f3stico","og_description":"Despu\u00e9s del diagn\u00f3stico de hepatitis B y C Resultados indeterminados de las pruebas: Si los resultados de la prueba para detectar el VHC son","og_url":"https:\/\/cmeded.com\/es\/chronic-disease\/understanding-hepatitis-b-c\/after-diagnosis\/","og_site_name":"CMedEd","article_modified_time":"2023-08-24T23:47:40+00:00","twitter_card":"summary_large_image","twitter_misc":{"Tiempo de lectura":"3 minutos"},"schema":{"@context":"https:\/\/schema.org","@graph":[{"@type":"WebPage","@id":"https:\/\/cmeded.com\/es\/chronic-disease\/understanding-hepatitis-b-c\/after-diagnosis\/","url":"https:\/\/cmeded.com\/es\/chronic-disease\/understanding-hepatitis-b-c\/after-diagnosis\/","name":"CMedEd | Informaci\u00f3n para comprender la hepatitis viral | Despu\u00e9s del diagn\u00f3stico","isPartOf":{"@id":"https:\/\/cmeded.com\/es\/#website"},"datePublished":"2015-02-04T22:47:48+00:00","dateModified":"2023-08-24T23:47:40+00:00","description":"Despu\u00e9s del diagn\u00f3stico de hepatitis B y C Resultados indeterminados de las pruebas: Si los resultados de la prueba para detectar el VHC son","breadcrumb":{"@id":"https:\/\/cmeded.com\/es\/chronic-disease\/understanding-hepatitis-b-c\/after-diagnosis\/#breadcrumb"},"inLanguage":"es","potentialAction":[{"@type":"ReadAction","target":["https:\/\/cmeded.com\/es\/chronic-disease\/understanding-hepatitis-b-c\/after-diagnosis\/"]}]},{"@type":"BreadcrumbList","@id":"https:\/\/cmeded.com\/es\/chronic-disease\/understanding-hepatitis-b-c\/after-diagnosis\/#breadcrumb","itemListElement":[{"@type":"ListItem","position":1,"name":"Home","item":"https:\/\/cmeded.com\/es\/"},{"@type":"ListItem","position":2,"name":"Enfermedades cr\u00f3nicas","item":"https:\/\/cmeded.com\/es\/chronic-disease\/"},{"@type":"ListItem","position":3,"name":"Informaci\u00f3n para comprender la hepatitis viral","item":"https:\/\/cmeded.com\/es\/chronic-disease\/understanding-hepatitis-b-c\/"},{"@type":"ListItem","position":4,"name":"Despu\u00e9s del diagn\u00f3stico"}]},{"@type":"WebSite","@id":"https:\/\/cmeded.com\/es\/#website","url":"https:\/\/cmeded.com\/es\/","name":"CMedEd","description":"Recurso principal de informaci\u00f3n sobre el c\u00e1ncer","potentialAction":[{"@type":"SearchAction","target":{"@type":"EntryPoint","urlTemplate":"https:\/\/cmeded.com\/es\/?s={search_term_string}"},"query-input":{"@type":"PropertyValueSpecification","valueRequired":true,"valueName":"search_term_string"}}],"inLanguage":"es"}]}},"_links":{"self":[{"href":"https:\/\/cmeded.com\/es\/wp-json\/wp\/v2\/pages\/17794","targetHints":{"allow":["GET"]}}],"collection":[{"href":"https:\/\/cmeded.com\/es\/wp-json\/wp\/v2\/pages"}],"about":[{"href":"https:\/\/cmeded.com\/es\/wp-json\/wp\/v2\/types\/page"}],"author":[{"embeddable":true,"href":"https:\/\/cmeded.com\/es\/wp-json\/wp\/v2\/users\/5"}],"replies":[{"embeddable":true,"href":"https:\/\/cmeded.com\/es\/wp-json\/wp\/v2\/comments?post=17794"}],"version-history":[{"count":0,"href":"https:\/\/cmeded.com\/es\/wp-json\/wp\/v2\/pages\/17794\/revisions"}],"up":[{"embeddable":true,"href":"https:\/\/cmeded.com\/es\/wp-json\/wp\/v2\/pages\/17771"}],"wp:attachment":[{"href":"https:\/\/cmeded.com\/es\/wp-json\/wp\/v2\/media?parent=17794"}],"wp:term":[{"taxonomy":"post_tag","embeddable":true,"href":"https:\/\/cmeded.com\/es\/wp-json\/wp\/v2\/tags?post=17794"}],"curies":[{"name":"wp","href":"https:\/\/api.w.org\/{rel}","templated":true}]}}