{"id":17792,"date":"2015-02-04T16:31:15","date_gmt":"2015-02-04T22:31:15","guid":{"rendered":"http:\/\/cmeded.com\/?page_id=17792"},"modified":"2023-08-24T18:47:40","modified_gmt":"2023-08-24T23:47:40","slug":"diagnosis","status":"publish","type":"page","link":"https:\/\/cmeded.com\/es\/chronic-disease\/understanding-hepatitis-b-c\/diagnosis\/","title":{"rendered":"Diagn\u00f3stico"},"content":{"rendered":"<h4 class=\"section-title\">Diagn\u00f3stico<\/h4>\n<p class=\"section-content\">Cuando un paciente presenta estos s\u00edntomas, el diagn\u00f3stico de hepatitis puede confirmarse por medio de an\u00e1lisis de sangre. Sin embargo, la hepatitis viral cr\u00f3nica puede pasar desapercibida durante a\u00f1os a menos que se practiquen los ex\u00e1menes de laboratorio apropiados, y muchos pacientes presentan pocos s\u00edntomas o ninguno, hasta que la enfermedad provoca da\u00f1o hep\u00e1tico. El m\u00e9dico puede recomendar distintos tipos de an\u00e1lisis de sangre para diagnosticar la hepatitis viral:<\/p>\n<div class=\"divider\" id=\"\">\n\t\n\t<\/div>\n<div class=\"risk-factor\">\n<div class=\"symp-pic\"><div id=\"caption\" style=\"width: 195px\" class=\"wp-caption aligncenter\"><a href=\"\/wp-content\/uploads\/sites\/4\/2015\/07\/Liver-One-es.jpg\" title=\"Click Image to Enlarge.\"><img decoding=\"async\" aria-describedby=\"caption-caption\" src=\"\/wp-content\/uploads\/sites\/4\/2015\/07\/Liver-One-es.jpg\" class=\"aligncenter\" alt=\"Pruebas de enzimas hep\u00e1ticas\" style=\"height:150px\" \/><\/a><p id=\"caption-caption\" class=\"wp-caption-text\">Click Image to Enlarge.<\/p><\/div><\/div>\n<div class=\"risk-text-wrap\">\n<h5 class=\"section-title\">Pruebas de enzimas hep\u00e1ticas<\/h5>\n<p class=\"section-content\">El m\u00e9dico puede recomendar pruebas de los niveles de enzimas hep\u00e1ticas en la sangre.  Cuando las c\u00e9lulas del h\u00edgado resultan da\u00f1adas, pueden detectarse las enzimas en la sangre.  Si el m\u00e9dico detecta niveles muy altos de enzimas hep\u00e1ticas, puede ser una se\u00f1al de hepatitis viral.  No obstante, los niveles altos tambi\u00e9n pueden ser provocados por otras sustancias perjudiciales para el h\u00edgado, como el alcohol, las drogas, los medicamentos y las toxinas.  Para confirmar el diagn\u00f3stico de hepatitis viral, el paciente debe someterse a serolog\u00edas virales y pruebas de cargas virales en la sangre, en caso de ser necesario.  Si el paciente comienza a mostrar problemas con la disfunci\u00f3n sint\u00e9tica hep\u00e1tica (p. ej., niveles elevados de bilirrubina que provocan ictericia), podr\u00eda tratarse de una lesi\u00f3n m\u00e1s grave del h\u00edgado.<\/p>\n<\/div>\n<div class=\"clearboth\"><\/div>\n<\/div>\n<div class=\"divider\" id=\"\">\n\t\n\t<\/div>\n<div class=\"risk-factor\">\n<div class=\"symp-pic\"><div id=\"caption\" style=\"width: 195px\" class=\"wp-caption aligncenter\"><a href=\"\/wp-content\/uploads\/sites\/4\/2015\/07\/Antigens-1-es.jpg\" title=\"Click Image to Enlarge.\"><img decoding=\"async\" aria-describedby=\"caption-caption\" src=\"\/wp-content\/uploads\/sites\/4\/2015\/07\/Antigens-1-es.jpg\" class=\"aligncenter\" alt=\"Pruebas de detecci\u00f3n de ant\u00edgenos virales\" style=\"height:150px\" \/><\/a><p id=\"caption-caption\" class=\"wp-caption-text\">Click Image to Enlarge.<\/p><\/div><\/div>\n<div class=\"risk-text-wrap\">\n<h5 class=\"section-title\">Pruebas de detecci\u00f3n de ant\u00edgenos virales<\/h5>\n<p class=\"section-content\">Un ant\u00edgeno es una sustancia nociva responsable de que el organismo produzca anticuerpos para combatirlo.  Por ejemplo, el m\u00e9dico puede recomendar un an\u00e1lisis de sangre para detectar los ant\u00edgenos contra la hepatitis B para determinar la presencia del virus en el organismo. Estas pruebas ayudan a indicar la presencia del virus y le permiten al m\u00e9dico controlar la respuesta del paciente al tratamiento.  Entre ellas se pueden incluir la prueba del ant\u00edgeno de superficie de la hepatitis B (hepatitis B surface antigen, HBsAg) y la prueba del ant\u00edgeno \"e\" de la hepatitis B (hepatitis B \"e\" antigen, HBeAg).<\/p>\n<\/div>\n<div class=\"clearboth\"><\/div>\n<\/div>\n<div class=\"divider\" id=\"\">\n\t\n\t<\/div>\n<div class=\"risk-factor\">\n<div class=\"symp-pic\"><div id=\"caption\" style=\"width: 195px\" class=\"wp-caption aligncenter\"><a href=\"\/wp-content\/uploads\/sites\/4\/2015\/07\/Antibodies-no-text-es.jpg\" title=\"Click Image to Enlarge.\"><img decoding=\"async\" aria-describedby=\"caption-caption\" src=\"\/wp-content\/uploads\/sites\/4\/2015\/07\/Antibodies-no-text-es.jpg\" class=\"aligncenter\" alt=\"Pruebas de anticuerpos virales\" style=\"height:150px\" \/><\/a><p id=\"caption-caption\" class=\"wp-caption-text\">Click Image to Enlarge.<\/p><\/div><\/div>\n<div class=\"risk-text-wrap\">\n<h5 class=\"section-title\">Pruebas de anticuerpos virales<\/h5>\n<p class=\"section-content\">Los anticuerpos son sustancias producidas por el organismo para combatir virus y bacterias.  Cuando una persona se infecta por el virus de la hepatitis, el cuerpo produce anticuerpos para combatirlo.  El m\u00e9dico puede medir la presencia de anticuerpos de la hepatitis en la sangre para determinar si la enfermedad estaba presente.  En la hepatitis aguda, estos anticuerpos pueden ayudar a erradicar el virus y permanecer en la sangre para proteger al paciente contra infecciones futuras, como sucede con la hepatitis B. Desafortunadamente, tener un anticuerpo de hepatitis C positivo no significa que la persona ser\u00e1 inmune a las exposiciones futuras al virus ni a las posibles reca\u00eddas posteriores.  Un anticuerpo de hepatitis C positivo simplemente indica una posible exposici\u00f3n, mientras que una carga viral positiva indica una infecci\u00f3n activa, la cual se analiza en la siguiente secci\u00f3n.<\/p>\n<\/div>\n<div class=\"clearboth\"><\/div>\n<\/div>\n<div class=\"divider\" id=\"\">\n\t\n\t<\/div>\n<div class=\"risk-factor\">\n<div class=\"symp-pic\"><div id=\"caption\" style=\"width: 195px\" class=\"wp-caption aligncenter\"><a href=\"\/wp-content\/uploads\/sites\/4\/2015\/07\/Hepatitis-B-DNA-es.jpg\" title=\"Click Image to Enlarge.\"><img decoding=\"async\" aria-describedby=\"caption-caption\" src=\"\/wp-content\/uploads\/sites\/4\/2015\/07\/Hepatitis-B-DNA-es.jpg\" class=\"aligncenter\" alt=\"Pruebas de ADN y ARN\" style=\"height:150px\" \/><\/a><p id=\"caption-caption\" class=\"wp-caption-text\">Click Image to Enlarge.<\/p><\/div><\/div>\n<div class=\"risk-text-wrap\">\n<h5 class=\"section-title\">Pruebas de ADN y ARN<\/h5>\n<p class=\"section-content\">Para que el virus de la hepatitis infecte las c\u00e9lulas del h\u00edgado, debe unirse al exterior de las c\u00e9lulas del h\u00edgado para permitir que su material gen\u00e9tico (ADN para la hepatitis B; ARN para la hepatitis C) invada la c\u00e9lula.  Este material gen\u00e9tico luego toma control de las funciones normales de la c\u00e9lula y utiliza dicha c\u00e9lula para reproducirse y crear muchas copias del virus. El m\u00e9dico puede recomendar pruebas para detectar la presencia de ADN de hepatitis B o ARN de hepatitis C en la sangre con el prop\u00f3sito de determinar la cantidad de virus activo en la sangre.  Estas pruebas son muy importantes para controlar la respuesta del paciente al tratamiento.  Adem\u00e1s, pueden ayudar a determinar el grado de infecci\u00f3n que sufre el paciente, as\u00ed como el riesgo de diseminar la enfermedad a otras personas.  El m\u00e9dico tambi\u00e9n puede realizar pruebas gen\u00e9ticas para determinar el genotipo espec\u00edfico de la enfermedad.  Existen ocho genotipos de hepatitis B y seis genotipos de hepatitis C. Esta informaci\u00f3n puede ayudar a orientar las decisiones relativas al tratamiento.<\/p>\n<\/div>\n<div class=\"clearboth\"><\/div>\n<\/div>\n<div class=\"divider\" id=\"\">\n\t\n\t<\/div>\n<h5 class=\"section-title\">P\u00eddale al m\u00e9dico que le indique un an\u00e1lisis de sangre para detectar la hepatitis C si se identifica con alguna de las situaciones siguientes:<\/h5>\n<ul class=\"about-content\">\n<li>Recibi\u00f3 un producto sangu\u00edneo debido a trastornos de coagulaci\u00f3n antes de 1987<\/li>\n<li>Us\u00f3 drogas inyectables<\/li>\n<li>Recibi\u00f3 un trasplante de \u00f3rganos o una transfusi\u00f3n de sangre antes de julio de 1992<\/li>\n<li>Recibi\u00f3 sangre de una persona que posteriormente obtuvo resultados positivos en las pruebas para detectar la hepatitis C<\/li>\n<li>Naci\u00f3 entre 1945 y 1965, seg\u00fan las pautas establecidas por los Centros para el Control de Enfermedades (Centers for Disease Control, CDC)<\/li>\n<li>Se expuso recientemente a la sangre de un paciente que tiene hepatitis C<\/li>\n<\/ul>\n","protected":false},"excerpt":{"rendered":"<p>Diagn\u00f3stico Cuando un paciente presenta estos s\u00edntomas, el diagn\u00f3stico de hepatitis puede confirmarse por medio de an\u00e1lisis de sangre. Sin embargo, la hepatitis viral cr\u00f3nica puede pasar desapercibida durante a\u00f1os a menos que se practiquen los ex\u00e1menes de laboratorio apropiados, y muchos pacientes presentan pocos s\u00edntomas o ninguno, hasta que la enfermedad provoca da\u00f1o hep\u00e1tico. [&hellip;]<\/p>\n","protected":false},"author":5,"featured_media":0,"parent":17771,"menu_order":5,"comment_status":"closed","ping_status":"open","template":"template-tumor.php","meta":{"footnotes":""},"tags":[10],"class_list":["post-17792","page","type-page","status-publish","hentry","tag-members-only"],"yoast_head":"<!-- This site is optimized with the Yoast SEO plugin v25.0 - https:\/\/yoast.com\/wordpress\/plugins\/seo\/ -->\n<title>CMedEd | Informaci\u00f3n para comprender la hepatitis viral | Diagn\u00f3stico<\/title>\n<meta name=\"description\" content=\"Diagn\u00f3stico Cuando un paciente presenta estos s\u00edntomas, el diagn\u00f3stico de hepatitis puede confirmarse por medio de an\u00e1lisis de sangre. Sin embargo, la\" \/>\n<meta name=\"robots\" content=\"index, follow, max-snippet:-1, max-image-preview:large, max-video-preview:-1\" \/>\n<link rel=\"canonical\" href=\"https:\/\/cmeded.com\/es\/chronic-disease\/understanding-hepatitis-b-c\/diagnosis\/\" \/>\n<meta property=\"og:locale\" content=\"es_ES\" \/>\n<meta property=\"og:type\" content=\"article\" \/>\n<meta property=\"og:title\" content=\"CMedEd | Informaci\u00f3n para comprender la hepatitis viral | Diagn\u00f3stico\" \/>\n<meta property=\"og:description\" content=\"Diagn\u00f3stico Cuando un paciente presenta estos s\u00edntomas, el diagn\u00f3stico de hepatitis puede confirmarse por medio de an\u00e1lisis de sangre. Sin embargo, la\" \/>\n<meta property=\"og:url\" content=\"https:\/\/cmeded.com\/es\/chronic-disease\/understanding-hepatitis-b-c\/diagnosis\/\" \/>\n<meta property=\"og:site_name\" content=\"CMedEd\" \/>\n<meta property=\"article:modified_time\" content=\"2023-08-24T23:47:40+00:00\" \/>\n<meta name=\"twitter:card\" content=\"summary_large_image\" \/>\n<meta name=\"twitter:label1\" content=\"Tiempo de lectura\" \/>\n\t<meta name=\"twitter:data1\" content=\"4 minutos\" \/>\n<script type=\"application\/ld+json\" class=\"yoast-schema-graph\">{\"@context\":\"https:\/\/schema.org\",\"@graph\":[{\"@type\":\"WebPage\",\"@id\":\"https:\/\/cmeded.com\/es\/chronic-disease\/understanding-hepatitis-b-c\/diagnosis\/\",\"url\":\"https:\/\/cmeded.com\/es\/chronic-disease\/understanding-hepatitis-b-c\/diagnosis\/\",\"name\":\"CMedEd | Informaci\u00f3n para comprender la hepatitis viral | Diagn\u00f3stico\",\"isPartOf\":{\"@id\":\"https:\/\/cmeded.com\/es\/#website\"},\"datePublished\":\"2015-02-04T22:31:15+00:00\",\"dateModified\":\"2023-08-24T23:47:40+00:00\",\"description\":\"Diagn\u00f3stico Cuando un paciente presenta estos s\u00edntomas, el diagn\u00f3stico de hepatitis puede confirmarse por medio de an\u00e1lisis de sangre. Sin embargo, la\",\"breadcrumb\":{\"@id\":\"https:\/\/cmeded.com\/es\/chronic-disease\/understanding-hepatitis-b-c\/diagnosis\/#breadcrumb\"},\"inLanguage\":\"es\",\"potentialAction\":[{\"@type\":\"ReadAction\",\"target\":[\"https:\/\/cmeded.com\/es\/chronic-disease\/understanding-hepatitis-b-c\/diagnosis\/\"]}]},{\"@type\":\"BreadcrumbList\",\"@id\":\"https:\/\/cmeded.com\/es\/chronic-disease\/understanding-hepatitis-b-c\/diagnosis\/#breadcrumb\",\"itemListElement\":[{\"@type\":\"ListItem\",\"position\":1,\"name\":\"Home\",\"item\":\"https:\/\/cmeded.com\/es\/\"},{\"@type\":\"ListItem\",\"position\":2,\"name\":\"Enfermedades cr\u00f3nicas\",\"item\":\"https:\/\/cmeded.com\/es\/chronic-disease\/\"},{\"@type\":\"ListItem\",\"position\":3,\"name\":\"Informaci\u00f3n para comprender la hepatitis viral\",\"item\":\"https:\/\/cmeded.com\/es\/chronic-disease\/understanding-hepatitis-b-c\/\"},{\"@type\":\"ListItem\",\"position\":4,\"name\":\"Diagn\u00f3stico\"}]},{\"@type\":\"WebSite\",\"@id\":\"https:\/\/cmeded.com\/es\/#website\",\"url\":\"https:\/\/cmeded.com\/es\/\",\"name\":\"CMedEd\",\"description\":\"Recurso principal de informaci\u00f3n sobre el c\u00e1ncer\",\"potentialAction\":[{\"@type\":\"SearchAction\",\"target\":{\"@type\":\"EntryPoint\",\"urlTemplate\":\"https:\/\/cmeded.com\/es\/?s={search_term_string}\"},\"query-input\":{\"@type\":\"PropertyValueSpecification\",\"valueRequired\":true,\"valueName\":\"search_term_string\"}}],\"inLanguage\":\"es\"}]}<\/script>\n<!-- \/ Yoast SEO plugin. -->","yoast_head_json":{"title":"CMedEd | Informaci\u00f3n para comprender la hepatitis viral | Diagn\u00f3stico","description":"Diagn\u00f3stico Cuando un paciente presenta estos s\u00edntomas, el diagn\u00f3stico de hepatitis puede confirmarse por medio de an\u00e1lisis de sangre. Sin embargo, la","robots":{"index":"index","follow":"follow","max-snippet":"max-snippet:-1","max-image-preview":"max-image-preview:large","max-video-preview":"max-video-preview:-1"},"canonical":"https:\/\/cmeded.com\/es\/chronic-disease\/understanding-hepatitis-b-c\/diagnosis\/","og_locale":"es_ES","og_type":"article","og_title":"CMedEd | Informaci\u00f3n para comprender la hepatitis viral | Diagn\u00f3stico","og_description":"Diagn\u00f3stico Cuando un paciente presenta estos s\u00edntomas, el diagn\u00f3stico de hepatitis puede confirmarse por medio de an\u00e1lisis de sangre. Sin embargo, la","og_url":"https:\/\/cmeded.com\/es\/chronic-disease\/understanding-hepatitis-b-c\/diagnosis\/","og_site_name":"CMedEd","article_modified_time":"2023-08-24T23:47:40+00:00","twitter_card":"summary_large_image","twitter_misc":{"Tiempo de lectura":"4 minutos"},"schema":{"@context":"https:\/\/schema.org","@graph":[{"@type":"WebPage","@id":"https:\/\/cmeded.com\/es\/chronic-disease\/understanding-hepatitis-b-c\/diagnosis\/","url":"https:\/\/cmeded.com\/es\/chronic-disease\/understanding-hepatitis-b-c\/diagnosis\/","name":"CMedEd | Informaci\u00f3n para comprender la hepatitis viral | Diagn\u00f3stico","isPartOf":{"@id":"https:\/\/cmeded.com\/es\/#website"},"datePublished":"2015-02-04T22:31:15+00:00","dateModified":"2023-08-24T23:47:40+00:00","description":"Diagn\u00f3stico Cuando un paciente presenta estos s\u00edntomas, el diagn\u00f3stico de hepatitis puede confirmarse por medio de an\u00e1lisis de sangre. Sin embargo, la","breadcrumb":{"@id":"https:\/\/cmeded.com\/es\/chronic-disease\/understanding-hepatitis-b-c\/diagnosis\/#breadcrumb"},"inLanguage":"es","potentialAction":[{"@type":"ReadAction","target":["https:\/\/cmeded.com\/es\/chronic-disease\/understanding-hepatitis-b-c\/diagnosis\/"]}]},{"@type":"BreadcrumbList","@id":"https:\/\/cmeded.com\/es\/chronic-disease\/understanding-hepatitis-b-c\/diagnosis\/#breadcrumb","itemListElement":[{"@type":"ListItem","position":1,"name":"Home","item":"https:\/\/cmeded.com\/es\/"},{"@type":"ListItem","position":2,"name":"Enfermedades cr\u00f3nicas","item":"https:\/\/cmeded.com\/es\/chronic-disease\/"},{"@type":"ListItem","position":3,"name":"Informaci\u00f3n para comprender la hepatitis viral","item":"https:\/\/cmeded.com\/es\/chronic-disease\/understanding-hepatitis-b-c\/"},{"@type":"ListItem","position":4,"name":"Diagn\u00f3stico"}]},{"@type":"WebSite","@id":"https:\/\/cmeded.com\/es\/#website","url":"https:\/\/cmeded.com\/es\/","name":"CMedEd","description":"Recurso principal de informaci\u00f3n sobre el c\u00e1ncer","potentialAction":[{"@type":"SearchAction","target":{"@type":"EntryPoint","urlTemplate":"https:\/\/cmeded.com\/es\/?s={search_term_string}"},"query-input":{"@type":"PropertyValueSpecification","valueRequired":true,"valueName":"search_term_string"}}],"inLanguage":"es"}]}},"_links":{"self":[{"href":"https:\/\/cmeded.com\/es\/wp-json\/wp\/v2\/pages\/17792","targetHints":{"allow":["GET"]}}],"collection":[{"href":"https:\/\/cmeded.com\/es\/wp-json\/wp\/v2\/pages"}],"about":[{"href":"https:\/\/cmeded.com\/es\/wp-json\/wp\/v2\/types\/page"}],"author":[{"embeddable":true,"href":"https:\/\/cmeded.com\/es\/wp-json\/wp\/v2\/users\/5"}],"replies":[{"embeddable":true,"href":"https:\/\/cmeded.com\/es\/wp-json\/wp\/v2\/comments?post=17792"}],"version-history":[{"count":0,"href":"https:\/\/cmeded.com\/es\/wp-json\/wp\/v2\/pages\/17792\/revisions"}],"up":[{"embeddable":true,"href":"https:\/\/cmeded.com\/es\/wp-json\/wp\/v2\/pages\/17771"}],"wp:attachment":[{"href":"https:\/\/cmeded.com\/es\/wp-json\/wp\/v2\/media?parent=17792"}],"wp:term":[{"taxonomy":"post_tag","embeddable":true,"href":"https:\/\/cmeded.com\/es\/wp-json\/wp\/v2\/tags?post=17792"}],"curies":[{"name":"wp","href":"https:\/\/api.w.org\/{rel}","templated":true}]}}