{"id":17790,"date":"2015-02-04T16:15:00","date_gmt":"2015-02-04T22:15:00","guid":{"rendered":"http:\/\/cmeded.com\/?page_id=17790"},"modified":"2023-08-24T18:47:40","modified_gmt":"2023-08-24T23:47:40","slug":"symptoms","status":"publish","type":"page","link":"https:\/\/cmeded.com\/es\/chronic-disease\/understanding-hepatitis-b-c\/symptoms\/","title":{"rendered":"S\u00edntomas de la hepatitis viral"},"content":{"rendered":"<h4 class=\"section-title\">S\u00edntomas de la hepatitis viral<\/h4>\n<p class=\"section-content\">Muchos pacientes que est\u00e1n expuestos a las hepatitis B y C agudas presentan muy pocos s\u00edntomas; no obstante, pueden aparecer cualquiera de los siguientes.  Si llegan a aparecer s\u00edntomas, pueden presentarse en algunas semanas o algunos meses despu\u00e9s de la exposici\u00f3n al virus y pueden durar de algunas semanas a seis meses.  Muchos pacientes que tienen hepatitis viral cr\u00f3nica no presentan s\u00edntomas; sin embargo, las personas que han estado infectadas durante varios a\u00f1os padecen complicaciones serias a nivel hep\u00e1tico, como se explic\u00f3 anteriormente.<\/p>\n<div class=\"one_half\">\n\t<div class=\"divider\" id=\"\">\n\t\n\t<\/div><\/p>\n<div class=\"risk-factor\">\n<div class=\"symp-pic\">\n\t\t\t<img decoding=\"async\" src=\"\/wp-content\/uploads\/2013\/02\/NewNausea.jpg\" class=\"aligncenter\" alt=\"N\u00e1useas y v\u00f3mitos\" style=\"height:125px;\">\n\t\t<\/div>\n<div class=\"-text\">\n<h5 class=\"section-title\">N\u00e1useas y v\u00f3mitos<\/h5>\n<\/p><\/div>\n<div class=\"clearboth\"><\/div>\n<\/p><\/div>\n<div class=\"divider\" id=\"\">\n\t\n\t<\/div>\n<div class=\"risk-factor\">\n<div class=\"symp-pic\">\n\t\t\t<img decoding=\"async\" src=\"\/wp-content\/uploads\/2013\/03\/Poor-Appetite-169x200.jpg\" class=\"aligncenter\" alt=\"P\u00e9rdida de apetito\" style=\"height:125px;\">\n\t\t<\/div>\n<div class=\"-text\">\n<h5 class=\"section-title\">P\u00e9rdida de apetito<\/h5>\n<\/p><\/div>\n<div class=\"clearboth\"><\/div>\n<\/p><\/div>\n<div class=\"divider\" id=\"\">\n\t\n\t<\/div>\n<div class=\"risk-factor\">\n<div class=\"symp-pic\">\n\t\t\t<img decoding=\"async\" src=\"\/wp-content\/uploads\/2021\/06\/Black_Male_GreenFever.jpeg\" class=\"aligncenter\" alt=\"Fiebre\" style=\"height:125px;\">\n\t\t<\/div>\n<div class=\"-text\">\n<h5 class=\"section-title\">Fiebre<\/h5>\n<\/p><\/div>\n<div class=\"clearboth\"><\/div>\n<\/p><\/div>\n<div class=\"divider\" id=\"\">\n\t\n\t<\/div>\n<div class=\"risk-factor\">\n<div class=\"symp-pic\">\n\t\t\t<img decoding=\"async\" src=\"\/wp-content\/uploads\/2013\/04\/FatigueGuy150.jpg\" class=\"aligncenter\" alt=\"Debilidad y cansancio\" style=\"height:125px;\">\n\t\t<\/div>\n<div class=\"-text\">\n<h5 class=\"section-title\">Debilidad y cansancio<\/h5>\n<\/p><\/div>\n<div class=\"clearboth\"><\/div>\n<\/p><\/div>\n<div class=\"divider\" id=\"\">\n\t\n\t<\/div>\n<\/div>\n<div class=\"one_half last\">\n\t<div class=\"divider\" id=\"remove-divider\">\n\t\n\t<\/div><\/p>\n<div class=\"risk-factor\">\n<div class=\"symp-pic\">\n\t\t\t<img decoding=\"async\" src=\"\/wp-content\/uploads\/2013\/01\/AbPain.jpg\" class=\"aligncenter\" alt=\"Dolor abdominal (especialmente del lado derecho del abdomen)\" style=\"height:125px;\">\n\t\t<\/div>\n<div class=\"-text\">\n<h5 class=\"section-title\">Dolor abdominal (especialmente del lado derecho del abdomen)<\/h5>\n<\/p><\/div>\n<div class=\"clearboth\"><\/div>\n<\/p><\/div>\n<div class=\"divider\" id=\"\">\n\t\n\t<\/div>\n<div class=\"risk-factor\">\n<div class=\"symp-pic\">\n\t\t\t<img decoding=\"async\" src=\"\/wp-content\/uploads\/2015\/02\/Hepatits-Urine-Sample-130x200.jpg\" class=\"aligncenter\" alt=\"Orina de color oscuro\" style=\"height:125px;\">\n\t\t<\/div>\n<div class=\"-text\">\n<h5 class=\"section-title\">Orina de color oscuro<\/h5>\n<\/p><\/div>\n<div class=\"clearboth\"><\/div>\n<\/p><\/div>\n<div class=\"divider\" id=\"\">\n\t\n\t<\/div>\n<div class=\"risk-factor\">\n<div class=\"symp-pic\">\n\t\t\t<img decoding=\"async\" src=\"\/wp-content\/uploads\/2015\/02\/Hepatitis-stool-sample-177x200.jpg\" class=\"aligncenter\" alt=\"Heces de color claro\" style=\"height:125px;\">\n\t\t<\/div>\n<div class=\"-text\">\n<h5 class=\"section-title\">Heces de color claro<\/h5>\n<\/p><\/div>\n<div class=\"clearboth\"><\/div>\n<\/p><\/div>\n<div class=\"divider\" id=\"\">\n\t\n\t<\/div>\n<div class=\"risk-factor\">\n<div class=\"symp-pic\">\n\t\t\t<img decoding=\"async\" src=\"\/wp-content\/uploads\/2012\/11\/jaundice.png\" class=\"aligncenter\" alt=\"Ictericia (color amarillo de la piel y los ojos)\" style=\"height:125px;\">\n\t\t<\/div>\n<div class=\"-text\">\n<h5 class=\"section-title\">Ictericia (color amarillo de la piel y los ojos)<\/h5>\n<\/p><\/div>\n<div class=\"clearboth\"><\/div>\n<\/p><\/div>\n<div class=\"divider\" id=\"\">\n\t\n\t<\/div><\/div>\n<div class=\"clearboth\"><\/div>\n","protected":false},"excerpt":{"rendered":"<p>S\u00edntomas de la hepatitis viral Muchos pacientes que est\u00e1n expuestos a las hepatitis B y C agudas presentan muy pocos s\u00edntomas; no obstante, pueden aparecer cualquiera de los siguientes. Si llegan a aparecer s\u00edntomas, pueden presentarse en algunas semanas o algunos meses despu\u00e9s de la exposici\u00f3n al virus y pueden durar de algunas semanas a [&hellip;]<\/p>\n","protected":false},"author":5,"featured_media":0,"parent":17771,"menu_order":4,"comment_status":"closed","ping_status":"open","template":"template-tumor.php","meta":{"footnotes":""},"tags":[10],"class_list":["post-17790","page","type-page","status-publish","hentry","tag-members-only"],"yoast_head":"<!-- This site is optimized with the Yoast SEO plugin v25.0 - https:\/\/yoast.com\/wordpress\/plugins\/seo\/ -->\n<title>CMedEd | Informaci\u00f3n para comprender la hepatitis viral | S\u00edntomas de la hepatitis viral<\/title>\n<meta name=\"description\" content=\"S\u00edntomas de la hepatitis viral Muchos pacientes que est\u00e1n expuestos a las hepatitis B y C agudas presentan muy pocos s\u00edntomas; no obstante, pueden\" \/>\n<meta name=\"robots\" content=\"index, follow, max-snippet:-1, max-image-preview:large, max-video-preview:-1\" \/>\n<link rel=\"canonical\" href=\"https:\/\/cmeded.com\/es\/chronic-disease\/understanding-hepatitis-b-c\/symptoms\/\" \/>\n<meta property=\"og:locale\" content=\"es_ES\" \/>\n<meta property=\"og:type\" content=\"article\" \/>\n<meta property=\"og:title\" content=\"CMedEd | Informaci\u00f3n para comprender la hepatitis viral | S\u00edntomas de la hepatitis viral\" \/>\n<meta property=\"og:description\" content=\"S\u00edntomas de la hepatitis viral Muchos pacientes que est\u00e1n expuestos a las hepatitis B y C agudas presentan muy pocos s\u00edntomas; no obstante, pueden\" \/>\n<meta property=\"og:url\" content=\"https:\/\/cmeded.com\/es\/chronic-disease\/understanding-hepatitis-b-c\/symptoms\/\" \/>\n<meta property=\"og:site_name\" content=\"CMedEd\" \/>\n<meta property=\"article:modified_time\" content=\"2023-08-24T23:47:40+00:00\" \/>\n<meta name=\"twitter:card\" content=\"summary_large_image\" \/>\n<meta name=\"twitter:label1\" content=\"Tiempo de lectura\" \/>\n\t<meta name=\"twitter:data1\" content=\"1 minuto\" \/>\n<script type=\"application\/ld+json\" class=\"yoast-schema-graph\">{\"@context\":\"https:\/\/schema.org\",\"@graph\":[{\"@type\":\"WebPage\",\"@id\":\"https:\/\/cmeded.com\/es\/chronic-disease\/understanding-hepatitis-b-c\/symptoms\/\",\"url\":\"https:\/\/cmeded.com\/es\/chronic-disease\/understanding-hepatitis-b-c\/symptoms\/\",\"name\":\"CMedEd | Informaci\u00f3n para comprender la hepatitis viral | S\u00edntomas de la hepatitis viral\",\"isPartOf\":{\"@id\":\"https:\/\/cmeded.com\/es\/#website\"},\"datePublished\":\"2015-02-04T22:15:00+00:00\",\"dateModified\":\"2023-08-24T23:47:40+00:00\",\"description\":\"S\u00edntomas de la hepatitis viral Muchos pacientes que est\u00e1n expuestos a las hepatitis B y C agudas presentan muy pocos s\u00edntomas; no obstante, pueden\",\"breadcrumb\":{\"@id\":\"https:\/\/cmeded.com\/es\/chronic-disease\/understanding-hepatitis-b-c\/symptoms\/#breadcrumb\"},\"inLanguage\":\"es\",\"potentialAction\":[{\"@type\":\"ReadAction\",\"target\":[\"https:\/\/cmeded.com\/es\/chronic-disease\/understanding-hepatitis-b-c\/symptoms\/\"]}]},{\"@type\":\"BreadcrumbList\",\"@id\":\"https:\/\/cmeded.com\/es\/chronic-disease\/understanding-hepatitis-b-c\/symptoms\/#breadcrumb\",\"itemListElement\":[{\"@type\":\"ListItem\",\"position\":1,\"name\":\"Home\",\"item\":\"https:\/\/cmeded.com\/es\/\"},{\"@type\":\"ListItem\",\"position\":2,\"name\":\"Enfermedades cr\u00f3nicas\",\"item\":\"https:\/\/cmeded.com\/es\/chronic-disease\/\"},{\"@type\":\"ListItem\",\"position\":3,\"name\":\"Informaci\u00f3n para comprender la hepatitis viral\",\"item\":\"https:\/\/cmeded.com\/es\/chronic-disease\/understanding-hepatitis-b-c\/\"},{\"@type\":\"ListItem\",\"position\":4,\"name\":\"S\u00edntomas de la hepatitis viral\"}]},{\"@type\":\"WebSite\",\"@id\":\"https:\/\/cmeded.com\/es\/#website\",\"url\":\"https:\/\/cmeded.com\/es\/\",\"name\":\"CMedEd\",\"description\":\"Recurso principal de informaci\u00f3n sobre el c\u00e1ncer\",\"potentialAction\":[{\"@type\":\"SearchAction\",\"target\":{\"@type\":\"EntryPoint\",\"urlTemplate\":\"https:\/\/cmeded.com\/es\/?s={search_term_string}\"},\"query-input\":{\"@type\":\"PropertyValueSpecification\",\"valueRequired\":true,\"valueName\":\"search_term_string\"}}],\"inLanguage\":\"es\"}]}<\/script>\n<!-- \/ Yoast SEO plugin. -->","yoast_head_json":{"title":"CMedEd | Informaci\u00f3n para comprender la hepatitis viral | S\u00edntomas de la hepatitis viral","description":"S\u00edntomas de la hepatitis viral Muchos pacientes que est\u00e1n expuestos a las hepatitis B y C agudas presentan muy pocos s\u00edntomas; no obstante, pueden","robots":{"index":"index","follow":"follow","max-snippet":"max-snippet:-1","max-image-preview":"max-image-preview:large","max-video-preview":"max-video-preview:-1"},"canonical":"https:\/\/cmeded.com\/es\/chronic-disease\/understanding-hepatitis-b-c\/symptoms\/","og_locale":"es_ES","og_type":"article","og_title":"CMedEd | Informaci\u00f3n para comprender la hepatitis viral | S\u00edntomas de la hepatitis viral","og_description":"S\u00edntomas de la hepatitis viral Muchos pacientes que est\u00e1n expuestos a las hepatitis B y C agudas presentan muy pocos s\u00edntomas; no obstante, pueden","og_url":"https:\/\/cmeded.com\/es\/chronic-disease\/understanding-hepatitis-b-c\/symptoms\/","og_site_name":"CMedEd","article_modified_time":"2023-08-24T23:47:40+00:00","twitter_card":"summary_large_image","twitter_misc":{"Tiempo de lectura":"1 minuto"},"schema":{"@context":"https:\/\/schema.org","@graph":[{"@type":"WebPage","@id":"https:\/\/cmeded.com\/es\/chronic-disease\/understanding-hepatitis-b-c\/symptoms\/","url":"https:\/\/cmeded.com\/es\/chronic-disease\/understanding-hepatitis-b-c\/symptoms\/","name":"CMedEd | Informaci\u00f3n para comprender la hepatitis viral | S\u00edntomas de la hepatitis viral","isPartOf":{"@id":"https:\/\/cmeded.com\/es\/#website"},"datePublished":"2015-02-04T22:15:00+00:00","dateModified":"2023-08-24T23:47:40+00:00","description":"S\u00edntomas de la hepatitis viral Muchos pacientes que est\u00e1n expuestos a las hepatitis B y C agudas presentan muy pocos s\u00edntomas; no obstante, pueden","breadcrumb":{"@id":"https:\/\/cmeded.com\/es\/chronic-disease\/understanding-hepatitis-b-c\/symptoms\/#breadcrumb"},"inLanguage":"es","potentialAction":[{"@type":"ReadAction","target":["https:\/\/cmeded.com\/es\/chronic-disease\/understanding-hepatitis-b-c\/symptoms\/"]}]},{"@type":"BreadcrumbList","@id":"https:\/\/cmeded.com\/es\/chronic-disease\/understanding-hepatitis-b-c\/symptoms\/#breadcrumb","itemListElement":[{"@type":"ListItem","position":1,"name":"Home","item":"https:\/\/cmeded.com\/es\/"},{"@type":"ListItem","position":2,"name":"Enfermedades cr\u00f3nicas","item":"https:\/\/cmeded.com\/es\/chronic-disease\/"},{"@type":"ListItem","position":3,"name":"Informaci\u00f3n para comprender la hepatitis viral","item":"https:\/\/cmeded.com\/es\/chronic-disease\/understanding-hepatitis-b-c\/"},{"@type":"ListItem","position":4,"name":"S\u00edntomas de la hepatitis viral"}]},{"@type":"WebSite","@id":"https:\/\/cmeded.com\/es\/#website","url":"https:\/\/cmeded.com\/es\/","name":"CMedEd","description":"Recurso principal de informaci\u00f3n sobre el c\u00e1ncer","potentialAction":[{"@type":"SearchAction","target":{"@type":"EntryPoint","urlTemplate":"https:\/\/cmeded.com\/es\/?s={search_term_string}"},"query-input":{"@type":"PropertyValueSpecification","valueRequired":true,"valueName":"search_term_string"}}],"inLanguage":"es"}]}},"_links":{"self":[{"href":"https:\/\/cmeded.com\/es\/wp-json\/wp\/v2\/pages\/17790","targetHints":{"allow":["GET"]}}],"collection":[{"href":"https:\/\/cmeded.com\/es\/wp-json\/wp\/v2\/pages"}],"about":[{"href":"https:\/\/cmeded.com\/es\/wp-json\/wp\/v2\/types\/page"}],"author":[{"embeddable":true,"href":"https:\/\/cmeded.com\/es\/wp-json\/wp\/v2\/users\/5"}],"replies":[{"embeddable":true,"href":"https:\/\/cmeded.com\/es\/wp-json\/wp\/v2\/comments?post=17790"}],"version-history":[{"count":0,"href":"https:\/\/cmeded.com\/es\/wp-json\/wp\/v2\/pages\/17790\/revisions"}],"up":[{"embeddable":true,"href":"https:\/\/cmeded.com\/es\/wp-json\/wp\/v2\/pages\/17771"}],"wp:attachment":[{"href":"https:\/\/cmeded.com\/es\/wp-json\/wp\/v2\/media?parent=17790"}],"wp:term":[{"taxonomy":"post_tag","embeddable":true,"href":"https:\/\/cmeded.com\/es\/wp-json\/wp\/v2\/tags?post=17790"}],"curies":[{"name":"wp","href":"https:\/\/api.w.org\/{rel}","templated":true}]}}