{"id":17771,"date":"2015-02-04T10:27:40","date_gmt":"2015-02-04T16:27:40","guid":{"rendered":"http:\/\/cmeded.com\/?page_id=17771"},"modified":"2023-08-24T18:47:40","modified_gmt":"2023-08-24T23:47:40","slug":"understanding-hepatitis-b-c","status":"publish","type":"page","link":"https:\/\/cmeded.com\/es\/chronic-disease\/understanding-hepatitis-b-c\/","title":{"rendered":"Informaci\u00f3n para comprender la hepatitis viral"},"content":{"rendered":"","protected":false},"excerpt":{"rendered":"<p>La palabra \u00abhepatitis\u00bb significa \u00abinflamaci\u00f3n del h\u00edgado\u00bb.  La inflamaci\u00f3n del h\u00edgado puede ser provocada por una serie de factores, como causas metab\u00f3licas (el alcohol y, p. ej., la esteatosis hep\u00e1tica no alcoh\u00f3lica [EHNA]), virus, trastornos gen\u00e9ticos, enfermedad autoinmunitaria, drogas, medicamentos, isquemia o disminuci\u00f3n del flujo sangu\u00edneo en direcci\u00f3n al h\u00edgado e incluso las toxinas.  La hepatitis viral sigue siendo una causa frecuente de la hepatitis, que es provocada por un virus que ataca directamente las c\u00e9lulas del h\u00edgado (p. ej., hepatocitos).<\/p>\n","protected":false},"author":5,"featured_media":19096,"parent":18260,"menu_order":0,"comment_status":"closed","ping_status":"open","template":"","meta":{"footnotes":""},"tags":[10],"class_list":["post-17771","page","type-page","status-publish","has-post-thumbnail","hentry","tag-members-only"],"yoast_head":"<!-- This site is optimized with the Yoast SEO plugin v25.0 - https:\/\/yoast.com\/wordpress\/plugins\/seo\/ -->\n<title>CMedEd | Enfermedades cr\u00f3nicas | Informaci\u00f3n para comprender la hepatitis viral<\/title>\n<meta name=\"description\" content=\"La palabra &quot;hepatitis&quot; significa &quot;inflamaci\u00f3n del h\u00edgado&quot;. La inflamaci\u00f3n del h\u00edgado puede ser provocada por una serie de factores, como causas metab\u00f3licas (el alcohol y, p. ej., la esteatosis hep\u00e1tica no alcoh\u00f3lica ), virus, trastornos gen\u00e9ticos, enfermedad autoinmunitaria, drogas, medicamentos, isquemia o disminuci\u00f3n del flujo sangu\u00edneo en direcci\u00f3n al h\u00edgado e incluso las toxinas. La hepatitis viral sigue siendo una causa frecuente de la hepatitis, que es provocada por un virus que ataca directamente las c\u00e9lulas del h\u00edgado (p. ej., hepatocitos).\" \/>\n<meta name=\"robots\" content=\"index, follow, max-snippet:-1, max-image-preview:large, max-video-preview:-1\" \/>\n<link rel=\"canonical\" href=\"https:\/\/cmeded.com\/es\/chronic-disease\/understanding-hepatitis-b-c\/\" \/>\n<meta property=\"og:locale\" content=\"es_ES\" \/>\n<meta property=\"og:type\" content=\"article\" \/>\n<meta property=\"og:title\" content=\"CMedEd | Enfermedades cr\u00f3nicas | Informaci\u00f3n para comprender la hepatitis viral\" \/>\n<meta property=\"og:description\" content=\"La palabra &quot;hepatitis&quot; significa &quot;inflamaci\u00f3n del h\u00edgado&quot;. La inflamaci\u00f3n del h\u00edgado puede ser provocada por una serie de factores, como causas metab\u00f3licas (el alcohol y, p. ej., la esteatosis hep\u00e1tica no alcoh\u00f3lica ), virus, trastornos gen\u00e9ticos, enfermedad autoinmunitaria, drogas, medicamentos, isquemia o disminuci\u00f3n del flujo sangu\u00edneo en direcci\u00f3n al h\u00edgado e incluso las toxinas. La hepatitis viral sigue siendo una causa frecuente de la hepatitis, que es provocada por un virus que ataca directamente las c\u00e9lulas del h\u00edgado (p. ej., hepatocitos).\" \/>\n<meta property=\"og:url\" content=\"https:\/\/cmeded.com\/es\/chronic-disease\/understanding-hepatitis-b-c\/\" \/>\n<meta property=\"og:site_name\" content=\"CMedEd\" \/>\n<meta property=\"article:modified_time\" content=\"2023-08-24T23:47:40+00:00\" \/>\n<meta property=\"og:image\" content=\"https:\/\/cmeded.com\/wp-content\/uploads\/sites\/4\/2015\/07\/Hepatitis-Stages-r4-es.jpg\" \/>\n\t<meta property=\"og:image:width\" content=\"1024\" \/>\n\t<meta property=\"og:image:height\" content=\"861\" \/>\n\t<meta property=\"og:image:type\" content=\"image\/jpeg\" \/>\n<meta name=\"twitter:card\" content=\"summary_large_image\" \/>\n<script type=\"application\/ld+json\" class=\"yoast-schema-graph\">{\"@context\":\"https:\/\/schema.org\",\"@graph\":[{\"@type\":\"WebPage\",\"@id\":\"https:\/\/cmeded.com\/es\/chronic-disease\/understanding-hepatitis-b-c\/\",\"url\":\"https:\/\/cmeded.com\/es\/chronic-disease\/understanding-hepatitis-b-c\/\",\"name\":\"CMedEd | Enfermedades cr\u00f3nicas | Informaci\u00f3n para comprender la hepatitis viral\",\"isPartOf\":{\"@id\":\"https:\/\/cmeded.com\/es\/#website\"},\"primaryImageOfPage\":{\"@id\":\"https:\/\/cmeded.com\/es\/chronic-disease\/understanding-hepatitis-b-c\/#primaryimage\"},\"image\":{\"@id\":\"https:\/\/cmeded.com\/es\/chronic-disease\/understanding-hepatitis-b-c\/#primaryimage\"},\"thumbnailUrl\":\"https:\/\/cmeded.com\/wp-content\/uploads\/sites\/4\/2015\/07\/Hepatitis-Stages-r4-es.jpg\",\"datePublished\":\"2015-02-04T16:27:40+00:00\",\"dateModified\":\"2023-08-24T23:47:40+00:00\",\"description\":\"La palabra \\\"hepatitis\\\" significa \\\"inflamaci\u00f3n del h\u00edgado\\\". La inflamaci\u00f3n del h\u00edgado puede ser provocada por una serie de factores, como causas metab\u00f3licas (el alcohol y, p. ej., la esteatosis hep\u00e1tica no alcoh\u00f3lica ), virus, trastornos gen\u00e9ticos, enfermedad autoinmunitaria, drogas, medicamentos, isquemia o disminuci\u00f3n del flujo sangu\u00edneo en direcci\u00f3n al h\u00edgado e incluso las toxinas. La hepatitis viral sigue siendo una causa frecuente de la hepatitis, que es provocada por un virus que ataca directamente las c\u00e9lulas del h\u00edgado (p. ej., hepatocitos).\",\"breadcrumb\":{\"@id\":\"https:\/\/cmeded.com\/es\/chronic-disease\/understanding-hepatitis-b-c\/#breadcrumb\"},\"inLanguage\":\"es\",\"potentialAction\":[{\"@type\":\"ReadAction\",\"target\":[\"https:\/\/cmeded.com\/es\/chronic-disease\/understanding-hepatitis-b-c\/\"]}]},{\"@type\":\"ImageObject\",\"inLanguage\":\"es\",\"@id\":\"https:\/\/cmeded.com\/es\/chronic-disease\/understanding-hepatitis-b-c\/#primaryimage\",\"url\":\"https:\/\/cmeded.com\/wp-content\/uploads\/sites\/4\/2015\/07\/Hepatitis-Stages-r4-es.jpg\",\"contentUrl\":\"https:\/\/cmeded.com\/wp-content\/uploads\/sites\/4\/2015\/07\/Hepatitis-Stages-r4-es.jpg\",\"width\":1024,\"height\":861},{\"@type\":\"BreadcrumbList\",\"@id\":\"https:\/\/cmeded.com\/es\/chronic-disease\/understanding-hepatitis-b-c\/#breadcrumb\",\"itemListElement\":[{\"@type\":\"ListItem\",\"position\":1,\"name\":\"Home\",\"item\":\"https:\/\/cmeded.com\/es\/\"},{\"@type\":\"ListItem\",\"position\":2,\"name\":\"Enfermedades cr\u00f3nicas\",\"item\":\"https:\/\/cmeded.com\/es\/chronic-disease\/\"},{\"@type\":\"ListItem\",\"position\":3,\"name\":\"Informaci\u00f3n para comprender la hepatitis viral\"}]},{\"@type\":\"WebSite\",\"@id\":\"https:\/\/cmeded.com\/es\/#website\",\"url\":\"https:\/\/cmeded.com\/es\/\",\"name\":\"CMedEd\",\"description\":\"Recurso principal de informaci\u00f3n sobre el c\u00e1ncer\",\"potentialAction\":[{\"@type\":\"SearchAction\",\"target\":{\"@type\":\"EntryPoint\",\"urlTemplate\":\"https:\/\/cmeded.com\/es\/?s={search_term_string}\"},\"query-input\":{\"@type\":\"PropertyValueSpecification\",\"valueRequired\":true,\"valueName\":\"search_term_string\"}}],\"inLanguage\":\"es\"}]}<\/script>\n<!-- \/ Yoast SEO plugin. -->","yoast_head_json":{"title":"CMedEd | Enfermedades cr\u00f3nicas | Informaci\u00f3n para comprender la hepatitis viral","description":"La palabra \"hepatitis\" significa \"inflamaci\u00f3n del h\u00edgado\". La inflamaci\u00f3n del h\u00edgado puede ser provocada por una serie de factores, como causas metab\u00f3licas (el alcohol y, p. ej., la esteatosis hep\u00e1tica no alcoh\u00f3lica ), virus, trastornos gen\u00e9ticos, enfermedad autoinmunitaria, drogas, medicamentos, isquemia o disminuci\u00f3n del flujo sangu\u00edneo en direcci\u00f3n al h\u00edgado e incluso las toxinas. La hepatitis viral sigue siendo una causa frecuente de la hepatitis, que es provocada por un virus que ataca directamente las c\u00e9lulas del h\u00edgado (p. ej., hepatocitos).","robots":{"index":"index","follow":"follow","max-snippet":"max-snippet:-1","max-image-preview":"max-image-preview:large","max-video-preview":"max-video-preview:-1"},"canonical":"https:\/\/cmeded.com\/es\/chronic-disease\/understanding-hepatitis-b-c\/","og_locale":"es_ES","og_type":"article","og_title":"CMedEd | Enfermedades cr\u00f3nicas | Informaci\u00f3n para comprender la hepatitis viral","og_description":"La palabra \"hepatitis\" significa \"inflamaci\u00f3n del h\u00edgado\". La inflamaci\u00f3n del h\u00edgado puede ser provocada por una serie de factores, como causas metab\u00f3licas (el alcohol y, p. ej., la esteatosis hep\u00e1tica no alcoh\u00f3lica ), virus, trastornos gen\u00e9ticos, enfermedad autoinmunitaria, drogas, medicamentos, isquemia o disminuci\u00f3n del flujo sangu\u00edneo en direcci\u00f3n al h\u00edgado e incluso las toxinas. La hepatitis viral sigue siendo una causa frecuente de la hepatitis, que es provocada por un virus que ataca directamente las c\u00e9lulas del h\u00edgado (p. ej., hepatocitos).","og_url":"https:\/\/cmeded.com\/es\/chronic-disease\/understanding-hepatitis-b-c\/","og_site_name":"CMedEd","article_modified_time":"2023-08-24T23:47:40+00:00","og_image":[{"width":1024,"height":861,"url":"https:\/\/cmeded.com\/wp-content\/uploads\/sites\/4\/2015\/07\/Hepatitis-Stages-r4-es.jpg","type":"image\/jpeg"}],"twitter_card":"summary_large_image","schema":{"@context":"https:\/\/schema.org","@graph":[{"@type":"WebPage","@id":"https:\/\/cmeded.com\/es\/chronic-disease\/understanding-hepatitis-b-c\/","url":"https:\/\/cmeded.com\/es\/chronic-disease\/understanding-hepatitis-b-c\/","name":"CMedEd | Enfermedades cr\u00f3nicas | Informaci\u00f3n para comprender la hepatitis viral","isPartOf":{"@id":"https:\/\/cmeded.com\/es\/#website"},"primaryImageOfPage":{"@id":"https:\/\/cmeded.com\/es\/chronic-disease\/understanding-hepatitis-b-c\/#primaryimage"},"image":{"@id":"https:\/\/cmeded.com\/es\/chronic-disease\/understanding-hepatitis-b-c\/#primaryimage"},"thumbnailUrl":"https:\/\/cmeded.com\/wp-content\/uploads\/sites\/4\/2015\/07\/Hepatitis-Stages-r4-es.jpg","datePublished":"2015-02-04T16:27:40+00:00","dateModified":"2023-08-24T23:47:40+00:00","description":"La palabra \"hepatitis\" significa \"inflamaci\u00f3n del h\u00edgado\". La inflamaci\u00f3n del h\u00edgado puede ser provocada por una serie de factores, como causas metab\u00f3licas (el alcohol y, p. ej., la esteatosis hep\u00e1tica no alcoh\u00f3lica ), virus, trastornos gen\u00e9ticos, enfermedad autoinmunitaria, drogas, medicamentos, isquemia o disminuci\u00f3n del flujo sangu\u00edneo en direcci\u00f3n al h\u00edgado e incluso las toxinas. La hepatitis viral sigue siendo una causa frecuente de la hepatitis, que es provocada por un virus que ataca directamente las c\u00e9lulas del h\u00edgado (p. ej., hepatocitos).","breadcrumb":{"@id":"https:\/\/cmeded.com\/es\/chronic-disease\/understanding-hepatitis-b-c\/#breadcrumb"},"inLanguage":"es","potentialAction":[{"@type":"ReadAction","target":["https:\/\/cmeded.com\/es\/chronic-disease\/understanding-hepatitis-b-c\/"]}]},{"@type":"ImageObject","inLanguage":"es","@id":"https:\/\/cmeded.com\/es\/chronic-disease\/understanding-hepatitis-b-c\/#primaryimage","url":"https:\/\/cmeded.com\/wp-content\/uploads\/sites\/4\/2015\/07\/Hepatitis-Stages-r4-es.jpg","contentUrl":"https:\/\/cmeded.com\/wp-content\/uploads\/sites\/4\/2015\/07\/Hepatitis-Stages-r4-es.jpg","width":1024,"height":861},{"@type":"BreadcrumbList","@id":"https:\/\/cmeded.com\/es\/chronic-disease\/understanding-hepatitis-b-c\/#breadcrumb","itemListElement":[{"@type":"ListItem","position":1,"name":"Home","item":"https:\/\/cmeded.com\/es\/"},{"@type":"ListItem","position":2,"name":"Enfermedades cr\u00f3nicas","item":"https:\/\/cmeded.com\/es\/chronic-disease\/"},{"@type":"ListItem","position":3,"name":"Informaci\u00f3n para comprender la hepatitis viral"}]},{"@type":"WebSite","@id":"https:\/\/cmeded.com\/es\/#website","url":"https:\/\/cmeded.com\/es\/","name":"CMedEd","description":"Recurso principal de informaci\u00f3n sobre el c\u00e1ncer","potentialAction":[{"@type":"SearchAction","target":{"@type":"EntryPoint","urlTemplate":"https:\/\/cmeded.com\/es\/?s={search_term_string}"},"query-input":{"@type":"PropertyValueSpecification","valueRequired":true,"valueName":"search_term_string"}}],"inLanguage":"es"}]}},"_links":{"self":[{"href":"https:\/\/cmeded.com\/es\/wp-json\/wp\/v2\/pages\/17771","targetHints":{"allow":["GET"]}}],"collection":[{"href":"https:\/\/cmeded.com\/es\/wp-json\/wp\/v2\/pages"}],"about":[{"href":"https:\/\/cmeded.com\/es\/wp-json\/wp\/v2\/types\/page"}],"author":[{"embeddable":true,"href":"https:\/\/cmeded.com\/es\/wp-json\/wp\/v2\/users\/5"}],"replies":[{"embeddable":true,"href":"https:\/\/cmeded.com\/es\/wp-json\/wp\/v2\/comments?post=17771"}],"version-history":[{"count":0,"href":"https:\/\/cmeded.com\/es\/wp-json\/wp\/v2\/pages\/17771\/revisions"}],"up":[{"embeddable":true,"href":"https:\/\/cmeded.com\/es\/wp-json\/wp\/v2\/pages\/18260"}],"wp:featuredmedia":[{"embeddable":true,"href":"https:\/\/cmeded.com\/es\/wp-json\/wp\/v2\/media\/19096"}],"wp:attachment":[{"href":"https:\/\/cmeded.com\/es\/wp-json\/wp\/v2\/media?parent=17771"}],"wp:term":[{"taxonomy":"post_tag","embeddable":true,"href":"https:\/\/cmeded.com\/es\/wp-json\/wp\/v2\/tags?post=17771"}],"curies":[{"name":"wp","href":"https:\/\/api.w.org\/{rel}","templated":true}]}}