{"id":17695,"date":"2014-12-16T11:15:25","date_gmt":"2014-12-16T17:15:25","guid":{"rendered":"http:\/\/cmeded.com\/?page_id=17695"},"modified":"2023-09-01T00:25:52","modified_gmt":"2023-09-01T05:25:52","slug":"treatment","status":"publish","type":"page","link":"https:\/\/cmeded.com\/es\/genitourinary\/understanding-penile-cancer\/treatment\/","title":{"rendered":"Tratamiento"},"content":{"rendered":"<h4 class=\"section-title\">Tratamiento<\/h4>\n<p class=\"section-content\">Las opciones de tratamiento para combatir el c\u00e1ncer de pene dependen de la ubicaci\u00f3n y el alcance del tumor, as\u00ed como del estado de salud general y las preferencias personales del paciente. El tratamiento principal del c\u00e1ncer de pene es la cirug\u00eda. A continuaci\u00f3n, se detallan algunos de los procedimientos que el m\u00e9dico puede recomendar:<\/p>\n<div class=\"divider\" id=\"\">\n\t\n\t<\/div>\n<div class=\"risk-factor\">\n<div class=\"symp-pic\">\n<div style='width: 100%; height: 100%; display: flex; flex-wrap: wrap; justify-content: center; align-items: center'>\n<img decoding=\"async\" src=\"\/wp-content\/uploads\/2013\/07\/Surgery177x175.jpg\" alt=\"Surgery\" style=\"height:155px;\"><br \/>\n<img decoding=\"async\" src=\"\/wp-content\/uploads\/2013\/02\/Surgery150.jpg\" alt=\"Surgery\" style=\"height:115px;\">\n<\/div>\n<\/div>\n<div class=\"risk-text-wrap\">\n<h5 class=\"section-title\">Cirug\u00eda<\/h5>\n<p class=\"section-content\">La cirug\u00eda es el tratamiento principal para todos los estadios del c\u00e1ncer de pene.  El m\u00e9dico puede recomendar cualquiera de los siguientes procedimientos, seg\u00fan el estadio de la enfermedad.  Los ganglios linf\u00e1ticos tambi\u00e9n pueden extirparse durante la cirug\u00eda.<\/p>\n<ul class=\"about-content\">\n<li><strong style=\"color:#336699;\">Circuncisi\u00f3n:<\/strong> una circuncisi\u00f3n es una cirug\u00eda para extraer el prepucio.  Con frecuencia, puede curar el c\u00e1ncer de pene que solo se encuentra en el prepucio.  Este procedimiento tambi\u00e9n puede recomendarse antes de la radioterapia, ya que la radiaci\u00f3n puede causar la inflamaci\u00f3n y la contracci\u00f3n del prepucio.<\/li>\n<li><strong style=\"color:#336699;\">Cirug\u00eda de Mohs:<\/strong> el m\u00e9dico extirpa el tumor retirando capas muy delgadas de piel y las examina al microscopio para verificar la presencia de c\u00e9lulas cancerosas. El m\u00e9dico continuar\u00e1 retirando capas delgadas hasta que no haya m\u00e1s c\u00e9lulas cancerosas. Este procedimiento le permite al m\u00e9dico extraer la menor cantidad de piel sana que sea posible para reducir al m\u00ednimo la incomodidad y la cicatrizaci\u00f3n patol\u00f3gica.<\/li>\n<li><strong style=\"color:#336699;\">Escisi\u00f3n simple:<\/strong> el cirujano utiliza un bistur\u00ed para extirpar el tumor y un  margen  de piel sana circundante. El margen de tejido sano depende del tama\u00f1o del tumor.<\/li>\n<li><strong style=\"color:#336699;\">Criocirug\u00eda:<\/strong> el m\u00e9dico utiliza un instrumento para rociar el tumor con nitr\u00f3geno l\u00edquido a fin de congelarlo y destruirlo. Puede repetir este proceso varias veces o combinarlo con otros tratamientos a fin de destruir todo el c\u00e1ncer. Este procedimiento es  m\u00ednimamente invasivo  y le permite al m\u00e9dico tratar el c\u00e1ncer con un da\u00f1o m\u00ednimo al tejido sano.<\/li>\n<li><strong style=\"color:#336699;\">Cirug\u00eda l\u00e1ser:<\/strong> el m\u00e9dico utiliza un haz de luz angosto e intenso para extirpar o destruir el tumor. El m\u00e9dico puede extirpar el tumor capa por capa, seg\u00fan la profundidad a la que se encuentre. Este es un procedimiento muy preciso que es f\u00e1cil de controlar sin causar mucho da\u00f1o al tejido sano.<\/li>\n<li><strong style=\"color:#336699;\">Penectom\u00eda parcial o total:<\/strong> una penectom\u00eda es una cirug\u00eda para extirpar todo el pene o parte de este.  Este procedimiento puede recomendarse en el caso de tumores que hayan crecido muy profundamente dentro del pene.  Si se necesita realizar una penectom\u00eda total, el m\u00e9dico crear\u00e1 un nuevo orificio para orinar en el \u00e1rea que se encuentra entre el ano y el escroto.  Para casos muy avanzados, el m\u00e9dico quiz\u00e1s deba extirpar tambi\u00e9n el escroto y los test\u00edculos.<\/li>\n<\/ul>\n<\/div>\n<div class=\"clearboth\"><\/div>\n<\/div>\n<div class=\"divider\" id=\"\">\n\t\n\t<\/div>\n<div class=\"risk-factor\">\n<div class=\"symp-pic\"><img decoding=\"async\" src=\"\/wp-content\/uploads\/2015\/09\/radiation-man.jpg\" class=\"aligncenter\" alt=\"Radioterapia\" style=\"height:150px;\"\/><\/div>\n<div class=\"risk-text-wrap\">\n<h5 class=\"section-title\">Radioterapia<\/h5>\n<p class=\"section-content\">En la radioterapia, se usan rayos de gran energ\u00eda para localizar y destruir las c\u00e9lulas cancerosas. En la radiaci\u00f3n con haces externos, un aparato de gran tama\u00f1o emite radiaci\u00f3n hacia el tumor desde el exterior del cuerpo. En la  radioterapia interna, el m\u00e9dico coloca gr\u00e1nulos radiactivos dentro del cuerpo, cerca del tumor.<\/p>\n<\/div>\n<div class=\"clearboth\"><\/div>\n<\/div>\n<div class=\"divider\" id=\"\">\n\t\n\t<\/div>\n<div class=\"risk-factor\">\n<div class=\"symp-pic\" ><div id=\"caption\" style=\"width: 210px\" class=\"wp-caption center aligncenter\"><a href=\"\/wp-content\/uploads\/2015\/12\/Chemotherapy-Male-IV-Therapy-WEB.jpg\" title=\"Click Image to Enlarge.\"><img decoding=\"async\" aria-describedby=\"caption-caption\" src=\"\/wp-content\/uploads\/2015\/12\/Chemotherapy-Male-IV-Therapy-WEB-200.jpg\" class=\"aligncenter\" alt=\"Quimioterapia\" style=\"height:150px;\"\/><\/a><p id=\"caption-caption\" class=\"wp-caption-text\">Click Image to Enlarge.<\/p><\/div><\/div>\n<div class=\"risk-text-wrap\">\n<h5 class=\"section-title\">Quimioterapia<\/h5>\n<p class=\"section-content\">La quimioterapia hace referencia al uso de medicamentos para localizar las c\u00e9lulas de r\u00e1pido crecimiento con el fin de destruir las c\u00e9lulas cancerosas.  El m\u00e9dico puede recomendar tanto la quimioterapia sist\u00e9mica como la quimioterapia t\u00f3pica para tratar el c\u00e1ncer de pene.  La quimioterapia sist\u00e9mica se inyecta en una vena o se administra por v\u00eda oral, y se desplaza a trav\u00e9s del torrente circulatorio para localizar las c\u00e9lulas cancerosas en todo el organismo.   La quimioterapia t\u00f3pica se realiza mediante la aplicaci\u00f3n de una crema o loci\u00f3n en la piel y se utiliza para tratar tumores superficiales que no hayan crecido muy profundamente dentro de la piel.<\/p>\n<\/div>\n<div class=\"clearboth\"><\/div>\n<\/div>\n<div class=\"divider\" id=\"\">\n\t\n\t<\/div>\n<div class=\"risk-factor\">\n<div class=\"symp-pic\"><img decoding=\"async\" src=\"\/wp-content\/uploads\/2014\/12\/Topical_therapy_210x177.jpg\" class=\"aligncenter\" alt=\"Terapia biol\u00f3gica t\u00f3pica\" style=\"height:150px;\"\/><\/div>\n<div class=\"risk-text-wrap\">\n<h5 class=\"section-title\">Terapia biol\u00f3gica t\u00f3pica<\/h5>\n<p class=\"section-content\">La terapia biol\u00f3gica estimula el sistema inmunol\u00f3gico del cuerpo y lo ayuda a combatir las c\u00e9lulas cancerosas. Estimula el sistema de defensa natural del cuerpo. El m\u00e9dico puede recomendar una forma t\u00f3pica de terapia biol\u00f3gica, como Imiquimod, para tratar el carcinoma in situ del pene. Alternativamente, se puede usar una forma t\u00f3pica de quimioterapia como el fluorouracilo para tratar el carcinoma de pene in situ.<\/p>\n<\/div>\n<div class=\"clearboth\"><\/div>\n<\/div>\n<div class=\"divider\" id=\"\">\n\t\n\t<\/div>\n<div class=\"risk-factor\">\n<div class=\"symp-pic\">\n<div class=\"symp-pic\">\n<div style='width: 100%; height: 100%; display: flex; flex-wrap: wrap; justify-content: center; align-items: center'>\n<img decoding=\"async\" src=\"\/wp-content\/uploads\/2013\/03\/Pathologist-201-150.jpg\" alt=\"Clinical Trials\" style=\"height:150px;\"><br \/>\n<img decoding=\"async\" src=\"\/wp-content\/uploads\/2021\/06\/white_doctor_giving_black_man_physical.jpg\" alt=\"Estudios cl\u00ednicos\" style=\"height:140px;\">\n<\/div>\n<\/div>\n<\/div>\n<div class=\"risk-text-wrap\">\n<h5 class=\"section-title\">Estudios cl\u00ednicos<\/h5>\n<p class=\"section-content\">Los estudios cl\u00ednicos permiten que los pacientes prueben un tratamiento nuevo antes de que est\u00e9 disponible para el p\u00fablico en general. En algunos casos, puede tratarse de un medicamento nuevo que no se ha utilizado antes en seres humanos; o bien, puede tratarse de un medicamento o una combinaci\u00f3n de medicamentos que no se utilizan actualmente para un tipo espec\u00edfico de c\u00e1ncer. En general, los estudios cl\u00ednicos en fase temprana se utilizan para probar los efectos secundarios de un medicamento o una combinaci\u00f3n de medicamentos; mientras que los estudios cl\u00ednicos en fase posterior se utilizan para determinar la eficacia de un tratamiento nuevo para un determinado tipo de c\u00e1ncer. Los estudios cl\u00ednicos permiten a m\u00e9dicos e investigadores mejorar el tratamiento de los tipos de c\u00e1ncer con terapias posiblemente m\u00e1s efectivas. Un estudio cl\u00ednico puede dar lugar a un medicamento nuevo e innovador; o bien, puede no tener efecto alguno. Es importante que hable con el m\u00e9dico acerca de las ventajas y desventajas de los estudios cl\u00ednicos para su situaci\u00f3n en particular.<\/p>\n<\/div>\n<div class=\"clearboth\"><\/div>\n<\/div>\n","protected":false},"excerpt":{"rendered":"<p>Tratamiento Las opciones de tratamiento para combatir el c\u00e1ncer de pene dependen de la ubicaci\u00f3n y el alcance del tumor, as\u00ed como del estado de salud general y las preferencias personales del paciente. El tratamiento principal del c\u00e1ncer de pene es la cirug\u00eda. A continuaci\u00f3n, se detallan algunos de los procedimientos que el m\u00e9dico puede [&hellip;]<\/p>\n","protected":false},"author":5,"featured_media":0,"parent":17685,"menu_order":6,"comment_status":"closed","ping_status":"closed","template":"template-tumor.php","meta":{"footnotes":""},"tags":[10],"class_list":["post-17695","page","type-page","status-publish","hentry","tag-members-only"],"yoast_head":"<!-- This site is optimized with the Yoast SEO plugin v25.0 - https:\/\/yoast.com\/wordpress\/plugins\/seo\/ -->\n<title>CMedEd | Informaci\u00f3n para comprender el c\u00e1ncer de pene | Tratamiento<\/title>\n<meta name=\"description\" content=\"Tratamiento Las opciones de tratamiento para combatir el c\u00e1ncer de pene dependen de la ubicaci\u00f3n y el alcance del tumor, as\u00ed como del estado de salud\" \/>\n<meta name=\"robots\" content=\"index, follow, max-snippet:-1, max-image-preview:large, max-video-preview:-1\" \/>\n<link rel=\"canonical\" href=\"https:\/\/cmeded.com\/es\/genitourinary\/understanding-penile-cancer\/treatment\/\" \/>\n<meta property=\"og:locale\" content=\"es_ES\" \/>\n<meta property=\"og:type\" content=\"article\" \/>\n<meta property=\"og:title\" content=\"CMedEd | Informaci\u00f3n para comprender el c\u00e1ncer de pene | Tratamiento\" \/>\n<meta property=\"og:description\" content=\"Tratamiento Las opciones de tratamiento para combatir el c\u00e1ncer de pene dependen de la ubicaci\u00f3n y el alcance del tumor, as\u00ed como del estado de salud\" \/>\n<meta property=\"og:url\" content=\"https:\/\/cmeded.com\/es\/genitourinary\/understanding-penile-cancer\/treatment\/\" \/>\n<meta property=\"og:site_name\" content=\"CMedEd\" \/>\n<meta property=\"article:modified_time\" content=\"2023-09-01T05:25:52+00:00\" \/>\n<meta name=\"twitter:card\" content=\"summary_large_image\" \/>\n<meta name=\"twitter:label1\" content=\"Tiempo de lectura\" \/>\n\t<meta name=\"twitter:data1\" content=\"6 minutos\" \/>\n<script type=\"application\/ld+json\" class=\"yoast-schema-graph\">{\"@context\":\"https:\/\/schema.org\",\"@graph\":[{\"@type\":\"WebPage\",\"@id\":\"https:\/\/cmeded.com\/es\/genitourinary\/understanding-penile-cancer\/treatment\/\",\"url\":\"https:\/\/cmeded.com\/es\/genitourinary\/understanding-penile-cancer\/treatment\/\",\"name\":\"CMedEd | Informaci\u00f3n para comprender el c\u00e1ncer de pene | Tratamiento\",\"isPartOf\":{\"@id\":\"https:\/\/cmeded.com\/es\/#website\"},\"datePublished\":\"2014-12-16T17:15:25+00:00\",\"dateModified\":\"2023-09-01T05:25:52+00:00\",\"description\":\"Tratamiento Las opciones de tratamiento para combatir el c\u00e1ncer de pene dependen de la ubicaci\u00f3n y el alcance del tumor, as\u00ed como del estado de salud\",\"breadcrumb\":{\"@id\":\"https:\/\/cmeded.com\/es\/genitourinary\/understanding-penile-cancer\/treatment\/#breadcrumb\"},\"inLanguage\":\"es\",\"potentialAction\":[{\"@type\":\"ReadAction\",\"target\":[\"https:\/\/cmeded.com\/es\/genitourinary\/understanding-penile-cancer\/treatment\/\"]}]},{\"@type\":\"BreadcrumbList\",\"@id\":\"https:\/\/cmeded.com\/es\/genitourinary\/understanding-penile-cancer\/treatment\/#breadcrumb\",\"itemListElement\":[{\"@type\":\"ListItem\",\"position\":1,\"name\":\"Home\",\"item\":\"https:\/\/cmeded.com\/es\/\"},{\"@type\":\"ListItem\",\"position\":2,\"name\":\"Genitourinario\",\"item\":\"https:\/\/cmeded.com\/es\/genitourinary\/\"},{\"@type\":\"ListItem\",\"position\":3,\"name\":\"Informaci\u00f3n para comprender el c\u00e1ncer de pene\",\"item\":\"https:\/\/cmeded.com\/es\/genitourinary\/understanding-penile-cancer\/\"},{\"@type\":\"ListItem\",\"position\":4,\"name\":\"Tratamiento\"}]},{\"@type\":\"WebSite\",\"@id\":\"https:\/\/cmeded.com\/es\/#website\",\"url\":\"https:\/\/cmeded.com\/es\/\",\"name\":\"CMedEd\",\"description\":\"Recurso principal de informaci\u00f3n sobre el c\u00e1ncer\",\"potentialAction\":[{\"@type\":\"SearchAction\",\"target\":{\"@type\":\"EntryPoint\",\"urlTemplate\":\"https:\/\/cmeded.com\/es\/?s={search_term_string}\"},\"query-input\":{\"@type\":\"PropertyValueSpecification\",\"valueRequired\":true,\"valueName\":\"search_term_string\"}}],\"inLanguage\":\"es\"}]}<\/script>\n<!-- \/ Yoast SEO plugin. -->","yoast_head_json":{"title":"CMedEd | Informaci\u00f3n para comprender el c\u00e1ncer de pene | Tratamiento","description":"Tratamiento Las opciones de tratamiento para combatir el c\u00e1ncer de pene dependen de la ubicaci\u00f3n y el alcance del tumor, as\u00ed como del estado de salud","robots":{"index":"index","follow":"follow","max-snippet":"max-snippet:-1","max-image-preview":"max-image-preview:large","max-video-preview":"max-video-preview:-1"},"canonical":"https:\/\/cmeded.com\/es\/genitourinary\/understanding-penile-cancer\/treatment\/","og_locale":"es_ES","og_type":"article","og_title":"CMedEd | Informaci\u00f3n para comprender el c\u00e1ncer de pene | Tratamiento","og_description":"Tratamiento Las opciones de tratamiento para combatir el c\u00e1ncer de pene dependen de la ubicaci\u00f3n y el alcance del tumor, as\u00ed como del estado de salud","og_url":"https:\/\/cmeded.com\/es\/genitourinary\/understanding-penile-cancer\/treatment\/","og_site_name":"CMedEd","article_modified_time":"2023-09-01T05:25:52+00:00","twitter_card":"summary_large_image","twitter_misc":{"Tiempo de lectura":"6 minutos"},"schema":{"@context":"https:\/\/schema.org","@graph":[{"@type":"WebPage","@id":"https:\/\/cmeded.com\/es\/genitourinary\/understanding-penile-cancer\/treatment\/","url":"https:\/\/cmeded.com\/es\/genitourinary\/understanding-penile-cancer\/treatment\/","name":"CMedEd | Informaci\u00f3n para comprender el c\u00e1ncer de pene | Tratamiento","isPartOf":{"@id":"https:\/\/cmeded.com\/es\/#website"},"datePublished":"2014-12-16T17:15:25+00:00","dateModified":"2023-09-01T05:25:52+00:00","description":"Tratamiento Las opciones de tratamiento para combatir el c\u00e1ncer de pene dependen de la ubicaci\u00f3n y el alcance del tumor, as\u00ed como del estado de salud","breadcrumb":{"@id":"https:\/\/cmeded.com\/es\/genitourinary\/understanding-penile-cancer\/treatment\/#breadcrumb"},"inLanguage":"es","potentialAction":[{"@type":"ReadAction","target":["https:\/\/cmeded.com\/es\/genitourinary\/understanding-penile-cancer\/treatment\/"]}]},{"@type":"BreadcrumbList","@id":"https:\/\/cmeded.com\/es\/genitourinary\/understanding-penile-cancer\/treatment\/#breadcrumb","itemListElement":[{"@type":"ListItem","position":1,"name":"Home","item":"https:\/\/cmeded.com\/es\/"},{"@type":"ListItem","position":2,"name":"Genitourinario","item":"https:\/\/cmeded.com\/es\/genitourinary\/"},{"@type":"ListItem","position":3,"name":"Informaci\u00f3n para comprender el c\u00e1ncer de pene","item":"https:\/\/cmeded.com\/es\/genitourinary\/understanding-penile-cancer\/"},{"@type":"ListItem","position":4,"name":"Tratamiento"}]},{"@type":"WebSite","@id":"https:\/\/cmeded.com\/es\/#website","url":"https:\/\/cmeded.com\/es\/","name":"CMedEd","description":"Recurso principal de informaci\u00f3n sobre el c\u00e1ncer","potentialAction":[{"@type":"SearchAction","target":{"@type":"EntryPoint","urlTemplate":"https:\/\/cmeded.com\/es\/?s={search_term_string}"},"query-input":{"@type":"PropertyValueSpecification","valueRequired":true,"valueName":"search_term_string"}}],"inLanguage":"es"}]}},"_links":{"self":[{"href":"https:\/\/cmeded.com\/es\/wp-json\/wp\/v2\/pages\/17695","targetHints":{"allow":["GET"]}}],"collection":[{"href":"https:\/\/cmeded.com\/es\/wp-json\/wp\/v2\/pages"}],"about":[{"href":"https:\/\/cmeded.com\/es\/wp-json\/wp\/v2\/types\/page"}],"author":[{"embeddable":true,"href":"https:\/\/cmeded.com\/es\/wp-json\/wp\/v2\/users\/5"}],"replies":[{"embeddable":true,"href":"https:\/\/cmeded.com\/es\/wp-json\/wp\/v2\/comments?post=17695"}],"version-history":[{"count":0,"href":"https:\/\/cmeded.com\/es\/wp-json\/wp\/v2\/pages\/17695\/revisions"}],"up":[{"embeddable":true,"href":"https:\/\/cmeded.com\/es\/wp-json\/wp\/v2\/pages\/17685"}],"wp:attachment":[{"href":"https:\/\/cmeded.com\/es\/wp-json\/wp\/v2\/media?parent=17695"}],"wp:term":[{"taxonomy":"post_tag","embeddable":true,"href":"https:\/\/cmeded.com\/es\/wp-json\/wp\/v2\/tags?post=17695"}],"curies":[{"name":"wp","href":"https:\/\/api.w.org\/{rel}","templated":true}]}}