{"id":17693,"date":"2014-12-16T10:57:27","date_gmt":"2014-12-16T16:57:27","guid":{"rendered":"http:\/\/cmeded.com\/?page_id=17693"},"modified":"2023-08-24T18:50:50","modified_gmt":"2023-08-24T23:50:50","slug":"staging","status":"publish","type":"page","link":"https:\/\/cmeded.com\/es\/genitourinary\/understanding-penile-cancer\/staging\/","title":{"rendered":"Estadificaci\u00f3n"},"content":{"rendered":"<h4 class=\"section-title\">Estadificaci\u00f3n<\/h4>\n<p class=\"section-content\">La estadificaci\u00f3n es un proceso que le indica al m\u00e9dico si el c\u00e1ncer se ha diseminado y, en caso de que as\u00ed sea, en qu\u00e9 medida. La estadificaci\u00f3n del c\u00e1ncer de pene depende de la ubicaci\u00f3n, del alcance y del grado del tumor. El grado del tumor es una descripci\u00f3n de c\u00f3mo se ven las c\u00e9lulas cancerosas al microscopio en comparaci\u00f3n con las c\u00e9lulas normales. La estadificaci\u00f3n es un paso importante en la evaluaci\u00f3n del pron\u00f3stico y las opciones de tratamiento.<\/p>\n<p><div class=\"space\" style=\"clear:both; height:25px;\"><\/div><br \/>\n<div class=\"one_third\"><br \/>\n<div id=\"stage\" style=\"width: 410px\" class=\"wp-caption alignnone\"><a href=\"\/wp-content\/uploads\/sites\/4\/2015\/06\/cancer-stages-es-1024x435.jpg\" title=\"Click Image to Enlarge.\"><img decoding=\"async\" aria-describedby=\"caption-stage\" src=\"\/wp-content\/uploads\/sites\/4\/2015\/06\/cancer-stages-es-1024x435.jpg\" alt=\"Estadificaci\u00f3n\" class=\"aligncenter\" width=\"300px\"\/><\/a><p id=\"caption-stage\" class=\"wp-caption-text\">Click Image to Enlarge.<\/p><\/div><br \/><\/div><br \/>\n<div class=\"two_third last\"><\/p>\n<ul class=\"about-content\">\n<li>\n<h5 class=\"section-title\">Estadio 0<\/h5>\n<p class=\"section-content\">Carcinoma localizado.  Se encuentran c\u00e9lulas an\u00f3malas, pero no invasivas, en la capa superior de la piel del pene.  <\/p>\n<\/li>\n<\/ul>\n<ul class=\"about-content\">\n<li>\n<h5 class=\"section-title\">Estadio I<\/h5>\n<p class=\"section-content\">El tumor se ha diseminado al tejido conjuntivo que se encuentra por debajo de capa superior de la piel.  El tumor es de escasa malignidad (grado 1 o 2).  El c\u00e1ncer no se ha diseminado a los vasos sangu\u00edneos ni linf\u00e1ticos.<\/p>\n<\/li>\n<\/ul>\n<ul class=\"about-content\">\n<li>\n<h5 class=\"section-title\">Estadio II<\/h5>\n<p class=\"section-content\">El tumor se ha diseminado al tejido conjuntivo que se encuentra por debajo de la capa superior de la piel. Es de gran malignidad (grado 3 o 4) O ha crecido dentro de los vasos sangu\u00edneos o linf\u00e1ticos.<\/p>\n<p class=\"section-content\">O<\/p>\n<p class=\"section-content\">El tumor se ha diseminado a las cavidades internas del pene (cuerpo esponjoso o cuerpo cavernoso).<\/p>\n<p class=\"section-content\">O<\/p>\n<p class=\"section-content\">El tumor ha invadido la uretra.<\/p>\n<\/li>\n<\/ul>\n<ul class=\"about-content\">\n<li>\n<h5 class=\"section-title\">Estadio IIIA<\/h5>\n<p class=\"section-content\">Cualquiera de los anteriores o todos; adem\u00e1s, el c\u00e1ncer se ha diseminado a un solo ganglio linf\u00e1tico de la ingle.<\/p>\n<\/li>\n<\/ul>\n<ul class=\"about-content\">\n<li>\n<h5 class=\"section-title\">Estadio IIIB<\/h5>\n<p class=\"section-content\">Cualquiera de los anteriores o todos; adem\u00e1s, el c\u00e1ncer se ha diseminado a varios ganglios linf\u00e1ticos (dos o m\u00e1s) de la ingle.<\/p>\n<\/li>\n<\/ul>\n<ul class=\"about-content\">\n<li>\n<h5 class=\"section-title\">Estadio IV<\/h5>\n<p class=\"section-content\">El tumor ha invadido estructuras adyacentes, tales como el pene.<\/p>\n<p class=\"section-content\">O<\/p>\n<p class=\"section-content\">El c\u00e1ncer de los ganglios linf\u00e1ticos de la ingle ha crecido hasta la superficie de los ganglios y en el tejido circundante.<\/p>\n<p class=\"section-content\">O<\/p>\n<p class=\"section-content\">El c\u00e1ncer se ha diseminado a \u00f3rganos o partes del cuerpo distantes.<\/p>\n<\/li>\n<\/ul>\n<p><\/div><div class=\"clearboth\"><\/div><\/p>\n<div class=\"clearboth\"><\/div>\n","protected":false},"excerpt":{"rendered":"<p>Estadificaci\u00f3n La estadificaci\u00f3n es un proceso que le indica al m\u00e9dico si el c\u00e1ncer se ha diseminado y, en caso de que as\u00ed sea, en qu\u00e9 medida. La estadificaci\u00f3n del c\u00e1ncer de pene depende de la ubicaci\u00f3n, del alcance y del grado del tumor. El grado del tumor es una descripci\u00f3n de c\u00f3mo se ven [&hellip;]<\/p>\n","protected":false},"author":5,"featured_media":0,"parent":17685,"menu_order":5,"comment_status":"closed","ping_status":"closed","template":"template-tumor.php","meta":{"footnotes":""},"tags":[10],"class_list":["post-17693","page","type-page","status-publish","hentry","tag-members-only"],"yoast_head":"<!-- This site is optimized with the Yoast SEO plugin v25.0 - https:\/\/yoast.com\/wordpress\/plugins\/seo\/ -->\n<title>CMedEd | Informaci\u00f3n para comprender el c\u00e1ncer de pene | Estadificaci\u00f3n<\/title>\n<meta name=\"description\" content=\"Estadificaci\u00f3n La estadificaci\u00f3n es un proceso que le indica al m\u00e9dico si el c\u00e1ncer se ha diseminado y, en caso de que as\u00ed sea, en qu\u00e9 medida. La\" \/>\n<meta name=\"robots\" content=\"index, follow, max-snippet:-1, max-image-preview:large, max-video-preview:-1\" \/>\n<link rel=\"canonical\" href=\"https:\/\/cmeded.com\/es\/genitourinary\/understanding-penile-cancer\/staging\/\" \/>\n<meta property=\"og:locale\" content=\"es_ES\" \/>\n<meta property=\"og:type\" content=\"article\" \/>\n<meta property=\"og:title\" content=\"CMedEd | Informaci\u00f3n para comprender el c\u00e1ncer de pene | Estadificaci\u00f3n\" \/>\n<meta property=\"og:description\" content=\"Estadificaci\u00f3n La estadificaci\u00f3n es un proceso que le indica al m\u00e9dico si el c\u00e1ncer se ha diseminado y, en caso de que as\u00ed sea, en qu\u00e9 medida. La\" \/>\n<meta property=\"og:url\" content=\"https:\/\/cmeded.com\/es\/genitourinary\/understanding-penile-cancer\/staging\/\" \/>\n<meta property=\"og:site_name\" content=\"CMedEd\" \/>\n<meta property=\"article:modified_time\" content=\"2023-08-24T23:50:50+00:00\" \/>\n<meta name=\"twitter:card\" content=\"summary_large_image\" \/>\n<meta name=\"twitter:label1\" content=\"Tiempo de lectura\" \/>\n\t<meta name=\"twitter:data1\" content=\"2 minutos\" \/>\n<script type=\"application\/ld+json\" class=\"yoast-schema-graph\">{\"@context\":\"https:\/\/schema.org\",\"@graph\":[{\"@type\":\"WebPage\",\"@id\":\"https:\/\/cmeded.com\/es\/genitourinary\/understanding-penile-cancer\/staging\/\",\"url\":\"https:\/\/cmeded.com\/es\/genitourinary\/understanding-penile-cancer\/staging\/\",\"name\":\"CMedEd | Informaci\u00f3n para comprender el c\u00e1ncer de pene | Estadificaci\u00f3n\",\"isPartOf\":{\"@id\":\"https:\/\/cmeded.com\/es\/#website\"},\"datePublished\":\"2014-12-16T16:57:27+00:00\",\"dateModified\":\"2023-08-24T23:50:50+00:00\",\"description\":\"Estadificaci\u00f3n La estadificaci\u00f3n es un proceso que le indica al m\u00e9dico si el c\u00e1ncer se ha diseminado y, en caso de que as\u00ed sea, en qu\u00e9 medida. La\",\"breadcrumb\":{\"@id\":\"https:\/\/cmeded.com\/es\/genitourinary\/understanding-penile-cancer\/staging\/#breadcrumb\"},\"inLanguage\":\"es\",\"potentialAction\":[{\"@type\":\"ReadAction\",\"target\":[\"https:\/\/cmeded.com\/es\/genitourinary\/understanding-penile-cancer\/staging\/\"]}]},{\"@type\":\"BreadcrumbList\",\"@id\":\"https:\/\/cmeded.com\/es\/genitourinary\/understanding-penile-cancer\/staging\/#breadcrumb\",\"itemListElement\":[{\"@type\":\"ListItem\",\"position\":1,\"name\":\"Home\",\"item\":\"https:\/\/cmeded.com\/es\/\"},{\"@type\":\"ListItem\",\"position\":2,\"name\":\"Genitourinario\",\"item\":\"https:\/\/cmeded.com\/es\/genitourinary\/\"},{\"@type\":\"ListItem\",\"position\":3,\"name\":\"Informaci\u00f3n para comprender el c\u00e1ncer de pene\",\"item\":\"https:\/\/cmeded.com\/es\/genitourinary\/understanding-penile-cancer\/\"},{\"@type\":\"ListItem\",\"position\":4,\"name\":\"Estadificaci\u00f3n\"}]},{\"@type\":\"WebSite\",\"@id\":\"https:\/\/cmeded.com\/es\/#website\",\"url\":\"https:\/\/cmeded.com\/es\/\",\"name\":\"CMedEd\",\"description\":\"Recurso principal de informaci\u00f3n sobre el c\u00e1ncer\",\"potentialAction\":[{\"@type\":\"SearchAction\",\"target\":{\"@type\":\"EntryPoint\",\"urlTemplate\":\"https:\/\/cmeded.com\/es\/?s={search_term_string}\"},\"query-input\":{\"@type\":\"PropertyValueSpecification\",\"valueRequired\":true,\"valueName\":\"search_term_string\"}}],\"inLanguage\":\"es\"}]}<\/script>\n<!-- \/ Yoast SEO plugin. -->","yoast_head_json":{"title":"CMedEd | Informaci\u00f3n para comprender el c\u00e1ncer de pene | Estadificaci\u00f3n","description":"Estadificaci\u00f3n La estadificaci\u00f3n es un proceso que le indica al m\u00e9dico si el c\u00e1ncer se ha diseminado y, en caso de que as\u00ed sea, en qu\u00e9 medida. La","robots":{"index":"index","follow":"follow","max-snippet":"max-snippet:-1","max-image-preview":"max-image-preview:large","max-video-preview":"max-video-preview:-1"},"canonical":"https:\/\/cmeded.com\/es\/genitourinary\/understanding-penile-cancer\/staging\/","og_locale":"es_ES","og_type":"article","og_title":"CMedEd | Informaci\u00f3n para comprender el c\u00e1ncer de pene | Estadificaci\u00f3n","og_description":"Estadificaci\u00f3n La estadificaci\u00f3n es un proceso que le indica al m\u00e9dico si el c\u00e1ncer se ha diseminado y, en caso de que as\u00ed sea, en qu\u00e9 medida. La","og_url":"https:\/\/cmeded.com\/es\/genitourinary\/understanding-penile-cancer\/staging\/","og_site_name":"CMedEd","article_modified_time":"2023-08-24T23:50:50+00:00","twitter_card":"summary_large_image","twitter_misc":{"Tiempo de lectura":"2 minutos"},"schema":{"@context":"https:\/\/schema.org","@graph":[{"@type":"WebPage","@id":"https:\/\/cmeded.com\/es\/genitourinary\/understanding-penile-cancer\/staging\/","url":"https:\/\/cmeded.com\/es\/genitourinary\/understanding-penile-cancer\/staging\/","name":"CMedEd | Informaci\u00f3n para comprender el c\u00e1ncer de pene | Estadificaci\u00f3n","isPartOf":{"@id":"https:\/\/cmeded.com\/es\/#website"},"datePublished":"2014-12-16T16:57:27+00:00","dateModified":"2023-08-24T23:50:50+00:00","description":"Estadificaci\u00f3n La estadificaci\u00f3n es un proceso que le indica al m\u00e9dico si el c\u00e1ncer se ha diseminado y, en caso de que as\u00ed sea, en qu\u00e9 medida. La","breadcrumb":{"@id":"https:\/\/cmeded.com\/es\/genitourinary\/understanding-penile-cancer\/staging\/#breadcrumb"},"inLanguage":"es","potentialAction":[{"@type":"ReadAction","target":["https:\/\/cmeded.com\/es\/genitourinary\/understanding-penile-cancer\/staging\/"]}]},{"@type":"BreadcrumbList","@id":"https:\/\/cmeded.com\/es\/genitourinary\/understanding-penile-cancer\/staging\/#breadcrumb","itemListElement":[{"@type":"ListItem","position":1,"name":"Home","item":"https:\/\/cmeded.com\/es\/"},{"@type":"ListItem","position":2,"name":"Genitourinario","item":"https:\/\/cmeded.com\/es\/genitourinary\/"},{"@type":"ListItem","position":3,"name":"Informaci\u00f3n para comprender el c\u00e1ncer de pene","item":"https:\/\/cmeded.com\/es\/genitourinary\/understanding-penile-cancer\/"},{"@type":"ListItem","position":4,"name":"Estadificaci\u00f3n"}]},{"@type":"WebSite","@id":"https:\/\/cmeded.com\/es\/#website","url":"https:\/\/cmeded.com\/es\/","name":"CMedEd","description":"Recurso principal de informaci\u00f3n sobre el c\u00e1ncer","potentialAction":[{"@type":"SearchAction","target":{"@type":"EntryPoint","urlTemplate":"https:\/\/cmeded.com\/es\/?s={search_term_string}"},"query-input":{"@type":"PropertyValueSpecification","valueRequired":true,"valueName":"search_term_string"}}],"inLanguage":"es"}]}},"_links":{"self":[{"href":"https:\/\/cmeded.com\/es\/wp-json\/wp\/v2\/pages\/17693","targetHints":{"allow":["GET"]}}],"collection":[{"href":"https:\/\/cmeded.com\/es\/wp-json\/wp\/v2\/pages"}],"about":[{"href":"https:\/\/cmeded.com\/es\/wp-json\/wp\/v2\/types\/page"}],"author":[{"embeddable":true,"href":"https:\/\/cmeded.com\/es\/wp-json\/wp\/v2\/users\/5"}],"replies":[{"embeddable":true,"href":"https:\/\/cmeded.com\/es\/wp-json\/wp\/v2\/comments?post=17693"}],"version-history":[{"count":0,"href":"https:\/\/cmeded.com\/es\/wp-json\/wp\/v2\/pages\/17693\/revisions"}],"up":[{"embeddable":true,"href":"https:\/\/cmeded.com\/es\/wp-json\/wp\/v2\/pages\/17685"}],"wp:attachment":[{"href":"https:\/\/cmeded.com\/es\/wp-json\/wp\/v2\/media?parent=17693"}],"wp:term":[{"taxonomy":"post_tag","embeddable":true,"href":"https:\/\/cmeded.com\/es\/wp-json\/wp\/v2\/tags?post=17693"}],"curies":[{"name":"wp","href":"https:\/\/api.w.org\/{rel}","templated":true}]}}