{"id":17688,"date":"2014-12-16T09:58:01","date_gmt":"2014-12-16T15:58:01","guid":{"rendered":"http:\/\/cmeded.com\/?page_id=17688"},"modified":"2023-08-24T18:50:50","modified_gmt":"2023-08-24T23:50:50","slug":"risk-factors","status":"publish","type":"page","link":"https:\/\/cmeded.com\/es\/genitourinary\/understanding-penile-cancer\/risk-factors\/","title":{"rendered":"Factores de riesgo"},"content":{"rendered":"<h4 class=\"section-title\">Factores de riesgo<\/h4>\n<p class=\"section-content\">Un factor de riesgo es una caracter\u00edstica, una conducta o una afecci\u00f3n que aumentan las posibilidades de contraer una enfermedad. El factor de riesgo m\u00e1s importante del c\u00e1ncer de pene es la infecci\u00f3n por el virus del papiloma humano (VPH). A continuaci\u00f3n, se detallan algunos de los principales factores de riesgo que inciden en el desarrollo del c\u00e1ncer de pene:<\/p>\n<div class=\"divider\" id=\"\">\n\t\n\t<\/div>\n<div class=\"risk-factor\">\n<div class=\"risk-pic\">\n\t\t<img decoding=\"async\" src=\"\/wp-content\/uploads\/2013\/05\/Human-Herpesvirus8a-150.jpg\" alt=\"Virus del papiloma humano\" class=\"aligncenter\" style=\"height:115px;\"\/>\n\t<\/div>\n<div class=\"risk-text\">\n<h5 class=\"section-title\">Virus del papiloma humano<\/h5>\n<p class=\"section-content\">Aproximadamente el 50 % de todos los casos de c\u00e1ncer de pene se han asociado a infecciones por VPH.  El VPH es una infecci\u00f3n de transmisi\u00f3n sexual (ITS) muy frecuente.  Muchas personas contraen VPH en alg\u00fan momento de la vida, y la enfermedad desaparece por s\u00ed sola.  Cuando el VPH no desaparece, puede ocasionar cambios precancerosos que pueden provocar c\u00e1ncer de pene.<\/p>\n<\/p><\/div>\n<div class=\"clearboth\"><\/div>\n<\/div>\n<div class=\"divider\" id=\"\">\n\t\n\t<\/div>\n<div class=\"risk-factor\">\n<div class=\"risk-pic\">\n\t\t<img decoding=\"async\" src=\"\/wp-content\/uploads\/2013\/02\/Surgery150.jpg\" alt=\"Circuncisi\u00f3n\" class=\"aligncenter\" style=\"height:115px;\"\/>\n\t<\/div>\n<div class=\"risk-text\">\n<h5 class=\"section-title\">Circuncisi\u00f3n<\/h5>\n<p class=\"section-content\">Los hombres circuncidados tienen menos probabilidades de contraer c\u00e1ncer de pene en comparaci\u00f3n con los hombres no circuncidados.  Tampoco pueden tener fimosis ni esmegma (ver a continuaci\u00f3n) y tienen menos probabilidades de contraer VPH.<\/p>\n<\/p><\/div>\n<div class=\"clearboth\"><\/div>\n<\/div>\n<div class=\"divider\" id=\"\">\n\t\n\t<\/div>\n<div class=\"risk-factor\">\n<div class=\"risk-pic\">\n\t\t<img decoding=\"async\" src=\"\/wp-content\/uploads\/2013\/03\/DoctorPatient115.png\" alt=\"Fimosis\" class=\"aligncenter\" style=\"height:115px;\"\/>\n\t<\/div>\n<div class=\"risk-text\">\n<h5 class=\"section-title\">Fimosis<\/h5>\n<p class=\"section-content\">La fimosis se presenta en hombres no circuncidados cuando el prepucio del pene se tensa y es dif\u00edcil tirarlo hacia atr\u00e1s.  Esta afecci\u00f3n aumenta el riesgo de contraer c\u00e1ncer de pene.<\/p>\n<\/p><\/div>\n<div class=\"clearboth\"><\/div>\n<\/div>\n<div class=\"divider\" id=\"\">\n\t\n\t<\/div>\n<div class=\"risk-factor\">\n<div class=\"risk-pic\">\n\t\t<img decoding=\"async\" src=\"\/wp-content\/uploads\/2013\/03\/PhysicalExam175v.jpg\" alt=\"Esmegma\" class=\"aligncenter\" style=\"height:115px;\"\/>\n\t<\/div>\n<div class=\"risk-text\">\n<h5 class=\"section-title\">Esmegma<\/h5>\n<p class=\"section-content\">El esmegma es una secreci\u00f3n espesa y aceitosa que puede acumularse debajo del prepucio.  Se genera a causa de c\u00e9lulas muertas de la piel y bacterias.  El esmegma es m\u00e1s frecuente en hombres que tienen fimosis.  Si el \u00e1rea que se encuentra debajo del prepucio no se limpia con regularidad, el esmegma puede acumularse y causar irritaci\u00f3n e inflamaci\u00f3n, lo que aumenta el riesgo de padecer c\u00e1ncer de pene.<\/p>\n<\/p><\/div>\n<div class=\"clearboth\"><\/div>\n<\/div>\n<div class=\"divider\" id=\"\">\n\t\n\t<\/div>\n<div class=\"risk-factor\">\n<div class=\"risk-pic\">\n<div style='width: 100%; height: 100%; display: flex; flex-wrap: wrap; justify-content: center; align-items: center'>\n<img decoding=\"async\" src=\"\/wp-content\/uploads\/2013\/10\/MidAgeMan127x175.png\" alt=\"Edad\" style=\"height:130px;\"><br \/>\n<img decoding=\"async\" src=\"\/wp-content\/uploads\/2013\/10\/OldMan127x175.png\" alt=\"Edad\" style=\"height:135px;\">\n<\/div>\n<\/p><\/div>\n<div class=\"risk-text\">\n<h5 class=\"section-title\">Edad<\/h5>\n<p class=\"section-content\">El riesgo de contraer c\u00e1ncer de pene aumenta con la edad.  La mayor\u00eda de los casos se presentan en hombres mayores de 60 a\u00f1os de edad.<\/p>\n<\/p><\/div>\n<div class=\"clearboth\"><\/div>\n<\/div>\n<div class=\"divider\" id=\"\">\n\t\n\t<\/div>\n<div class=\"risk-factor\">\n<div class=\"risk-pic\">\n\t\t<img decoding=\"async\" src=\"\/wp-content\/uploads\/2013\/03\/HIVAIDS.png\" alt=\"SIDA\" class=\"aligncenter\" style=\"height:115px;\"\/>\n\t<\/div>\n<div class=\"risk-text\">\n<h5 class=\"section-title\">SIDA<\/h5>\n<p class=\"section-content\">La infecci\u00f3n del SIDA aumenta el riesgo de padecer c\u00e1ncer de pene, posiblemente debido a un sistema inmunitario debilitado.<\/p>\n<\/p><\/div>\n<div class=\"clearboth\"><\/div>\n<\/div>\n<div class=\"divider\" id=\"\">\n\t\n\t<\/div>\n<div class=\"risk-factor\">\n<div class=\"risk-pic\">\n\t\t<img decoding=\"async\" src=\"\/wp-content\/uploads\/2013\/04\/Actinic-Keratosis-150.jpg\" alt=\"Tratamiento de las psoriasis con luz ultravioleta\" class=\"aligncenter\" style=\"height:115px;\"\/>\n\t<\/div>\n<div class=\"risk-text\">\n<h5 class=\"section-title\">Tratamiento de las psoriasis con luz ultravioleta<\/h5>\n<p class=\"section-content\">Los hombres que han recibido tratamiento con luz ultravioleta para la psoriasis pueden presentar un riesgo mayor de contraer c\u00e1ncer de pene.<\/p>\n<\/p><\/div>\n<div class=\"clearboth\"><\/div>\n<\/div>\n<div class=\"divider\" id=\"\">\n\t\n\t<\/div>\n<div class=\"risk-factor\">\n<div class=\"risk-pic\">\n\t\t<img decoding=\"async\" src=\"\/wp-content\/uploads\/2013\/11\/weakness.jpg\" alt=\"Higiene personal deficiente\" class=\"aligncenter\" style=\"height:115px;\"\/>\n\t<\/div>\n<div class=\"risk-text\">\n<h5 class=\"section-title\">Higiene personal deficiente<\/h5>\n<p class=\"section-content\">La higiene personal deficiente aumenta el riesgo de padecer c\u00e1ncer de pene.  Los hombres cuya higiene es deficiente tienen m\u00e1s probabilidades de tener esmegma.<\/p>\n<\/p><\/div>\n<div class=\"clearboth\"><\/div>\n<\/div>\n<div class=\"divider\" id=\"\">\n\t\n\t<\/div>\n<div class=\"risk-factor\">\n<div class=\"risk-pic\">\n\t\t<img decoding=\"async\" src=\"\/wp-content\/uploads\/2013\/03\/SexualBehavior.jpg\" alt=\"Diferentes parejas sexuales\" class=\"aligncenter\" style=\"height:115px;\"\/>\n\t<\/div>\n<div class=\"risk-text\">\n<h5 class=\"section-title\">Diferentes parejas sexuales<\/h5>\n<p class=\"section-content\">Tener una conducta sexual poco segura puede aumentar el riesgo de contraer una infecci\u00f3n por VPH, lo cual, a su vez, puede incrementar el riesgo de contraer c\u00e1ncer de pene.<\/p>\n<\/p><\/div>\n<div class=\"clearboth\"><\/div>\n<\/div>\n<div class=\"divider\" id=\"\">\n\t\n\t<\/div>\n<div class=\"risk-factor\">\n<div class=\"risk-pic\">\n\t\t<img decoding=\"async\" src=\"\/wp-content\/uploads\/2013\/01\/Smoking.jpg\" alt=\"Tabaquismo\" class=\"aligncenter\" style=\"height:115px;\"\/>\n\t<\/div>\n<div class=\"risk-text\">\n<h5 class=\"section-title\">Tabaquismo<\/h5>\n<p class=\"section-content\">Las toxinas que provienen del humo del tabaco pueden desplazarse a trav\u00e9s del torrente circulatorio y da\u00f1ar las c\u00e9lulas del pene, lo que aumenta el riesgo de padecer c\u00e1ncer de pene.<\/p>\n<\/p><\/div>\n<div class=\"clearboth\"><\/div>\n<\/div>\n","protected":false},"excerpt":{"rendered":"<p>Factores de riesgo Un factor de riesgo es una caracter\u00edstica, una conducta o una afecci\u00f3n que aumentan las posibilidades de contraer una enfermedad. El factor de riesgo m\u00e1s importante del c\u00e1ncer de pene es la infecci\u00f3n por el virus del papiloma humano (VPH). A continuaci\u00f3n, se detallan algunos de los principales factores de riesgo que [&hellip;]<\/p>\n","protected":false},"author":5,"featured_media":0,"parent":17685,"menu_order":2,"comment_status":"closed","ping_status":"closed","template":"template-tumor.php","meta":{"footnotes":""},"tags":[10],"class_list":["post-17688","page","type-page","status-publish","hentry","tag-members-only"],"yoast_head":"<!-- This site is optimized with the Yoast SEO plugin v25.0 - https:\/\/yoast.com\/wordpress\/plugins\/seo\/ -->\n<title>CMedEd | Informaci\u00f3n para comprender el c\u00e1ncer de pene | Factores de riesgo<\/title>\n<meta name=\"description\" content=\"Factores de riesgo Un factor de riesgo es una caracter\u00edstica, una conducta o una afecci\u00f3n que aumentan las posibilidades de contraer una enfermedad. El\" \/>\n<meta name=\"robots\" content=\"index, follow, max-snippet:-1, max-image-preview:large, max-video-preview:-1\" \/>\n<link rel=\"canonical\" href=\"https:\/\/cmeded.com\/es\/genitourinary\/understanding-penile-cancer\/risk-factors\/\" \/>\n<meta property=\"og:locale\" content=\"es_ES\" \/>\n<meta property=\"og:type\" content=\"article\" \/>\n<meta property=\"og:title\" content=\"CMedEd | Informaci\u00f3n para comprender el c\u00e1ncer de pene | Factores de riesgo\" \/>\n<meta property=\"og:description\" content=\"Factores de riesgo Un factor de riesgo es una caracter\u00edstica, una conducta o una afecci\u00f3n que aumentan las posibilidades de contraer una enfermedad. El\" \/>\n<meta property=\"og:url\" content=\"https:\/\/cmeded.com\/es\/genitourinary\/understanding-penile-cancer\/risk-factors\/\" \/>\n<meta property=\"og:site_name\" content=\"CMedEd\" \/>\n<meta property=\"article:modified_time\" content=\"2023-08-24T23:50:50+00:00\" \/>\n<meta name=\"twitter:card\" content=\"summary_large_image\" \/>\n<meta name=\"twitter:label1\" content=\"Tiempo de lectura\" \/>\n\t<meta name=\"twitter:data1\" content=\"2 minutos\" \/>\n<script type=\"application\/ld+json\" class=\"yoast-schema-graph\">{\"@context\":\"https:\/\/schema.org\",\"@graph\":[{\"@type\":\"WebPage\",\"@id\":\"https:\/\/cmeded.com\/es\/genitourinary\/understanding-penile-cancer\/risk-factors\/\",\"url\":\"https:\/\/cmeded.com\/es\/genitourinary\/understanding-penile-cancer\/risk-factors\/\",\"name\":\"CMedEd | Informaci\u00f3n para comprender el c\u00e1ncer de pene | Factores de riesgo\",\"isPartOf\":{\"@id\":\"https:\/\/cmeded.com\/es\/#website\"},\"datePublished\":\"2014-12-16T15:58:01+00:00\",\"dateModified\":\"2023-08-24T23:50:50+00:00\",\"description\":\"Factores de riesgo Un factor de riesgo es una caracter\u00edstica, una conducta o una afecci\u00f3n que aumentan las posibilidades de contraer una enfermedad. El\",\"breadcrumb\":{\"@id\":\"https:\/\/cmeded.com\/es\/genitourinary\/understanding-penile-cancer\/risk-factors\/#breadcrumb\"},\"inLanguage\":\"es\",\"potentialAction\":[{\"@type\":\"ReadAction\",\"target\":[\"https:\/\/cmeded.com\/es\/genitourinary\/understanding-penile-cancer\/risk-factors\/\"]}]},{\"@type\":\"BreadcrumbList\",\"@id\":\"https:\/\/cmeded.com\/es\/genitourinary\/understanding-penile-cancer\/risk-factors\/#breadcrumb\",\"itemListElement\":[{\"@type\":\"ListItem\",\"position\":1,\"name\":\"Home\",\"item\":\"https:\/\/cmeded.com\/es\/\"},{\"@type\":\"ListItem\",\"position\":2,\"name\":\"Genitourinario\",\"item\":\"https:\/\/cmeded.com\/es\/genitourinary\/\"},{\"@type\":\"ListItem\",\"position\":3,\"name\":\"Informaci\u00f3n para comprender el c\u00e1ncer de pene\",\"item\":\"https:\/\/cmeded.com\/es\/genitourinary\/understanding-penile-cancer\/\"},{\"@type\":\"ListItem\",\"position\":4,\"name\":\"Factores de riesgo\"}]},{\"@type\":\"WebSite\",\"@id\":\"https:\/\/cmeded.com\/es\/#website\",\"url\":\"https:\/\/cmeded.com\/es\/\",\"name\":\"CMedEd\",\"description\":\"Recurso principal de informaci\u00f3n sobre el c\u00e1ncer\",\"potentialAction\":[{\"@type\":\"SearchAction\",\"target\":{\"@type\":\"EntryPoint\",\"urlTemplate\":\"https:\/\/cmeded.com\/es\/?s={search_term_string}\"},\"query-input\":{\"@type\":\"PropertyValueSpecification\",\"valueRequired\":true,\"valueName\":\"search_term_string\"}}],\"inLanguage\":\"es\"}]}<\/script>\n<!-- \/ Yoast SEO plugin. -->","yoast_head_json":{"title":"CMedEd | Informaci\u00f3n para comprender el c\u00e1ncer de pene | Factores de riesgo","description":"Factores de riesgo Un factor de riesgo es una caracter\u00edstica, una conducta o una afecci\u00f3n que aumentan las posibilidades de contraer una enfermedad. El","robots":{"index":"index","follow":"follow","max-snippet":"max-snippet:-1","max-image-preview":"max-image-preview:large","max-video-preview":"max-video-preview:-1"},"canonical":"https:\/\/cmeded.com\/es\/genitourinary\/understanding-penile-cancer\/risk-factors\/","og_locale":"es_ES","og_type":"article","og_title":"CMedEd | Informaci\u00f3n para comprender el c\u00e1ncer de pene | Factores de riesgo","og_description":"Factores de riesgo Un factor de riesgo es una caracter\u00edstica, una conducta o una afecci\u00f3n que aumentan las posibilidades de contraer una enfermedad. El","og_url":"https:\/\/cmeded.com\/es\/genitourinary\/understanding-penile-cancer\/risk-factors\/","og_site_name":"CMedEd","article_modified_time":"2023-08-24T23:50:50+00:00","twitter_card":"summary_large_image","twitter_misc":{"Tiempo de lectura":"2 minutos"},"schema":{"@context":"https:\/\/schema.org","@graph":[{"@type":"WebPage","@id":"https:\/\/cmeded.com\/es\/genitourinary\/understanding-penile-cancer\/risk-factors\/","url":"https:\/\/cmeded.com\/es\/genitourinary\/understanding-penile-cancer\/risk-factors\/","name":"CMedEd | Informaci\u00f3n para comprender el c\u00e1ncer de pene | Factores de riesgo","isPartOf":{"@id":"https:\/\/cmeded.com\/es\/#website"},"datePublished":"2014-12-16T15:58:01+00:00","dateModified":"2023-08-24T23:50:50+00:00","description":"Factores de riesgo Un factor de riesgo es una caracter\u00edstica, una conducta o una afecci\u00f3n que aumentan las posibilidades de contraer una enfermedad. El","breadcrumb":{"@id":"https:\/\/cmeded.com\/es\/genitourinary\/understanding-penile-cancer\/risk-factors\/#breadcrumb"},"inLanguage":"es","potentialAction":[{"@type":"ReadAction","target":["https:\/\/cmeded.com\/es\/genitourinary\/understanding-penile-cancer\/risk-factors\/"]}]},{"@type":"BreadcrumbList","@id":"https:\/\/cmeded.com\/es\/genitourinary\/understanding-penile-cancer\/risk-factors\/#breadcrumb","itemListElement":[{"@type":"ListItem","position":1,"name":"Home","item":"https:\/\/cmeded.com\/es\/"},{"@type":"ListItem","position":2,"name":"Genitourinario","item":"https:\/\/cmeded.com\/es\/genitourinary\/"},{"@type":"ListItem","position":3,"name":"Informaci\u00f3n para comprender el c\u00e1ncer de pene","item":"https:\/\/cmeded.com\/es\/genitourinary\/understanding-penile-cancer\/"},{"@type":"ListItem","position":4,"name":"Factores de riesgo"}]},{"@type":"WebSite","@id":"https:\/\/cmeded.com\/es\/#website","url":"https:\/\/cmeded.com\/es\/","name":"CMedEd","description":"Recurso principal de informaci\u00f3n sobre el c\u00e1ncer","potentialAction":[{"@type":"SearchAction","target":{"@type":"EntryPoint","urlTemplate":"https:\/\/cmeded.com\/es\/?s={search_term_string}"},"query-input":{"@type":"PropertyValueSpecification","valueRequired":true,"valueName":"search_term_string"}}],"inLanguage":"es"}]}},"_links":{"self":[{"href":"https:\/\/cmeded.com\/es\/wp-json\/wp\/v2\/pages\/17688","targetHints":{"allow":["GET"]}}],"collection":[{"href":"https:\/\/cmeded.com\/es\/wp-json\/wp\/v2\/pages"}],"about":[{"href":"https:\/\/cmeded.com\/es\/wp-json\/wp\/v2\/types\/page"}],"author":[{"embeddable":true,"href":"https:\/\/cmeded.com\/es\/wp-json\/wp\/v2\/users\/5"}],"replies":[{"embeddable":true,"href":"https:\/\/cmeded.com\/es\/wp-json\/wp\/v2\/comments?post=17688"}],"version-history":[{"count":0,"href":"https:\/\/cmeded.com\/es\/wp-json\/wp\/v2\/pages\/17688\/revisions"}],"up":[{"embeddable":true,"href":"https:\/\/cmeded.com\/es\/wp-json\/wp\/v2\/pages\/17685"}],"wp:attachment":[{"href":"https:\/\/cmeded.com\/es\/wp-json\/wp\/v2\/media?parent=17688"}],"wp:term":[{"taxonomy":"post_tag","embeddable":true,"href":"https:\/\/cmeded.com\/es\/wp-json\/wp\/v2\/tags?post=17688"}],"curies":[{"name":"wp","href":"https:\/\/api.w.org\/{rel}","templated":true}]}}