{"id":17228,"date":"2014-06-11T14:55:51","date_gmt":"2014-06-11T19:55:51","guid":{"rendered":"http:\/\/cmeded.com\/?page_id=17228"},"modified":"2026-02-18T08:18:54","modified_gmt":"2026-02-18T14:18:54","slug":"about-us","status":"publish","type":"page","link":"https:\/\/cmeded.com\/es\/about-us\/","title":{"rendered":"Nosotros"},"content":{"rendered":"<div role=\"main\" class=\"no-glossary\">\n<p><img decoding=\"async\" class=\"aligncenter\" style=\"margin-bottom: 2em;\" src=\"https:\/\/cmeded.com\/wp-content\/uploads-bak\/uploads\/2014\/03\/cmeded_bluelogo_550.png\" alt=\"CMedEd Logo\" \/><\/p>\n<h2 class=\"about-us-title\" style=\"font-size: 35px; text-align: center;\">Acerca de CMedEd<\/h2>\n<p class=\"about-content\">En CMedEd, los pacientes son primero, siempre. Nos comprometemos a garantizar que las personas que luchan contra el c\u00e1ncer, sus familias y sus cuidadores, reciban el apoyo claro y compasivo que necesitan en cada paso del camino.<\/p>\n<p class=\"about-content\">Nadie deber\u00eda tener que enfrentarse al c\u00e1ncer solo o desinformado. Ya sea explicando t\u00e9rminos m\u00e9dicos complejos mediante ilustraciones, describiendo opciones de tratamiento o simplemente estando ah\u00ed para escuchar, CMedEd empodera a los pacientes y a sus seres queridos con el conocimiento y el apoyo emocional que merecen.<\/p>\n<p class=\"about-content\">Hablamos no s\u00f3lo como profesionales m\u00e9dicos sino como sus aliados porque en el centro de CMedEd est\u00e1 la creencia inquebrantable de que los pacientes informados y apoyados son pacientes m\u00e1s fuertes.<\/p>\n<p><iframe loading=\"lazy\"\n  src=\"https:\/\/player.vimeo.com\/video\/1163052707?h=4282942232&title=0&byline=0&portrait=0&badge=0&vimeo_logo=0\"\n  width=\"640\" height=\"360\"\n  frameborder=\"0\"\n  allow=\"autoplay; fullscreen; picture-in-picture\"\n  allowfullscreen><br \/>\n<\/iframe><\/p>\n<h2 class=\"about-us-title\" style=\"font-size: 35px; text-align: center;\">Para m\u00ed, es personal<\/h2>\n<p><img loading=\"lazy\" decoding=\"async\" class=\"aligncenter wp-image-23776 \" src=\"https:\/\/cmeded.com\/wp-content\/uploads\/2025\/01\/IMG_2917.png\" alt=\"\" width=\"302\" height=\"302\" oncontextmenu=\"return false;\"\/><\/p>\n<p>&nbsp;<\/p>\n<p class=\"about-content\">Cuando a mi padre le diagnosticaron c\u00e1ncer, no hab\u00eda recursos como los que tenemos hoy. No hab\u00eda un lugar f\u00e1cil para encontrar informaci\u00f3n en t\u00e9rminos simples y comprensibles. Su m\u00e9dico no ten\u00eda tiempo para explicarle lo que le estaba pasando. Siempre hab\u00eda prisa y a menudo se pasaban por alto detalles importantes, lo que nos dejaba con m\u00e1s preguntas que respuestas.<\/p>\n<p class=\"about-content\">Cre\u00e9 CMedEd para guiar a las personas y a las familias en el dif\u00edcil proceso que supone un diagn\u00f3stico de c\u00e1ncer. Nuestro objetivo es brindar informaci\u00f3n clara y f\u00e1cil de entender sobre el c\u00e1ncer, qu\u00e9 esperar, los tratamientos y m\u00e1s, para que pueda sentirse informado y empoderado en cada paso del camino.<\/p>\n<p class=\"about-content\">Espero que, a medida que navegue por el sitio, obtenga informaci\u00f3n valiosa y se sienta m\u00e1s en control del camino que le espera. No est\u00e1 solo en esto y comprender lo que est\u00e1 sucediendo puede marcar la diferencia en la forma en que enfrenta los desaf\u00edos de esta enfermedad.<\/p>\n<p class=\"about-content\" style=\"font-style: italic; text-align: center;\">-Phyllis Pittman, CEO &amp; Fundadora<\/p>\n<h2 class=\"about-us-title\" style=\"font-size: 35px; text-align: center;\">\u00bfPor qu\u00e9 CMedEd?<\/h2>\n<ul class=\"about-content\">\n<li><strong style=\"color: black;\">Enfoque Centrado en el Paciente:<\/strong> En CMedEd, las necesidades y el bienestar de los pacientes con c\u00e1ncer son nuestra principal prioridad.<\/li>\n<li><strong style=\"color: black;\">Informaci\u00f3n Confiable y Precisa:<\/strong> Nuestro contenido se basa en las \u00faltimas investigaciones y es revisado por expertos de instituciones m\u00e9dicas l\u00edderes, lo que garantiza que puede confiar en su precisi\u00f3n.<\/li>\n<li><strong style=\"color: black;\">Claridad y sencillez:<\/strong> Simplificamos temas m\u00e9dicos complejos, brindando explicaciones claras y elementos visuales, incluidas m\u00e1s de 2000 ilustraciones educativas.<\/li>\n<li><strong style=\"color: black;\">Recursos Actualizados:<\/strong> A medida que el conocimiento m\u00e9dico evoluciona r\u00e1pidamente, tambi\u00e9n lo hace CMedEd. Actualizamos continuamente nuestros recursos con las \u00faltimas investigaciones, tratamientos y pautas, lo que garantiza que tenga acceso a la informaci\u00f3n m\u00e1s pertinente.<\/li>\n<li><strong style=\"color: black;\">Contenido Imparcial y Sin Publicidad:<\/strong> CMedEd opera de forma independiente, sin publicidad y cuenta con el respaldo de la experiencia de casi 100 de los mejores especialistas en c\u00e1ncer.<\/li>\n<\/ul>\n<style>\n.about-content { font-size: 20px; line-height: 30px;};\nblockquote.patient-testimonial {display: flex; min-height: 52px; justify-content: center; flex-direction: column; font-family: Arial; font-size: 16px; color: #555; background: #f9f9f9; border-left: 2px solid #ccc; border-radius: 3px; margin: 1em 10px; padding: 0.5em 10px; quotes: \"\\201C\"\"\\201D\"\"\\2018\"\"\\2019\";}<br \/>li {margin: 1em;}<br \/>h1, h2, h3, h4, h5, h6 {font-weight: 900; margin-top: 1.5em;}<br \/><\/style>\n","protected":false},"excerpt":{"rendered":"<p>Acerca de CMedEd En CMedEd, los pacientes son primero, siempre. Nos comprometemos a garantizar que las personas que luchan contra el c\u00e1ncer, sus familias y sus cuidadores, reciban el apoyo claro y compasivo que necesitan en cada paso del camino. Nadie deber\u00eda tener que enfrentarse al c\u00e1ncer solo o desinformado. Ya sea explicando t\u00e9rminos m\u00e9dicos [&hellip;]<\/p>\n","protected":false},"author":5,"featured_media":0,"parent":0,"menu_order":0,"comment_status":"closed","ping_status":"open","template":"","meta":{"footnotes":""},"tags":[],"class_list":["post-17228","page","type-page","status-publish","hentry"],"yoast_head":"<!-- This site is optimized with the Yoast SEO plugin v25.0 - https:\/\/yoast.com\/wordpress\/plugins\/seo\/ -->\n<title>CMedEd | Nosotros<\/title>\n<meta name=\"description\" content=\"Acerca de CMedEd En CMedEd, los pacientes son primero, siempre. Nos comprometemos a garantizar que las personas que luchan contra el c\u00e1ncer, sus familias\" \/>\n<meta name=\"robots\" content=\"index, follow, max-snippet:-1, max-image-preview:large, max-video-preview:-1\" \/>\n<link rel=\"canonical\" href=\"https:\/\/cmeded.com\/es\/about-us\/\" \/>\n<meta property=\"og:locale\" content=\"es_ES\" \/>\n<meta property=\"og:type\" content=\"article\" \/>\n<meta property=\"og:title\" content=\"CMedEd | Nosotros\" \/>\n<meta property=\"og:description\" content=\"Acerca de CMedEd En CMedEd, los pacientes son primero, siempre. Nos comprometemos a garantizar que las personas que luchan contra el c\u00e1ncer, sus familias\" \/>\n<meta property=\"og:url\" content=\"https:\/\/cmeded.com\/es\/about-us\/\" \/>\n<meta property=\"og:site_name\" content=\"CMedEd\" \/>\n<meta property=\"article:modified_time\" content=\"2026-02-18T14:18:54+00:00\" \/>\n<meta property=\"og:image\" content=\"https:\/\/cmeded.com\/wp-content\/uploads-bak\/uploads\/2014\/03\/cmeded_bluelogo_550.png\" \/>\n<meta name=\"twitter:card\" content=\"summary_large_image\" \/>\n<meta name=\"twitter:label1\" content=\"Tiempo de lectura\" \/>\n\t<meta name=\"twitter:data1\" content=\"3 minutos\" \/>\n<script type=\"application\/ld+json\" class=\"yoast-schema-graph\">{\"@context\":\"https:\/\/schema.org\",\"@graph\":[{\"@type\":\"WebPage\",\"@id\":\"https:\/\/cmeded.com\/es\/about-us\/\",\"url\":\"https:\/\/cmeded.com\/es\/about-us\/\",\"name\":\"CMedEd | Nosotros\",\"isPartOf\":{\"@id\":\"https:\/\/cmeded.com\/es\/#website\"},\"primaryImageOfPage\":{\"@id\":\"https:\/\/cmeded.com\/es\/about-us\/#primaryimage\"},\"image\":{\"@id\":\"https:\/\/cmeded.com\/es\/about-us\/#primaryimage\"},\"thumbnailUrl\":\"https:\/\/cmeded.com\/wp-content\/uploads-bak\/uploads\/2014\/03\/cmeded_bluelogo_550.png\",\"datePublished\":\"2014-06-11T19:55:51+00:00\",\"dateModified\":\"2026-02-18T14:18:54+00:00\",\"description\":\"Acerca de CMedEd En CMedEd, los pacientes son primero, siempre. Nos comprometemos a garantizar que las personas que luchan contra el c\u00e1ncer, sus familias\",\"breadcrumb\":{\"@id\":\"https:\/\/cmeded.com\/es\/about-us\/#breadcrumb\"},\"inLanguage\":\"es\",\"potentialAction\":[{\"@type\":\"ReadAction\",\"target\":[\"https:\/\/cmeded.com\/es\/about-us\/\"]}]},{\"@type\":\"ImageObject\",\"inLanguage\":\"es\",\"@id\":\"https:\/\/cmeded.com\/es\/about-us\/#primaryimage\",\"url\":\"https:\/\/cmeded.com\/wp-content\/uploads-bak\/uploads\/2014\/03\/cmeded_bluelogo_550.png\",\"contentUrl\":\"https:\/\/cmeded.com\/wp-content\/uploads-bak\/uploads\/2014\/03\/cmeded_bluelogo_550.png\"},{\"@type\":\"BreadcrumbList\",\"@id\":\"https:\/\/cmeded.com\/es\/about-us\/#breadcrumb\",\"itemListElement\":[{\"@type\":\"ListItem\",\"position\":1,\"name\":\"Home\",\"item\":\"https:\/\/cmeded.com\/es\/\"},{\"@type\":\"ListItem\",\"position\":2,\"name\":\"Nosotros\"}]},{\"@type\":\"WebSite\",\"@id\":\"https:\/\/cmeded.com\/es\/#website\",\"url\":\"https:\/\/cmeded.com\/es\/\",\"name\":\"CMedEd\",\"description\":\"Recurso principal de informaci\u00f3n sobre el c\u00e1ncer\",\"potentialAction\":[{\"@type\":\"SearchAction\",\"target\":{\"@type\":\"EntryPoint\",\"urlTemplate\":\"https:\/\/cmeded.com\/es\/?s={search_term_string}\"},\"query-input\":{\"@type\":\"PropertyValueSpecification\",\"valueRequired\":true,\"valueName\":\"search_term_string\"}}],\"inLanguage\":\"es\"}]}<\/script>\n<!-- \/ Yoast SEO plugin. -->","yoast_head_json":{"title":"CMedEd | Nosotros","description":"Acerca de CMedEd En CMedEd, los pacientes son primero, siempre. Nos comprometemos a garantizar que las personas que luchan contra el c\u00e1ncer, sus familias","robots":{"index":"index","follow":"follow","max-snippet":"max-snippet:-1","max-image-preview":"max-image-preview:large","max-video-preview":"max-video-preview:-1"},"canonical":"https:\/\/cmeded.com\/es\/about-us\/","og_locale":"es_ES","og_type":"article","og_title":"CMedEd | Nosotros","og_description":"Acerca de CMedEd En CMedEd, los pacientes son primero, siempre. Nos comprometemos a garantizar que las personas que luchan contra el c\u00e1ncer, sus familias","og_url":"https:\/\/cmeded.com\/es\/about-us\/","og_site_name":"CMedEd","article_modified_time":"2026-02-18T14:18:54+00:00","og_image":[{"url":"https:\/\/cmeded.com\/wp-content\/uploads-bak\/uploads\/2014\/03\/cmeded_bluelogo_550.png","type":"","width":"","height":""}],"twitter_card":"summary_large_image","twitter_misc":{"Tiempo de lectura":"3 minutos"},"schema":{"@context":"https:\/\/schema.org","@graph":[{"@type":"WebPage","@id":"https:\/\/cmeded.com\/es\/about-us\/","url":"https:\/\/cmeded.com\/es\/about-us\/","name":"CMedEd | Nosotros","isPartOf":{"@id":"https:\/\/cmeded.com\/es\/#website"},"primaryImageOfPage":{"@id":"https:\/\/cmeded.com\/es\/about-us\/#primaryimage"},"image":{"@id":"https:\/\/cmeded.com\/es\/about-us\/#primaryimage"},"thumbnailUrl":"https:\/\/cmeded.com\/wp-content\/uploads-bak\/uploads\/2014\/03\/cmeded_bluelogo_550.png","datePublished":"2014-06-11T19:55:51+00:00","dateModified":"2026-02-18T14:18:54+00:00","description":"Acerca de CMedEd En CMedEd, los pacientes son primero, siempre. Nos comprometemos a garantizar que las personas que luchan contra el c\u00e1ncer, sus familias","breadcrumb":{"@id":"https:\/\/cmeded.com\/es\/about-us\/#breadcrumb"},"inLanguage":"es","potentialAction":[{"@type":"ReadAction","target":["https:\/\/cmeded.com\/es\/about-us\/"]}]},{"@type":"ImageObject","inLanguage":"es","@id":"https:\/\/cmeded.com\/es\/about-us\/#primaryimage","url":"https:\/\/cmeded.com\/wp-content\/uploads-bak\/uploads\/2014\/03\/cmeded_bluelogo_550.png","contentUrl":"https:\/\/cmeded.com\/wp-content\/uploads-bak\/uploads\/2014\/03\/cmeded_bluelogo_550.png"},{"@type":"BreadcrumbList","@id":"https:\/\/cmeded.com\/es\/about-us\/#breadcrumb","itemListElement":[{"@type":"ListItem","position":1,"name":"Home","item":"https:\/\/cmeded.com\/es\/"},{"@type":"ListItem","position":2,"name":"Nosotros"}]},{"@type":"WebSite","@id":"https:\/\/cmeded.com\/es\/#website","url":"https:\/\/cmeded.com\/es\/","name":"CMedEd","description":"Recurso principal de informaci\u00f3n sobre el c\u00e1ncer","potentialAction":[{"@type":"SearchAction","target":{"@type":"EntryPoint","urlTemplate":"https:\/\/cmeded.com\/es\/?s={search_term_string}"},"query-input":{"@type":"PropertyValueSpecification","valueRequired":true,"valueName":"search_term_string"}}],"inLanguage":"es"}]}},"_links":{"self":[{"href":"https:\/\/cmeded.com\/es\/wp-json\/wp\/v2\/pages\/17228","targetHints":{"allow":["GET"]}}],"collection":[{"href":"https:\/\/cmeded.com\/es\/wp-json\/wp\/v2\/pages"}],"about":[{"href":"https:\/\/cmeded.com\/es\/wp-json\/wp\/v2\/types\/page"}],"author":[{"embeddable":true,"href":"https:\/\/cmeded.com\/es\/wp-json\/wp\/v2\/users\/5"}],"replies":[{"embeddable":true,"href":"https:\/\/cmeded.com\/es\/wp-json\/wp\/v2\/comments?post=17228"}],"version-history":[{"count":0,"href":"https:\/\/cmeded.com\/es\/wp-json\/wp\/v2\/pages\/17228\/revisions"}],"wp:attachment":[{"href":"https:\/\/cmeded.com\/es\/wp-json\/wp\/v2\/media?parent=17228"}],"wp:term":[{"taxonomy":"post_tag","embeddable":true,"href":"https:\/\/cmeded.com\/es\/wp-json\/wp\/v2\/tags?post=17228"}],"curies":[{"name":"wp","href":"https:\/\/api.w.org\/{rel}","templated":true}]}}