{"id":16631,"date":"2014-04-22T16:32:55","date_gmt":"2014-04-22T21:32:55","guid":{"rendered":"http:\/\/cmeded.com\/?page_id=16631"},"modified":"2023-08-24T18:47:47","modified_gmt":"2023-08-24T23:47:47","slug":"changes","status":"publish","type":"page","link":"https:\/\/cmeded.com\/es\/cancer-explained\/managing-the-side-effects-of-chemotherapy-2\/changes\/","title":{"rendered":"Cambios en la piel y las u\u00f1as"},"content":{"rendered":"<p><img decoding=\"async\" src=\"\/wp-content\/uploads\/2014\/02\/cmeded_caption_blue.png\" class=\"aligncenter print-logo\" alt=\"print-logo\"\/><\/p>\n<h2 class=\"page-title\">C\u00f3mo controlar los efectos secundarios de la quimioterapia<\/h2>\n<div id=\"ChemoMenu\"><\/div>\n<div class=\"clearboth\"><\/div>\n<div class=\"arrow-bg-right\">\n<a href=\"https:\/\/cmeded.com\/es\/cancer-explained\/managing-the-side-effects-of-chemotherapy-2\/long-term\/\" title=\"Efectos a largo plazo\"><span class=\"screenreader\">Next Page: <\/span>Efectos a largo plazo<\/a>\n<\/div>\n<div class=\"arrow-bg-left\">\n<a href=\"https:\/\/cmeded.com\/es\/cancer-explained\/managing-the-side-effects-of-chemotherapy-2\/memory-and-concentration\/\" title=\"Problemas de memoria y concentraci\u00f3n\"><span class=\"screenreader\">Previous Page: <\/span>Problemas de memoria y concentraci\u00f3n<\/a>\n<\/div>\n<div class=\"clearboth\"><\/div>\n<div class=\"divider double \" id=\"\">\n\t\n\t<\/div>\n<div class=\"printer-icon\" onClick=\"window.print()\"><span class=\"print-text\">Print<\/span><\/div>\n<h4 id=\"skin\" class=\"section-title\">Cambios en la piel y las u\u00f1as<\/h4>\n<p class=\"section-content\">Las irritaciones leves de la piel son otros efectos secundarios frecuentes de la quimioterapia.  Es probable que la piel se enrojezca, se reseque o le pique, y que sus u\u00f1as se tornen oscuras, fr\u00e1giles o agrietadas. Es importante que trate la piel con suavidad y recuerde que la mayor\u00eda de estos cambios desaparecer\u00e1n cuando culmine el tratamiento.<\/p>\n<h5 class=\"section-title\">A continuaci\u00f3n, se presentan algunos consejos para controlar los cambios en la piel o las u\u00f1as durante la quimioterapia:<\/h5>\n<div class=\"space\" style=\"clear:both; height:10px;\"><\/div>\n<div class=\"one_third mng-chemo-mob-img\">\n<div class=\"one_half\">\n<img decoding=\"async\" src=\"\/wp-content\/uploads\/sites\/4\/2015\/06\/Lotion-cream-1024-es.png\" alt=\"Tome ba\u00f1os o duchas cortas y use un jab\u00f3n suave\" class=\"aligncenter\" style=\"max-height:100px;\"\/>\n<\/div>\n<div class=\"one_half last\">\n<img decoding=\"async\" src=\"\/wp-content\/uploads\/2013\/09\/BaggyClothes70x168.png\" alt=\"Use prendas c\u00f3modas, sueltas y suaves que no le irriten la piel\" class=\"aligncenter\" style=\"max-height:125px;\"\/>\n<\/div>\n<div class=\"clearboth\"><\/div>\n<div class=\"one_half\">\n<img decoding=\"async\" src=\"\/wp-content\/uploads\/2013\/04\/Humidifier100.png\" alt=\"Use un humidificador\" class=\"aligncenter\"\/>\n<\/div>\n<div class=\"one_half last\">\n<img decoding=\"async\" src=\"\/wp-content\/uploads\/2013\/04\/DoingDishes.png\" class=\"aligncenter\" alt=\"Use guantes cuando trabaje en el jard\u00edn o lave los platos\" \/>\n<\/div>\n<div class=\"clearboth\"><\/div>\n<\/div>\n<div class=\"two_third last mng-chemo-mob-txt\">\n<ul class=\"about-content\">\n<li>Tome ba\u00f1os o duchas cortas y use un jab\u00f3n suave.<\/li>\n<\/ul>\n<ul class=\"about-content\">\n<li>Use prendas c\u00f3modas, sueltas y suaves que no le irriten la piel.<\/li>\n<\/ul>\n<ul class=\"about-content\">\n<li>Use un humidificador. Sentir\u00e1 que la piel mejora en ambientes h\u00famedos y frescos.<\/li>\n<\/ul>\n<ul class=\"about-content\">\n<li>Use guantes cuando trabaje en el jard\u00edn o lave los platos.<\/li>\n<\/ul>\n<ul class=\"about-content\">\n<li>Mantenga humectada la piel con una loci\u00f3n o un producto hidratante.<\/li>\n<\/ul>\n<ul class=\"about-content\">\n<li>Evite usar colonias, perfumes y productos para despu\u00e9s de afeitarse que contengan alcohol.<\/li>\n<\/ul>\n<ul class=\"about-content\">\n<li>Use pantalla solar y sombrero cuando salga.<\/li>\n<\/ul>\n<ul class=\"about-content\">\n<li>Hable con el m\u00e9dico antes de hacerse una manicura o pedicura.<\/li>\n<\/ul>\n<\/div>\n<div class=\"clearboth\"><\/div>\n<div class=\"divider\" id=\"\">\n\t\n\t<\/div>\n<p class=\"section-content\">Los efectos secundarios de la quimioterapia pueden ser inoportunos, inc\u00f3modos y, en algunos momentos, dolorosos.  Es importante recordar que la mayor\u00eda de estos efectos secundarios son solo a corto plazo y que existen muchas maneras de controlarlos y sobrellevarlos.<\/p>\n<div class=\"clearboth\"><\/div>\n<div class=\"divider\" id=\"\">\n\t\n\t<\/div>\n<div class=\"arrow-bg-right\"><a href=\"https:\/\/cmeded.com\/es\/cancer-explained\/managing-the-side-effects-of-chemotherapy-2\/long-term\/\" title=\"Efectos a largo plazo\"><span class=\"screenreader\">Next Page: <\/span>Efectos a largo plazo<\/a><\/div>\n<div class=\"arrow-bg-left\"><a href=\"https:\/\/cmeded.com\/es\/cancer-explained\/managing-the-side-effects-of-chemotherapy-2\/memory-and-concentration\/\" title=\"Problemas de memoria y concentraci\u00f3n\"><span class=\"screenreader\">Previous Page: <\/span>Problemas de memoria y concentraci\u00f3n<\/a><\/div>\n","protected":false},"excerpt":{"rendered":"<p>C\u00f3mo controlar los efectos secundarios de la quimioterapia Print Cambios en la piel y las u\u00f1as Las irritaciones leves de la piel son otros efectos secundarios frecuentes de la quimioterapia. Es probable que la piel se enrojezca, se reseque o le pique, y que sus u\u00f1as se tornen oscuras, fr\u00e1giles o agrietadas. Es importante que [&hellip;]<\/p>\n","protected":false},"author":5,"featured_media":0,"parent":2760,"menu_order":12,"comment_status":"closed","ping_status":"open","template":"","meta":{"footnotes":""},"tags":[10],"class_list":["post-16631","page","type-page","status-publish","hentry","tag-members-only"],"yoast_head":"<!-- This site is optimized with the Yoast SEO plugin v25.0 - https:\/\/yoast.com\/wordpress\/plugins\/seo\/ -->\n<title>CMedEd | C\u00f3mo controlar los efectos secundarios de la quimioterapia | Cambios en la piel y las u\u00f1as<\/title>\n<meta name=\"description\" content=\"C\u00f3mo controlar los efectos secundarios de la quimioterapia Print Cambios en la piel y las u\u00f1as Las irritaciones leves de la piel son otros efectos\" \/>\n<meta name=\"robots\" content=\"index, follow, max-snippet:-1, max-image-preview:large, max-video-preview:-1\" \/>\n<link rel=\"canonical\" href=\"https:\/\/cmeded.com\/es\/cancer-explained\/managing-the-side-effects-of-chemotherapy-2\/changes\/\" \/>\n<meta property=\"og:locale\" content=\"es_ES\" \/>\n<meta property=\"og:type\" content=\"article\" \/>\n<meta property=\"og:title\" content=\"CMedEd | C\u00f3mo controlar los efectos secundarios de la quimioterapia | Cambios en la piel y las u\u00f1as\" \/>\n<meta property=\"og:description\" content=\"C\u00f3mo controlar los efectos secundarios de la quimioterapia Print Cambios en la piel y las u\u00f1as Las irritaciones leves de la piel son otros efectos\" \/>\n<meta property=\"og:url\" content=\"https:\/\/cmeded.com\/es\/cancer-explained\/managing-the-side-effects-of-chemotherapy-2\/changes\/\" \/>\n<meta property=\"og:site_name\" content=\"CMedEd\" \/>\n<meta property=\"article:modified_time\" content=\"2023-08-24T23:47:47+00:00\" \/>\n<meta name=\"twitter:card\" content=\"summary_large_image\" \/>\n<meta name=\"twitter:label1\" content=\"Tiempo de lectura\" \/>\n\t<meta name=\"twitter:data1\" content=\"1 minuto\" \/>\n<script type=\"application\/ld+json\" class=\"yoast-schema-graph\">{\"@context\":\"https:\/\/schema.org\",\"@graph\":[{\"@type\":\"WebPage\",\"@id\":\"https:\/\/cmeded.com\/es\/cancer-explained\/managing-the-side-effects-of-chemotherapy-2\/changes\/\",\"url\":\"https:\/\/cmeded.com\/es\/cancer-explained\/managing-the-side-effects-of-chemotherapy-2\/changes\/\",\"name\":\"CMedEd | C\u00f3mo controlar los efectos secundarios de la quimioterapia | Cambios en la piel y las u\u00f1as\",\"isPartOf\":{\"@id\":\"https:\/\/cmeded.com\/es\/#website\"},\"datePublished\":\"2014-04-22T21:32:55+00:00\",\"dateModified\":\"2023-08-24T23:47:47+00:00\",\"description\":\"C\u00f3mo controlar los efectos secundarios de la quimioterapia Print Cambios en la piel y las u\u00f1as Las irritaciones leves de la piel son otros efectos\",\"breadcrumb\":{\"@id\":\"https:\/\/cmeded.com\/es\/cancer-explained\/managing-the-side-effects-of-chemotherapy-2\/changes\/#breadcrumb\"},\"inLanguage\":\"es\",\"potentialAction\":[{\"@type\":\"ReadAction\",\"target\":[\"https:\/\/cmeded.com\/es\/cancer-explained\/managing-the-side-effects-of-chemotherapy-2\/changes\/\"]}]},{\"@type\":\"BreadcrumbList\",\"@id\":\"https:\/\/cmeded.com\/es\/cancer-explained\/managing-the-side-effects-of-chemotherapy-2\/changes\/#breadcrumb\",\"itemListElement\":[{\"@type\":\"ListItem\",\"position\":1,\"name\":\"Home\",\"item\":\"https:\/\/cmeded.com\/es\/\"},{\"@type\":\"ListItem\",\"position\":2,\"name\":\"Explicaci\u00f3n sobre el c\u00e1ncer\",\"item\":\"https:\/\/cmeded.com\/es\/cancer-explained\/\"},{\"@type\":\"ListItem\",\"position\":3,\"name\":\"C\u00f3mo controlar los efectos secundarios de la quimioterapia\",\"item\":\"https:\/\/cmeded.com\/es\/cancer-explained\/managing-the-side-effects-of-chemotherapy-2\/\"},{\"@type\":\"ListItem\",\"position\":4,\"name\":\"Cambios en la piel y las u\u00f1as\"}]},{\"@type\":\"WebSite\",\"@id\":\"https:\/\/cmeded.com\/es\/#website\",\"url\":\"https:\/\/cmeded.com\/es\/\",\"name\":\"CMedEd\",\"description\":\"Recurso principal de informaci\u00f3n sobre el c\u00e1ncer\",\"potentialAction\":[{\"@type\":\"SearchAction\",\"target\":{\"@type\":\"EntryPoint\",\"urlTemplate\":\"https:\/\/cmeded.com\/es\/?s={search_term_string}\"},\"query-input\":{\"@type\":\"PropertyValueSpecification\",\"valueRequired\":true,\"valueName\":\"search_term_string\"}}],\"inLanguage\":\"es\"}]}<\/script>\n<!-- \/ Yoast SEO plugin. -->","yoast_head_json":{"title":"CMedEd | C\u00f3mo controlar los efectos secundarios de la quimioterapia | Cambios en la piel y las u\u00f1as","description":"C\u00f3mo controlar los efectos secundarios de la quimioterapia Print Cambios en la piel y las u\u00f1as Las irritaciones leves de la piel son otros efectos","robots":{"index":"index","follow":"follow","max-snippet":"max-snippet:-1","max-image-preview":"max-image-preview:large","max-video-preview":"max-video-preview:-1"},"canonical":"https:\/\/cmeded.com\/es\/cancer-explained\/managing-the-side-effects-of-chemotherapy-2\/changes\/","og_locale":"es_ES","og_type":"article","og_title":"CMedEd | C\u00f3mo controlar los efectos secundarios de la quimioterapia | Cambios en la piel y las u\u00f1as","og_description":"C\u00f3mo controlar los efectos secundarios de la quimioterapia Print Cambios en la piel y las u\u00f1as Las irritaciones leves de la piel son otros efectos","og_url":"https:\/\/cmeded.com\/es\/cancer-explained\/managing-the-side-effects-of-chemotherapy-2\/changes\/","og_site_name":"CMedEd","article_modified_time":"2023-08-24T23:47:47+00:00","twitter_card":"summary_large_image","twitter_misc":{"Tiempo de lectura":"1 minuto"},"schema":{"@context":"https:\/\/schema.org","@graph":[{"@type":"WebPage","@id":"https:\/\/cmeded.com\/es\/cancer-explained\/managing-the-side-effects-of-chemotherapy-2\/changes\/","url":"https:\/\/cmeded.com\/es\/cancer-explained\/managing-the-side-effects-of-chemotherapy-2\/changes\/","name":"CMedEd | C\u00f3mo controlar los efectos secundarios de la quimioterapia | Cambios en la piel y las u\u00f1as","isPartOf":{"@id":"https:\/\/cmeded.com\/es\/#website"},"datePublished":"2014-04-22T21:32:55+00:00","dateModified":"2023-08-24T23:47:47+00:00","description":"C\u00f3mo controlar los efectos secundarios de la quimioterapia Print Cambios en la piel y las u\u00f1as Las irritaciones leves de la piel son otros efectos","breadcrumb":{"@id":"https:\/\/cmeded.com\/es\/cancer-explained\/managing-the-side-effects-of-chemotherapy-2\/changes\/#breadcrumb"},"inLanguage":"es","potentialAction":[{"@type":"ReadAction","target":["https:\/\/cmeded.com\/es\/cancer-explained\/managing-the-side-effects-of-chemotherapy-2\/changes\/"]}]},{"@type":"BreadcrumbList","@id":"https:\/\/cmeded.com\/es\/cancer-explained\/managing-the-side-effects-of-chemotherapy-2\/changes\/#breadcrumb","itemListElement":[{"@type":"ListItem","position":1,"name":"Home","item":"https:\/\/cmeded.com\/es\/"},{"@type":"ListItem","position":2,"name":"Explicaci\u00f3n sobre el c\u00e1ncer","item":"https:\/\/cmeded.com\/es\/cancer-explained\/"},{"@type":"ListItem","position":3,"name":"C\u00f3mo controlar los efectos secundarios de la quimioterapia","item":"https:\/\/cmeded.com\/es\/cancer-explained\/managing-the-side-effects-of-chemotherapy-2\/"},{"@type":"ListItem","position":4,"name":"Cambios en la piel y las u\u00f1as"}]},{"@type":"WebSite","@id":"https:\/\/cmeded.com\/es\/#website","url":"https:\/\/cmeded.com\/es\/","name":"CMedEd","description":"Recurso principal de informaci\u00f3n sobre el c\u00e1ncer","potentialAction":[{"@type":"SearchAction","target":{"@type":"EntryPoint","urlTemplate":"https:\/\/cmeded.com\/es\/?s={search_term_string}"},"query-input":{"@type":"PropertyValueSpecification","valueRequired":true,"valueName":"search_term_string"}}],"inLanguage":"es"}]}},"_links":{"self":[{"href":"https:\/\/cmeded.com\/es\/wp-json\/wp\/v2\/pages\/16631","targetHints":{"allow":["GET"]}}],"collection":[{"href":"https:\/\/cmeded.com\/es\/wp-json\/wp\/v2\/pages"}],"about":[{"href":"https:\/\/cmeded.com\/es\/wp-json\/wp\/v2\/types\/page"}],"author":[{"embeddable":true,"href":"https:\/\/cmeded.com\/es\/wp-json\/wp\/v2\/users\/5"}],"replies":[{"embeddable":true,"href":"https:\/\/cmeded.com\/es\/wp-json\/wp\/v2\/comments?post=16631"}],"version-history":[{"count":0,"href":"https:\/\/cmeded.com\/es\/wp-json\/wp\/v2\/pages\/16631\/revisions"}],"up":[{"embeddable":true,"href":"https:\/\/cmeded.com\/es\/wp-json\/wp\/v2\/pages\/2760"}],"wp:attachment":[{"href":"https:\/\/cmeded.com\/es\/wp-json\/wp\/v2\/media?parent=16631"}],"wp:term":[{"taxonomy":"post_tag","embeddable":true,"href":"https:\/\/cmeded.com\/es\/wp-json\/wp\/v2\/tags?post=16631"}],"curies":[{"name":"wp","href":"https:\/\/api.w.org\/{rel}","templated":true}]}}