{"id":16630,"date":"2014-04-22T16:31:27","date_gmt":"2014-04-22T21:31:27","guid":{"rendered":"http:\/\/cmeded.com\/?page_id=16630"},"modified":"2023-08-24T18:47:47","modified_gmt":"2023-08-24T23:47:47","slug":"memory-and-concentration","status":"publish","type":"page","link":"https:\/\/cmeded.com\/es\/cancer-explained\/managing-the-side-effects-of-chemotherapy-2\/memory-and-concentration\/","title":{"rendered":"Problemas de memoria y concentraci\u00f3n"},"content":{"rendered":"<p><img decoding=\"async\" src=\"\/wp-content\/uploads\/2014\/02\/cmeded_caption_blue.png\" class=\"aligncenter print-logo\" alt=\"print-logo\"\/><\/p>\n<h2 class=\"page-title\">C\u00f3mo controlar los efectos secundarios de la quimioterapia<\/h2>\n<div id=\"ChemoMenu\"><\/div>\n<div class=\"clearboth\"><\/div>\n<div class=\"arrow-bg-right\">\n<a href=\"https:\/\/cmeded.com\/es\/cancer-explained\/managing-the-side-effects-of-chemotherapy-2\/changes\/\" title=\"Cambios en la piel y las u\u00f1as\"><span class=\"screenreader\">Next Page: <\/span>Cambios en la piel y las u\u00f1as<\/a>\n<\/div>\n<div class=\"arrow-bg-left\">\n<a href=\"https:\/\/cmeded.com\/es\/cancer-explained\/managing-the-side-effects-of-chemotherapy-2\/peripheral-neuropathy\/\" title=\"Neuropat\u00eda perif\u00e9rica\"><span class=\"screenreader\">Previous Page: <\/span>Neuropat\u00eda perif\u00e9rica<\/a>\n<\/div>\n<div class=\"clearboth\"><\/div>\n<div class=\"divider double \" id=\"\">\n\t\n\t<\/div>\n<div class=\"printer-icon\" onClick=\"window.print()\"><span class=\"print-text\">Print<\/span><\/div>\n<h4 id=\"memory\" class=\"section-title\">Problemas de memoria y concentraci\u00f3n<\/h4>\n<p class=\"section-content\">La quimioterapia puede causar problemas en relaci\u00f3n con pensamiento, el aprendizaje y la memoria, una complicaci\u00f3n que com\u00fanmente se conoce como \"quimiocerebro\".  Es posible que presente d\u00e9ficits cognitivos, como mala memoria o dificultad para concentrarse.  Los m\u00e9dicos no saben con certeza c\u00f3mo la quimioterapia provocar estos problemas ni c\u00f3mo tratarlos.  Estos problemas relacionados con el funcionamiento cognitivo generalmente desaparecen despu\u00e9s de culminar el tratamiento.<\/p>\n<h5 class=\"section-title\">A continuaci\u00f3n, se presentan algunos consejos para lidiar con los problemas de memoria y concentraci\u00f3n:<\/h5>\n<div class=\"space\" style=\"clear:both; height:10px;\"><\/div>\n<div class=\"one_third mng-chemo-mob-img\">\n<div class=\"one_half\">\n<img decoding=\"async\" src=\"\/wp-content\/uploads\/sites\/4\/2015\/06\/Diary-es.png\" class=\"aligncenter\" alt=\"un organizador diario\" style=\"max-height:100px;\"\/>\n<\/div>\n<div class=\"one_half last\">\n<img decoding=\"async\" src=\"\/wp-content\/uploads\/2013\/03\/Notepad100.png\" class=\"aligncenter\" alt=\"Anota la informaci\u00f3n importante que desea recordar\" \/>\n<\/div>\n<div class=\"clearboth\"><\/div>\n<div class=\"one_half\">\n<img decoding=\"async\" src=\"\/wp-content\/uploads\/2013\/09\/Sleeping150x85.png\" class=\"aligncenter\" alt=\"Duerma bastante\" \/>\n<\/div>\n<div class=\"one_half last\">\n<img decoding=\"async\" src=\"\/wp-content\/uploads\/2013\/10\/Running95x150.png\" class=\"aligncenter\" alt=\"Haga actividad f\u00edsica leve todos los d\u00edas\" style=\"max-height:125px;\"\/>\n<\/div>\n<div class=\"clearboth\"><\/div>\n<\/div>\n<div class=\"two_third last mng-chemo-mob-txt\">\n<ul class=\"about-content\">\n<li>Use un organizador diario para llevar un registro de los eventos y las actividades.<\/li>\n<\/ul>\n<ul class=\"about-content\">\n<li>Anota la informaci\u00f3n importante que desea recordar.<\/li>\n<\/ul>\n<ul class=\"about-content\">\n<li>Duerma bastante.<\/li>\n<\/ul>\n<ul class=\"about-content\">\n<li>Haga actividad f\u00edsica leve todos los d\u00edas.<\/li>\n<\/ul>\n<ul class=\"about-content\">\n<li>Disminuya el estr\u00e9s en su vida.<\/li>\n<\/ul>\n<ul class=\"about-content\">\n<li>Reduzca las distracciones.<\/li>\n<\/ul>\n<\/div>\n<div class=\"clearboth\"><\/div>\n<div class=\"divider\" id=\"\">\n\t\n\t<\/div>\n<div class=\"arrow-bg-right\"><a href=\"https:\/\/cmeded.com\/es\/cancer-explained\/managing-the-side-effects-of-chemotherapy-2\/changes\/\" title=\"Cambios en la piel y las u\u00f1as\"><span class=\"screenreader\">Next Page: <\/span>Cambios en la piel y las u\u00f1as<\/a><\/div>\n<div class=\"arrow-bg-left\"><a href=\"https:\/\/cmeded.com\/es\/cancer-explained\/managing-the-side-effects-of-chemotherapy-2\/peripheral-neuropathy\/\" title=\"Neuropat\u00eda perif\u00e9rica\"><span class=\"screenreader\">Previous Page: <\/span>Neuropat\u00eda perif\u00e9rica<\/a><\/div>\n","protected":false},"excerpt":{"rendered":"<p>C\u00f3mo controlar los efectos secundarios de la quimioterapia Print Problemas de memoria y concentraci\u00f3n La quimioterapia puede causar problemas en relaci\u00f3n con pensamiento, el aprendizaje y la memoria, una complicaci\u00f3n que com\u00fanmente se conoce como \u00abquimiocerebro\u00bb. Es posible que presente d\u00e9ficits cognitivos, como mala memoria o dificultad para concentrarse. Los m\u00e9dicos no saben con certeza [&hellip;]<\/p>\n","protected":false},"author":5,"featured_media":0,"parent":2760,"menu_order":11,"comment_status":"closed","ping_status":"open","template":"","meta":{"footnotes":""},"tags":[10],"class_list":["post-16630","page","type-page","status-publish","hentry","tag-members-only"],"yoast_head":"<!-- This site is optimized with the Yoast SEO plugin v25.0 - https:\/\/yoast.com\/wordpress\/plugins\/seo\/ -->\n<title>CMedEd | C\u00f3mo controlar los efectos secundarios de la quimioterapia | Problemas de memoria y concentraci\u00f3n<\/title>\n<meta name=\"description\" content=\"C\u00f3mo controlar los efectos secundarios de la quimioterapia Print Problemas de memoria y concentraci\u00f3n La quimioterapia puede causar problemas en relaci\u00f3n\" \/>\n<meta name=\"robots\" content=\"index, follow, max-snippet:-1, max-image-preview:large, max-video-preview:-1\" \/>\n<link rel=\"canonical\" href=\"https:\/\/cmeded.com\/es\/cancer-explained\/managing-the-side-effects-of-chemotherapy-2\/memory-and-concentration\/\" \/>\n<meta property=\"og:locale\" content=\"es_ES\" \/>\n<meta property=\"og:type\" content=\"article\" \/>\n<meta property=\"og:title\" content=\"CMedEd | C\u00f3mo controlar los efectos secundarios de la quimioterapia | Problemas de memoria y concentraci\u00f3n\" \/>\n<meta property=\"og:description\" content=\"C\u00f3mo controlar los efectos secundarios de la quimioterapia Print Problemas de memoria y concentraci\u00f3n La quimioterapia puede causar problemas en relaci\u00f3n\" \/>\n<meta property=\"og:url\" content=\"https:\/\/cmeded.com\/es\/cancer-explained\/managing-the-side-effects-of-chemotherapy-2\/memory-and-concentration\/\" \/>\n<meta property=\"og:site_name\" content=\"CMedEd\" \/>\n<meta property=\"article:modified_time\" content=\"2023-08-24T23:47:47+00:00\" \/>\n<meta name=\"twitter:card\" content=\"summary_large_image\" \/>\n<meta name=\"twitter:label1\" content=\"Tiempo de lectura\" \/>\n\t<meta name=\"twitter:data1\" content=\"1 minuto\" \/>\n<script type=\"application\/ld+json\" class=\"yoast-schema-graph\">{\"@context\":\"https:\/\/schema.org\",\"@graph\":[{\"@type\":\"WebPage\",\"@id\":\"https:\/\/cmeded.com\/es\/cancer-explained\/managing-the-side-effects-of-chemotherapy-2\/memory-and-concentration\/\",\"url\":\"https:\/\/cmeded.com\/es\/cancer-explained\/managing-the-side-effects-of-chemotherapy-2\/memory-and-concentration\/\",\"name\":\"CMedEd | C\u00f3mo controlar los efectos secundarios de la quimioterapia | Problemas de memoria y concentraci\u00f3n\",\"isPartOf\":{\"@id\":\"https:\/\/cmeded.com\/es\/#website\"},\"datePublished\":\"2014-04-22T21:31:27+00:00\",\"dateModified\":\"2023-08-24T23:47:47+00:00\",\"description\":\"C\u00f3mo controlar los efectos secundarios de la quimioterapia Print Problemas de memoria y concentraci\u00f3n La quimioterapia puede causar problemas en relaci\u00f3n\",\"breadcrumb\":{\"@id\":\"https:\/\/cmeded.com\/es\/cancer-explained\/managing-the-side-effects-of-chemotherapy-2\/memory-and-concentration\/#breadcrumb\"},\"inLanguage\":\"es\",\"potentialAction\":[{\"@type\":\"ReadAction\",\"target\":[\"https:\/\/cmeded.com\/es\/cancer-explained\/managing-the-side-effects-of-chemotherapy-2\/memory-and-concentration\/\"]}]},{\"@type\":\"BreadcrumbList\",\"@id\":\"https:\/\/cmeded.com\/es\/cancer-explained\/managing-the-side-effects-of-chemotherapy-2\/memory-and-concentration\/#breadcrumb\",\"itemListElement\":[{\"@type\":\"ListItem\",\"position\":1,\"name\":\"Home\",\"item\":\"https:\/\/cmeded.com\/es\/\"},{\"@type\":\"ListItem\",\"position\":2,\"name\":\"Explicaci\u00f3n sobre el c\u00e1ncer\",\"item\":\"https:\/\/cmeded.com\/es\/cancer-explained\/\"},{\"@type\":\"ListItem\",\"position\":3,\"name\":\"C\u00f3mo controlar los efectos secundarios de la quimioterapia\",\"item\":\"https:\/\/cmeded.com\/es\/cancer-explained\/managing-the-side-effects-of-chemotherapy-2\/\"},{\"@type\":\"ListItem\",\"position\":4,\"name\":\"Problemas de memoria y concentraci\u00f3n\"}]},{\"@type\":\"WebSite\",\"@id\":\"https:\/\/cmeded.com\/es\/#website\",\"url\":\"https:\/\/cmeded.com\/es\/\",\"name\":\"CMedEd\",\"description\":\"Recurso principal de informaci\u00f3n sobre el c\u00e1ncer\",\"potentialAction\":[{\"@type\":\"SearchAction\",\"target\":{\"@type\":\"EntryPoint\",\"urlTemplate\":\"https:\/\/cmeded.com\/es\/?s={search_term_string}\"},\"query-input\":{\"@type\":\"PropertyValueSpecification\",\"valueRequired\":true,\"valueName\":\"search_term_string\"}}],\"inLanguage\":\"es\"}]}<\/script>\n<!-- \/ Yoast SEO plugin. -->","yoast_head_json":{"title":"CMedEd | C\u00f3mo controlar los efectos secundarios de la quimioterapia | Problemas de memoria y concentraci\u00f3n","description":"C\u00f3mo controlar los efectos secundarios de la quimioterapia Print Problemas de memoria y concentraci\u00f3n La quimioterapia puede causar problemas en relaci\u00f3n","robots":{"index":"index","follow":"follow","max-snippet":"max-snippet:-1","max-image-preview":"max-image-preview:large","max-video-preview":"max-video-preview:-1"},"canonical":"https:\/\/cmeded.com\/es\/cancer-explained\/managing-the-side-effects-of-chemotherapy-2\/memory-and-concentration\/","og_locale":"es_ES","og_type":"article","og_title":"CMedEd | C\u00f3mo controlar los efectos secundarios de la quimioterapia | Problemas de memoria y concentraci\u00f3n","og_description":"C\u00f3mo controlar los efectos secundarios de la quimioterapia Print Problemas de memoria y concentraci\u00f3n La quimioterapia puede causar problemas en relaci\u00f3n","og_url":"https:\/\/cmeded.com\/es\/cancer-explained\/managing-the-side-effects-of-chemotherapy-2\/memory-and-concentration\/","og_site_name":"CMedEd","article_modified_time":"2023-08-24T23:47:47+00:00","twitter_card":"summary_large_image","twitter_misc":{"Tiempo de lectura":"1 minuto"},"schema":{"@context":"https:\/\/schema.org","@graph":[{"@type":"WebPage","@id":"https:\/\/cmeded.com\/es\/cancer-explained\/managing-the-side-effects-of-chemotherapy-2\/memory-and-concentration\/","url":"https:\/\/cmeded.com\/es\/cancer-explained\/managing-the-side-effects-of-chemotherapy-2\/memory-and-concentration\/","name":"CMedEd | C\u00f3mo controlar los efectos secundarios de la quimioterapia | Problemas de memoria y concentraci\u00f3n","isPartOf":{"@id":"https:\/\/cmeded.com\/es\/#website"},"datePublished":"2014-04-22T21:31:27+00:00","dateModified":"2023-08-24T23:47:47+00:00","description":"C\u00f3mo controlar los efectos secundarios de la quimioterapia Print Problemas de memoria y concentraci\u00f3n La quimioterapia puede causar problemas en relaci\u00f3n","breadcrumb":{"@id":"https:\/\/cmeded.com\/es\/cancer-explained\/managing-the-side-effects-of-chemotherapy-2\/memory-and-concentration\/#breadcrumb"},"inLanguage":"es","potentialAction":[{"@type":"ReadAction","target":["https:\/\/cmeded.com\/es\/cancer-explained\/managing-the-side-effects-of-chemotherapy-2\/memory-and-concentration\/"]}]},{"@type":"BreadcrumbList","@id":"https:\/\/cmeded.com\/es\/cancer-explained\/managing-the-side-effects-of-chemotherapy-2\/memory-and-concentration\/#breadcrumb","itemListElement":[{"@type":"ListItem","position":1,"name":"Home","item":"https:\/\/cmeded.com\/es\/"},{"@type":"ListItem","position":2,"name":"Explicaci\u00f3n sobre el c\u00e1ncer","item":"https:\/\/cmeded.com\/es\/cancer-explained\/"},{"@type":"ListItem","position":3,"name":"C\u00f3mo controlar los efectos secundarios de la quimioterapia","item":"https:\/\/cmeded.com\/es\/cancer-explained\/managing-the-side-effects-of-chemotherapy-2\/"},{"@type":"ListItem","position":4,"name":"Problemas de memoria y concentraci\u00f3n"}]},{"@type":"WebSite","@id":"https:\/\/cmeded.com\/es\/#website","url":"https:\/\/cmeded.com\/es\/","name":"CMedEd","description":"Recurso principal de informaci\u00f3n sobre el c\u00e1ncer","potentialAction":[{"@type":"SearchAction","target":{"@type":"EntryPoint","urlTemplate":"https:\/\/cmeded.com\/es\/?s={search_term_string}"},"query-input":{"@type":"PropertyValueSpecification","valueRequired":true,"valueName":"search_term_string"}}],"inLanguage":"es"}]}},"_links":{"self":[{"href":"https:\/\/cmeded.com\/es\/wp-json\/wp\/v2\/pages\/16630","targetHints":{"allow":["GET"]}}],"collection":[{"href":"https:\/\/cmeded.com\/es\/wp-json\/wp\/v2\/pages"}],"about":[{"href":"https:\/\/cmeded.com\/es\/wp-json\/wp\/v2\/types\/page"}],"author":[{"embeddable":true,"href":"https:\/\/cmeded.com\/es\/wp-json\/wp\/v2\/users\/5"}],"replies":[{"embeddable":true,"href":"https:\/\/cmeded.com\/es\/wp-json\/wp\/v2\/comments?post=16630"}],"version-history":[{"count":0,"href":"https:\/\/cmeded.com\/es\/wp-json\/wp\/v2\/pages\/16630\/revisions"}],"up":[{"embeddable":true,"href":"https:\/\/cmeded.com\/es\/wp-json\/wp\/v2\/pages\/2760"}],"wp:attachment":[{"href":"https:\/\/cmeded.com\/es\/wp-json\/wp\/v2\/media?parent=16630"}],"wp:term":[{"taxonomy":"post_tag","embeddable":true,"href":"https:\/\/cmeded.com\/es\/wp-json\/wp\/v2\/tags?post=16630"}],"curies":[{"name":"wp","href":"https:\/\/api.w.org\/{rel}","templated":true}]}}