{"id":16623,"date":"2014-04-22T16:14:39","date_gmt":"2014-04-22T21:14:39","guid":{"rendered":"http:\/\/cmeded.com\/?page_id=16623"},"modified":"2023-08-24T18:47:46","modified_gmt":"2023-08-24T23:47:46","slug":"excessive-bruising-or-bleeding","status":"publish","type":"page","link":"https:\/\/cmeded.com\/es\/cancer-explained\/managing-the-side-effects-of-chemotherapy-2\/excessive-bruising-or-bleeding\/","title":{"rendered":"Hematomas o sangrado"},"content":{"rendered":"<p><img decoding=\"async\" src=\"\/wp-content\/uploads\/2014\/02\/cmeded_caption_blue.png\" class=\"aligncenter print-logo\" alt=\"print-logo\"\/><\/p>\n<h2 class=\"page-title\">C\u00f3mo controlar los efectos secundarios de la quimioterapia<\/h2>\n<div id=\"ChemoMenu\"><\/div>\n<div class=\"clearboth\"><\/div>\n<div class=\"arrow-bg-right\">\n<a href=\"https:\/\/cmeded.com\/es\/cancer-explained\/managing-the-side-effects-of-chemotherapy-2\/nausea-and-vomiting\/\" title=\"N\u00e1useas y v\u00f3mitos\"><span class=\"screenreader\">Next Page: <\/span>N\u00e1useas y v\u00f3mitos<\/a>\n<\/div>\n<div class=\"arrow-bg-left\">\n<a href=\"https:\/\/cmeded.com\/es\/cancer-explained\/managing-the-side-effects-of-chemotherapy-2\/infection\/\" title=\"Infection\"><span class=\"screenreader\">Previous Page: <\/span>Infection<\/a>\n<\/div>\n<div class=\"clearboth\"><\/div>\n<div class=\"divider double \" id=\"\">\n\t\n\t<\/div>\n<div class=\"printer-icon\" onClick=\"window.print()\"><span class=\"print-text\">Print<\/span><\/div>\n<h4 id=\"bruising\" class=\"section-title\">Hematomas o sangrado en exceso<\/h4>\n<p class=\"section-content\">Los hematomas o el sangrado en exceso son efectos secundarios frecuentes de la quimioterapia.  Los medicamentos de la quimioterapia pueden reducir el n\u00famero de plaquetas y ocasionar una afecci\u00f3n denominada \"trombocitopenia\". Las plaquetas se producen en la m\u00e9dula \u00f3sea y ayudan a detener el sangrado mediante la formaci\u00f3n de co\u00e1gulos en una herida.  Entre algunos de los s\u00edntomas que pueden causar un n\u00famero bajo de plaquetas, se incluyen hematomas que aparecen en exceso o con facilidad; o bien, sangrado que se observa ocasionalmente en la piel (petequias).  Las petequias son peque\u00f1as manchas de color rojo brillante que pueden aparecer en el extremo inferior de las piernas y otras partes del cuerpo, y pueden presentarse de manera espont\u00e1nea cuando el n\u00famero de plaquetas es muy bajo. El m\u00e9dico le pedir\u00e1 an\u00e1lisis de sangre para controlar el n\u00famero de plaquetas.<\/p>\n<h5 class=\"section-title\">Inf\u00f3rmele al m\u00e9dico si manifiesta algunos de los siguientes s\u00edntomas:<\/h5>\n<div class=\"space\" style=\"clear:both; height:10px;\"><\/div>\n<div class=\"one_third mng-chemo-mob-img\">\n<div class=\"one_half\">\n<img decoding=\"async\" src=\"\/wp-content\/uploads\/2013\/03\/ExcessiveBruisingBleeding200.jpg\" class=\"aligncenter\" alt=\"Hematomas que aparecen en exceso o con facilidad\" style=\"max-height:125px;\"\/>\n  <\/div>\n<div class=\"one_half last\">\n<img decoding=\"async\" src=\"\/wp-content\/uploads\/2013\/03\/NoseBleed100.png\" class=\"aligncenter\" alt=\"Sangrado inesperado\" \/>\n  <\/div>\n<div class=\"one_half\">\n<img decoding=\"async\" src=\"\/wp-content\/uploads\/2013\/03\/BloodyStool.jpg\" class=\"aligncenter\" alt=\"Sangrado de la nariz y las enc\u00edas\" \/>\n  <\/div>\n<div class=\"one_half last\">\n<img decoding=\"async\" src=\"\/wp-content\/uploads\/2013\/03\/BloodInUrine100.jpg\" class=\"aligncenter\" alt=\"Manchas peque\u00f1as de color rojo o morado en la piel\" \/>\n    <\/div>\n<\/div>\n<div class=\"two_third last mng-chemo-mob-txt\">\n<ul class=\"about-content\">\n<li>Hematomas que aparecen en exceso o con facilidad<\/li>\n<\/ul>\n<ul class=\"about-content\">\n<li>Sangrado inesperado<\/li>\n<\/ul>\n<ul class=\"about-content\">\n<li>Sangrado de la nariz y las enc\u00edas<\/li>\n<\/ul>\n<ul class=\"about-content\">\n<li>Manchas peque\u00f1as de color rojo o morado en la piel<\/li>\n<\/ul>\n<ul class=\"about-content\">\n<li>Heces de color oscuro o con sangre<\/li>\n<\/ul>\n<ul class=\"about-content\">\n<li>Sangrado prolongado de los cortes<\/li>\n<\/ul>\n<ul class=\"about-content\">\n<li>Orina de color marr\u00f3n o rojo<\/li>\n<\/ul>\n<ul class=\"about-content\">\n<li>Flujos menstruales extra\u00f1amente profusos<\/li>\n<\/ul>\n<\/div>\n<div class=\"clearboth\"><\/div>\n<h5 class=\"section-title\">A continuaci\u00f3n, se presentan algunas precauciones para prevenir los hematomas o el sangrado durante la quimioterapia:<\/h5>\n<div class=\"space\" style=\"clear:both; height:10px;\"><\/div>\n<div class=\"one_third mng-chemo-mob-img\">\n<div class=\"one_half\">\n<img decoding=\"async\" src=\"\/wp-content\/uploads\/sites\/4\/2015\/06\/Asprin-es-1024.jpg\" class=\"aligncenter\" alt=\"No tome aspirinas ni medicamentos antiinflamatorios no esteroides (AINE), como el ibuprofeno, ya que pueden interferir en el funcionamiento normal de las plaquetas\" style=\"max-height:100px;\"\/>\n    <\/div>\n<div class=\"one_half last\">\n<img decoding=\"async\" src=\"\/wp-content\/uploads\/sites\/4\/2015\/06\/Toothpaste_brush_floss-es.jpg\" class=\"aligncenter\" alt=\"Use un cepillo de dientes suave y evite el uso de hilo dental\" style=\"max-height:69px;\"\/>\n    <\/div>\n<div class=\"one_half\">\n<img decoding=\"async\" src=\"\/wp-content\/uploads\/2013\/03\/ElectricRazor100.png\" class=\"aligncenter\" alt=\"Use una afeitadora el\u00e9ctrica\" \/>\n    <\/div>\n<div class=\"one_half last\">\n    <img decoding=\"async\" src=\"\/wp-content\/uploads\/2013\/04\/CuttingSmall.png\" class=\"aligncenter\" alt=\"Tenga cuidado y trate de no quemarse ni cortarse\"\/>\n    <\/div>\n<\/div>\n<div class=\"two_third last mng-chemo-mob-txt\">\n<ul class=\"about-content\">\n<li>No tome aspirinas ni medicamentos antiinflamatorios no esteroides (AINE), como el ibuprofeno, ya que pueden interferir en el funcionamiento normal de las plaquetas.<\/li>\n<\/ul>\n<ul class=\"about-content\">\n<li>Use un cepillo de dientes suave y evite el uso de hilo dental.<\/li>\n<\/ul>\n<ul class=\"about-content\">\n<li>Use una afeitadora el\u00e9ctrica.<\/li>\n<\/ul>\n<ul class=\"about-content\">\n<li>Si el n\u00famero de plaquetas es bajo, trate de no frotarse o soplarse la nariz.<\/li>\n<\/ul>\n<ul class=\"about-content\">\n<li>Tenga cuidado y trate de no quemarse ni cortarse.<\/li>\n<\/ul>\n<ul class=\"about-content\">\n<li>Use prendas protectoras adecuadas, seg\u00fan sea necesario, para disminuir las lesiones corporales.<\/li>\n<\/ul>\n<\/div>\n<div class=\"clearboth\"><\/div>\n<div class=\"divider\" id=\"\">\n\t\n\t<\/div>\n<div class=\"arrow-bg-right\"><a href=\"https:\/\/cmeded.com\/es\/cancer-explained\/managing-the-side-effects-of-chemotherapy-2\/nausea-and-vomiting\/\" title=\"N\u00e1useas y v\u00f3mitos\"><span class=\"screenreader\">Next Page: <\/span>N\u00e1useas y v\u00f3mitos<\/a><\/div>\n<div class=\"arrow-bg-left\"><a href=\"https:\/\/cmeded.com\/es\/cancer-explained\/managing-the-side-effects-of-chemotherapy-2\/infection\/\" title=\"Infection\"><span class=\"screenreader\">Previous Page: <\/span>Infection<\/a><\/div>\n","protected":false},"excerpt":{"rendered":"<p>C\u00f3mo controlar los efectos secundarios de la quimioterapia Print Hematomas o sangrado en exceso Los hematomas o el sangrado en exceso son efectos secundarios frecuentes de la quimioterapia. Los medicamentos de la quimioterapia pueden reducir el n\u00famero de plaquetas y ocasionar una afecci\u00f3n denominada \u00abtrombocitopenia\u00bb. Las plaquetas se producen en la m\u00e9dula \u00f3sea y ayudan [&hellip;]<\/p>\n","protected":false},"author":5,"featured_media":0,"parent":2760,"menu_order":4,"comment_status":"closed","ping_status":"open","template":"","meta":{"footnotes":""},"tags":[10],"class_list":["post-16623","page","type-page","status-publish","hentry","tag-members-only"],"yoast_head":"<!-- This site is optimized with the Yoast SEO plugin v25.0 - https:\/\/yoast.com\/wordpress\/plugins\/seo\/ -->\n<title>CMedEd | C\u00f3mo controlar los efectos secundarios de la quimioterapia | Hematomas o sangrado<\/title>\n<meta name=\"description\" content=\"C\u00f3mo controlar los efectos secundarios de la quimioterapia Print Hematomas o sangrado en exceso Los hematomas o el sangrado en exceso son efectos\" \/>\n<meta name=\"robots\" content=\"index, follow, max-snippet:-1, max-image-preview:large, max-video-preview:-1\" \/>\n<link rel=\"canonical\" href=\"https:\/\/cmeded.com\/es\/cancer-explained\/managing-the-side-effects-of-chemotherapy-2\/excessive-bruising-or-bleeding\/\" \/>\n<meta property=\"og:locale\" content=\"es_ES\" \/>\n<meta property=\"og:type\" content=\"article\" \/>\n<meta property=\"og:title\" content=\"CMedEd | C\u00f3mo controlar los efectos secundarios de la quimioterapia | Hematomas o sangrado\" \/>\n<meta property=\"og:description\" content=\"C\u00f3mo controlar los efectos secundarios de la quimioterapia Print Hematomas o sangrado en exceso Los hematomas o el sangrado en exceso son efectos\" \/>\n<meta property=\"og:url\" content=\"https:\/\/cmeded.com\/es\/cancer-explained\/managing-the-side-effects-of-chemotherapy-2\/excessive-bruising-or-bleeding\/\" \/>\n<meta property=\"og:site_name\" content=\"CMedEd\" \/>\n<meta property=\"article:modified_time\" content=\"2023-08-24T23:47:46+00:00\" \/>\n<meta name=\"twitter:card\" content=\"summary_large_image\" \/>\n<meta name=\"twitter:label1\" content=\"Tiempo de lectura\" \/>\n\t<meta name=\"twitter:data1\" content=\"2 minutos\" \/>\n<script type=\"application\/ld+json\" class=\"yoast-schema-graph\">{\"@context\":\"https:\/\/schema.org\",\"@graph\":[{\"@type\":\"WebPage\",\"@id\":\"https:\/\/cmeded.com\/es\/cancer-explained\/managing-the-side-effects-of-chemotherapy-2\/excessive-bruising-or-bleeding\/\",\"url\":\"https:\/\/cmeded.com\/es\/cancer-explained\/managing-the-side-effects-of-chemotherapy-2\/excessive-bruising-or-bleeding\/\",\"name\":\"CMedEd | C\u00f3mo controlar los efectos secundarios de la quimioterapia | Hematomas o sangrado\",\"isPartOf\":{\"@id\":\"https:\/\/cmeded.com\/es\/#website\"},\"datePublished\":\"2014-04-22T21:14:39+00:00\",\"dateModified\":\"2023-08-24T23:47:46+00:00\",\"description\":\"C\u00f3mo controlar los efectos secundarios de la quimioterapia Print Hematomas o sangrado en exceso Los hematomas o el sangrado en exceso son efectos\",\"breadcrumb\":{\"@id\":\"https:\/\/cmeded.com\/es\/cancer-explained\/managing-the-side-effects-of-chemotherapy-2\/excessive-bruising-or-bleeding\/#breadcrumb\"},\"inLanguage\":\"es\",\"potentialAction\":[{\"@type\":\"ReadAction\",\"target\":[\"https:\/\/cmeded.com\/es\/cancer-explained\/managing-the-side-effects-of-chemotherapy-2\/excessive-bruising-or-bleeding\/\"]}]},{\"@type\":\"BreadcrumbList\",\"@id\":\"https:\/\/cmeded.com\/es\/cancer-explained\/managing-the-side-effects-of-chemotherapy-2\/excessive-bruising-or-bleeding\/#breadcrumb\",\"itemListElement\":[{\"@type\":\"ListItem\",\"position\":1,\"name\":\"Home\",\"item\":\"https:\/\/cmeded.com\/es\/\"},{\"@type\":\"ListItem\",\"position\":2,\"name\":\"Explicaci\u00f3n sobre el c\u00e1ncer\",\"item\":\"https:\/\/cmeded.com\/es\/cancer-explained\/\"},{\"@type\":\"ListItem\",\"position\":3,\"name\":\"C\u00f3mo controlar los efectos secundarios de la quimioterapia\",\"item\":\"https:\/\/cmeded.com\/es\/cancer-explained\/managing-the-side-effects-of-chemotherapy-2\/\"},{\"@type\":\"ListItem\",\"position\":4,\"name\":\"Hematomas o sangrado\"}]},{\"@type\":\"WebSite\",\"@id\":\"https:\/\/cmeded.com\/es\/#website\",\"url\":\"https:\/\/cmeded.com\/es\/\",\"name\":\"CMedEd\",\"description\":\"Recurso principal de informaci\u00f3n sobre el c\u00e1ncer\",\"potentialAction\":[{\"@type\":\"SearchAction\",\"target\":{\"@type\":\"EntryPoint\",\"urlTemplate\":\"https:\/\/cmeded.com\/es\/?s={search_term_string}\"},\"query-input\":{\"@type\":\"PropertyValueSpecification\",\"valueRequired\":true,\"valueName\":\"search_term_string\"}}],\"inLanguage\":\"es\"}]}<\/script>\n<!-- \/ Yoast SEO plugin. -->","yoast_head_json":{"title":"CMedEd | C\u00f3mo controlar los efectos secundarios de la quimioterapia | Hematomas o sangrado","description":"C\u00f3mo controlar los efectos secundarios de la quimioterapia Print Hematomas o sangrado en exceso Los hematomas o el sangrado en exceso son efectos","robots":{"index":"index","follow":"follow","max-snippet":"max-snippet:-1","max-image-preview":"max-image-preview:large","max-video-preview":"max-video-preview:-1"},"canonical":"https:\/\/cmeded.com\/es\/cancer-explained\/managing-the-side-effects-of-chemotherapy-2\/excessive-bruising-or-bleeding\/","og_locale":"es_ES","og_type":"article","og_title":"CMedEd | C\u00f3mo controlar los efectos secundarios de la quimioterapia | Hematomas o sangrado","og_description":"C\u00f3mo controlar los efectos secundarios de la quimioterapia Print Hematomas o sangrado en exceso Los hematomas o el sangrado en exceso son efectos","og_url":"https:\/\/cmeded.com\/es\/cancer-explained\/managing-the-side-effects-of-chemotherapy-2\/excessive-bruising-or-bleeding\/","og_site_name":"CMedEd","article_modified_time":"2023-08-24T23:47:46+00:00","twitter_card":"summary_large_image","twitter_misc":{"Tiempo de lectura":"2 minutos"},"schema":{"@context":"https:\/\/schema.org","@graph":[{"@type":"WebPage","@id":"https:\/\/cmeded.com\/es\/cancer-explained\/managing-the-side-effects-of-chemotherapy-2\/excessive-bruising-or-bleeding\/","url":"https:\/\/cmeded.com\/es\/cancer-explained\/managing-the-side-effects-of-chemotherapy-2\/excessive-bruising-or-bleeding\/","name":"CMedEd | C\u00f3mo controlar los efectos secundarios de la quimioterapia | Hematomas o sangrado","isPartOf":{"@id":"https:\/\/cmeded.com\/es\/#website"},"datePublished":"2014-04-22T21:14:39+00:00","dateModified":"2023-08-24T23:47:46+00:00","description":"C\u00f3mo controlar los efectos secundarios de la quimioterapia Print Hematomas o sangrado en exceso Los hematomas o el sangrado en exceso son efectos","breadcrumb":{"@id":"https:\/\/cmeded.com\/es\/cancer-explained\/managing-the-side-effects-of-chemotherapy-2\/excessive-bruising-or-bleeding\/#breadcrumb"},"inLanguage":"es","potentialAction":[{"@type":"ReadAction","target":["https:\/\/cmeded.com\/es\/cancer-explained\/managing-the-side-effects-of-chemotherapy-2\/excessive-bruising-or-bleeding\/"]}]},{"@type":"BreadcrumbList","@id":"https:\/\/cmeded.com\/es\/cancer-explained\/managing-the-side-effects-of-chemotherapy-2\/excessive-bruising-or-bleeding\/#breadcrumb","itemListElement":[{"@type":"ListItem","position":1,"name":"Home","item":"https:\/\/cmeded.com\/es\/"},{"@type":"ListItem","position":2,"name":"Explicaci\u00f3n sobre el c\u00e1ncer","item":"https:\/\/cmeded.com\/es\/cancer-explained\/"},{"@type":"ListItem","position":3,"name":"C\u00f3mo controlar los efectos secundarios de la quimioterapia","item":"https:\/\/cmeded.com\/es\/cancer-explained\/managing-the-side-effects-of-chemotherapy-2\/"},{"@type":"ListItem","position":4,"name":"Hematomas o sangrado"}]},{"@type":"WebSite","@id":"https:\/\/cmeded.com\/es\/#website","url":"https:\/\/cmeded.com\/es\/","name":"CMedEd","description":"Recurso principal de informaci\u00f3n sobre el c\u00e1ncer","potentialAction":[{"@type":"SearchAction","target":{"@type":"EntryPoint","urlTemplate":"https:\/\/cmeded.com\/es\/?s={search_term_string}"},"query-input":{"@type":"PropertyValueSpecification","valueRequired":true,"valueName":"search_term_string"}}],"inLanguage":"es"}]}},"_links":{"self":[{"href":"https:\/\/cmeded.com\/es\/wp-json\/wp\/v2\/pages\/16623","targetHints":{"allow":["GET"]}}],"collection":[{"href":"https:\/\/cmeded.com\/es\/wp-json\/wp\/v2\/pages"}],"about":[{"href":"https:\/\/cmeded.com\/es\/wp-json\/wp\/v2\/types\/page"}],"author":[{"embeddable":true,"href":"https:\/\/cmeded.com\/es\/wp-json\/wp\/v2\/users\/5"}],"replies":[{"embeddable":true,"href":"https:\/\/cmeded.com\/es\/wp-json\/wp\/v2\/comments?post=16623"}],"version-history":[{"count":0,"href":"https:\/\/cmeded.com\/es\/wp-json\/wp\/v2\/pages\/16623\/revisions"}],"up":[{"embeddable":true,"href":"https:\/\/cmeded.com\/es\/wp-json\/wp\/v2\/pages\/2760"}],"wp:attachment":[{"href":"https:\/\/cmeded.com\/es\/wp-json\/wp\/v2\/media?parent=16623"}],"wp:term":[{"taxonomy":"post_tag","embeddable":true,"href":"https:\/\/cmeded.com\/es\/wp-json\/wp\/v2\/tags?post=16623"}],"curies":[{"name":"wp","href":"https:\/\/api.w.org\/{rel}","templated":true}]}}