{"id":16621,"date":"2014-04-22T16:09:07","date_gmt":"2014-04-22T21:09:07","guid":{"rendered":"http:\/\/cmeded.com\/?page_id=16621"},"modified":"2023-08-24T18:47:46","modified_gmt":"2023-08-24T23:47:46","slug":"fatigue","status":"publish","type":"page","link":"https:\/\/cmeded.com\/es\/cancer-explained\/managing-the-side-effects-of-chemotherapy-2\/fatigue\/","title":{"rendered":"Cansancio"},"content":{"rendered":"<p><img decoding=\"async\" src=\"\/wp-content\/uploads\/2014\/02\/cmeded_caption_blue.png\" class=\"aligncenter print-logo\" alt=\"print-logo\"\/><\/p>\n<h2 class=\"page-title\">C\u00f3mo controlar los efectos secundarios de la quimioterapia<\/h2>\n<div id=\"ChemoMenu\"><\/div>\n<div class=\"clearboth\"><\/div>\n<div class=\"arrow-bg-right\">\n<a href=\"https:\/\/cmeded.com\/es\/cancer-explained\/managing-the-side-effects-of-chemotherapy-2\/infection\/\" title=\"Infection\"><span class=\"screenreader\">Next Page: <\/span>Infection<\/a>\n<\/div>\n<div class=\"arrow-bg-left\">\n<a href=\"https:\/\/cmeded.com\/es\/cancer-explained\/managing-the-side-effects-of-chemotherapy-2\/overview\/\" title=\"Efectos secundarios de la quimioterapia\"><span class=\"screenreader\">Previous Page: <\/span>Efectos secundarios de la quimioterapia<\/a>\n<\/div>\n<div class=\"clearboth\"><\/div>\n<div class=\"divider double \" id=\"\">\n\t\n\t<\/div>\n<div class=\"printer-icon\" onClick=\"window.print()\"><span class=\"print-text\">Print<\/span><\/div>\n<h4 id=\"fatigue\" class=\"section-title\">Cansancio<\/h4>\n<p class=\"section-content\">El cansancio es una sensaci\u00f3n de fatiga extrema o falta de energ\u00eda y es un efecto secundario frecuente de la quimioterapia.  Los medicamentos de la quimioterapia pueden reducir el n\u00famero de gl\u00f3bulos rojos y ocasionar una afecci\u00f3n denominada \"anemia\".  Los gl\u00f3bulos rojos contienen hemoglobina, que transporta ox\u00edgeno desde los pulmones hacia todo el organismo.  Los s\u00edntomas de la anemia, como el cansancio, aparecen porque los \u00f3rganos no reciben suficiente ox\u00edgeno.  El m\u00e9dico le pedir\u00e1 an\u00e1lisis de sangre peri\u00f3dicos para detectar si tiene anemia y, si es necesario, prescribir\u00e1 medicamentos o transfusiones para aumentar el n\u00famero de gl\u00f3bulos rojos.<\/p>\n<h5 class=\"section-title\">Inf\u00f3rmele al m\u00e9dico si manifiesta algunos de los siguientes s\u00edntomas:<\/h5>\n<div class=\"space\" style=\"clear:both; height:10px;\"><\/div>\n<div class=\"one_third mng-chemo-mob-img\">\n<div class=\"one_half\">\n<img decoding=\"async\" src=\"\/wp-content\/uploads\/2013\/04\/FatigueDizziness105x105.png\" alt=\"Dificultad para concentrarse o pensar con claridad\" class=\"aligncenter\" \/>\n  <\/div>\n<div class=\"one_half last\">\n<img decoding=\"async\" src=\"\/wp-content\/uploads\/2013\/04\/CoughingShortness100x99.png\" alt=\"Falta de aire luego de una actividad leve\" class=\"aligncenter\" \/>\n  <\/div>\n<div class=\"one_half\">\n<img decoding=\"async\" src=\"\/wp-content\/uploads\/2013\/04\/Poverty150.jpg\" alt=\"Dificultad para subir escaleras o realizar tareas diarias simples\" class=\"aligncenter\" style=\"max-height:125px;\"\/>\n    <\/div>\n<div class=\"one_half last\">\n    <img decoding=\"async\" src=\"\/wp-content\/uploads\/2013\/02\/Fatigue.jpg\" class=\"aligncenter\" alt=\"Cansancio o agotamiento extremo\" style=\"max-height:125px;\"\/>\n  <\/div>\n<\/div>\n<div class=\"two_third last mng-chemo-mob-txt\">\n<ul class=\"about-content\">\n<li>Dificultad para concentrarse o pensar con claridad<\/li>\n<\/ul>\n<ul class=\"about-content\">\n<li>Mareos o aturdimiento<\/li>\n<\/ul>\n<ul class=\"about-content\">\n<li>Falta de aire luego de una actividad leve<\/li>\n<\/ul>\n<ul class=\"about-content\">\n<li>Dificultad para subir escaleras o realizar tareas diarias simples<\/li>\n<\/ul>\n<ul class=\"about-content\">\n<li>Cansancio o agotamiento extremo<\/li>\n<\/ul>\n<ul class=\"about-content\">\n<li>Escalofr\u00edos<\/li>\n<\/ul>\n<ul class=\"about-content\">\n<li>Palidez o temblores<\/li>\n<\/ul>\n<\/div>\n<div class=\"clearboth\"><\/div>\n<h5 class=\"section-title\">A continuaci\u00f3n, se presentan algunos consejos \u00fatiles para controlar el cansancio durante la quimioterapia:<\/h5>\n<div class=\"space\" style=\"clear:both; height:10px;\"><\/div>\n<div class=\"one_third mng-chemo-mob-img\">\n<div class=\"one_half\">\n  <img decoding=\"async\" src=\"\/wp-content\/uploads\/2013\/01\/RestWhenNeeded1.jpg\" class=\"aligncenter\" alt=\"Trate de mantener el nivel de estr\u00e9s lo m\u00e1s bajo posible.\" \/>\n  <\/div>\n<div class=\"one_half last\">\n<img decoding=\"async\" src=\"\/wp-content\/uploads\/2013\/04\/PlayingCards.jpg\" alt=\"Mantenga un equilibrio entre las actividades que debe hacer y las que disfruta.\" class=\"aligncenter\" \/>\n  <\/div>\n<div class=\"one_half\">\n    <img decoding=\"async\" src=\"\/wp-content\/uploads\/2015\/03\/Breakfast-copy-135x93.jpg\" class=\"aligncenter\" style=\"max-height:100px;\" alt=\"Adopte una alimentaci\u00f3n equilibrada con porciones peque\u00f1as y frecuentes.\"\/>\n  <\/div>\n<div class=\"one_half last\">\n<img decoding=\"async\" src=\"\/wp-content\/uploads\/2013\/09\/Sleeping150x85.png\" class=\"aligncenter\" alt=\"Mantenga un patr\u00f3n de sue\u00f1o normal o habitual.\" \/>\n  <\/div>\n<div class=\"one_half\">\n    <img decoding=\"async\" src=\"\/wp-content\/uploads\/2019\/06\/Screen-Shot-2019-06-13-at-9.59.45-AM.png\" class=\"aligncenter\" alt=\"Haga actividad f\u00edsica leve, por ejemplo, caminatas cortas.\" style=\"height: 125px\"\/>\n    <\/div>\n<div class=\"one_half last\">\n    <img decoding=\"async\" src=\"\/wp-content\/uploads\/2013\/03\/Fluids100.png\" class=\"aligncenter\" alt=\"Beba mucho l\u00edquido para que el organismo elimine las toxinas.\" style=\"height: 125px\"\/>\n    <\/div>\n<\/div>\n<div class=\"two_third last mng-chemo-mob-txt\">\n<ul class=\"about-content\">\n<li>Trate de mantener el nivel de estr\u00e9s lo m\u00e1s bajo posible.<\/li>\n<\/ul>\n<ul class=\"about-content\">\n<li>Mantenga un equilibrio entre las actividades que debe hacer y las que disfruta.<\/li>\n<\/ul>\n<ul class=\"about-content\">\n<li>No luche contra el cansancio, descanse cuando lo necesite.<\/li>\n<\/ul>\n<ul class=\"about-content\">\n<li>Priorice las actividades para conservar energ\u00eda.<\/li>\n<\/ul>\n<ul class=\"about-content\">\n<li>Adopte una alimentaci\u00f3n equilibrada con porciones peque\u00f1as y frecuentes.<\/li>\n<\/ul>\n<ul class=\"about-content\">\n<li>Mantenga un patr\u00f3n de sue\u00f1o normal o habitual.<\/li>\n<\/ul>\n<ul class=\"about-content\">\n<li>Haga actividad f\u00edsica leve, por ejemplo, caminatas cortas.<\/li>\n<\/ul>\n<ul class=\"about-content\">\n<li>Beba mucho l\u00edquido para que el organismo elimine las toxinas.<\/li>\n<\/ul>\n<\/div>\n<div class=\"clearboth\"><\/div>\n<div class=\"divider\" id=\"\">\n\t\n\t<\/div>\n<div class=\"arrow-bg-right\"><a href=\"https:\/\/cmeded.com\/es\/cancer-explained\/managing-the-side-effects-of-chemotherapy-2\/infection\/\" title=\"Infection\"><span class=\"screenreader\">Next Page: <\/span>Infection<\/a><\/div>\n<div class=\"arrow-bg-left\"><a href=\"https:\/\/cmeded.com\/es\/cancer-explained\/managing-the-side-effects-of-chemotherapy-2\/overview\/\" title=\"Efectos secundarios de la quimioterapia\"><span class=\"screenreader\">Previous Page: <\/span>Efectos secundarios de la quimioterapia<\/a><\/div>\n","protected":false},"excerpt":{"rendered":"<p>C\u00f3mo controlar los efectos secundarios de la quimioterapia Print Cansancio El cansancio es una sensaci\u00f3n de fatiga extrema o falta de energ\u00eda y es un efecto secundario frecuente de la quimioterapia. Los medicamentos de la quimioterapia pueden reducir el n\u00famero de gl\u00f3bulos rojos y ocasionar una afecci\u00f3n denominada \u00abanemia\u00bb. Los gl\u00f3bulos rojos contienen hemoglobina, que [&hellip;]<\/p>\n","protected":false},"author":5,"featured_media":0,"parent":2760,"menu_order":2,"comment_status":"closed","ping_status":"open","template":"","meta":{"footnotes":""},"tags":[10],"class_list":["post-16621","page","type-page","status-publish","hentry","tag-members-only"],"yoast_head":"<!-- This site is optimized with the Yoast SEO plugin v25.0 - https:\/\/yoast.com\/wordpress\/plugins\/seo\/ -->\n<title>CMedEd | C\u00f3mo controlar los efectos secundarios de la quimioterapia | Cansancio<\/title>\n<meta name=\"description\" content=\"C\u00f3mo controlar los efectos secundarios de la quimioterapia Print Cansancio El cansancio es una sensaci\u00f3n de fatiga extrema o falta de energ\u00eda y es un\" \/>\n<meta name=\"robots\" content=\"index, follow, max-snippet:-1, max-image-preview:large, max-video-preview:-1\" \/>\n<link rel=\"canonical\" href=\"https:\/\/cmeded.com\/es\/cancer-explained\/managing-the-side-effects-of-chemotherapy-2\/fatigue\/\" \/>\n<meta property=\"og:locale\" content=\"es_ES\" \/>\n<meta property=\"og:type\" content=\"article\" \/>\n<meta property=\"og:title\" content=\"CMedEd | C\u00f3mo controlar los efectos secundarios de la quimioterapia | Cansancio\" \/>\n<meta property=\"og:description\" content=\"C\u00f3mo controlar los efectos secundarios de la quimioterapia Print Cansancio El cansancio es una sensaci\u00f3n de fatiga extrema o falta de energ\u00eda y es un\" \/>\n<meta property=\"og:url\" content=\"https:\/\/cmeded.com\/es\/cancer-explained\/managing-the-side-effects-of-chemotherapy-2\/fatigue\/\" \/>\n<meta property=\"og:site_name\" content=\"CMedEd\" \/>\n<meta property=\"article:modified_time\" content=\"2023-08-24T23:47:46+00:00\" \/>\n<meta name=\"twitter:card\" content=\"summary_large_image\" \/>\n<meta name=\"twitter:label1\" content=\"Tiempo de lectura\" \/>\n\t<meta name=\"twitter:data1\" content=\"1 minuto\" \/>\n<script type=\"application\/ld+json\" class=\"yoast-schema-graph\">{\"@context\":\"https:\/\/schema.org\",\"@graph\":[{\"@type\":\"WebPage\",\"@id\":\"https:\/\/cmeded.com\/es\/cancer-explained\/managing-the-side-effects-of-chemotherapy-2\/fatigue\/\",\"url\":\"https:\/\/cmeded.com\/es\/cancer-explained\/managing-the-side-effects-of-chemotherapy-2\/fatigue\/\",\"name\":\"CMedEd | C\u00f3mo controlar los efectos secundarios de la quimioterapia | Cansancio\",\"isPartOf\":{\"@id\":\"https:\/\/cmeded.com\/es\/#website\"},\"datePublished\":\"2014-04-22T21:09:07+00:00\",\"dateModified\":\"2023-08-24T23:47:46+00:00\",\"description\":\"C\u00f3mo controlar los efectos secundarios de la quimioterapia Print Cansancio El cansancio es una sensaci\u00f3n de fatiga extrema o falta de energ\u00eda y es un\",\"breadcrumb\":{\"@id\":\"https:\/\/cmeded.com\/es\/cancer-explained\/managing-the-side-effects-of-chemotherapy-2\/fatigue\/#breadcrumb\"},\"inLanguage\":\"es\",\"potentialAction\":[{\"@type\":\"ReadAction\",\"target\":[\"https:\/\/cmeded.com\/es\/cancer-explained\/managing-the-side-effects-of-chemotherapy-2\/fatigue\/\"]}]},{\"@type\":\"BreadcrumbList\",\"@id\":\"https:\/\/cmeded.com\/es\/cancer-explained\/managing-the-side-effects-of-chemotherapy-2\/fatigue\/#breadcrumb\",\"itemListElement\":[{\"@type\":\"ListItem\",\"position\":1,\"name\":\"Home\",\"item\":\"https:\/\/cmeded.com\/es\/\"},{\"@type\":\"ListItem\",\"position\":2,\"name\":\"Explicaci\u00f3n sobre el c\u00e1ncer\",\"item\":\"https:\/\/cmeded.com\/es\/cancer-explained\/\"},{\"@type\":\"ListItem\",\"position\":3,\"name\":\"C\u00f3mo controlar los efectos secundarios de la quimioterapia\",\"item\":\"https:\/\/cmeded.com\/es\/cancer-explained\/managing-the-side-effects-of-chemotherapy-2\/\"},{\"@type\":\"ListItem\",\"position\":4,\"name\":\"Cansancio\"}]},{\"@type\":\"WebSite\",\"@id\":\"https:\/\/cmeded.com\/es\/#website\",\"url\":\"https:\/\/cmeded.com\/es\/\",\"name\":\"CMedEd\",\"description\":\"Recurso principal de informaci\u00f3n sobre el c\u00e1ncer\",\"potentialAction\":[{\"@type\":\"SearchAction\",\"target\":{\"@type\":\"EntryPoint\",\"urlTemplate\":\"https:\/\/cmeded.com\/es\/?s={search_term_string}\"},\"query-input\":{\"@type\":\"PropertyValueSpecification\",\"valueRequired\":true,\"valueName\":\"search_term_string\"}}],\"inLanguage\":\"es\"}]}<\/script>\n<!-- \/ Yoast SEO plugin. -->","yoast_head_json":{"title":"CMedEd | C\u00f3mo controlar los efectos secundarios de la quimioterapia | Cansancio","description":"C\u00f3mo controlar los efectos secundarios de la quimioterapia Print Cansancio El cansancio es una sensaci\u00f3n de fatiga extrema o falta de energ\u00eda y es un","robots":{"index":"index","follow":"follow","max-snippet":"max-snippet:-1","max-image-preview":"max-image-preview:large","max-video-preview":"max-video-preview:-1"},"canonical":"https:\/\/cmeded.com\/es\/cancer-explained\/managing-the-side-effects-of-chemotherapy-2\/fatigue\/","og_locale":"es_ES","og_type":"article","og_title":"CMedEd | C\u00f3mo controlar los efectos secundarios de la quimioterapia | Cansancio","og_description":"C\u00f3mo controlar los efectos secundarios de la quimioterapia Print Cansancio El cansancio es una sensaci\u00f3n de fatiga extrema o falta de energ\u00eda y es un","og_url":"https:\/\/cmeded.com\/es\/cancer-explained\/managing-the-side-effects-of-chemotherapy-2\/fatigue\/","og_site_name":"CMedEd","article_modified_time":"2023-08-24T23:47:46+00:00","twitter_card":"summary_large_image","twitter_misc":{"Tiempo de lectura":"1 minuto"},"schema":{"@context":"https:\/\/schema.org","@graph":[{"@type":"WebPage","@id":"https:\/\/cmeded.com\/es\/cancer-explained\/managing-the-side-effects-of-chemotherapy-2\/fatigue\/","url":"https:\/\/cmeded.com\/es\/cancer-explained\/managing-the-side-effects-of-chemotherapy-2\/fatigue\/","name":"CMedEd | C\u00f3mo controlar los efectos secundarios de la quimioterapia | Cansancio","isPartOf":{"@id":"https:\/\/cmeded.com\/es\/#website"},"datePublished":"2014-04-22T21:09:07+00:00","dateModified":"2023-08-24T23:47:46+00:00","description":"C\u00f3mo controlar los efectos secundarios de la quimioterapia Print Cansancio El cansancio es una sensaci\u00f3n de fatiga extrema o falta de energ\u00eda y es un","breadcrumb":{"@id":"https:\/\/cmeded.com\/es\/cancer-explained\/managing-the-side-effects-of-chemotherapy-2\/fatigue\/#breadcrumb"},"inLanguage":"es","potentialAction":[{"@type":"ReadAction","target":["https:\/\/cmeded.com\/es\/cancer-explained\/managing-the-side-effects-of-chemotherapy-2\/fatigue\/"]}]},{"@type":"BreadcrumbList","@id":"https:\/\/cmeded.com\/es\/cancer-explained\/managing-the-side-effects-of-chemotherapy-2\/fatigue\/#breadcrumb","itemListElement":[{"@type":"ListItem","position":1,"name":"Home","item":"https:\/\/cmeded.com\/es\/"},{"@type":"ListItem","position":2,"name":"Explicaci\u00f3n sobre el c\u00e1ncer","item":"https:\/\/cmeded.com\/es\/cancer-explained\/"},{"@type":"ListItem","position":3,"name":"C\u00f3mo controlar los efectos secundarios de la quimioterapia","item":"https:\/\/cmeded.com\/es\/cancer-explained\/managing-the-side-effects-of-chemotherapy-2\/"},{"@type":"ListItem","position":4,"name":"Cansancio"}]},{"@type":"WebSite","@id":"https:\/\/cmeded.com\/es\/#website","url":"https:\/\/cmeded.com\/es\/","name":"CMedEd","description":"Recurso principal de informaci\u00f3n sobre el c\u00e1ncer","potentialAction":[{"@type":"SearchAction","target":{"@type":"EntryPoint","urlTemplate":"https:\/\/cmeded.com\/es\/?s={search_term_string}"},"query-input":{"@type":"PropertyValueSpecification","valueRequired":true,"valueName":"search_term_string"}}],"inLanguage":"es"}]}},"_links":{"self":[{"href":"https:\/\/cmeded.com\/es\/wp-json\/wp\/v2\/pages\/16621","targetHints":{"allow":["GET"]}}],"collection":[{"href":"https:\/\/cmeded.com\/es\/wp-json\/wp\/v2\/pages"}],"about":[{"href":"https:\/\/cmeded.com\/es\/wp-json\/wp\/v2\/types\/page"}],"author":[{"embeddable":true,"href":"https:\/\/cmeded.com\/es\/wp-json\/wp\/v2\/users\/5"}],"replies":[{"embeddable":true,"href":"https:\/\/cmeded.com\/es\/wp-json\/wp\/v2\/comments?post=16621"}],"version-history":[{"count":0,"href":"https:\/\/cmeded.com\/es\/wp-json\/wp\/v2\/pages\/16621\/revisions"}],"up":[{"embeddable":true,"href":"https:\/\/cmeded.com\/es\/wp-json\/wp\/v2\/pages\/2760"}],"wp:attachment":[{"href":"https:\/\/cmeded.com\/es\/wp-json\/wp\/v2\/media?parent=16621"}],"wp:term":[{"taxonomy":"post_tag","embeddable":true,"href":"https:\/\/cmeded.com\/es\/wp-json\/wp\/v2\/tags?post=16621"}],"curies":[{"name":"wp","href":"https:\/\/api.w.org\/{rel}","templated":true}]}}