{"id":16618,"date":"2014-04-22T15:23:36","date_gmt":"2014-04-22T20:23:36","guid":{"rendered":"http:\/\/cmeded.com\/?page_id=16618"},"modified":"2023-08-24T18:48:10","modified_gmt":"2023-08-24T23:48:10","slug":"urination-changes","status":"publish","type":"page","link":"https:\/\/cmeded.com\/es\/cancer-explained\/managing-the-side-effects-of-radiation-therapy\/urination-changes\/","title":{"rendered":"Cambios en la orina"},"content":{"rendered":"<p><img decoding=\"async\" src=\"\/wp-content\/uploads\/2014\/02\/cmeded_caption_blue.png\" class=\"aligncenter print-logo\" alt=\"print-logo\"\/><\/p>\n<h2 class=\"page-title\">C\u00f3mo controlar los efectos secundarios de la radioterapia<\/h2>\n<div id=\"radMenu\"><\/div>\n<div class=\"clearboth\"><\/div>\n<div class=\"arrow-bg-right\">\n<a href=\"https:\/\/cmeded.com\/es\/cancer-explained\/managing-the-side-effects-of-radiation-therapy\/fertility-and-sexual-problems\/\" title=\"Problemas sexuales y de esterilidad\"><span class=\"screenreader\">Next Page: <\/span>Problemas sexuales y de esterilidad<\/a>\n<\/div>\n<div class=\"arrow-bg-left\">\n<a href=\"https:\/\/cmeded.com\/es\/cancer-explained\/managing-the-side-effects-of-radiation-therapy\/hair-loss\/\" title=\"Ca\u00edda de cabello\"><span class=\"screenreader\">Previous Page: <\/span>Ca\u00edda de cabello<\/a>\n<\/div>\n<div class=\"clearboth\"><\/div>\n<div class=\"divider double \" id=\"\">\n\t\n\t<\/div>\n<div class=\"printer-icon\" onClick=\"window.print()\"><span class=\"print-text\">Print<\/span><\/div>\n<h4 id=\"urination\" class=\"section-title\">Cambios en la orina<\/h4>\n<p class=\"section-content\">La radioterapia puede provocar problemas urinarios si la persona recibe radiaci\u00f3n en la pr\u00f3stata o la vejiga.  La radiaci\u00f3n da\u00f1a las c\u00e9lulas que recubren la vejiga y las v\u00edas urinarias, lo que provoca inflamaciones, \u00falceras e infecciones.  Estos problemas urinarios y vesicales generalmente comienzan tres a cinco semanas despu\u00e9s de iniciar el tratamiento con radiaci\u00f3n y, a menudo, desaparecen dos a ocho semanas despu\u00e9s de que el tratamiento haya culminado.<\/p>\n<div class=\"symp-pic\">\n<img decoding=\"async\" src=\"\/wp-content\/uploads\/2013\/04\/UrgentUrination.jpg\" alt=\"Cambios en la orina\" class=\"aligncenter\"\/>\n<\/div>\n<div class=\"risk-text-wrap\">\n<h5 class=\"section-title\">Es posible que presente los siguientes efectos secundarios de la radioterapia:<\/h5>\n<ul class=\"about-content\">\n<li>Ardor o dolor al orinar<\/li>\n<li>Problemas para orinar<\/li>\n<li>Necesidad frecuente y urgente de orinar<\/li>\n<li>Incapacidad de controlar el flujo de orina<\/li>\n<li>Necesidad frecuente de levantarse a orinar durante la noche<\/li>\n<li>Sangre en la orina<\/li>\n<li>Inflamaci\u00f3n de las v\u00edas urinarias<\/li>\n<\/ul>\n<\/div>\n<div class=\"clearboth\"><\/div>\n<h5 class=\"section-title\">A continuaci\u00f3n, se presentan algunos consejos para controlar los problemas urinarios y vesicales durante la radioterapia:<\/h5>\n<div class=\"space\" style=\"clear:both; height:10px;\"><\/div>\n<div class=\"one_third mng-chemo-mob-img\">\n<div class=\"one_half\">\n<img decoding=\"async\" src=\"\/wp-content\/uploads\/2013\/04\/Fluids89.png\" class=\"aligncenter\" alt=\"Aseg\u00farese de beber mucho l\u00edquido. El color de la orina debe ser claro a amarillo claro.\" \/>\n<\/div>\n<div class=\"one_half last\">\n<img decoding=\"async\" src=\"\/wp-content\/uploads\/2013\/05\/AvoidCoffeeAlcTob100.jpg\" class=\"aligncenter\" alt=\"Evite el caf\u00e9, el t\u00e9, el alcohol, el tabaco y los condimentos, ya que son diur\u00e9ticos y posiblemente deba ir al ba\u00f1o con m\u00e1s frecuencia.\" \/>\n<\/div>\n<div class=\"one_half\">\n<img decoding=\"async\" src=\"\/wp-content\/uploads\/2013\/09\/Doc-2-Patient-165x125.jpg\" class=\"aligncenter\" alt=\"Hable de la incontinencia con el m\u00e9dico. Un fisioterapeuta puede mostrarle ejercicios para controlar mejor la vejiga.\" \/>\n<\/div>\n<div class=\"one_half last\">\n<img decoding=\"async\" src=\"\/wp-content\/uploads\/2013\/05\/Prescriptions-100.jpg\" class=\"aligncenter\" alt=\"Hable con el m\u00e9dico acerca de los medicamentos que alivian los s\u00edntomas como los espasmos en la vejiga, el ardor o dolor y los problemas para orinar.\"\/>\n<\/div>\n<\/div>\n<div class=\"two_third last mng-chemo-mob-txt\">\n<ul class=\"about-content\">\n<li>Aseg\u00farese de beber mucho l\u00edquido. El color de la orina debe ser claro a amarillo claro.<\/li>\n<\/ul>\n<ul class=\"about-content\">\n<li>Evite el caf\u00e9, el t\u00e9, el alcohol, el tabaco y los condimentos, ya que son diur\u00e9ticos y posiblemente deba ir al ba\u00f1o con m\u00e1s frecuencia.<\/li>\n<\/ul>\n<ul class=\"about-content\">\n<li>Hable de la incontinencia con el m\u00e9dico. Un fisioterapeuta puede mostrarle ejercicios para controlar mejor la vejiga.<\/li>\n<\/ul>\n<ul class=\"about-content\">\n<li>Hable con el m\u00e9dico acerca de los medicamentos que alivian los s\u00edntomas como los espasmos en la vejiga, el ardor o dolor y los problemas para orinar.<\/li>\n<\/ul>\n<\/div>\n<div class=\"clearboth\"><\/div>\n<div class=\"divider\" id=\"\">\n\t\n\t<\/div>\n<div class=\"arrow-bg-right\"><a href=\"https:\/\/cmeded.com\/es\/cancer-explained\/managing-the-side-effects-of-radiation-therapy\/fertility-and-sexual-problems\/\" title=\"Problemas sexuales y de esterilidad\"><span class=\"screenreader\">Next Page: <\/span>Problemas sexuales y de esterilidad<\/a><\/div>\n<div class=\"arrow-bg-left\"><a href=\"https:\/\/cmeded.com\/es\/cancer-explained\/managing-the-side-effects-of-radiation-therapy\/hair-loss\/\" title=\"Ca\u00edda de cabello\"><span class=\"screenreader\">Previous Page: <\/span>Ca\u00edda de cabello<\/a><\/div>\n","protected":false},"excerpt":{"rendered":"<p>C\u00f3mo controlar los efectos secundarios de la radioterapia Print Cambios en la orina La radioterapia puede provocar problemas urinarios si la persona recibe radiaci\u00f3n en la pr\u00f3stata o la vejiga. La radiaci\u00f3n da\u00f1a las c\u00e9lulas que recubren la vejiga y las v\u00edas urinarias, lo que provoca inflamaciones, \u00falceras e infecciones. Estos problemas urinarios y vesicales [&hellip;]<\/p>\n","protected":false},"author":5,"featured_media":0,"parent":1067,"menu_order":8,"comment_status":"closed","ping_status":"open","template":"","meta":{"footnotes":""},"tags":[10],"class_list":["post-16618","page","type-page","status-publish","hentry","tag-members-only"],"yoast_head":"<!-- This site is optimized with the Yoast SEO plugin v25.0 - https:\/\/yoast.com\/wordpress\/plugins\/seo\/ -->\n<title>CMedEd | C\u00f3mo controlar los efectos secundarios de la radioterapia | Cambios en la orina<\/title>\n<meta name=\"description\" content=\"C\u00f3mo controlar los efectos secundarios de la radioterapia Print Cambios en la orina La radioterapia puede provocar problemas urinarios si la persona\" \/>\n<meta name=\"robots\" content=\"index, follow, max-snippet:-1, max-image-preview:large, max-video-preview:-1\" \/>\n<link rel=\"canonical\" href=\"https:\/\/cmeded.com\/es\/cancer-explained\/managing-the-side-effects-of-radiation-therapy\/urination-changes\/\" \/>\n<meta property=\"og:locale\" content=\"es_ES\" \/>\n<meta property=\"og:type\" content=\"article\" \/>\n<meta property=\"og:title\" content=\"CMedEd | C\u00f3mo controlar los efectos secundarios de la radioterapia | Cambios en la orina\" \/>\n<meta property=\"og:description\" content=\"C\u00f3mo controlar los efectos secundarios de la radioterapia Print Cambios en la orina La radioterapia puede provocar problemas urinarios si la persona\" \/>\n<meta property=\"og:url\" content=\"https:\/\/cmeded.com\/es\/cancer-explained\/managing-the-side-effects-of-radiation-therapy\/urination-changes\/\" \/>\n<meta property=\"og:site_name\" content=\"CMedEd\" \/>\n<meta property=\"article:modified_time\" content=\"2023-08-24T23:48:10+00:00\" \/>\n<meta name=\"twitter:card\" content=\"summary_large_image\" \/>\n<meta name=\"twitter:label1\" content=\"Tiempo de lectura\" \/>\n\t<meta name=\"twitter:data1\" content=\"1 minuto\" \/>\n<script type=\"application\/ld+json\" class=\"yoast-schema-graph\">{\"@context\":\"https:\/\/schema.org\",\"@graph\":[{\"@type\":\"WebPage\",\"@id\":\"https:\/\/cmeded.com\/es\/cancer-explained\/managing-the-side-effects-of-radiation-therapy\/urination-changes\/\",\"url\":\"https:\/\/cmeded.com\/es\/cancer-explained\/managing-the-side-effects-of-radiation-therapy\/urination-changes\/\",\"name\":\"CMedEd | C\u00f3mo controlar los efectos secundarios de la radioterapia | Cambios en la orina\",\"isPartOf\":{\"@id\":\"https:\/\/cmeded.com\/es\/#website\"},\"datePublished\":\"2014-04-22T20:23:36+00:00\",\"dateModified\":\"2023-08-24T23:48:10+00:00\",\"description\":\"C\u00f3mo controlar los efectos secundarios de la radioterapia Print Cambios en la orina La radioterapia puede provocar problemas urinarios si la persona\",\"breadcrumb\":{\"@id\":\"https:\/\/cmeded.com\/es\/cancer-explained\/managing-the-side-effects-of-radiation-therapy\/urination-changes\/#breadcrumb\"},\"inLanguage\":\"es\",\"potentialAction\":[{\"@type\":\"ReadAction\",\"target\":[\"https:\/\/cmeded.com\/es\/cancer-explained\/managing-the-side-effects-of-radiation-therapy\/urination-changes\/\"]}]},{\"@type\":\"BreadcrumbList\",\"@id\":\"https:\/\/cmeded.com\/es\/cancer-explained\/managing-the-side-effects-of-radiation-therapy\/urination-changes\/#breadcrumb\",\"itemListElement\":[{\"@type\":\"ListItem\",\"position\":1,\"name\":\"Home\",\"item\":\"https:\/\/cmeded.com\/es\/\"},{\"@type\":\"ListItem\",\"position\":2,\"name\":\"Explicaci\u00f3n sobre el c\u00e1ncer\",\"item\":\"https:\/\/cmeded.com\/es\/cancer-explained\/\"},{\"@type\":\"ListItem\",\"position\":3,\"name\":\"C\u00f3mo controlar los efectos secundarios de la radioterapia\",\"item\":\"https:\/\/cmeded.com\/es\/cancer-explained\/managing-the-side-effects-of-radiation-therapy\/\"},{\"@type\":\"ListItem\",\"position\":4,\"name\":\"Cambios en la orina\"}]},{\"@type\":\"WebSite\",\"@id\":\"https:\/\/cmeded.com\/es\/#website\",\"url\":\"https:\/\/cmeded.com\/es\/\",\"name\":\"CMedEd\",\"description\":\"Recurso principal de informaci\u00f3n sobre el c\u00e1ncer\",\"potentialAction\":[{\"@type\":\"SearchAction\",\"target\":{\"@type\":\"EntryPoint\",\"urlTemplate\":\"https:\/\/cmeded.com\/es\/?s={search_term_string}\"},\"query-input\":{\"@type\":\"PropertyValueSpecification\",\"valueRequired\":true,\"valueName\":\"search_term_string\"}}],\"inLanguage\":\"es\"}]}<\/script>\n<!-- \/ Yoast SEO plugin. -->","yoast_head_json":{"title":"CMedEd | C\u00f3mo controlar los efectos secundarios de la radioterapia | Cambios en la orina","description":"C\u00f3mo controlar los efectos secundarios de la radioterapia Print Cambios en la orina La radioterapia puede provocar problemas urinarios si la persona","robots":{"index":"index","follow":"follow","max-snippet":"max-snippet:-1","max-image-preview":"max-image-preview:large","max-video-preview":"max-video-preview:-1"},"canonical":"https:\/\/cmeded.com\/es\/cancer-explained\/managing-the-side-effects-of-radiation-therapy\/urination-changes\/","og_locale":"es_ES","og_type":"article","og_title":"CMedEd | C\u00f3mo controlar los efectos secundarios de la radioterapia | Cambios en la orina","og_description":"C\u00f3mo controlar los efectos secundarios de la radioterapia Print Cambios en la orina La radioterapia puede provocar problemas urinarios si la persona","og_url":"https:\/\/cmeded.com\/es\/cancer-explained\/managing-the-side-effects-of-radiation-therapy\/urination-changes\/","og_site_name":"CMedEd","article_modified_time":"2023-08-24T23:48:10+00:00","twitter_card":"summary_large_image","twitter_misc":{"Tiempo de lectura":"1 minuto"},"schema":{"@context":"https:\/\/schema.org","@graph":[{"@type":"WebPage","@id":"https:\/\/cmeded.com\/es\/cancer-explained\/managing-the-side-effects-of-radiation-therapy\/urination-changes\/","url":"https:\/\/cmeded.com\/es\/cancer-explained\/managing-the-side-effects-of-radiation-therapy\/urination-changes\/","name":"CMedEd | C\u00f3mo controlar los efectos secundarios de la radioterapia | Cambios en la orina","isPartOf":{"@id":"https:\/\/cmeded.com\/es\/#website"},"datePublished":"2014-04-22T20:23:36+00:00","dateModified":"2023-08-24T23:48:10+00:00","description":"C\u00f3mo controlar los efectos secundarios de la radioterapia Print Cambios en la orina La radioterapia puede provocar problemas urinarios si la persona","breadcrumb":{"@id":"https:\/\/cmeded.com\/es\/cancer-explained\/managing-the-side-effects-of-radiation-therapy\/urination-changes\/#breadcrumb"},"inLanguage":"es","potentialAction":[{"@type":"ReadAction","target":["https:\/\/cmeded.com\/es\/cancer-explained\/managing-the-side-effects-of-radiation-therapy\/urination-changes\/"]}]},{"@type":"BreadcrumbList","@id":"https:\/\/cmeded.com\/es\/cancer-explained\/managing-the-side-effects-of-radiation-therapy\/urination-changes\/#breadcrumb","itemListElement":[{"@type":"ListItem","position":1,"name":"Home","item":"https:\/\/cmeded.com\/es\/"},{"@type":"ListItem","position":2,"name":"Explicaci\u00f3n sobre el c\u00e1ncer","item":"https:\/\/cmeded.com\/es\/cancer-explained\/"},{"@type":"ListItem","position":3,"name":"C\u00f3mo controlar los efectos secundarios de la radioterapia","item":"https:\/\/cmeded.com\/es\/cancer-explained\/managing-the-side-effects-of-radiation-therapy\/"},{"@type":"ListItem","position":4,"name":"Cambios en la orina"}]},{"@type":"WebSite","@id":"https:\/\/cmeded.com\/es\/#website","url":"https:\/\/cmeded.com\/es\/","name":"CMedEd","description":"Recurso principal de informaci\u00f3n sobre el c\u00e1ncer","potentialAction":[{"@type":"SearchAction","target":{"@type":"EntryPoint","urlTemplate":"https:\/\/cmeded.com\/es\/?s={search_term_string}"},"query-input":{"@type":"PropertyValueSpecification","valueRequired":true,"valueName":"search_term_string"}}],"inLanguage":"es"}]}},"_links":{"self":[{"href":"https:\/\/cmeded.com\/es\/wp-json\/wp\/v2\/pages\/16618","targetHints":{"allow":["GET"]}}],"collection":[{"href":"https:\/\/cmeded.com\/es\/wp-json\/wp\/v2\/pages"}],"about":[{"href":"https:\/\/cmeded.com\/es\/wp-json\/wp\/v2\/types\/page"}],"author":[{"embeddable":true,"href":"https:\/\/cmeded.com\/es\/wp-json\/wp\/v2\/users\/5"}],"replies":[{"embeddable":true,"href":"https:\/\/cmeded.com\/es\/wp-json\/wp\/v2\/comments?post=16618"}],"version-history":[{"count":0,"href":"https:\/\/cmeded.com\/es\/wp-json\/wp\/v2\/pages\/16618\/revisions"}],"up":[{"embeddable":true,"href":"https:\/\/cmeded.com\/es\/wp-json\/wp\/v2\/pages\/1067"}],"wp:attachment":[{"href":"https:\/\/cmeded.com\/es\/wp-json\/wp\/v2\/media?parent=16618"}],"wp:term":[{"taxonomy":"post_tag","embeddable":true,"href":"https:\/\/cmeded.com\/es\/wp-json\/wp\/v2\/tags?post=16618"}],"curies":[{"name":"wp","href":"https:\/\/api.w.org\/{rel}","templated":true}]}}