{"id":16612,"date":"2014-04-22T15:06:04","date_gmt":"2014-04-22T20:06:04","guid":{"rendered":"http:\/\/cmeded.com\/?page_id=16612"},"modified":"2023-08-24T18:47:47","modified_gmt":"2023-08-24T23:47:47","slug":"skin-changes","status":"publish","type":"page","link":"https:\/\/cmeded.com\/es\/cancer-explained\/managing-the-side-effects-of-radiation-therapy\/skin-changes\/","title":{"rendered":"Cambios en la piel"},"content":{"rendered":"<p><img decoding=\"async\" src=\"\/wp-content\/uploads\/2014\/02\/cmeded_caption_blue.png\" class=\"aligncenter print-logo\" alt=\"print-logo\"\/><\/p>\n<h2 class=\"page-title\">C\u00f3mo controlar los efectos secundarios de la radioterapia<\/h2>\n<div id=\"radMenu\"><\/div>\n<div class=\"clearboth\"><\/div>\n<div class=\"arrow-bg-right\">\n<a href=\"https:\/\/cmeded.com\/es\/cancer-explained\/managing-the-side-effects-of-radiation-therapy\/fatigue\/\" title=\"Cansancio\"><span class=\"screenreader\">Next Page: <\/span>Cansancio<\/a>\n<\/div>\n<div class=\"arrow-bg-left\">\n<a href=\"https:\/\/cmeded.com\/es\/cancer-explained\/managing-the-side-effects-of-radiation-therapy\/overview\/\" title=\"Generalidades\"><span class=\"screenreader\">Previous Page: <\/span>Generalidades<\/a>\n<\/div>\n<div class=\"clearboth\"><\/div>\n<div class=\"divider double \" id=\"\">\n\t\n\t<\/div>\n<div class=\"printer-icon\" onClick=\"window.print()\"><span class=\"print-text\">Print<\/span><\/div>\n<h4 id=\"skin\" class=\"section-title\">Cambios en la piel<\/h4>\n<p class=\"section-content\">La radioterapia puede provocar enrojecimiento, picaz\u00f3n, sequedad, llagas, hinchaz\u00f3n o sensibilidad en la piel del \u00e1rea tratada.  La gravedad de los cambios en la piel depende de la dosis de radiaci\u00f3n que reciba.  La radiaci\u00f3n en dosis altas da\u00f1a y destruye las c\u00e9lulas de la piel.  Estos cambios generalmente aparecen algunas semanas despu\u00e9s de comenzar el tratamiento y desaparecen algunas semanas despu\u00e9s de culminarlo.  No obstante, es posible que tenga algunos cambios a largo plazo, como piel gruesa, seca, oscura y llena de manchas. <\/p>\n<h5 class=\"section-title\">A continuaci\u00f3n, se presentan algunos consejos \u00fatiles para mantener una piel sana durante la radioterapia:<\/h5>\n<div class=\"space\" style=\"clear:both; height:10px;\"><\/div>\n<div class=\"one_third mng-chemo-mob-img\">\n<div class=\"one_half\">\n<img decoding=\"async\" src=\"\/wp-content\/uploads\/2013\/04\/WashHands100.png\" class=\"aligncenter\" alt=\"Trate su piel suavemente. L\u00e1vese con un jab\u00f3n suave y agua tibia. No se frote, refriegue ni rasque la piel.\" \/>\n<\/div>\n<div class=\"one_half last\">\n<img decoding=\"async\" src=\"\/wp-content\/uploads\/2013\/05\/Heating105x99.jpg\" alt=\"Evite usar almohadillas de calor, compresas de hielo ni ning\u00fan otro objeto que sea muy caliente o muy fr\u00edo sobre la piel del \u00e1rea tratada\" class=\"aligncenter\" \/>\n<\/div>\n<div class=\"one_half\">\n<img decoding=\"async\" src=\"\/wp-content\/uploads\/2013\/03\/LotionCream.jpg\" class=\"aligncenter\" alt=\"Use solo los productos para la piel que le recomend\u00f3 el m\u00e9dico durante el tratamiento.  Muchas lociones y cremas de venta libre pueden interferir en el tratamiento\" \/>\n<\/div>\n<div class=\"one_half last\">\n<img decoding=\"async\" src=\"\/wp-content\/uploads\/2013\/11\/Sunhat170x175.png\" class=\"aligncenter\" alt=\"No exponga el \u00e1rea tratada al sol durante el tratamiento o un a\u00f1o despu\u00e9s de culminarlo\" \/>\n<\/div>\n<div class=\"one_half\">\n<img decoding=\"async\" src=\"\/wp-content\/uploads\/2013\/04\/Humidifier100.png\" class=\"aligncenter\" alt=\"Use un humidificador. Sentir\u00e1 que la piel mejora en ambientes h\u00famedos y frescos\" \/>\n<\/div>\n<div class=\"one_half last\">\n<img decoding=\"async\" src=\"\/wp-content\/uploads\/2013\/04\/Bandages100.png\" class=\"aligncenter\" alt=\"Evite usar vendas o adhesivos en el \u00e1rea tratada\" \/>\n<\/div>\n<\/div>\n<div class=\"two_third last mng-chemo-mob-txt\">\n<ul class=\"about-content\">\n<li>Trate su piel suavemente. L\u00e1vese con un jab\u00f3n suave y agua tibia. No se frote, refriegue ni rasque la piel.<\/li>\n<\/ul>\n<ul class=\"about-content\">\n<li>Evite usar almohadillas de calor, compresas de hielo ni ning\u00fan otro objeto que sea muy caliente o muy fr\u00edo sobre la piel del \u00e1rea tratada.<\/li>\n<\/ul>\n<ul class=\"about-content\">\n<li>Use solo los productos para la piel que le recomend\u00f3 el m\u00e9dico durante el tratamiento.  Muchas lociones y cremas de venta libre pueden interferir en el tratamiento.<\/li>\n<\/ul>\n<ul class=\"about-content\">\n<li>No exponga el \u00e1rea tratada al sol durante el tratamiento o un a\u00f1o despu\u00e9s de culminarlo.<\/li>\n<\/ul>\n<ul class=\"about-content\">\n<li>Use un humidificador. Sentir\u00e1 que la piel mejora en ambientes h\u00famedos y frescos.<\/li>\n<\/ul>\n<ul class=\"about-content\">\n<li>Use prendas c\u00f3modas y sueltas de telas suaves. Evite las prendas ajustadas.<\/li>\n<\/ul>\n<ul class=\"about-content\">\n<li>Evite usar vendas o adhesivos en el \u00e1rea tratada.<\/li>\n<\/ul>\n<\/div>\n<div class=\"clearboth\"><\/div>\n<div class=\"divider\" id=\"\">\n\t\n\t<\/div>\n<div class=\"arrow-bg-right\"><a href=\"https:\/\/cmeded.com\/es\/cancer-explained\/managing-the-side-effects-of-radiation-therapy\/fatigue\/\" title=\"Cansancio\"><span class=\"screenreader\">Next Page: <\/span>Cansancio<\/a><\/div>\n<div class=\"arrow-bg-left\"><a href=\"https:\/\/cmeded.com\/es\/cancer-explained\/managing-the-side-effects-of-radiation-therapy\/overview\/\" title=\"Generalidades\"><span class=\"screenreader\">Previous Page: <\/span>Generalidades<\/a><\/div>\n","protected":false},"excerpt":{"rendered":"<p>C\u00f3mo controlar los efectos secundarios de la radioterapia Print Cambios en la piel La radioterapia puede provocar enrojecimiento, picaz\u00f3n, sequedad, llagas, hinchaz\u00f3n o sensibilidad en la piel del \u00e1rea tratada. La gravedad de los cambios en la piel depende de la dosis de radiaci\u00f3n que reciba. La radiaci\u00f3n en dosis altas da\u00f1a y destruye las [&hellip;]<\/p>\n","protected":false},"author":5,"featured_media":0,"parent":1067,"menu_order":2,"comment_status":"closed","ping_status":"open","template":"","meta":{"footnotes":""},"tags":[10],"class_list":["post-16612","page","type-page","status-publish","hentry","tag-members-only"],"yoast_head":"<!-- This site is optimized with the Yoast SEO plugin v25.0 - https:\/\/yoast.com\/wordpress\/plugins\/seo\/ -->\n<title>CMedEd | C\u00f3mo controlar los efectos secundarios de la radioterapia | Cambios en la piel<\/title>\n<meta name=\"description\" content=\"C\u00f3mo controlar los efectos secundarios de la radioterapia Print Cambios en la piel La radioterapia puede provocar enrojecimiento, picaz\u00f3n, sequedad,\" \/>\n<meta name=\"robots\" content=\"index, follow, max-snippet:-1, max-image-preview:large, max-video-preview:-1\" \/>\n<link rel=\"canonical\" href=\"https:\/\/cmeded.com\/es\/cancer-explained\/managing-the-side-effects-of-radiation-therapy\/skin-changes\/\" \/>\n<meta property=\"og:locale\" content=\"es_ES\" \/>\n<meta property=\"og:type\" content=\"article\" \/>\n<meta property=\"og:title\" content=\"CMedEd | C\u00f3mo controlar los efectos secundarios de la radioterapia | Cambios en la piel\" \/>\n<meta property=\"og:description\" content=\"C\u00f3mo controlar los efectos secundarios de la radioterapia Print Cambios en la piel La radioterapia puede provocar enrojecimiento, picaz\u00f3n, sequedad,\" \/>\n<meta property=\"og:url\" content=\"https:\/\/cmeded.com\/es\/cancer-explained\/managing-the-side-effects-of-radiation-therapy\/skin-changes\/\" \/>\n<meta property=\"og:site_name\" content=\"CMedEd\" \/>\n<meta property=\"article:modified_time\" content=\"2023-08-24T23:47:47+00:00\" \/>\n<meta name=\"twitter:card\" content=\"summary_large_image\" \/>\n<meta name=\"twitter:label1\" content=\"Tiempo de lectura\" \/>\n\t<meta name=\"twitter:data1\" content=\"1 minuto\" \/>\n<script type=\"application\/ld+json\" class=\"yoast-schema-graph\">{\"@context\":\"https:\/\/schema.org\",\"@graph\":[{\"@type\":\"WebPage\",\"@id\":\"https:\/\/cmeded.com\/es\/cancer-explained\/managing-the-side-effects-of-radiation-therapy\/skin-changes\/\",\"url\":\"https:\/\/cmeded.com\/es\/cancer-explained\/managing-the-side-effects-of-radiation-therapy\/skin-changes\/\",\"name\":\"CMedEd | C\u00f3mo controlar los efectos secundarios de la radioterapia | Cambios en la piel\",\"isPartOf\":{\"@id\":\"https:\/\/cmeded.com\/es\/#website\"},\"datePublished\":\"2014-04-22T20:06:04+00:00\",\"dateModified\":\"2023-08-24T23:47:47+00:00\",\"description\":\"C\u00f3mo controlar los efectos secundarios de la radioterapia Print Cambios en la piel La radioterapia puede provocar enrojecimiento, picaz\u00f3n, sequedad,\",\"breadcrumb\":{\"@id\":\"https:\/\/cmeded.com\/es\/cancer-explained\/managing-the-side-effects-of-radiation-therapy\/skin-changes\/#breadcrumb\"},\"inLanguage\":\"es\",\"potentialAction\":[{\"@type\":\"ReadAction\",\"target\":[\"https:\/\/cmeded.com\/es\/cancer-explained\/managing-the-side-effects-of-radiation-therapy\/skin-changes\/\"]}]},{\"@type\":\"BreadcrumbList\",\"@id\":\"https:\/\/cmeded.com\/es\/cancer-explained\/managing-the-side-effects-of-radiation-therapy\/skin-changes\/#breadcrumb\",\"itemListElement\":[{\"@type\":\"ListItem\",\"position\":1,\"name\":\"Home\",\"item\":\"https:\/\/cmeded.com\/es\/\"},{\"@type\":\"ListItem\",\"position\":2,\"name\":\"Explicaci\u00f3n sobre el c\u00e1ncer\",\"item\":\"https:\/\/cmeded.com\/es\/cancer-explained\/\"},{\"@type\":\"ListItem\",\"position\":3,\"name\":\"C\u00f3mo controlar los efectos secundarios de la radioterapia\",\"item\":\"https:\/\/cmeded.com\/es\/cancer-explained\/managing-the-side-effects-of-radiation-therapy\/\"},{\"@type\":\"ListItem\",\"position\":4,\"name\":\"Cambios en la piel\"}]},{\"@type\":\"WebSite\",\"@id\":\"https:\/\/cmeded.com\/es\/#website\",\"url\":\"https:\/\/cmeded.com\/es\/\",\"name\":\"CMedEd\",\"description\":\"Recurso principal de informaci\u00f3n sobre el c\u00e1ncer\",\"potentialAction\":[{\"@type\":\"SearchAction\",\"target\":{\"@type\":\"EntryPoint\",\"urlTemplate\":\"https:\/\/cmeded.com\/es\/?s={search_term_string}\"},\"query-input\":{\"@type\":\"PropertyValueSpecification\",\"valueRequired\":true,\"valueName\":\"search_term_string\"}}],\"inLanguage\":\"es\"}]}<\/script>\n<!-- \/ Yoast SEO plugin. -->","yoast_head_json":{"title":"CMedEd | C\u00f3mo controlar los efectos secundarios de la radioterapia | Cambios en la piel","description":"C\u00f3mo controlar los efectos secundarios de la radioterapia Print Cambios en la piel La radioterapia puede provocar enrojecimiento, picaz\u00f3n, sequedad,","robots":{"index":"index","follow":"follow","max-snippet":"max-snippet:-1","max-image-preview":"max-image-preview:large","max-video-preview":"max-video-preview:-1"},"canonical":"https:\/\/cmeded.com\/es\/cancer-explained\/managing-the-side-effects-of-radiation-therapy\/skin-changes\/","og_locale":"es_ES","og_type":"article","og_title":"CMedEd | C\u00f3mo controlar los efectos secundarios de la radioterapia | Cambios en la piel","og_description":"C\u00f3mo controlar los efectos secundarios de la radioterapia Print Cambios en la piel La radioterapia puede provocar enrojecimiento, picaz\u00f3n, sequedad,","og_url":"https:\/\/cmeded.com\/es\/cancer-explained\/managing-the-side-effects-of-radiation-therapy\/skin-changes\/","og_site_name":"CMedEd","article_modified_time":"2023-08-24T23:47:47+00:00","twitter_card":"summary_large_image","twitter_misc":{"Tiempo de lectura":"1 minuto"},"schema":{"@context":"https:\/\/schema.org","@graph":[{"@type":"WebPage","@id":"https:\/\/cmeded.com\/es\/cancer-explained\/managing-the-side-effects-of-radiation-therapy\/skin-changes\/","url":"https:\/\/cmeded.com\/es\/cancer-explained\/managing-the-side-effects-of-radiation-therapy\/skin-changes\/","name":"CMedEd | C\u00f3mo controlar los efectos secundarios de la radioterapia | Cambios en la piel","isPartOf":{"@id":"https:\/\/cmeded.com\/es\/#website"},"datePublished":"2014-04-22T20:06:04+00:00","dateModified":"2023-08-24T23:47:47+00:00","description":"C\u00f3mo controlar los efectos secundarios de la radioterapia Print Cambios en la piel La radioterapia puede provocar enrojecimiento, picaz\u00f3n, sequedad,","breadcrumb":{"@id":"https:\/\/cmeded.com\/es\/cancer-explained\/managing-the-side-effects-of-radiation-therapy\/skin-changes\/#breadcrumb"},"inLanguage":"es","potentialAction":[{"@type":"ReadAction","target":["https:\/\/cmeded.com\/es\/cancer-explained\/managing-the-side-effects-of-radiation-therapy\/skin-changes\/"]}]},{"@type":"BreadcrumbList","@id":"https:\/\/cmeded.com\/es\/cancer-explained\/managing-the-side-effects-of-radiation-therapy\/skin-changes\/#breadcrumb","itemListElement":[{"@type":"ListItem","position":1,"name":"Home","item":"https:\/\/cmeded.com\/es\/"},{"@type":"ListItem","position":2,"name":"Explicaci\u00f3n sobre el c\u00e1ncer","item":"https:\/\/cmeded.com\/es\/cancer-explained\/"},{"@type":"ListItem","position":3,"name":"C\u00f3mo controlar los efectos secundarios de la radioterapia","item":"https:\/\/cmeded.com\/es\/cancer-explained\/managing-the-side-effects-of-radiation-therapy\/"},{"@type":"ListItem","position":4,"name":"Cambios en la piel"}]},{"@type":"WebSite","@id":"https:\/\/cmeded.com\/es\/#website","url":"https:\/\/cmeded.com\/es\/","name":"CMedEd","description":"Recurso principal de informaci\u00f3n sobre el c\u00e1ncer","potentialAction":[{"@type":"SearchAction","target":{"@type":"EntryPoint","urlTemplate":"https:\/\/cmeded.com\/es\/?s={search_term_string}"},"query-input":{"@type":"PropertyValueSpecification","valueRequired":true,"valueName":"search_term_string"}}],"inLanguage":"es"}]}},"_links":{"self":[{"href":"https:\/\/cmeded.com\/es\/wp-json\/wp\/v2\/pages\/16612","targetHints":{"allow":["GET"]}}],"collection":[{"href":"https:\/\/cmeded.com\/es\/wp-json\/wp\/v2\/pages"}],"about":[{"href":"https:\/\/cmeded.com\/es\/wp-json\/wp\/v2\/types\/page"}],"author":[{"embeddable":true,"href":"https:\/\/cmeded.com\/es\/wp-json\/wp\/v2\/users\/5"}],"replies":[{"embeddable":true,"href":"https:\/\/cmeded.com\/es\/wp-json\/wp\/v2\/comments?post=16612"}],"version-history":[{"count":0,"href":"https:\/\/cmeded.com\/es\/wp-json\/wp\/v2\/pages\/16612\/revisions"}],"up":[{"embeddable":true,"href":"https:\/\/cmeded.com\/es\/wp-json\/wp\/v2\/pages\/1067"}],"wp:attachment":[{"href":"https:\/\/cmeded.com\/es\/wp-json\/wp\/v2\/media?parent=16612"}],"wp:term":[{"taxonomy":"post_tag","embeddable":true,"href":"https:\/\/cmeded.com\/es\/wp-json\/wp\/v2\/tags?post=16612"}],"curies":[{"name":"wp","href":"https:\/\/api.w.org\/{rel}","templated":true}]}}