{"id":16569,"date":"2014-04-15T16:06:34","date_gmt":"2014-04-15T21:06:34","guid":{"rendered":"http:\/\/cmeded.com\/?page_id=16569"},"modified":"2025-04-29T15:09:30","modified_gmt":"2025-04-29T20:09:30","slug":"questions","status":"publish","type":"page","link":"https:\/\/cmeded.com\/es\/thoracic\/understanding-metastatic-lung-cancer\/questions\/","title":{"rendered":"Preguntas"},"content":{"rendered":"<p><img decoding=\"async\" class=\"aligncenter print-logo\" src=\"\/wp-content\/uploads\/2014\/02\/cmeded_caption_blue.png\" alt=\"print-logo\" \/><\/p>\n<h2 class=\"page-title\">Informaci\u00f3n para comprender el c\u00e1ncer metast\u00e1sico de pulm\u00f3n<\/h2>\n<div id=\"metLung\"><\/div>\n<div class=\"clearboth\"><\/div>\n<div class=\"arrow-bg-right\"><a href=\"https:\/\/cmeded.com\/es\/thoracic\/understanding-metastatic-lung-cancer\/overview\/\" title=\"Generalidades\"><span class=\"screenreader\">Next Page: <\/span>Generalidades<\/a><\/div>\n<div class=\"arrow-bg-left\"><a href=\"https:\/\/cmeded.com\/es\/thoracic\/understanding-metastatic-lung-cancer\/treatment\/\" title=\"Tratamiento\"><span class=\"screenreader\">Previous Page: <\/span>Tratamiento<\/a><\/div>\n<div class=\"clearboth\"><\/div>\n<div class=\"divider double \" id=\"\">\n\t\n\t<\/div>\n<div class=\"printer-icon\"><span class=\"print-text\">Print<\/span><\/div>\n<h4 class=\"section-title\">Preguntas para hacerle al m\u00e9dico<\/h4>\n<p class=\"section-content\">Es importante mantener una comunicaci\u00f3n honesta y abierta con m\u00e9dicos y enfermeros. No dude en hacer preguntas, incluso si estas parecen insignificantes. Se recomienda anotar las preguntas para que pueda recordarlas durante las consultas. A continuaci\u00f3n, se detallan algunas preguntas importantes que tal vez desee hacer:<\/p>\n<ul class=\"about-content\">\n<li>\u00bfEn qu\u00e9 medida se ha diseminado el c\u00e1ncer?<\/li>\n<li>\u00bfQu\u00e9 tratamientos recomienda?<\/li>\n<li>\u00bfHan realizado pruebas de biomarcadores en mi tejido tumoral? \u00bfHan enviado una biopsia l\u00edquida de mi sangre?<\/li>\n<li>\u00bfCu\u00e1les son las expectativas del tratamiento?<\/li>\n<li>\u00bfCu\u00e1les son los efectos secundarios de los tratamientos?<\/li>\n<li>\u00bfMi actividad se ver\u00e1 limitada? \u00bfPuedo seguir trabajando?<\/li>\n<li>\u00bfDe qu\u00e9 manera puedo contribuir para que mi organismo combata el c\u00e1ncer?<\/li>\n<li>\u00bfHay algo m\u00e1s que tenga que saber?<\/li>\n<li>\u00bfQu\u00e9 ensayos cl\u00ednicos est\u00e1n disponibles?<\/li>\n<\/ul>\n<div class=\"clearboth\"><\/div>\n<p>[<div class=\"divider\" id=\"\">\n\t\n\t<\/div><\/p>\n<div class=\"arrow-bg-right\"><a href=\"https:\/\/cmeded.com\/es\/thoracic\/understanding-metastatic-lung-cancer\/overview\/\" title=\"Generalidades\"><span class=\"screenreader\">Next Page: <\/span>Generalidades<\/a><\/div>\n<div class=\"arrow-bg-left\"><a href=\"https:\/\/cmeded.com\/es\/thoracic\/understanding-metastatic-lung-cancer\/treatment\/\" title=\"Tratamiento\"><span class=\"screenreader\">Previous Page: <\/span>Tratamiento<\/a><\/div>\n","protected":false},"excerpt":{"rendered":"<p>Informaci\u00f3n para comprender el c\u00e1ncer metast\u00e1sico de pulm\u00f3n Print Preguntas para hacerle al m\u00e9dico Es importante mantener una comunicaci\u00f3n honesta y abierta con m\u00e9dicos y enfermeros. No dude en hacer preguntas, incluso si estas parecen insignificantes. Se recomienda anotar las preguntas para que pueda recordarlas durante las consultas. A continuaci\u00f3n, se detallan algunas preguntas importantes [&hellip;]<\/p>\n","protected":false},"author":5,"featured_media":0,"parent":15897,"menu_order":4,"comment_status":"closed","ping_status":"open","template":"","meta":{"footnotes":""},"tags":[10],"class_list":["post-16569","page","type-page","status-publish","hentry","tag-members-only"],"yoast_head":"<!-- This site is optimized with the Yoast SEO plugin v25.0 - https:\/\/yoast.com\/wordpress\/plugins\/seo\/ -->\n<title>CMedEd | Informaci\u00f3n para comprender el c\u00e1ncer metast\u00e1sico de pulm\u00f3n | Preguntas<\/title>\n<meta name=\"description\" content=\"Informaci\u00f3n para comprender el c\u00e1ncer metast\u00e1sico de pulm\u00f3n Print Preguntas para hacerle al m\u00e9dico Es importante mantener una comunicaci\u00f3n honesta y\" \/>\n<meta name=\"robots\" content=\"index, follow, max-snippet:-1, max-image-preview:large, max-video-preview:-1\" \/>\n<link rel=\"canonical\" href=\"https:\/\/cmeded.com\/es\/thoracic\/understanding-metastatic-lung-cancer\/questions\/\" \/>\n<meta property=\"og:locale\" content=\"es_ES\" \/>\n<meta property=\"og:type\" content=\"article\" \/>\n<meta property=\"og:title\" content=\"CMedEd | Informaci\u00f3n para comprender el c\u00e1ncer metast\u00e1sico de pulm\u00f3n | Preguntas\" \/>\n<meta property=\"og:description\" content=\"Informaci\u00f3n para comprender el c\u00e1ncer metast\u00e1sico de pulm\u00f3n Print Preguntas para hacerle al m\u00e9dico Es importante mantener una comunicaci\u00f3n honesta y\" \/>\n<meta property=\"og:url\" content=\"https:\/\/cmeded.com\/es\/thoracic\/understanding-metastatic-lung-cancer\/questions\/\" \/>\n<meta property=\"og:site_name\" content=\"CMedEd\" \/>\n<meta property=\"article:modified_time\" content=\"2025-04-29T20:09:30+00:00\" \/>\n<meta name=\"twitter:card\" content=\"summary_large_image\" \/>\n<meta name=\"twitter:label1\" content=\"Tiempo de lectura\" \/>\n\t<meta name=\"twitter:data1\" content=\"1 minuto\" \/>\n<script type=\"application\/ld+json\" class=\"yoast-schema-graph\">{\"@context\":\"https:\/\/schema.org\",\"@graph\":[{\"@type\":\"WebPage\",\"@id\":\"https:\/\/cmeded.com\/es\/thoracic\/understanding-metastatic-lung-cancer\/questions\/\",\"url\":\"https:\/\/cmeded.com\/es\/thoracic\/understanding-metastatic-lung-cancer\/questions\/\",\"name\":\"CMedEd | Informaci\u00f3n para comprender el c\u00e1ncer metast\u00e1sico de pulm\u00f3n | Preguntas\",\"isPartOf\":{\"@id\":\"https:\/\/cmeded.com\/es\/#website\"},\"datePublished\":\"2014-04-15T21:06:34+00:00\",\"dateModified\":\"2025-04-29T20:09:30+00:00\",\"description\":\"Informaci\u00f3n para comprender el c\u00e1ncer metast\u00e1sico de pulm\u00f3n Print Preguntas para hacerle al m\u00e9dico Es importante mantener una comunicaci\u00f3n honesta y\",\"breadcrumb\":{\"@id\":\"https:\/\/cmeded.com\/es\/thoracic\/understanding-metastatic-lung-cancer\/questions\/#breadcrumb\"},\"inLanguage\":\"es\",\"potentialAction\":[{\"@type\":\"ReadAction\",\"target\":[\"https:\/\/cmeded.com\/es\/thoracic\/understanding-metastatic-lung-cancer\/questions\/\"]}]},{\"@type\":\"BreadcrumbList\",\"@id\":\"https:\/\/cmeded.com\/es\/thoracic\/understanding-metastatic-lung-cancer\/questions\/#breadcrumb\",\"itemListElement\":[{\"@type\":\"ListItem\",\"position\":1,\"name\":\"Home\",\"item\":\"https:\/\/cmeded.com\/es\/\"},{\"@type\":\"ListItem\",\"position\":2,\"name\":\"Tor\u00e1cico\",\"item\":\"https:\/\/cmeded.com\/es\/thoracic\/\"},{\"@type\":\"ListItem\",\"position\":3,\"name\":\"Informaci\u00f3n para comprender el c\u00e1ncer metast\u00e1sico de pulm\u00f3n\",\"item\":\"https:\/\/cmeded.com\/es\/thoracic\/understanding-metastatic-lung-cancer\/\"},{\"@type\":\"ListItem\",\"position\":4,\"name\":\"Preguntas\"}]},{\"@type\":\"WebSite\",\"@id\":\"https:\/\/cmeded.com\/es\/#website\",\"url\":\"https:\/\/cmeded.com\/es\/\",\"name\":\"CMedEd\",\"description\":\"Recurso principal de informaci\u00f3n sobre el c\u00e1ncer\",\"potentialAction\":[{\"@type\":\"SearchAction\",\"target\":{\"@type\":\"EntryPoint\",\"urlTemplate\":\"https:\/\/cmeded.com\/es\/?s={search_term_string}\"},\"query-input\":{\"@type\":\"PropertyValueSpecification\",\"valueRequired\":true,\"valueName\":\"search_term_string\"}}],\"inLanguage\":\"es\"}]}<\/script>\n<!-- \/ Yoast SEO plugin. -->","yoast_head_json":{"title":"CMedEd | Informaci\u00f3n para comprender el c\u00e1ncer metast\u00e1sico de pulm\u00f3n | Preguntas","description":"Informaci\u00f3n para comprender el c\u00e1ncer metast\u00e1sico de pulm\u00f3n Print Preguntas para hacerle al m\u00e9dico Es importante mantener una comunicaci\u00f3n honesta y","robots":{"index":"index","follow":"follow","max-snippet":"max-snippet:-1","max-image-preview":"max-image-preview:large","max-video-preview":"max-video-preview:-1"},"canonical":"https:\/\/cmeded.com\/es\/thoracic\/understanding-metastatic-lung-cancer\/questions\/","og_locale":"es_ES","og_type":"article","og_title":"CMedEd | Informaci\u00f3n para comprender el c\u00e1ncer metast\u00e1sico de pulm\u00f3n | Preguntas","og_description":"Informaci\u00f3n para comprender el c\u00e1ncer metast\u00e1sico de pulm\u00f3n Print Preguntas para hacerle al m\u00e9dico Es importante mantener una comunicaci\u00f3n honesta y","og_url":"https:\/\/cmeded.com\/es\/thoracic\/understanding-metastatic-lung-cancer\/questions\/","og_site_name":"CMedEd","article_modified_time":"2025-04-29T20:09:30+00:00","twitter_card":"summary_large_image","twitter_misc":{"Tiempo de lectura":"1 minuto"},"schema":{"@context":"https:\/\/schema.org","@graph":[{"@type":"WebPage","@id":"https:\/\/cmeded.com\/es\/thoracic\/understanding-metastatic-lung-cancer\/questions\/","url":"https:\/\/cmeded.com\/es\/thoracic\/understanding-metastatic-lung-cancer\/questions\/","name":"CMedEd | Informaci\u00f3n para comprender el c\u00e1ncer metast\u00e1sico de pulm\u00f3n | Preguntas","isPartOf":{"@id":"https:\/\/cmeded.com\/es\/#website"},"datePublished":"2014-04-15T21:06:34+00:00","dateModified":"2025-04-29T20:09:30+00:00","description":"Informaci\u00f3n para comprender el c\u00e1ncer metast\u00e1sico de pulm\u00f3n Print Preguntas para hacerle al m\u00e9dico Es importante mantener una comunicaci\u00f3n honesta y","breadcrumb":{"@id":"https:\/\/cmeded.com\/es\/thoracic\/understanding-metastatic-lung-cancer\/questions\/#breadcrumb"},"inLanguage":"es","potentialAction":[{"@type":"ReadAction","target":["https:\/\/cmeded.com\/es\/thoracic\/understanding-metastatic-lung-cancer\/questions\/"]}]},{"@type":"BreadcrumbList","@id":"https:\/\/cmeded.com\/es\/thoracic\/understanding-metastatic-lung-cancer\/questions\/#breadcrumb","itemListElement":[{"@type":"ListItem","position":1,"name":"Home","item":"https:\/\/cmeded.com\/es\/"},{"@type":"ListItem","position":2,"name":"Tor\u00e1cico","item":"https:\/\/cmeded.com\/es\/thoracic\/"},{"@type":"ListItem","position":3,"name":"Informaci\u00f3n para comprender el c\u00e1ncer metast\u00e1sico de pulm\u00f3n","item":"https:\/\/cmeded.com\/es\/thoracic\/understanding-metastatic-lung-cancer\/"},{"@type":"ListItem","position":4,"name":"Preguntas"}]},{"@type":"WebSite","@id":"https:\/\/cmeded.com\/es\/#website","url":"https:\/\/cmeded.com\/es\/","name":"CMedEd","description":"Recurso principal de informaci\u00f3n sobre el c\u00e1ncer","potentialAction":[{"@type":"SearchAction","target":{"@type":"EntryPoint","urlTemplate":"https:\/\/cmeded.com\/es\/?s={search_term_string}"},"query-input":{"@type":"PropertyValueSpecification","valueRequired":true,"valueName":"search_term_string"}}],"inLanguage":"es"}]}},"_links":{"self":[{"href":"https:\/\/cmeded.com\/es\/wp-json\/wp\/v2\/pages\/16569","targetHints":{"allow":["GET"]}}],"collection":[{"href":"https:\/\/cmeded.com\/es\/wp-json\/wp\/v2\/pages"}],"about":[{"href":"https:\/\/cmeded.com\/es\/wp-json\/wp\/v2\/types\/page"}],"author":[{"embeddable":true,"href":"https:\/\/cmeded.com\/es\/wp-json\/wp\/v2\/users\/5"}],"replies":[{"embeddable":true,"href":"https:\/\/cmeded.com\/es\/wp-json\/wp\/v2\/comments?post=16569"}],"version-history":[{"count":0,"href":"https:\/\/cmeded.com\/es\/wp-json\/wp\/v2\/pages\/16569\/revisions"}],"up":[{"embeddable":true,"href":"https:\/\/cmeded.com\/es\/wp-json\/wp\/v2\/pages\/15897"}],"wp:attachment":[{"href":"https:\/\/cmeded.com\/es\/wp-json\/wp\/v2\/media?parent=16569"}],"wp:term":[{"taxonomy":"post_tag","embeddable":true,"href":"https:\/\/cmeded.com\/es\/wp-json\/wp\/v2\/tags?post=16569"}],"curies":[{"name":"wp","href":"https:\/\/api.w.org\/{rel}","templated":true}]}}