{"id":16369,"date":"2014-03-26T11:21:49","date_gmt":"2014-03-26T16:21:49","guid":{"rendered":"http:\/\/cmeded.com\/?page_id=16369"},"modified":"2023-08-24T18:51:48","modified_gmt":"2023-08-24T23:51:48","slug":"treatment","status":"publish","type":"page","link":"https:\/\/cmeded.com\/es\/breast\/understanding-male-breast-cancer\/treatment\/","title":{"rendered":"Tratamiento"},"content":{"rendered":"<h4 class=\"section-title\">Tratamiento<\/h4>\n<p class=\"section-content\">El tratamiento contra el c\u00e1ncer de mama depende del tipo espec\u00edfico, el estadio y el estado general de la persona. El tratamiento suele incluir una intervenci\u00f3n quir\u00fargica para extirpar el tumor primario y, adem\u00e1s, radioterapia, quimioterapia, hormonoterapia o terapia dirigida. El m\u00e9dico puede prescribir tratamientos antes de la cirug\u00eda (terapia neoadyuvante) a fin de reducir el tumor. O bien, puede indicar tratamientos adicionales luego de la cirug\u00eda (terapia adyuvante) a fin de destruir cualquier c\u00e9lula cancerosa que haya quedado en el organismo.<\/p>\n<div class=\"divider\" id=\"\">\n\t\n\t<\/div>\n<div class=\"risk-factor\">\n<div class=\"symp-pic\"><img decoding=\"async\" src=\"\/wp-content\/uploads\/2013\/02\/Surgery125.jpg\" class=\"aligncenter\" alt=\"Cirug\u00eda\" style=\"height:150px;\"\/><\/div>\n<div class=\"risk-text-wrap\">\n<h5 class=\"section-title\">Cirug\u00eda<\/h5>\n<p class=\"section-content\">La mayor\u00eda de los hombres que tienen c\u00e1ncer de mama se someten a una mastectom\u00eda radical modificada.  El m\u00e9dico extirpa la mama completa, lo que incluye el tejido mamario, la piel de la mama, el pez\u00f3n y la areola, as\u00ed como los ganglios linf\u00e1ticos axilares.  Si el tumor es muy grande y ha invadido los m\u00fasculos del t\u00f3rax, el cirujano realizar\u00e1 una mastectom\u00eda radical, en la que tambi\u00e9n se extirpar\u00e1 el tejido muscular que se encuentra debajo de la mama.  Las cirug\u00edas de conservaci\u00f3n de la mama, como la mastectom\u00eda parcial, no suelen emplearse para el c\u00e1ncer de mama masculino debido a la peque\u00f1a cantidad de tejido mamario que tienen los hombres.<\/p>\n<\/div>\n<div class=\"clearboth\"><\/div>\n<\/div>\n<div class=\"divider\" id=\"\">\n\t\n\t<\/div>\n<div class=\"risk-factor\">\n<div class=\"symp-pic\"><img decoding=\"async\" src=\"\/wp-content\/uploads\/2013\/03\/RadiationRisk.jpg\" class=\"aligncenter\" alt=\"Radioterapia\" style=\"height:150px;\"\/><\/div>\n<div class=\"risk-text-wrap\">\n<h5 class=\"section-title\">Radioterapia<\/h5>\n<p class=\"section-content\">En la radioterapia, se usan rayos de gran energ\u00eda para localizar y destruir las c\u00e9lulas cancerosas. Los m\u00e9dicos suelen prescribir radiaci\u00f3n luego de la cirug\u00eda (terapia adyuvante) para destruir cualquier c\u00e9lula cancerosa que quede en el tejido mamario, el t\u00f3rax y las axilas, y para reducir las probabilidades de que el c\u00e1ncer regrese.  En el caso del c\u00e1ncer de mama masculino, los m\u00e9dicos suelen utilizar radioterapia externa, en la que la radiaci\u00f3n se apunta al tumor desde un aparato de gran tama\u00f1o que se encuentra fuera del cuerpo.  La radioterapia interna (braquirradioterapia) se utiliza poco para el c\u00e1ncer de mama masculino.<\/p>\n<\/div>\n<div class=\"clearboth\"><\/div>\n<\/div>\n<div class=\"divider\" id=\"\">\n\t\n\t<\/div>\n<div class=\"risk-factor\">\n<div class=\"symp-pic\" ><div id=\"caption\" style=\"width: 210px\" class=\"wp-caption center aligncenter\"><a href=\"\/wp-content\/uploads\/2015\/12\/Chemotherapy-Male-IV-Therapy-WEB.jpg\" title=\"Click Image to Enlarge.\"><img decoding=\"async\" aria-describedby=\"caption-caption\" src=\"\/wp-content\/uploads\/2015\/12\/Chemotherapy-Male-IV-Therapy-WEB-200.jpg\" class=\"aligncenter\" alt=\"Quimioterapia\" style=\"height:150px;\"\/><\/a><p id=\"caption-caption\" class=\"wp-caption-text\">Click Image to Enlarge.<\/p><\/div><\/div>\n<div class=\"risk-text-wrap\">\n<h5 class=\"section-title\">Quimioterapia<\/h5>\n<p class=\"section-content\">La quimioterapia hace referencia al uso de medicamentos para localizar las c\u00e9lulas de r\u00e1pido crecimiento con el fin de destruir las c\u00e9lulas cancerosas. El m\u00e9dico prescribe quimioterapia para reducir el tumor antes de la cirug\u00eda (terapia neoadyuvante) y para destruir cualquier vestigio de c\u00e1ncer despu\u00e9s de la cirug\u00eda (terapia adyuvante). En los estadios m\u00e1s avanzados, es decir, cu\u00e1ndo el c\u00e1ncer se ha diseminado, la quimioterapia podr\u00eda ser la mejor opci\u00f3n de tratamiento para aliviar los s\u00edntomas y prolongar la supervivencia. La quimioterapia se puede administrar por v\u00eda intravenosa, como una inyecci\u00f3n, o en forma de comprimido o l\u00edquido. Por lo general, los m\u00e9dicos emplean una combinaci\u00f3n de medicamentos oncol\u00f3gicos y administran el tratamiento en ciclos.<\/p>\n<\/div>\n<div class=\"clearboth\"><\/div>\n<\/div>\n<div class=\"divider\" id=\"\">\n\t\n\t<\/div>\n<div class=\"risk-factor\">\n<div class=\"symp-pic\"><img decoding=\"async\" src=\"\/wp-content\/uploads\/2013\/03\/HormoneTHerapy150.jpg\" class=\"aligncenter\" alt=\"Hormonoterapia\" style=\"max-height:150px;\"\/><\/div>\n<div class=\"risk-text-wrap\">\n<h5 class=\"section-title\">Hormonoterapia<\/h5>\n<p class=\"section-content\">Algunos hombres tienen c\u00e1ncer de mama de receptores de hormonas positivos. En estos hombres, las hormonas de estr\u00f3geno y progesterona pueden hacer que el tumor crezca de manera m\u00e1s agresiva. La hormonoterapia bloquea los efectos de estas hormonas o disminuye sus niveles, lo cual impide que la hormona estimule el crecimiento del c\u00e1ncer. Los m\u00e9dicos suelen prescribir hormonoterapia para reducir el tumor antes de la cirug\u00eda o para reducir el riesgo de que el c\u00e1ncer regrese.<\/p>\n<\/div>\n<div class=\"clearboth\"><\/div>\n<\/div>\n<div class=\"divider\" id=\"\">\n\t\n\t<\/div>\n<div class=\"risk-factor\">\n<div class=\"symp-pic\" >\n<div id=\"caption\" style=\"width: 160px\" class=\"wp-caption aligncenter\"><a href='\/wp-content\/uploads\/2013\/06\/HER2-175x200.jpg' title='Go to enlarged image.'><img decoding=\"async\" aria-describedby=\"caption-caption\" src=\"\/wp-content\/uploads\/2013\/06\/HER2-175x200.jpg\" class=\"aligncenter\" alt=\"Terapia dirigida\" style=\"height:150px;width:auto;\" \/><\/a><p id=\"caption-caption\" class=\"wp-caption-text\">Click Image to Enlarge.<\/p><\/div>\n<\/div>\n<div class=\"risk-text-wrap\">\n<h5 class=\"section-title\">Terapia dirigida<\/h5>\n<p class=\"section-content\">Las prote\u00ednas HER2 son receptores que se encuentran en las c\u00e9lulas mamarias. Los receptores de HER2 ayudan a controlar la manera en la cual una c\u00e9lula crece, se divide y se repara a s\u00ed misma. En algunos casos de c\u00e1ncer de mama, el gen HER2 no funciona correctamente y hace demasiadas copias de s\u00ed mismo. Esta sobreexpresi\u00f3n del gen HER2 favorece el desarrollo del c\u00e1ncer de manera m\u00e1s agresiva e incontrolable. La terapia dirigida identifica espec\u00edficamente estas prote\u00ednas HER2, y detiene o retrasa el crecimiento del c\u00e1ncer de mama.<\/p>\n<p class=\"section-content\">Los inhibidores de PARP son un tipo de\u00a0terapia dirigida\u00a0que ayuda a reparar el da\u00f1o del\u00a0ADN\u00a0en las c\u00e9lulas. Los inhibidores de PARP act\u00faan impidiendo que las c\u00e9lulas cancerosas se repare, lo que les permite morir. Los inhibidores de PARP matan preferentemente a las c\u00e9lulas cancerosas en las l\u00edneas de c\u00e9lulas cancerosas con\u00a0mutaci\u00f3n\u00a0BRCA sobre las c\u00e9lulas normales. Su m\u00e9dico puede recomendarle un inhibidor de PARP si tiene una\u00a0mutaci\u00f3n\u00a0BRCA.\n<\/div>\n<div class=\"clearboth\"><\/div>\n<\/div>\n<div class=\"divider\" id=\"\">\n\t\n\t<\/div>\n<div class=\"risk-factor\">\n<div class=\"symp-pic\"><img decoding=\"async\" src=\"\/wp-content\/uploads\/2014\/07\/Infusion-200x200.png\" class=\"aligncenter\" alt=\"Immunotherapy\" style=\"height:125px;\"\/><\/a><\/div>\n<div class=\"risk-text-wrap\">\n<h4 id=\"targeted\" class=\"section-title\">Inmunoterapia<\/h4>\n<p class=\"section-content\">PDL1 es una prote\u00edna que ayuda a evitar que las c\u00e9lulas inmunitarias ataquen a las c\u00e9lulas no da\u00f1inas del cuerpo. Normalmente, el sistema inmunol\u00f3gico combate sustancias extra\u00f1as como virus y bacterias, y no sus propias c\u00e9lulas sanas. Algunas c\u00e9lulas cancerosas tienen altas cantidades de PDL1. Esto permite que las c\u00e9lulas cancerosas \"enga\u00f1en\" al sistema inmunol\u00f3gico y eviten ser atacadas como sustancias extra\u00f1as y da\u00f1inas.<\/p>\n<p class=\"section-content\">Si sus c\u00e9lulas cancerosas tienen una gran cantidad de PDL1, puede beneficiarse de un tratamiento llamado inmunoterapia. La inmunoterapia es una terapia que estimula su sistema inmunol\u00f3gico para ayudarlo a reconocer y combatir las c\u00e9lulas cancerosas. Se ha demostrado que la inmunoterapia es muy eficaz para tratar ciertos tipos de c\u00e1nceres de mama.\n<\/div>\n<div class=\"clearboth\"><\/div>\n<\/div>\n<div class=\"divider\" id=\"\">\n\t\n\t<\/div>\n<div class=\"risk-factor\">\n<div class=\"symp-pic\"><img decoding=\"async\" src=\"\/wp-content\/uploads\/2013\/04\/Bisphosphonates.jpg\" class=\"aligncenter\" alt=\"Terapia dirigida a los huesos\" style=\"height:150px;\"\/><\/div>\n<div class=\"risk-text-wrap\">\n<h5 class=\"section-title\">Terapia dirigida a los huesos<\/h5>\n<p class=\"section-content\">El c\u00e1ncer de mama que se ha extendido a los huesos puede causar un aumento de los niveles de calcio, dolor \u00f3seo, fracturas y roturas. Los m\u00e9dicos pueden recomendar medicamentos como los bifosfonatos o denosumab para tratar estas afecciones. Estos medicamentos pueden fortalecer los huesos que se han debilitado por las c\u00e9lulas cancerosas, y pueden reducir el riesgo de dolor \u00f3seo, fracturas y roturas.<\/p>\n<p class=\"section-content\">Los inhibidores de PARP act\u00faan impidiendo que las c\u00e9lulas cancerosas se repare, lo que les permite morir. Los inhibidores de PARP matan preferentemente a las c\u00e9lulas cancerosas en la mutaci\u00f3n de BRCA sobre las c\u00e9lulas normales. Su m\u00e9dico puede recomendar un inhibidor de PARP para la terapia de mantenimiento despu\u00e9s de la terapia inicial o para el tratamiento de la recurrencia.\n<\/div>\n<div class=\"clearboth\"><\/div>\n<\/div>\n<div class=\"divider\" id=\"\">\n\t\n\t<\/div>\n<div class=\"risk-factor\">\n<div class=\"symp-pic\" >\n<div style='width: 100%; display: flex; flex-wrap: wrap; justify-content: center; align-items: center'>\n<img decoding=\"async\" src=\"\/wp-content\/uploads\/2015\/03\/Speech_Therapy_287x200.jpg\" alt=\"Estudios cl\u00ednicos\" style=\"height:135px;\"><br \/>\n<img decoding=\"async\" src=\"\/wp-content\/uploads\/2013\/04\/Microscope-1651.jpg\" alt=\"Estudios cl\u00ednicos\" style=\"height:135px;\">\n<\/div>\n<\/div>\n<div class=\"risk-text-wrap\">\n<h5 class=\"section-title\">Estudios cl\u00ednicos<\/h5>\n<p class=\"section-content\">Los estudios cl\u00ednicos permiten que los pacientes prueben un tratamiento nuevo antes de que est\u00e9 disponible para el p\u00fablico en general.  En algunos casos, puede tratarse de un medicamento nuevo que no se ha utilizado antes en seres humanos; o bien, puede tratarse de un medicamento o una combinaci\u00f3n de medicamentos que no se utilizan actualmente para un tipo espec\u00edfico de c\u00e1ncer.  En general, los estudios cl\u00ednicos en fase temprana se utilizan para probar los efectos secundarios de un medicamento o una combinaci\u00f3n de medicamentos; mientras que los estudios cl\u00ednicos en fase posterior se utilizan para determinar la eficacia de un tratamiento nuevo para un determinado tipo de c\u00e1ncer.  Los estudios cl\u00ednicos permiten a m\u00e9dicos e investigadores mejorar el tratamiento de los tipos de c\u00e1ncer con terapias posiblemente m\u00e1s efectivas.  Un estudio cl\u00ednico puede dar lugar a un medicamento nuevo e innovador; o bien, puede no tener efecto alguno.  Es importante que hable con el m\u00e9dico acerca de las ventajas y desventajas de los estudios cl\u00ednicos para su situaci\u00f3n en particular.<\/p>\n<\/div>\n<div class=\"clearboth\"><\/div>\n<\/div>\n","protected":false},"excerpt":{"rendered":"<p>Tratamiento El tratamiento contra el c\u00e1ncer de mama depende del tipo espec\u00edfico, el estadio y el estado general de la persona. El tratamiento suele incluir una intervenci\u00f3n quir\u00fargica para extirpar el tumor primario y, adem\u00e1s, radioterapia, quimioterapia, hormonoterapia o terapia dirigida. El m\u00e9dico puede prescribir tratamientos antes de la cirug\u00eda (terapia neoadyuvante) a fin de [&hellip;]<\/p>\n","protected":false},"author":5,"featured_media":0,"parent":16362,"menu_order":6,"comment_status":"closed","ping_status":"open","template":"template-tumor.php","meta":{"footnotes":""},"tags":[10],"class_list":["post-16369","page","type-page","status-publish","hentry","tag-members-only"],"yoast_head":"<!-- This site is optimized with the Yoast SEO plugin v25.0 - https:\/\/yoast.com\/wordpress\/plugins\/seo\/ -->\n<title>CMedEd | Informaci\u00f3n para comprender el c\u00e1ncer de mama masculino | Tratamiento<\/title>\n<meta name=\"description\" content=\"Tratamiento El tratamiento contra el c\u00e1ncer de mama depende del tipo espec\u00edfico, el estadio y el estado general de la persona. El tratamiento suele\" \/>\n<meta name=\"robots\" content=\"index, follow, max-snippet:-1, max-image-preview:large, max-video-preview:-1\" \/>\n<link rel=\"canonical\" href=\"https:\/\/cmeded.com\/es\/breast\/understanding-male-breast-cancer\/treatment\/\" \/>\n<meta property=\"og:locale\" content=\"es_ES\" \/>\n<meta property=\"og:type\" content=\"article\" \/>\n<meta property=\"og:title\" content=\"CMedEd | Informaci\u00f3n para comprender el c\u00e1ncer de mama masculino | Tratamiento\" \/>\n<meta property=\"og:description\" content=\"Tratamiento El tratamiento contra el c\u00e1ncer de mama depende del tipo espec\u00edfico, el estadio y el estado general de la persona. El tratamiento suele\" \/>\n<meta property=\"og:url\" content=\"https:\/\/cmeded.com\/es\/breast\/understanding-male-breast-cancer\/treatment\/\" \/>\n<meta property=\"og:site_name\" content=\"CMedEd\" \/>\n<meta property=\"article:modified_time\" content=\"2023-08-24T23:51:48+00:00\" \/>\n<meta name=\"twitter:card\" content=\"summary_large_image\" \/>\n<meta name=\"twitter:label1\" content=\"Tiempo de lectura\" \/>\n\t<meta name=\"twitter:data1\" content=\"6 minutos\" \/>\n<script type=\"application\/ld+json\" class=\"yoast-schema-graph\">{\"@context\":\"https:\/\/schema.org\",\"@graph\":[{\"@type\":\"WebPage\",\"@id\":\"https:\/\/cmeded.com\/es\/breast\/understanding-male-breast-cancer\/treatment\/\",\"url\":\"https:\/\/cmeded.com\/es\/breast\/understanding-male-breast-cancer\/treatment\/\",\"name\":\"CMedEd | Informaci\u00f3n para comprender el c\u00e1ncer de mama masculino | Tratamiento\",\"isPartOf\":{\"@id\":\"https:\/\/cmeded.com\/es\/#website\"},\"datePublished\":\"2014-03-26T16:21:49+00:00\",\"dateModified\":\"2023-08-24T23:51:48+00:00\",\"description\":\"Tratamiento El tratamiento contra el c\u00e1ncer de mama depende del tipo espec\u00edfico, el estadio y el estado general de la persona. El tratamiento suele\",\"breadcrumb\":{\"@id\":\"https:\/\/cmeded.com\/es\/breast\/understanding-male-breast-cancer\/treatment\/#breadcrumb\"},\"inLanguage\":\"es\",\"potentialAction\":[{\"@type\":\"ReadAction\",\"target\":[\"https:\/\/cmeded.com\/es\/breast\/understanding-male-breast-cancer\/treatment\/\"]}]},{\"@type\":\"BreadcrumbList\",\"@id\":\"https:\/\/cmeded.com\/es\/breast\/understanding-male-breast-cancer\/treatment\/#breadcrumb\",\"itemListElement\":[{\"@type\":\"ListItem\",\"position\":1,\"name\":\"Home\",\"item\":\"https:\/\/cmeded.com\/es\/\"},{\"@type\":\"ListItem\",\"position\":2,\"name\":\"Mama\",\"item\":\"https:\/\/cmeded.com\/es\/breast\/\"},{\"@type\":\"ListItem\",\"position\":3,\"name\":\"Informaci\u00f3n para comprender el c\u00e1ncer de mama masculino\",\"item\":\"https:\/\/cmeded.com\/es\/breast\/understanding-male-breast-cancer\/\"},{\"@type\":\"ListItem\",\"position\":4,\"name\":\"Tratamiento\"}]},{\"@type\":\"WebSite\",\"@id\":\"https:\/\/cmeded.com\/es\/#website\",\"url\":\"https:\/\/cmeded.com\/es\/\",\"name\":\"CMedEd\",\"description\":\"Recurso principal de informaci\u00f3n sobre el c\u00e1ncer\",\"potentialAction\":[{\"@type\":\"SearchAction\",\"target\":{\"@type\":\"EntryPoint\",\"urlTemplate\":\"https:\/\/cmeded.com\/es\/?s={search_term_string}\"},\"query-input\":{\"@type\":\"PropertyValueSpecification\",\"valueRequired\":true,\"valueName\":\"search_term_string\"}}],\"inLanguage\":\"es\"}]}<\/script>\n<!-- \/ Yoast SEO plugin. -->","yoast_head_json":{"title":"CMedEd | Informaci\u00f3n para comprender el c\u00e1ncer de mama masculino | Tratamiento","description":"Tratamiento El tratamiento contra el c\u00e1ncer de mama depende del tipo espec\u00edfico, el estadio y el estado general de la persona. El tratamiento suele","robots":{"index":"index","follow":"follow","max-snippet":"max-snippet:-1","max-image-preview":"max-image-preview:large","max-video-preview":"max-video-preview:-1"},"canonical":"https:\/\/cmeded.com\/es\/breast\/understanding-male-breast-cancer\/treatment\/","og_locale":"es_ES","og_type":"article","og_title":"CMedEd | Informaci\u00f3n para comprender el c\u00e1ncer de mama masculino | Tratamiento","og_description":"Tratamiento El tratamiento contra el c\u00e1ncer de mama depende del tipo espec\u00edfico, el estadio y el estado general de la persona. El tratamiento suele","og_url":"https:\/\/cmeded.com\/es\/breast\/understanding-male-breast-cancer\/treatment\/","og_site_name":"CMedEd","article_modified_time":"2023-08-24T23:51:48+00:00","twitter_card":"summary_large_image","twitter_misc":{"Tiempo de lectura":"6 minutos"},"schema":{"@context":"https:\/\/schema.org","@graph":[{"@type":"WebPage","@id":"https:\/\/cmeded.com\/es\/breast\/understanding-male-breast-cancer\/treatment\/","url":"https:\/\/cmeded.com\/es\/breast\/understanding-male-breast-cancer\/treatment\/","name":"CMedEd | Informaci\u00f3n para comprender el c\u00e1ncer de mama masculino | Tratamiento","isPartOf":{"@id":"https:\/\/cmeded.com\/es\/#website"},"datePublished":"2014-03-26T16:21:49+00:00","dateModified":"2023-08-24T23:51:48+00:00","description":"Tratamiento El tratamiento contra el c\u00e1ncer de mama depende del tipo espec\u00edfico, el estadio y el estado general de la persona. El tratamiento suele","breadcrumb":{"@id":"https:\/\/cmeded.com\/es\/breast\/understanding-male-breast-cancer\/treatment\/#breadcrumb"},"inLanguage":"es","potentialAction":[{"@type":"ReadAction","target":["https:\/\/cmeded.com\/es\/breast\/understanding-male-breast-cancer\/treatment\/"]}]},{"@type":"BreadcrumbList","@id":"https:\/\/cmeded.com\/es\/breast\/understanding-male-breast-cancer\/treatment\/#breadcrumb","itemListElement":[{"@type":"ListItem","position":1,"name":"Home","item":"https:\/\/cmeded.com\/es\/"},{"@type":"ListItem","position":2,"name":"Mama","item":"https:\/\/cmeded.com\/es\/breast\/"},{"@type":"ListItem","position":3,"name":"Informaci\u00f3n para comprender el c\u00e1ncer de mama masculino","item":"https:\/\/cmeded.com\/es\/breast\/understanding-male-breast-cancer\/"},{"@type":"ListItem","position":4,"name":"Tratamiento"}]},{"@type":"WebSite","@id":"https:\/\/cmeded.com\/es\/#website","url":"https:\/\/cmeded.com\/es\/","name":"CMedEd","description":"Recurso principal de informaci\u00f3n sobre el c\u00e1ncer","potentialAction":[{"@type":"SearchAction","target":{"@type":"EntryPoint","urlTemplate":"https:\/\/cmeded.com\/es\/?s={search_term_string}"},"query-input":{"@type":"PropertyValueSpecification","valueRequired":true,"valueName":"search_term_string"}}],"inLanguage":"es"}]}},"_links":{"self":[{"href":"https:\/\/cmeded.com\/es\/wp-json\/wp\/v2\/pages\/16369","targetHints":{"allow":["GET"]}}],"collection":[{"href":"https:\/\/cmeded.com\/es\/wp-json\/wp\/v2\/pages"}],"about":[{"href":"https:\/\/cmeded.com\/es\/wp-json\/wp\/v2\/types\/page"}],"author":[{"embeddable":true,"href":"https:\/\/cmeded.com\/es\/wp-json\/wp\/v2\/users\/5"}],"replies":[{"embeddable":true,"href":"https:\/\/cmeded.com\/es\/wp-json\/wp\/v2\/comments?post=16369"}],"version-history":[{"count":0,"href":"https:\/\/cmeded.com\/es\/wp-json\/wp\/v2\/pages\/16369\/revisions"}],"up":[{"embeddable":true,"href":"https:\/\/cmeded.com\/es\/wp-json\/wp\/v2\/pages\/16362"}],"wp:attachment":[{"href":"https:\/\/cmeded.com\/es\/wp-json\/wp\/v2\/media?parent=16369"}],"wp:term":[{"taxonomy":"post_tag","embeddable":true,"href":"https:\/\/cmeded.com\/es\/wp-json\/wp\/v2\/tags?post=16369"}],"curies":[{"name":"wp","href":"https:\/\/api.w.org\/{rel}","templated":true}]}}