{"id":16363,"date":"2014-03-26T10:19:35","date_gmt":"2014-03-26T15:19:35","guid":{"rendered":"http:\/\/cmeded.com\/?page_id=16363"},"modified":"2023-08-24T18:51:48","modified_gmt":"2023-08-24T23:51:48","slug":"overview","status":"publish","type":"page","link":"https:\/\/cmeded.com\/es\/breast\/understanding-male-breast-cancer\/overview\/","title":{"rendered":"Generalidades"},"content":{"rendered":"<h4 class=\"section-title\">\u00bfQu\u00e9 es el c\u00e1ncer de mama masculino?<\/h4>\n<p class=\"section-content\">El c\u00e1ncer de mama se inicia en las c\u00e9lulas mamarias.  Puede originarse en los lobulillos, que son las gl\u00e1ndulas encargadas de producir la leche, o en los conductos, que son los canales que transportan la leche hasta el pez\u00f3n.  En ocasiones, comienza en el estroma, es decir, el tejido conjuntivo y adiposo que rellena las mamas.  Es posible que el c\u00e1ncer de mama comience como un tumor peque\u00f1o en una mama, pero este puede crecer con el tiempo y diseminarse al tejido adyacente.  Cuando el tumor llega a los vasos sangu\u00edneos o a los ganglios linf\u00e1ticos, puede diseminarse hacia otras partes del organismo.  Desde all\u00ed, puede formar nuevos tumores en otros tejidos u \u00f3rganos.<\/p>\n<div id=\"bc-overview\" style=\"width: 460px\" class=\"wp-caption center aligncenter\"><a href=\"\/wp-content\/uploads\/2013\/12\/Male-Breast-Cancer-Overview-lll.jpg\" title=\"Click Image to Enlarge.\"><img decoding=\"async\" aria-describedby=\"caption-bc-overview\" src=\"\/wp-content\/uploads\/2013\/12\/Male-Breast-Cancer-Overview-lll-450x350.jpg\" class=\"aligncenter ovr-pic\" alt=\"c\u00e1ncer de mama masculino\"\/><\/a><p id=\"caption-bc-overview\" class=\"wp-caption-text\">Click Image to Enlarge.<\/p><\/div>\n<p class=\"section-content\">Aproximadamente el 99 % de todos los casos de c\u00e1ncer de mama se presenta en mujeres.  No obstante, los hombres tambi\u00e9n pueden contraer c\u00e1ncer de mama, ya que tienen una cantidad peque\u00f1a de tejido mamario.  En los hombres, el tejido mamario est\u00e1 formado principalmente por conductos y presenta muy pocos lobulillos.  Por lo tanto, el c\u00e1ncer de mama masculino casi siempre se origina en los conductos.  Los hombres pueden contraen los siguientes tipos de c\u00e1ncer de mama:<\/p>\n<ul class=\"about-content\">\n<li><span style=\"color:#336699\"><strong>Carcinoma ductal in situ (CDIS) - <\/strong><\/span>el CDIS es un c\u00e1ncer no invasivo en el que las c\u00e9lulas que se encuentran dentro de un conducto galact\u00f3foro han mutado y se han vuelto cancerosas, pero no se han desprendido del conducto ni han invadido ning\u00fan tejido mamario sano.  El CDIS constituye aproximadamente el 10 % de todos los diagn\u00f3sticos de c\u00e1ncer de mama en hombres y suelen curarse con cirug\u00eda.<\/li>\n<li><span style=\"color:#336699\"><strong>Carcinoma ductal invasivo (CDI) - <\/strong><\/span>el CDI es un c\u00e1ncer que se origina en el conducto galact\u00f3foro, pero que ha atravesado el conducto y ha invadido tejido mamario sano. El CDI es el tipo m\u00e1s frecuente de c\u00e1ncer de mama masculino y representa aproximadamente el 80 % de todos los diagn\u00f3sticos.<\/li>\n<li><span style=\"color:#336699\"><strong>C\u00e1ncer de mama inflamatorio (CMI) - <\/strong><\/span>el CMI es una enfermedad poco frecuente, pero muy agresiva.  Las c\u00e9lulas cancerosas obstruyen los vasos linf\u00e1ticos de la piel, lo que genera una acumulaci\u00f3n de l\u00edquido linf\u00e1tico en la mama. Como consecuencia, se produce inflamaci\u00f3n, enrojecimiento y una textura de hoyuelos en la mama afectada, en lugar de una protuberancia o un bulto.  El CMI es muy poco frecuente en hombres.<\/li>\n<li><span style=\"color:#336699\"><strong>Enfermedad de Paget de la mama - <\/strong><\/span>es un tipo de c\u00e1ncer poco frecuente que causa un aspecto enrojecido, escamoso y costroso del pez\u00f3n y la areola.  El c\u00e1ncer de mama que se origina en los conductos puede diseminarse a la superficie de la piel y puede provocar esta afecci\u00f3n.  Los hombres tienen m\u00e1s probabilidades de contraer la enfermedad de Paget de la mama que las mujeres, ya que el c\u00e1ncer de mama masculino se desarrolla cerca del pez\u00f3n.<\/li>\n<\/ul>\n<div class=\"clearboth\"><\/div>\n","protected":false},"excerpt":{"rendered":"<p>\u00bfQu\u00e9 es el c\u00e1ncer de mama masculino? El c\u00e1ncer de mama se inicia en las c\u00e9lulas mamarias. Puede originarse en los lobulillos, que son las gl\u00e1ndulas encargadas de producir la leche, o en los conductos, que son los canales que transportan la leche hasta el pez\u00f3n. En ocasiones, comienza en el estroma, es decir, el [&hellip;]<\/p>\n","protected":false},"author":5,"featured_media":0,"parent":16362,"menu_order":1,"comment_status":"closed","ping_status":"open","template":"template-tumor.php","meta":{"footnotes":""},"tags":[10],"class_list":["post-16363","page","type-page","status-publish","hentry","tag-members-only"],"yoast_head":"<!-- This site is optimized with the Yoast SEO plugin v25.0 - https:\/\/yoast.com\/wordpress\/plugins\/seo\/ -->\n<title>CMedEd | Informaci\u00f3n para comprender el c\u00e1ncer de mama masculino | Generalidades<\/title>\n<meta name=\"description\" content=\"\u00bfQu\u00e9 es el c\u00e1ncer de mama masculino? El c\u00e1ncer de mama se inicia en las c\u00e9lulas mamarias. Puede originarse en los lobulillos, que son las gl\u00e1ndulas\" \/>\n<meta name=\"robots\" content=\"index, follow, max-snippet:-1, max-image-preview:large, max-video-preview:-1\" \/>\n<link rel=\"canonical\" href=\"https:\/\/cmeded.com\/es\/breast\/understanding-male-breast-cancer\/overview\/\" \/>\n<meta property=\"og:locale\" content=\"es_ES\" \/>\n<meta property=\"og:type\" content=\"article\" \/>\n<meta property=\"og:title\" content=\"CMedEd | Informaci\u00f3n para comprender el c\u00e1ncer de mama masculino | Generalidades\" \/>\n<meta property=\"og:description\" content=\"\u00bfQu\u00e9 es el c\u00e1ncer de mama masculino? El c\u00e1ncer de mama se inicia en las c\u00e9lulas mamarias. Puede originarse en los lobulillos, que son las gl\u00e1ndulas\" \/>\n<meta property=\"og:url\" content=\"https:\/\/cmeded.com\/es\/breast\/understanding-male-breast-cancer\/overview\/\" \/>\n<meta property=\"og:site_name\" content=\"CMedEd\" \/>\n<meta property=\"article:modified_time\" content=\"2023-08-24T23:51:48+00:00\" \/>\n<meta name=\"twitter:card\" content=\"summary_large_image\" \/>\n<meta name=\"twitter:label1\" content=\"Tiempo de lectura\" \/>\n\t<meta name=\"twitter:data1\" content=\"3 minutos\" \/>\n<script type=\"application\/ld+json\" class=\"yoast-schema-graph\">{\"@context\":\"https:\/\/schema.org\",\"@graph\":[{\"@type\":\"WebPage\",\"@id\":\"https:\/\/cmeded.com\/es\/breast\/understanding-male-breast-cancer\/overview\/\",\"url\":\"https:\/\/cmeded.com\/es\/breast\/understanding-male-breast-cancer\/overview\/\",\"name\":\"CMedEd | Informaci\u00f3n para comprender el c\u00e1ncer de mama masculino | Generalidades\",\"isPartOf\":{\"@id\":\"https:\/\/cmeded.com\/es\/#website\"},\"datePublished\":\"2014-03-26T15:19:35+00:00\",\"dateModified\":\"2023-08-24T23:51:48+00:00\",\"description\":\"\u00bfQu\u00e9 es el c\u00e1ncer de mama masculino? El c\u00e1ncer de mama se inicia en las c\u00e9lulas mamarias. Puede originarse en los lobulillos, que son las gl\u00e1ndulas\",\"breadcrumb\":{\"@id\":\"https:\/\/cmeded.com\/es\/breast\/understanding-male-breast-cancer\/overview\/#breadcrumb\"},\"inLanguage\":\"es\",\"potentialAction\":[{\"@type\":\"ReadAction\",\"target\":[\"https:\/\/cmeded.com\/es\/breast\/understanding-male-breast-cancer\/overview\/\"]}]},{\"@type\":\"BreadcrumbList\",\"@id\":\"https:\/\/cmeded.com\/es\/breast\/understanding-male-breast-cancer\/overview\/#breadcrumb\",\"itemListElement\":[{\"@type\":\"ListItem\",\"position\":1,\"name\":\"Home\",\"item\":\"https:\/\/cmeded.com\/es\/\"},{\"@type\":\"ListItem\",\"position\":2,\"name\":\"Mama\",\"item\":\"https:\/\/cmeded.com\/es\/breast\/\"},{\"@type\":\"ListItem\",\"position\":3,\"name\":\"Informaci\u00f3n para comprender el c\u00e1ncer de mama masculino\",\"item\":\"https:\/\/cmeded.com\/es\/breast\/understanding-male-breast-cancer\/\"},{\"@type\":\"ListItem\",\"position\":4,\"name\":\"Generalidades\"}]},{\"@type\":\"WebSite\",\"@id\":\"https:\/\/cmeded.com\/es\/#website\",\"url\":\"https:\/\/cmeded.com\/es\/\",\"name\":\"CMedEd\",\"description\":\"Recurso principal de informaci\u00f3n sobre el c\u00e1ncer\",\"potentialAction\":[{\"@type\":\"SearchAction\",\"target\":{\"@type\":\"EntryPoint\",\"urlTemplate\":\"https:\/\/cmeded.com\/es\/?s={search_term_string}\"},\"query-input\":{\"@type\":\"PropertyValueSpecification\",\"valueRequired\":true,\"valueName\":\"search_term_string\"}}],\"inLanguage\":\"es\"}]}<\/script>\n<!-- \/ Yoast SEO plugin. -->","yoast_head_json":{"title":"CMedEd | Informaci\u00f3n para comprender el c\u00e1ncer de mama masculino | Generalidades","description":"\u00bfQu\u00e9 es el c\u00e1ncer de mama masculino? El c\u00e1ncer de mama se inicia en las c\u00e9lulas mamarias. Puede originarse en los lobulillos, que son las gl\u00e1ndulas","robots":{"index":"index","follow":"follow","max-snippet":"max-snippet:-1","max-image-preview":"max-image-preview:large","max-video-preview":"max-video-preview:-1"},"canonical":"https:\/\/cmeded.com\/es\/breast\/understanding-male-breast-cancer\/overview\/","og_locale":"es_ES","og_type":"article","og_title":"CMedEd | Informaci\u00f3n para comprender el c\u00e1ncer de mama masculino | Generalidades","og_description":"\u00bfQu\u00e9 es el c\u00e1ncer de mama masculino? El c\u00e1ncer de mama se inicia en las c\u00e9lulas mamarias. Puede originarse en los lobulillos, que son las gl\u00e1ndulas","og_url":"https:\/\/cmeded.com\/es\/breast\/understanding-male-breast-cancer\/overview\/","og_site_name":"CMedEd","article_modified_time":"2023-08-24T23:51:48+00:00","twitter_card":"summary_large_image","twitter_misc":{"Tiempo de lectura":"3 minutos"},"schema":{"@context":"https:\/\/schema.org","@graph":[{"@type":"WebPage","@id":"https:\/\/cmeded.com\/es\/breast\/understanding-male-breast-cancer\/overview\/","url":"https:\/\/cmeded.com\/es\/breast\/understanding-male-breast-cancer\/overview\/","name":"CMedEd | Informaci\u00f3n para comprender el c\u00e1ncer de mama masculino | Generalidades","isPartOf":{"@id":"https:\/\/cmeded.com\/es\/#website"},"datePublished":"2014-03-26T15:19:35+00:00","dateModified":"2023-08-24T23:51:48+00:00","description":"\u00bfQu\u00e9 es el c\u00e1ncer de mama masculino? El c\u00e1ncer de mama se inicia en las c\u00e9lulas mamarias. Puede originarse en los lobulillos, que son las gl\u00e1ndulas","breadcrumb":{"@id":"https:\/\/cmeded.com\/es\/breast\/understanding-male-breast-cancer\/overview\/#breadcrumb"},"inLanguage":"es","potentialAction":[{"@type":"ReadAction","target":["https:\/\/cmeded.com\/es\/breast\/understanding-male-breast-cancer\/overview\/"]}]},{"@type":"BreadcrumbList","@id":"https:\/\/cmeded.com\/es\/breast\/understanding-male-breast-cancer\/overview\/#breadcrumb","itemListElement":[{"@type":"ListItem","position":1,"name":"Home","item":"https:\/\/cmeded.com\/es\/"},{"@type":"ListItem","position":2,"name":"Mama","item":"https:\/\/cmeded.com\/es\/breast\/"},{"@type":"ListItem","position":3,"name":"Informaci\u00f3n para comprender el c\u00e1ncer de mama masculino","item":"https:\/\/cmeded.com\/es\/breast\/understanding-male-breast-cancer\/"},{"@type":"ListItem","position":4,"name":"Generalidades"}]},{"@type":"WebSite","@id":"https:\/\/cmeded.com\/es\/#website","url":"https:\/\/cmeded.com\/es\/","name":"CMedEd","description":"Recurso principal de informaci\u00f3n sobre el c\u00e1ncer","potentialAction":[{"@type":"SearchAction","target":{"@type":"EntryPoint","urlTemplate":"https:\/\/cmeded.com\/es\/?s={search_term_string}"},"query-input":{"@type":"PropertyValueSpecification","valueRequired":true,"valueName":"search_term_string"}}],"inLanguage":"es"}]}},"_links":{"self":[{"href":"https:\/\/cmeded.com\/es\/wp-json\/wp\/v2\/pages\/16363","targetHints":{"allow":["GET"]}}],"collection":[{"href":"https:\/\/cmeded.com\/es\/wp-json\/wp\/v2\/pages"}],"about":[{"href":"https:\/\/cmeded.com\/es\/wp-json\/wp\/v2\/types\/page"}],"author":[{"embeddable":true,"href":"https:\/\/cmeded.com\/es\/wp-json\/wp\/v2\/users\/5"}],"replies":[{"embeddable":true,"href":"https:\/\/cmeded.com\/es\/wp-json\/wp\/v2\/comments?post=16363"}],"version-history":[{"count":0,"href":"https:\/\/cmeded.com\/es\/wp-json\/wp\/v2\/pages\/16363\/revisions"}],"up":[{"embeddable":true,"href":"https:\/\/cmeded.com\/es\/wp-json\/wp\/v2\/pages\/16362"}],"wp:attachment":[{"href":"https:\/\/cmeded.com\/es\/wp-json\/wp\/v2\/media?parent=16363"}],"wp:term":[{"taxonomy":"post_tag","embeddable":true,"href":"https:\/\/cmeded.com\/es\/wp-json\/wp\/v2\/tags?post=16363"}],"curies":[{"name":"wp","href":"https:\/\/api.w.org\/{rel}","templated":true}]}}