{"id":16351,"date":"2014-03-25T13:29:31","date_gmt":"2014-03-25T18:29:31","guid":{"rendered":"http:\/\/cmeded.com\/?page_id=16351"},"modified":"2023-08-24T23:02:47","modified_gmt":"2023-08-25T04:02:47","slug":"risk-factors","status":"publish","type":"page","link":"https:\/\/cmeded.com\/es\/leukemia\/understanding-myelodysplastic-syndrome-mds\/risk-factors\/","title":{"rendered":"Factores de riesgo"},"content":{"rendered":"<h4 class=\"section-title\">Factores de riesgo<\/h4>\n<p class=\"section-content\">Un factor de riesgo hace referencia a una caracter\u00edstica, una conducta o una afecci\u00f3n que aumenta las posibilidades de contraer una enfermedad.  A continuaci\u00f3n, se detallan algunos factores de riesgo conocidos que inciden en el desarrollo del SMD:<\/p>\n<div class=\"divider\" id=\"\">\n\t\n\t<\/div>\n<div class=\"risk-factor\">\n<div class=\"risk-pic\">\n<div style='width: 100%; display: flex; flex-wrap: wrap;'>\n<img decoding=\"async\" src=\"\/wp-content\/uploads\/2013\/10\/OldMan127x175.png\" alt=\"Edad\" class=\"aligncenter\" style=\"height:135px\" \/><br \/>\n<img decoding=\"async\" src=\"\/wp-content\/uploads\/2021\/06\/african-american-old-man.jpg\" alt=\"Edad\" class=\"aligncenter\" style=\"height:135px\" \/><\/p>\n<\/div>\n<\/div>\n<div class=\"risk-text\">\n<h5 class=\"section-title\">Edad<\/h5>\n<p class=\"section-content\">El riesgo de padecer el SMD aumenta con la edad. La afecci\u00f3n se presenta con m\u00e1s frecuencia en las personas mayores de 60 a\u00f1os de edad.<\/p>\n<\/div>\n<div class=\"clearboth\"><\/div>\n<\/div>\n<div class=\"divider\" id=\"\">\n\t\n\t<\/div>\n<div class=\"risk-factor\">\n<div class=\"risk-pic\">\n<div style='width: 100%; display: flex; flex-wrap: wrap;'>\n<img decoding=\"async\" src=\"\/wp-content\/uploads\/2013\/10\/ManIn60s163x175.png\" class=\"aligncenter\" alt=\"G\u00e9nero\" style=\"height:105px\"><br \/>\n<img decoding=\"async\" src=\"\/wp-content\/uploads\/2013\/10\/MidAgeMan127x175.png\" class=\"aligncenter\" alt=\"G\u00e9nero\" style=\"height:105px\">\n<\/div>\n<\/div>\n<div class=\"risk-text\">\n<h5 class=\"section-title\">G\u00e9nero<\/h5>\n<p class=\"section-content\">El riesgo que corren los hombres de padecer el SMD es mayor en comparaci\u00f3n con las mujeres.<\/p>\n<\/div>\n<div class=\"clearboth\"><\/div>\n<\/div>\n<div class=\"divider\" id=\"\">\n\t\n\t<\/div>\n<div class=\"risk-factor\">\n<div class=\"risk-pic\"><img decoding=\"async\" src=\"\/wp-content\/uploads\/2013\/10\/New60sChemo-178x175.png\" class=\"aligncenter\" alt=\"Quimioterapia o radioterapia en el pasado\" style=\"height:135px\"><\/div>\n<div class=\"risk-text\">\n<h5 class=\"section-title\">Quimioterapia o radioterapia en el pasado<\/h5>\n<p class=\"section-content\">Los pacientes que recibieron quimioterapia o radioterapia para combatir otros tipos de c\u00e1ncer pueden correr un riesgo mayor de padecer el SMD.<\/p>\n<\/div>\n<div class=\"clearboth\"><\/div>\n<\/div>\n<div class=\"divider\" id=\"\">\n\t\n\t<\/div>\n<div class=\"risk-factor\">\n<div class=\"risk-pic\"><img decoding=\"async\" src=\"\/wp-content\/uploads\/2013\/04\/AtomBomb150.jpg\" class=\"aligncenter\" alt=\"Exposici\u00f3n a radiaciones\" style=\"height:135px\"><\/div>\n<div class=\"risk-text\">\n<h5 class=\"section-title\">Exposici\u00f3n a radiaciones<\/h5>\n<p class=\"section-content\">La exposici\u00f3n a radiaciones de una bomba at\u00f3mica o un accidente nuclear puede aumentar las probabilidades de padecer el SMD.<\/p>\n<\/div>\n<div class=\"clearboth\"><\/div>\n<\/div>\n<div class=\"divider\" id=\"\">\n\t\n\t<\/div>\n<div class=\"risk-factor\">\n<div class=\"risk-pic\"><img decoding=\"async\" src=\"\/wp-content\/uploads\/2021\/06\/Black_teen_smoking.jpg\" class=\"aligncenter\" alt=\"Tabaquismo\" style=\"height:135px\"><\/div>\n<div class=\"risk-text\">\n<h5 class=\"section-title\">Fumar<\/h5>\n<p class=\"section-content\">El riesgo de padecer el SMD puede aumentar con el fumar. Las toxinas cancer\u00edgenas del tabaco pueden ingresar al torrente circulatorio y propagarse por todo el cuerpo.<\/p>\n<\/div>\n<div class=\"clearboth\"><\/div>\n<\/div>\n<div class=\"divider\" id=\"\">\n\t\n\t<\/div>\n<div class=\"risk-factor\">\n<div class=\"risk-pic\"><img decoding=\"async\" src=\"\/wp-content\/uploads\/2012\/11\/DNA-strand1.png\" class=\"aligncenter\" alt=\"Trastornos gen\u00e9ticos heredados\" style=\"height:135px\"><\/div>\n<div class=\"risk-text\">\n<h5 class=\"section-title\">Trastornos gen\u00e9ticos heredados<\/h5>\n<p class=\"section-content\">Determinados trastornos gen\u00e9ticos heredados, como la anemia de Fanconi, disqueratosis cong\u00e9nita, la neutrocitopenia cong\u00e9nita grave y el trastorno plaquetario familiar, y otros trastornos gen\u00e9ticos familiares pueden aumentar el riesgo de tener el SMD.<\/p>\n<\/div>\n<div class=\"clearboth\"><\/div>\n<\/div>\n<div class=\"divider\" id=\"\">\n\t\n\t<\/div>\n<div class=\"risk-factor\">\n<div class=\"risk-pic\">\n<div style='width: 100%; display: flex; flex-wrap: wrap;'>\n<img decoding=\"async\" src=\"\/wp-content\/uploads\/2013\/02\/Exposure150.jpg\" class=\"aligncenter\" alt=\"Exposici\u00f3n a productos qu\u00edmicos\" style=\"height:130px\"><br \/>\n<img decoding=\"async\" src=\"\/wp-content\/uploads\/2016\/01\/Exposure.jpg\" class=\"aligncenter\" alt=\"Exposici\u00f3n a productos qu\u00edmicos\" style=\"height:150px\">\n<\/div>\n<\/div>\n<div class=\"risk-text\">\n<h5 class=\"section-title\">Exposici\u00f3n a productos qu\u00edmicos<\/h5>\n<p class=\"section-content\">La exposici\u00f3n al benceno, los pesticidas, los fertilizantes y otros productos qu\u00edmicos industriales puede aumentar el riesgo de padecer el SMD.  La exposici\u00f3n a metales pesados, como el plomo y el mercurio, tambi\u00e9n puede aumentar el riesgo.<\/p>\n<\/div>\n<div class=\"clearboth\"><\/div>\n<\/div>\n","protected":false},"excerpt":{"rendered":"<p>Factores de riesgo Un factor de riesgo hace referencia a una caracter\u00edstica, una conducta o una afecci\u00f3n que aumenta las posibilidades de contraer una enfermedad. A continuaci\u00f3n, se detallan algunos factores de riesgo conocidos que inciden en el desarrollo del SMD: Edad El riesgo de padecer el SMD aumenta con la edad. La afecci\u00f3n se [&hellip;]<\/p>\n","protected":false},"author":5,"featured_media":0,"parent":16348,"menu_order":2,"comment_status":"closed","ping_status":"open","template":"template-tumor.php","meta":{"footnotes":""},"tags":[10],"class_list":["post-16351","page","type-page","status-publish","hentry","tag-members-only"],"yoast_head":"<!-- This site is optimized with the Yoast SEO plugin v25.0 - https:\/\/yoast.com\/wordpress\/plugins\/seo\/ -->\n<title>CMedEd | Informaci\u00f3n para comprender el s\u00edndrome mielodispl\u00e1sico | Factores de riesgo<\/title>\n<meta name=\"description\" content=\"Factores de riesgo Un factor de riesgo hace referencia a una caracter\u00edstica, una conducta o una afecci\u00f3n que aumenta las posibilidades de contraer una\" \/>\n<meta name=\"robots\" content=\"index, follow, max-snippet:-1, max-image-preview:large, max-video-preview:-1\" \/>\n<link rel=\"canonical\" href=\"https:\/\/cmeded.com\/es\/leukemia\/understanding-myelodysplastic-syndrome-mds\/risk-factors\/\" \/>\n<meta property=\"og:locale\" content=\"es_ES\" \/>\n<meta property=\"og:type\" content=\"article\" \/>\n<meta property=\"og:title\" content=\"CMedEd | Informaci\u00f3n para comprender el s\u00edndrome mielodispl\u00e1sico | Factores de riesgo\" \/>\n<meta property=\"og:description\" content=\"Factores de riesgo Un factor de riesgo hace referencia a una caracter\u00edstica, una conducta o una afecci\u00f3n que aumenta las posibilidades de contraer una\" \/>\n<meta property=\"og:url\" content=\"https:\/\/cmeded.com\/es\/leukemia\/understanding-myelodysplastic-syndrome-mds\/risk-factors\/\" \/>\n<meta property=\"og:site_name\" content=\"CMedEd\" \/>\n<meta property=\"article:modified_time\" content=\"2023-08-25T04:02:47+00:00\" \/>\n<meta name=\"twitter:card\" content=\"summary_large_image\" \/>\n<meta name=\"twitter:label1\" content=\"Tiempo de lectura\" \/>\n\t<meta name=\"twitter:data1\" content=\"4 minutos\" \/>\n<script type=\"application\/ld+json\" class=\"yoast-schema-graph\">{\"@context\":\"https:\/\/schema.org\",\"@graph\":[{\"@type\":\"WebPage\",\"@id\":\"https:\/\/cmeded.com\/es\/leukemia\/understanding-myelodysplastic-syndrome-mds\/risk-factors\/\",\"url\":\"https:\/\/cmeded.com\/es\/leukemia\/understanding-myelodysplastic-syndrome-mds\/risk-factors\/\",\"name\":\"CMedEd | Informaci\u00f3n para comprender el s\u00edndrome mielodispl\u00e1sico | Factores de riesgo\",\"isPartOf\":{\"@id\":\"https:\/\/cmeded.com\/es\/#website\"},\"datePublished\":\"2014-03-25T18:29:31+00:00\",\"dateModified\":\"2023-08-25T04:02:47+00:00\",\"description\":\"Factores de riesgo Un factor de riesgo hace referencia a una caracter\u00edstica, una conducta o una afecci\u00f3n que aumenta las posibilidades de contraer una\",\"breadcrumb\":{\"@id\":\"https:\/\/cmeded.com\/es\/leukemia\/understanding-myelodysplastic-syndrome-mds\/risk-factors\/#breadcrumb\"},\"inLanguage\":\"es\",\"potentialAction\":[{\"@type\":\"ReadAction\",\"target\":[\"https:\/\/cmeded.com\/es\/leukemia\/understanding-myelodysplastic-syndrome-mds\/risk-factors\/\"]}]},{\"@type\":\"BreadcrumbList\",\"@id\":\"https:\/\/cmeded.com\/es\/leukemia\/understanding-myelodysplastic-syndrome-mds\/risk-factors\/#breadcrumb\",\"itemListElement\":[{\"@type\":\"ListItem\",\"position\":1,\"name\":\"Home\",\"item\":\"https:\/\/cmeded.com\/es\/\"},{\"@type\":\"ListItem\",\"position\":2,\"name\":\"Leucemia\",\"item\":\"https:\/\/cmeded.com\/es\/leukemia\/\"},{\"@type\":\"ListItem\",\"position\":3,\"name\":\"Informaci\u00f3n para comprender el s\u00edndrome mielodispl\u00e1sico\",\"item\":\"https:\/\/cmeded.com\/es\/leukemia\/understanding-myelodysplastic-syndrome-mds\/\"},{\"@type\":\"ListItem\",\"position\":4,\"name\":\"Factores de riesgo\"}]},{\"@type\":\"WebSite\",\"@id\":\"https:\/\/cmeded.com\/es\/#website\",\"url\":\"https:\/\/cmeded.com\/es\/\",\"name\":\"CMedEd\",\"description\":\"Recurso principal de informaci\u00f3n sobre el c\u00e1ncer\",\"potentialAction\":[{\"@type\":\"SearchAction\",\"target\":{\"@type\":\"EntryPoint\",\"urlTemplate\":\"https:\/\/cmeded.com\/es\/?s={search_term_string}\"},\"query-input\":{\"@type\":\"PropertyValueSpecification\",\"valueRequired\":true,\"valueName\":\"search_term_string\"}}],\"inLanguage\":\"es\"}]}<\/script>\n<!-- \/ Yoast SEO plugin. -->","yoast_head_json":{"title":"CMedEd | Informaci\u00f3n para comprender el s\u00edndrome mielodispl\u00e1sico | Factores de riesgo","description":"Factores de riesgo Un factor de riesgo hace referencia a una caracter\u00edstica, una conducta o una afecci\u00f3n que aumenta las posibilidades de contraer una","robots":{"index":"index","follow":"follow","max-snippet":"max-snippet:-1","max-image-preview":"max-image-preview:large","max-video-preview":"max-video-preview:-1"},"canonical":"https:\/\/cmeded.com\/es\/leukemia\/understanding-myelodysplastic-syndrome-mds\/risk-factors\/","og_locale":"es_ES","og_type":"article","og_title":"CMedEd | Informaci\u00f3n para comprender el s\u00edndrome mielodispl\u00e1sico | Factores de riesgo","og_description":"Factores de riesgo Un factor de riesgo hace referencia a una caracter\u00edstica, una conducta o una afecci\u00f3n que aumenta las posibilidades de contraer una","og_url":"https:\/\/cmeded.com\/es\/leukemia\/understanding-myelodysplastic-syndrome-mds\/risk-factors\/","og_site_name":"CMedEd","article_modified_time":"2023-08-25T04:02:47+00:00","twitter_card":"summary_large_image","twitter_misc":{"Tiempo de lectura":"4 minutos"},"schema":{"@context":"https:\/\/schema.org","@graph":[{"@type":"WebPage","@id":"https:\/\/cmeded.com\/es\/leukemia\/understanding-myelodysplastic-syndrome-mds\/risk-factors\/","url":"https:\/\/cmeded.com\/es\/leukemia\/understanding-myelodysplastic-syndrome-mds\/risk-factors\/","name":"CMedEd | Informaci\u00f3n para comprender el s\u00edndrome mielodispl\u00e1sico | Factores de riesgo","isPartOf":{"@id":"https:\/\/cmeded.com\/es\/#website"},"datePublished":"2014-03-25T18:29:31+00:00","dateModified":"2023-08-25T04:02:47+00:00","description":"Factores de riesgo Un factor de riesgo hace referencia a una caracter\u00edstica, una conducta o una afecci\u00f3n que aumenta las posibilidades de contraer una","breadcrumb":{"@id":"https:\/\/cmeded.com\/es\/leukemia\/understanding-myelodysplastic-syndrome-mds\/risk-factors\/#breadcrumb"},"inLanguage":"es","potentialAction":[{"@type":"ReadAction","target":["https:\/\/cmeded.com\/es\/leukemia\/understanding-myelodysplastic-syndrome-mds\/risk-factors\/"]}]},{"@type":"BreadcrumbList","@id":"https:\/\/cmeded.com\/es\/leukemia\/understanding-myelodysplastic-syndrome-mds\/risk-factors\/#breadcrumb","itemListElement":[{"@type":"ListItem","position":1,"name":"Home","item":"https:\/\/cmeded.com\/es\/"},{"@type":"ListItem","position":2,"name":"Leucemia","item":"https:\/\/cmeded.com\/es\/leukemia\/"},{"@type":"ListItem","position":3,"name":"Informaci\u00f3n para comprender el s\u00edndrome mielodispl\u00e1sico","item":"https:\/\/cmeded.com\/es\/leukemia\/understanding-myelodysplastic-syndrome-mds\/"},{"@type":"ListItem","position":4,"name":"Factores de riesgo"}]},{"@type":"WebSite","@id":"https:\/\/cmeded.com\/es\/#website","url":"https:\/\/cmeded.com\/es\/","name":"CMedEd","description":"Recurso principal de informaci\u00f3n sobre el c\u00e1ncer","potentialAction":[{"@type":"SearchAction","target":{"@type":"EntryPoint","urlTemplate":"https:\/\/cmeded.com\/es\/?s={search_term_string}"},"query-input":{"@type":"PropertyValueSpecification","valueRequired":true,"valueName":"search_term_string"}}],"inLanguage":"es"}]}},"_links":{"self":[{"href":"https:\/\/cmeded.com\/es\/wp-json\/wp\/v2\/pages\/16351","targetHints":{"allow":["GET"]}}],"collection":[{"href":"https:\/\/cmeded.com\/es\/wp-json\/wp\/v2\/pages"}],"about":[{"href":"https:\/\/cmeded.com\/es\/wp-json\/wp\/v2\/types\/page"}],"author":[{"embeddable":true,"href":"https:\/\/cmeded.com\/es\/wp-json\/wp\/v2\/users\/5"}],"replies":[{"embeddable":true,"href":"https:\/\/cmeded.com\/es\/wp-json\/wp\/v2\/comments?post=16351"}],"version-history":[{"count":0,"href":"https:\/\/cmeded.com\/es\/wp-json\/wp\/v2\/pages\/16351\/revisions"}],"up":[{"embeddable":true,"href":"https:\/\/cmeded.com\/es\/wp-json\/wp\/v2\/pages\/16348"}],"wp:attachment":[{"href":"https:\/\/cmeded.com\/es\/wp-json\/wp\/v2\/media?parent=16351"}],"wp:term":[{"taxonomy":"post_tag","embeddable":true,"href":"https:\/\/cmeded.com\/es\/wp-json\/wp\/v2\/tags?post=16351"}],"curies":[{"name":"wp","href":"https:\/\/api.w.org\/{rel}","templated":true}]}}