{"id":16343,"date":"2014-03-25T12:15:07","date_gmt":"2014-03-25T17:15:07","guid":{"rendered":"http:\/\/cmeded.com\/?page_id=16343"},"modified":"2023-08-24T18:51:49","modified_gmt":"2023-08-24T23:51:49","slug":"diagnosis","status":"publish","type":"page","link":"https:\/\/cmeded.com\/es\/breast\/understanding-metastatic-breast-cancer\/diagnosis\/","title":{"rendered":"Diagn\u00f3stico"},"content":{"rendered":"<h4 class=\"section-title\">Diagn\u00f3stico<\/h4>\n<p class=\"section-content\">Si usted o el m\u00e9dico detectan una anomal\u00eda en la mama durante una autoexploraci\u00f3n mamaria o un examen f\u00edsico de rutina, es probable que el m\u00e9dico solicite pruebas de diagn\u00f3stico por im\u00e1genes, seguidas de biopsias, a fin de determinar si la anomal\u00eda es realmente c\u00e1ncer. Despu\u00e9s de confirmar que la anomal\u00eda es cancerosa, el m\u00e9dico solicitar\u00e1 pruebas adicionales para determinar si el c\u00e1ncer se ha diseminado a \u00f3rganos distantes. Entre estas pruebas, se incluyen las siguientes:<\/p>\n<div class=\"divider\" id=\"\">\n\t\n\t<\/div>\n<div class=\"risk-factor\">\n<div class=\"symp-pic\"><img decoding=\"async\" src=\"\/wp-content\/uploads\/2013\/03\/Tumor-Markers-150.jpg\" class=\"aligncenter\" alt=\"An\u00e1lisis de sangre\" style=\"height:150px\" \/><\/div>\n<div class=\"risk-text-wrap\">\n<h5 class=\"section-title\">An\u00e1lisis de sangre<\/h5>\n<p class=\"section-content\">Tambi\u00e9n se denominan \"pruebas de marcadores tumorales\"; miden los niveles de los marcadores de c\u00e1ncer de mama (CEA, CA 15-3 y CA 27-29). No se recomienda utilizar estas pruebas solas para guiar la toma de decisiones durante el tratamiento , sino que deben usarse junto con otras pruebas y la experiencia cl\u00ednica de su onc\u00f3logo. Las mujeres que tienen c\u00e1ncer de mama tienden a presentar un nivel elevado de estos marcadores. Estas pruebas no son tan \u00fatiles en el caso de tumores en estadio inicial.<\/p>\n<ul class=\"about-content\">\n<li>Consulte <a href=\"\/es\/cancer-explained\/understanding-tumor-markers\" style=\"color:#336699\">Marcadores tumorales<\/a> para obtener m\u00e1s informaci\u00f3n.<\/li>\n<\/ul>\n<\/div>\n<div class=\"clearboth\"><\/div>\n<\/div>\n<div class=\"divider\" id=\"\">\n\t\n\t<\/div>\n<div class=\"risk-factor\">\n<div class=\"symp-pic\"><div id=\"dx\" style=\"width: 241px\" class=\"wp-caption center aligncenter\"><a href=\"\/wp-content\/uploads\/2016\/06\/Bone-Scanner-r2.jpg\" title=\"Go to enlarged image.\"><img decoding=\"async\" aria-describedby=\"caption-dx\" src=\"\/wp-content\/uploads\/2016\/06\/Bone-Scanner-r2.jpg\" class=\"aligncenter\" alt=\"Gammagraf\u00eda \u00f3sea\" style=\"max-height:175px\"><\/a><p id=\"caption-dx\" class=\"wp-caption-text\">Click Image to Enlarge.<\/p><\/div><\/div>\n<div class=\"risk-text-wrap\">\n<h5 class=\"section-title\">Gammagraf\u00eda \u00f3sea<\/h5>\n<p class=\"section-content\">En una gammagraf\u00eda \u00f3sea se usa una sustancia radiactiva para identificar \u00e1reas cancerosas en los huesos.  Proporciona una imagen de todos los huesos y le permite al m\u00e9dico detectar peque\u00f1as \u00e1reas con c\u00e9lulas cancerosas que no son visibles mediante radiograf\u00edas t\u00edpicas. La sustancia radiactiva se acumula en estas \u00e1reas y las resalta en la radiograf\u00eda del esqueleto.<\/p>\n<\/div>\n<div class=\"clearboth\"><\/div>\n<\/div>\n<div class=\"divider\" id=\"\">\n\t\n\t<\/div>\n<div class=\"risk-factor\">\n<div class=\"symp-pic\"><img decoding=\"async\" src=\"\/wp-content\/uploads\/2013\/02\/ChestXRay150.png\" class=\"aligncenter\" alt=\"Radiograf\u00eda de t\u00f3rax\" style=\"height:150px\" \/><\/div>\n<div class=\"risk-text-wrap\">\n<h5 class=\"section-title\">Radiograf\u00eda de t\u00f3rax<\/h5>\n<p class=\"section-content\">Esta prueba puede hacerse para verificar si el c\u00e1ncer de mama se ha diseminado a los pulmones o las costillas.<\/p>\n<\/div>\n<div class=\"clearboth\"><\/div>\n<\/div>\n<div class=\"divider\" id=\"\">\n\t\n\t<\/div>\n<div class=\"risk-factor\">\n<div class=\"symp-pic\"><div id=\"dx\" style=\"width: 241px\" class=\"wp-caption center aligncenter\"><a href=\"\/wp-content\/uploads\/2016\/06\/CT.jpg\" title=\"Go to enlarged image.\"><img decoding=\"async\" aria-describedby=\"caption-dx\" src=\"\/wp-content\/uploads\/2016\/06\/CT.jpg\" class=\"aligncenter\" alt=\"Tomograf\u00eda computarizada\" style=\"margin-top:7.5px;max-height:175px\"><\/a><p id=\"caption-dx\" class=\"wp-caption-text\">Click Image to Enlarge.<\/p><\/div><\/div>\n<div class=\"risk-text-wrap\">\n<h5 class=\"section-title\">Tomograf\u00eda computarizada<\/h5>\n<p class=\"section-content\">Un tom\u00f3grafo toma varias im\u00e1genes a medida que gira alrededor del cuerpo, mientras usted est\u00e1 recostado en una mesa. El aparato produce im\u00e1genes transversales detalladas del cuerpo, lo cual le permite al m\u00e9dico estudiar \u00e1reas espec\u00edficas.<\/p>\n<\/div>\n<div class=\"clearboth\"><\/div>\n<\/div>\n<div class=\"divider\" id=\"\">\n\t\n\t<\/div>\n<div class=\"risk-factor\">\n<div class=\"symp-pic\"><img decoding=\"async\" src=\"\/wp-content\/uploads\/2012\/11\/ct-scan-needle-biopsy.png\" class=\"aligncenter\" alt=\"Biopsia con aguja guiada por TC\" style=\"height:150px\" \/><\/div>\n<div class=\"risk-text-wrap\">\n<h5 class=\"section-title\">Biopsia con aguja guiada por TC<\/h5>\n<p class=\"section-content\">Si una tomograf\u00eda computarizada (TC) identifica una anomal\u00eda, el m\u00e9dico puede realizar una biopsia utilizando la TC para guiar una aguja con precisi\u00f3n dentro del \u00e1rea que podr\u00eda ser cancerosa, mientras usted est\u00e1 recostada en la mesa de examen.<\/p>\n<\/div>\n<div class=\"clearboth\"><\/div>\n<\/div>\n<div class=\"divider\" id=\"\">\n\t\n\t<\/div>\n<div class=\"risk-factor\">\n<div class=\"symp-pic\"><div id=\"dx\" style=\"width: 241px\" class=\"wp-caption center aligncenter\"><a href=\"\/wp-content\/uploads\/2016\/06\/MRI.jpg\" title=\"Go to enlarged image.\"><img decoding=\"async\" aria-describedby=\"caption-dx\" src=\"\/wp-content\/uploads\/2016\/06\/MRI.jpg\" class=\"aligncenter\" alt=\"Resonancia magn\u00e9tica\" style=\"max-height:175px;margin-top:7.5px\"><\/a><p id=\"caption-dx\" class=\"wp-caption-text\">Click Image to Enlarge.<\/p><\/div><\/div>\n<div class=\"risk-text-wrap\">\n<h5 class=\"section-title\">Resonancia magn\u00e9tica<\/h5>\n<p class=\"section-content\">Las resonancias magn\u00e9ticas (RM) tambi\u00e9n se utilizan para buscar c\u00e1ncer que se haya diseminado a diferentes partes del organismo, como las TC. Una RM es muy \u00fatil para observar el cerebro, la m\u00e9dula espinal, los huesos y el h\u00edgado. La RM tambi\u00e9n es muy buena para determinar si un tumor puede haber crecido en el m\u00fasculo subyacente o en los huesos de la pared tor\u00e1cica. Esta prueba puede solicitarse despu\u00e9s de una TC para diagnosticar una posible lesi\u00f3n o \u00e1rea afectada que no sea muy visible en las otras pruebas de diagn\u00f3stico.<\/p>\n<\/div>\n<div class=\"clearboth\"><\/div>\n<\/div>\n<div class=\"divider\" id=\"\">\n\t\n\t<\/div>\n<div class=\"risk-factor\">\n<div class=\"symp-pic\"><img decoding=\"async\" src=\"\/wp-content\/uploads\/2014\/05\/Ultrasound_Breast-251x200.jpg\" class=\"aligncenter\" alt=\"Ecograf\u00eda\" style=\"height:150px\" \/><\/div>\n<div class=\"risk-text-wrap\">\n<h5 class=\"section-title\">Ecograf\u00eda<\/h5>\n<p class=\"section-content\">La ecograf\u00eda tambi\u00e9n puede utilizarse para buscar c\u00e1ncer diseminado en algunas \u00e1reas del organismo, como los ganglios linf\u00e1ticos o el h\u00edgado. La ecograf\u00eda tambi\u00e9n es de ayuda para personas que no se pueden someter a una TC o RM porque son al\u00e9rgicas al medio de contraste que se requiere para las otras pruebas. Por ejemplo, los m\u00e9dicos suelen utilizar ecograf\u00edas abdominales para buscar tumores en el h\u00edgado o en otros \u00f3rganos abdominales.<\/p>\n<\/div>\n<div class=\"clearboth\"><\/div>\n<\/div>\n<div class=\"divider\" id=\"\">\n\t\n\t<\/div>\n<div class=\"risk-factor\">\n<div class=\"symp-pic\"><div id=\"dx\" style=\"width: 241px\" class=\"wp-caption center aligncenter\"><a href=\"\/wp-content\/uploads\/2016\/06\/PET.jpg\" title=\"Go to enlarged image.\"><img decoding=\"async\" aria-describedby=\"caption-dx\" src=\"\/wp-content\/uploads\/2016\/06\/PET.jpg\" class=\"aligncenter\" alt=\"Tomograf\u00eda por emisi\u00f3n de positrones\" style=\"max-height:175px\"><\/a><p id=\"caption-dx\" class=\"wp-caption-text\">Click Image to Enlarge.<\/p><\/div><\/div>\n<div class=\"risk-text-wrap\">\n<h5 class=\"section-title\">Tomograf\u00eda por emisi\u00f3n de positrones<\/h5>\n<p class=\"section-content\">Los m\u00e9dicos emplean una tomograf\u00eda por emisi\u00f3n de positrones (PET) cuando existe la posibilidad de que el c\u00e1ncer se haya diseminado, pero se desconoce su ubicaci\u00f3n. Dado que la imagen a menudo no brinda tanta informaci\u00f3n como una TC o una RM, muchos centros oncol\u00f3gicos combinan una PET con una TC.  Las PET pueden proporcionar informaci\u00f3n \u00fatil sobre todo su organismo.<\/p>\n<\/div>\n<div class=\"clearboth\"><\/div>\n<\/div>\n","protected":false},"excerpt":{"rendered":"<p>Diagn\u00f3stico Si usted o el m\u00e9dico detectan una anomal\u00eda en la mama durante una autoexploraci\u00f3n mamaria o un examen f\u00edsico de rutina, es probable que el m\u00e9dico solicite pruebas de diagn\u00f3stico por im\u00e1genes, seguidas de biopsias, a fin de determinar si la anomal\u00eda es realmente c\u00e1ncer. Despu\u00e9s de confirmar que la anomal\u00eda es cancerosa, el [&hellip;]<\/p>\n","protected":false},"author":5,"featured_media":0,"parent":16339,"menu_order":4,"comment_status":"closed","ping_status":"open","template":"template-tumor.php","meta":{"footnotes":""},"tags":[10],"class_list":["post-16343","page","type-page","status-publish","hentry","tag-members-only"],"yoast_head":"<!-- This site is optimized with the Yoast SEO plugin v25.0 - https:\/\/yoast.com\/wordpress\/plugins\/seo\/ -->\n<title>CMedEd | Informaci\u00f3n para comprender el c\u00e1ncer de mama metast\u00e1sico | Diagn\u00f3stico<\/title>\n<meta name=\"description\" content=\"Diagn\u00f3stico Si usted o el m\u00e9dico detectan una anomal\u00eda en la mama durante una autoexploraci\u00f3n mamaria o un examen f\u00edsico de rutina, es probable que el\" \/>\n<meta name=\"robots\" content=\"index, follow, max-snippet:-1, max-image-preview:large, max-video-preview:-1\" \/>\n<link rel=\"canonical\" href=\"https:\/\/cmeded.com\/es\/breast\/understanding-metastatic-breast-cancer\/diagnosis\/\" \/>\n<meta property=\"og:locale\" content=\"es_ES\" \/>\n<meta property=\"og:type\" content=\"article\" \/>\n<meta property=\"og:title\" content=\"CMedEd | Informaci\u00f3n para comprender el c\u00e1ncer de mama metast\u00e1sico | Diagn\u00f3stico\" \/>\n<meta property=\"og:description\" content=\"Diagn\u00f3stico Si usted o el m\u00e9dico detectan una anomal\u00eda en la mama durante una autoexploraci\u00f3n mamaria o un examen f\u00edsico de rutina, es probable que el\" \/>\n<meta property=\"og:url\" content=\"https:\/\/cmeded.com\/es\/breast\/understanding-metastatic-breast-cancer\/diagnosis\/\" \/>\n<meta property=\"og:site_name\" content=\"CMedEd\" \/>\n<meta property=\"article:modified_time\" content=\"2023-08-24T23:51:49+00:00\" \/>\n<meta name=\"twitter:card\" content=\"summary_large_image\" \/>\n<meta name=\"twitter:label1\" content=\"Tiempo de lectura\" \/>\n\t<meta name=\"twitter:data1\" content=\"4 minutos\" \/>\n<script type=\"application\/ld+json\" class=\"yoast-schema-graph\">{\"@context\":\"https:\/\/schema.org\",\"@graph\":[{\"@type\":\"WebPage\",\"@id\":\"https:\/\/cmeded.com\/es\/breast\/understanding-metastatic-breast-cancer\/diagnosis\/\",\"url\":\"https:\/\/cmeded.com\/es\/breast\/understanding-metastatic-breast-cancer\/diagnosis\/\",\"name\":\"CMedEd | Informaci\u00f3n para comprender el c\u00e1ncer de mama metast\u00e1sico | Diagn\u00f3stico\",\"isPartOf\":{\"@id\":\"https:\/\/cmeded.com\/es\/#website\"},\"datePublished\":\"2014-03-25T17:15:07+00:00\",\"dateModified\":\"2023-08-24T23:51:49+00:00\",\"description\":\"Diagn\u00f3stico Si usted o el m\u00e9dico detectan una anomal\u00eda en la mama durante una autoexploraci\u00f3n mamaria o un examen f\u00edsico de rutina, es probable que el\",\"breadcrumb\":{\"@id\":\"https:\/\/cmeded.com\/es\/breast\/understanding-metastatic-breast-cancer\/diagnosis\/#breadcrumb\"},\"inLanguage\":\"es\",\"potentialAction\":[{\"@type\":\"ReadAction\",\"target\":[\"https:\/\/cmeded.com\/es\/breast\/understanding-metastatic-breast-cancer\/diagnosis\/\"]}]},{\"@type\":\"BreadcrumbList\",\"@id\":\"https:\/\/cmeded.com\/es\/breast\/understanding-metastatic-breast-cancer\/diagnosis\/#breadcrumb\",\"itemListElement\":[{\"@type\":\"ListItem\",\"position\":1,\"name\":\"Home\",\"item\":\"https:\/\/cmeded.com\/es\/\"},{\"@type\":\"ListItem\",\"position\":2,\"name\":\"Mama\",\"item\":\"https:\/\/cmeded.com\/es\/breast\/\"},{\"@type\":\"ListItem\",\"position\":3,\"name\":\"Informaci\u00f3n para comprender el c\u00e1ncer de mama metast\u00e1sico\",\"item\":\"https:\/\/cmeded.com\/es\/breast\/understanding-metastatic-breast-cancer\/\"},{\"@type\":\"ListItem\",\"position\":4,\"name\":\"Diagn\u00f3stico\"}]},{\"@type\":\"WebSite\",\"@id\":\"https:\/\/cmeded.com\/es\/#website\",\"url\":\"https:\/\/cmeded.com\/es\/\",\"name\":\"CMedEd\",\"description\":\"Recurso principal de informaci\u00f3n sobre el c\u00e1ncer\",\"potentialAction\":[{\"@type\":\"SearchAction\",\"target\":{\"@type\":\"EntryPoint\",\"urlTemplate\":\"https:\/\/cmeded.com\/es\/?s={search_term_string}\"},\"query-input\":{\"@type\":\"PropertyValueSpecification\",\"valueRequired\":true,\"valueName\":\"search_term_string\"}}],\"inLanguage\":\"es\"}]}<\/script>\n<!-- \/ Yoast SEO plugin. -->","yoast_head_json":{"title":"CMedEd | Informaci\u00f3n para comprender el c\u00e1ncer de mama metast\u00e1sico | Diagn\u00f3stico","description":"Diagn\u00f3stico Si usted o el m\u00e9dico detectan una anomal\u00eda en la mama durante una autoexploraci\u00f3n mamaria o un examen f\u00edsico de rutina, es probable que el","robots":{"index":"index","follow":"follow","max-snippet":"max-snippet:-1","max-image-preview":"max-image-preview:large","max-video-preview":"max-video-preview:-1"},"canonical":"https:\/\/cmeded.com\/es\/breast\/understanding-metastatic-breast-cancer\/diagnosis\/","og_locale":"es_ES","og_type":"article","og_title":"CMedEd | Informaci\u00f3n para comprender el c\u00e1ncer de mama metast\u00e1sico | Diagn\u00f3stico","og_description":"Diagn\u00f3stico Si usted o el m\u00e9dico detectan una anomal\u00eda en la mama durante una autoexploraci\u00f3n mamaria o un examen f\u00edsico de rutina, es probable que el","og_url":"https:\/\/cmeded.com\/es\/breast\/understanding-metastatic-breast-cancer\/diagnosis\/","og_site_name":"CMedEd","article_modified_time":"2023-08-24T23:51:49+00:00","twitter_card":"summary_large_image","twitter_misc":{"Tiempo de lectura":"4 minutos"},"schema":{"@context":"https:\/\/schema.org","@graph":[{"@type":"WebPage","@id":"https:\/\/cmeded.com\/es\/breast\/understanding-metastatic-breast-cancer\/diagnosis\/","url":"https:\/\/cmeded.com\/es\/breast\/understanding-metastatic-breast-cancer\/diagnosis\/","name":"CMedEd | Informaci\u00f3n para comprender el c\u00e1ncer de mama metast\u00e1sico | Diagn\u00f3stico","isPartOf":{"@id":"https:\/\/cmeded.com\/es\/#website"},"datePublished":"2014-03-25T17:15:07+00:00","dateModified":"2023-08-24T23:51:49+00:00","description":"Diagn\u00f3stico Si usted o el m\u00e9dico detectan una anomal\u00eda en la mama durante una autoexploraci\u00f3n mamaria o un examen f\u00edsico de rutina, es probable que el","breadcrumb":{"@id":"https:\/\/cmeded.com\/es\/breast\/understanding-metastatic-breast-cancer\/diagnosis\/#breadcrumb"},"inLanguage":"es","potentialAction":[{"@type":"ReadAction","target":["https:\/\/cmeded.com\/es\/breast\/understanding-metastatic-breast-cancer\/diagnosis\/"]}]},{"@type":"BreadcrumbList","@id":"https:\/\/cmeded.com\/es\/breast\/understanding-metastatic-breast-cancer\/diagnosis\/#breadcrumb","itemListElement":[{"@type":"ListItem","position":1,"name":"Home","item":"https:\/\/cmeded.com\/es\/"},{"@type":"ListItem","position":2,"name":"Mama","item":"https:\/\/cmeded.com\/es\/breast\/"},{"@type":"ListItem","position":3,"name":"Informaci\u00f3n para comprender el c\u00e1ncer de mama metast\u00e1sico","item":"https:\/\/cmeded.com\/es\/breast\/understanding-metastatic-breast-cancer\/"},{"@type":"ListItem","position":4,"name":"Diagn\u00f3stico"}]},{"@type":"WebSite","@id":"https:\/\/cmeded.com\/es\/#website","url":"https:\/\/cmeded.com\/es\/","name":"CMedEd","description":"Recurso principal de informaci\u00f3n sobre el c\u00e1ncer","potentialAction":[{"@type":"SearchAction","target":{"@type":"EntryPoint","urlTemplate":"https:\/\/cmeded.com\/es\/?s={search_term_string}"},"query-input":{"@type":"PropertyValueSpecification","valueRequired":true,"valueName":"search_term_string"}}],"inLanguage":"es"}]}},"_links":{"self":[{"href":"https:\/\/cmeded.com\/es\/wp-json\/wp\/v2\/pages\/16343","targetHints":{"allow":["GET"]}}],"collection":[{"href":"https:\/\/cmeded.com\/es\/wp-json\/wp\/v2\/pages"}],"about":[{"href":"https:\/\/cmeded.com\/es\/wp-json\/wp\/v2\/types\/page"}],"author":[{"embeddable":true,"href":"https:\/\/cmeded.com\/es\/wp-json\/wp\/v2\/users\/5"}],"replies":[{"embeddable":true,"href":"https:\/\/cmeded.com\/es\/wp-json\/wp\/v2\/comments?post=16343"}],"version-history":[{"count":0,"href":"https:\/\/cmeded.com\/es\/wp-json\/wp\/v2\/pages\/16343\/revisions"}],"up":[{"embeddable":true,"href":"https:\/\/cmeded.com\/es\/wp-json\/wp\/v2\/pages\/16339"}],"wp:attachment":[{"href":"https:\/\/cmeded.com\/es\/wp-json\/wp\/v2\/media?parent=16343"}],"wp:term":[{"taxonomy":"post_tag","embeddable":true,"href":"https:\/\/cmeded.com\/es\/wp-json\/wp\/v2\/tags?post=16343"}],"curies":[{"name":"wp","href":"https:\/\/api.w.org\/{rel}","templated":true}]}}