{"id":16333,"date":"2014-03-25T09:45:12","date_gmt":"2014-03-25T14:45:12","guid":{"rendered":"http:\/\/cmeded.com\/?page_id=16333"},"modified":"2023-08-24T18:51:49","modified_gmt":"2023-08-24T23:51:49","slug":"diagnosis","status":"publish","type":"page","link":"https:\/\/cmeded.com\/es\/breast\/understanding-triple-negative-breast-cancer\/diagnosis\/","title":{"rendered":"Diagn\u00f3stico"},"content":{"rendered":"<h4 class=\"section-title\">Diagn\u00f3stico<\/h4>\n<p class=\"section-content\">El diagn\u00f3stico de TNBC suele aparecer durante un examen cl\u00ednico o f\u00edsico. Esto se debe a que los tumores que presentan un estado triple negativo tienden a tener una tasa de crecimiento acelerado en relaci\u00f3n con los intervalos de detecci\u00f3n. Sin embargo, TNBC todav\u00eda se ven en mamograf\u00edas y ecograf\u00edas, al igual que los de otros tipos. Asimismo, durante una biopsia o una cirug\u00eda de c\u00e1ncer de mama, se estudiar\u00e1n las c\u00e9lulas de la muestra para verificar la presencia de receptores de estr\u00f3geno, progesterona o HER2. Si ninguno de estos receptores est\u00e1 presente, el m\u00e9dico diagnosticar\u00e1 el c\u00e1ncer que usted padece como \"triple negativo\".<\/p>\n<div class=\"divider\" id=\"\">\n\t\n\t<\/div>\n<div class=\"one_third\">\n<div class=\"symp-pic\"><img decoding=\"async\" src=\"\/wp-content\/uploads\/2013\/09\/PhysicalWoman169x175.png\" class=\"aligncenter\" alt=\"Doctor y paciente\" style=\"max-height:175px\"><\/div>\n<div class=\"clearboth\"><\/div>\n<\/div>\n<div class=\"one_third\">\n<div class=\"symp-pic\"><img decoding=\"async\" src=\"\/wp-content\/uploads\/2019\/06\/Screen-Shot-2019-06-13-at-11.34.45-AM.png\" class=\"aligncenter\" alt=\"mamograf\u00eda\" style=\"max-height:175px\"><\/div>\n<div class=\"clearboth\"><\/div>\n<\/div>\n<div class=\"one_third last\">\n<div class=\"symp-pic\"><img decoding=\"async\" src=\"\/wp-content\/uploads\/2014\/05\/Ultrasound_Breast-251x200.jpg\" class=\"aligncenter\" alt=\"ultrasonido\" style=\"max-height:175px\"><\/div>\n<div class=\"clearboth\"><\/div>\n<\/div>\n<div class=\"clearboth\"><\/div>\n","protected":false},"excerpt":{"rendered":"<p>Diagn\u00f3stico El diagn\u00f3stico de TNBC suele aparecer durante un examen cl\u00ednico o f\u00edsico. Esto se debe a que los tumores que presentan un estado triple negativo tienden a tener una tasa de crecimiento acelerado en relaci\u00f3n con los intervalos de detecci\u00f3n. Sin embargo, TNBC todav\u00eda se ven en mamograf\u00edas y ecograf\u00edas, al igual que los [&hellip;]<\/p>\n","protected":false},"author":5,"featured_media":0,"parent":16325,"menu_order":3,"comment_status":"closed","ping_status":"open","template":"template-tumor.php","meta":{"footnotes":""},"tags":[10],"class_list":["post-16333","page","type-page","status-publish","hentry","tag-members-only"],"yoast_head":"<!-- This site is optimized with the Yoast SEO plugin v25.0 - https:\/\/yoast.com\/wordpress\/plugins\/seo\/ -->\n<title>CMedEd | Informaci\u00f3n para comprender el c\u00e1ncer de mama triple negativo | Diagn\u00f3stico<\/title>\n<meta name=\"description\" content=\"Diagn\u00f3stico El diagn\u00f3stico de TNBC suele aparecer durante un examen cl\u00ednico o f\u00edsico. Esto se debe a que los tumores que presentan un estado triple\" \/>\n<meta name=\"robots\" content=\"index, follow, max-snippet:-1, max-image-preview:large, max-video-preview:-1\" \/>\n<link rel=\"canonical\" href=\"https:\/\/cmeded.com\/es\/breast\/understanding-triple-negative-breast-cancer\/diagnosis\/\" \/>\n<meta property=\"og:locale\" content=\"es_ES\" \/>\n<meta property=\"og:type\" content=\"article\" \/>\n<meta property=\"og:title\" content=\"CMedEd | Informaci\u00f3n para comprender el c\u00e1ncer de mama triple negativo | Diagn\u00f3stico\" \/>\n<meta property=\"og:description\" content=\"Diagn\u00f3stico El diagn\u00f3stico de TNBC suele aparecer durante un examen cl\u00ednico o f\u00edsico. Esto se debe a que los tumores que presentan un estado triple\" \/>\n<meta property=\"og:url\" content=\"https:\/\/cmeded.com\/es\/breast\/understanding-triple-negative-breast-cancer\/diagnosis\/\" \/>\n<meta property=\"og:site_name\" content=\"CMedEd\" \/>\n<meta property=\"article:modified_time\" content=\"2023-08-24T23:51:49+00:00\" \/>\n<meta name=\"twitter:card\" content=\"summary_large_image\" \/>\n<meta name=\"twitter:label1\" content=\"Tiempo de lectura\" \/>\n\t<meta name=\"twitter:data1\" content=\"1 minuto\" \/>\n<script type=\"application\/ld+json\" class=\"yoast-schema-graph\">{\"@context\":\"https:\/\/schema.org\",\"@graph\":[{\"@type\":\"WebPage\",\"@id\":\"https:\/\/cmeded.com\/es\/breast\/understanding-triple-negative-breast-cancer\/diagnosis\/\",\"url\":\"https:\/\/cmeded.com\/es\/breast\/understanding-triple-negative-breast-cancer\/diagnosis\/\",\"name\":\"CMedEd | Informaci\u00f3n para comprender el c\u00e1ncer de mama triple negativo | Diagn\u00f3stico\",\"isPartOf\":{\"@id\":\"https:\/\/cmeded.com\/es\/#website\"},\"datePublished\":\"2014-03-25T14:45:12+00:00\",\"dateModified\":\"2023-08-24T23:51:49+00:00\",\"description\":\"Diagn\u00f3stico El diagn\u00f3stico de TNBC suele aparecer durante un examen cl\u00ednico o f\u00edsico. Esto se debe a que los tumores que presentan un estado triple\",\"breadcrumb\":{\"@id\":\"https:\/\/cmeded.com\/es\/breast\/understanding-triple-negative-breast-cancer\/diagnosis\/#breadcrumb\"},\"inLanguage\":\"es\",\"potentialAction\":[{\"@type\":\"ReadAction\",\"target\":[\"https:\/\/cmeded.com\/es\/breast\/understanding-triple-negative-breast-cancer\/diagnosis\/\"]}]},{\"@type\":\"BreadcrumbList\",\"@id\":\"https:\/\/cmeded.com\/es\/breast\/understanding-triple-negative-breast-cancer\/diagnosis\/#breadcrumb\",\"itemListElement\":[{\"@type\":\"ListItem\",\"position\":1,\"name\":\"Home\",\"item\":\"https:\/\/cmeded.com\/es\/\"},{\"@type\":\"ListItem\",\"position\":2,\"name\":\"Mama\",\"item\":\"https:\/\/cmeded.com\/es\/breast\/\"},{\"@type\":\"ListItem\",\"position\":3,\"name\":\"Informaci\u00f3n para comprender el c\u00e1ncer de mama triple negativo\",\"item\":\"https:\/\/cmeded.com\/es\/breast\/understanding-triple-negative-breast-cancer\/\"},{\"@type\":\"ListItem\",\"position\":4,\"name\":\"Diagn\u00f3stico\"}]},{\"@type\":\"WebSite\",\"@id\":\"https:\/\/cmeded.com\/es\/#website\",\"url\":\"https:\/\/cmeded.com\/es\/\",\"name\":\"CMedEd\",\"description\":\"Recurso principal de informaci\u00f3n sobre el c\u00e1ncer\",\"potentialAction\":[{\"@type\":\"SearchAction\",\"target\":{\"@type\":\"EntryPoint\",\"urlTemplate\":\"https:\/\/cmeded.com\/es\/?s={search_term_string}\"},\"query-input\":{\"@type\":\"PropertyValueSpecification\",\"valueRequired\":true,\"valueName\":\"search_term_string\"}}],\"inLanguage\":\"es\"}]}<\/script>\n<!-- \/ Yoast SEO plugin. -->","yoast_head_json":{"title":"CMedEd | Informaci\u00f3n para comprender el c\u00e1ncer de mama triple negativo | Diagn\u00f3stico","description":"Diagn\u00f3stico El diagn\u00f3stico de TNBC suele aparecer durante un examen cl\u00ednico o f\u00edsico. Esto se debe a que los tumores que presentan un estado triple","robots":{"index":"index","follow":"follow","max-snippet":"max-snippet:-1","max-image-preview":"max-image-preview:large","max-video-preview":"max-video-preview:-1"},"canonical":"https:\/\/cmeded.com\/es\/breast\/understanding-triple-negative-breast-cancer\/diagnosis\/","og_locale":"es_ES","og_type":"article","og_title":"CMedEd | Informaci\u00f3n para comprender el c\u00e1ncer de mama triple negativo | Diagn\u00f3stico","og_description":"Diagn\u00f3stico El diagn\u00f3stico de TNBC suele aparecer durante un examen cl\u00ednico o f\u00edsico. Esto se debe a que los tumores que presentan un estado triple","og_url":"https:\/\/cmeded.com\/es\/breast\/understanding-triple-negative-breast-cancer\/diagnosis\/","og_site_name":"CMedEd","article_modified_time":"2023-08-24T23:51:49+00:00","twitter_card":"summary_large_image","twitter_misc":{"Tiempo de lectura":"1 minuto"},"schema":{"@context":"https:\/\/schema.org","@graph":[{"@type":"WebPage","@id":"https:\/\/cmeded.com\/es\/breast\/understanding-triple-negative-breast-cancer\/diagnosis\/","url":"https:\/\/cmeded.com\/es\/breast\/understanding-triple-negative-breast-cancer\/diagnosis\/","name":"CMedEd | Informaci\u00f3n para comprender el c\u00e1ncer de mama triple negativo | Diagn\u00f3stico","isPartOf":{"@id":"https:\/\/cmeded.com\/es\/#website"},"datePublished":"2014-03-25T14:45:12+00:00","dateModified":"2023-08-24T23:51:49+00:00","description":"Diagn\u00f3stico El diagn\u00f3stico de TNBC suele aparecer durante un examen cl\u00ednico o f\u00edsico. Esto se debe a que los tumores que presentan un estado triple","breadcrumb":{"@id":"https:\/\/cmeded.com\/es\/breast\/understanding-triple-negative-breast-cancer\/diagnosis\/#breadcrumb"},"inLanguage":"es","potentialAction":[{"@type":"ReadAction","target":["https:\/\/cmeded.com\/es\/breast\/understanding-triple-negative-breast-cancer\/diagnosis\/"]}]},{"@type":"BreadcrumbList","@id":"https:\/\/cmeded.com\/es\/breast\/understanding-triple-negative-breast-cancer\/diagnosis\/#breadcrumb","itemListElement":[{"@type":"ListItem","position":1,"name":"Home","item":"https:\/\/cmeded.com\/es\/"},{"@type":"ListItem","position":2,"name":"Mama","item":"https:\/\/cmeded.com\/es\/breast\/"},{"@type":"ListItem","position":3,"name":"Informaci\u00f3n para comprender el c\u00e1ncer de mama triple negativo","item":"https:\/\/cmeded.com\/es\/breast\/understanding-triple-negative-breast-cancer\/"},{"@type":"ListItem","position":4,"name":"Diagn\u00f3stico"}]},{"@type":"WebSite","@id":"https:\/\/cmeded.com\/es\/#website","url":"https:\/\/cmeded.com\/es\/","name":"CMedEd","description":"Recurso principal de informaci\u00f3n sobre el c\u00e1ncer","potentialAction":[{"@type":"SearchAction","target":{"@type":"EntryPoint","urlTemplate":"https:\/\/cmeded.com\/es\/?s={search_term_string}"},"query-input":{"@type":"PropertyValueSpecification","valueRequired":true,"valueName":"search_term_string"}}],"inLanguage":"es"}]}},"_links":{"self":[{"href":"https:\/\/cmeded.com\/es\/wp-json\/wp\/v2\/pages\/16333","targetHints":{"allow":["GET"]}}],"collection":[{"href":"https:\/\/cmeded.com\/es\/wp-json\/wp\/v2\/pages"}],"about":[{"href":"https:\/\/cmeded.com\/es\/wp-json\/wp\/v2\/types\/page"}],"author":[{"embeddable":true,"href":"https:\/\/cmeded.com\/es\/wp-json\/wp\/v2\/users\/5"}],"replies":[{"embeddable":true,"href":"https:\/\/cmeded.com\/es\/wp-json\/wp\/v2\/comments?post=16333"}],"version-history":[{"count":0,"href":"https:\/\/cmeded.com\/es\/wp-json\/wp\/v2\/pages\/16333\/revisions"}],"up":[{"embeddable":true,"href":"https:\/\/cmeded.com\/es\/wp-json\/wp\/v2\/pages\/16325"}],"wp:attachment":[{"href":"https:\/\/cmeded.com\/es\/wp-json\/wp\/v2\/media?parent=16333"}],"wp:term":[{"taxonomy":"post_tag","embeddable":true,"href":"https:\/\/cmeded.com\/es\/wp-json\/wp\/v2\/tags?post=16333"}],"curies":[{"name":"wp","href":"https:\/\/api.w.org\/{rel}","templated":true}]}}