{"id":16271,"date":"2014-03-21T12:28:50","date_gmt":"2014-03-21T17:28:50","guid":{"rendered":"http:\/\/cmeded.com\/?page_id=16271"},"modified":"2023-08-24T18:51:22","modified_gmt":"2023-08-24T23:51:22","slug":"symptoms","status":"publish","type":"page","link":"https:\/\/cmeded.com\/es\/bone\/understanding-bone-cancer\/symptoms\/","title":{"rendered":"S\u00edntomas"},"content":{"rendered":"<h4 class=\"section-title\">S\u00edntomas<\/h4>\n<p class=\"section-content\">Los s\u00edntomas del c\u00e1ncer de hueso dependen del tama\u00f1o y la ubicaci\u00f3n del tumor. Los s\u00edntomas m\u00e1s frecuentes del c\u00e1ncer de hueso son dolor o hinchaz\u00f3n persistentes en un hueso o una articulaci\u00f3n o cerca de estos. Inf\u00f3rmele al m\u00e9dico si manifiesta algunos de los siguientes s\u00edntomas:<\/p>\n<div class=\"one_half\"><div class=\"divider\" id=\"\">\n\t\n\t<\/div><\/p>\n<div class=\"risk-factor\">\n<div class=\"symp-pic\"><img decoding=\"async\" class=\"aligncenter\" style=\"height: 150px;\" src=\"\/wp-content\/uploads\/2013\/11\/Fractures-226x1751.jpg\" alt=\"Fracturas de huesos\" \/><\/div>\n<div>\n<h5 class=\"section-title\">Fracturas de huesos<\/h5>\n<\/div>\n<div class=\"clearboth\"><\/div>\n<\/div>\n<div class=\"divider\" id=\"\">\n\t\n\t<\/div>\n<div class=\"risk-factor\">\n<div class=\"symp-pic\"><img decoding=\"async\" class=\"aligncenter\" style=\"height: 150px;\" src=\"\/wp-content\/uploads\/2013\/10\/ChildBruise158x175.png\" alt=\"Dolor en un hueso o una articulaci\u00f3n o cerca de estos\" \/><\/div>\n<div>\n<h5 class=\"section-title\">Dolor en un hueso o una articulaci\u00f3n o cerca de estos<\/h5>\n<\/div>\n<div class=\"clearboth\"><\/div>\n<\/div>\n<div class=\"divider\" id=\"\">\n\t\n\t<\/div>\n<div class=\"risk-factor\">\n<div class=\"symp-pic\"><img decoding=\"async\" class=\"aligncenter\" style=\"height: 150px;\" src=\"\/wp-content\/uploads\/2013\/10\/Limping114x175.png\" alt=\"Dificultad con el movimiento normal\" \/><\/div>\n<div>\n<h5 class=\"section-title\">Dificultad con el movimiento normal<\/h5>\n<\/div>\n<div class=\"clearboth\"><\/div>\n<\/div>\n<div class=\"divider\" id=\"\">\n\t\n\t<\/div>\n<div class=\"risk-factor\">\n<div class=\"symp-pic\"><img decoding=\"async\" class=\"aligncenter\" style=\"height: 150px;\" src=\"\/wp-content\/uploads\/2021\/06\/Hispanic_Girl_Bone_Pain.jpg\" alt=\"Hinchaz\u00f3n o dolor con la palpaci\u00f3n en un hueso o una articulaci\u00f3n o cerca de estos\" \/><\/div>\n<div>\n<h5 class=\"section-title\">Hinchaz\u00f3n o dolor con la palpaci\u00f3n en un hueso o una articulaci\u00f3n o cerca de estos<\/h5>\n<\/div>\n<div class=\"clearboth\"><\/div>\n<\/div>\n<div class=\"divider\" id=\"\">\n\t\n\t<\/div>\n<\/div>\n<div class=\"one_half last\"><div class=\"divider\" id=\"remove-divider\">\n\t\n\t<\/div><\/p>\n<div class=\"risk-factor\">\n<div class=\"symp-pic\"><img decoding=\"async\" class=\"aligncenter\" style=\"height: 150px;\" src=\"\/wp-content\/uploads\/2021\/06\/black_feet_on_weight.jpg\" alt=\"P\u00e9rdida de peso inexplicable\" \/><\/div>\n<div>\n<h5 class=\"section-title\">P\u00e9rdida de peso inexplicable<\/h5>\n<\/div>\n<div class=\"clearboth\"><\/div>\n<\/div>\n<div class=\"divider\" id=\"\">\n\t\n\t<\/div>\n<div class=\"risk-factor\">\n<div class=\"symp-pic\"><img decoding=\"async\" class=\"aligncenter\" style=\"height: 150px;\" src=\"\/wp-content\/uploads\/2013\/04\/MDS-Anemia-PSF.jpg\" alt=\"Anemia\" \/><\/div>\n<div>\n<h5 class=\"section-title\">Anemia<\/h5>\n<\/div>\n<div class=\"clearboth\"><\/div>\n<\/div>\n<div class=\"divider\" id=\"\">\n\t\n\t<\/div>\n<div class=\"risk-factor\">\n<div class=\"symp-pic\">\n<p><img decoding=\"async\" class=\"aligncenter\" style=\"height: 150px;\" src=\"\/wp-content\/uploads\/2020\/06\/Screen-Shot-2020-06-29-at-3.02.39-PM.png\" alt=\"Cansancio\" \/><\/p>\n<\/div>\n<div>\n<h5 class=\"section-title\">Cansancio<\/h5>\n<\/div>\n<div class=\"clearboth\"><\/div>\n<\/div>\n<div class=\"divider\" id=\"\">\n\t\n\t<\/div>\n<div class=\"risk-factor\">\n<div class=\"symp-pic\"><img decoding=\"async\" class=\"aligncenter\" style=\"height: 150px;\" src=\"\/wp-content\/uploads\/2013\/10\/ChildFever212x175.png\" alt=\"Fiebre\" \/><\/div>\n<div>\n<h5 class=\"section-title\">Fiebre<\/h5>\n<\/div>\n<div class=\"clearboth\"><\/div>\n<\/div>\n<div class=\"divider\" id=\"\">\n\t\n\t<\/div>\n<\/div>\n<div class=\"clearboth\"><\/div>\n","protected":false},"excerpt":{"rendered":"<p>S\u00edntomas Los s\u00edntomas del c\u00e1ncer de hueso dependen del tama\u00f1o y la ubicaci\u00f3n del tumor. Los s\u00edntomas m\u00e1s frecuentes del c\u00e1ncer de hueso son dolor o hinchaz\u00f3n persistentes en un hueso o una articulaci\u00f3n o cerca de estos. Inf\u00f3rmele al m\u00e9dico si manifiesta algunos de los siguientes s\u00edntomas: Fracturas de huesos Dolor en un hueso [&hellip;]<\/p>\n","protected":false},"author":5,"featured_media":0,"parent":16268,"menu_order":3,"comment_status":"closed","ping_status":"open","template":"template-tumor.php","meta":{"footnotes":""},"tags":[10],"class_list":["post-16271","page","type-page","status-publish","hentry","tag-members-only"],"yoast_head":"<!-- This site is optimized with the Yoast SEO plugin v25.0 - https:\/\/yoast.com\/wordpress\/plugins\/seo\/ -->\n<title>CMedEd | Informaci\u00f3n para comprender el c\u00e1ncer de hueso | S\u00edntomas<\/title>\n<meta name=\"description\" content=\"S\u00edntomas Los s\u00edntomas del c\u00e1ncer de hueso dependen del tama\u00f1o y la ubicaci\u00f3n del tumor. Los s\u00edntomas m\u00e1s frecuentes del c\u00e1ncer de hueso son dolor o\" \/>\n<meta name=\"robots\" content=\"index, follow, max-snippet:-1, max-image-preview:large, max-video-preview:-1\" \/>\n<link rel=\"canonical\" href=\"https:\/\/cmeded.com\/es\/bone\/understanding-bone-cancer\/symptoms\/\" \/>\n<meta property=\"og:locale\" content=\"es_ES\" \/>\n<meta property=\"og:type\" content=\"article\" \/>\n<meta property=\"og:title\" content=\"CMedEd | Informaci\u00f3n para comprender el c\u00e1ncer de hueso | S\u00edntomas\" \/>\n<meta property=\"og:description\" content=\"S\u00edntomas Los s\u00edntomas del c\u00e1ncer de hueso dependen del tama\u00f1o y la ubicaci\u00f3n del tumor. Los s\u00edntomas m\u00e1s frecuentes del c\u00e1ncer de hueso son dolor o\" \/>\n<meta property=\"og:url\" content=\"https:\/\/cmeded.com\/es\/bone\/understanding-bone-cancer\/symptoms\/\" \/>\n<meta property=\"og:site_name\" content=\"CMedEd\" \/>\n<meta property=\"article:modified_time\" content=\"2023-08-24T23:51:22+00:00\" \/>\n<meta name=\"twitter:card\" content=\"summary_large_image\" \/>\n<meta name=\"twitter:label1\" content=\"Tiempo de lectura\" \/>\n\t<meta name=\"twitter:data1\" content=\"3 minutos\" \/>\n<script type=\"application\/ld+json\" class=\"yoast-schema-graph\">{\"@context\":\"https:\/\/schema.org\",\"@graph\":[{\"@type\":\"WebPage\",\"@id\":\"https:\/\/cmeded.com\/es\/bone\/understanding-bone-cancer\/symptoms\/\",\"url\":\"https:\/\/cmeded.com\/es\/bone\/understanding-bone-cancer\/symptoms\/\",\"name\":\"CMedEd | Informaci\u00f3n para comprender el c\u00e1ncer de hueso | S\u00edntomas\",\"isPartOf\":{\"@id\":\"https:\/\/cmeded.com\/es\/#website\"},\"datePublished\":\"2014-03-21T17:28:50+00:00\",\"dateModified\":\"2023-08-24T23:51:22+00:00\",\"description\":\"S\u00edntomas Los s\u00edntomas del c\u00e1ncer de hueso dependen del tama\u00f1o y la ubicaci\u00f3n del tumor. Los s\u00edntomas m\u00e1s frecuentes del c\u00e1ncer de hueso son dolor o\",\"breadcrumb\":{\"@id\":\"https:\/\/cmeded.com\/es\/bone\/understanding-bone-cancer\/symptoms\/#breadcrumb\"},\"inLanguage\":\"es\",\"potentialAction\":[{\"@type\":\"ReadAction\",\"target\":[\"https:\/\/cmeded.com\/es\/bone\/understanding-bone-cancer\/symptoms\/\"]}]},{\"@type\":\"BreadcrumbList\",\"@id\":\"https:\/\/cmeded.com\/es\/bone\/understanding-bone-cancer\/symptoms\/#breadcrumb\",\"itemListElement\":[{\"@type\":\"ListItem\",\"position\":1,\"name\":\"Home\",\"item\":\"https:\/\/cmeded.com\/es\/\"},{\"@type\":\"ListItem\",\"position\":2,\"name\":\"Hueso\",\"item\":\"https:\/\/cmeded.com\/es\/bone\/\"},{\"@type\":\"ListItem\",\"position\":3,\"name\":\"Informaci\u00f3n para comprender el c\u00e1ncer de hueso\",\"item\":\"https:\/\/cmeded.com\/es\/bone\/understanding-bone-cancer\/\"},{\"@type\":\"ListItem\",\"position\":4,\"name\":\"S\u00edntomas\"}]},{\"@type\":\"WebSite\",\"@id\":\"https:\/\/cmeded.com\/es\/#website\",\"url\":\"https:\/\/cmeded.com\/es\/\",\"name\":\"CMedEd\",\"description\":\"Recurso principal de informaci\u00f3n sobre el c\u00e1ncer\",\"potentialAction\":[{\"@type\":\"SearchAction\",\"target\":{\"@type\":\"EntryPoint\",\"urlTemplate\":\"https:\/\/cmeded.com\/es\/?s={search_term_string}\"},\"query-input\":{\"@type\":\"PropertyValueSpecification\",\"valueRequired\":true,\"valueName\":\"search_term_string\"}}],\"inLanguage\":\"es\"}]}<\/script>\n<!-- \/ Yoast SEO plugin. -->","yoast_head_json":{"title":"CMedEd | Informaci\u00f3n para comprender el c\u00e1ncer de hueso | S\u00edntomas","description":"S\u00edntomas Los s\u00edntomas del c\u00e1ncer de hueso dependen del tama\u00f1o y la ubicaci\u00f3n del tumor. Los s\u00edntomas m\u00e1s frecuentes del c\u00e1ncer de hueso son dolor o","robots":{"index":"index","follow":"follow","max-snippet":"max-snippet:-1","max-image-preview":"max-image-preview:large","max-video-preview":"max-video-preview:-1"},"canonical":"https:\/\/cmeded.com\/es\/bone\/understanding-bone-cancer\/symptoms\/","og_locale":"es_ES","og_type":"article","og_title":"CMedEd | Informaci\u00f3n para comprender el c\u00e1ncer de hueso | S\u00edntomas","og_description":"S\u00edntomas Los s\u00edntomas del c\u00e1ncer de hueso dependen del tama\u00f1o y la ubicaci\u00f3n del tumor. Los s\u00edntomas m\u00e1s frecuentes del c\u00e1ncer de hueso son dolor o","og_url":"https:\/\/cmeded.com\/es\/bone\/understanding-bone-cancer\/symptoms\/","og_site_name":"CMedEd","article_modified_time":"2023-08-24T23:51:22+00:00","twitter_card":"summary_large_image","twitter_misc":{"Tiempo de lectura":"3 minutos"},"schema":{"@context":"https:\/\/schema.org","@graph":[{"@type":"WebPage","@id":"https:\/\/cmeded.com\/es\/bone\/understanding-bone-cancer\/symptoms\/","url":"https:\/\/cmeded.com\/es\/bone\/understanding-bone-cancer\/symptoms\/","name":"CMedEd | Informaci\u00f3n para comprender el c\u00e1ncer de hueso | S\u00edntomas","isPartOf":{"@id":"https:\/\/cmeded.com\/es\/#website"},"datePublished":"2014-03-21T17:28:50+00:00","dateModified":"2023-08-24T23:51:22+00:00","description":"S\u00edntomas Los s\u00edntomas del c\u00e1ncer de hueso dependen del tama\u00f1o y la ubicaci\u00f3n del tumor. Los s\u00edntomas m\u00e1s frecuentes del c\u00e1ncer de hueso son dolor o","breadcrumb":{"@id":"https:\/\/cmeded.com\/es\/bone\/understanding-bone-cancer\/symptoms\/#breadcrumb"},"inLanguage":"es","potentialAction":[{"@type":"ReadAction","target":["https:\/\/cmeded.com\/es\/bone\/understanding-bone-cancer\/symptoms\/"]}]},{"@type":"BreadcrumbList","@id":"https:\/\/cmeded.com\/es\/bone\/understanding-bone-cancer\/symptoms\/#breadcrumb","itemListElement":[{"@type":"ListItem","position":1,"name":"Home","item":"https:\/\/cmeded.com\/es\/"},{"@type":"ListItem","position":2,"name":"Hueso","item":"https:\/\/cmeded.com\/es\/bone\/"},{"@type":"ListItem","position":3,"name":"Informaci\u00f3n para comprender el c\u00e1ncer de hueso","item":"https:\/\/cmeded.com\/es\/bone\/understanding-bone-cancer\/"},{"@type":"ListItem","position":4,"name":"S\u00edntomas"}]},{"@type":"WebSite","@id":"https:\/\/cmeded.com\/es\/#website","url":"https:\/\/cmeded.com\/es\/","name":"CMedEd","description":"Recurso principal de informaci\u00f3n sobre el c\u00e1ncer","potentialAction":[{"@type":"SearchAction","target":{"@type":"EntryPoint","urlTemplate":"https:\/\/cmeded.com\/es\/?s={search_term_string}"},"query-input":{"@type":"PropertyValueSpecification","valueRequired":true,"valueName":"search_term_string"}}],"inLanguage":"es"}]}},"_links":{"self":[{"href":"https:\/\/cmeded.com\/es\/wp-json\/wp\/v2\/pages\/16271","targetHints":{"allow":["GET"]}}],"collection":[{"href":"https:\/\/cmeded.com\/es\/wp-json\/wp\/v2\/pages"}],"about":[{"href":"https:\/\/cmeded.com\/es\/wp-json\/wp\/v2\/types\/page"}],"author":[{"embeddable":true,"href":"https:\/\/cmeded.com\/es\/wp-json\/wp\/v2\/users\/5"}],"replies":[{"embeddable":true,"href":"https:\/\/cmeded.com\/es\/wp-json\/wp\/v2\/comments?post=16271"}],"version-history":[{"count":0,"href":"https:\/\/cmeded.com\/es\/wp-json\/wp\/v2\/pages\/16271\/revisions"}],"up":[{"embeddable":true,"href":"https:\/\/cmeded.com\/es\/wp-json\/wp\/v2\/pages\/16268"}],"wp:attachment":[{"href":"https:\/\/cmeded.com\/es\/wp-json\/wp\/v2\/media?parent=16271"}],"wp:term":[{"taxonomy":"post_tag","embeddable":true,"href":"https:\/\/cmeded.com\/es\/wp-json\/wp\/v2\/tags?post=16271"}],"curies":[{"name":"wp","href":"https:\/\/api.w.org\/{rel}","templated":true}]}}