{"id":16255,"date":"2014-03-21T09:11:03","date_gmt":"2014-03-21T14:11:03","guid":{"rendered":"http:\/\/cmeded.com\/?page_id=16255"},"modified":"2025-05-11T14:02:51","modified_gmt":"2025-05-11T19:02:51","slug":"questions","status":"publish","type":"page","link":"https:\/\/cmeded.com\/es\/gastrointestinal\/understanding-gallbladder-cancer\/questions\/","title":{"rendered":"Preguntas"},"content":{"rendered":"<h4 class=\"section-title\">Preguntas para hacerle al m\u00e9dico<\/h4>\n<p class=\"section-content\">Es importante mantener una comunicaci\u00f3n honesta y abierta con m\u00e9dicos y enfermeros. No dude en hacer preguntas, incluso si estas parecen insignificantes. Se recomienda anotar las preguntas para que pueda recordarlas durante las consultas. A continuaci\u00f3n, se detallan algunas preguntas importantes que tal vez desee hacer:<\/p>\n<ul class=\"about-content\">\n<li>\u00bfEn qu\u00e9 estadio se encuentra la enfermedad?<\/li>\n<li>\u00bfQu\u00e9 experiencia tiene usted con mi enfermedad espec\u00edfica?<\/li>\n<li>\u00bfQu\u00e9 opciones de tratamiento se encuentran disponibles para m\u00ed?<\/li>\n<li>\u00bfDe qu\u00e9 manera puedo prepararme mejor para el tratamiento?<\/li>\n<li>\u00bfCu\u00e1les son las expectativas del tratamiento?<\/li>\n<li>\u00bfQu\u00e9 cambios debo esperar en los meses que siguen en relaci\u00f3n con mi salud y mi capacidad de participar en las actividades diarias?<\/li>\n<li>\u00bfExisten opciones de terapias dirigidas para este c\u00e1ncer?<\/li>\n<\/ul>\n","protected":false},"excerpt":{"rendered":"<p>Preguntas para hacerle al m\u00e9dico Es importante mantener una comunicaci\u00f3n honesta y abierta con m\u00e9dicos y enfermeros. No dude en hacer preguntas, incluso si estas parecen insignificantes. Se recomienda anotar las preguntas para que pueda recordarlas durante las consultas. A continuaci\u00f3n, se detallan algunas preguntas importantes que tal vez desee hacer: \u00bfEn qu\u00e9 estadio se [&hellip;]<\/p>\n","protected":false},"author":5,"featured_media":0,"parent":13272,"menu_order":7,"comment_status":"closed","ping_status":"open","template":"template-tumor.php","meta":{"footnotes":""},"tags":[10],"class_list":["post-16255","page","type-page","status-publish","hentry","tag-members-only"],"yoast_head":"<!-- This site is optimized with the Yoast SEO plugin v25.0 - https:\/\/yoast.com\/wordpress\/plugins\/seo\/ -->\n<title>CMedEd | Informaci\u00f3n para comprender el c\u00e1ncer de ves\u00edcula biliar | Preguntas<\/title>\n<meta name=\"description\" content=\"Preguntas para hacerle al m\u00e9dico Es importante mantener una comunicaci\u00f3n honesta y abierta con m\u00e9dicos y enfermeros. No dude en hacer preguntas, incluso\" \/>\n<meta name=\"robots\" content=\"index, follow, max-snippet:-1, max-image-preview:large, max-video-preview:-1\" \/>\n<link rel=\"canonical\" href=\"https:\/\/cmeded.com\/es\/gastrointestinal\/understanding-gallbladder-cancer\/questions\/\" \/>\n<meta property=\"og:locale\" content=\"es_ES\" \/>\n<meta property=\"og:type\" content=\"article\" \/>\n<meta property=\"og:title\" content=\"CMedEd | Informaci\u00f3n para comprender el c\u00e1ncer de ves\u00edcula biliar | Preguntas\" \/>\n<meta property=\"og:description\" content=\"Preguntas para hacerle al m\u00e9dico Es importante mantener una comunicaci\u00f3n honesta y abierta con m\u00e9dicos y enfermeros. No dude en hacer preguntas, incluso\" \/>\n<meta property=\"og:url\" content=\"https:\/\/cmeded.com\/es\/gastrointestinal\/understanding-gallbladder-cancer\/questions\/\" \/>\n<meta property=\"og:site_name\" content=\"CMedEd\" \/>\n<meta property=\"article:modified_time\" content=\"2025-05-11T19:02:51+00:00\" \/>\n<meta name=\"twitter:card\" content=\"summary_large_image\" \/>\n<meta name=\"twitter:label1\" content=\"Tiempo de lectura\" \/>\n\t<meta name=\"twitter:data1\" content=\"1 minuto\" \/>\n<script type=\"application\/ld+json\" class=\"yoast-schema-graph\">{\"@context\":\"https:\/\/schema.org\",\"@graph\":[{\"@type\":\"WebPage\",\"@id\":\"https:\/\/cmeded.com\/es\/gastrointestinal\/understanding-gallbladder-cancer\/questions\/\",\"url\":\"https:\/\/cmeded.com\/es\/gastrointestinal\/understanding-gallbladder-cancer\/questions\/\",\"name\":\"CMedEd | Informaci\u00f3n para comprender el c\u00e1ncer de ves\u00edcula biliar | Preguntas\",\"isPartOf\":{\"@id\":\"https:\/\/cmeded.com\/es\/#website\"},\"datePublished\":\"2014-03-21T14:11:03+00:00\",\"dateModified\":\"2025-05-11T19:02:51+00:00\",\"description\":\"Preguntas para hacerle al m\u00e9dico Es importante mantener una comunicaci\u00f3n honesta y abierta con m\u00e9dicos y enfermeros. No dude en hacer preguntas, incluso\",\"breadcrumb\":{\"@id\":\"https:\/\/cmeded.com\/es\/gastrointestinal\/understanding-gallbladder-cancer\/questions\/#breadcrumb\"},\"inLanguage\":\"es\",\"potentialAction\":[{\"@type\":\"ReadAction\",\"target\":[\"https:\/\/cmeded.com\/es\/gastrointestinal\/understanding-gallbladder-cancer\/questions\/\"]}]},{\"@type\":\"BreadcrumbList\",\"@id\":\"https:\/\/cmeded.com\/es\/gastrointestinal\/understanding-gallbladder-cancer\/questions\/#breadcrumb\",\"itemListElement\":[{\"@type\":\"ListItem\",\"position\":1,\"name\":\"Home\",\"item\":\"https:\/\/cmeded.com\/es\/\"},{\"@type\":\"ListItem\",\"position\":2,\"name\":\"Gastrointestinal\",\"item\":\"https:\/\/cmeded.com\/es\/gastrointestinal\/\"},{\"@type\":\"ListItem\",\"position\":3,\"name\":\"Informaci\u00f3n para comprender el c\u00e1ncer de ves\u00edcula biliar\",\"item\":\"https:\/\/cmeded.com\/es\/gastrointestinal\/understanding-gallbladder-cancer\/\"},{\"@type\":\"ListItem\",\"position\":4,\"name\":\"Preguntas\"}]},{\"@type\":\"WebSite\",\"@id\":\"https:\/\/cmeded.com\/es\/#website\",\"url\":\"https:\/\/cmeded.com\/es\/\",\"name\":\"CMedEd\",\"description\":\"Recurso principal de informaci\u00f3n sobre el c\u00e1ncer\",\"potentialAction\":[{\"@type\":\"SearchAction\",\"target\":{\"@type\":\"EntryPoint\",\"urlTemplate\":\"https:\/\/cmeded.com\/es\/?s={search_term_string}\"},\"query-input\":{\"@type\":\"PropertyValueSpecification\",\"valueRequired\":true,\"valueName\":\"search_term_string\"}}],\"inLanguage\":\"es\"}]}<\/script>\n<!-- \/ Yoast SEO plugin. -->","yoast_head_json":{"title":"CMedEd | Informaci\u00f3n para comprender el c\u00e1ncer de ves\u00edcula biliar | Preguntas","description":"Preguntas para hacerle al m\u00e9dico Es importante mantener una comunicaci\u00f3n honesta y abierta con m\u00e9dicos y enfermeros. No dude en hacer preguntas, incluso","robots":{"index":"index","follow":"follow","max-snippet":"max-snippet:-1","max-image-preview":"max-image-preview:large","max-video-preview":"max-video-preview:-1"},"canonical":"https:\/\/cmeded.com\/es\/gastrointestinal\/understanding-gallbladder-cancer\/questions\/","og_locale":"es_ES","og_type":"article","og_title":"CMedEd | Informaci\u00f3n para comprender el c\u00e1ncer de ves\u00edcula biliar | Preguntas","og_description":"Preguntas para hacerle al m\u00e9dico Es importante mantener una comunicaci\u00f3n honesta y abierta con m\u00e9dicos y enfermeros. No dude en hacer preguntas, incluso","og_url":"https:\/\/cmeded.com\/es\/gastrointestinal\/understanding-gallbladder-cancer\/questions\/","og_site_name":"CMedEd","article_modified_time":"2025-05-11T19:02:51+00:00","twitter_card":"summary_large_image","twitter_misc":{"Tiempo de lectura":"1 minuto"},"schema":{"@context":"https:\/\/schema.org","@graph":[{"@type":"WebPage","@id":"https:\/\/cmeded.com\/es\/gastrointestinal\/understanding-gallbladder-cancer\/questions\/","url":"https:\/\/cmeded.com\/es\/gastrointestinal\/understanding-gallbladder-cancer\/questions\/","name":"CMedEd | Informaci\u00f3n para comprender el c\u00e1ncer de ves\u00edcula biliar | Preguntas","isPartOf":{"@id":"https:\/\/cmeded.com\/es\/#website"},"datePublished":"2014-03-21T14:11:03+00:00","dateModified":"2025-05-11T19:02:51+00:00","description":"Preguntas para hacerle al m\u00e9dico Es importante mantener una comunicaci\u00f3n honesta y abierta con m\u00e9dicos y enfermeros. No dude en hacer preguntas, incluso","breadcrumb":{"@id":"https:\/\/cmeded.com\/es\/gastrointestinal\/understanding-gallbladder-cancer\/questions\/#breadcrumb"},"inLanguage":"es","potentialAction":[{"@type":"ReadAction","target":["https:\/\/cmeded.com\/es\/gastrointestinal\/understanding-gallbladder-cancer\/questions\/"]}]},{"@type":"BreadcrumbList","@id":"https:\/\/cmeded.com\/es\/gastrointestinal\/understanding-gallbladder-cancer\/questions\/#breadcrumb","itemListElement":[{"@type":"ListItem","position":1,"name":"Home","item":"https:\/\/cmeded.com\/es\/"},{"@type":"ListItem","position":2,"name":"Gastrointestinal","item":"https:\/\/cmeded.com\/es\/gastrointestinal\/"},{"@type":"ListItem","position":3,"name":"Informaci\u00f3n para comprender el c\u00e1ncer de ves\u00edcula biliar","item":"https:\/\/cmeded.com\/es\/gastrointestinal\/understanding-gallbladder-cancer\/"},{"@type":"ListItem","position":4,"name":"Preguntas"}]},{"@type":"WebSite","@id":"https:\/\/cmeded.com\/es\/#website","url":"https:\/\/cmeded.com\/es\/","name":"CMedEd","description":"Recurso principal de informaci\u00f3n sobre el c\u00e1ncer","potentialAction":[{"@type":"SearchAction","target":{"@type":"EntryPoint","urlTemplate":"https:\/\/cmeded.com\/es\/?s={search_term_string}"},"query-input":{"@type":"PropertyValueSpecification","valueRequired":true,"valueName":"search_term_string"}}],"inLanguage":"es"}]}},"_links":{"self":[{"href":"https:\/\/cmeded.com\/es\/wp-json\/wp\/v2\/pages\/16255","targetHints":{"allow":["GET"]}}],"collection":[{"href":"https:\/\/cmeded.com\/es\/wp-json\/wp\/v2\/pages"}],"about":[{"href":"https:\/\/cmeded.com\/es\/wp-json\/wp\/v2\/types\/page"}],"author":[{"embeddable":true,"href":"https:\/\/cmeded.com\/es\/wp-json\/wp\/v2\/users\/5"}],"replies":[{"embeddable":true,"href":"https:\/\/cmeded.com\/es\/wp-json\/wp\/v2\/comments?post=16255"}],"version-history":[{"count":0,"href":"https:\/\/cmeded.com\/es\/wp-json\/wp\/v2\/pages\/16255\/revisions"}],"up":[{"embeddable":true,"href":"https:\/\/cmeded.com\/es\/wp-json\/wp\/v2\/pages\/13272"}],"wp:attachment":[{"href":"https:\/\/cmeded.com\/es\/wp-json\/wp\/v2\/media?parent=16255"}],"wp:term":[{"taxonomy":"post_tag","embeddable":true,"href":"https:\/\/cmeded.com\/es\/wp-json\/wp\/v2\/tags?post=16255"}],"curies":[{"name":"wp","href":"https:\/\/api.w.org\/{rel}","templated":true}]}}