{"id":16254,"date":"2014-03-21T09:03:46","date_gmt":"2014-03-21T14:03:46","guid":{"rendered":"http:\/\/cmeded.com\/?page_id=16254"},"modified":"2023-08-24T18:50:17","modified_gmt":"2023-08-24T23:50:17","slug":"treatment","status":"publish","type":"page","link":"https:\/\/cmeded.com\/es\/gastrointestinal\/understanding-gallbladder-cancer\/treatment\/","title":{"rendered":"Tratamiento"},"content":{"rendered":"<h4 class=\"section-title\">Tratamiento<\/h4>\n<p class=\"section-content\">Los s\u00edntomas del c\u00e1ncer de ves\u00edcula biliar dependen del tama\u00f1o y la ubicaci\u00f3n del tumor, el estadio de la enfermedad y la edad y el estado de salud general del paciente.  Los tratamientos principales para combatir el c\u00e1ncer de ves\u00edcula biliar son cirug\u00eda, radioterapia y quimioterapia.  El m\u00e9dico primero intentar\u00e1 extirpar la ves\u00edcula biliar en una cirug\u00eda.  Si no es posible realizar una cirug\u00eda (es decir, el tumor no es extirpable), quiz\u00e1s emplee otros tratamientos para controlar la enfermedad.<\/p>\n<div class=\"divider\" id=\"\">\n\t\n\t<\/div>\n<div class=\"risk-factor\">\n<div class=\"symp-pic\"><img decoding=\"async\" src=\"\/wp-content\/uploads\/2013\/02\/Surgery150.jpg\" class=\"aligncenter\" alt=\"Cirug\u00eda\" style=\"height:150px\" \/><\/div>\n<div class=\"risk-text-wrap\">\n<h5 class=\"section-title\">Cirug\u00eda<\/h5>\n<p class=\"section-content\">La cirug\u00eda es el tratamiento principal del c\u00e1ncer de ves\u00edcula biliar extirpable que el m\u00e9dico considera que puede emplearse para extirpar el c\u00e1ncer en su totalidad.  La cirug\u00eda tambi\u00e9n puede usarse como tratamiento paliativo para aliviar s\u00edntomas, dolor y complicaciones como la obstrucci\u00f3n biliar. Cuando la cirug\u00eda se lleva a cabo con el fin de curar la enfermedad, el m\u00e9dico generalmente realiza una colecistectom\u00eda extendida (radical). Durante esta intervenci\u00f3n, el m\u00e9dico extirpa la ves\u00edcula biliar, los ganglios linf\u00e1ticos cercanos y parte del h\u00edgado. A veces cuando el c\u00e1ncer de la ves\u00edcula bailar se diagnostica incidentalmente, durante la cirug\u00eda para los c\u00e1lculos biliares, una reoperaci\u00f3n puede ser necesaria para quitar cualquier c\u00e1ncer residual. El medico posible que tambi\u00e9n extraiga otro tejido cercano. El medico tambi\u00e9n puede realizar una cirug\u00eda paliativa para extirpar tumores que obstruyen la v\u00eda biliar o el intestino.<\/p>\n<\/div>\n<div class=\"clearboth\"><\/div>\n<\/div>\n<div class=\"divider\" id=\"\">\n\t\n\t<\/div>\n<div class=\"risk-factor\">\n<div class=\"symp-pic\"><img decoding=\"async\" src=\"\/wp-content\/uploads\/2013\/04\/IMRT175.png\" class=\"aligncenter\" alt=\"Radioterapia\" style=\"height:150px\" \/><\/div>\n<div class=\"risk-text-wrap\">\n<h5 class=\"section-title\">Radioterapia<\/h5>\n<p class=\"section-content\">En la radioterapia se usan rayos de gran energ\u00eda producidas por un aparato para destruir las c\u00e9lulas cancerosas. El m\u00e9dico puede prescribir radioterapia despu\u00e9s de cirug\u00eda para eliminar cualquier vestigio de c\u00e1ncer despu\u00e9s de la cirug\u00eda. La forma m\u00e1s frecuente de radiaci\u00f3n para esta enfermedad es la radiaci\u00f3n con haces externos, en la cual un aparato de gran tama\u00f1o emite radiaci\u00f3n hacia el tumor desde el exterior del cuerpo, orientada desde varios \u00e1ngulos diferentes.  La radioterapia puede emplearse para destruir toda c\u00e9lula cancerosa que pueda haber quedado despu\u00e9s de una cirug\u00eda, como tratamiento principal para el c\u00e1ncer de ves\u00edcula biliar extirpable o como tratamiento paliativo para reducir tumores y aliviar obstrucciones.<\/p>\n<\/div>\n<div class=\"clearboth\"><\/div>\n<\/div>\n<div class=\"divider\" id=\"\">\n\t\n\t<\/div>\n<div class=\"risk-factor\">\n<div class=\"symp-pic\"><div id=\"stage\" style=\"width: 177px\" class=\"wp-caption alignnone\"><a href='\/wp-content\/uploads\/2015\/12\/Chemotherapy-Female-IV-Therapy-WEB-2.jpg' title=\"Click Image to Enlarge.\"><img decoding=\"async\" aria-describedby=\"caption-stage\" src=\"\/wp-content\/uploads\/2015\/12\/Chemotherapy-Female-IV-Therapy-WEB-2-200.jpg\" class=\"aligncenter\" alt=\"Quimioterapia\" style=\"height:150px\" \/><\/a><p id=\"caption-stage\" class=\"wp-caption-text\">Click to Image Enlarge.<\/p><\/div><\/div>\n<div class=\"risk-text-wrap\">\n<h5 class=\"section-title\">Quimioterapia<\/h5>\n<p class=\"section-content\">La quimioterapia hace referencia al uso de medicamentos para tratar las c\u00e9lulas cancerosas de r\u00e1pido crecimiento y destruirlas.  Medicamentos de\u00a0quimioterapia\u00a0pueden ser administrados por medio de la vena (v\u00eda intravenosa) o por la boca (v\u00eda oral).  Se utiliza para tratar el c\u00e1ncer de ves\u00edcula biliar diseminado que no puede curarse con cirug\u00eda.  Si bien puede reducir o retrasar el desarrollo del c\u00e1ncer de ves\u00edcula biliar, no cura la enfermedad.  La quimioterapia tambi\u00e9n puede administrarse despu\u00e9s de la cirug\u00eda (junto con la radioterapia) como tratamiento adyuvante para destruir toda c\u00e9lula cancerosa que pueda haber quedado. En algunos casos, el c\u00e1ncer de ves\u00edcula biliar tambi\u00e9n se puede tratar con terapias dirigidas en estudios cl\u00ednicos. El m\u00e9dico tambi\u00e9n puede inyectar medicamentos de quimioterapia directamente en la arteria hep\u00e1tica.  La arteria hep\u00e1tica proporciona sangre y nutrientes a los tumores de la ves\u00edcula biliar, por lo cual este tipo de tratamiento administra medicamentos de quimioterapia directamente al tumor.<\/p>\n<\/div>\n<div class=\"clearboth\"><\/div>\n<\/div>\n<div class=\"divider\" id=\"\">\n\t\n\t<\/div>\n<div class=\"risk-factor\">\n<div class=\"symp-pic\"><div id=\"Caption\" style=\"width: 195px\" class=\"wp-caption aligncenter\"><a href=\"\/wp-content\/uploads\/2014\/05\/Monocional-Antibodies-01.jpg\" title=\"Click Image to Enlarge.\"><img decoding=\"async\" aria-describedby=\"caption-Caption\" src=\"\/wp-content\/uploads\/2013\/05\/Monocional-Antibodies-1751.jpg\" alt=\"Terapia Dirigida\" class=\"aligncenter\" style=\"max-height:175px\" \/><\/a><p id=\"caption-Caption\" class=\"wp-caption-text\">Click Image to Enlarge.<\/p><\/div>\n<\/div>\n<div class=\"risk-text-wrap\">\n<h5 class=\"section-title\">Terapia Dirigida<\/h5>\n<p class=\"section-content\">En algunos casos, los c\u00e1nceres de ves\u00edcula biliar se asocia con mutaciones gen\u00e9ticas que pueden ser atacadas por agentes espec\u00edficos con beneficio cl\u00ednico. La mayor\u00eda de estas terapias dirigidas est\u00e1n disponibles como ensayos cl\u00ednicos. Las terapias dirigidas o los medicamentos de precisi\u00f3n est\u00e1n elaborados para bloquear un objetivo espec\u00edfico, generalmente una prote\u00edna o un cambio gen\u00e9tico, que puede influir en el crecimiento y el desarrollo de c\u00e9lulas cancerosas.  Debido a que las terapias dirigidas atacan directamente las c\u00e9lulas cancerosas, suelen tener menos efectos secundarios que los medicamentos tradicionales, como los utilizados en quimioterapia, que atacan todas las c\u00e9lulas que se dividen r\u00e1pidamente. Los dos tipos principales de terapia dirigida son los medicamentos de mol\u00e9culas peque\u00f1as y los anticuerpos monoclonales:<\/p>\n<ul class=\"about-content\">\n<li>Los medicamentos de mol\u00e9culas peque\u00f1as pueden ingresar en las c\u00e9lulas cancerosas y localizar ciertas prote\u00ednas y enzimas involucradas en funciones celulares claves, como el crecimiento y la divisi\u00f3n.  Los medicamentos de mol\u00e9culas peque\u00f1as pueden bloquear estas sustancias y evitar que estas estimulen el crecimiento del tumor.<\/li>\n<li>Los anticuerpos monoclonales act\u00faan de manera muy similar a los anticuerpos que produce naturalmente el organismo en respuesta a infecciones y enfermedades.  Los anticuerpos monoclonales se unen a sustancias da\u00f1inas que se encuentran en el organismo, como c\u00e9lulas cancerosas, virus y bacterias, y le indican al sistema inmunitario del cuerpo que encuentre y destruya las sustancias da\u00f1inas.<\/li>\n<\/div>\n<div class=\"clearboth\"><\/div>\n<\/div>\n<div class=\"divider\" id=\"\">\n\t\n\t<\/div>\n<div class=\"risk-factor\">\n<div class=\"symp-pic\"><img decoding=\"async\" src=\"\/wp-content\/uploads\/2013\/04\/Bisphosphonates.jpg\" class=\"aligncenter\" alt=\"Tratamientos paliativos\" style=\"height:150px\" \/><\/div>\n<div class=\"risk-text-wrap\">\n<h5 class=\"section-title\">Tratamientos paliativos<\/h5>\n<p class=\"section-content\">Los m\u00e9dicos tambi\u00e9n usan tratamientos paliativos o complementarios para aliviar los s\u00edntomas que provoca el c\u00e1ncer, especialmente en estadios avanzados. Entre los procedimientos complementarios para el c\u00e1ncer de ves\u00edcula biliar, se incluyen la introducci\u00f3n de un estent en caso de que un tumor est\u00e9 obstruyendo las v\u00edas biliares, una cirug\u00eda para crear una v\u00eda alrededor de una obstrucci\u00f3n o la introducci\u00f3n de un cat\u00e9ter para drenar el exceso de bilis en caso de obstrucci\u00f3n.  Los tratamientos paliativos tambi\u00e9n pueden incluir inyecciones de alcohol y analg\u00e9sicos recetados para aliviar el dolor.<\/p>\n<\/div>\n<div class=\"clearboth\"><\/div>\n<\/div>\n<div class=\"divider\" id=\"\">\n\t\n\t<\/div>\n<div class=\"risk-factor\">\n<div class=\"symp-pic\"><img decoding=\"async\" src=\"\/wp-content\/uploads\/2013\/04\/Microscope-1651.jpg\" class=\"aligncenter\" alt=\"Estudios cl\u00ednicos\" style=\"height:150px\" \/><\/div>\n<div class=\"risk-text-wrap\">\n<h5 class=\"section-title\">Estudios cl\u00ednicos<\/h5>\n<p class=\"section-content\">Los estudios cl\u00ednicos permiten que los pacientes prueben un tratamiento nuevo antes de que est\u00e9 disponible para el p\u00fablico en general.  En algunos casos, puede tratarse de un medicamento nuevo que no se ha utilizado antes en seres humanos; o bien, puede tratarse de un medicamento o una combinaci\u00f3n de medicamentos que no se utilizan actualmente para un tipo espec\u00edfico de c\u00e1ncer.  En general, los estudios cl\u00ednicos en fase temprana se utilizan para probar los efectos secundarios de un medicamento o una combinaci\u00f3n de medicamentos; mientras que los estudios cl\u00ednicos en fase posterior se utilizan para determinar la eficacia de un tratamiento nuevo para un determinado tipo de c\u00e1ncer.  Los estudios cl\u00ednicos permiten a m\u00e9dicos e investigadores mejorar el tratamiento de los tipos de c\u00e1ncer con terapias posiblemente m\u00e1s efectivas.  Un estudio cl\u00ednico puede dar lugar a un medicamento nuevo e innovador; o bien, puede no tener efecto alguno.  Es importante que hable con el m\u00e9dico acerca de las ventajas y desventajas de los estudios cl\u00ednicos para su situaci\u00f3n en particular.<\/p>\n<p class=\"section-content\">La inmunoterapia es el uso de medicamentos para ayudar al sistema inmunol\u00f3gico de una persona a reconocer y destruir mejor las c\u00e9lulas cancerosas.Muchos de estos medicamentos se est\u00e1n probando en ensayos cl\u00ednicos para ver si podr\u00edan ayudar a tratar el c\u00e1ncer de ves\u00edcula biliar.<\/p>\n<\/div>\n<div class=\"clearboth\"><\/div>\n<\/div>\n","protected":false},"excerpt":{"rendered":"<p>Tratamiento Los s\u00edntomas del c\u00e1ncer de ves\u00edcula biliar dependen del tama\u00f1o y la ubicaci\u00f3n del tumor, el estadio de la enfermedad y la edad y el estado de salud general del paciente. Los tratamientos principales para combatir el c\u00e1ncer de ves\u00edcula biliar son cirug\u00eda, radioterapia y quimioterapia. El m\u00e9dico primero intentar\u00e1 extirpar la ves\u00edcula biliar [&hellip;]<\/p>\n","protected":false},"author":5,"featured_media":0,"parent":13272,"menu_order":6,"comment_status":"closed","ping_status":"open","template":"template-tumor.php","meta":{"footnotes":""},"tags":[10],"class_list":["post-16254","page","type-page","status-publish","hentry","tag-members-only"],"yoast_head":"<!-- This site is optimized with the Yoast SEO plugin v25.0 - https:\/\/yoast.com\/wordpress\/plugins\/seo\/ -->\n<title>CMedEd | Informaci\u00f3n para comprender el c\u00e1ncer de ves\u00edcula biliar | Tratamiento<\/title>\n<meta name=\"description\" content=\"Tratamiento Los s\u00edntomas del c\u00e1ncer de ves\u00edcula biliar dependen del tama\u00f1o y la ubicaci\u00f3n del tumor, el estadio de la enfermedad y la edad y el estado de\" \/>\n<meta name=\"robots\" content=\"index, follow, max-snippet:-1, max-image-preview:large, max-video-preview:-1\" \/>\n<link rel=\"canonical\" href=\"https:\/\/cmeded.com\/es\/gastrointestinal\/understanding-gallbladder-cancer\/treatment\/\" \/>\n<meta property=\"og:locale\" content=\"es_ES\" \/>\n<meta property=\"og:type\" content=\"article\" \/>\n<meta property=\"og:title\" content=\"CMedEd | Informaci\u00f3n para comprender el c\u00e1ncer de ves\u00edcula biliar | Tratamiento\" \/>\n<meta property=\"og:description\" content=\"Tratamiento Los s\u00edntomas del c\u00e1ncer de ves\u00edcula biliar dependen del tama\u00f1o y la ubicaci\u00f3n del tumor, el estadio de la enfermedad y la edad y el estado de\" \/>\n<meta property=\"og:url\" content=\"https:\/\/cmeded.com\/es\/gastrointestinal\/understanding-gallbladder-cancer\/treatment\/\" \/>\n<meta property=\"og:site_name\" content=\"CMedEd\" \/>\n<meta property=\"article:modified_time\" content=\"2023-08-24T23:50:17+00:00\" \/>\n<meta name=\"twitter:card\" content=\"summary_large_image\" \/>\n<meta name=\"twitter:label1\" content=\"Tiempo de lectura\" \/>\n\t<meta name=\"twitter:data1\" content=\"6 minutos\" \/>\n<script type=\"application\/ld+json\" class=\"yoast-schema-graph\">{\"@context\":\"https:\/\/schema.org\",\"@graph\":[{\"@type\":\"WebPage\",\"@id\":\"https:\/\/cmeded.com\/es\/gastrointestinal\/understanding-gallbladder-cancer\/treatment\/\",\"url\":\"https:\/\/cmeded.com\/es\/gastrointestinal\/understanding-gallbladder-cancer\/treatment\/\",\"name\":\"CMedEd | Informaci\u00f3n para comprender el c\u00e1ncer de ves\u00edcula biliar | Tratamiento\",\"isPartOf\":{\"@id\":\"https:\/\/cmeded.com\/es\/#website\"},\"datePublished\":\"2014-03-21T14:03:46+00:00\",\"dateModified\":\"2023-08-24T23:50:17+00:00\",\"description\":\"Tratamiento Los s\u00edntomas del c\u00e1ncer de ves\u00edcula biliar dependen del tama\u00f1o y la ubicaci\u00f3n del tumor, el estadio de la enfermedad y la edad y el estado de\",\"breadcrumb\":{\"@id\":\"https:\/\/cmeded.com\/es\/gastrointestinal\/understanding-gallbladder-cancer\/treatment\/#breadcrumb\"},\"inLanguage\":\"es\",\"potentialAction\":[{\"@type\":\"ReadAction\",\"target\":[\"https:\/\/cmeded.com\/es\/gastrointestinal\/understanding-gallbladder-cancer\/treatment\/\"]}]},{\"@type\":\"BreadcrumbList\",\"@id\":\"https:\/\/cmeded.com\/es\/gastrointestinal\/understanding-gallbladder-cancer\/treatment\/#breadcrumb\",\"itemListElement\":[{\"@type\":\"ListItem\",\"position\":1,\"name\":\"Home\",\"item\":\"https:\/\/cmeded.com\/es\/\"},{\"@type\":\"ListItem\",\"position\":2,\"name\":\"Gastrointestinal\",\"item\":\"https:\/\/cmeded.com\/es\/gastrointestinal\/\"},{\"@type\":\"ListItem\",\"position\":3,\"name\":\"Informaci\u00f3n para comprender el c\u00e1ncer de ves\u00edcula biliar\",\"item\":\"https:\/\/cmeded.com\/es\/gastrointestinal\/understanding-gallbladder-cancer\/\"},{\"@type\":\"ListItem\",\"position\":4,\"name\":\"Tratamiento\"}]},{\"@type\":\"WebSite\",\"@id\":\"https:\/\/cmeded.com\/es\/#website\",\"url\":\"https:\/\/cmeded.com\/es\/\",\"name\":\"CMedEd\",\"description\":\"Recurso principal de informaci\u00f3n sobre el c\u00e1ncer\",\"potentialAction\":[{\"@type\":\"SearchAction\",\"target\":{\"@type\":\"EntryPoint\",\"urlTemplate\":\"https:\/\/cmeded.com\/es\/?s={search_term_string}\"},\"query-input\":{\"@type\":\"PropertyValueSpecification\",\"valueRequired\":true,\"valueName\":\"search_term_string\"}}],\"inLanguage\":\"es\"}]}<\/script>\n<!-- \/ Yoast SEO plugin. -->","yoast_head_json":{"title":"CMedEd | Informaci\u00f3n para comprender el c\u00e1ncer de ves\u00edcula biliar | Tratamiento","description":"Tratamiento Los s\u00edntomas del c\u00e1ncer de ves\u00edcula biliar dependen del tama\u00f1o y la ubicaci\u00f3n del tumor, el estadio de la enfermedad y la edad y el estado de","robots":{"index":"index","follow":"follow","max-snippet":"max-snippet:-1","max-image-preview":"max-image-preview:large","max-video-preview":"max-video-preview:-1"},"canonical":"https:\/\/cmeded.com\/es\/gastrointestinal\/understanding-gallbladder-cancer\/treatment\/","og_locale":"es_ES","og_type":"article","og_title":"CMedEd | Informaci\u00f3n para comprender el c\u00e1ncer de ves\u00edcula biliar | Tratamiento","og_description":"Tratamiento Los s\u00edntomas del c\u00e1ncer de ves\u00edcula biliar dependen del tama\u00f1o y la ubicaci\u00f3n del tumor, el estadio de la enfermedad y la edad y el estado de","og_url":"https:\/\/cmeded.com\/es\/gastrointestinal\/understanding-gallbladder-cancer\/treatment\/","og_site_name":"CMedEd","article_modified_time":"2023-08-24T23:50:17+00:00","twitter_card":"summary_large_image","twitter_misc":{"Tiempo de lectura":"6 minutos"},"schema":{"@context":"https:\/\/schema.org","@graph":[{"@type":"WebPage","@id":"https:\/\/cmeded.com\/es\/gastrointestinal\/understanding-gallbladder-cancer\/treatment\/","url":"https:\/\/cmeded.com\/es\/gastrointestinal\/understanding-gallbladder-cancer\/treatment\/","name":"CMedEd | Informaci\u00f3n para comprender el c\u00e1ncer de ves\u00edcula biliar | Tratamiento","isPartOf":{"@id":"https:\/\/cmeded.com\/es\/#website"},"datePublished":"2014-03-21T14:03:46+00:00","dateModified":"2023-08-24T23:50:17+00:00","description":"Tratamiento Los s\u00edntomas del c\u00e1ncer de ves\u00edcula biliar dependen del tama\u00f1o y la ubicaci\u00f3n del tumor, el estadio de la enfermedad y la edad y el estado de","breadcrumb":{"@id":"https:\/\/cmeded.com\/es\/gastrointestinal\/understanding-gallbladder-cancer\/treatment\/#breadcrumb"},"inLanguage":"es","potentialAction":[{"@type":"ReadAction","target":["https:\/\/cmeded.com\/es\/gastrointestinal\/understanding-gallbladder-cancer\/treatment\/"]}]},{"@type":"BreadcrumbList","@id":"https:\/\/cmeded.com\/es\/gastrointestinal\/understanding-gallbladder-cancer\/treatment\/#breadcrumb","itemListElement":[{"@type":"ListItem","position":1,"name":"Home","item":"https:\/\/cmeded.com\/es\/"},{"@type":"ListItem","position":2,"name":"Gastrointestinal","item":"https:\/\/cmeded.com\/es\/gastrointestinal\/"},{"@type":"ListItem","position":3,"name":"Informaci\u00f3n para comprender el c\u00e1ncer de ves\u00edcula biliar","item":"https:\/\/cmeded.com\/es\/gastrointestinal\/understanding-gallbladder-cancer\/"},{"@type":"ListItem","position":4,"name":"Tratamiento"}]},{"@type":"WebSite","@id":"https:\/\/cmeded.com\/es\/#website","url":"https:\/\/cmeded.com\/es\/","name":"CMedEd","description":"Recurso principal de informaci\u00f3n sobre el c\u00e1ncer","potentialAction":[{"@type":"SearchAction","target":{"@type":"EntryPoint","urlTemplate":"https:\/\/cmeded.com\/es\/?s={search_term_string}"},"query-input":{"@type":"PropertyValueSpecification","valueRequired":true,"valueName":"search_term_string"}}],"inLanguage":"es"}]}},"_links":{"self":[{"href":"https:\/\/cmeded.com\/es\/wp-json\/wp\/v2\/pages\/16254","targetHints":{"allow":["GET"]}}],"collection":[{"href":"https:\/\/cmeded.com\/es\/wp-json\/wp\/v2\/pages"}],"about":[{"href":"https:\/\/cmeded.com\/es\/wp-json\/wp\/v2\/types\/page"}],"author":[{"embeddable":true,"href":"https:\/\/cmeded.com\/es\/wp-json\/wp\/v2\/users\/5"}],"replies":[{"embeddable":true,"href":"https:\/\/cmeded.com\/es\/wp-json\/wp\/v2\/comments?post=16254"}],"version-history":[{"count":0,"href":"https:\/\/cmeded.com\/es\/wp-json\/wp\/v2\/pages\/16254\/revisions"}],"up":[{"embeddable":true,"href":"https:\/\/cmeded.com\/es\/wp-json\/wp\/v2\/pages\/13272"}],"wp:attachment":[{"href":"https:\/\/cmeded.com\/es\/wp-json\/wp\/v2\/media?parent=16254"}],"wp:term":[{"taxonomy":"post_tag","embeddable":true,"href":"https:\/\/cmeded.com\/es\/wp-json\/wp\/v2\/tags?post=16254"}],"curies":[{"name":"wp","href":"https:\/\/api.w.org\/{rel}","templated":true}]}}