{"id":16252,"date":"2014-03-20T13:06:52","date_gmt":"2014-03-20T18:06:52","guid":{"rendered":"http:\/\/cmeded.com\/?page_id=16252"},"modified":"2023-08-24T18:50:17","modified_gmt":"2023-08-24T23:50:17","slug":"staging","status":"publish","type":"page","link":"https:\/\/cmeded.com\/es\/gastrointestinal\/understanding-gallbladder-cancer\/staging\/","title":{"rendered":"Estadificaci\u00f3n"},"content":{"rendered":"<h4 class=\"section-title\">Estadificaci\u00f3n<\/h4>\n<p class=\"section-content\">La estadificaci\u00f3n es un proceso que le indica al m\u00e9dico si el c\u00e1ncer se ha diseminado y, en caso de que as\u00ed sea, en qu\u00e9 medida.  A continuaci\u00f3n, se mencionan los estadios del c\u00e1ncer de ves\u00edcula biliar y los tratamientos m\u00e1s frecuentes que se ofrecen para cada uno de ellos:<\/p>\n<div class=\"clapat-tabs\" id=\"\"><div class=\"tabs-bg\"><\/div><ul class=\"staging-tab-menu\"><li><a href=\"#tabs-410\"><br \/>\nEstadio 0<\/a><\/li>\n<li><a href=\"#tabs-411\"><br \/>\nEstadio I<\/a><\/li>\n<li><a href=\"#tabs-412\"><br \/>\nEstadio II<\/a><\/li>\n<li><a href=\"#tabs-413\"><br \/>\nEstadio IIIa<\/a><\/li>\n<li><a href=\"#tabs-414\"><br \/>\nEstadio IIIb<\/a><\/li>\n<li><a href=\"#tabs-415\"><br \/>\nEstadio IVa<\/a><\/li>\n<li><a href=\"#tabs-416\"><br \/>\nEstadio IVb<\/a><\/li><\/ul><div class=\"list-wrap\"><div id=\"tabs-410\"><\/p>\n<h4 class=\"section-title hidden-title\">Estadio 0<\/h4>\n<p><div id=\"stage\" style=\"width: 268px\" class=\"wp-caption alignnone\"><a href=\"\/wp-content\/uploads\/sites\/4\/2015\/07\/Gallbladder-stage0-es.jpg\" title=\"Click Image to Enlarge.\"><img decoding=\"async\" aria-describedby=\"caption-stage\" src=\"\/wp-content\/uploads\/sites\/4\/2015\/07\/Gallbladder-stage0-es.jpg\" alt=\"Estadio 0\" class=\"aligncenter\" style=\"max-width:350px\" \/><\/a><p id=\"caption-stage\" class=\"wp-caption-text\">Click Image to Enlarge.<\/p><\/div><\/p>\n<h5 class=\"section-title\">Descripci\u00f3n<\/h5>\n<ul>\n<li class=\"section-content\">Carcinoma localizado. Se encuentran c\u00e9lulas an\u00f3malas en la capa interna de la ves\u00edcula biliar, generalmente despu\u00e9s de realizar una colecistectom\u00eda de rutina.<\/li>\n<\/ul>\n<h5 class=\"section-title\">Tratamiento<\/h5>\n<ul>\n<li class=\"section-content\">Cirug\u00eda para extirpar la ves\u00edcula biliar.<\/li>\n<\/ul>\n<hr class=\"hidden-title\" \/>\n<\/div>\n<div id=\"tabs-411\"><\/p>\n<h4 class=\"section-title hidden-title\">Estadio I<\/h4>\n<p><div id=\"stage\" style=\"width: 269px\" class=\"wp-caption alignnone\"><a href=\"\/wp-content\/uploads\/sites\/4\/2015\/07\/Gallbladder-stage1-es.jpg\" title=\"Click Image to Enlarge.\"><img decoding=\"async\" aria-describedby=\"caption-stage\" src=\"\/wp-content\/uploads\/sites\/4\/2015\/07\/Gallbladder-stage1-es.jpg\" alt=\"Estadio I\" class=\"aligncenter\" style=\"max-width:350px\" \/><\/a><p id=\"caption-stage\" class=\"wp-caption-text\">Click Image to Enlarge.<\/p><\/div><\/p>\n<h5 class=\"section-title\">Descripci\u00f3n<\/h5>\n<ul>\n<li class=\"section-content\">El c\u00e1ncer se ha diseminado fuera de la capa interna hacia la capa muscular media.<\/li>\n<\/ul>\n<h5 class=\"section-title\">Tratamiento<\/h5>\n<ul>\n<li class=\"section-content\">Cirug\u00eda para extirpar la ves\u00edcula biliar con o sin tejido circundante, a veces seguida de radioterapia o quimiorradiaci\u00f3n.<\/li>\n<\/ul>\n<hr class=\"hidden-title\" \/>\n<\/div>\n<div id=\"tabs-412\"><\/p>\n<h4 class=\"section-title hidden-title\">Estadio II<\/h4>\n<p><div id=\"stage\" style=\"width: 272px\" class=\"wp-caption alignnone\"><a href=\"\/wp-content\/uploads\/sites\/4\/2015\/07\/Gallbladder-stage2-es.jpg\" title=\"Click Image to Enlarge.\"><img decoding=\"async\" aria-describedby=\"caption-stage\" src=\"\/wp-content\/uploads\/sites\/4\/2015\/07\/Gallbladder-stage2-es.jpg\" alt=\"Estadio 2\" class=\"aligncenter\" style=\"max-width:350px\" \/><\/a><p id=\"caption-stage\" class=\"wp-caption-text\">Click Image to Enlarge.<\/p><\/div><\/p>\n<h5 class=\"section-title\">Descripci\u00f3n<\/h5>\n<ul>\n<li class=\"section-content\">El c\u00e1ncer se ha diseminado fuera de la capa muscular media hacia la capa externa, pero no se extiende m\u00e1s all\u00e1 de esta.<\/li>\n<\/ul>\n<h5 class=\"section-title\">Tratamiento<\/h5>\n<ul>\n<li class=\"section-content\">Cirug\u00eda seguida de quimiorradiaci\u00f3n, cirug\u00eda o radiaci\u00f3n sola, y estudios cl\u00ednicos.<\/li>\n<\/ul>\n<hr class=\"hidden-title\" \/>\n<\/div>\n<div id=\"tabs-413\"><\/p>\n<h4 class=\"section-title hidden-title\">Estadio IIIa<\/h4>\n<p><div id=\"stage\" style=\"width: 234px\" class=\"wp-caption alignnone\"><a href=\"\/wp-content\/uploads\/sites\/4\/2015\/07\/Gallbladder-stage3A-es.jpg\" title=\"Click Image to Enlarge.\"><img decoding=\"async\" aria-describedby=\"caption-stage\" src=\"\/wp-content\/uploads\/sites\/4\/2015\/07\/Gallbladder-stage3A-es.jpg\" alt=\"Estadio 3a\" class=\"aligncenter\" style=\"max-width:350px\" \/><\/a><p id=\"caption-stage\" class=\"wp-caption-text\">Click Image to Enlarge.<\/p><\/div><\/p>\n<h5 class=\"section-title\">Descripci\u00f3n<\/h5>\n<ul>\n<li class=\"section-content\">El c\u00e1ncer se ha desarrollado a trav\u00e9s de la capa externa y es posible que haya invadido el h\u00edgado u otras estructuras cercanas.<\/li>\n<\/ul>\n<h5 class=\"section-title\">Tratamiento<\/h5>\n<ul>\n<li class=\"section-content\">Quimioterapia, quimiorradiaci\u00f3n, cirug\u00eda, terapia paliativa, y estudios cl\u00ednicos.<\/li>\n<\/ul>\n<hr class=\"hidden-title\" \/>\n<\/div>\n<div id=\"tabs-414\"><\/p>\n<h4 class=\"section-title hidden-title\">Estadio IIIb<\/h4>\n<p><div id=\"stage\" style=\"width: 232px\" class=\"wp-caption alignnone\"><a href=\"\/wp-content\/uploads\/sites\/4\/2015\/07\/Gallbladder-stage3B-es.jpg\" title=\"Click Image to Enlarge.\"><img decoding=\"async\" aria-describedby=\"caption-stage\" src=\"\/wp-content\/uploads\/sites\/4\/2015\/07\/Gallbladder-stage3B-es.jpg\" alt=\"Estadio 3b\" class=\"aligncenter\" style=\"max-width:350px\" \/><\/a><p id=\"caption-stage\" class=\"wp-caption-text\">Click Image to Enlarge.<\/p><\/div><\/p>\n<h5 class=\"section-title\">Descripci\u00f3n<\/h5>\n<ul>\n<li class=\"section-content\">El c\u00e1ncer se encuentra en los ganglios linf\u00e1ticos cercanos. El tumor puede encontrarse en la capa interna, media o externa de la ves\u00edcula biliar.<\/li>\n<\/ul>\n<h5 class=\"section-title\">Tratamiento<\/h5>\n<ul>\n<li class=\"section-content\">Quimioterapia, radiaci\u00f3n, cirug\u00eda, y atenci\u00f3n paliativa.<\/li>\n<\/ul>\n<hr class=\"hidden-title\" \/>\n<\/div>\n<div id=\"tabs-415\"><\/p>\n<h4 class=\"section-title hidden-title\">Estadio IVa<\/h4>\n<p><div id=\"stage\" style=\"width: 226px\" class=\"wp-caption alignnone\"><a href=\"\/wp-content\/uploads\/sites\/4\/2015\/07\/Gallbladder-stage4A-es.jpg\" title=\"Click Image to Enlarge.\"><img decoding=\"async\" aria-describedby=\"caption-stage\" src=\"\/wp-content\/uploads\/sites\/4\/2015\/07\/Gallbladder-stage4A-es.jpg\" alt=\"Estadio 4a\" class=\"aligncenter\" style=\"max-width:350px\" \/><\/a><p id=\"caption-stage\" class=\"wp-caption-text\">Click Image to Enlarge.<\/p><\/div><\/p>\n<h5 class=\"section-title\">Descripci\u00f3n<\/h5>\n<ul>\n<li class=\"section-content\">El c\u00e1ncer ha invadido los vasos sangu\u00edneos principales del h\u00edgado (vena porta o arteria hep\u00e1tica).<\/li>\n<li class=\"section-content\" style=\"list-style-type:none\">O<\/li>\n<li class=\"section-content\">El c\u00e1ncer se ha diseminado hacia dos estructuras u \u00f3rganos cercanos o m\u00e1s, adem\u00e1s del h\u00edgado.<\/li>\n<\/ul>\n<h5 class=\"section-title\">Tratamiento<\/h5>\n<ul>\n<li class=\"section-content\">Quimioterapia, radiaci\u00f3n, atenci\u00f3n paliativa y estudios cl\u00ednicos.<\/li>\n<\/ul>\n<hr class=\"hidden-title\" \/>\n<\/div>\n<div id=\"tabs-416\"><\/p>\n<h4 class=\"section-title hidden-title\">Estadio IVb<\/h4>\n<p><div id=\"stage\" style=\"width: 226px\" class=\"wp-caption alignnone\"><a href=\"\/wp-content\/uploads\/sites\/4\/2015\/07\/Gallbladder-stage4B-es.jpg\" title=\"Click Image to Enlarge.\"><img decoding=\"async\" aria-describedby=\"caption-stage\" src=\"\/wp-content\/uploads\/sites\/4\/2015\/07\/Gallbladder-stage4B-es.jpg\" alt=\"Stage 4b\" class=\"aligncenter\" style=\"max-width:350px\" \/><\/a><p id=\"caption-stage\" class=\"wp-caption-text\">Click Image to Enlarge.<\/p><\/div><\/p>\n<h5 class=\"section-title\">Descripci\u00f3n<\/h5>\n<ul>\n<li class=\"section-content\">El c\u00e1ncer se ha diseminado a \u00f3rganos distantes. Puede o no haberse diseminado a ganglios linf\u00e1ticos o haber atravesado por completo la ves\u00edcula biliar.<\/li>\n<li class=\"section-content\" style=\"list-style-type:none\">O<\/li>\n<li class=\"section-content\">El c\u00e1ncer se ha diseminado a ganglios linf\u00e1ticos distantes, pero no a \u00f3rganos distantes.  Puede o no haber atravesado la ves\u00edcula biliar.<\/li>\n<\/ul>\n<h5 class=\"section-title\">Tratamiento<\/h5>\n<ul>\n<li class=\"section-content\">Quimioterapia, atenci\u00f3n paliativa y estudios cl\u00ednicos.<\/li>\n<\/ul>\n<hr class=\"hidden-title\" \/>\n<\/div><\/div><\/div>\n<div class=\"clearboth\"><\/div>\n<div class=\"space\" style=\"clear:both; height:25px;\"><\/div>\n","protected":false},"excerpt":{"rendered":"<p>Estadificaci\u00f3n La estadificaci\u00f3n es un proceso que le indica al m\u00e9dico si el c\u00e1ncer se ha diseminado y, en caso de que as\u00ed sea, en qu\u00e9 medida. A continuaci\u00f3n, se mencionan los estadios del c\u00e1ncer de ves\u00edcula biliar y los tratamientos m\u00e1s frecuentes que se ofrecen para cada uno de ellos:<\/p>\n","protected":false},"author":5,"featured_media":0,"parent":13272,"menu_order":5,"comment_status":"closed","ping_status":"open","template":"template-tumor.php","meta":{"footnotes":""},"tags":[10],"class_list":["post-16252","page","type-page","status-publish","hentry","tag-members-only"],"yoast_head":"<!-- This site is optimized with the Yoast SEO plugin v25.0 - https:\/\/yoast.com\/wordpress\/plugins\/seo\/ -->\n<title>CMedEd | Informaci\u00f3n para comprender el c\u00e1ncer de ves\u00edcula biliar | Estadificaci\u00f3n<\/title>\n<meta name=\"description\" content=\"Estadificaci\u00f3n La estadificaci\u00f3n es un proceso que le indica al m\u00e9dico si el c\u00e1ncer se ha diseminado y, en caso de que as\u00ed sea, en qu\u00e9 medida. A\" \/>\n<meta name=\"robots\" content=\"index, follow, max-snippet:-1, max-image-preview:large, max-video-preview:-1\" \/>\n<link rel=\"canonical\" href=\"https:\/\/cmeded.com\/es\/gastrointestinal\/understanding-gallbladder-cancer\/staging\/\" \/>\n<meta property=\"og:locale\" content=\"es_ES\" \/>\n<meta property=\"og:type\" content=\"article\" \/>\n<meta property=\"og:title\" content=\"CMedEd | Informaci\u00f3n para comprender el c\u00e1ncer de ves\u00edcula biliar | Estadificaci\u00f3n\" \/>\n<meta property=\"og:description\" content=\"Estadificaci\u00f3n La estadificaci\u00f3n es un proceso que le indica al m\u00e9dico si el c\u00e1ncer se ha diseminado y, en caso de que as\u00ed sea, en qu\u00e9 medida. A\" \/>\n<meta property=\"og:url\" content=\"https:\/\/cmeded.com\/es\/gastrointestinal\/understanding-gallbladder-cancer\/staging\/\" \/>\n<meta property=\"og:site_name\" content=\"CMedEd\" \/>\n<meta property=\"article:modified_time\" content=\"2023-08-24T23:50:17+00:00\" \/>\n<meta name=\"twitter:card\" content=\"summary_large_image\" \/>\n<meta name=\"twitter:label1\" content=\"Tiempo de lectura\" \/>\n\t<meta name=\"twitter:data1\" content=\"2 minutos\" \/>\n<script type=\"application\/ld+json\" class=\"yoast-schema-graph\">{\"@context\":\"https:\/\/schema.org\",\"@graph\":[{\"@type\":\"WebPage\",\"@id\":\"https:\/\/cmeded.com\/es\/gastrointestinal\/understanding-gallbladder-cancer\/staging\/\",\"url\":\"https:\/\/cmeded.com\/es\/gastrointestinal\/understanding-gallbladder-cancer\/staging\/\",\"name\":\"CMedEd | Informaci\u00f3n para comprender el c\u00e1ncer de ves\u00edcula biliar | Estadificaci\u00f3n\",\"isPartOf\":{\"@id\":\"https:\/\/cmeded.com\/es\/#website\"},\"datePublished\":\"2014-03-20T18:06:52+00:00\",\"dateModified\":\"2023-08-24T23:50:17+00:00\",\"description\":\"Estadificaci\u00f3n La estadificaci\u00f3n es un proceso que le indica al m\u00e9dico si el c\u00e1ncer se ha diseminado y, en caso de que as\u00ed sea, en qu\u00e9 medida. A\",\"breadcrumb\":{\"@id\":\"https:\/\/cmeded.com\/es\/gastrointestinal\/understanding-gallbladder-cancer\/staging\/#breadcrumb\"},\"inLanguage\":\"es\",\"potentialAction\":[{\"@type\":\"ReadAction\",\"target\":[\"https:\/\/cmeded.com\/es\/gastrointestinal\/understanding-gallbladder-cancer\/staging\/\"]}]},{\"@type\":\"BreadcrumbList\",\"@id\":\"https:\/\/cmeded.com\/es\/gastrointestinal\/understanding-gallbladder-cancer\/staging\/#breadcrumb\",\"itemListElement\":[{\"@type\":\"ListItem\",\"position\":1,\"name\":\"Home\",\"item\":\"https:\/\/cmeded.com\/es\/\"},{\"@type\":\"ListItem\",\"position\":2,\"name\":\"Gastrointestinal\",\"item\":\"https:\/\/cmeded.com\/es\/gastrointestinal\/\"},{\"@type\":\"ListItem\",\"position\":3,\"name\":\"Informaci\u00f3n para comprender el c\u00e1ncer de ves\u00edcula biliar\",\"item\":\"https:\/\/cmeded.com\/es\/gastrointestinal\/understanding-gallbladder-cancer\/\"},{\"@type\":\"ListItem\",\"position\":4,\"name\":\"Estadificaci\u00f3n\"}]},{\"@type\":\"WebSite\",\"@id\":\"https:\/\/cmeded.com\/es\/#website\",\"url\":\"https:\/\/cmeded.com\/es\/\",\"name\":\"CMedEd\",\"description\":\"Recurso principal de informaci\u00f3n sobre el c\u00e1ncer\",\"potentialAction\":[{\"@type\":\"SearchAction\",\"target\":{\"@type\":\"EntryPoint\",\"urlTemplate\":\"https:\/\/cmeded.com\/es\/?s={search_term_string}\"},\"query-input\":{\"@type\":\"PropertyValueSpecification\",\"valueRequired\":true,\"valueName\":\"search_term_string\"}}],\"inLanguage\":\"es\"}]}<\/script>\n<!-- \/ Yoast SEO plugin. -->","yoast_head_json":{"title":"CMedEd | Informaci\u00f3n para comprender el c\u00e1ncer de ves\u00edcula biliar | Estadificaci\u00f3n","description":"Estadificaci\u00f3n La estadificaci\u00f3n es un proceso que le indica al m\u00e9dico si el c\u00e1ncer se ha diseminado y, en caso de que as\u00ed sea, en qu\u00e9 medida. A","robots":{"index":"index","follow":"follow","max-snippet":"max-snippet:-1","max-image-preview":"max-image-preview:large","max-video-preview":"max-video-preview:-1"},"canonical":"https:\/\/cmeded.com\/es\/gastrointestinal\/understanding-gallbladder-cancer\/staging\/","og_locale":"es_ES","og_type":"article","og_title":"CMedEd | Informaci\u00f3n para comprender el c\u00e1ncer de ves\u00edcula biliar | Estadificaci\u00f3n","og_description":"Estadificaci\u00f3n La estadificaci\u00f3n es un proceso que le indica al m\u00e9dico si el c\u00e1ncer se ha diseminado y, en caso de que as\u00ed sea, en qu\u00e9 medida. A","og_url":"https:\/\/cmeded.com\/es\/gastrointestinal\/understanding-gallbladder-cancer\/staging\/","og_site_name":"CMedEd","article_modified_time":"2023-08-24T23:50:17+00:00","twitter_card":"summary_large_image","twitter_misc":{"Tiempo de lectura":"2 minutos"},"schema":{"@context":"https:\/\/schema.org","@graph":[{"@type":"WebPage","@id":"https:\/\/cmeded.com\/es\/gastrointestinal\/understanding-gallbladder-cancer\/staging\/","url":"https:\/\/cmeded.com\/es\/gastrointestinal\/understanding-gallbladder-cancer\/staging\/","name":"CMedEd | Informaci\u00f3n para comprender el c\u00e1ncer de ves\u00edcula biliar | Estadificaci\u00f3n","isPartOf":{"@id":"https:\/\/cmeded.com\/es\/#website"},"datePublished":"2014-03-20T18:06:52+00:00","dateModified":"2023-08-24T23:50:17+00:00","description":"Estadificaci\u00f3n La estadificaci\u00f3n es un proceso que le indica al m\u00e9dico si el c\u00e1ncer se ha diseminado y, en caso de que as\u00ed sea, en qu\u00e9 medida. A","breadcrumb":{"@id":"https:\/\/cmeded.com\/es\/gastrointestinal\/understanding-gallbladder-cancer\/staging\/#breadcrumb"},"inLanguage":"es","potentialAction":[{"@type":"ReadAction","target":["https:\/\/cmeded.com\/es\/gastrointestinal\/understanding-gallbladder-cancer\/staging\/"]}]},{"@type":"BreadcrumbList","@id":"https:\/\/cmeded.com\/es\/gastrointestinal\/understanding-gallbladder-cancer\/staging\/#breadcrumb","itemListElement":[{"@type":"ListItem","position":1,"name":"Home","item":"https:\/\/cmeded.com\/es\/"},{"@type":"ListItem","position":2,"name":"Gastrointestinal","item":"https:\/\/cmeded.com\/es\/gastrointestinal\/"},{"@type":"ListItem","position":3,"name":"Informaci\u00f3n para comprender el c\u00e1ncer de ves\u00edcula biliar","item":"https:\/\/cmeded.com\/es\/gastrointestinal\/understanding-gallbladder-cancer\/"},{"@type":"ListItem","position":4,"name":"Estadificaci\u00f3n"}]},{"@type":"WebSite","@id":"https:\/\/cmeded.com\/es\/#website","url":"https:\/\/cmeded.com\/es\/","name":"CMedEd","description":"Recurso principal de informaci\u00f3n sobre el c\u00e1ncer","potentialAction":[{"@type":"SearchAction","target":{"@type":"EntryPoint","urlTemplate":"https:\/\/cmeded.com\/es\/?s={search_term_string}"},"query-input":{"@type":"PropertyValueSpecification","valueRequired":true,"valueName":"search_term_string"}}],"inLanguage":"es"}]}},"_links":{"self":[{"href":"https:\/\/cmeded.com\/es\/wp-json\/wp\/v2\/pages\/16252","targetHints":{"allow":["GET"]}}],"collection":[{"href":"https:\/\/cmeded.com\/es\/wp-json\/wp\/v2\/pages"}],"about":[{"href":"https:\/\/cmeded.com\/es\/wp-json\/wp\/v2\/types\/page"}],"author":[{"embeddable":true,"href":"https:\/\/cmeded.com\/es\/wp-json\/wp\/v2\/users\/5"}],"replies":[{"embeddable":true,"href":"https:\/\/cmeded.com\/es\/wp-json\/wp\/v2\/comments?post=16252"}],"version-history":[{"count":0,"href":"https:\/\/cmeded.com\/es\/wp-json\/wp\/v2\/pages\/16252\/revisions"}],"up":[{"embeddable":true,"href":"https:\/\/cmeded.com\/es\/wp-json\/wp\/v2\/pages\/13272"}],"wp:attachment":[{"href":"https:\/\/cmeded.com\/es\/wp-json\/wp\/v2\/media?parent=16252"}],"wp:term":[{"taxonomy":"post_tag","embeddable":true,"href":"https:\/\/cmeded.com\/es\/wp-json\/wp\/v2\/tags?post=16252"}],"curies":[{"name":"wp","href":"https:\/\/api.w.org\/{rel}","templated":true}]}}