{"id":16247,"date":"2014-03-20T12:14:55","date_gmt":"2014-03-20T17:14:55","guid":{"rendered":"http:\/\/cmeded.com\/?page_id=16247"},"modified":"2023-08-24T18:50:17","modified_gmt":"2023-08-24T23:50:17","slug":"overview","status":"publish","type":"page","link":"https:\/\/cmeded.com\/es\/gastrointestinal\/understanding-gallbladder-cancer\/overview\/","title":{"rendered":"Generalidades"},"content":{"rendered":"<h4 class=\"section-title\">\u00bfQu\u00e9 es el c\u00e1ncer de ves\u00edcula biliar?<\/h4>\n<p class=\"section-content\">El c\u00e1ncer de ves\u00edcula biliar es aquel que comienza en la ves\u00edcula biliar, un \u00f3rgano peque\u00f1o en forma de pera que se encuentra en el abdomen.  La ves\u00edcula biliar mide aproximadamente entre 7.5 cm y 10 cm de largo y 2.5 cm de ancho, y se encuentra justo por debajo del h\u00edgado.  Su funci\u00f3n principal es almacenar la bilis, una sustancia que se produce en el h\u00edgado y contribuye a que el organismo digiera los alimentos.  A medida que se digieren los alimentos, la ves\u00edcula biliar libera bilis en direcci\u00f3n al intestino delgado.<\/p>\n<div id=\"bc-overview\" style=\"width: 460px\" class=\"wp-caption center aligncenter\"><a href=\"\/wp-content\/uploads\/sites\/4\/2015\/07\/GallBladder-Cancer-Overview3-2-es.jpg\" title=\"Click Image to Enlarge.\"><img decoding=\"async\" aria-describedby=\"caption-bc-overview\" src=\"\/wp-content\/uploads\/sites\/4\/2015\/07\/GallBladder-Cancer-Overview3-2-es.jpg\" class=\"aligncenter\" alt=\"c\u00e1ncer de ves\u00edcula biliar\" style=\"max-width:450px;\"\/><\/a><p id=\"caption-bc-overview\" class=\"wp-caption-text\">Click Image to Enlarge.<\/p><\/div>\n<p class=\"section-content\" style=\"margin-top:25px;margin-bottom:25px;\">La pared de la ves\u00edcula biliar tiene tres capas (interna, media y externa), separadas por tejido conjuntivo.  El c\u00e1ncer de ves\u00edcula biliar generalmente comienza en la capa interna y crece hacia afuera, a trav\u00e9s de la pared.<\/p>\n<div id=\"stage\" style=\"width: 410px\" class=\"wp-caption alignnone\"><a href=\"\/wp-content\/uploads\/sites\/4\/2015\/07\/GallBladder-Blowout-2-es.jpg\" title=\"Click Image to Enlarge.\"><img decoding=\"async\" aria-describedby=\"caption-stage\" src=\"\/wp-content\/uploads\/sites\/4\/2015\/07\/GallBladder-Blowout-2-es.jpg\" class=\"aligncenter\" alt=\"c\u00e1ncer de ves\u00edcula biliar\" style=\"max-width:350px;\"\/><\/a><p id=\"caption-stage\" class=\"wp-caption-text\">Click Image to Enlarge.<\/p><\/div>\n<div class=\"clearboth\"><\/div>\n","protected":false},"excerpt":{"rendered":"<p>\u00bfQu\u00e9 es el c\u00e1ncer de ves\u00edcula biliar? El c\u00e1ncer de ves\u00edcula biliar es aquel que comienza en la ves\u00edcula biliar, un \u00f3rgano peque\u00f1o en forma de pera que se encuentra en el abdomen. La ves\u00edcula biliar mide aproximadamente entre 7.5 cm y 10 cm de largo y 2.5 cm de ancho, y se encuentra justo [&hellip;]<\/p>\n","protected":false},"author":5,"featured_media":0,"parent":13272,"menu_order":1,"comment_status":"closed","ping_status":"open","template":"template-tumor.php","meta":{"footnotes":""},"tags":[10],"class_list":["post-16247","page","type-page","status-publish","hentry","tag-members-only"],"yoast_head":"<!-- This site is optimized with the Yoast SEO plugin v25.0 - https:\/\/yoast.com\/wordpress\/plugins\/seo\/ -->\n<title>CMedEd | Informaci\u00f3n para comprender el c\u00e1ncer de ves\u00edcula biliar | Generalidades<\/title>\n<meta name=\"description\" content=\"\u00bfQu\u00e9 es el c\u00e1ncer de ves\u00edcula biliar? El c\u00e1ncer de ves\u00edcula biliar es aquel que comienza en la ves\u00edcula biliar, un \u00f3rgano peque\u00f1o en forma de pera que se\" \/>\n<meta name=\"robots\" content=\"index, follow, max-snippet:-1, max-image-preview:large, max-video-preview:-1\" \/>\n<link rel=\"canonical\" href=\"https:\/\/cmeded.com\/es\/gastrointestinal\/understanding-gallbladder-cancer\/overview\/\" \/>\n<meta property=\"og:locale\" content=\"es_ES\" \/>\n<meta property=\"og:type\" content=\"article\" \/>\n<meta property=\"og:title\" content=\"CMedEd | Informaci\u00f3n para comprender el c\u00e1ncer de ves\u00edcula biliar | Generalidades\" \/>\n<meta property=\"og:description\" content=\"\u00bfQu\u00e9 es el c\u00e1ncer de ves\u00edcula biliar? El c\u00e1ncer de ves\u00edcula biliar es aquel que comienza en la ves\u00edcula biliar, un \u00f3rgano peque\u00f1o en forma de pera que se\" \/>\n<meta property=\"og:url\" content=\"https:\/\/cmeded.com\/es\/gastrointestinal\/understanding-gallbladder-cancer\/overview\/\" \/>\n<meta property=\"og:site_name\" content=\"CMedEd\" \/>\n<meta property=\"article:modified_time\" content=\"2023-08-24T23:50:17+00:00\" \/>\n<meta name=\"twitter:card\" content=\"summary_large_image\" \/>\n<meta name=\"twitter:label1\" content=\"Tiempo de lectura\" \/>\n\t<meta name=\"twitter:data1\" content=\"1 minuto\" \/>\n<script type=\"application\/ld+json\" class=\"yoast-schema-graph\">{\"@context\":\"https:\/\/schema.org\",\"@graph\":[{\"@type\":\"WebPage\",\"@id\":\"https:\/\/cmeded.com\/es\/gastrointestinal\/understanding-gallbladder-cancer\/overview\/\",\"url\":\"https:\/\/cmeded.com\/es\/gastrointestinal\/understanding-gallbladder-cancer\/overview\/\",\"name\":\"CMedEd | Informaci\u00f3n para comprender el c\u00e1ncer de ves\u00edcula biliar | Generalidades\",\"isPartOf\":{\"@id\":\"https:\/\/cmeded.com\/es\/#website\"},\"datePublished\":\"2014-03-20T17:14:55+00:00\",\"dateModified\":\"2023-08-24T23:50:17+00:00\",\"description\":\"\u00bfQu\u00e9 es el c\u00e1ncer de ves\u00edcula biliar? El c\u00e1ncer de ves\u00edcula biliar es aquel que comienza en la ves\u00edcula biliar, un \u00f3rgano peque\u00f1o en forma de pera que se\",\"breadcrumb\":{\"@id\":\"https:\/\/cmeded.com\/es\/gastrointestinal\/understanding-gallbladder-cancer\/overview\/#breadcrumb\"},\"inLanguage\":\"es\",\"potentialAction\":[{\"@type\":\"ReadAction\",\"target\":[\"https:\/\/cmeded.com\/es\/gastrointestinal\/understanding-gallbladder-cancer\/overview\/\"]}]},{\"@type\":\"BreadcrumbList\",\"@id\":\"https:\/\/cmeded.com\/es\/gastrointestinal\/understanding-gallbladder-cancer\/overview\/#breadcrumb\",\"itemListElement\":[{\"@type\":\"ListItem\",\"position\":1,\"name\":\"Home\",\"item\":\"https:\/\/cmeded.com\/es\/\"},{\"@type\":\"ListItem\",\"position\":2,\"name\":\"Gastrointestinal\",\"item\":\"https:\/\/cmeded.com\/es\/gastrointestinal\/\"},{\"@type\":\"ListItem\",\"position\":3,\"name\":\"Informaci\u00f3n para comprender el c\u00e1ncer de ves\u00edcula biliar\",\"item\":\"https:\/\/cmeded.com\/es\/gastrointestinal\/understanding-gallbladder-cancer\/\"},{\"@type\":\"ListItem\",\"position\":4,\"name\":\"Generalidades\"}]},{\"@type\":\"WebSite\",\"@id\":\"https:\/\/cmeded.com\/es\/#website\",\"url\":\"https:\/\/cmeded.com\/es\/\",\"name\":\"CMedEd\",\"description\":\"Recurso principal de informaci\u00f3n sobre el c\u00e1ncer\",\"potentialAction\":[{\"@type\":\"SearchAction\",\"target\":{\"@type\":\"EntryPoint\",\"urlTemplate\":\"https:\/\/cmeded.com\/es\/?s={search_term_string}\"},\"query-input\":{\"@type\":\"PropertyValueSpecification\",\"valueRequired\":true,\"valueName\":\"search_term_string\"}}],\"inLanguage\":\"es\"}]}<\/script>\n<!-- \/ Yoast SEO plugin. -->","yoast_head_json":{"title":"CMedEd | Informaci\u00f3n para comprender el c\u00e1ncer de ves\u00edcula biliar | Generalidades","description":"\u00bfQu\u00e9 es el c\u00e1ncer de ves\u00edcula biliar? El c\u00e1ncer de ves\u00edcula biliar es aquel que comienza en la ves\u00edcula biliar, un \u00f3rgano peque\u00f1o en forma de pera que se","robots":{"index":"index","follow":"follow","max-snippet":"max-snippet:-1","max-image-preview":"max-image-preview:large","max-video-preview":"max-video-preview:-1"},"canonical":"https:\/\/cmeded.com\/es\/gastrointestinal\/understanding-gallbladder-cancer\/overview\/","og_locale":"es_ES","og_type":"article","og_title":"CMedEd | Informaci\u00f3n para comprender el c\u00e1ncer de ves\u00edcula biliar | Generalidades","og_description":"\u00bfQu\u00e9 es el c\u00e1ncer de ves\u00edcula biliar? El c\u00e1ncer de ves\u00edcula biliar es aquel que comienza en la ves\u00edcula biliar, un \u00f3rgano peque\u00f1o en forma de pera que se","og_url":"https:\/\/cmeded.com\/es\/gastrointestinal\/understanding-gallbladder-cancer\/overview\/","og_site_name":"CMedEd","article_modified_time":"2023-08-24T23:50:17+00:00","twitter_card":"summary_large_image","twitter_misc":{"Tiempo de lectura":"1 minuto"},"schema":{"@context":"https:\/\/schema.org","@graph":[{"@type":"WebPage","@id":"https:\/\/cmeded.com\/es\/gastrointestinal\/understanding-gallbladder-cancer\/overview\/","url":"https:\/\/cmeded.com\/es\/gastrointestinal\/understanding-gallbladder-cancer\/overview\/","name":"CMedEd | Informaci\u00f3n para comprender el c\u00e1ncer de ves\u00edcula biliar | Generalidades","isPartOf":{"@id":"https:\/\/cmeded.com\/es\/#website"},"datePublished":"2014-03-20T17:14:55+00:00","dateModified":"2023-08-24T23:50:17+00:00","description":"\u00bfQu\u00e9 es el c\u00e1ncer de ves\u00edcula biliar? El c\u00e1ncer de ves\u00edcula biliar es aquel que comienza en la ves\u00edcula biliar, un \u00f3rgano peque\u00f1o en forma de pera que se","breadcrumb":{"@id":"https:\/\/cmeded.com\/es\/gastrointestinal\/understanding-gallbladder-cancer\/overview\/#breadcrumb"},"inLanguage":"es","potentialAction":[{"@type":"ReadAction","target":["https:\/\/cmeded.com\/es\/gastrointestinal\/understanding-gallbladder-cancer\/overview\/"]}]},{"@type":"BreadcrumbList","@id":"https:\/\/cmeded.com\/es\/gastrointestinal\/understanding-gallbladder-cancer\/overview\/#breadcrumb","itemListElement":[{"@type":"ListItem","position":1,"name":"Home","item":"https:\/\/cmeded.com\/es\/"},{"@type":"ListItem","position":2,"name":"Gastrointestinal","item":"https:\/\/cmeded.com\/es\/gastrointestinal\/"},{"@type":"ListItem","position":3,"name":"Informaci\u00f3n para comprender el c\u00e1ncer de ves\u00edcula biliar","item":"https:\/\/cmeded.com\/es\/gastrointestinal\/understanding-gallbladder-cancer\/"},{"@type":"ListItem","position":4,"name":"Generalidades"}]},{"@type":"WebSite","@id":"https:\/\/cmeded.com\/es\/#website","url":"https:\/\/cmeded.com\/es\/","name":"CMedEd","description":"Recurso principal de informaci\u00f3n sobre el c\u00e1ncer","potentialAction":[{"@type":"SearchAction","target":{"@type":"EntryPoint","urlTemplate":"https:\/\/cmeded.com\/es\/?s={search_term_string}"},"query-input":{"@type":"PropertyValueSpecification","valueRequired":true,"valueName":"search_term_string"}}],"inLanguage":"es"}]}},"_links":{"self":[{"href":"https:\/\/cmeded.com\/es\/wp-json\/wp\/v2\/pages\/16247","targetHints":{"allow":["GET"]}}],"collection":[{"href":"https:\/\/cmeded.com\/es\/wp-json\/wp\/v2\/pages"}],"about":[{"href":"https:\/\/cmeded.com\/es\/wp-json\/wp\/v2\/types\/page"}],"author":[{"embeddable":true,"href":"https:\/\/cmeded.com\/es\/wp-json\/wp\/v2\/users\/5"}],"replies":[{"embeddable":true,"href":"https:\/\/cmeded.com\/es\/wp-json\/wp\/v2\/comments?post=16247"}],"version-history":[{"count":0,"href":"https:\/\/cmeded.com\/es\/wp-json\/wp\/v2\/pages\/16247\/revisions"}],"up":[{"embeddable":true,"href":"https:\/\/cmeded.com\/es\/wp-json\/wp\/v2\/pages\/13272"}],"wp:attachment":[{"href":"https:\/\/cmeded.com\/es\/wp-json\/wp\/v2\/media?parent=16247"}],"wp:term":[{"taxonomy":"post_tag","embeddable":true,"href":"https:\/\/cmeded.com\/es\/wp-json\/wp\/v2\/tags?post=16247"}],"curies":[{"name":"wp","href":"https:\/\/api.w.org\/{rel}","templated":true}]}}