{"id":16226,"date":"2014-03-20T09:37:21","date_gmt":"2014-03-20T14:37:21","guid":{"rendered":"http:\/\/cmeded.com\/?page_id=16226"},"modified":"2023-08-24T18:48:14","modified_gmt":"2023-08-24T23:48:14","slug":"symptoms","status":"publish","type":"page","link":"https:\/\/cmeded.com\/es\/skin\/understanding-melanoma\/symptoms\/","title":{"rendered":"S\u00edntomas"},"content":{"rendered":"<h4 class=\"section-title\">S\u00edntomas<\/h4>\n<p class=\"section-content\">En general, el melanoma puede presentarse como una imperfecci\u00f3n nueva de la piel, una mancha que es diferente a todas las dem\u00e1s o una mancha que cambia de tama\u00f1o, forma, color o textura. Por lo general, los m\u00e9dicos utilizan las reglas \"ABCDES\" del c\u00e1ncer de piel para describir los signos de advertencia y los s\u00edntomas del melanoma. Inf\u00f3rmele al m\u00e9dico si presenta alguna de las siguientes caracter\u00edsticas:<\/p>\n<div class=\"divider\" id=\"\">\n\t\n\t<\/div>\n<div class=\"risk-factor\">\n<div class=\"symp-pic\"><img decoding=\"async\" src=\"\/wp-content\/uploads\/2013\/04\/A-1501.jpg\" class=\"aligncenter\" alt=\"Asimetr\u00eda\" style=\"height:125px;\"><\/div>\n<div>\n<h5 class=\"section-title\">Asimetr\u00eda<\/h5>\n<p class=\"section-content\">El lunar tiene una forma asim\u00e9trica. Una parte del lunar tiene una forma diferente al resto.<\/p>\n<\/div>\n<div class=\"clearboth\"><\/div>\n<\/div>\n<div class=\"divider\" id=\"\">\n\t\n\t<\/div>\n<div class=\"risk-factor\">\n<div class=\"symp-pic\"><img decoding=\"async\" src=\"\/wp-content\/uploads\/2013\/04\/B-1501.jpg\" class=\"aligncenter\" alt=\"Borde\" style=\"height:125px;\"><\/div>\n<div>\n<h5 class=\"section-title\">Borde<\/h5>\n<p class=\"section-content\">Los bordes del lunar son irregulares, dentados o borrosos.<\/p>\n<\/div>\n<div class=\"clearboth\"><\/div>\n<\/div>\n<div class=\"divider\" id=\"\">\n\t\n\t<\/div>\n<div class=\"risk-factor\">\n<div class=\"symp-pic\"><img decoding=\"async\" src=\"\/wp-content\/uploads\/2013\/04\/C-1501.jpg\" class=\"aligncenter\" alt=\"Color\" style=\"height:125px;\"><\/div>\n<div>\n<h5 class=\"section-title\">Color<\/h5>\n<p class=\"section-content\">El lunar tiene m\u00e1s de un color. El lunar, o una parte de este, tambi\u00e9n puede cambiar de color.<\/p>\n<\/div>\n<div class=\"clearboth\"><\/div>\n<\/div>\n<div class=\"divider\" id=\"\">\n\t\n\t<\/div>\n<div class=\"risk-factor\">\n<div class=\"symp-pic\"><img decoding=\"async\" src=\"\/wp-content\/uploads\/2013\/04\/D-1501.jpg\" class=\"aligncenter\" alt=\"Di\u00e1metro\" style=\"height:125px;\"><\/div>\n<div>\n<h5 class=\"section-title\">Di\u00e1metro<\/h5>\n<p class=\"section-content\">El lunar mide m\u00e1s de 6 mm de di\u00e1metro o su di\u00e1metro va en aumento. 6 mm equivalen a aproximadamente el tama\u00f1o de un borrador de l\u00e1piz.<\/p>\n<\/div>\n<div class=\"clearboth\"><\/div>\n<\/div>\n<div class=\"divider\" id=\"\">\n\t\n\t<\/div>\n<div class=\"risk-factor\">\n<div class=\"symp-pic\"><img decoding=\"async\" src=\"\/wp-content\/uploads\/2013\/04\/E-4501-e1395436191756.jpg\" class=\"aligncenter\" alt=\"Evoluci\u00f3n\" style=\"height:90px;\"><\/div>\n<div>\n<h5 class=\"section-title\">Evoluci\u00f3n<\/h5>\n<p class=\"section-content\">El lunar ha cambiado de tama\u00f1o, forma o color con el paso del tiempo.<\/p>\n<\/div>\n<div class=\"clearboth\"><\/div>\n<\/div>\n<div class=\"divider\" id=\"\">\n\t\n\t<\/div>\n<div class=\"risk-factor\">\n<div class=\"symp-pic\"><img decoding=\"async\" src=\"\/wp-content\/uploads\/2013\/02\/Redness-swelling-or-sores-on-the-skin.jpg\" class=\"aligncenter\" style=\"height:125px;\" alt=\"Sensibilidad\"><\/div>\n<div>\n<h5 class=\"section-title\">Sensibilidad<\/h5>\n<p class=\"section-content\">Al tacto, el lunar se siente diferente de lo habitual.<\/p>\n<\/p><\/div>\n<div class=\"clearboth\"><\/div>\n<\/div>\n<div class=\"divider\" id=\"\">\n\t\n\t<\/div>\n<div class=\"clearboth\"><\/div>\n<p class=\"section-content\">No todos los melanomas siguen las reglas \"ABCDEFs\" del c\u00e1ncer de piel. Entre los dem\u00e1s s\u00edntomas y signos de advertencia del melanoma, se incluyen los siguientes:<\/p>\n<ul class=\"about-content\">\n<li>Una lesi\u00f3n en la piel que no cicatriza<\/li>\n<li>Enrojecimiento, hinchaz\u00f3n o ampliaci\u00f3n de pigmento por fuera de los bordes de un lunar o una lesi\u00f3n<\/li>\n<li>Cambio en la sensibilidad al tacto o la sensaci\u00f3n de un lunar o una lesi\u00f3n (es decir, dolor, hipersensibilidad o picaz\u00f3n)<\/li>\n<li>Cambio en la textura de un lunar o una lesi\u00f3n (es decir, descamaci\u00f3n)<\/li>\n<li>Cualquier tipo de exudado, sangrado o supuraci\u00f3n de un lunar o una lesi\u00f3n<\/li>\n<\/ul>\n","protected":false},"excerpt":{"rendered":"<p>S\u00edntomas En general, el melanoma puede presentarse como una imperfecci\u00f3n nueva de la piel, una mancha que es diferente a todas las dem\u00e1s o una mancha que cambia de tama\u00f1o, forma, color o textura. Por lo general, los m\u00e9dicos utilizan las reglas \u00abABCDES\u00bb del c\u00e1ncer de piel para describir los signos de advertencia y los [&hellip;]<\/p>\n","protected":false},"author":5,"featured_media":0,"parent":16222,"menu_order":3,"comment_status":"closed","ping_status":"open","template":"template-tumor.php","meta":{"footnotes":""},"tags":[10],"class_list":["post-16226","page","type-page","status-publish","hentry","tag-members-only"],"yoast_head":"<!-- This site is optimized with the Yoast SEO plugin v25.0 - https:\/\/yoast.com\/wordpress\/plugins\/seo\/ -->\n<title>CMedEd | Informaci\u00f3n para comprender el melanoma | S\u00edntomas<\/title>\n<meta name=\"description\" content=\"S\u00edntomas En general, el melanoma puede presentarse como una imperfecci\u00f3n nueva de la piel, una mancha que es diferente a todas las dem\u00e1s o una mancha que\" \/>\n<meta name=\"robots\" content=\"index, follow, max-snippet:-1, max-image-preview:large, max-video-preview:-1\" \/>\n<link rel=\"canonical\" href=\"https:\/\/cmeded.com\/es\/skin\/understanding-melanoma\/symptoms\/\" \/>\n<meta property=\"og:locale\" content=\"es_ES\" \/>\n<meta property=\"og:type\" content=\"article\" \/>\n<meta property=\"og:title\" content=\"CMedEd | Informaci\u00f3n para comprender el melanoma | S\u00edntomas\" \/>\n<meta property=\"og:description\" content=\"S\u00edntomas En general, el melanoma puede presentarse como una imperfecci\u00f3n nueva de la piel, una mancha que es diferente a todas las dem\u00e1s o una mancha que\" \/>\n<meta property=\"og:url\" content=\"https:\/\/cmeded.com\/es\/skin\/understanding-melanoma\/symptoms\/\" \/>\n<meta property=\"og:site_name\" content=\"CMedEd\" \/>\n<meta property=\"article:modified_time\" content=\"2023-08-24T23:48:14+00:00\" \/>\n<meta name=\"twitter:card\" content=\"summary_large_image\" \/>\n<meta name=\"twitter:label1\" content=\"Tiempo de lectura\" \/>\n\t<meta name=\"twitter:data1\" content=\"2 minutos\" \/>\n<script type=\"application\/ld+json\" class=\"yoast-schema-graph\">{\"@context\":\"https:\/\/schema.org\",\"@graph\":[{\"@type\":\"WebPage\",\"@id\":\"https:\/\/cmeded.com\/es\/skin\/understanding-melanoma\/symptoms\/\",\"url\":\"https:\/\/cmeded.com\/es\/skin\/understanding-melanoma\/symptoms\/\",\"name\":\"CMedEd | Informaci\u00f3n para comprender el melanoma | S\u00edntomas\",\"isPartOf\":{\"@id\":\"https:\/\/cmeded.com\/es\/#website\"},\"datePublished\":\"2014-03-20T14:37:21+00:00\",\"dateModified\":\"2023-08-24T23:48:14+00:00\",\"description\":\"S\u00edntomas En general, el melanoma puede presentarse como una imperfecci\u00f3n nueva de la piel, una mancha que es diferente a todas las dem\u00e1s o una mancha que\",\"breadcrumb\":{\"@id\":\"https:\/\/cmeded.com\/es\/skin\/understanding-melanoma\/symptoms\/#breadcrumb\"},\"inLanguage\":\"es\",\"potentialAction\":[{\"@type\":\"ReadAction\",\"target\":[\"https:\/\/cmeded.com\/es\/skin\/understanding-melanoma\/symptoms\/\"]}]},{\"@type\":\"BreadcrumbList\",\"@id\":\"https:\/\/cmeded.com\/es\/skin\/understanding-melanoma\/symptoms\/#breadcrumb\",\"itemListElement\":[{\"@type\":\"ListItem\",\"position\":1,\"name\":\"Home\",\"item\":\"https:\/\/cmeded.com\/es\/\"},{\"@type\":\"ListItem\",\"position\":2,\"name\":\"Piel\",\"item\":\"https:\/\/cmeded.com\/es\/skin\/\"},{\"@type\":\"ListItem\",\"position\":3,\"name\":\"Informaci\u00f3n para comprender el melanoma\",\"item\":\"https:\/\/cmeded.com\/es\/skin\/understanding-melanoma\/\"},{\"@type\":\"ListItem\",\"position\":4,\"name\":\"S\u00edntomas\"}]},{\"@type\":\"WebSite\",\"@id\":\"https:\/\/cmeded.com\/es\/#website\",\"url\":\"https:\/\/cmeded.com\/es\/\",\"name\":\"CMedEd\",\"description\":\"Recurso principal de informaci\u00f3n sobre el c\u00e1ncer\",\"potentialAction\":[{\"@type\":\"SearchAction\",\"target\":{\"@type\":\"EntryPoint\",\"urlTemplate\":\"https:\/\/cmeded.com\/es\/?s={search_term_string}\"},\"query-input\":{\"@type\":\"PropertyValueSpecification\",\"valueRequired\":true,\"valueName\":\"search_term_string\"}}],\"inLanguage\":\"es\"}]}<\/script>\n<!-- \/ Yoast SEO plugin. -->","yoast_head_json":{"title":"CMedEd | Informaci\u00f3n para comprender el melanoma | S\u00edntomas","description":"S\u00edntomas En general, el melanoma puede presentarse como una imperfecci\u00f3n nueva de la piel, una mancha que es diferente a todas las dem\u00e1s o una mancha que","robots":{"index":"index","follow":"follow","max-snippet":"max-snippet:-1","max-image-preview":"max-image-preview:large","max-video-preview":"max-video-preview:-1"},"canonical":"https:\/\/cmeded.com\/es\/skin\/understanding-melanoma\/symptoms\/","og_locale":"es_ES","og_type":"article","og_title":"CMedEd | Informaci\u00f3n para comprender el melanoma | S\u00edntomas","og_description":"S\u00edntomas En general, el melanoma puede presentarse como una imperfecci\u00f3n nueva de la piel, una mancha que es diferente a todas las dem\u00e1s o una mancha que","og_url":"https:\/\/cmeded.com\/es\/skin\/understanding-melanoma\/symptoms\/","og_site_name":"CMedEd","article_modified_time":"2023-08-24T23:48:14+00:00","twitter_card":"summary_large_image","twitter_misc":{"Tiempo de lectura":"2 minutos"},"schema":{"@context":"https:\/\/schema.org","@graph":[{"@type":"WebPage","@id":"https:\/\/cmeded.com\/es\/skin\/understanding-melanoma\/symptoms\/","url":"https:\/\/cmeded.com\/es\/skin\/understanding-melanoma\/symptoms\/","name":"CMedEd | Informaci\u00f3n para comprender el melanoma | S\u00edntomas","isPartOf":{"@id":"https:\/\/cmeded.com\/es\/#website"},"datePublished":"2014-03-20T14:37:21+00:00","dateModified":"2023-08-24T23:48:14+00:00","description":"S\u00edntomas En general, el melanoma puede presentarse como una imperfecci\u00f3n nueva de la piel, una mancha que es diferente a todas las dem\u00e1s o una mancha que","breadcrumb":{"@id":"https:\/\/cmeded.com\/es\/skin\/understanding-melanoma\/symptoms\/#breadcrumb"},"inLanguage":"es","potentialAction":[{"@type":"ReadAction","target":["https:\/\/cmeded.com\/es\/skin\/understanding-melanoma\/symptoms\/"]}]},{"@type":"BreadcrumbList","@id":"https:\/\/cmeded.com\/es\/skin\/understanding-melanoma\/symptoms\/#breadcrumb","itemListElement":[{"@type":"ListItem","position":1,"name":"Home","item":"https:\/\/cmeded.com\/es\/"},{"@type":"ListItem","position":2,"name":"Piel","item":"https:\/\/cmeded.com\/es\/skin\/"},{"@type":"ListItem","position":3,"name":"Informaci\u00f3n para comprender el melanoma","item":"https:\/\/cmeded.com\/es\/skin\/understanding-melanoma\/"},{"@type":"ListItem","position":4,"name":"S\u00edntomas"}]},{"@type":"WebSite","@id":"https:\/\/cmeded.com\/es\/#website","url":"https:\/\/cmeded.com\/es\/","name":"CMedEd","description":"Recurso principal de informaci\u00f3n sobre el c\u00e1ncer","potentialAction":[{"@type":"SearchAction","target":{"@type":"EntryPoint","urlTemplate":"https:\/\/cmeded.com\/es\/?s={search_term_string}"},"query-input":{"@type":"PropertyValueSpecification","valueRequired":true,"valueName":"search_term_string"}}],"inLanguage":"es"}]}},"_links":{"self":[{"href":"https:\/\/cmeded.com\/es\/wp-json\/wp\/v2\/pages\/16226","targetHints":{"allow":["GET"]}}],"collection":[{"href":"https:\/\/cmeded.com\/es\/wp-json\/wp\/v2\/pages"}],"about":[{"href":"https:\/\/cmeded.com\/es\/wp-json\/wp\/v2\/types\/page"}],"author":[{"embeddable":true,"href":"https:\/\/cmeded.com\/es\/wp-json\/wp\/v2\/users\/5"}],"replies":[{"embeddable":true,"href":"https:\/\/cmeded.com\/es\/wp-json\/wp\/v2\/comments?post=16226"}],"version-history":[{"count":0,"href":"https:\/\/cmeded.com\/es\/wp-json\/wp\/v2\/pages\/16226\/revisions"}],"up":[{"embeddable":true,"href":"https:\/\/cmeded.com\/es\/wp-json\/wp\/v2\/pages\/16222"}],"wp:attachment":[{"href":"https:\/\/cmeded.com\/es\/wp-json\/wp\/v2\/media?parent=16226"}],"wp:term":[{"taxonomy":"post_tag","embeddable":true,"href":"https:\/\/cmeded.com\/es\/wp-json\/wp\/v2\/tags?post=16226"}],"curies":[{"name":"wp","href":"https:\/\/api.w.org\/{rel}","templated":true}]}}