{"id":16212,"date":"2014-03-19T11:51:00","date_gmt":"2014-03-19T16:51:00","guid":{"rendered":"http:\/\/cmeded.com\/?page_id=16212"},"modified":"2025-05-04T18:46:43","modified_gmt":"2025-05-04T23:46:43","slug":"staging","status":"publish","type":"page","link":"https:\/\/cmeded.com\/es\/myeloma\/understanding-multiple-myeloma\/staging\/","title":{"rendered":"Estadificaci\u00f3n"},"content":{"rendered":"<h4 class=\"section-title\">Estadificaci\u00f3n<\/h4>\n<p class=\"section-content\">El mieloma m\u00faltiple se clasifica como latente o activo dependiendo de si el paciente presenta s\u00edntomas o no. Al mieloma activo se le asigna un estadio dependiendo del n\u00famero de c\u00e9lulas de mieloma se encuentren en la m\u00e9dula \u00f3sea, de la cantidad de anticuerpos anormales en la orina y en la sangre y de los resultados de ciertas pruebas diagn\u00f3sticas. La estadificaci\u00f3n es un paso importante para evaluar la prognosis y las opciones de tratamiento. El Sistema Internacional (RISS) ha sido el m\u00e1s usado en los \u00faltimos a\u00f1os.<\/p>\n<h5 class=\"section-title\">Sistema de estadificaci\u00f3n internacional revisado (ISS)<\/h5>\n<p class=\"section-content\">En el Sistema Internacional de Estadificaci\u00f3n Revisado (ISS) la gen\u00e9tica de su mieloma se determina mediante una biopsia de m\u00e9dula \u00f3sea. El estadio se determina en funci\u00f3n del nivel s\u00e9rico de microglobulina beta-2 (B2M), el nivel de alb\u00famina s\u00e9rica, el nivel de LDH y la gen\u00e9tica del mieloma. La alb\u00famina es la prote\u00edna m\u00e1s com\u00fan que se encuentra en la sangre y se produce en el h\u00edgado. Cuando una persona enferma, el nivel de alb\u00famina comienza a disminuir y cuanto m\u00e1s bajo es el nivel, mayor es el grado de enfermedad. La B2M es otra prote\u00edna s\u00e9rica fabricada por diferentes tipos de c\u00e9lulas normales o cancerosas y se encuentra elevada en la sangre en muchos tipos de c\u00e1nceres de la sangre, incluido el mieloma. La LDH es una prote\u00edna s\u00e9rica que tambi\u00e9n es fabricada por diferentes tipos de c\u00e9lulas normales o cancerosas y tiene un alto contenido en c\u00e1nceres de la sangre, incluido el mieloma. Las pruebas especializadas llamadas Hibridaci\u00f3n In Situ de Fluorescencia (FISH) pueden identificar ciertos cambios en el ADN de las c\u00e9lulas cancerosas del mieloma. Las anomal\u00edas gen\u00e9ticas de las c\u00e9lulas de mieloma ayudan a comprender mejor la biolog\u00eda de las c\u00e9lulas de mieloma. En algunas instituciones tambi\u00e9n se utiliza el perfil de expresi\u00f3n gen\u00e9tica (GEP). Estas anomal\u00edas gen\u00e9ticas se incorporan al sistema de estadificaci\u00f3n.<\/p>\n<div class=\"clapat-tabs\" id=\"\"><div class=\"tabs-bg\"><\/div><ul class=\"staging-tab-menu\"><li><a href=\"#tabs-630\"><br \/>\nEstadio 1<\/a><\/li>\n<li><a href=\"#tabs-631\"><br \/>\nStage II<\/a><\/li>\n<li><a href=\"#tabs-632\"><br \/>\nStage III<\/a><\/li><\/ul><div class=\"list-wrap\"><div id=\"tabs-630\"><\/p>\n<h4 class=\"section-title hidden-title\">Estadio 1<\/h4>\n<p><div id=\"stage\" style=\"width: 268px\" class=\"wp-caption alignnone\"><a href=\"\/wp-content\/uploads\/sites\/4\/2016\/02\/MM-Stage1-es.jpg\" title=\"Click Image to Enlarge.\"><img decoding=\"async\" aria-describedby=\"caption-stage\" src=\"\/wp-content\/uploads\/sites\/4\/2016\/02\/MM-Stage1-es.jpg\" alt=\"Estadio 1\" class=\"aligncenter\" style=\"height:250px;\"\/><\/a><p id=\"caption-stage\" class=\"wp-caption-text\">Click Image to Enlarge.<\/p><\/div><\/p>\n<h5 class=\"section-title\">Descripci\u00f3n<\/h5>\n<ul class=\"about-content\">\nEl nivel de B2M en suero es inferior a 3.5 mg\/L<br \/>\nY<br \/>\nEl nivel de alb\u00famina en suero es superior a 3.5 g\/L<br \/>\nY<br \/>\nLa citogen\u00e9tica se considera \"no de alto riesgo\"<br \/>\nY<br \/>\nLos niveles de LDH son normales<br \/>\n<\/div>\n<div id=\"tabs-631\"><\/p>\n<h4 class=\"section-title hidden-title\">Stage II<\/h4>\n<p><div id=\"stage\" style=\"width: 272px\" class=\"wp-caption alignnone\"><a href=\"\/wp-content\/uploads\/sites\/4\/2016\/02\/MM-Stage2-es.jpg\" title=\"Click Image to Enlarge.\"><img decoding=\"async\" aria-describedby=\"caption-stage\" src=\"\/wp-content\/uploads\/sites\/4\/2016\/02\/MM-Stage2-es.jpg\" alt=\"Estadio 2\" class=\"aligncenter\" style=\"height:250px;\"\/><\/a><p id=\"caption-stage\" class=\"wp-caption-text\">Click Image to Enlarge.<\/p><\/div><\/p>\n<h5 class=\"section-title\">Descripci\u00f3n<\/h5>\n<ul class=\"about-content\">Cualquier condici\u00f3n que no se incluya en la categor\u00eda de Etapa I ni en la de Etapa III<\/li>\n<\/ul>\n<hr class=\"hidden-title\"\/>\n<\/div>\n<div id=\"tabs-632\"><\/p>\n<h4 class=\"section-title hidden-title\">Stage III<\/h4>\n<p><div id=\"stage\" style=\"width: 269px\" class=\"wp-caption alignnone\"><a href=\"\/wp-content\/uploads\/sites\/4\/2016\/02\/MM-Stage3-es.jpg\" title=\"Click Image to Enlarge.\"><img decoding=\"async\" aria-describedby=\"caption-stage\" src=\"\/wp-content\/uploads\/sites\/4\/2016\/02\/MM-Stage3-es.jpg\" alt=\"Estadio 3\" class=\"aligncenter\" style=\"height:300px;\"\/><\/a><p id=\"caption-stage\" class=\"wp-caption-text\">Click Image to Enlarge.<\/p><\/div><\/p>\n<h5 class=\"section-title\">Descripci\u00f3n<\/h5>\n<ul class=\"about-content\">\n<li>El nivel de B2M en suero es superior a 5.5 mg\/L<br \/>\nY<br \/>\nLa citogen\u00e9tica se considera de \"alto riesgo\"<br \/>\nY\/O<br \/>\nLos niveles de LDH est\u00e1n elevados<\/li>\n<\/ul>\n<hr class=\"hidden-title\"\/>\n<\/div><\/div><\/div>\n","protected":false},"excerpt":{"rendered":"<p>Estadificaci\u00f3n El mieloma m\u00faltiple se clasifica como latente o activo dependiendo de si el paciente presenta s\u00edntomas o no. Al mieloma activo se le asigna un estadio dependiendo del n\u00famero de c\u00e9lulas de mieloma se encuentren en la m\u00e9dula \u00f3sea, de la cantidad de anticuerpos anormales en la orina y en la sangre y de [&hellip;]<\/p>\n","protected":false},"author":5,"featured_media":0,"parent":16206,"menu_order":5,"comment_status":"closed","ping_status":"open","template":"template-tumor.php","meta":{"footnotes":""},"tags":[10],"class_list":["post-16212","page","type-page","status-publish","hentry","tag-members-only"],"yoast_head":"<!-- This site is optimized with the Yoast SEO plugin v25.0 - https:\/\/yoast.com\/wordpress\/plugins\/seo\/ -->\n<title>CMedEd | Informaci\u00f3n para comprender el mieloma m\u00faltiple | Estadificaci\u00f3n<\/title>\n<meta name=\"description\" content=\"Estadificaci\u00f3n El mieloma m\u00faltiple se clasifica como latente o activo dependiendo de si el paciente presenta s\u00edntomas o no. Al mieloma activo se le asigna\" \/>\n<meta name=\"robots\" content=\"index, follow, max-snippet:-1, max-image-preview:large, max-video-preview:-1\" \/>\n<link rel=\"canonical\" href=\"https:\/\/cmeded.com\/es\/myeloma\/understanding-multiple-myeloma\/staging\/\" \/>\n<meta property=\"og:locale\" content=\"es_ES\" \/>\n<meta property=\"og:type\" content=\"article\" \/>\n<meta property=\"og:title\" content=\"CMedEd | Informaci\u00f3n para comprender el mieloma m\u00faltiple | Estadificaci\u00f3n\" \/>\n<meta property=\"og:description\" content=\"Estadificaci\u00f3n El mieloma m\u00faltiple se clasifica como latente o activo dependiendo de si el paciente presenta s\u00edntomas o no. Al mieloma activo se le asigna\" \/>\n<meta property=\"og:url\" content=\"https:\/\/cmeded.com\/es\/myeloma\/understanding-multiple-myeloma\/staging\/\" \/>\n<meta property=\"og:site_name\" content=\"CMedEd\" \/>\n<meta property=\"article:modified_time\" content=\"2025-05-04T23:46:43+00:00\" \/>\n<meta name=\"twitter:card\" content=\"summary_large_image\" \/>\n<meta name=\"twitter:label1\" content=\"Tiempo de lectura\" \/>\n\t<meta name=\"twitter:data1\" content=\"3 minutos\" \/>\n<script type=\"application\/ld+json\" class=\"yoast-schema-graph\">{\"@context\":\"https:\/\/schema.org\",\"@graph\":[{\"@type\":\"WebPage\",\"@id\":\"https:\/\/cmeded.com\/es\/myeloma\/understanding-multiple-myeloma\/staging\/\",\"url\":\"https:\/\/cmeded.com\/es\/myeloma\/understanding-multiple-myeloma\/staging\/\",\"name\":\"CMedEd | Informaci\u00f3n para comprender el mieloma m\u00faltiple | Estadificaci\u00f3n\",\"isPartOf\":{\"@id\":\"https:\/\/cmeded.com\/es\/#website\"},\"datePublished\":\"2014-03-19T16:51:00+00:00\",\"dateModified\":\"2025-05-04T23:46:43+00:00\",\"description\":\"Estadificaci\u00f3n El mieloma m\u00faltiple se clasifica como latente o activo dependiendo de si el paciente presenta s\u00edntomas o no. Al mieloma activo se le asigna\",\"breadcrumb\":{\"@id\":\"https:\/\/cmeded.com\/es\/myeloma\/understanding-multiple-myeloma\/staging\/#breadcrumb\"},\"inLanguage\":\"es\",\"potentialAction\":[{\"@type\":\"ReadAction\",\"target\":[\"https:\/\/cmeded.com\/es\/myeloma\/understanding-multiple-myeloma\/staging\/\"]}]},{\"@type\":\"BreadcrumbList\",\"@id\":\"https:\/\/cmeded.com\/es\/myeloma\/understanding-multiple-myeloma\/staging\/#breadcrumb\",\"itemListElement\":[{\"@type\":\"ListItem\",\"position\":1,\"name\":\"Home\",\"item\":\"https:\/\/cmeded.com\/es\/\"},{\"@type\":\"ListItem\",\"position\":2,\"name\":\"Mieloma\",\"item\":\"https:\/\/cmeded.com\/es\/myeloma\/\"},{\"@type\":\"ListItem\",\"position\":3,\"name\":\"Informaci\u00f3n para comprender el mieloma m\u00faltiple\",\"item\":\"https:\/\/cmeded.com\/es\/myeloma\/understanding-multiple-myeloma\/\"},{\"@type\":\"ListItem\",\"position\":4,\"name\":\"Estadificaci\u00f3n\"}]},{\"@type\":\"WebSite\",\"@id\":\"https:\/\/cmeded.com\/es\/#website\",\"url\":\"https:\/\/cmeded.com\/es\/\",\"name\":\"CMedEd\",\"description\":\"Recurso principal de informaci\u00f3n sobre el c\u00e1ncer\",\"potentialAction\":[{\"@type\":\"SearchAction\",\"target\":{\"@type\":\"EntryPoint\",\"urlTemplate\":\"https:\/\/cmeded.com\/es\/?s={search_term_string}\"},\"query-input\":{\"@type\":\"PropertyValueSpecification\",\"valueRequired\":true,\"valueName\":\"search_term_string\"}}],\"inLanguage\":\"es\"}]}<\/script>\n<!-- \/ Yoast SEO plugin. -->","yoast_head_json":{"title":"CMedEd | Informaci\u00f3n para comprender el mieloma m\u00faltiple | Estadificaci\u00f3n","description":"Estadificaci\u00f3n El mieloma m\u00faltiple se clasifica como latente o activo dependiendo de si el paciente presenta s\u00edntomas o no. Al mieloma activo se le asigna","robots":{"index":"index","follow":"follow","max-snippet":"max-snippet:-1","max-image-preview":"max-image-preview:large","max-video-preview":"max-video-preview:-1"},"canonical":"https:\/\/cmeded.com\/es\/myeloma\/understanding-multiple-myeloma\/staging\/","og_locale":"es_ES","og_type":"article","og_title":"CMedEd | Informaci\u00f3n para comprender el mieloma m\u00faltiple | Estadificaci\u00f3n","og_description":"Estadificaci\u00f3n El mieloma m\u00faltiple se clasifica como latente o activo dependiendo de si el paciente presenta s\u00edntomas o no. Al mieloma activo se le asigna","og_url":"https:\/\/cmeded.com\/es\/myeloma\/understanding-multiple-myeloma\/staging\/","og_site_name":"CMedEd","article_modified_time":"2025-05-04T23:46:43+00:00","twitter_card":"summary_large_image","twitter_misc":{"Tiempo de lectura":"3 minutos"},"schema":{"@context":"https:\/\/schema.org","@graph":[{"@type":"WebPage","@id":"https:\/\/cmeded.com\/es\/myeloma\/understanding-multiple-myeloma\/staging\/","url":"https:\/\/cmeded.com\/es\/myeloma\/understanding-multiple-myeloma\/staging\/","name":"CMedEd | Informaci\u00f3n para comprender el mieloma m\u00faltiple | Estadificaci\u00f3n","isPartOf":{"@id":"https:\/\/cmeded.com\/es\/#website"},"datePublished":"2014-03-19T16:51:00+00:00","dateModified":"2025-05-04T23:46:43+00:00","description":"Estadificaci\u00f3n El mieloma m\u00faltiple se clasifica como latente o activo dependiendo de si el paciente presenta s\u00edntomas o no. Al mieloma activo se le asigna","breadcrumb":{"@id":"https:\/\/cmeded.com\/es\/myeloma\/understanding-multiple-myeloma\/staging\/#breadcrumb"},"inLanguage":"es","potentialAction":[{"@type":"ReadAction","target":["https:\/\/cmeded.com\/es\/myeloma\/understanding-multiple-myeloma\/staging\/"]}]},{"@type":"BreadcrumbList","@id":"https:\/\/cmeded.com\/es\/myeloma\/understanding-multiple-myeloma\/staging\/#breadcrumb","itemListElement":[{"@type":"ListItem","position":1,"name":"Home","item":"https:\/\/cmeded.com\/es\/"},{"@type":"ListItem","position":2,"name":"Mieloma","item":"https:\/\/cmeded.com\/es\/myeloma\/"},{"@type":"ListItem","position":3,"name":"Informaci\u00f3n para comprender el mieloma m\u00faltiple","item":"https:\/\/cmeded.com\/es\/myeloma\/understanding-multiple-myeloma\/"},{"@type":"ListItem","position":4,"name":"Estadificaci\u00f3n"}]},{"@type":"WebSite","@id":"https:\/\/cmeded.com\/es\/#website","url":"https:\/\/cmeded.com\/es\/","name":"CMedEd","description":"Recurso principal de informaci\u00f3n sobre el c\u00e1ncer","potentialAction":[{"@type":"SearchAction","target":{"@type":"EntryPoint","urlTemplate":"https:\/\/cmeded.com\/es\/?s={search_term_string}"},"query-input":{"@type":"PropertyValueSpecification","valueRequired":true,"valueName":"search_term_string"}}],"inLanguage":"es"}]}},"_links":{"self":[{"href":"https:\/\/cmeded.com\/es\/wp-json\/wp\/v2\/pages\/16212","targetHints":{"allow":["GET"]}}],"collection":[{"href":"https:\/\/cmeded.com\/es\/wp-json\/wp\/v2\/pages"}],"about":[{"href":"https:\/\/cmeded.com\/es\/wp-json\/wp\/v2\/types\/page"}],"author":[{"embeddable":true,"href":"https:\/\/cmeded.com\/es\/wp-json\/wp\/v2\/users\/5"}],"replies":[{"embeddable":true,"href":"https:\/\/cmeded.com\/es\/wp-json\/wp\/v2\/comments?post=16212"}],"version-history":[{"count":0,"href":"https:\/\/cmeded.com\/es\/wp-json\/wp\/v2\/pages\/16212\/revisions"}],"up":[{"embeddable":true,"href":"https:\/\/cmeded.com\/es\/wp-json\/wp\/v2\/pages\/16206"}],"wp:attachment":[{"href":"https:\/\/cmeded.com\/es\/wp-json\/wp\/v2\/media?parent=16212"}],"wp:term":[{"taxonomy":"post_tag","embeddable":true,"href":"https:\/\/cmeded.com\/es\/wp-json\/wp\/v2\/tags?post=16212"}],"curies":[{"name":"wp","href":"https:\/\/api.w.org\/{rel}","templated":true}]}}